{"id":9945,"date":"2021-02-13T11:56:58","date_gmt":"2021-02-13T10:56:58","guid":{"rendered":"https:\/\/www.petroni.hr\/?post_type=product&#038;p=9945"},"modified":"2026-01-15T07:27:42","modified_gmt":"2026-01-15T06:27:42","slug":"ljepilo-wurth-power-plus-400ml","status":"publish","type":"product","link":"https:\/\/www.petroni.hr\/en\/proizvod\/ljepilo-wurth-power-plus-400ml\/","title":{"rendered":"Ljepilo u spreju W\u00fcrth Power Plus 400ml"},"content":{"rendered":"<p>Kontaktno ljepilo visoke trenutne \u010dvrsto\u0107e ljepila<br \/>\nOtpornost na temperaturu do 110 \u00b0 C<br \/>\nBrzo se su\u0161i<br \/>\nDvosmjerna podesiva glava raspr\u0161iva\u010da<br \/>\nVelika fleksibilnost kroz optimalne mogu\u0107nosti primjene<br \/>\nProzirno stvrdnjavanje: ljepilo neutralno u boji<br \/>\nUV otpornost<br \/>\n400 ml<\/p>\n<p>Power Spray Adhesive Plus prikladan je za lijepljenje razli\u010ditih materijala poput metala (sirovi, fosfatirani, pe\u010deni, premazani i obojani, kao i eloksirani), drvenih i poliesterskih materijala, ko\u017ee, umjetne ko\u017ee, tkanine, vinila, gume, pjenaste gume, pjene od polietera i poliestera.<\/p>\n<p>Druga mogu\u0107a primjena je spajanje PE folija (npr. Folije za prskanje vodom unutar vrata automobila), kao i pokrivanje i monta\u017eni radovi.<\/p>\n<p>Napomena proizvo\u0111a\u010da: Nije prikladno za lijepljenje mekog PVC-a, PVC folija i stiropora. Nakon upotrebe, okrenite limenku naopako i raspr\u0161ite ventil u prazno.<\/p>\n<p>Potrebna preliminarna ispitivanja.<\/p>\n<p>Upute: Temeljito o\u010distite povr\u0161ine koje se lijepe, a zatim po\u0161pricajte. Obilno prskajte na upijaju\u0107e podloge. Udaljenost prskanja treba biti oko 15 do 20 cm. Prije nego \u0161to se povr\u0161ine koje se lijepe spoje, ljepilo treba pustiti da se prozra\u010di 5 do 15 minuta.<\/p>\n<p>Vrijeme kontaktnog lijepljenja je pribli\u017eno 45 minuta. Sinteti\u010dka guma na bazi neoprena NBR. Bezbojna. Sadr\u017eaj: 400 ml. Te\u017eina sadr\u017eaja: 288 g. Rok trajanja od proizvodnje: 12 mjeseci.<\/p>\n<p>&nbsp;<\/p>\n","protected":false},"excerpt":{"rendered":"<p>Kontaktno ljepilo visoke trenutne \u010dvrsto\u0107e ljepila Otpornost na temperaturu do 110 \u00b0 C Brzo se su\u0161i Dvosmjerna podesiva glava raspr\u0161iva\u010da Velika fleksibilnost kroz optimalne mogu\u0107nosti primjene Prozirno stvrdnjavanje: ljepilo neutralno u boji UV otpornost 400 ml Power Spray Adhesive Plus prikladan je za lijepljenje razli\u010ditih materijala poput metala (sirovi, fosfatirani, pe\u010deni, premazani i obojani, kao [&hellip;]<\/p>\n","protected":false},"featured_media":9946,"comment_status":"open","ping_status":"closed","template":"","meta":{"_acf_changed":false,"_themeisle_gutenberg_block_has_review":false},"product_brand":[],"product_cat":[220],"product_tag":[],"class_list":{"0":"post-9945","1":"product","2":"type-product","3":"status-publish","4":"has-post-thumbnail","6":"product_cat-chemicals-and-liquids","8":"first","9":"instock","10":"shipping-taxable","11":"purchasable","12":"product-type-simple"},"acf":[],"yoast_head":"<!-- This site is optimized with the Yoast SEO plugin v27.4 - https:\/\/yoast.com\/product\/yoast-seo-wordpress\/ -->\n<title>Ljepilo u spreju W\u00fcrth Power Plus 400ml | Petroni - rent | sale | service | conversions<\/title>\n<meta name=\"robots\" content=\"index, follow, max-snippet:-1, max-image-preview:large, max-video-preview:-1\" \/>\n<link rel=\"canonical\" href=\"https:\/\/www.petroni.hr\/en\/proizvod\/ljepilo-wurth-power-plus-400ml\/\" \/>\n<meta property=\"og:locale\" content=\"en_US\" \/>\n<meta property=\"og:type\" content=\"article\" \/>\n<meta property=\"og:title\" content=\"Ljepilo u spreju W\u00fcrth Power Plus 400ml | Petroni - rent | sale | service | conversions\" \/>\n<meta property=\"og:description\" content=\"Kontaktno ljepilo visoke trenutne \u010dvrsto\u0107e ljepila Otpornost na temperaturu do 110 \u00b0 C Brzo se su\u0161i Dvosmjerna podesiva glava raspr\u0161iva\u010da Velika fleksibilnost kroz optimalne mogu\u0107nosti primjene Prozirno stvrdnjavanje: ljepilo neutralno u boji UV otpornost 400 ml Power Spray Adhesive Plus prikladan je za lijepljenje razli\u010ditih materijala poput metala (sirovi, fosfatirani, pe\u010deni, premazani i obojani, kao [&hellip;]\" \/>\n<meta property=\"og:url\" content=\"https:\/\/www.petroni.hr\/en\/proizvod\/ljepilo-wurth-power-plus-400ml\/\" \/>\n<meta property=\"og:site_name\" content=\"Petroni - rent | sale | service | conversions\" \/>\n<meta property=\"article:publisher\" content=\"https:\/\/www.facebook.com\/Kamperi.Petroni.Sesvete\/?locale=hr_HR\" \/>\n<meta property=\"article:modified_time\" content=\"2026-01-15T06:27:42+00:00\" \/>\n<meta property=\"og:image\" content=\"https:\/\/www.petroni.hr\/wp-content\/uploads\/2021\/02\/500130-wurth-ljepilo-1.jpg\" \/>\n\t<meta property=\"og:image:width\" content=\"244\" \/>\n\t<meta property=\"og:image:height\" content=\"600\" \/>\n\t<meta property=\"og:image:type\" content=\"image\/jpeg\" \/>\n<meta name=\"twitter:card\" content=\"summary_large_image\" \/>\n<meta name=\"twitter:label1\" content=\"Est. reading time\" \/>\n\t<meta name=\"twitter:data1\" content=\"1 minute\" \/>\n<script type=\"application\/ld+json\" class=\"yoast-schema-graph\">{\"@context\":\"https:\\\/\\\/schema.org\",\"@graph\":[{\"@type\":\"WebPage\",\"@id\":\"https:\\\/\\\/www.petroni.hr\\\/en\\\/proizvod\\\/ljepilo-wurth-power-plus-400ml\\\/\",\"url\":\"https:\\\/\\\/www.petroni.hr\\\/en\\\/proizvod\\\/ljepilo-wurth-power-plus-400ml\\\/\",\"name\":\"Ljepilo u spreju W\u00fcrth Power Plus 400ml | Petroni - rent | sale | service | conversions\",\"isPartOf\":{\"@id\":\"https:\\\/\\\/www.petroni.hr\\\/en\\\/#website\"},\"primaryImageOfPage\":{\"@id\":\"https:\\\/\\\/www.petroni.hr\\\/en\\\/proizvod\\\/ljepilo-wurth-power-plus-400ml\\\/#primaryimage\"},\"image\":{\"@id\":\"https:\\\/\\\/www.petroni.hr\\\/en\\\/proizvod\\\/ljepilo-wurth-power-plus-400ml\\\/#primaryimage\"},\"thumbnailUrl\":\"https:\\\/\\\/www.petroni.hr\\\/wp-content\\\/uploads\\\/2021\\\/02\\\/500130-wurth-ljepilo-1.jpg\",\"datePublished\":\"2021-02-13T10:56:58+00:00\",\"dateModified\":\"2026-01-15T06:27:42+00:00\",\"breadcrumb\":{\"@id\":\"https:\\\/\\\/www.petroni.hr\\\/en\\\/proizvod\\\/ljepilo-wurth-power-plus-400ml\\\/#breadcrumb\"},\"inLanguage\":\"en-US\",\"potentialAction\":[{\"@type\":\"ReadAction\",\"target\":[\"https:\\\/\\\/www.petroni.hr\\\/en\\\/proizvod\\\/ljepilo-wurth-power-plus-400ml\\\/\"]}]},{\"@type\":\"ImageObject\",\"inLanguage\":\"en-US\",\"@id\":\"https:\\\/\\\/www.petroni.hr\\\/en\\\/proizvod\\\/ljepilo-wurth-power-plus-400ml\\\/#primaryimage\",\"url\":\"https:\\\/\\\/www.petroni.hr\\\/wp-content\\\/uploads\\\/2021\\\/02\\\/500130-wurth-ljepilo-1.jpg\",\"contentUrl\":\"https:\\\/\\\/www.petroni.hr\\\/wp-content\\\/uploads\\\/2021\\\/02\\\/500130-wurth-ljepilo-1.jpg\",\"width\":244,\"height\":600},{\"@type\":\"BreadcrumbList\",\"@id\":\"https:\\\/\\\/www.petroni.hr\\\/en\\\/proizvod\\\/ljepilo-wurth-power-plus-400ml\\\/#breadcrumb\",\"itemListElement\":[{\"@type\":\"ListItem\",\"position\":1,\"name\":\"Po\u010detna stranica\",\"item\":\"https:\\\/\\\/www.petroni.hr\\\/en\\\/\"},{\"@type\":\"ListItem\",\"position\":2,\"name\":\"Shop\",\"item\":\"https:\\\/\\\/www.petroni.hr\\\/en\\\/shop\\\/\"},{\"@type\":\"ListItem\",\"position\":3,\"name\":\"Ljepilo u spreju W\u00fcrth Power Plus 400ml\"}]},{\"@type\":\"WebSite\",\"@id\":\"https:\\\/\\\/www.petroni.hr\\\/en\\\/#website\",\"url\":\"https:\\\/\\\/www.petroni.hr\\\/en\\\/\",\"name\":\"Petroni.hr\",\"description\":\"Experience the unprecedented freedom of travel\",\"publisher\":{\"@id\":\"https:\\\/\\\/www.petroni.hr\\\/en\\\/#organization\"},\"alternateName\":\"Petroni\",\"potentialAction\":[{\"@type\":\"SearchAction\",\"target\":{\"@type\":\"EntryPoint\",\"urlTemplate\":\"https:\\\/\\\/www.petroni.hr\\\/en\\\/?s={search_term_string}\"},\"query-input\":{\"@type\":\"PropertyValueSpecification\",\"valueRequired\":true,\"valueName\":\"search_term_string\"}}],\"inLanguage\":\"en-US\"},{\"@type\":\"Organization\",\"@id\":\"https:\\\/\\\/www.petroni.hr\\\/en\\\/#organization\",\"name\":\"Petroni d.o.o.\",\"alternateName\":\"Petroni\",\"url\":\"https:\\\/\\\/www.petroni.hr\\\/en\\\/\",\"logo\":{\"@type\":\"ImageObject\",\"inLanguage\":\"en-US\",\"@id\":\"https:\\\/\\\/www.petroni.hr\\\/en\\\/#\\\/schema\\\/logo\\\/image\\\/\",\"url\":\"https:\\\/\\\/www.petroni.hr\\\/wp-content\\\/uploads\\\/2024\\\/03\\\/cropped-Group-3.jpg\",\"contentUrl\":\"https:\\\/\\\/www.petroni.hr\\\/wp-content\\\/uploads\\\/2024\\\/03\\\/cropped-Group-3.jpg\",\"width\":512,\"height\":512,\"caption\":\"Petroni d.o.o.\"},\"image\":{\"@id\":\"https:\\\/\\\/www.petroni.hr\\\/en\\\/#\\\/schema\\\/logo\\\/image\\\/\"},\"sameAs\":[\"https:\\\/\\\/www.facebook.com\\\/Kamperi.Petroni.Sesvete\\\/?locale=hr_HR\"]}]}<\/script>\n<!-- \/ Yoast SEO plugin. -->","yoast_head_json":{"title":"Ljepilo u spreju W\u00fcrth Power Plus 400ml | Petroni - rent | sale | service | conversions","robots":{"index":"index","follow":"follow","max-snippet":"max-snippet:-1","max-image-preview":"max-image-preview:large","max-video-preview":"max-video-preview:-1"},"canonical":"https:\/\/www.petroni.hr\/en\/proizvod\/ljepilo-wurth-power-plus-400ml\/","og_locale":"en_US","og_type":"article","og_title":"Ljepilo u spreju W\u00fcrth Power Plus 400ml | Petroni - rent | sale | service | conversions","og_description":"Kontaktno ljepilo visoke trenutne \u010dvrsto\u0107e ljepila Otpornost na temperaturu do 110 \u00b0 C Brzo se su\u0161i Dvosmjerna podesiva glava raspr\u0161iva\u010da Velika fleksibilnost kroz optimalne mogu\u0107nosti primjene Prozirno stvrdnjavanje: ljepilo neutralno u boji UV otpornost 400 ml Power Spray Adhesive Plus prikladan je za lijepljenje razli\u010ditih materijala poput metala (sirovi, fosfatirani, pe\u010deni, premazani i obojani, kao [&hellip;]","og_url":"https:\/\/www.petroni.hr\/en\/proizvod\/ljepilo-wurth-power-plus-400ml\/","og_site_name":"Petroni - rent | sale | service | conversions","article_publisher":"https:\/\/www.facebook.com\/Kamperi.Petroni.Sesvete\/?locale=hr_HR","article_modified_time":"2026-01-15T06:27:42+00:00","og_image":[{"width":244,"height":600,"url":"https:\/\/www.petroni.hr\/wp-content\/uploads\/2021\/02\/500130-wurth-ljepilo-1.jpg","type":"image\/jpeg"}],"twitter_card":"summary_large_image","twitter_misc":{"Est. reading time":"1 minute"},"schema":{"@context":"https:\/\/schema.org","@graph":[{"@type":"WebPage","@id":"https:\/\/www.petroni.hr\/en\/proizvod\/ljepilo-wurth-power-plus-400ml\/","url":"https:\/\/www.petroni.hr\/en\/proizvod\/ljepilo-wurth-power-plus-400ml\/","name":"Ljepilo u spreju W\u00fcrth Power Plus 400ml | Petroni - rent | sale | service | conversions","isPartOf":{"@id":"https:\/\/www.petroni.hr\/en\/#website"},"primaryImageOfPage":{"@id":"https:\/\/www.petroni.hr\/en\/proizvod\/ljepilo-wurth-power-plus-400ml\/#primaryimage"},"image":{"@id":"https:\/\/www.petroni.hr\/en\/proizvod\/ljepilo-wurth-power-plus-400ml\/#primaryimage"},"thumbnailUrl":"https:\/\/www.petroni.hr\/wp-content\/uploads\/2021\/02\/500130-wurth-ljepilo-1.jpg","datePublished":"2021-02-13T10:56:58+00:00","dateModified":"2026-01-15T06:27:42+00:00","breadcrumb":{"@id":"https:\/\/www.petroni.hr\/en\/proizvod\/ljepilo-wurth-power-plus-400ml\/#breadcrumb"},"inLanguage":"en-US","potentialAction":[{"@type":"ReadAction","target":["https:\/\/www.petroni.hr\/en\/proizvod\/ljepilo-wurth-power-plus-400ml\/"]}]},{"@type":"ImageObject","inLanguage":"en-US","@id":"https:\/\/www.petroni.hr\/en\/proizvod\/ljepilo-wurth-power-plus-400ml\/#primaryimage","url":"https:\/\/www.petroni.hr\/wp-content\/uploads\/2021\/02\/500130-wurth-ljepilo-1.jpg","contentUrl":"https:\/\/www.petroni.hr\/wp-content\/uploads\/2021\/02\/500130-wurth-ljepilo-1.jpg","width":244,"height":600},{"@type":"BreadcrumbList","@id":"https:\/\/www.petroni.hr\/en\/proizvod\/ljepilo-wurth-power-plus-400ml\/#breadcrumb","itemListElement":[{"@type":"ListItem","position":1,"name":"Po\u010detna stranica","item":"https:\/\/www.petroni.hr\/en\/"},{"@type":"ListItem","position":2,"name":"Shop","item":"https:\/\/www.petroni.hr\/en\/shop\/"},{"@type":"ListItem","position":3,"name":"Ljepilo u spreju W\u00fcrth Power Plus 400ml"}]},{"@type":"WebSite","@id":"https:\/\/www.petroni.hr\/en\/#website","url":"https:\/\/www.petroni.hr\/en\/","name":"Petroni.hr","description":"Experience the unprecedented freedom of travel","publisher":{"@id":"https:\/\/www.petroni.hr\/en\/#organization"},"alternateName":"Petroni","potentialAction":[{"@type":"SearchAction","target":{"@type":"EntryPoint","urlTemplate":"https:\/\/www.petroni.hr\/en\/?s={search_term_string}"},"query-input":{"@type":"PropertyValueSpecification","valueRequired":true,"valueName":"search_term_string"}}],"inLanguage":"en-US"},{"@type":"Organization","@id":"https:\/\/www.petroni.hr\/en\/#organization","name":"Petroni d.o.o.","alternateName":"Petroni","url":"https:\/\/www.petroni.hr\/en\/","logo":{"@type":"ImageObject","inLanguage":"en-US","@id":"https:\/\/www.petroni.hr\/en\/#\/schema\/logo\/image\/","url":"https:\/\/www.petroni.hr\/wp-content\/uploads\/2024\/03\/cropped-Group-3.jpg","contentUrl":"https:\/\/www.petroni.hr\/wp-content\/uploads\/2024\/03\/cropped-Group-3.jpg","width":512,"height":512,"caption":"Petroni d.o.o."},"image":{"@id":"https:\/\/www.petroni.hr\/en\/#\/schema\/logo\/image\/"},"sameAs":["https:\/\/www.facebook.com\/Kamperi.Petroni.Sesvete\/?locale=hr_HR"]}]}},"_links":{"self":[{"href":"https:\/\/www.petroni.hr\/en\/wp-json\/wp\/v2\/product\/9945","targetHints":{"allow":["GET"]}}],"collection":[{"href":"https:\/\/www.petroni.hr\/en\/wp-json\/wp\/v2\/product"}],"about":[{"href":"https:\/\/www.petroni.hr\/en\/wp-json\/wp\/v2\/types\/product"}],"replies":[{"embeddable":true,"href":"https:\/\/www.petroni.hr\/en\/wp-json\/wp\/v2\/comments?post=9945"}],"wp:featuredmedia":[{"embeddable":true,"href":"https:\/\/www.petroni.hr\/en\/wp-json\/wp\/v2\/media\/9946"}],"wp:attachment":[{"href":"https:\/\/www.petroni.hr\/en\/wp-json\/wp\/v2\/media?parent=9945"}],"wp:term":[{"taxonomy":"product_brand","embeddable":true,"href":"https:\/\/www.petroni.hr\/en\/wp-json\/wp\/v2\/product_brand?post=9945"},{"taxonomy":"product_cat","embeddable":true,"href":"https:\/\/www.petroni.hr\/en\/wp-json\/wp\/v2\/product_cat?post=9945"},{"taxonomy":"product_tag","embeddable":true,"href":"https:\/\/www.petroni.hr\/en\/wp-json\/wp\/v2\/product_tag?post=9945"}],"curies":[{"name":"wp","href":"https:\/\/api.w.org\/{rel}","templated":true}]}}