{"id":9461,"date":"2020-12-12T10:08:19","date_gmt":"2020-12-12T09:08:19","guid":{"rendered":"https:\/\/www.petroni.hr\/?post_type=product&#038;p=9461"},"modified":"2024-12-10T13:59:46","modified_gmt":"2024-12-10T12:59:46","slug":"klupa-za-sjedenje-spavanje-variotech-3000-za-vw-t5-t6","status":"publish","type":"product","link":"https:\/\/www.petroni.hr\/en\/proizvod\/klupa-za-sjedenje-spavanje-variotech-3000-za-vw-t5-t6\/","title":{"rendered":"Klupa za sjedenje\/spavanje VarioTech 3000 za VW T5\/T6"},"content":{"rendered":"<p>Klupa za sjedenje\/spavanje VW T5\/T6 Trio Style V3000 &#8211;\u00a0 veli\u010dina 8<\/p>\n<p>Klupa za spavanje za 2 osobe\/ sjedenje 3 osobe , koja se mo\u017ee pomicati i uklanjati<br \/>\nPromjenjive veli\u010dine \u017eivotnog prostora i prostora za prtljagu<br \/>\nMogu\u0107e je nekoliko polo\u017eaja za vo\u017enju, ovisno o instalaciji<br \/>\nSva su sjedala opremljena pojasevima u 3 to\u010dke i Isofix nosa\u010dima<br \/>\nSva 3 sjedala s integriranim uvla\u010denjem naslona za glavu<br \/>\nKrevet se mo\u017ee brzo i jednostavno preurediti bez pomicanja klupe<br \/>\nUdobnost sjedenja na velike udaljenosti zahvaljuju\u0107i ergonomskom jastuku<br \/>\nAtestirano za registraciju kampera N1 i automobila M1, ovisno o tipu<br \/>\nT\u00dcV testirani sigurnosni koncept prema ECE 14 i ECE 17<\/p>\n<p>Dimenzija proizvoda:<br \/>\nUkupna \u0161irina 1155 mm,\u00a0 povr\u0161ina za spavanje oko 205&#215;120 cm<\/p>\n<p>Opis :<br \/>\nKlupa za spavanje za 3 osobe VW T6 \/ 5 Trio Style V3000 veli\u010dina 8<\/p>\n<p>pomi\u010dna i uklonjiva, razmak podnih \u0161ina 651 mm.<\/p>\n<p>Spava\u0107a klupa s Isofix nosa\u010dem za 2 dje\u010dja sjedala.<br \/>\nS integriranim, uvla\u010divim naslonima za glavu, sigurnosnim pojasevima u 3 to\u010dke, preklopnim stra\u017enjim jastucima (visina prostora za odlaganje ispod stra\u017enjih jastuka 46 cm) i bo\u010dnom plo\u010dom.<\/p>\n<p>Uklanjanjem opcionalne prednje plo\u010de ili ladice ispod klupe, postoji mogu\u0107nost prolaznog utovara \u0161irine pribli\u017eno 600 mm, visine 280 mm i duljine 2400 mm . Savr\u0161eno za skije, snowboarde ili daske za surfanje.<\/p>\n<p>Prednju plo\u010du ili ladica za klupu su opcije i dodatno se naru\u010duju.<\/p>\n<p>Za monta\u017eu su vam potrebne klizne podne \u0161ine , set za u\u010dvr\u0161\u010divanje \u0161ina, adapter i podna plo\u010da. Raspolo\u017eivo je vi\u0161e modela , ovisno i o me\u0111uosovinskom razmaku . Okvirna cijena opreme za monta\u017eu klupe sa podnom plo\u010dom je 8.800,00-10.500,00kn<\/p>\n<p>&nbsp;<\/p>\n","protected":false},"excerpt":{"rendered":"<p>Klupa za sjedenje\/spavanje VW T5\/T6 Trio Style V3000 &#8211;\u00a0 veli\u010dina 8 Klupa za spavanje za 2 osobe\/ sjedenje 3 osobe , koja se mo\u017ee pomicati i uklanjati Promjenjive veli\u010dine \u017eivotnog prostora i prostora za prtljagu Mogu\u0107e je nekoliko polo\u017eaja za vo\u017enju, ovisno o instalaciji Sva su sjedala opremljena pojasevima u 3 to\u010dke i Isofix nosa\u010dima [&hellip;]<\/p>\n","protected":false},"featured_media":9462,"comment_status":"open","ping_status":"closed","template":"","meta":{"_acf_changed":false,"_themeisle_gutenberg_block_has_review":false},"product_brand":[],"product_cat":[216],"product_tag":[],"class_list":{"0":"post-9461","1":"product","2":"type-product","3":"status-publish","4":"has-post-thumbnail","6":"product_cat-motorhome-tehnology","7":"product_shipping_class-heavy-pacages","9":"first","10":"outofstock","11":"shipping-taxable","12":"purchasable","13":"product-type-simple"},"acf":[],"yoast_head":"<!-- This site is optimized with the Yoast SEO plugin v27.5 - https:\/\/yoast.com\/product\/yoast-seo-wordpress\/ -->\n<title>Klupa za sjedenje\/spavanje VarioTech 3000 za VW T5\/T6 | Petroni - rent | sale | service | conversions<\/title>\n<meta name=\"robots\" content=\"index, follow, max-snippet:-1, max-image-preview:large, max-video-preview:-1\" \/>\n<link rel=\"canonical\" href=\"https:\/\/www.petroni.hr\/en\/proizvod\/klupa-za-sjedenje-spavanje-variotech-3000-za-vw-t5-t6\/\" \/>\n<meta property=\"og:locale\" content=\"en_US\" \/>\n<meta property=\"og:type\" content=\"article\" \/>\n<meta property=\"og:title\" content=\"Klupa za sjedenje\/spavanje VarioTech 3000 za VW T5\/T6 | Petroni - rent | sale | service | conversions\" \/>\n<meta property=\"og:description\" content=\"Klupa za sjedenje\/spavanje VW T5\/T6 Trio Style V3000 &#8211;\u00a0 veli\u010dina 8 Klupa za spavanje za 2 osobe\/ sjedenje 3 osobe , koja se mo\u017ee pomicati i uklanjati Promjenjive veli\u010dine \u017eivotnog prostora i prostora za prtljagu Mogu\u0107e je nekoliko polo\u017eaja za vo\u017enju, ovisno o instalaciji Sva su sjedala opremljena pojasevima u 3 to\u010dke i Isofix nosa\u010dima [&hellip;]\" \/>\n<meta property=\"og:url\" content=\"https:\/\/www.petroni.hr\/en\/proizvod\/klupa-za-sjedenje-spavanje-variotech-3000-za-vw-t5-t6\/\" \/>\n<meta property=\"og:site_name\" content=\"Petroni - rent | sale | service | conversions\" \/>\n<meta property=\"article:publisher\" content=\"https:\/\/www.facebook.com\/Kamperi.Petroni.Sesvete\/?locale=hr_HR\" \/>\n<meta property=\"article:modified_time\" content=\"2024-12-10T12:59:46+00:00\" \/>\n<meta property=\"og:image\" content=\"https:\/\/www.petroni.hr\/wp-content\/uploads\/2020\/12\/5040426_popup.jpg\" \/>\n\t<meta property=\"og:image:width\" content=\"731\" \/>\n\t<meta property=\"og:image:height\" content=\"600\" \/>\n\t<meta property=\"og:image:type\" content=\"image\/jpeg\" \/>\n<meta name=\"twitter:card\" content=\"summary_large_image\" \/>\n<meta name=\"twitter:label1\" content=\"Est. reading time\" \/>\n\t<meta name=\"twitter:data1\" content=\"1 minute\" \/>\n<script type=\"application\/ld+json\" class=\"yoast-schema-graph\">{\"@context\":\"https:\\\/\\\/schema.org\",\"@graph\":[{\"@type\":\"WebPage\",\"@id\":\"https:\\\/\\\/www.petroni.hr\\\/en\\\/proizvod\\\/klupa-za-sjedenje-spavanje-variotech-3000-za-vw-t5-t6\\\/\",\"url\":\"https:\\\/\\\/www.petroni.hr\\\/en\\\/proizvod\\\/klupa-za-sjedenje-spavanje-variotech-3000-za-vw-t5-t6\\\/\",\"name\":\"Klupa za sjedenje\\\/spavanje VarioTech 3000 za VW T5\\\/T6 | Petroni - rent | sale | service | conversions\",\"isPartOf\":{\"@id\":\"https:\\\/\\\/www.petroni.hr\\\/en\\\/#website\"},\"primaryImageOfPage\":{\"@id\":\"https:\\\/\\\/www.petroni.hr\\\/en\\\/proizvod\\\/klupa-za-sjedenje-spavanje-variotech-3000-za-vw-t5-t6\\\/#primaryimage\"},\"image\":{\"@id\":\"https:\\\/\\\/www.petroni.hr\\\/en\\\/proizvod\\\/klupa-za-sjedenje-spavanje-variotech-3000-za-vw-t5-t6\\\/#primaryimage\"},\"thumbnailUrl\":\"https:\\\/\\\/www.petroni.hr\\\/wp-content\\\/uploads\\\/2020\\\/12\\\/5040426_popup.jpg\",\"datePublished\":\"2020-12-12T09:08:19+00:00\",\"dateModified\":\"2024-12-10T12:59:46+00:00\",\"breadcrumb\":{\"@id\":\"https:\\\/\\\/www.petroni.hr\\\/en\\\/proizvod\\\/klupa-za-sjedenje-spavanje-variotech-3000-za-vw-t5-t6\\\/#breadcrumb\"},\"inLanguage\":\"en-US\",\"potentialAction\":[{\"@type\":\"ReadAction\",\"target\":[\"https:\\\/\\\/www.petroni.hr\\\/en\\\/proizvod\\\/klupa-za-sjedenje-spavanje-variotech-3000-za-vw-t5-t6\\\/\"]}]},{\"@type\":\"ImageObject\",\"inLanguage\":\"en-US\",\"@id\":\"https:\\\/\\\/www.petroni.hr\\\/en\\\/proizvod\\\/klupa-za-sjedenje-spavanje-variotech-3000-za-vw-t5-t6\\\/#primaryimage\",\"url\":\"https:\\\/\\\/www.petroni.hr\\\/wp-content\\\/uploads\\\/2020\\\/12\\\/5040426_popup.jpg\",\"contentUrl\":\"https:\\\/\\\/www.petroni.hr\\\/wp-content\\\/uploads\\\/2020\\\/12\\\/5040426_popup.jpg\",\"width\":731,\"height\":600},{\"@type\":\"BreadcrumbList\",\"@id\":\"https:\\\/\\\/www.petroni.hr\\\/en\\\/proizvod\\\/klupa-za-sjedenje-spavanje-variotech-3000-za-vw-t5-t6\\\/#breadcrumb\",\"itemListElement\":[{\"@type\":\"ListItem\",\"position\":1,\"name\":\"Po\u010detna stranica\",\"item\":\"https:\\\/\\\/www.petroni.hr\\\/en\\\/\"},{\"@type\":\"ListItem\",\"position\":2,\"name\":\"Shop\",\"item\":\"https:\\\/\\\/www.petroni.hr\\\/en\\\/shop\\\/\"},{\"@type\":\"ListItem\",\"position\":3,\"name\":\"Klupa za sjedenje\\\/spavanje VarioTech 3000 za VW T5\\\/T6\"}]},{\"@type\":\"WebSite\",\"@id\":\"https:\\\/\\\/www.petroni.hr\\\/en\\\/#website\",\"url\":\"https:\\\/\\\/www.petroni.hr\\\/en\\\/\",\"name\":\"Petroni.hr\",\"description\":\"Experience the unprecedented freedom of travel\",\"publisher\":{\"@id\":\"https:\\\/\\\/www.petroni.hr\\\/en\\\/#organization\"},\"alternateName\":\"Petroni\",\"potentialAction\":[{\"@type\":\"SearchAction\",\"target\":{\"@type\":\"EntryPoint\",\"urlTemplate\":\"https:\\\/\\\/www.petroni.hr\\\/en\\\/?s={search_term_string}\"},\"query-input\":{\"@type\":\"PropertyValueSpecification\",\"valueRequired\":true,\"valueName\":\"search_term_string\"}}],\"inLanguage\":\"en-US\"},{\"@type\":\"Organization\",\"@id\":\"https:\\\/\\\/www.petroni.hr\\\/en\\\/#organization\",\"name\":\"Petroni d.o.o.\",\"alternateName\":\"Petroni\",\"url\":\"https:\\\/\\\/www.petroni.hr\\\/en\\\/\",\"logo\":{\"@type\":\"ImageObject\",\"inLanguage\":\"en-US\",\"@id\":\"https:\\\/\\\/www.petroni.hr\\\/en\\\/#\\\/schema\\\/logo\\\/image\\\/\",\"url\":\"https:\\\/\\\/www.petroni.hr\\\/wp-content\\\/uploads\\\/2024\\\/03\\\/cropped-Group-3.jpg\",\"contentUrl\":\"https:\\\/\\\/www.petroni.hr\\\/wp-content\\\/uploads\\\/2024\\\/03\\\/cropped-Group-3.jpg\",\"width\":512,\"height\":512,\"caption\":\"Petroni d.o.o.\"},\"image\":{\"@id\":\"https:\\\/\\\/www.petroni.hr\\\/en\\\/#\\\/schema\\\/logo\\\/image\\\/\"},\"sameAs\":[\"https:\\\/\\\/www.facebook.com\\\/Kamperi.Petroni.Sesvete\\\/?locale=hr_HR\"]}]}<\/script>\n<!-- \/ Yoast SEO plugin. -->","yoast_head_json":{"title":"Klupa za sjedenje\/spavanje VarioTech 3000 za VW T5\/T6 | Petroni - rent | sale | service | conversions","robots":{"index":"index","follow":"follow","max-snippet":"max-snippet:-1","max-image-preview":"max-image-preview:large","max-video-preview":"max-video-preview:-1"},"canonical":"https:\/\/www.petroni.hr\/en\/proizvod\/klupa-za-sjedenje-spavanje-variotech-3000-za-vw-t5-t6\/","og_locale":"en_US","og_type":"article","og_title":"Klupa za sjedenje\/spavanje VarioTech 3000 za VW T5\/T6 | Petroni - rent | sale | service | conversions","og_description":"Klupa za sjedenje\/spavanje VW T5\/T6 Trio Style V3000 &#8211;\u00a0 veli\u010dina 8 Klupa za spavanje za 2 osobe\/ sjedenje 3 osobe , koja se mo\u017ee pomicati i uklanjati Promjenjive veli\u010dine \u017eivotnog prostora i prostora za prtljagu Mogu\u0107e je nekoliko polo\u017eaja za vo\u017enju, ovisno o instalaciji Sva su sjedala opremljena pojasevima u 3 to\u010dke i Isofix nosa\u010dima [&hellip;]","og_url":"https:\/\/www.petroni.hr\/en\/proizvod\/klupa-za-sjedenje-spavanje-variotech-3000-za-vw-t5-t6\/","og_site_name":"Petroni - rent | sale | service | conversions","article_publisher":"https:\/\/www.facebook.com\/Kamperi.Petroni.Sesvete\/?locale=hr_HR","article_modified_time":"2024-12-10T12:59:46+00:00","og_image":[{"width":731,"height":600,"url":"https:\/\/www.petroni.hr\/wp-content\/uploads\/2020\/12\/5040426_popup.jpg","type":"image\/jpeg"}],"twitter_card":"summary_large_image","twitter_misc":{"Est. reading time":"1 minute"},"schema":{"@context":"https:\/\/schema.org","@graph":[{"@type":"WebPage","@id":"https:\/\/www.petroni.hr\/en\/proizvod\/klupa-za-sjedenje-spavanje-variotech-3000-za-vw-t5-t6\/","url":"https:\/\/www.petroni.hr\/en\/proizvod\/klupa-za-sjedenje-spavanje-variotech-3000-za-vw-t5-t6\/","name":"Klupa za sjedenje\/spavanje VarioTech 3000 za VW T5\/T6 | Petroni - rent | sale | service | conversions","isPartOf":{"@id":"https:\/\/www.petroni.hr\/en\/#website"},"primaryImageOfPage":{"@id":"https:\/\/www.petroni.hr\/en\/proizvod\/klupa-za-sjedenje-spavanje-variotech-3000-za-vw-t5-t6\/#primaryimage"},"image":{"@id":"https:\/\/www.petroni.hr\/en\/proizvod\/klupa-za-sjedenje-spavanje-variotech-3000-za-vw-t5-t6\/#primaryimage"},"thumbnailUrl":"https:\/\/www.petroni.hr\/wp-content\/uploads\/2020\/12\/5040426_popup.jpg","datePublished":"2020-12-12T09:08:19+00:00","dateModified":"2024-12-10T12:59:46+00:00","breadcrumb":{"@id":"https:\/\/www.petroni.hr\/en\/proizvod\/klupa-za-sjedenje-spavanje-variotech-3000-za-vw-t5-t6\/#breadcrumb"},"inLanguage":"en-US","potentialAction":[{"@type":"ReadAction","target":["https:\/\/www.petroni.hr\/en\/proizvod\/klupa-za-sjedenje-spavanje-variotech-3000-za-vw-t5-t6\/"]}]},{"@type":"ImageObject","inLanguage":"en-US","@id":"https:\/\/www.petroni.hr\/en\/proizvod\/klupa-za-sjedenje-spavanje-variotech-3000-za-vw-t5-t6\/#primaryimage","url":"https:\/\/www.petroni.hr\/wp-content\/uploads\/2020\/12\/5040426_popup.jpg","contentUrl":"https:\/\/www.petroni.hr\/wp-content\/uploads\/2020\/12\/5040426_popup.jpg","width":731,"height":600},{"@type":"BreadcrumbList","@id":"https:\/\/www.petroni.hr\/en\/proizvod\/klupa-za-sjedenje-spavanje-variotech-3000-za-vw-t5-t6\/#breadcrumb","itemListElement":[{"@type":"ListItem","position":1,"name":"Po\u010detna stranica","item":"https:\/\/www.petroni.hr\/en\/"},{"@type":"ListItem","position":2,"name":"Shop","item":"https:\/\/www.petroni.hr\/en\/shop\/"},{"@type":"ListItem","position":3,"name":"Klupa za sjedenje\/spavanje VarioTech 3000 za VW T5\/T6"}]},{"@type":"WebSite","@id":"https:\/\/www.petroni.hr\/en\/#website","url":"https:\/\/www.petroni.hr\/en\/","name":"Petroni.hr","description":"Experience the unprecedented freedom of travel","publisher":{"@id":"https:\/\/www.petroni.hr\/en\/#organization"},"alternateName":"Petroni","potentialAction":[{"@type":"SearchAction","target":{"@type":"EntryPoint","urlTemplate":"https:\/\/www.petroni.hr\/en\/?s={search_term_string}"},"query-input":{"@type":"PropertyValueSpecification","valueRequired":true,"valueName":"search_term_string"}}],"inLanguage":"en-US"},{"@type":"Organization","@id":"https:\/\/www.petroni.hr\/en\/#organization","name":"Petroni d.o.o.","alternateName":"Petroni","url":"https:\/\/www.petroni.hr\/en\/","logo":{"@type":"ImageObject","inLanguage":"en-US","@id":"https:\/\/www.petroni.hr\/en\/#\/schema\/logo\/image\/","url":"https:\/\/www.petroni.hr\/wp-content\/uploads\/2024\/03\/cropped-Group-3.jpg","contentUrl":"https:\/\/www.petroni.hr\/wp-content\/uploads\/2024\/03\/cropped-Group-3.jpg","width":512,"height":512,"caption":"Petroni d.o.o."},"image":{"@id":"https:\/\/www.petroni.hr\/en\/#\/schema\/logo\/image\/"},"sameAs":["https:\/\/www.facebook.com\/Kamperi.Petroni.Sesvete\/?locale=hr_HR"]}]}},"_links":{"self":[{"href":"https:\/\/www.petroni.hr\/en\/wp-json\/wp\/v2\/product\/9461","targetHints":{"allow":["GET"]}}],"collection":[{"href":"https:\/\/www.petroni.hr\/en\/wp-json\/wp\/v2\/product"}],"about":[{"href":"https:\/\/www.petroni.hr\/en\/wp-json\/wp\/v2\/types\/product"}],"replies":[{"embeddable":true,"href":"https:\/\/www.petroni.hr\/en\/wp-json\/wp\/v2\/comments?post=9461"}],"wp:featuredmedia":[{"embeddable":true,"href":"https:\/\/www.petroni.hr\/en\/wp-json\/wp\/v2\/media\/9462"}],"wp:attachment":[{"href":"https:\/\/www.petroni.hr\/en\/wp-json\/wp\/v2\/media?parent=9461"}],"wp:term":[{"taxonomy":"product_brand","embeddable":true,"href":"https:\/\/www.petroni.hr\/en\/wp-json\/wp\/v2\/product_brand?post=9461"},{"taxonomy":"product_cat","embeddable":true,"href":"https:\/\/www.petroni.hr\/en\/wp-json\/wp\/v2\/product_cat?post=9461"},{"taxonomy":"product_tag","embeddable":true,"href":"https:\/\/www.petroni.hr\/en\/wp-json\/wp\/v2\/product_tag?post=9461"}],"curies":[{"name":"wp","href":"https:\/\/api.w.org\/{rel}","templated":true}]}}