{"id":9428,"date":"2020-12-11T11:34:47","date_gmt":"2020-12-11T10:34:47","guid":{"rendered":"https:\/\/www.petroni.hr\/?post_type=product&#038;p=9428"},"modified":"2026-01-31T17:10:36","modified_gmt":"2026-01-31T16:10:36","slug":"antena-teleco-wing11-dvb-t2-omnid-360-12-24v","status":"publish","type":"product","link":"https:\/\/www.petroni.hr\/en\/proizvod\/antena-teleco-wing11-dvb-t2-omnid-360-12-24v\/","title":{"rendered":"Antena Teleco Wing11 DVB-T2 Omnid.360\u00b0 12\/24v"},"content":{"rendered":"<p>Antena za kamp vozila i brodove DVB-T\u00a0 za TV i radio prijem<br \/>\nUltra aerodinami\u010dan oblik<br \/>\nMo\u017ee se nagnuti u bilo kojem smjeru zahvaljuju\u0107i posebnoj nozi<br \/>\nS LTE \/ 4G filtrom protiv smetnji<br \/>\n2 priklju\u010dka za TV \/ prijamnik<\/p>\n<p>DVBT antena Teleco Wing 11<br \/>\nSveobuhvatna DVB-T antena od 360 \u00b0 mo\u017ee primati zemaljske digitalne signale.<br \/>\nPrijem je mogu\u0107 u standardnoj i HDTV kvaliteti.<br \/>\nWing 11 dolazi s 2 priklju\u010dka za TV ili prijemnik.<br \/>\nUltra-aerodinami\u010dni oblik odr\u017eava otpor vjetra \u0161to je mogu\u0107e ni\u017eim.<br \/>\nPosebna baza omogu\u0107uje nagib antene u bilo kojem smjeru.<br \/>\nTo tako\u0111er osigurava monta\u017eu na aerodinami\u010dnim krovovima vozila najnovije generacije kamp vozila.<br \/>\nPoja\u010danje poja\u010dala CH 2-4 3 dB \/ CH 5-12 16 dB \/ CH 21-69 26 dB.<br \/>\nOpskrba 12\/24 V &#8211; 230 V.<br \/>\nPromjer 38,5 cm.<br \/>\nVisina 19,0 cm.<br \/>\nTe\u017eina 1,2 kg.<\/p>\n<p>Sadr\u017eaj &#8211; DVBT antena Wing 11 s 5 m koaksijalnim kabelom i 3 F konektora, 1 poja\u010dalom (podesivim) i 2 izlaza za 2 TV prijemnika, prikladna za 12, 24 ili 230 V.<\/p>\n<p>&nbsp;<\/p>\n","protected":false},"excerpt":{"rendered":"<p>Antena za kamp vozila i brodove DVB-T\u00a0 za TV i radio prijem Ultra aerodinami\u010dan oblik Mo\u017ee se nagnuti u bilo kojem smjeru zahvaljuju\u0107i posebnoj nozi S LTE \/ 4G filtrom protiv smetnji 2 priklju\u010dka za TV \/ prijamnik DVBT antena Teleco Wing 11 Sveobuhvatna DVB-T antena od 360 \u00b0 mo\u017ee primati zemaljske digitalne signale. Prijem [&hellip;]<\/p>\n","protected":false},"featured_media":9429,"comment_status":"open","ping_status":"closed","template":"","meta":{"_acf_changed":false,"_themeisle_gutenberg_block_has_review":false},"product_brand":[],"product_cat":[215,370],"product_tag":[],"class_list":{"0":"post-9428","1":"product","2":"type-product","3":"status-publish","4":"has-post-thumbnail","6":"product_cat-multimedia-2","7":"product_cat-televizori-i-oprema","9":"first","10":"outofstock","11":"shipping-taxable","12":"purchasable","13":"product-type-simple"},"acf":[],"yoast_head":"<!-- This site is optimized with the Yoast SEO plugin v27.4 - https:\/\/yoast.com\/product\/yoast-seo-wordpress\/ -->\n<title>Antena Teleco Wing11 DVB-T2 Omnid.360\u00b0 12\/24v | Petroni - rent | sale | service | conversions<\/title>\n<meta name=\"robots\" content=\"index, follow, max-snippet:-1, max-image-preview:large, max-video-preview:-1\" \/>\n<link rel=\"canonical\" href=\"https:\/\/www.petroni.hr\/en\/proizvod\/antena-teleco-wing11-dvb-t2-omnid-360-12-24v\/\" \/>\n<meta property=\"og:locale\" content=\"en_US\" \/>\n<meta property=\"og:type\" content=\"article\" \/>\n<meta property=\"og:title\" content=\"Antena Teleco Wing11 DVB-T2 Omnid.360\u00b0 12\/24v | Petroni - rent | sale | service | conversions\" \/>\n<meta property=\"og:description\" content=\"Antena za kamp vozila i brodove DVB-T\u00a0 za TV i radio prijem Ultra aerodinami\u010dan oblik Mo\u017ee se nagnuti u bilo kojem smjeru zahvaljuju\u0107i posebnoj nozi S LTE \/ 4G filtrom protiv smetnji 2 priklju\u010dka za TV \/ prijamnik DVBT antena Teleco Wing 11 Sveobuhvatna DVB-T antena od 360 \u00b0 mo\u017ee primati zemaljske digitalne signale. Prijem [&hellip;]\" \/>\n<meta property=\"og:url\" content=\"https:\/\/www.petroni.hr\/en\/proizvod\/antena-teleco-wing11-dvb-t2-omnid-360-12-24v\/\" \/>\n<meta property=\"og:site_name\" content=\"Petroni - rent | sale | service | conversions\" \/>\n<meta property=\"article:publisher\" content=\"https:\/\/www.facebook.com\/Kamperi.Petroni.Sesvete\/?locale=hr_HR\" \/>\n<meta property=\"article:modified_time\" content=\"2026-01-31T16:10:36+00:00\" \/>\n<meta property=\"og:image\" content=\"https:\/\/www.petroni.hr\/wp-content\/uploads\/2020\/12\/Teleco-Wing-11-DVBT2-antena.jpeg\" \/>\n\t<meta property=\"og:image:width\" content=\"800\" \/>\n\t<meta property=\"og:image:height\" content=\"800\" \/>\n\t<meta property=\"og:image:type\" content=\"image\/jpeg\" \/>\n<meta name=\"twitter:card\" content=\"summary_large_image\" \/>\n<meta name=\"twitter:label1\" content=\"Est. reading time\" \/>\n\t<meta name=\"twitter:data1\" content=\"1 minute\" \/>\n<script type=\"application\/ld+json\" class=\"yoast-schema-graph\">{\"@context\":\"https:\\\/\\\/schema.org\",\"@graph\":[{\"@type\":\"WebPage\",\"@id\":\"https:\\\/\\\/www.petroni.hr\\\/en\\\/proizvod\\\/antena-teleco-wing11-dvb-t2-omnid-360-12-24v\\\/\",\"url\":\"https:\\\/\\\/www.petroni.hr\\\/en\\\/proizvod\\\/antena-teleco-wing11-dvb-t2-omnid-360-12-24v\\\/\",\"name\":\"Antena Teleco Wing11 DVB-T2 Omnid.360\u00b0 12\\\/24v | Petroni - rent | sale | service | conversions\",\"isPartOf\":{\"@id\":\"https:\\\/\\\/www.petroni.hr\\\/en\\\/#website\"},\"primaryImageOfPage\":{\"@id\":\"https:\\\/\\\/www.petroni.hr\\\/en\\\/proizvod\\\/antena-teleco-wing11-dvb-t2-omnid-360-12-24v\\\/#primaryimage\"},\"image\":{\"@id\":\"https:\\\/\\\/www.petroni.hr\\\/en\\\/proizvod\\\/antena-teleco-wing11-dvb-t2-omnid-360-12-24v\\\/#primaryimage\"},\"thumbnailUrl\":\"https:\\\/\\\/www.petroni.hr\\\/wp-content\\\/uploads\\\/2020\\\/12\\\/Teleco-Wing-11-DVBT2-antena.jpeg\",\"datePublished\":\"2020-12-11T10:34:47+00:00\",\"dateModified\":\"2026-01-31T16:10:36+00:00\",\"breadcrumb\":{\"@id\":\"https:\\\/\\\/www.petroni.hr\\\/en\\\/proizvod\\\/antena-teleco-wing11-dvb-t2-omnid-360-12-24v\\\/#breadcrumb\"},\"inLanguage\":\"en-US\",\"potentialAction\":[{\"@type\":\"ReadAction\",\"target\":[\"https:\\\/\\\/www.petroni.hr\\\/en\\\/proizvod\\\/antena-teleco-wing11-dvb-t2-omnid-360-12-24v\\\/\"]}]},{\"@type\":\"ImageObject\",\"inLanguage\":\"en-US\",\"@id\":\"https:\\\/\\\/www.petroni.hr\\\/en\\\/proizvod\\\/antena-teleco-wing11-dvb-t2-omnid-360-12-24v\\\/#primaryimage\",\"url\":\"https:\\\/\\\/www.petroni.hr\\\/wp-content\\\/uploads\\\/2020\\\/12\\\/Teleco-Wing-11-DVBT2-antena.jpeg\",\"contentUrl\":\"https:\\\/\\\/www.petroni.hr\\\/wp-content\\\/uploads\\\/2020\\\/12\\\/Teleco-Wing-11-DVBT2-antena.jpeg\",\"width\":800,\"height\":800},{\"@type\":\"BreadcrumbList\",\"@id\":\"https:\\\/\\\/www.petroni.hr\\\/en\\\/proizvod\\\/antena-teleco-wing11-dvb-t2-omnid-360-12-24v\\\/#breadcrumb\",\"itemListElement\":[{\"@type\":\"ListItem\",\"position\":1,\"name\":\"Po\u010detna stranica\",\"item\":\"https:\\\/\\\/www.petroni.hr\\\/en\\\/\"},{\"@type\":\"ListItem\",\"position\":2,\"name\":\"Shop\",\"item\":\"https:\\\/\\\/www.petroni.hr\\\/en\\\/shop\\\/\"},{\"@type\":\"ListItem\",\"position\":3,\"name\":\"Antena Teleco Wing11 DVB-T2 Omnid.360\u00b0 12\\\/24v\"}]},{\"@type\":\"WebSite\",\"@id\":\"https:\\\/\\\/www.petroni.hr\\\/en\\\/#website\",\"url\":\"https:\\\/\\\/www.petroni.hr\\\/en\\\/\",\"name\":\"Petroni.hr\",\"description\":\"Experience the unprecedented freedom of travel\",\"publisher\":{\"@id\":\"https:\\\/\\\/www.petroni.hr\\\/en\\\/#organization\"},\"alternateName\":\"Petroni\",\"potentialAction\":[{\"@type\":\"SearchAction\",\"target\":{\"@type\":\"EntryPoint\",\"urlTemplate\":\"https:\\\/\\\/www.petroni.hr\\\/en\\\/?s={search_term_string}\"},\"query-input\":{\"@type\":\"PropertyValueSpecification\",\"valueRequired\":true,\"valueName\":\"search_term_string\"}}],\"inLanguage\":\"en-US\"},{\"@type\":\"Organization\",\"@id\":\"https:\\\/\\\/www.petroni.hr\\\/en\\\/#organization\",\"name\":\"Petroni d.o.o.\",\"alternateName\":\"Petroni\",\"url\":\"https:\\\/\\\/www.petroni.hr\\\/en\\\/\",\"logo\":{\"@type\":\"ImageObject\",\"inLanguage\":\"en-US\",\"@id\":\"https:\\\/\\\/www.petroni.hr\\\/en\\\/#\\\/schema\\\/logo\\\/image\\\/\",\"url\":\"https:\\\/\\\/www.petroni.hr\\\/wp-content\\\/uploads\\\/2024\\\/03\\\/cropped-Group-3.jpg\",\"contentUrl\":\"https:\\\/\\\/www.petroni.hr\\\/wp-content\\\/uploads\\\/2024\\\/03\\\/cropped-Group-3.jpg\",\"width\":512,\"height\":512,\"caption\":\"Petroni d.o.o.\"},\"image\":{\"@id\":\"https:\\\/\\\/www.petroni.hr\\\/en\\\/#\\\/schema\\\/logo\\\/image\\\/\"},\"sameAs\":[\"https:\\\/\\\/www.facebook.com\\\/Kamperi.Petroni.Sesvete\\\/?locale=hr_HR\"]}]}<\/script>\n<!-- \/ Yoast SEO plugin. -->","yoast_head_json":{"title":"Antena Teleco Wing11 DVB-T2 Omnid.360\u00b0 12\/24v | Petroni - rent | sale | service | conversions","robots":{"index":"index","follow":"follow","max-snippet":"max-snippet:-1","max-image-preview":"max-image-preview:large","max-video-preview":"max-video-preview:-1"},"canonical":"https:\/\/www.petroni.hr\/en\/proizvod\/antena-teleco-wing11-dvb-t2-omnid-360-12-24v\/","og_locale":"en_US","og_type":"article","og_title":"Antena Teleco Wing11 DVB-T2 Omnid.360\u00b0 12\/24v | Petroni - rent | sale | service | conversions","og_description":"Antena za kamp vozila i brodove DVB-T\u00a0 za TV i radio prijem Ultra aerodinami\u010dan oblik Mo\u017ee se nagnuti u bilo kojem smjeru zahvaljuju\u0107i posebnoj nozi S LTE \/ 4G filtrom protiv smetnji 2 priklju\u010dka za TV \/ prijamnik DVBT antena Teleco Wing 11 Sveobuhvatna DVB-T antena od 360 \u00b0 mo\u017ee primati zemaljske digitalne signale. Prijem [&hellip;]","og_url":"https:\/\/www.petroni.hr\/en\/proizvod\/antena-teleco-wing11-dvb-t2-omnid-360-12-24v\/","og_site_name":"Petroni - rent | sale | service | conversions","article_publisher":"https:\/\/www.facebook.com\/Kamperi.Petroni.Sesvete\/?locale=hr_HR","article_modified_time":"2026-01-31T16:10:36+00:00","og_image":[{"width":800,"height":800,"url":"https:\/\/www.petroni.hr\/wp-content\/uploads\/2020\/12\/Teleco-Wing-11-DVBT2-antena.jpeg","type":"image\/jpeg"}],"twitter_card":"summary_large_image","twitter_misc":{"Est. reading time":"1 minute"},"schema":{"@context":"https:\/\/schema.org","@graph":[{"@type":"WebPage","@id":"https:\/\/www.petroni.hr\/en\/proizvod\/antena-teleco-wing11-dvb-t2-omnid-360-12-24v\/","url":"https:\/\/www.petroni.hr\/en\/proizvod\/antena-teleco-wing11-dvb-t2-omnid-360-12-24v\/","name":"Antena Teleco Wing11 DVB-T2 Omnid.360\u00b0 12\/24v | Petroni - rent | sale | service | conversions","isPartOf":{"@id":"https:\/\/www.petroni.hr\/en\/#website"},"primaryImageOfPage":{"@id":"https:\/\/www.petroni.hr\/en\/proizvod\/antena-teleco-wing11-dvb-t2-omnid-360-12-24v\/#primaryimage"},"image":{"@id":"https:\/\/www.petroni.hr\/en\/proizvod\/antena-teleco-wing11-dvb-t2-omnid-360-12-24v\/#primaryimage"},"thumbnailUrl":"https:\/\/www.petroni.hr\/wp-content\/uploads\/2020\/12\/Teleco-Wing-11-DVBT2-antena.jpeg","datePublished":"2020-12-11T10:34:47+00:00","dateModified":"2026-01-31T16:10:36+00:00","breadcrumb":{"@id":"https:\/\/www.petroni.hr\/en\/proizvod\/antena-teleco-wing11-dvb-t2-omnid-360-12-24v\/#breadcrumb"},"inLanguage":"en-US","potentialAction":[{"@type":"ReadAction","target":["https:\/\/www.petroni.hr\/en\/proizvod\/antena-teleco-wing11-dvb-t2-omnid-360-12-24v\/"]}]},{"@type":"ImageObject","inLanguage":"en-US","@id":"https:\/\/www.petroni.hr\/en\/proizvod\/antena-teleco-wing11-dvb-t2-omnid-360-12-24v\/#primaryimage","url":"https:\/\/www.petroni.hr\/wp-content\/uploads\/2020\/12\/Teleco-Wing-11-DVBT2-antena.jpeg","contentUrl":"https:\/\/www.petroni.hr\/wp-content\/uploads\/2020\/12\/Teleco-Wing-11-DVBT2-antena.jpeg","width":800,"height":800},{"@type":"BreadcrumbList","@id":"https:\/\/www.petroni.hr\/en\/proizvod\/antena-teleco-wing11-dvb-t2-omnid-360-12-24v\/#breadcrumb","itemListElement":[{"@type":"ListItem","position":1,"name":"Po\u010detna stranica","item":"https:\/\/www.petroni.hr\/en\/"},{"@type":"ListItem","position":2,"name":"Shop","item":"https:\/\/www.petroni.hr\/en\/shop\/"},{"@type":"ListItem","position":3,"name":"Antena Teleco Wing11 DVB-T2 Omnid.360\u00b0 12\/24v"}]},{"@type":"WebSite","@id":"https:\/\/www.petroni.hr\/en\/#website","url":"https:\/\/www.petroni.hr\/en\/","name":"Petroni.hr","description":"Experience the unprecedented freedom of travel","publisher":{"@id":"https:\/\/www.petroni.hr\/en\/#organization"},"alternateName":"Petroni","potentialAction":[{"@type":"SearchAction","target":{"@type":"EntryPoint","urlTemplate":"https:\/\/www.petroni.hr\/en\/?s={search_term_string}"},"query-input":{"@type":"PropertyValueSpecification","valueRequired":true,"valueName":"search_term_string"}}],"inLanguage":"en-US"},{"@type":"Organization","@id":"https:\/\/www.petroni.hr\/en\/#organization","name":"Petroni d.o.o.","alternateName":"Petroni","url":"https:\/\/www.petroni.hr\/en\/","logo":{"@type":"ImageObject","inLanguage":"en-US","@id":"https:\/\/www.petroni.hr\/en\/#\/schema\/logo\/image\/","url":"https:\/\/www.petroni.hr\/wp-content\/uploads\/2024\/03\/cropped-Group-3.jpg","contentUrl":"https:\/\/www.petroni.hr\/wp-content\/uploads\/2024\/03\/cropped-Group-3.jpg","width":512,"height":512,"caption":"Petroni d.o.o."},"image":{"@id":"https:\/\/www.petroni.hr\/en\/#\/schema\/logo\/image\/"},"sameAs":["https:\/\/www.facebook.com\/Kamperi.Petroni.Sesvete\/?locale=hr_HR"]}]}},"_links":{"self":[{"href":"https:\/\/www.petroni.hr\/en\/wp-json\/wp\/v2\/product\/9428","targetHints":{"allow":["GET"]}}],"collection":[{"href":"https:\/\/www.petroni.hr\/en\/wp-json\/wp\/v2\/product"}],"about":[{"href":"https:\/\/www.petroni.hr\/en\/wp-json\/wp\/v2\/types\/product"}],"replies":[{"embeddable":true,"href":"https:\/\/www.petroni.hr\/en\/wp-json\/wp\/v2\/comments?post=9428"}],"wp:featuredmedia":[{"embeddable":true,"href":"https:\/\/www.petroni.hr\/en\/wp-json\/wp\/v2\/media\/9429"}],"wp:attachment":[{"href":"https:\/\/www.petroni.hr\/en\/wp-json\/wp\/v2\/media?parent=9428"}],"wp:term":[{"taxonomy":"product_brand","embeddable":true,"href":"https:\/\/www.petroni.hr\/en\/wp-json\/wp\/v2\/product_brand?post=9428"},{"taxonomy":"product_cat","embeddable":true,"href":"https:\/\/www.petroni.hr\/en\/wp-json\/wp\/v2\/product_cat?post=9428"},{"taxonomy":"product_tag","embeddable":true,"href":"https:\/\/www.petroni.hr\/en\/wp-json\/wp\/v2\/product_tag?post=9428"}],"curies":[{"name":"wp","href":"https:\/\/api.w.org\/{rel}","templated":true}]}}