{"id":9381,"date":"2020-12-07T09:14:56","date_gmt":"2020-12-07T08:14:56","guid":{"rendered":"https:\/\/www.petroni.hr\/?post_type=product&#038;p=9381"},"modified":"2024-12-10T14:10:44","modified_gmt":"2024-12-10T13:10:44","slug":"podizni-krov-pop-top-za-vw-transporter-t4-dugi","status":"publish","type":"product","link":"https:\/\/www.petroni.hr\/en\/proizvod\/podizni-krov-pop-top-za-vw-transporter-t4-dugi\/","title":{"rendered":"Podizni krov POP-TOP za VW Transporter T4 dugi"},"content":{"rendered":"<p>Podizni krov za VW Transporter T4 pop-top krov super ravan, duga\u010dak me\u0111uosovinski razmak<\/p>\n<p>Di\u017ee se na prednjem kraju &gt; mala visina vozila, veliko pove\u0107anje prostora<\/p>\n<p>Vi\u0161e prostora za stajanje zahvaljuju\u0107i vi\u0161im \u0161karama<br \/>\nNiska visina vozila, prikladno za ve\u0107inu podzemnih parkirali\u0161ta<br \/>\nProstor za glavu u ulaznom dijelu<\/p>\n<p>Krovni krevet je opcija (99921112) dostupan po narud\u017ebi &#8211; doplata 5.000,00kn<br \/>\nObevezno naru\u010diti i instalacijski okvir (99921023) &#8211; doplata 4.550,00kn<\/p>\n<p>Opis : Podizni krov za spavanje super ravan. Ugradnja krova sprijeda, visoka, potpomognuta plinskom oprugom. Povr\u0161ina obojena u VW bijelu boju (kod R902). Mjeh za \u0161ator izra\u0111en od prozra\u010dne pamu\u010dne tkanine. Tri prozora koja se iznutra mogu zatvoriti . Dva bo\u010dna prozora s mre\u017eama protiv komaraca osiguravaju dobru ventilaciju. Oni se mogu potpuno otvoriti patentnim zatvara\u010dem i zamjenjivi su.<br \/>\nObavezno naru\u010diti s odgovaraju\u0107im instalacijskim okvirom<\/p>\n<p>Sadr\u017eaj isporuke: Predmontiran s materijalom za monta\u017eu i uputama za monta\u017eu. (bez kreveta i instalacijskog okvira).<br \/>\nMaterijal: mijeh za \u0161ator 100% pamuk, siva.<\/p>\n","protected":false},"excerpt":{"rendered":"<p>Podizni krov za VW Transporter T4 pop-top krov super ravan, duga\u010dak me\u0111uosovinski razmak Di\u017ee se na prednjem kraju &gt; mala visina vozila, veliko pove\u0107anje prostora Vi\u0161e prostora za stajanje zahvaljuju\u0107i vi\u0161im \u0161karama Niska visina vozila, prikladno za ve\u0107inu podzemnih parkirali\u0161ta Prostor za glavu u ulaznom dijelu Krovni krevet je opcija (99921112) dostupan po narud\u017ebi &#8211; [&hellip;]<\/p>\n","protected":false},"featured_media":9386,"comment_status":"open","ping_status":"closed","template":"","meta":{"_acf_changed":false,"_themeisle_gutenberg_block_has_review":false},"product_brand":[],"product_cat":[216],"product_tag":[],"class_list":{"0":"post-9381","1":"product","2":"type-product","3":"status-publish","4":"has-post-thumbnail","6":"product_cat-motorhome-tehnology","7":"product_shipping_class-heavy-pacages","9":"first","10":"outofstock","11":"shipping-taxable","12":"purchasable","13":"product-type-simple"},"acf":[],"yoast_head":"<!-- This site is optimized with the Yoast SEO plugin v27.4 - https:\/\/yoast.com\/product\/yoast-seo-wordpress\/ -->\n<title>Podizni krov POP-TOP za VW Transporter T4 dugi | Petroni - rent | sale | service | conversions<\/title>\n<meta name=\"robots\" content=\"index, follow, max-snippet:-1, max-image-preview:large, max-video-preview:-1\" \/>\n<link rel=\"canonical\" href=\"https:\/\/www.petroni.hr\/en\/proizvod\/podizni-krov-pop-top-za-vw-transporter-t4-dugi\/\" \/>\n<meta property=\"og:locale\" content=\"en_US\" \/>\n<meta property=\"og:type\" content=\"article\" \/>\n<meta property=\"og:title\" content=\"Podizni krov POP-TOP za VW Transporter T4 dugi | Petroni - rent | sale | service | conversions\" \/>\n<meta property=\"og:description\" content=\"Podizni krov za VW Transporter T4 pop-top krov super ravan, duga\u010dak me\u0111uosovinski razmak Di\u017ee se na prednjem kraju &gt; mala visina vozila, veliko pove\u0107anje prostora Vi\u0161e prostora za stajanje zahvaljuju\u0107i vi\u0161im \u0161karama Niska visina vozila, prikladno za ve\u0107inu podzemnih parkirali\u0161ta Prostor za glavu u ulaznom dijelu Krovni krevet je opcija (99921112) dostupan po narud\u017ebi &#8211; [&hellip;]\" \/>\n<meta property=\"og:url\" content=\"https:\/\/www.petroni.hr\/en\/proizvod\/podizni-krov-pop-top-za-vw-transporter-t4-dugi\/\" \/>\n<meta property=\"og:site_name\" content=\"Petroni - rent | sale | service | conversions\" \/>\n<meta property=\"article:publisher\" content=\"https:\/\/www.facebook.com\/Kamperi.Petroni.Sesvete\/?locale=hr_HR\" \/>\n<meta property=\"article:modified_time\" content=\"2024-12-10T13:10:44+00:00\" \/>\n<meta property=\"og:image\" content=\"https:\/\/www.petroni.hr\/wp-content\/uploads\/2020\/12\/21121_popup.jpg\" \/>\n\t<meta property=\"og:image:width\" content=\"350\" \/>\n\t<meta property=\"og:image:height\" content=\"232\" \/>\n\t<meta property=\"og:image:type\" content=\"image\/jpeg\" \/>\n<meta name=\"twitter:card\" content=\"summary_large_image\" \/>\n<meta name=\"twitter:label1\" content=\"Est. reading time\" \/>\n\t<meta name=\"twitter:data1\" content=\"1 minute\" \/>\n<script type=\"application\/ld+json\" class=\"yoast-schema-graph\">{\"@context\":\"https:\\\/\\\/schema.org\",\"@graph\":[{\"@type\":\"WebPage\",\"@id\":\"https:\\\/\\\/www.petroni.hr\\\/en\\\/proizvod\\\/podizni-krov-pop-top-za-vw-transporter-t4-dugi\\\/\",\"url\":\"https:\\\/\\\/www.petroni.hr\\\/en\\\/proizvod\\\/podizni-krov-pop-top-za-vw-transporter-t4-dugi\\\/\",\"name\":\"Podizni krov POP-TOP za VW Transporter T4 dugi | Petroni - rent | sale | service | conversions\",\"isPartOf\":{\"@id\":\"https:\\\/\\\/www.petroni.hr\\\/en\\\/#website\"},\"primaryImageOfPage\":{\"@id\":\"https:\\\/\\\/www.petroni.hr\\\/en\\\/proizvod\\\/podizni-krov-pop-top-za-vw-transporter-t4-dugi\\\/#primaryimage\"},\"image\":{\"@id\":\"https:\\\/\\\/www.petroni.hr\\\/en\\\/proizvod\\\/podizni-krov-pop-top-za-vw-transporter-t4-dugi\\\/#primaryimage\"},\"thumbnailUrl\":\"https:\\\/\\\/www.petroni.hr\\\/wp-content\\\/uploads\\\/2020\\\/12\\\/21121_popup.jpg\",\"datePublished\":\"2020-12-07T08:14:56+00:00\",\"dateModified\":\"2024-12-10T13:10:44+00:00\",\"breadcrumb\":{\"@id\":\"https:\\\/\\\/www.petroni.hr\\\/en\\\/proizvod\\\/podizni-krov-pop-top-za-vw-transporter-t4-dugi\\\/#breadcrumb\"},\"inLanguage\":\"en-US\",\"potentialAction\":[{\"@type\":\"ReadAction\",\"target\":[\"https:\\\/\\\/www.petroni.hr\\\/en\\\/proizvod\\\/podizni-krov-pop-top-za-vw-transporter-t4-dugi\\\/\"]}]},{\"@type\":\"ImageObject\",\"inLanguage\":\"en-US\",\"@id\":\"https:\\\/\\\/www.petroni.hr\\\/en\\\/proizvod\\\/podizni-krov-pop-top-za-vw-transporter-t4-dugi\\\/#primaryimage\",\"url\":\"https:\\\/\\\/www.petroni.hr\\\/wp-content\\\/uploads\\\/2020\\\/12\\\/21121_popup.jpg\",\"contentUrl\":\"https:\\\/\\\/www.petroni.hr\\\/wp-content\\\/uploads\\\/2020\\\/12\\\/21121_popup.jpg\",\"width\":350,\"height\":232},{\"@type\":\"BreadcrumbList\",\"@id\":\"https:\\\/\\\/www.petroni.hr\\\/en\\\/proizvod\\\/podizni-krov-pop-top-za-vw-transporter-t4-dugi\\\/#breadcrumb\",\"itemListElement\":[{\"@type\":\"ListItem\",\"position\":1,\"name\":\"Po\u010detna stranica\",\"item\":\"https:\\\/\\\/www.petroni.hr\\\/en\\\/\"},{\"@type\":\"ListItem\",\"position\":2,\"name\":\"Shop\",\"item\":\"https:\\\/\\\/www.petroni.hr\\\/en\\\/shop\\\/\"},{\"@type\":\"ListItem\",\"position\":3,\"name\":\"Podizni krov POP-TOP za VW Transporter T4 dugi\"}]},{\"@type\":\"WebSite\",\"@id\":\"https:\\\/\\\/www.petroni.hr\\\/en\\\/#website\",\"url\":\"https:\\\/\\\/www.petroni.hr\\\/en\\\/\",\"name\":\"Petroni.hr\",\"description\":\"Experience the unprecedented freedom of travel\",\"publisher\":{\"@id\":\"https:\\\/\\\/www.petroni.hr\\\/en\\\/#organization\"},\"alternateName\":\"Petroni\",\"potentialAction\":[{\"@type\":\"SearchAction\",\"target\":{\"@type\":\"EntryPoint\",\"urlTemplate\":\"https:\\\/\\\/www.petroni.hr\\\/en\\\/?s={search_term_string}\"},\"query-input\":{\"@type\":\"PropertyValueSpecification\",\"valueRequired\":true,\"valueName\":\"search_term_string\"}}],\"inLanguage\":\"en-US\"},{\"@type\":\"Organization\",\"@id\":\"https:\\\/\\\/www.petroni.hr\\\/en\\\/#organization\",\"name\":\"Petroni d.o.o.\",\"alternateName\":\"Petroni\",\"url\":\"https:\\\/\\\/www.petroni.hr\\\/en\\\/\",\"logo\":{\"@type\":\"ImageObject\",\"inLanguage\":\"en-US\",\"@id\":\"https:\\\/\\\/www.petroni.hr\\\/en\\\/#\\\/schema\\\/logo\\\/image\\\/\",\"url\":\"https:\\\/\\\/www.petroni.hr\\\/wp-content\\\/uploads\\\/2024\\\/03\\\/cropped-Group-3.jpg\",\"contentUrl\":\"https:\\\/\\\/www.petroni.hr\\\/wp-content\\\/uploads\\\/2024\\\/03\\\/cropped-Group-3.jpg\",\"width\":512,\"height\":512,\"caption\":\"Petroni d.o.o.\"},\"image\":{\"@id\":\"https:\\\/\\\/www.petroni.hr\\\/en\\\/#\\\/schema\\\/logo\\\/image\\\/\"},\"sameAs\":[\"https:\\\/\\\/www.facebook.com\\\/Kamperi.Petroni.Sesvete\\\/?locale=hr_HR\"]}]}<\/script>\n<!-- \/ Yoast SEO plugin. -->","yoast_head_json":{"title":"Podizni krov POP-TOP za VW Transporter T4 dugi | Petroni - rent | sale | service | conversions","robots":{"index":"index","follow":"follow","max-snippet":"max-snippet:-1","max-image-preview":"max-image-preview:large","max-video-preview":"max-video-preview:-1"},"canonical":"https:\/\/www.petroni.hr\/en\/proizvod\/podizni-krov-pop-top-za-vw-transporter-t4-dugi\/","og_locale":"en_US","og_type":"article","og_title":"Podizni krov POP-TOP za VW Transporter T4 dugi | Petroni - rent | sale | service | conversions","og_description":"Podizni krov za VW Transporter T4 pop-top krov super ravan, duga\u010dak me\u0111uosovinski razmak Di\u017ee se na prednjem kraju &gt; mala visina vozila, veliko pove\u0107anje prostora Vi\u0161e prostora za stajanje zahvaljuju\u0107i vi\u0161im \u0161karama Niska visina vozila, prikladno za ve\u0107inu podzemnih parkirali\u0161ta Prostor za glavu u ulaznom dijelu Krovni krevet je opcija (99921112) dostupan po narud\u017ebi &#8211; [&hellip;]","og_url":"https:\/\/www.petroni.hr\/en\/proizvod\/podizni-krov-pop-top-za-vw-transporter-t4-dugi\/","og_site_name":"Petroni - rent | sale | service | conversions","article_publisher":"https:\/\/www.facebook.com\/Kamperi.Petroni.Sesvete\/?locale=hr_HR","article_modified_time":"2024-12-10T13:10:44+00:00","og_image":[{"width":350,"height":232,"url":"https:\/\/www.petroni.hr\/wp-content\/uploads\/2020\/12\/21121_popup.jpg","type":"image\/jpeg"}],"twitter_card":"summary_large_image","twitter_misc":{"Est. reading time":"1 minute"},"schema":{"@context":"https:\/\/schema.org","@graph":[{"@type":"WebPage","@id":"https:\/\/www.petroni.hr\/en\/proizvod\/podizni-krov-pop-top-za-vw-transporter-t4-dugi\/","url":"https:\/\/www.petroni.hr\/en\/proizvod\/podizni-krov-pop-top-za-vw-transporter-t4-dugi\/","name":"Podizni krov POP-TOP za VW Transporter T4 dugi | Petroni - rent | sale | service | conversions","isPartOf":{"@id":"https:\/\/www.petroni.hr\/en\/#website"},"primaryImageOfPage":{"@id":"https:\/\/www.petroni.hr\/en\/proizvod\/podizni-krov-pop-top-za-vw-transporter-t4-dugi\/#primaryimage"},"image":{"@id":"https:\/\/www.petroni.hr\/en\/proizvod\/podizni-krov-pop-top-za-vw-transporter-t4-dugi\/#primaryimage"},"thumbnailUrl":"https:\/\/www.petroni.hr\/wp-content\/uploads\/2020\/12\/21121_popup.jpg","datePublished":"2020-12-07T08:14:56+00:00","dateModified":"2024-12-10T13:10:44+00:00","breadcrumb":{"@id":"https:\/\/www.petroni.hr\/en\/proizvod\/podizni-krov-pop-top-za-vw-transporter-t4-dugi\/#breadcrumb"},"inLanguage":"en-US","potentialAction":[{"@type":"ReadAction","target":["https:\/\/www.petroni.hr\/en\/proizvod\/podizni-krov-pop-top-za-vw-transporter-t4-dugi\/"]}]},{"@type":"ImageObject","inLanguage":"en-US","@id":"https:\/\/www.petroni.hr\/en\/proizvod\/podizni-krov-pop-top-za-vw-transporter-t4-dugi\/#primaryimage","url":"https:\/\/www.petroni.hr\/wp-content\/uploads\/2020\/12\/21121_popup.jpg","contentUrl":"https:\/\/www.petroni.hr\/wp-content\/uploads\/2020\/12\/21121_popup.jpg","width":350,"height":232},{"@type":"BreadcrumbList","@id":"https:\/\/www.petroni.hr\/en\/proizvod\/podizni-krov-pop-top-za-vw-transporter-t4-dugi\/#breadcrumb","itemListElement":[{"@type":"ListItem","position":1,"name":"Po\u010detna stranica","item":"https:\/\/www.petroni.hr\/en\/"},{"@type":"ListItem","position":2,"name":"Shop","item":"https:\/\/www.petroni.hr\/en\/shop\/"},{"@type":"ListItem","position":3,"name":"Podizni krov POP-TOP za VW Transporter T4 dugi"}]},{"@type":"WebSite","@id":"https:\/\/www.petroni.hr\/en\/#website","url":"https:\/\/www.petroni.hr\/en\/","name":"Petroni.hr","description":"Experience the unprecedented freedom of travel","publisher":{"@id":"https:\/\/www.petroni.hr\/en\/#organization"},"alternateName":"Petroni","potentialAction":[{"@type":"SearchAction","target":{"@type":"EntryPoint","urlTemplate":"https:\/\/www.petroni.hr\/en\/?s={search_term_string}"},"query-input":{"@type":"PropertyValueSpecification","valueRequired":true,"valueName":"search_term_string"}}],"inLanguage":"en-US"},{"@type":"Organization","@id":"https:\/\/www.petroni.hr\/en\/#organization","name":"Petroni d.o.o.","alternateName":"Petroni","url":"https:\/\/www.petroni.hr\/en\/","logo":{"@type":"ImageObject","inLanguage":"en-US","@id":"https:\/\/www.petroni.hr\/en\/#\/schema\/logo\/image\/","url":"https:\/\/www.petroni.hr\/wp-content\/uploads\/2024\/03\/cropped-Group-3.jpg","contentUrl":"https:\/\/www.petroni.hr\/wp-content\/uploads\/2024\/03\/cropped-Group-3.jpg","width":512,"height":512,"caption":"Petroni d.o.o."},"image":{"@id":"https:\/\/www.petroni.hr\/en\/#\/schema\/logo\/image\/"},"sameAs":["https:\/\/www.facebook.com\/Kamperi.Petroni.Sesvete\/?locale=hr_HR"]}]}},"_links":{"self":[{"href":"https:\/\/www.petroni.hr\/en\/wp-json\/wp\/v2\/product\/9381","targetHints":{"allow":["GET"]}}],"collection":[{"href":"https:\/\/www.petroni.hr\/en\/wp-json\/wp\/v2\/product"}],"about":[{"href":"https:\/\/www.petroni.hr\/en\/wp-json\/wp\/v2\/types\/product"}],"replies":[{"embeddable":true,"href":"https:\/\/www.petroni.hr\/en\/wp-json\/wp\/v2\/comments?post=9381"}],"wp:featuredmedia":[{"embeddable":true,"href":"https:\/\/www.petroni.hr\/en\/wp-json\/wp\/v2\/media\/9386"}],"wp:attachment":[{"href":"https:\/\/www.petroni.hr\/en\/wp-json\/wp\/v2\/media?parent=9381"}],"wp:term":[{"taxonomy":"product_brand","embeddable":true,"href":"https:\/\/www.petroni.hr\/en\/wp-json\/wp\/v2\/product_brand?post=9381"},{"taxonomy":"product_cat","embeddable":true,"href":"https:\/\/www.petroni.hr\/en\/wp-json\/wp\/v2\/product_cat?post=9381"},{"taxonomy":"product_tag","embeddable":true,"href":"https:\/\/www.petroni.hr\/en\/wp-json\/wp\/v2\/product_tag?post=9381"}],"curies":[{"name":"wp","href":"https:\/\/api.w.org\/{rel}","templated":true}]}}