{"id":9147,"date":"2020-11-22T10:41:07","date_gmt":"2020-11-22T09:41:07","guid":{"rendered":"https:\/\/www.petroni.hr\/?post_type=product&#038;p=9147"},"modified":"2024-12-10T14:54:39","modified_gmt":"2024-12-10T13:54:39","slug":"ploca-upravljacka-cbe-pc110","status":"publish","type":"product","link":"https:\/\/www.petroni.hr\/en\/proizvod\/ploca-upravljacka-cbe-pc110\/","title":{"rendered":"Plo\u010da upravlja\u010dka CBE PC110"},"content":{"rendered":"<p>Glavne zna\u010dajke i funkcije:<br \/>\n&#8211; Upravlja\u010dka plo\u010da s LED zaslonom<br \/>\n&#8211; Grafi\u010dka kontrola stanja baterije motora i stacionarne baterije<br \/>\n&#8211; Grafi\u010dka kontrola stanja spremnika slatke vode<br \/>\n&#8211; Alarm rezerve sive vode u spremniku<br \/>\n&#8211; Integrirani elektroni\u010dki separator baterija<br \/>\n&#8211; Upravljanje trovalentnim hladnjakom<br \/>\n&#8211; 10 osigura\u010da od 12 V za za\u0161titu korisnika<br \/>\n&#8211; Punjenje akumulatora u automobilu<br \/>\n&#8211; Kontrola podnapona (funkcija &#8220;u\u0161tede baterije&#8221;)<\/p>\n<p>Dimenzije upravlja\u010dke plo\u010de: 170 x 80 mm<\/p>\n","protected":false},"excerpt":{"rendered":"<p>Glavne zna\u010dajke i funkcije: &#8211; Upravlja\u010dka plo\u010da s LED zaslonom &#8211; Grafi\u010dka kontrola stanja baterije motora i stacionarne baterije &#8211; Grafi\u010dka kontrola stanja spremnika slatke vode &#8211; Alarm rezerve sive vode u spremniku &#8211; Integrirani elektroni\u010dki separator baterija &#8211; Upravljanje trovalentnim hladnjakom &#8211; 10 osigura\u010da od 12 V za za\u0161titu korisnika &#8211; Punjenje akumulatora u [&hellip;]<\/p>\n","protected":false},"featured_media":9148,"comment_status":"open","ping_status":"closed","template":"","meta":{"_acf_changed":false,"_themeisle_gutenberg_block_has_review":false},"product_brand":[],"product_cat":[213],"product_tag":[],"class_list":{"0":"post-9147","1":"product","2":"type-product","3":"status-publish","4":"has-post-thumbnail","6":"product_cat-electrical","8":"first","9":"instock","10":"shipping-taxable","11":"purchasable","12":"product-type-simple"},"acf":[],"yoast_head":"<!-- This site is optimized with the Yoast SEO plugin v27.4 - https:\/\/yoast.com\/product\/yoast-seo-wordpress\/ -->\n<title>Plo\u010da upravlja\u010dka CBE PC110 | Petroni - rent | sale | service | conversions<\/title>\n<meta name=\"robots\" content=\"index, follow, max-snippet:-1, max-image-preview:large, max-video-preview:-1\" \/>\n<link rel=\"canonical\" href=\"https:\/\/www.petroni.hr\/en\/proizvod\/ploca-upravljacka-cbe-pc110\/\" \/>\n<meta property=\"og:locale\" content=\"en_US\" \/>\n<meta property=\"og:type\" content=\"article\" \/>\n<meta property=\"og:title\" content=\"Plo\u010da upravlja\u010dka CBE PC110 | Petroni - rent | sale | service | conversions\" \/>\n<meta property=\"og:description\" content=\"Glavne zna\u010dajke i funkcije: &#8211; Upravlja\u010dka plo\u010da s LED zaslonom &#8211; Grafi\u010dka kontrola stanja baterije motora i stacionarne baterije &#8211; Grafi\u010dka kontrola stanja spremnika slatke vode &#8211; Alarm rezerve sive vode u spremniku &#8211; Integrirani elektroni\u010dki separator baterija &#8211; Upravljanje trovalentnim hladnjakom &#8211; 10 osigura\u010da od 12 V za za\u0161titu korisnika &#8211; Punjenje akumulatora u [&hellip;]\" \/>\n<meta property=\"og:url\" content=\"https:\/\/www.petroni.hr\/en\/proizvod\/ploca-upravljacka-cbe-pc110\/\" \/>\n<meta property=\"og:site_name\" content=\"Petroni - rent | sale | service | conversions\" \/>\n<meta property=\"article:publisher\" content=\"https:\/\/www.facebook.com\/Kamperi.Petroni.Sesvete\/?locale=hr_HR\" \/>\n<meta property=\"article:modified_time\" content=\"2024-12-10T13:54:39+00:00\" \/>\n<meta property=\"og:image\" content=\"https:\/\/www.petroni.hr\/wp-content\/uploads\/2020\/11\/ploca-upravljacka-CBE-PC110.png\" \/>\n\t<meta property=\"og:image:width\" content=\"600\" \/>\n\t<meta property=\"og:image:height\" content=\"544\" \/>\n\t<meta property=\"og:image:type\" content=\"image\/png\" \/>\n<meta name=\"twitter:card\" content=\"summary_large_image\" \/>\n<script type=\"application\/ld+json\" class=\"yoast-schema-graph\">{\"@context\":\"https:\\\/\\\/schema.org\",\"@graph\":[{\"@type\":\"WebPage\",\"@id\":\"https:\\\/\\\/www.petroni.hr\\\/en\\\/proizvod\\\/ploca-upravljacka-cbe-pc110\\\/\",\"url\":\"https:\\\/\\\/www.petroni.hr\\\/en\\\/proizvod\\\/ploca-upravljacka-cbe-pc110\\\/\",\"name\":\"Plo\u010da upravlja\u010dka CBE PC110 | Petroni - rent | sale | service | conversions\",\"isPartOf\":{\"@id\":\"https:\\\/\\\/www.petroni.hr\\\/en\\\/#website\"},\"primaryImageOfPage\":{\"@id\":\"https:\\\/\\\/www.petroni.hr\\\/en\\\/proizvod\\\/ploca-upravljacka-cbe-pc110\\\/#primaryimage\"},\"image\":{\"@id\":\"https:\\\/\\\/www.petroni.hr\\\/en\\\/proizvod\\\/ploca-upravljacka-cbe-pc110\\\/#primaryimage\"},\"thumbnailUrl\":\"https:\\\/\\\/www.petroni.hr\\\/wp-content\\\/uploads\\\/2020\\\/11\\\/ploca-upravljacka-CBE-PC110.png\",\"datePublished\":\"2020-11-22T09:41:07+00:00\",\"dateModified\":\"2024-12-10T13:54:39+00:00\",\"breadcrumb\":{\"@id\":\"https:\\\/\\\/www.petroni.hr\\\/en\\\/proizvod\\\/ploca-upravljacka-cbe-pc110\\\/#breadcrumb\"},\"inLanguage\":\"en-US\",\"potentialAction\":[{\"@type\":\"ReadAction\",\"target\":[\"https:\\\/\\\/www.petroni.hr\\\/en\\\/proizvod\\\/ploca-upravljacka-cbe-pc110\\\/\"]}]},{\"@type\":\"ImageObject\",\"inLanguage\":\"en-US\",\"@id\":\"https:\\\/\\\/www.petroni.hr\\\/en\\\/proizvod\\\/ploca-upravljacka-cbe-pc110\\\/#primaryimage\",\"url\":\"https:\\\/\\\/www.petroni.hr\\\/wp-content\\\/uploads\\\/2020\\\/11\\\/ploca-upravljacka-CBE-PC110.png\",\"contentUrl\":\"https:\\\/\\\/www.petroni.hr\\\/wp-content\\\/uploads\\\/2020\\\/11\\\/ploca-upravljacka-CBE-PC110.png\",\"width\":600,\"height\":544},{\"@type\":\"BreadcrumbList\",\"@id\":\"https:\\\/\\\/www.petroni.hr\\\/en\\\/proizvod\\\/ploca-upravljacka-cbe-pc110\\\/#breadcrumb\",\"itemListElement\":[{\"@type\":\"ListItem\",\"position\":1,\"name\":\"Po\u010detna stranica\",\"item\":\"https:\\\/\\\/www.petroni.hr\\\/en\\\/\"},{\"@type\":\"ListItem\",\"position\":2,\"name\":\"Shop\",\"item\":\"https:\\\/\\\/www.petroni.hr\\\/en\\\/shop\\\/\"},{\"@type\":\"ListItem\",\"position\":3,\"name\":\"Plo\u010da upravlja\u010dka CBE PC110\"}]},{\"@type\":\"WebSite\",\"@id\":\"https:\\\/\\\/www.petroni.hr\\\/en\\\/#website\",\"url\":\"https:\\\/\\\/www.petroni.hr\\\/en\\\/\",\"name\":\"Petroni.hr\",\"description\":\"Experience the unprecedented freedom of travel\",\"publisher\":{\"@id\":\"https:\\\/\\\/www.petroni.hr\\\/en\\\/#organization\"},\"alternateName\":\"Petroni\",\"potentialAction\":[{\"@type\":\"SearchAction\",\"target\":{\"@type\":\"EntryPoint\",\"urlTemplate\":\"https:\\\/\\\/www.petroni.hr\\\/en\\\/?s={search_term_string}\"},\"query-input\":{\"@type\":\"PropertyValueSpecification\",\"valueRequired\":true,\"valueName\":\"search_term_string\"}}],\"inLanguage\":\"en-US\"},{\"@type\":\"Organization\",\"@id\":\"https:\\\/\\\/www.petroni.hr\\\/en\\\/#organization\",\"name\":\"Petroni d.o.o.\",\"alternateName\":\"Petroni\",\"url\":\"https:\\\/\\\/www.petroni.hr\\\/en\\\/\",\"logo\":{\"@type\":\"ImageObject\",\"inLanguage\":\"en-US\",\"@id\":\"https:\\\/\\\/www.petroni.hr\\\/en\\\/#\\\/schema\\\/logo\\\/image\\\/\",\"url\":\"https:\\\/\\\/www.petroni.hr\\\/wp-content\\\/uploads\\\/2024\\\/03\\\/cropped-Group-3.jpg\",\"contentUrl\":\"https:\\\/\\\/www.petroni.hr\\\/wp-content\\\/uploads\\\/2024\\\/03\\\/cropped-Group-3.jpg\",\"width\":512,\"height\":512,\"caption\":\"Petroni d.o.o.\"},\"image\":{\"@id\":\"https:\\\/\\\/www.petroni.hr\\\/en\\\/#\\\/schema\\\/logo\\\/image\\\/\"},\"sameAs\":[\"https:\\\/\\\/www.facebook.com\\\/Kamperi.Petroni.Sesvete\\\/?locale=hr_HR\"]}]}<\/script>\n<!-- \/ Yoast SEO plugin. -->","yoast_head_json":{"title":"Plo\u010da upravlja\u010dka CBE PC110 | Petroni - rent | sale | service | conversions","robots":{"index":"index","follow":"follow","max-snippet":"max-snippet:-1","max-image-preview":"max-image-preview:large","max-video-preview":"max-video-preview:-1"},"canonical":"https:\/\/www.petroni.hr\/en\/proizvod\/ploca-upravljacka-cbe-pc110\/","og_locale":"en_US","og_type":"article","og_title":"Plo\u010da upravlja\u010dka CBE PC110 | Petroni - rent | sale | service | conversions","og_description":"Glavne zna\u010dajke i funkcije: &#8211; Upravlja\u010dka plo\u010da s LED zaslonom &#8211; Grafi\u010dka kontrola stanja baterije motora i stacionarne baterije &#8211; Grafi\u010dka kontrola stanja spremnika slatke vode &#8211; Alarm rezerve sive vode u spremniku &#8211; Integrirani elektroni\u010dki separator baterija &#8211; Upravljanje trovalentnim hladnjakom &#8211; 10 osigura\u010da od 12 V za za\u0161titu korisnika &#8211; Punjenje akumulatora u [&hellip;]","og_url":"https:\/\/www.petroni.hr\/en\/proizvod\/ploca-upravljacka-cbe-pc110\/","og_site_name":"Petroni - rent | sale | service | conversions","article_publisher":"https:\/\/www.facebook.com\/Kamperi.Petroni.Sesvete\/?locale=hr_HR","article_modified_time":"2024-12-10T13:54:39+00:00","og_image":[{"width":600,"height":544,"url":"https:\/\/www.petroni.hr\/wp-content\/uploads\/2020\/11\/ploca-upravljacka-CBE-PC110.png","type":"image\/png"}],"twitter_card":"summary_large_image","schema":{"@context":"https:\/\/schema.org","@graph":[{"@type":"WebPage","@id":"https:\/\/www.petroni.hr\/en\/proizvod\/ploca-upravljacka-cbe-pc110\/","url":"https:\/\/www.petroni.hr\/en\/proizvod\/ploca-upravljacka-cbe-pc110\/","name":"Plo\u010da upravlja\u010dka CBE PC110 | Petroni - rent | sale | service | conversions","isPartOf":{"@id":"https:\/\/www.petroni.hr\/en\/#website"},"primaryImageOfPage":{"@id":"https:\/\/www.petroni.hr\/en\/proizvod\/ploca-upravljacka-cbe-pc110\/#primaryimage"},"image":{"@id":"https:\/\/www.petroni.hr\/en\/proizvod\/ploca-upravljacka-cbe-pc110\/#primaryimage"},"thumbnailUrl":"https:\/\/www.petroni.hr\/wp-content\/uploads\/2020\/11\/ploca-upravljacka-CBE-PC110.png","datePublished":"2020-11-22T09:41:07+00:00","dateModified":"2024-12-10T13:54:39+00:00","breadcrumb":{"@id":"https:\/\/www.petroni.hr\/en\/proizvod\/ploca-upravljacka-cbe-pc110\/#breadcrumb"},"inLanguage":"en-US","potentialAction":[{"@type":"ReadAction","target":["https:\/\/www.petroni.hr\/en\/proizvod\/ploca-upravljacka-cbe-pc110\/"]}]},{"@type":"ImageObject","inLanguage":"en-US","@id":"https:\/\/www.petroni.hr\/en\/proizvod\/ploca-upravljacka-cbe-pc110\/#primaryimage","url":"https:\/\/www.petroni.hr\/wp-content\/uploads\/2020\/11\/ploca-upravljacka-CBE-PC110.png","contentUrl":"https:\/\/www.petroni.hr\/wp-content\/uploads\/2020\/11\/ploca-upravljacka-CBE-PC110.png","width":600,"height":544},{"@type":"BreadcrumbList","@id":"https:\/\/www.petroni.hr\/en\/proizvod\/ploca-upravljacka-cbe-pc110\/#breadcrumb","itemListElement":[{"@type":"ListItem","position":1,"name":"Po\u010detna stranica","item":"https:\/\/www.petroni.hr\/en\/"},{"@type":"ListItem","position":2,"name":"Shop","item":"https:\/\/www.petroni.hr\/en\/shop\/"},{"@type":"ListItem","position":3,"name":"Plo\u010da upravlja\u010dka CBE PC110"}]},{"@type":"WebSite","@id":"https:\/\/www.petroni.hr\/en\/#website","url":"https:\/\/www.petroni.hr\/en\/","name":"Petroni.hr","description":"Experience the unprecedented freedom of travel","publisher":{"@id":"https:\/\/www.petroni.hr\/en\/#organization"},"alternateName":"Petroni","potentialAction":[{"@type":"SearchAction","target":{"@type":"EntryPoint","urlTemplate":"https:\/\/www.petroni.hr\/en\/?s={search_term_string}"},"query-input":{"@type":"PropertyValueSpecification","valueRequired":true,"valueName":"search_term_string"}}],"inLanguage":"en-US"},{"@type":"Organization","@id":"https:\/\/www.petroni.hr\/en\/#organization","name":"Petroni d.o.o.","alternateName":"Petroni","url":"https:\/\/www.petroni.hr\/en\/","logo":{"@type":"ImageObject","inLanguage":"en-US","@id":"https:\/\/www.petroni.hr\/en\/#\/schema\/logo\/image\/","url":"https:\/\/www.petroni.hr\/wp-content\/uploads\/2024\/03\/cropped-Group-3.jpg","contentUrl":"https:\/\/www.petroni.hr\/wp-content\/uploads\/2024\/03\/cropped-Group-3.jpg","width":512,"height":512,"caption":"Petroni d.o.o."},"image":{"@id":"https:\/\/www.petroni.hr\/en\/#\/schema\/logo\/image\/"},"sameAs":["https:\/\/www.facebook.com\/Kamperi.Petroni.Sesvete\/?locale=hr_HR"]}]}},"_links":{"self":[{"href":"https:\/\/www.petroni.hr\/en\/wp-json\/wp\/v2\/product\/9147","targetHints":{"allow":["GET"]}}],"collection":[{"href":"https:\/\/www.petroni.hr\/en\/wp-json\/wp\/v2\/product"}],"about":[{"href":"https:\/\/www.petroni.hr\/en\/wp-json\/wp\/v2\/types\/product"}],"replies":[{"embeddable":true,"href":"https:\/\/www.petroni.hr\/en\/wp-json\/wp\/v2\/comments?post=9147"}],"wp:featuredmedia":[{"embeddable":true,"href":"https:\/\/www.petroni.hr\/en\/wp-json\/wp\/v2\/media\/9148"}],"wp:attachment":[{"href":"https:\/\/www.petroni.hr\/en\/wp-json\/wp\/v2\/media?parent=9147"}],"wp:term":[{"taxonomy":"product_brand","embeddable":true,"href":"https:\/\/www.petroni.hr\/en\/wp-json\/wp\/v2\/product_brand?post=9147"},{"taxonomy":"product_cat","embeddable":true,"href":"https:\/\/www.petroni.hr\/en\/wp-json\/wp\/v2\/product_cat?post=9147"},{"taxonomy":"product_tag","embeddable":true,"href":"https:\/\/www.petroni.hr\/en\/wp-json\/wp\/v2\/product_tag?post=9147"}],"curies":[{"name":"wp","href":"https:\/\/api.w.org\/{rel}","templated":true}]}}