{"id":9064,"date":"2020-11-11T09:31:11","date_gmt":"2020-11-11T08:31:11","guid":{"rendered":"https:\/\/www.petroni.hr\/?post_type=product&#038;p=9064"},"modified":"2024-12-10T14:59:20","modified_gmt":"2024-12-10T13:59:20","slug":"camper-trolley-ct2500","status":"publish","type":"product","link":"https:\/\/www.petroni.hr\/en\/proizvod\/camper-trolley-ct2500\/","title":{"rendered":"Mover Camper Trolley RT2500"},"content":{"rendered":"<p>Camper Trolley dizajniran je da vam pomegne pri manevriranju va\u0161im prikolicama.<\/p>\n<p>Naravno da teren utje\u010de na to koliko je u\u010dinkovita snaga koju Camper Trolley prenosi na povr\u0161inu.<\/p>\n<p>Na \u010dvrstom tlu, CamperTrolley lako manevrira va\u0161om prikolicom ili karavanom gore-dolje nizbrdo, unutar i izvan va\u0161eg prilaza ili na teren za kampiranje. Camper Trolley ekvivalent je dvojici sna\u017enih mu\u0161karaca (CT1500) ili 3-4 jaka mu\u0161karca (CT2500).<\/p>\n<p>Na mekoj podlozi, poput pijeska, \u0161ljunka, vla\u017enog tla i mokre trave, mo\u017eda \u0107e biti potrebno Camper Trolleyu pru\u017eiti malu pomo\u0107 guranjem vlastitom te\u017einom, posebno za po\u010detak ili kad manevrirate uz nagib.<\/p>\n<p>&nbsp;<\/p>\n<p>Te\u017eina 38kg<\/p>\n<p>Namjenjeno za prikolice do 2500kg te\u017eine<\/p>\n","protected":false},"excerpt":{"rendered":"<p>Camper Trolley dizajniran je da vam pomegne pri manevriranju va\u0161im prikolicama. Naravno da teren utje\u010de na to koliko je u\u010dinkovita snaga koju Camper Trolley prenosi na povr\u0161inu. Na \u010dvrstom tlu, CamperTrolley lako manevrira va\u0161om prikolicom ili karavanom gore-dolje nizbrdo, unutar i izvan va\u0161eg prilaza ili na teren za kampiranje. Camper Trolley ekvivalent je dvojici sna\u017enih [&hellip;]<\/p>\n","protected":false},"featured_media":9058,"comment_status":"open","ping_status":"closed","template":"","meta":{"_acf_changed":false,"_themeisle_gutenberg_block_has_review":false},"product_brand":[],"product_cat":[210,225],"product_tag":[],"class_list":{"0":"post-9064","1":"product","2":"type-product","3":"status-publish","4":"has-post-thumbnail","6":"product_cat-caravan-tehnology","7":"product_cat-smart-mover","9":"first","10":"outofstock","11":"shipping-taxable","12":"purchasable","13":"product-type-simple"},"acf":[],"yoast_head":"<!-- This site is optimized with the Yoast SEO plugin v27.4 - https:\/\/yoast.com\/product\/yoast-seo-wordpress\/ -->\n<title>Mover Camper Trolley RT2500 | Petroni - rent | sale | service | conversions<\/title>\n<meta name=\"robots\" content=\"index, follow, max-snippet:-1, max-image-preview:large, max-video-preview:-1\" \/>\n<link rel=\"canonical\" href=\"https:\/\/www.petroni.hr\/en\/proizvod\/camper-trolley-ct2500\/\" \/>\n<meta property=\"og:locale\" content=\"en_US\" \/>\n<meta property=\"og:type\" content=\"article\" \/>\n<meta property=\"og:title\" content=\"Mover Camper Trolley RT2500 | Petroni - rent | sale | service | conversions\" \/>\n<meta property=\"og:description\" content=\"Camper Trolley dizajniran je da vam pomegne pri manevriranju va\u0161im prikolicama. Naravno da teren utje\u010de na to koliko je u\u010dinkovita snaga koju Camper Trolley prenosi na povr\u0161inu. Na \u010dvrstom tlu, CamperTrolley lako manevrira va\u0161om prikolicom ili karavanom gore-dolje nizbrdo, unutar i izvan va\u0161eg prilaza ili na teren za kampiranje. Camper Trolley ekvivalent je dvojici sna\u017enih [&hellip;]\" \/>\n<meta property=\"og:url\" content=\"https:\/\/www.petroni.hr\/en\/proizvod\/camper-trolley-ct2500\/\" \/>\n<meta property=\"og:site_name\" content=\"Petroni - rent | sale | service | conversions\" \/>\n<meta property=\"article:publisher\" content=\"https:\/\/www.facebook.com\/Kamperi.Petroni.Sesvete\/?locale=hr_HR\" \/>\n<meta property=\"article:modified_time\" content=\"2024-12-10T13:59:20+00:00\" \/>\n<meta property=\"og:image\" content=\"https:\/\/www.petroni.hr\/wp-content\/uploads\/2020\/11\/Group-26.png\" \/>\n\t<meta property=\"og:image:width\" content=\"550\" \/>\n\t<meta property=\"og:image:height\" content=\"401\" \/>\n\t<meta property=\"og:image:type\" content=\"image\/png\" \/>\n<meta name=\"twitter:card\" content=\"summary_large_image\" \/>\n<meta name=\"twitter:label1\" content=\"Est. reading time\" \/>\n\t<meta name=\"twitter:data1\" content=\"1 minute\" \/>\n<script type=\"application\/ld+json\" class=\"yoast-schema-graph\">{\"@context\":\"https:\\\/\\\/schema.org\",\"@graph\":[{\"@type\":\"WebPage\",\"@id\":\"https:\\\/\\\/www.petroni.hr\\\/en\\\/proizvod\\\/camper-trolley-ct2500\\\/\",\"url\":\"https:\\\/\\\/www.petroni.hr\\\/en\\\/proizvod\\\/camper-trolley-ct2500\\\/\",\"name\":\"Mover Camper Trolley RT2500 | Petroni - rent | sale | service | conversions\",\"isPartOf\":{\"@id\":\"https:\\\/\\\/www.petroni.hr\\\/en\\\/#website\"},\"primaryImageOfPage\":{\"@id\":\"https:\\\/\\\/www.petroni.hr\\\/en\\\/proizvod\\\/camper-trolley-ct2500\\\/#primaryimage\"},\"image\":{\"@id\":\"https:\\\/\\\/www.petroni.hr\\\/en\\\/proizvod\\\/camper-trolley-ct2500\\\/#primaryimage\"},\"thumbnailUrl\":\"https:\\\/\\\/www.petroni.hr\\\/wp-content\\\/uploads\\\/2020\\\/11\\\/Group-26.png\",\"datePublished\":\"2020-11-11T08:31:11+00:00\",\"dateModified\":\"2024-12-10T13:59:20+00:00\",\"breadcrumb\":{\"@id\":\"https:\\\/\\\/www.petroni.hr\\\/en\\\/proizvod\\\/camper-trolley-ct2500\\\/#breadcrumb\"},\"inLanguage\":\"en-US\",\"potentialAction\":[{\"@type\":\"ReadAction\",\"target\":[\"https:\\\/\\\/www.petroni.hr\\\/en\\\/proizvod\\\/camper-trolley-ct2500\\\/\"]}]},{\"@type\":\"ImageObject\",\"inLanguage\":\"en-US\",\"@id\":\"https:\\\/\\\/www.petroni.hr\\\/en\\\/proizvod\\\/camper-trolley-ct2500\\\/#primaryimage\",\"url\":\"https:\\\/\\\/www.petroni.hr\\\/wp-content\\\/uploads\\\/2020\\\/11\\\/Group-26.png\",\"contentUrl\":\"https:\\\/\\\/www.petroni.hr\\\/wp-content\\\/uploads\\\/2020\\\/11\\\/Group-26.png\",\"width\":550,\"height\":401},{\"@type\":\"BreadcrumbList\",\"@id\":\"https:\\\/\\\/www.petroni.hr\\\/en\\\/proizvod\\\/camper-trolley-ct2500\\\/#breadcrumb\",\"itemListElement\":[{\"@type\":\"ListItem\",\"position\":1,\"name\":\"Po\u010detna stranica\",\"item\":\"https:\\\/\\\/www.petroni.hr\\\/en\\\/\"},{\"@type\":\"ListItem\",\"position\":2,\"name\":\"Shop\",\"item\":\"https:\\\/\\\/www.petroni.hr\\\/en\\\/shop\\\/\"},{\"@type\":\"ListItem\",\"position\":3,\"name\":\"Mover Camper Trolley RT2500\"}]},{\"@type\":\"WebSite\",\"@id\":\"https:\\\/\\\/www.petroni.hr\\\/en\\\/#website\",\"url\":\"https:\\\/\\\/www.petroni.hr\\\/en\\\/\",\"name\":\"Petroni.hr\",\"description\":\"Experience the unprecedented freedom of travel\",\"publisher\":{\"@id\":\"https:\\\/\\\/www.petroni.hr\\\/en\\\/#organization\"},\"alternateName\":\"Petroni\",\"potentialAction\":[{\"@type\":\"SearchAction\",\"target\":{\"@type\":\"EntryPoint\",\"urlTemplate\":\"https:\\\/\\\/www.petroni.hr\\\/en\\\/?s={search_term_string}\"},\"query-input\":{\"@type\":\"PropertyValueSpecification\",\"valueRequired\":true,\"valueName\":\"search_term_string\"}}],\"inLanguage\":\"en-US\"},{\"@type\":\"Organization\",\"@id\":\"https:\\\/\\\/www.petroni.hr\\\/en\\\/#organization\",\"name\":\"Petroni d.o.o.\",\"alternateName\":\"Petroni\",\"url\":\"https:\\\/\\\/www.petroni.hr\\\/en\\\/\",\"logo\":{\"@type\":\"ImageObject\",\"inLanguage\":\"en-US\",\"@id\":\"https:\\\/\\\/www.petroni.hr\\\/en\\\/#\\\/schema\\\/logo\\\/image\\\/\",\"url\":\"https:\\\/\\\/www.petroni.hr\\\/wp-content\\\/uploads\\\/2024\\\/03\\\/cropped-Group-3.jpg\",\"contentUrl\":\"https:\\\/\\\/www.petroni.hr\\\/wp-content\\\/uploads\\\/2024\\\/03\\\/cropped-Group-3.jpg\",\"width\":512,\"height\":512,\"caption\":\"Petroni d.o.o.\"},\"image\":{\"@id\":\"https:\\\/\\\/www.petroni.hr\\\/en\\\/#\\\/schema\\\/logo\\\/image\\\/\"},\"sameAs\":[\"https:\\\/\\\/www.facebook.com\\\/Kamperi.Petroni.Sesvete\\\/?locale=hr_HR\"]}]}<\/script>\n<!-- \/ Yoast SEO plugin. -->","yoast_head_json":{"title":"Mover Camper Trolley RT2500 | Petroni - rent | sale | service | conversions","robots":{"index":"index","follow":"follow","max-snippet":"max-snippet:-1","max-image-preview":"max-image-preview:large","max-video-preview":"max-video-preview:-1"},"canonical":"https:\/\/www.petroni.hr\/en\/proizvod\/camper-trolley-ct2500\/","og_locale":"en_US","og_type":"article","og_title":"Mover Camper Trolley RT2500 | Petroni - rent | sale | service | conversions","og_description":"Camper Trolley dizajniran je da vam pomegne pri manevriranju va\u0161im prikolicama. Naravno da teren utje\u010de na to koliko je u\u010dinkovita snaga koju Camper Trolley prenosi na povr\u0161inu. Na \u010dvrstom tlu, CamperTrolley lako manevrira va\u0161om prikolicom ili karavanom gore-dolje nizbrdo, unutar i izvan va\u0161eg prilaza ili na teren za kampiranje. Camper Trolley ekvivalent je dvojici sna\u017enih [&hellip;]","og_url":"https:\/\/www.petroni.hr\/en\/proizvod\/camper-trolley-ct2500\/","og_site_name":"Petroni - rent | sale | service | conversions","article_publisher":"https:\/\/www.facebook.com\/Kamperi.Petroni.Sesvete\/?locale=hr_HR","article_modified_time":"2024-12-10T13:59:20+00:00","og_image":[{"width":550,"height":401,"url":"https:\/\/www.petroni.hr\/wp-content\/uploads\/2020\/11\/Group-26.png","type":"image\/png"}],"twitter_card":"summary_large_image","twitter_misc":{"Est. reading time":"1 minute"},"schema":{"@context":"https:\/\/schema.org","@graph":[{"@type":"WebPage","@id":"https:\/\/www.petroni.hr\/en\/proizvod\/camper-trolley-ct2500\/","url":"https:\/\/www.petroni.hr\/en\/proizvod\/camper-trolley-ct2500\/","name":"Mover Camper Trolley RT2500 | Petroni - rent | sale | service | conversions","isPartOf":{"@id":"https:\/\/www.petroni.hr\/en\/#website"},"primaryImageOfPage":{"@id":"https:\/\/www.petroni.hr\/en\/proizvod\/camper-trolley-ct2500\/#primaryimage"},"image":{"@id":"https:\/\/www.petroni.hr\/en\/proizvod\/camper-trolley-ct2500\/#primaryimage"},"thumbnailUrl":"https:\/\/www.petroni.hr\/wp-content\/uploads\/2020\/11\/Group-26.png","datePublished":"2020-11-11T08:31:11+00:00","dateModified":"2024-12-10T13:59:20+00:00","breadcrumb":{"@id":"https:\/\/www.petroni.hr\/en\/proizvod\/camper-trolley-ct2500\/#breadcrumb"},"inLanguage":"en-US","potentialAction":[{"@type":"ReadAction","target":["https:\/\/www.petroni.hr\/en\/proizvod\/camper-trolley-ct2500\/"]}]},{"@type":"ImageObject","inLanguage":"en-US","@id":"https:\/\/www.petroni.hr\/en\/proizvod\/camper-trolley-ct2500\/#primaryimage","url":"https:\/\/www.petroni.hr\/wp-content\/uploads\/2020\/11\/Group-26.png","contentUrl":"https:\/\/www.petroni.hr\/wp-content\/uploads\/2020\/11\/Group-26.png","width":550,"height":401},{"@type":"BreadcrumbList","@id":"https:\/\/www.petroni.hr\/en\/proizvod\/camper-trolley-ct2500\/#breadcrumb","itemListElement":[{"@type":"ListItem","position":1,"name":"Po\u010detna stranica","item":"https:\/\/www.petroni.hr\/en\/"},{"@type":"ListItem","position":2,"name":"Shop","item":"https:\/\/www.petroni.hr\/en\/shop\/"},{"@type":"ListItem","position":3,"name":"Mover Camper Trolley RT2500"}]},{"@type":"WebSite","@id":"https:\/\/www.petroni.hr\/en\/#website","url":"https:\/\/www.petroni.hr\/en\/","name":"Petroni.hr","description":"Experience the unprecedented freedom of travel","publisher":{"@id":"https:\/\/www.petroni.hr\/en\/#organization"},"alternateName":"Petroni","potentialAction":[{"@type":"SearchAction","target":{"@type":"EntryPoint","urlTemplate":"https:\/\/www.petroni.hr\/en\/?s={search_term_string}"},"query-input":{"@type":"PropertyValueSpecification","valueRequired":true,"valueName":"search_term_string"}}],"inLanguage":"en-US"},{"@type":"Organization","@id":"https:\/\/www.petroni.hr\/en\/#organization","name":"Petroni d.o.o.","alternateName":"Petroni","url":"https:\/\/www.petroni.hr\/en\/","logo":{"@type":"ImageObject","inLanguage":"en-US","@id":"https:\/\/www.petroni.hr\/en\/#\/schema\/logo\/image\/","url":"https:\/\/www.petroni.hr\/wp-content\/uploads\/2024\/03\/cropped-Group-3.jpg","contentUrl":"https:\/\/www.petroni.hr\/wp-content\/uploads\/2024\/03\/cropped-Group-3.jpg","width":512,"height":512,"caption":"Petroni d.o.o."},"image":{"@id":"https:\/\/www.petroni.hr\/en\/#\/schema\/logo\/image\/"},"sameAs":["https:\/\/www.facebook.com\/Kamperi.Petroni.Sesvete\/?locale=hr_HR"]}]}},"_links":{"self":[{"href":"https:\/\/www.petroni.hr\/en\/wp-json\/wp\/v2\/product\/9064","targetHints":{"allow":["GET"]}}],"collection":[{"href":"https:\/\/www.petroni.hr\/en\/wp-json\/wp\/v2\/product"}],"about":[{"href":"https:\/\/www.petroni.hr\/en\/wp-json\/wp\/v2\/types\/product"}],"replies":[{"embeddable":true,"href":"https:\/\/www.petroni.hr\/en\/wp-json\/wp\/v2\/comments?post=9064"}],"wp:featuredmedia":[{"embeddable":true,"href":"https:\/\/www.petroni.hr\/en\/wp-json\/wp\/v2\/media\/9058"}],"wp:attachment":[{"href":"https:\/\/www.petroni.hr\/en\/wp-json\/wp\/v2\/media?parent=9064"}],"wp:term":[{"taxonomy":"product_brand","embeddable":true,"href":"https:\/\/www.petroni.hr\/en\/wp-json\/wp\/v2\/product_brand?post=9064"},{"taxonomy":"product_cat","embeddable":true,"href":"https:\/\/www.petroni.hr\/en\/wp-json\/wp\/v2\/product_cat?post=9064"},{"taxonomy":"product_tag","embeddable":true,"href":"https:\/\/www.petroni.hr\/en\/wp-json\/wp\/v2\/product_tag?post=9064"}],"curies":[{"name":"wp","href":"https:\/\/api.w.org\/{rel}","templated":true}]}}