{"id":8310,"date":"2020-10-05T16:58:40","date_gmt":"2020-10-05T15:58:40","guid":{"rendered":"https:\/\/www.petroni.hr\/?post_type=product&#038;p=8310"},"modified":"2024-12-11T13:31:43","modified_gmt":"2024-12-11T12:31:43","slug":"pretvarac-12v-220v-300w","status":"publish","type":"product","link":"https:\/\/www.petroni.hr\/en\/proizvod\/pretvarac-12v-220v-300w\/","title":{"rendered":"Inverter VECHLINE 12V\/220V 300W"},"content":{"rendered":"<p>Nova serija pretvara\u010da od 12 &#8211; 230 V s novim dizajnom i pobolj\u0161anim performansama. Osigura\u010d dostupan bez rastavljanja i u\u010dvr\u0161\u0107ivanja no\u017eica prisutnih u svakom modelu.<\/p>\n<p>2 USB 5V, 2A,\u00a0 prisilno hla\u0111enje zrakom na ve\u0107im modelima.<\/p>\n<p>U skladu s direktivama 214\/30 \/ EU i 2014\/34 \/ EU.<\/p>\n<p>TEHNI\u010cKI PODACI:<br \/>\nNazivna snaga (W): 300.<br \/>\nVr\u0161na snaga (W): 600.<br \/>\nFrekvencija: 50Hz +\/- 2Hz.<br \/>\nPotro\u0161nja u stanju pripravnosti: &lt;0,3A<br \/>\nZa\u0161tita od pregrijavanja da.<br \/>\nZa\u0161tita od preoptere\u0107enja da.<br \/>\nZa\u0161tita od obrnutog polariteta:<br \/>\npreko vanjskog osigura\u010da.<br \/>\nZa\u0161tita od kratkog spoja\u00a0 &#8211; da.<br \/>\nKabel za napajanje.<br \/>\nDuljina kabela za napajanje:<br \/>\n55 cm \/ 3 mm\u00b2.<br \/>\nUSB 5V \/ 2100mA izlaz 2<br \/>\nDimenzije &#8211; 190x105x65mm<\/p>\n<p>Te\u017eina (kg): 0,8.<\/p>\n","protected":false},"excerpt":{"rendered":"<p>Nova serija pretvara\u010da od 12 &#8211; 230 V s novim dizajnom i pobolj\u0161anim performansama. Osigura\u010d dostupan bez rastavljanja i u\u010dvr\u0161\u0107ivanja no\u017eica prisutnih u svakom modelu. 2 USB 5V, 2A,\u00a0 prisilno hla\u0111enje zrakom na ve\u0107im modelima. U skladu s direktivama 214\/30 \/ EU i 2014\/34 \/ EU. TEHNI\u010cKI PODACI: Nazivna snaga (W): 300. Vr\u0161na snaga (W): [&hellip;]<\/p>\n","protected":false},"featured_media":8311,"comment_status":"open","ping_status":"closed","template":"","meta":{"_acf_changed":false,"_themeisle_gutenberg_block_has_review":false},"product_brand":[],"product_cat":[213,233],"product_tag":[],"class_list":{"0":"post-8310","1":"product","2":"type-product","3":"status-publish","4":"has-post-thumbnail","6":"product_cat-electrical","7":"product_cat-inverter","9":"first","10":"outofstock","11":"shipping-taxable","12":"purchasable","13":"product-type-simple"},"acf":[],"yoast_head":"<!-- This site is optimized with the Yoast SEO plugin v27.4 - https:\/\/yoast.com\/product\/yoast-seo-wordpress\/ -->\n<title>Inverter VECHLINE 12V\/220V 300W | Petroni - rent | sale | service | conversions<\/title>\n<meta name=\"robots\" content=\"index, follow, max-snippet:-1, max-image-preview:large, max-video-preview:-1\" \/>\n<link rel=\"canonical\" href=\"https:\/\/www.petroni.hr\/en\/proizvod\/pretvarac-12v-220v-300w\/\" \/>\n<meta property=\"og:locale\" content=\"en_US\" \/>\n<meta property=\"og:type\" content=\"article\" \/>\n<meta property=\"og:title\" content=\"Inverter VECHLINE 12V\/220V 300W | Petroni - rent | sale | service | conversions\" \/>\n<meta property=\"og:description\" content=\"Nova serija pretvara\u010da od 12 &#8211; 230 V s novim dizajnom i pobolj\u0161anim performansama. Osigura\u010d dostupan bez rastavljanja i u\u010dvr\u0161\u0107ivanja no\u017eica prisutnih u svakom modelu. 2 USB 5V, 2A,\u00a0 prisilno hla\u0111enje zrakom na ve\u0107im modelima. U skladu s direktivama 214\/30 \/ EU i 2014\/34 \/ EU. TEHNI\u010cKI PODACI: Nazivna snaga (W): 300. Vr\u0161na snaga (W): [&hellip;]\" \/>\n<meta property=\"og:url\" content=\"https:\/\/www.petroni.hr\/en\/proizvod\/pretvarac-12v-220v-300w\/\" \/>\n<meta property=\"og:site_name\" content=\"Petroni - rent | sale | service | conversions\" \/>\n<meta property=\"article:publisher\" content=\"https:\/\/www.facebook.com\/Kamperi.Petroni.Sesvete\/?locale=hr_HR\" \/>\n<meta property=\"article:modified_time\" content=\"2024-12-11T12:31:43+00:00\" \/>\n<meta property=\"og:image\" content=\"https:\/\/www.petroni.hr\/wp-content\/uploads\/2020\/10\/Inverter-Tensione-Onda-Quadra-300-W-Vechline-Nuovo-Modello-15938660_a900x900.jpg\" \/>\n\t<meta property=\"og:image:width\" content=\"1056\" \/>\n\t<meta property=\"og:image:height\" content=\"767\" \/>\n\t<meta property=\"og:image:type\" content=\"image\/jpeg\" \/>\n<meta name=\"twitter:card\" content=\"summary_large_image\" \/>\n<meta name=\"twitter:label1\" content=\"Est. reading time\" \/>\n\t<meta name=\"twitter:data1\" content=\"1 minute\" \/>\n<script type=\"application\/ld+json\" class=\"yoast-schema-graph\">{\"@context\":\"https:\\\/\\\/schema.org\",\"@graph\":[{\"@type\":\"WebPage\",\"@id\":\"https:\\\/\\\/www.petroni.hr\\\/en\\\/proizvod\\\/pretvarac-12v-220v-300w\\\/\",\"url\":\"https:\\\/\\\/www.petroni.hr\\\/en\\\/proizvod\\\/pretvarac-12v-220v-300w\\\/\",\"name\":\"Inverter VECHLINE 12V\\\/220V 300W | Petroni - rent | sale | service | conversions\",\"isPartOf\":{\"@id\":\"https:\\\/\\\/www.petroni.hr\\\/en\\\/#website\"},\"primaryImageOfPage\":{\"@id\":\"https:\\\/\\\/www.petroni.hr\\\/en\\\/proizvod\\\/pretvarac-12v-220v-300w\\\/#primaryimage\"},\"image\":{\"@id\":\"https:\\\/\\\/www.petroni.hr\\\/en\\\/proizvod\\\/pretvarac-12v-220v-300w\\\/#primaryimage\"},\"thumbnailUrl\":\"https:\\\/\\\/www.petroni.hr\\\/wp-content\\\/uploads\\\/2020\\\/10\\\/Inverter-Tensione-Onda-Quadra-300-W-Vechline-Nuovo-Modello-15938660_a900x900.jpg\",\"datePublished\":\"2020-10-05T15:58:40+00:00\",\"dateModified\":\"2024-12-11T12:31:43+00:00\",\"breadcrumb\":{\"@id\":\"https:\\\/\\\/www.petroni.hr\\\/en\\\/proizvod\\\/pretvarac-12v-220v-300w\\\/#breadcrumb\"},\"inLanguage\":\"en-US\",\"potentialAction\":[{\"@type\":\"ReadAction\",\"target\":[\"https:\\\/\\\/www.petroni.hr\\\/en\\\/proizvod\\\/pretvarac-12v-220v-300w\\\/\"]}]},{\"@type\":\"ImageObject\",\"inLanguage\":\"en-US\",\"@id\":\"https:\\\/\\\/www.petroni.hr\\\/en\\\/proizvod\\\/pretvarac-12v-220v-300w\\\/#primaryimage\",\"url\":\"https:\\\/\\\/www.petroni.hr\\\/wp-content\\\/uploads\\\/2020\\\/10\\\/Inverter-Tensione-Onda-Quadra-300-W-Vechline-Nuovo-Modello-15938660_a900x900.jpg\",\"contentUrl\":\"https:\\\/\\\/www.petroni.hr\\\/wp-content\\\/uploads\\\/2020\\\/10\\\/Inverter-Tensione-Onda-Quadra-300-W-Vechline-Nuovo-Modello-15938660_a900x900.jpg\",\"width\":1056,\"height\":767},{\"@type\":\"BreadcrumbList\",\"@id\":\"https:\\\/\\\/www.petroni.hr\\\/en\\\/proizvod\\\/pretvarac-12v-220v-300w\\\/#breadcrumb\",\"itemListElement\":[{\"@type\":\"ListItem\",\"position\":1,\"name\":\"Po\u010detna stranica\",\"item\":\"https:\\\/\\\/www.petroni.hr\\\/en\\\/\"},{\"@type\":\"ListItem\",\"position\":2,\"name\":\"Shop\",\"item\":\"https:\\\/\\\/www.petroni.hr\\\/en\\\/shop\\\/\"},{\"@type\":\"ListItem\",\"position\":3,\"name\":\"Inverter VECHLINE 12V\\\/220V 300W\"}]},{\"@type\":\"WebSite\",\"@id\":\"https:\\\/\\\/www.petroni.hr\\\/en\\\/#website\",\"url\":\"https:\\\/\\\/www.petroni.hr\\\/en\\\/\",\"name\":\"Petroni.hr\",\"description\":\"Experience the unprecedented freedom of travel\",\"publisher\":{\"@id\":\"https:\\\/\\\/www.petroni.hr\\\/en\\\/#organization\"},\"alternateName\":\"Petroni\",\"potentialAction\":[{\"@type\":\"SearchAction\",\"target\":{\"@type\":\"EntryPoint\",\"urlTemplate\":\"https:\\\/\\\/www.petroni.hr\\\/en\\\/?s={search_term_string}\"},\"query-input\":{\"@type\":\"PropertyValueSpecification\",\"valueRequired\":true,\"valueName\":\"search_term_string\"}}],\"inLanguage\":\"en-US\"},{\"@type\":\"Organization\",\"@id\":\"https:\\\/\\\/www.petroni.hr\\\/en\\\/#organization\",\"name\":\"Petroni d.o.o.\",\"alternateName\":\"Petroni\",\"url\":\"https:\\\/\\\/www.petroni.hr\\\/en\\\/\",\"logo\":{\"@type\":\"ImageObject\",\"inLanguage\":\"en-US\",\"@id\":\"https:\\\/\\\/www.petroni.hr\\\/en\\\/#\\\/schema\\\/logo\\\/image\\\/\",\"url\":\"https:\\\/\\\/www.petroni.hr\\\/wp-content\\\/uploads\\\/2024\\\/03\\\/cropped-Group-3.jpg\",\"contentUrl\":\"https:\\\/\\\/www.petroni.hr\\\/wp-content\\\/uploads\\\/2024\\\/03\\\/cropped-Group-3.jpg\",\"width\":512,\"height\":512,\"caption\":\"Petroni d.o.o.\"},\"image\":{\"@id\":\"https:\\\/\\\/www.petroni.hr\\\/en\\\/#\\\/schema\\\/logo\\\/image\\\/\"},\"sameAs\":[\"https:\\\/\\\/www.facebook.com\\\/Kamperi.Petroni.Sesvete\\\/?locale=hr_HR\"]}]}<\/script>\n<!-- \/ Yoast SEO plugin. -->","yoast_head_json":{"title":"Inverter VECHLINE 12V\/220V 300W | Petroni - rent | sale | service | conversions","robots":{"index":"index","follow":"follow","max-snippet":"max-snippet:-1","max-image-preview":"max-image-preview:large","max-video-preview":"max-video-preview:-1"},"canonical":"https:\/\/www.petroni.hr\/en\/proizvod\/pretvarac-12v-220v-300w\/","og_locale":"en_US","og_type":"article","og_title":"Inverter VECHLINE 12V\/220V 300W | Petroni - rent | sale | service | conversions","og_description":"Nova serija pretvara\u010da od 12 &#8211; 230 V s novim dizajnom i pobolj\u0161anim performansama. Osigura\u010d dostupan bez rastavljanja i u\u010dvr\u0161\u0107ivanja no\u017eica prisutnih u svakom modelu. 2 USB 5V, 2A,\u00a0 prisilno hla\u0111enje zrakom na ve\u0107im modelima. U skladu s direktivama 214\/30 \/ EU i 2014\/34 \/ EU. TEHNI\u010cKI PODACI: Nazivna snaga (W): 300. Vr\u0161na snaga (W): [&hellip;]","og_url":"https:\/\/www.petroni.hr\/en\/proizvod\/pretvarac-12v-220v-300w\/","og_site_name":"Petroni - rent | sale | service | conversions","article_publisher":"https:\/\/www.facebook.com\/Kamperi.Petroni.Sesvete\/?locale=hr_HR","article_modified_time":"2024-12-11T12:31:43+00:00","og_image":[{"width":1056,"height":767,"url":"https:\/\/www.petroni.hr\/wp-content\/uploads\/2020\/10\/Inverter-Tensione-Onda-Quadra-300-W-Vechline-Nuovo-Modello-15938660_a900x900.jpg","type":"image\/jpeg"}],"twitter_card":"summary_large_image","twitter_misc":{"Est. reading time":"1 minute"},"schema":{"@context":"https:\/\/schema.org","@graph":[{"@type":"WebPage","@id":"https:\/\/www.petroni.hr\/en\/proizvod\/pretvarac-12v-220v-300w\/","url":"https:\/\/www.petroni.hr\/en\/proizvod\/pretvarac-12v-220v-300w\/","name":"Inverter VECHLINE 12V\/220V 300W | Petroni - rent | sale | service | conversions","isPartOf":{"@id":"https:\/\/www.petroni.hr\/en\/#website"},"primaryImageOfPage":{"@id":"https:\/\/www.petroni.hr\/en\/proizvod\/pretvarac-12v-220v-300w\/#primaryimage"},"image":{"@id":"https:\/\/www.petroni.hr\/en\/proizvod\/pretvarac-12v-220v-300w\/#primaryimage"},"thumbnailUrl":"https:\/\/www.petroni.hr\/wp-content\/uploads\/2020\/10\/Inverter-Tensione-Onda-Quadra-300-W-Vechline-Nuovo-Modello-15938660_a900x900.jpg","datePublished":"2020-10-05T15:58:40+00:00","dateModified":"2024-12-11T12:31:43+00:00","breadcrumb":{"@id":"https:\/\/www.petroni.hr\/en\/proizvod\/pretvarac-12v-220v-300w\/#breadcrumb"},"inLanguage":"en-US","potentialAction":[{"@type":"ReadAction","target":["https:\/\/www.petroni.hr\/en\/proizvod\/pretvarac-12v-220v-300w\/"]}]},{"@type":"ImageObject","inLanguage":"en-US","@id":"https:\/\/www.petroni.hr\/en\/proizvod\/pretvarac-12v-220v-300w\/#primaryimage","url":"https:\/\/www.petroni.hr\/wp-content\/uploads\/2020\/10\/Inverter-Tensione-Onda-Quadra-300-W-Vechline-Nuovo-Modello-15938660_a900x900.jpg","contentUrl":"https:\/\/www.petroni.hr\/wp-content\/uploads\/2020\/10\/Inverter-Tensione-Onda-Quadra-300-W-Vechline-Nuovo-Modello-15938660_a900x900.jpg","width":1056,"height":767},{"@type":"BreadcrumbList","@id":"https:\/\/www.petroni.hr\/en\/proizvod\/pretvarac-12v-220v-300w\/#breadcrumb","itemListElement":[{"@type":"ListItem","position":1,"name":"Po\u010detna stranica","item":"https:\/\/www.petroni.hr\/en\/"},{"@type":"ListItem","position":2,"name":"Shop","item":"https:\/\/www.petroni.hr\/en\/shop\/"},{"@type":"ListItem","position":3,"name":"Inverter VECHLINE 12V\/220V 300W"}]},{"@type":"WebSite","@id":"https:\/\/www.petroni.hr\/en\/#website","url":"https:\/\/www.petroni.hr\/en\/","name":"Petroni.hr","description":"Experience the unprecedented freedom of travel","publisher":{"@id":"https:\/\/www.petroni.hr\/en\/#organization"},"alternateName":"Petroni","potentialAction":[{"@type":"SearchAction","target":{"@type":"EntryPoint","urlTemplate":"https:\/\/www.petroni.hr\/en\/?s={search_term_string}"},"query-input":{"@type":"PropertyValueSpecification","valueRequired":true,"valueName":"search_term_string"}}],"inLanguage":"en-US"},{"@type":"Organization","@id":"https:\/\/www.petroni.hr\/en\/#organization","name":"Petroni d.o.o.","alternateName":"Petroni","url":"https:\/\/www.petroni.hr\/en\/","logo":{"@type":"ImageObject","inLanguage":"en-US","@id":"https:\/\/www.petroni.hr\/en\/#\/schema\/logo\/image\/","url":"https:\/\/www.petroni.hr\/wp-content\/uploads\/2024\/03\/cropped-Group-3.jpg","contentUrl":"https:\/\/www.petroni.hr\/wp-content\/uploads\/2024\/03\/cropped-Group-3.jpg","width":512,"height":512,"caption":"Petroni d.o.o."},"image":{"@id":"https:\/\/www.petroni.hr\/en\/#\/schema\/logo\/image\/"},"sameAs":["https:\/\/www.facebook.com\/Kamperi.Petroni.Sesvete\/?locale=hr_HR"]}]}},"_links":{"self":[{"href":"https:\/\/www.petroni.hr\/en\/wp-json\/wp\/v2\/product\/8310","targetHints":{"allow":["GET"]}}],"collection":[{"href":"https:\/\/www.petroni.hr\/en\/wp-json\/wp\/v2\/product"}],"about":[{"href":"https:\/\/www.petroni.hr\/en\/wp-json\/wp\/v2\/types\/product"}],"replies":[{"embeddable":true,"href":"https:\/\/www.petroni.hr\/en\/wp-json\/wp\/v2\/comments?post=8310"}],"wp:featuredmedia":[{"embeddable":true,"href":"https:\/\/www.petroni.hr\/en\/wp-json\/wp\/v2\/media\/8311"}],"wp:attachment":[{"href":"https:\/\/www.petroni.hr\/en\/wp-json\/wp\/v2\/media?parent=8310"}],"wp:term":[{"taxonomy":"product_brand","embeddable":true,"href":"https:\/\/www.petroni.hr\/en\/wp-json\/wp\/v2\/product_brand?post=8310"},{"taxonomy":"product_cat","embeddable":true,"href":"https:\/\/www.petroni.hr\/en\/wp-json\/wp\/v2\/product_cat?post=8310"},{"taxonomy":"product_tag","embeddable":true,"href":"https:\/\/www.petroni.hr\/en\/wp-json\/wp\/v2\/product_tag?post=8310"}],"curies":[{"name":"wp","href":"https:\/\/api.w.org\/{rel}","templated":true}]}}