{"id":8306,"date":"2020-10-05T16:52:04","date_gmt":"2020-10-05T15:52:04","guid":{"rendered":"https:\/\/www.petroni.hr\/?post_type=product&#038;p=8306"},"modified":"2026-03-09T18:37:17","modified_gmt":"2026-03-09T17:37:17","slug":"pretvarac-12v-220v-200w-sa-sinusnim-naponom","status":"publish","type":"product","link":"https:\/\/www.petroni.hr\/en\/proizvod\/pretvarac-12v-220v-200w-sa-sinusnim-naponom\/","title":{"rendered":"Inverter 12V\/220V 200W sa sinusnim naponom"},"content":{"rendered":"<p>Za kori\u0161tenje mnogih malih ku\u0107anskih ure\u0111aja<br \/>\nUSB veza 5 V ~ 2,1 A.<br \/>\nZa\u0161tita akumulatora isklju\u010divanjem podnapona \/ prenapona<br \/>\nZa\u0161tita od obrnutog polariteta, za\u0161tita od preoptere\u0107enja<br \/>\nIsklju\u010divanje prekomjerne temperature (&gt; 75 \u00b0 C)<br \/>\nCE i e-oznaka certificirana za ugradnju u vozila<\/p>\n<p>Opis predmeta: Ulazni napon istosmjerne struje: 12 V<br \/>\nRaspon ulaznog napona: 10,5V-16V<br \/>\nNazivna snaga: 200 W.<br \/>\nVr\u0161na snaga kratkoro\u010dno (2S): 400 W.<br \/>\nIzlazni napon (\u00b1 5%): 220 &#8211; 240 V<br \/>\nPrag isklju\u010denja \/ podnapon: 10,0 \u00b1 0,5 V<br \/>\nStruja mirovanja: &lt;0,17 A.<br \/>\nU\u010dinkovitost:&gt; 90%<br \/>\nVentilator<br \/>\nZa\u0161tita: da<br \/>\nUti\u010dnica: 1<br \/>\nDimenzije (\u0160 x V x D) u mm: 120 x 100 x 50<br \/>\nTe\u017eina: pribli\u017eno 0,6 kg<\/p>\n","protected":false},"excerpt":{"rendered":"<p>Za kori\u0161tenje mnogih malih ku\u0107anskih ure\u0111aja USB veza 5 V ~ 2,1 A. Za\u0161tita akumulatora isklju\u010divanjem podnapona \/ prenapona Za\u0161tita od obrnutog polariteta, za\u0161tita od preoptere\u0107enja Isklju\u010divanje prekomjerne temperature (&gt; 75 \u00b0 C) CE i e-oznaka certificirana za ugradnju u vozila Opis predmeta: Ulazni napon istosmjerne struje: 12 V Raspon ulaznog napona: 10,5V-16V Nazivna snaga: [&hellip;]<\/p>\n","protected":false},"featured_media":8307,"comment_status":"open","ping_status":"closed","template":"","meta":{"_acf_changed":false,"_themeisle_gutenberg_block_has_review":false},"product_brand":[],"product_cat":[213,233],"product_tag":[],"class_list":{"0":"post-8306","1":"product","2":"type-product","3":"status-publish","4":"has-post-thumbnail","6":"product_cat-electrical","7":"product_cat-inverter","9":"first","10":"instock","11":"shipping-taxable","12":"purchasable","13":"product-type-simple"},"acf":[],"yoast_head":"<!-- This site is optimized with the Yoast SEO plugin v27.4 - https:\/\/yoast.com\/product\/yoast-seo-wordpress\/ -->\n<title>Inverter 12V\/220V 200W sa sinusnim naponom | Petroni - rent | sale | service | conversions<\/title>\n<meta name=\"robots\" content=\"index, follow, max-snippet:-1, max-image-preview:large, max-video-preview:-1\" \/>\n<link rel=\"canonical\" href=\"https:\/\/www.petroni.hr\/en\/proizvod\/pretvarac-12v-220v-200w-sa-sinusnim-naponom\/\" \/>\n<meta property=\"og:locale\" content=\"en_US\" \/>\n<meta property=\"og:type\" content=\"article\" \/>\n<meta property=\"og:title\" content=\"Inverter 12V\/220V 200W sa sinusnim naponom | Petroni - rent | sale | service | conversions\" \/>\n<meta property=\"og:description\" content=\"Za kori\u0161tenje mnogih malih ku\u0107anskih ure\u0111aja USB veza 5 V ~ 2,1 A. Za\u0161tita akumulatora isklju\u010divanjem podnapona \/ prenapona Za\u0161tita od obrnutog polariteta, za\u0161tita od preoptere\u0107enja Isklju\u010divanje prekomjerne temperature (&gt; 75 \u00b0 C) CE i e-oznaka certificirana za ugradnju u vozila Opis predmeta: Ulazni napon istosmjerne struje: 12 V Raspon ulaznog napona: 10,5V-16V Nazivna snaga: [&hellip;]\" \/>\n<meta property=\"og:url\" content=\"https:\/\/www.petroni.hr\/en\/proizvod\/pretvarac-12v-220v-200w-sa-sinusnim-naponom\/\" \/>\n<meta property=\"og:site_name\" content=\"Petroni - rent | sale | service | conversions\" \/>\n<meta property=\"article:publisher\" content=\"https:\/\/www.facebook.com\/Kamperi.Petroni.Sesvete\/?locale=hr_HR\" \/>\n<meta property=\"article:modified_time\" content=\"2026-03-09T17:37:17+00:00\" \/>\n<meta property=\"og:image\" content=\"https:\/\/www.petroni.hr\/wp-content\/uploads\/2020\/10\/82291_popup.jpg\" \/>\n\t<meta property=\"og:image:width\" content=\"731\" \/>\n\t<meta property=\"og:image:height\" content=\"600\" \/>\n\t<meta property=\"og:image:type\" content=\"image\/jpeg\" \/>\n<meta name=\"twitter:card\" content=\"summary_large_image\" \/>\n<meta name=\"twitter:label1\" content=\"Est. reading time\" \/>\n\t<meta name=\"twitter:data1\" content=\"1 minute\" \/>\n<script type=\"application\/ld+json\" class=\"yoast-schema-graph\">{\"@context\":\"https:\\\/\\\/schema.org\",\"@graph\":[{\"@type\":\"WebPage\",\"@id\":\"https:\\\/\\\/www.petroni.hr\\\/en\\\/proizvod\\\/pretvarac-12v-220v-200w-sa-sinusnim-naponom\\\/\",\"url\":\"https:\\\/\\\/www.petroni.hr\\\/en\\\/proizvod\\\/pretvarac-12v-220v-200w-sa-sinusnim-naponom\\\/\",\"name\":\"Inverter 12V\\\/220V 200W sa sinusnim naponom | Petroni - rent | sale | service | conversions\",\"isPartOf\":{\"@id\":\"https:\\\/\\\/www.petroni.hr\\\/en\\\/#website\"},\"primaryImageOfPage\":{\"@id\":\"https:\\\/\\\/www.petroni.hr\\\/en\\\/proizvod\\\/pretvarac-12v-220v-200w-sa-sinusnim-naponom\\\/#primaryimage\"},\"image\":{\"@id\":\"https:\\\/\\\/www.petroni.hr\\\/en\\\/proizvod\\\/pretvarac-12v-220v-200w-sa-sinusnim-naponom\\\/#primaryimage\"},\"thumbnailUrl\":\"https:\\\/\\\/www.petroni.hr\\\/wp-content\\\/uploads\\\/2020\\\/10\\\/82291_popup.jpg\",\"datePublished\":\"2020-10-05T15:52:04+00:00\",\"dateModified\":\"2026-03-09T17:37:17+00:00\",\"breadcrumb\":{\"@id\":\"https:\\\/\\\/www.petroni.hr\\\/en\\\/proizvod\\\/pretvarac-12v-220v-200w-sa-sinusnim-naponom\\\/#breadcrumb\"},\"inLanguage\":\"en-US\",\"potentialAction\":[{\"@type\":\"ReadAction\",\"target\":[\"https:\\\/\\\/www.petroni.hr\\\/en\\\/proizvod\\\/pretvarac-12v-220v-200w-sa-sinusnim-naponom\\\/\"]}]},{\"@type\":\"ImageObject\",\"inLanguage\":\"en-US\",\"@id\":\"https:\\\/\\\/www.petroni.hr\\\/en\\\/proizvod\\\/pretvarac-12v-220v-200w-sa-sinusnim-naponom\\\/#primaryimage\",\"url\":\"https:\\\/\\\/www.petroni.hr\\\/wp-content\\\/uploads\\\/2020\\\/10\\\/82291_popup.jpg\",\"contentUrl\":\"https:\\\/\\\/www.petroni.hr\\\/wp-content\\\/uploads\\\/2020\\\/10\\\/82291_popup.jpg\",\"width\":731,\"height\":600},{\"@type\":\"BreadcrumbList\",\"@id\":\"https:\\\/\\\/www.petroni.hr\\\/en\\\/proizvod\\\/pretvarac-12v-220v-200w-sa-sinusnim-naponom\\\/#breadcrumb\",\"itemListElement\":[{\"@type\":\"ListItem\",\"position\":1,\"name\":\"Po\u010detna stranica\",\"item\":\"https:\\\/\\\/www.petroni.hr\\\/en\\\/\"},{\"@type\":\"ListItem\",\"position\":2,\"name\":\"Shop\",\"item\":\"https:\\\/\\\/www.petroni.hr\\\/en\\\/shop\\\/\"},{\"@type\":\"ListItem\",\"position\":3,\"name\":\"Inverter 12V\\\/220V 200W sa sinusnim naponom\"}]},{\"@type\":\"WebSite\",\"@id\":\"https:\\\/\\\/www.petroni.hr\\\/en\\\/#website\",\"url\":\"https:\\\/\\\/www.petroni.hr\\\/en\\\/\",\"name\":\"Petroni.hr\",\"description\":\"Experience the unprecedented freedom of travel\",\"publisher\":{\"@id\":\"https:\\\/\\\/www.petroni.hr\\\/en\\\/#organization\"},\"alternateName\":\"Petroni\",\"potentialAction\":[{\"@type\":\"SearchAction\",\"target\":{\"@type\":\"EntryPoint\",\"urlTemplate\":\"https:\\\/\\\/www.petroni.hr\\\/en\\\/?s={search_term_string}\"},\"query-input\":{\"@type\":\"PropertyValueSpecification\",\"valueRequired\":true,\"valueName\":\"search_term_string\"}}],\"inLanguage\":\"en-US\"},{\"@type\":\"Organization\",\"@id\":\"https:\\\/\\\/www.petroni.hr\\\/en\\\/#organization\",\"name\":\"Petroni d.o.o.\",\"alternateName\":\"Petroni\",\"url\":\"https:\\\/\\\/www.petroni.hr\\\/en\\\/\",\"logo\":{\"@type\":\"ImageObject\",\"inLanguage\":\"en-US\",\"@id\":\"https:\\\/\\\/www.petroni.hr\\\/en\\\/#\\\/schema\\\/logo\\\/image\\\/\",\"url\":\"https:\\\/\\\/www.petroni.hr\\\/wp-content\\\/uploads\\\/2024\\\/03\\\/cropped-Group-3.jpg\",\"contentUrl\":\"https:\\\/\\\/www.petroni.hr\\\/wp-content\\\/uploads\\\/2024\\\/03\\\/cropped-Group-3.jpg\",\"width\":512,\"height\":512,\"caption\":\"Petroni d.o.o.\"},\"image\":{\"@id\":\"https:\\\/\\\/www.petroni.hr\\\/en\\\/#\\\/schema\\\/logo\\\/image\\\/\"},\"sameAs\":[\"https:\\\/\\\/www.facebook.com\\\/Kamperi.Petroni.Sesvete\\\/?locale=hr_HR\"]}]}<\/script>\n<!-- \/ Yoast SEO plugin. -->","yoast_head_json":{"title":"Inverter 12V\/220V 200W sa sinusnim naponom | Petroni - rent | sale | service | conversions","robots":{"index":"index","follow":"follow","max-snippet":"max-snippet:-1","max-image-preview":"max-image-preview:large","max-video-preview":"max-video-preview:-1"},"canonical":"https:\/\/www.petroni.hr\/en\/proizvod\/pretvarac-12v-220v-200w-sa-sinusnim-naponom\/","og_locale":"en_US","og_type":"article","og_title":"Inverter 12V\/220V 200W sa sinusnim naponom | Petroni - rent | sale | service | conversions","og_description":"Za kori\u0161tenje mnogih malih ku\u0107anskih ure\u0111aja USB veza 5 V ~ 2,1 A. Za\u0161tita akumulatora isklju\u010divanjem podnapona \/ prenapona Za\u0161tita od obrnutog polariteta, za\u0161tita od preoptere\u0107enja Isklju\u010divanje prekomjerne temperature (&gt; 75 \u00b0 C) CE i e-oznaka certificirana za ugradnju u vozila Opis predmeta: Ulazni napon istosmjerne struje: 12 V Raspon ulaznog napona: 10,5V-16V Nazivna snaga: [&hellip;]","og_url":"https:\/\/www.petroni.hr\/en\/proizvod\/pretvarac-12v-220v-200w-sa-sinusnim-naponom\/","og_site_name":"Petroni - rent | sale | service | conversions","article_publisher":"https:\/\/www.facebook.com\/Kamperi.Petroni.Sesvete\/?locale=hr_HR","article_modified_time":"2026-03-09T17:37:17+00:00","og_image":[{"width":731,"height":600,"url":"https:\/\/www.petroni.hr\/wp-content\/uploads\/2020\/10\/82291_popup.jpg","type":"image\/jpeg"}],"twitter_card":"summary_large_image","twitter_misc":{"Est. reading time":"1 minute"},"schema":{"@context":"https:\/\/schema.org","@graph":[{"@type":"WebPage","@id":"https:\/\/www.petroni.hr\/en\/proizvod\/pretvarac-12v-220v-200w-sa-sinusnim-naponom\/","url":"https:\/\/www.petroni.hr\/en\/proizvod\/pretvarac-12v-220v-200w-sa-sinusnim-naponom\/","name":"Inverter 12V\/220V 200W sa sinusnim naponom | Petroni - rent | sale | service | conversions","isPartOf":{"@id":"https:\/\/www.petroni.hr\/en\/#website"},"primaryImageOfPage":{"@id":"https:\/\/www.petroni.hr\/en\/proizvod\/pretvarac-12v-220v-200w-sa-sinusnim-naponom\/#primaryimage"},"image":{"@id":"https:\/\/www.petroni.hr\/en\/proizvod\/pretvarac-12v-220v-200w-sa-sinusnim-naponom\/#primaryimage"},"thumbnailUrl":"https:\/\/www.petroni.hr\/wp-content\/uploads\/2020\/10\/82291_popup.jpg","datePublished":"2020-10-05T15:52:04+00:00","dateModified":"2026-03-09T17:37:17+00:00","breadcrumb":{"@id":"https:\/\/www.petroni.hr\/en\/proizvod\/pretvarac-12v-220v-200w-sa-sinusnim-naponom\/#breadcrumb"},"inLanguage":"en-US","potentialAction":[{"@type":"ReadAction","target":["https:\/\/www.petroni.hr\/en\/proizvod\/pretvarac-12v-220v-200w-sa-sinusnim-naponom\/"]}]},{"@type":"ImageObject","inLanguage":"en-US","@id":"https:\/\/www.petroni.hr\/en\/proizvod\/pretvarac-12v-220v-200w-sa-sinusnim-naponom\/#primaryimage","url":"https:\/\/www.petroni.hr\/wp-content\/uploads\/2020\/10\/82291_popup.jpg","contentUrl":"https:\/\/www.petroni.hr\/wp-content\/uploads\/2020\/10\/82291_popup.jpg","width":731,"height":600},{"@type":"BreadcrumbList","@id":"https:\/\/www.petroni.hr\/en\/proizvod\/pretvarac-12v-220v-200w-sa-sinusnim-naponom\/#breadcrumb","itemListElement":[{"@type":"ListItem","position":1,"name":"Po\u010detna stranica","item":"https:\/\/www.petroni.hr\/en\/"},{"@type":"ListItem","position":2,"name":"Shop","item":"https:\/\/www.petroni.hr\/en\/shop\/"},{"@type":"ListItem","position":3,"name":"Inverter 12V\/220V 200W sa sinusnim naponom"}]},{"@type":"WebSite","@id":"https:\/\/www.petroni.hr\/en\/#website","url":"https:\/\/www.petroni.hr\/en\/","name":"Petroni.hr","description":"Experience the unprecedented freedom of travel","publisher":{"@id":"https:\/\/www.petroni.hr\/en\/#organization"},"alternateName":"Petroni","potentialAction":[{"@type":"SearchAction","target":{"@type":"EntryPoint","urlTemplate":"https:\/\/www.petroni.hr\/en\/?s={search_term_string}"},"query-input":{"@type":"PropertyValueSpecification","valueRequired":true,"valueName":"search_term_string"}}],"inLanguage":"en-US"},{"@type":"Organization","@id":"https:\/\/www.petroni.hr\/en\/#organization","name":"Petroni d.o.o.","alternateName":"Petroni","url":"https:\/\/www.petroni.hr\/en\/","logo":{"@type":"ImageObject","inLanguage":"en-US","@id":"https:\/\/www.petroni.hr\/en\/#\/schema\/logo\/image\/","url":"https:\/\/www.petroni.hr\/wp-content\/uploads\/2024\/03\/cropped-Group-3.jpg","contentUrl":"https:\/\/www.petroni.hr\/wp-content\/uploads\/2024\/03\/cropped-Group-3.jpg","width":512,"height":512,"caption":"Petroni d.o.o."},"image":{"@id":"https:\/\/www.petroni.hr\/en\/#\/schema\/logo\/image\/"},"sameAs":["https:\/\/www.facebook.com\/Kamperi.Petroni.Sesvete\/?locale=hr_HR"]}]}},"_links":{"self":[{"href":"https:\/\/www.petroni.hr\/en\/wp-json\/wp\/v2\/product\/8306","targetHints":{"allow":["GET"]}}],"collection":[{"href":"https:\/\/www.petroni.hr\/en\/wp-json\/wp\/v2\/product"}],"about":[{"href":"https:\/\/www.petroni.hr\/en\/wp-json\/wp\/v2\/types\/product"}],"replies":[{"embeddable":true,"href":"https:\/\/www.petroni.hr\/en\/wp-json\/wp\/v2\/comments?post=8306"}],"wp:featuredmedia":[{"embeddable":true,"href":"https:\/\/www.petroni.hr\/en\/wp-json\/wp\/v2\/media\/8307"}],"wp:attachment":[{"href":"https:\/\/www.petroni.hr\/en\/wp-json\/wp\/v2\/media?parent=8306"}],"wp:term":[{"taxonomy":"product_brand","embeddable":true,"href":"https:\/\/www.petroni.hr\/en\/wp-json\/wp\/v2\/product_brand?post=8306"},{"taxonomy":"product_cat","embeddable":true,"href":"https:\/\/www.petroni.hr\/en\/wp-json\/wp\/v2\/product_cat?post=8306"},{"taxonomy":"product_tag","embeddable":true,"href":"https:\/\/www.petroni.hr\/en\/wp-json\/wp\/v2\/product_tag?post=8306"}],"curies":[{"name":"wp","href":"https:\/\/api.w.org\/{rel}","templated":true}]}}