{"id":7733,"date":"2020-09-27T14:50:46","date_gmt":"2020-09-27T13:50:46","guid":{"rendered":"https:\/\/www.petroni.hr\/?post_type=product&#038;p=7733"},"modified":"2024-12-11T17:31:32","modified_gmt":"2024-12-11T16:31:32","slug":"brava-za-namjestaj","status":"publish","type":"product","link":"https:\/\/www.petroni.hr\/en\/proizvod\/brava-za-namjestaj\/","title":{"rendered":"Brava za namje\u0161taj Lilie MOT-3"},"content":{"rendered":"<p>Brava za namje\u0161taj posebno razvijena za u\u0161tedu prostora u kamp prikolicama i kamperima. Brza i laka monta\u017ea. Patentirana konstrukcija onemogu\u0107ava nenamjerno otvaranje.<br \/>\nPlasti\u010dna brava s 3-strukim oja\u010danim vijcima za zaklju\u010davanje<br \/>\nBez obzira na polo\u017eaj, mo\u017ee se koristiti s lijeve, desne, gornje ili donje strane s namje\u0161tajem<br \/>\nIzuzetno ravna, pa nema dijelova ispred ormari\u0107a kada su vrata otvorena ili zatvorena<br \/>\nMo\u017ee se koristiti za debljine drva od 10 do 35 mm<br \/>\nBrza monta\u017ea, potreban je samo okrugli otvor od 45 mm<br \/>\nSigurno zatvaranje \u010dak i za vrijeme vo\u017enje, jer dvije pravokutne ravne povr\u0161ine le\u017ee jedna na drugoj<br \/>\nIsporuka s nosa\u010dem za zaklju\u010davanje (dimenzije Vx\u0160xD: 10,7x30x12 mm), vijcima i uputama za monta\u017eu<\/p>\n<p>Boja &#8211; sme\u0111a<\/p>\n","protected":false},"excerpt":{"rendered":"<p>Brava za namje\u0161taj posebno razvijena za u\u0161tedu prostora u kamp prikolicama i kamperima. Brza i laka monta\u017ea. Patentirana konstrukcija onemogu\u0107ava nenamjerno otvaranje. Plasti\u010dna brava s 3-strukim oja\u010danim vijcima za zaklju\u010davanje Bez obzira na polo\u017eaj, mo\u017ee se koristiti s lijeve, desne, gornje ili donje strane s namje\u0161tajem Izuzetno ravna, pa nema dijelova ispred ormari\u0107a kada su [&hellip;]<\/p>\n","protected":false},"featured_media":7734,"comment_status":"open","ping_status":"closed","template":"","meta":{"_acf_changed":false,"_themeisle_gutenberg_block_has_review":false},"product_brand":[],"product_cat":[252,207],"product_tag":[],"class_list":{"0":"post-7733","1":"product","2":"type-product","3":"status-publish","4":"has-post-thumbnail","6":"product_cat-brave-rucke","7":"product_cat-camping-furniture","9":"first","10":"instock","11":"shipping-taxable","12":"purchasable","13":"product-type-simple"},"acf":[],"yoast_head":"<!-- This site is optimized with the Yoast SEO plugin v27.5 - https:\/\/yoast.com\/product\/yoast-seo-wordpress\/ -->\n<title>Brava za namje\u0161taj Lilie MOT-3 | Petroni - rent | sale | service | conversions<\/title>\n<meta name=\"robots\" content=\"index, follow, max-snippet:-1, max-image-preview:large, max-video-preview:-1\" \/>\n<link rel=\"canonical\" href=\"https:\/\/www.petroni.hr\/en\/proizvod\/brava-za-namjestaj\/\" \/>\n<meta property=\"og:locale\" content=\"en_US\" \/>\n<meta property=\"og:type\" content=\"article\" \/>\n<meta property=\"og:title\" content=\"Brava za namje\u0161taj Lilie MOT-3 | Petroni - rent | sale | service | conversions\" \/>\n<meta property=\"og:description\" content=\"Brava za namje\u0161taj posebno razvijena za u\u0161tedu prostora u kamp prikolicama i kamperima. Brza i laka monta\u017ea. Patentirana konstrukcija onemogu\u0107ava nenamjerno otvaranje. Plasti\u010dna brava s 3-strukim oja\u010danim vijcima za zaklju\u010davanje Bez obzira na polo\u017eaj, mo\u017ee se koristiti s lijeve, desne, gornje ili donje strane s namje\u0161tajem Izuzetno ravna, pa nema dijelova ispred ormari\u0107a kada su [&hellip;]\" \/>\n<meta property=\"og:url\" content=\"https:\/\/www.petroni.hr\/en\/proizvod\/brava-za-namjestaj\/\" \/>\n<meta property=\"og:site_name\" content=\"Petroni - rent | sale | service | conversions\" \/>\n<meta property=\"article:publisher\" content=\"https:\/\/www.facebook.com\/Kamperi.Petroni.Sesvete\/?locale=hr_HR\" \/>\n<meta property=\"article:modified_time\" content=\"2024-12-11T16:31:32+00:00\" \/>\n<meta property=\"og:image\" content=\"https:\/\/www.petroni.hr\/wp-content\/uploads\/2020\/09\/226743_1452420.jpg\" \/>\n\t<meta property=\"og:image:width\" content=\"1600\" \/>\n\t<meta property=\"og:image:height\" content=\"1000\" \/>\n\t<meta property=\"og:image:type\" content=\"image\/jpeg\" \/>\n<meta name=\"twitter:card\" content=\"summary_large_image\" \/>\n<meta name=\"twitter:label1\" content=\"Est. reading time\" \/>\n\t<meta name=\"twitter:data1\" content=\"1 minute\" \/>\n<script type=\"application\/ld+json\" class=\"yoast-schema-graph\">{\"@context\":\"https:\\\/\\\/schema.org\",\"@graph\":[{\"@type\":\"WebPage\",\"@id\":\"https:\\\/\\\/www.petroni.hr\\\/en\\\/proizvod\\\/brava-za-namjestaj\\\/\",\"url\":\"https:\\\/\\\/www.petroni.hr\\\/en\\\/proizvod\\\/brava-za-namjestaj\\\/\",\"name\":\"Brava za namje\u0161taj Lilie MOT-3 | Petroni - rent | sale | service | conversions\",\"isPartOf\":{\"@id\":\"https:\\\/\\\/www.petroni.hr\\\/en\\\/#website\"},\"primaryImageOfPage\":{\"@id\":\"https:\\\/\\\/www.petroni.hr\\\/en\\\/proizvod\\\/brava-za-namjestaj\\\/#primaryimage\"},\"image\":{\"@id\":\"https:\\\/\\\/www.petroni.hr\\\/en\\\/proizvod\\\/brava-za-namjestaj\\\/#primaryimage\"},\"thumbnailUrl\":\"https:\\\/\\\/www.petroni.hr\\\/wp-content\\\/uploads\\\/2020\\\/09\\\/226743_1452420.jpg\",\"datePublished\":\"2020-09-27T13:50:46+00:00\",\"dateModified\":\"2024-12-11T16:31:32+00:00\",\"breadcrumb\":{\"@id\":\"https:\\\/\\\/www.petroni.hr\\\/en\\\/proizvod\\\/brava-za-namjestaj\\\/#breadcrumb\"},\"inLanguage\":\"en-US\",\"potentialAction\":[{\"@type\":\"ReadAction\",\"target\":[\"https:\\\/\\\/www.petroni.hr\\\/en\\\/proizvod\\\/brava-za-namjestaj\\\/\"]}]},{\"@type\":\"ImageObject\",\"inLanguage\":\"en-US\",\"@id\":\"https:\\\/\\\/www.petroni.hr\\\/en\\\/proizvod\\\/brava-za-namjestaj\\\/#primaryimage\",\"url\":\"https:\\\/\\\/www.petroni.hr\\\/wp-content\\\/uploads\\\/2020\\\/09\\\/226743_1452420.jpg\",\"contentUrl\":\"https:\\\/\\\/www.petroni.hr\\\/wp-content\\\/uploads\\\/2020\\\/09\\\/226743_1452420.jpg\",\"width\":1600,\"height\":1000},{\"@type\":\"BreadcrumbList\",\"@id\":\"https:\\\/\\\/www.petroni.hr\\\/en\\\/proizvod\\\/brava-za-namjestaj\\\/#breadcrumb\",\"itemListElement\":[{\"@type\":\"ListItem\",\"position\":1,\"name\":\"Po\u010detna stranica\",\"item\":\"https:\\\/\\\/www.petroni.hr\\\/en\\\/\"},{\"@type\":\"ListItem\",\"position\":2,\"name\":\"Shop\",\"item\":\"https:\\\/\\\/www.petroni.hr\\\/en\\\/shop\\\/\"},{\"@type\":\"ListItem\",\"position\":3,\"name\":\"Brava za namje\u0161taj Lilie MOT-3\"}]},{\"@type\":\"WebSite\",\"@id\":\"https:\\\/\\\/www.petroni.hr\\\/en\\\/#website\",\"url\":\"https:\\\/\\\/www.petroni.hr\\\/en\\\/\",\"name\":\"Petroni.hr\",\"description\":\"Experience the unprecedented freedom of travel\",\"publisher\":{\"@id\":\"https:\\\/\\\/www.petroni.hr\\\/en\\\/#organization\"},\"alternateName\":\"Petroni\",\"potentialAction\":[{\"@type\":\"SearchAction\",\"target\":{\"@type\":\"EntryPoint\",\"urlTemplate\":\"https:\\\/\\\/www.petroni.hr\\\/en\\\/?s={search_term_string}\"},\"query-input\":{\"@type\":\"PropertyValueSpecification\",\"valueRequired\":true,\"valueName\":\"search_term_string\"}}],\"inLanguage\":\"en-US\"},{\"@type\":\"Organization\",\"@id\":\"https:\\\/\\\/www.petroni.hr\\\/en\\\/#organization\",\"name\":\"Petroni d.o.o.\",\"alternateName\":\"Petroni\",\"url\":\"https:\\\/\\\/www.petroni.hr\\\/en\\\/\",\"logo\":{\"@type\":\"ImageObject\",\"inLanguage\":\"en-US\",\"@id\":\"https:\\\/\\\/www.petroni.hr\\\/en\\\/#\\\/schema\\\/logo\\\/image\\\/\",\"url\":\"https:\\\/\\\/www.petroni.hr\\\/wp-content\\\/uploads\\\/2024\\\/03\\\/cropped-Group-3.jpg\",\"contentUrl\":\"https:\\\/\\\/www.petroni.hr\\\/wp-content\\\/uploads\\\/2024\\\/03\\\/cropped-Group-3.jpg\",\"width\":512,\"height\":512,\"caption\":\"Petroni d.o.o.\"},\"image\":{\"@id\":\"https:\\\/\\\/www.petroni.hr\\\/en\\\/#\\\/schema\\\/logo\\\/image\\\/\"},\"sameAs\":[\"https:\\\/\\\/www.facebook.com\\\/Kamperi.Petroni.Sesvete\\\/?locale=hr_HR\"]}]}<\/script>\n<!-- \/ Yoast SEO plugin. -->","yoast_head_json":{"title":"Brava za namje\u0161taj Lilie MOT-3 | Petroni - rent | sale | service | conversions","robots":{"index":"index","follow":"follow","max-snippet":"max-snippet:-1","max-image-preview":"max-image-preview:large","max-video-preview":"max-video-preview:-1"},"canonical":"https:\/\/www.petroni.hr\/en\/proizvod\/brava-za-namjestaj\/","og_locale":"en_US","og_type":"article","og_title":"Brava za namje\u0161taj Lilie MOT-3 | Petroni - rent | sale | service | conversions","og_description":"Brava za namje\u0161taj posebno razvijena za u\u0161tedu prostora u kamp prikolicama i kamperima. Brza i laka monta\u017ea. Patentirana konstrukcija onemogu\u0107ava nenamjerno otvaranje. Plasti\u010dna brava s 3-strukim oja\u010danim vijcima za zaklju\u010davanje Bez obzira na polo\u017eaj, mo\u017ee se koristiti s lijeve, desne, gornje ili donje strane s namje\u0161tajem Izuzetno ravna, pa nema dijelova ispred ormari\u0107a kada su [&hellip;]","og_url":"https:\/\/www.petroni.hr\/en\/proizvod\/brava-za-namjestaj\/","og_site_name":"Petroni - rent | sale | service | conversions","article_publisher":"https:\/\/www.facebook.com\/Kamperi.Petroni.Sesvete\/?locale=hr_HR","article_modified_time":"2024-12-11T16:31:32+00:00","og_image":[{"width":1600,"height":1000,"url":"https:\/\/www.petroni.hr\/wp-content\/uploads\/2020\/09\/226743_1452420.jpg","type":"image\/jpeg"}],"twitter_card":"summary_large_image","twitter_misc":{"Est. reading time":"1 minute"},"schema":{"@context":"https:\/\/schema.org","@graph":[{"@type":"WebPage","@id":"https:\/\/www.petroni.hr\/en\/proizvod\/brava-za-namjestaj\/","url":"https:\/\/www.petroni.hr\/en\/proizvod\/brava-za-namjestaj\/","name":"Brava za namje\u0161taj Lilie MOT-3 | Petroni - rent | sale | service | conversions","isPartOf":{"@id":"https:\/\/www.petroni.hr\/en\/#website"},"primaryImageOfPage":{"@id":"https:\/\/www.petroni.hr\/en\/proizvod\/brava-za-namjestaj\/#primaryimage"},"image":{"@id":"https:\/\/www.petroni.hr\/en\/proizvod\/brava-za-namjestaj\/#primaryimage"},"thumbnailUrl":"https:\/\/www.petroni.hr\/wp-content\/uploads\/2020\/09\/226743_1452420.jpg","datePublished":"2020-09-27T13:50:46+00:00","dateModified":"2024-12-11T16:31:32+00:00","breadcrumb":{"@id":"https:\/\/www.petroni.hr\/en\/proizvod\/brava-za-namjestaj\/#breadcrumb"},"inLanguage":"en-US","potentialAction":[{"@type":"ReadAction","target":["https:\/\/www.petroni.hr\/en\/proizvod\/brava-za-namjestaj\/"]}]},{"@type":"ImageObject","inLanguage":"en-US","@id":"https:\/\/www.petroni.hr\/en\/proizvod\/brava-za-namjestaj\/#primaryimage","url":"https:\/\/www.petroni.hr\/wp-content\/uploads\/2020\/09\/226743_1452420.jpg","contentUrl":"https:\/\/www.petroni.hr\/wp-content\/uploads\/2020\/09\/226743_1452420.jpg","width":1600,"height":1000},{"@type":"BreadcrumbList","@id":"https:\/\/www.petroni.hr\/en\/proizvod\/brava-za-namjestaj\/#breadcrumb","itemListElement":[{"@type":"ListItem","position":1,"name":"Po\u010detna stranica","item":"https:\/\/www.petroni.hr\/en\/"},{"@type":"ListItem","position":2,"name":"Shop","item":"https:\/\/www.petroni.hr\/en\/shop\/"},{"@type":"ListItem","position":3,"name":"Brava za namje\u0161taj Lilie MOT-3"}]},{"@type":"WebSite","@id":"https:\/\/www.petroni.hr\/en\/#website","url":"https:\/\/www.petroni.hr\/en\/","name":"Petroni.hr","description":"Experience the unprecedented freedom of travel","publisher":{"@id":"https:\/\/www.petroni.hr\/en\/#organization"},"alternateName":"Petroni","potentialAction":[{"@type":"SearchAction","target":{"@type":"EntryPoint","urlTemplate":"https:\/\/www.petroni.hr\/en\/?s={search_term_string}"},"query-input":{"@type":"PropertyValueSpecification","valueRequired":true,"valueName":"search_term_string"}}],"inLanguage":"en-US"},{"@type":"Organization","@id":"https:\/\/www.petroni.hr\/en\/#organization","name":"Petroni d.o.o.","alternateName":"Petroni","url":"https:\/\/www.petroni.hr\/en\/","logo":{"@type":"ImageObject","inLanguage":"en-US","@id":"https:\/\/www.petroni.hr\/en\/#\/schema\/logo\/image\/","url":"https:\/\/www.petroni.hr\/wp-content\/uploads\/2024\/03\/cropped-Group-3.jpg","contentUrl":"https:\/\/www.petroni.hr\/wp-content\/uploads\/2024\/03\/cropped-Group-3.jpg","width":512,"height":512,"caption":"Petroni d.o.o."},"image":{"@id":"https:\/\/www.petroni.hr\/en\/#\/schema\/logo\/image\/"},"sameAs":["https:\/\/www.facebook.com\/Kamperi.Petroni.Sesvete\/?locale=hr_HR"]}]}},"_links":{"self":[{"href":"https:\/\/www.petroni.hr\/en\/wp-json\/wp\/v2\/product\/7733","targetHints":{"allow":["GET"]}}],"collection":[{"href":"https:\/\/www.petroni.hr\/en\/wp-json\/wp\/v2\/product"}],"about":[{"href":"https:\/\/www.petroni.hr\/en\/wp-json\/wp\/v2\/types\/product"}],"replies":[{"embeddable":true,"href":"https:\/\/www.petroni.hr\/en\/wp-json\/wp\/v2\/comments?post=7733"}],"wp:featuredmedia":[{"embeddable":true,"href":"https:\/\/www.petroni.hr\/en\/wp-json\/wp\/v2\/media\/7734"}],"wp:attachment":[{"href":"https:\/\/www.petroni.hr\/en\/wp-json\/wp\/v2\/media?parent=7733"}],"wp:term":[{"taxonomy":"product_brand","embeddable":true,"href":"https:\/\/www.petroni.hr\/en\/wp-json\/wp\/v2\/product_brand?post=7733"},{"taxonomy":"product_cat","embeddable":true,"href":"https:\/\/www.petroni.hr\/en\/wp-json\/wp\/v2\/product_cat?post=7733"},{"taxonomy":"product_tag","embeddable":true,"href":"https:\/\/www.petroni.hr\/en\/wp-json\/wp\/v2\/product_tag?post=7733"}],"curies":[{"name":"wp","href":"https:\/\/api.w.org\/{rel}","templated":true}]}}