{"id":5972,"date":"2020-08-31T06:17:19","date_gmt":"2020-08-31T05:17:19","guid":{"rendered":"https:\/\/www.petroni.hr\/?post_type=product&#038;p=5972"},"modified":"2026-03-09T15:11:51","modified_gmt":"2026-03-09T14:11:51","slug":"pipa-za-vodu-trend-s-chrom","status":"publish","type":"product","link":"https:\/\/www.petroni.hr\/en\/proizvod\/pipa-za-vodu-trend-s-chrom\/","title":{"rendered":"Pipa za vodu Trend S Chrom"},"content":{"rendered":"<p>Kuhinjska pipa Trend S, prekida\u010d 12v, Uniquick\u00a0 priklju\u010dak 12mm<\/p>\n<p>Kuhinjska pipa TREND S: fleksibilni priklju\u010dci, metalni izljev u radijusu od 90 mm. S priklju\u010dkom za sustav cijevi UniQuick \u00d8 12 mm.<\/p>\n<p>TREND serija pipa postavlja nove standarde. Jednoru\u010dne mije\u0161alice imaju vodonepropusni prekida\u010d i kerami\u010dke ulo\u0161ke za ku\u0107anstvo. Boja krom. Dostupno s cijevnim priklju\u010dcima ili cijevima za cijevi UniQuick. Serijski proizvod u HYMER-u. Rupa: 30mm.<\/p>\n<p>&nbsp;<\/p>\n","protected":false},"excerpt":{"rendered":"<p>Kuhinjska pipa Trend S, prekida\u010d 12v, Uniquick\u00a0 priklju\u010dak 12mm Kuhinjska pipa TREND S: fleksibilni priklju\u010dci, metalni izljev u radijusu od 90 mm. S priklju\u010dkom za sustav cijevi UniQuick \u00d8 12 mm. TREND serija pipa postavlja nove standarde. Jednoru\u010dne mije\u0161alice imaju vodonepropusni prekida\u010d i kerami\u010dke ulo\u0161ke za ku\u0107anstvo. Boja krom. Dostupno s cijevnim priklju\u010dcima ili cijevima [&hellip;]<\/p>\n","protected":false},"featured_media":5976,"comment_status":"open","ping_status":"closed","template":"","meta":{"_acf_changed":false,"_themeisle_gutenberg_block_has_review":false},"product_brand":[],"product_cat":[248,203],"product_tag":[],"class_list":{"0":"post-5972","1":"product","2":"type-product","3":"status-publish","4":"has-post-thumbnail","6":"product_cat-pipe-mjesalice","7":"product_cat-water-sanitary","9":"first","10":"instock","11":"shipping-taxable","12":"purchasable","13":"product-type-simple"},"acf":[],"yoast_head":"<!-- This site is optimized with the Yoast SEO plugin v27.3 - https:\/\/yoast.com\/product\/yoast-seo-wordpress\/ -->\n<title>Pipa za vodu Trend S Chrom | Petroni - rent | sale | service | conversions<\/title>\n<meta name=\"robots\" content=\"index, follow, max-snippet:-1, max-image-preview:large, max-video-preview:-1\" \/>\n<link rel=\"canonical\" href=\"https:\/\/www.petroni.hr\/en\/proizvod\/pipa-za-vodu-trend-s-chrom\/\" \/>\n<meta property=\"og:locale\" content=\"en_US\" \/>\n<meta property=\"og:type\" content=\"article\" \/>\n<meta property=\"og:title\" content=\"Pipa za vodu Trend S Chrom | Petroni - rent | sale | service | conversions\" \/>\n<meta property=\"og:description\" content=\"Kuhinjska pipa Trend S, prekida\u010d 12v, Uniquick\u00a0 priklju\u010dak 12mm Kuhinjska pipa TREND S: fleksibilni priklju\u010dci, metalni izljev u radijusu od 90 mm. S priklju\u010dkom za sustav cijevi UniQuick \u00d8 12 mm. TREND serija pipa postavlja nove standarde. Jednoru\u010dne mije\u0161alice imaju vodonepropusni prekida\u010d i kerami\u010dke ulo\u0161ke za ku\u0107anstvo. Boja krom. Dostupno s cijevnim priklju\u010dcima ili cijevima [&hellip;]\" \/>\n<meta property=\"og:url\" content=\"https:\/\/www.petroni.hr\/en\/proizvod\/pipa-za-vodu-trend-s-chrom\/\" \/>\n<meta property=\"og:site_name\" content=\"Petroni - rent | sale | service | conversions\" \/>\n<meta property=\"article:publisher\" content=\"https:\/\/www.facebook.com\/Kamperi.Petroni.Sesvete\/?locale=hr_HR\" \/>\n<meta property=\"article:modified_time\" content=\"2026-03-09T14:11:51+00:00\" \/>\n<meta property=\"og:image\" content=\"https:\/\/www.petroni.hr\/wp-content\/uploads\/2020\/08\/631341_popup.jpg\" \/>\n\t<meta property=\"og:image:width\" content=\"731\" \/>\n\t<meta property=\"og:image:height\" content=\"600\" \/>\n\t<meta property=\"og:image:type\" content=\"image\/jpeg\" \/>\n<meta name=\"twitter:card\" content=\"summary_large_image\" \/>\n<script type=\"application\/ld+json\" class=\"yoast-schema-graph\">{\"@context\":\"https:\\\/\\\/schema.org\",\"@graph\":[{\"@type\":\"WebPage\",\"@id\":\"https:\\\/\\\/www.petroni.hr\\\/en\\\/proizvod\\\/pipa-za-vodu-trend-s-chrom\\\/\",\"url\":\"https:\\\/\\\/www.petroni.hr\\\/en\\\/proizvod\\\/pipa-za-vodu-trend-s-chrom\\\/\",\"name\":\"Pipa za vodu Trend S Chrom | Petroni - rent | sale | service | conversions\",\"isPartOf\":{\"@id\":\"https:\\\/\\\/www.petroni.hr\\\/en\\\/#website\"},\"primaryImageOfPage\":{\"@id\":\"https:\\\/\\\/www.petroni.hr\\\/en\\\/proizvod\\\/pipa-za-vodu-trend-s-chrom\\\/#primaryimage\"},\"image\":{\"@id\":\"https:\\\/\\\/www.petroni.hr\\\/en\\\/proizvod\\\/pipa-za-vodu-trend-s-chrom\\\/#primaryimage\"},\"thumbnailUrl\":\"https:\\\/\\\/www.petroni.hr\\\/wp-content\\\/uploads\\\/2020\\\/08\\\/631341_popup.jpg\",\"datePublished\":\"2020-08-31T05:17:19+00:00\",\"dateModified\":\"2026-03-09T14:11:51+00:00\",\"breadcrumb\":{\"@id\":\"https:\\\/\\\/www.petroni.hr\\\/en\\\/proizvod\\\/pipa-za-vodu-trend-s-chrom\\\/#breadcrumb\"},\"inLanguage\":\"en-US\",\"potentialAction\":[{\"@type\":\"ReadAction\",\"target\":[\"https:\\\/\\\/www.petroni.hr\\\/en\\\/proizvod\\\/pipa-za-vodu-trend-s-chrom\\\/\"]}]},{\"@type\":\"ImageObject\",\"inLanguage\":\"en-US\",\"@id\":\"https:\\\/\\\/www.petroni.hr\\\/en\\\/proizvod\\\/pipa-za-vodu-trend-s-chrom\\\/#primaryimage\",\"url\":\"https:\\\/\\\/www.petroni.hr\\\/wp-content\\\/uploads\\\/2020\\\/08\\\/631341_popup.jpg\",\"contentUrl\":\"https:\\\/\\\/www.petroni.hr\\\/wp-content\\\/uploads\\\/2020\\\/08\\\/631341_popup.jpg\",\"width\":731,\"height\":600},{\"@type\":\"BreadcrumbList\",\"@id\":\"https:\\\/\\\/www.petroni.hr\\\/en\\\/proizvod\\\/pipa-za-vodu-trend-s-chrom\\\/#breadcrumb\",\"itemListElement\":[{\"@type\":\"ListItem\",\"position\":1,\"name\":\"Po\u010detna stranica\",\"item\":\"https:\\\/\\\/www.petroni.hr\\\/en\\\/\"},{\"@type\":\"ListItem\",\"position\":2,\"name\":\"Shop\",\"item\":\"https:\\\/\\\/www.petroni.hr\\\/en\\\/shop\\\/\"},{\"@type\":\"ListItem\",\"position\":3,\"name\":\"Pipa za vodu Trend S Chrom\"}]},{\"@type\":\"WebSite\",\"@id\":\"https:\\\/\\\/www.petroni.hr\\\/en\\\/#website\",\"url\":\"https:\\\/\\\/www.petroni.hr\\\/en\\\/\",\"name\":\"Petroni.hr\",\"description\":\"Experience the unprecedented freedom of travel\",\"publisher\":{\"@id\":\"https:\\\/\\\/www.petroni.hr\\\/en\\\/#organization\"},\"alternateName\":\"Petroni\",\"potentialAction\":[{\"@type\":\"SearchAction\",\"target\":{\"@type\":\"EntryPoint\",\"urlTemplate\":\"https:\\\/\\\/www.petroni.hr\\\/en\\\/?s={search_term_string}\"},\"query-input\":{\"@type\":\"PropertyValueSpecification\",\"valueRequired\":true,\"valueName\":\"search_term_string\"}}],\"inLanguage\":\"en-US\"},{\"@type\":\"Organization\",\"@id\":\"https:\\\/\\\/www.petroni.hr\\\/en\\\/#organization\",\"name\":\"Petroni d.o.o.\",\"alternateName\":\"Petroni\",\"url\":\"https:\\\/\\\/www.petroni.hr\\\/en\\\/\",\"logo\":{\"@type\":\"ImageObject\",\"inLanguage\":\"en-US\",\"@id\":\"https:\\\/\\\/www.petroni.hr\\\/en\\\/#\\\/schema\\\/logo\\\/image\\\/\",\"url\":\"https:\\\/\\\/www.petroni.hr\\\/wp-content\\\/uploads\\\/2024\\\/03\\\/cropped-Group-3.jpg\",\"contentUrl\":\"https:\\\/\\\/www.petroni.hr\\\/wp-content\\\/uploads\\\/2024\\\/03\\\/cropped-Group-3.jpg\",\"width\":512,\"height\":512,\"caption\":\"Petroni d.o.o.\"},\"image\":{\"@id\":\"https:\\\/\\\/www.petroni.hr\\\/en\\\/#\\\/schema\\\/logo\\\/image\\\/\"},\"sameAs\":[\"https:\\\/\\\/www.facebook.com\\\/Kamperi.Petroni.Sesvete\\\/?locale=hr_HR\"]}]}<\/script>\n<!-- \/ Yoast SEO plugin. -->","yoast_head_json":{"title":"Pipa za vodu Trend S Chrom | Petroni - rent | sale | service | conversions","robots":{"index":"index","follow":"follow","max-snippet":"max-snippet:-1","max-image-preview":"max-image-preview:large","max-video-preview":"max-video-preview:-1"},"canonical":"https:\/\/www.petroni.hr\/en\/proizvod\/pipa-za-vodu-trend-s-chrom\/","og_locale":"en_US","og_type":"article","og_title":"Pipa za vodu Trend S Chrom | Petroni - rent | sale | service | conversions","og_description":"Kuhinjska pipa Trend S, prekida\u010d 12v, Uniquick\u00a0 priklju\u010dak 12mm Kuhinjska pipa TREND S: fleksibilni priklju\u010dci, metalni izljev u radijusu od 90 mm. S priklju\u010dkom za sustav cijevi UniQuick \u00d8 12 mm. TREND serija pipa postavlja nove standarde. Jednoru\u010dne mije\u0161alice imaju vodonepropusni prekida\u010d i kerami\u010dke ulo\u0161ke za ku\u0107anstvo. Boja krom. Dostupno s cijevnim priklju\u010dcima ili cijevima [&hellip;]","og_url":"https:\/\/www.petroni.hr\/en\/proizvod\/pipa-za-vodu-trend-s-chrom\/","og_site_name":"Petroni - rent | sale | service | conversions","article_publisher":"https:\/\/www.facebook.com\/Kamperi.Petroni.Sesvete\/?locale=hr_HR","article_modified_time":"2026-03-09T14:11:51+00:00","og_image":[{"width":731,"height":600,"url":"https:\/\/www.petroni.hr\/wp-content\/uploads\/2020\/08\/631341_popup.jpg","type":"image\/jpeg"}],"twitter_card":"summary_large_image","schema":{"@context":"https:\/\/schema.org","@graph":[{"@type":"WebPage","@id":"https:\/\/www.petroni.hr\/en\/proizvod\/pipa-za-vodu-trend-s-chrom\/","url":"https:\/\/www.petroni.hr\/en\/proizvod\/pipa-za-vodu-trend-s-chrom\/","name":"Pipa za vodu Trend S Chrom | Petroni - rent | sale | service | conversions","isPartOf":{"@id":"https:\/\/www.petroni.hr\/en\/#website"},"primaryImageOfPage":{"@id":"https:\/\/www.petroni.hr\/en\/proizvod\/pipa-za-vodu-trend-s-chrom\/#primaryimage"},"image":{"@id":"https:\/\/www.petroni.hr\/en\/proizvod\/pipa-za-vodu-trend-s-chrom\/#primaryimage"},"thumbnailUrl":"https:\/\/www.petroni.hr\/wp-content\/uploads\/2020\/08\/631341_popup.jpg","datePublished":"2020-08-31T05:17:19+00:00","dateModified":"2026-03-09T14:11:51+00:00","breadcrumb":{"@id":"https:\/\/www.petroni.hr\/en\/proizvod\/pipa-za-vodu-trend-s-chrom\/#breadcrumb"},"inLanguage":"en-US","potentialAction":[{"@type":"ReadAction","target":["https:\/\/www.petroni.hr\/en\/proizvod\/pipa-za-vodu-trend-s-chrom\/"]}]},{"@type":"ImageObject","inLanguage":"en-US","@id":"https:\/\/www.petroni.hr\/en\/proizvod\/pipa-za-vodu-trend-s-chrom\/#primaryimage","url":"https:\/\/www.petroni.hr\/wp-content\/uploads\/2020\/08\/631341_popup.jpg","contentUrl":"https:\/\/www.petroni.hr\/wp-content\/uploads\/2020\/08\/631341_popup.jpg","width":731,"height":600},{"@type":"BreadcrumbList","@id":"https:\/\/www.petroni.hr\/en\/proizvod\/pipa-za-vodu-trend-s-chrom\/#breadcrumb","itemListElement":[{"@type":"ListItem","position":1,"name":"Po\u010detna stranica","item":"https:\/\/www.petroni.hr\/en\/"},{"@type":"ListItem","position":2,"name":"Shop","item":"https:\/\/www.petroni.hr\/en\/shop\/"},{"@type":"ListItem","position":3,"name":"Pipa za vodu Trend S Chrom"}]},{"@type":"WebSite","@id":"https:\/\/www.petroni.hr\/en\/#website","url":"https:\/\/www.petroni.hr\/en\/","name":"Petroni.hr","description":"Experience the unprecedented freedom of travel","publisher":{"@id":"https:\/\/www.petroni.hr\/en\/#organization"},"alternateName":"Petroni","potentialAction":[{"@type":"SearchAction","target":{"@type":"EntryPoint","urlTemplate":"https:\/\/www.petroni.hr\/en\/?s={search_term_string}"},"query-input":{"@type":"PropertyValueSpecification","valueRequired":true,"valueName":"search_term_string"}}],"inLanguage":"en-US"},{"@type":"Organization","@id":"https:\/\/www.petroni.hr\/en\/#organization","name":"Petroni d.o.o.","alternateName":"Petroni","url":"https:\/\/www.petroni.hr\/en\/","logo":{"@type":"ImageObject","inLanguage":"en-US","@id":"https:\/\/www.petroni.hr\/en\/#\/schema\/logo\/image\/","url":"https:\/\/www.petroni.hr\/wp-content\/uploads\/2024\/03\/cropped-Group-3.jpg","contentUrl":"https:\/\/www.petroni.hr\/wp-content\/uploads\/2024\/03\/cropped-Group-3.jpg","width":512,"height":512,"caption":"Petroni d.o.o."},"image":{"@id":"https:\/\/www.petroni.hr\/en\/#\/schema\/logo\/image\/"},"sameAs":["https:\/\/www.facebook.com\/Kamperi.Petroni.Sesvete\/?locale=hr_HR"]}]}},"_links":{"self":[{"href":"https:\/\/www.petroni.hr\/en\/wp-json\/wp\/v2\/product\/5972","targetHints":{"allow":["GET"]}}],"collection":[{"href":"https:\/\/www.petroni.hr\/en\/wp-json\/wp\/v2\/product"}],"about":[{"href":"https:\/\/www.petroni.hr\/en\/wp-json\/wp\/v2\/types\/product"}],"replies":[{"embeddable":true,"href":"https:\/\/www.petroni.hr\/en\/wp-json\/wp\/v2\/comments?post=5972"}],"wp:featuredmedia":[{"embeddable":true,"href":"https:\/\/www.petroni.hr\/en\/wp-json\/wp\/v2\/media\/5976"}],"wp:attachment":[{"href":"https:\/\/www.petroni.hr\/en\/wp-json\/wp\/v2\/media?parent=5972"}],"wp:term":[{"taxonomy":"product_brand","embeddable":true,"href":"https:\/\/www.petroni.hr\/en\/wp-json\/wp\/v2\/product_brand?post=5972"},{"taxonomy":"product_cat","embeddable":true,"href":"https:\/\/www.petroni.hr\/en\/wp-json\/wp\/v2\/product_cat?post=5972"},{"taxonomy":"product_tag","embeddable":true,"href":"https:\/\/www.petroni.hr\/en\/wp-json\/wp\/v2\/product_tag?post=5972"}],"curies":[{"name":"wp","href":"https:\/\/api.w.org\/{rel}","templated":true}]}}