{"id":5627,"date":"2020-08-27T10:05:18","date_gmt":"2020-08-27T09:05:18","guid":{"rendered":"https:\/\/www.petroni.hr\/?post_type=product&#038;p=5627"},"modified":"2025-09-23T14:43:47","modified_gmt":"2025-09-23T13:43:47","slug":"klima-uredaj-sinclair-asv-35as-wifi","status":"publish","type":"product","link":"https:\/\/www.petroni.hr\/en\/proizvod\/klima-uredaj-sinclair-asv-35as-wifi\/","title":{"rendered":"Klima ure\u0111aj SINCLAIR ASV-35BIS (WIFI)"},"content":{"rendered":"<ul>\n<li>Unutarnje jedinice ultra tanke izvedbe<\/li>\n<li>Be\u017ei\u010dno wi-fi upravljanje<\/li>\n<li>Ru\u010dno i daljinsko upravljanje<\/li>\n<li>U\u010dinkovito hla\u0111enje, grijanje i odvlaz\u030civanje<\/li>\n<li>Tihi rad<\/li>\n<li>Radna temperatura -5\u201346 \u00b0C<\/li>\n<li>Za krovove debljine od 30\u201380 mm<\/li>\n<li>Napajanje od 220\u2013240 V \/ 50 Hz \/ 1 f.<\/li>\n<li>Integrirano LED svjetlo<\/li>\n<li>Smanjena te\u017eina vanjske jedinice<\/li>\n<li>Ugradbeni okvir u pakiranju<\/li>\n<\/ul>\n<p>&nbsp;<\/p>\n<table class=\"params table table-striped\">\n<tbody>\n<tr>\n<td class=\"col-xs-4\"><strong>Kapacitet<\/strong><\/td>\n<td class=\"col-xs-4\">Hla\u0111enje \/ Grijanje<\/td>\n<td class=\"col-xs-3 text-nowrap\">3,6 \/ 3,4<\/td>\n<td class=\"col-xs-1 text-nowrap\">kW<\/td>\n<\/tr>\n<tr>\n<td class=\"col-xs-4\"><strong>Napajanje<\/strong><\/td>\n<td class=\"col-xs-4\">&#8211;<\/td>\n<td class=\"col-xs-3 text-nowrap\">220 &#8211; 240 \/ 1 \/ 50<\/td>\n<td class=\"col-xs-1 text-nowrap\">V \/ Ph \/ Hz<\/td>\n<\/tr>\n<tr>\n<td class=\"col-xs-4\"><strong>Ulazna snaga<\/strong><\/td>\n<td class=\"col-xs-4\">Hla\u0111enje \/ Grijanje<\/td>\n<td class=\"col-xs-3 text-nowrap\">1,3 \/ 1,2<\/td>\n<td class=\"col-xs-1 text-nowrap\">kW<\/td>\n<\/tr>\n<tr>\n<td class=\"col-xs-4\"><strong>Maks. ulazna snaga<\/strong><\/td>\n<td class=\"col-xs-4\">Hla\u0111enje \/ Grijanje<\/td>\n<td class=\"col-xs-3 text-nowrap\">1,6<\/td>\n<td class=\"col-xs-1 text-nowrap\">kW<\/td>\n<\/tr>\n<tr>\n<td class=\"col-xs-4\"><strong>Jakost struje<\/strong><\/td>\n<td class=\"col-xs-4\">Hla\u0111enje \/ Grijanje<\/td>\n<td class=\"col-xs-3 text-nowrap\">4,7 \/ 4,2<\/td>\n<td class=\"col-xs-1 text-nowrap\">A<\/td>\n<\/tr>\n<tr>\n<td class=\"col-xs-4\"><strong>Maks. struja<\/strong><\/td>\n<td class=\"col-xs-4\">&#8211;<\/td>\n<td class=\"col-xs-3 text-nowrap\">6,6<\/td>\n<td class=\"col-xs-1 text-nowrap\">A<\/td>\n<\/tr>\n<tr>\n<td class=\"col-xs-4\"><strong>EER<\/strong><\/td>\n<td class=\"col-xs-4\">&#8211;<\/td>\n<td class=\"col-xs-3 text-nowrap\">2,8<\/td>\n<td class=\"col-xs-1 text-nowrap\">W \/ W<\/td>\n<\/tr>\n<tr>\n<td class=\"col-xs-4\"><strong>COP<\/strong><\/td>\n<td class=\"col-xs-4\">&#8211;<\/td>\n<td class=\"col-xs-3 text-nowrap\">2,7<\/td>\n<td class=\"col-xs-1 text-nowrap\">W \/ W<\/td>\n<\/tr>\n<tr>\n<td class=\"col-xs-4\"><strong>Protok zraka<\/strong><\/td>\n<td class=\"col-xs-4\">Unutarnja jedinica<\/td>\n<td class=\"col-xs-3 text-nowrap\">330 \/ 250 \/ 200<\/td>\n<td class=\"col-xs-1 text-nowrap\">m3 \/ h<\/td>\n<\/tr>\n<tr>\n<td class=\"col-xs-4\"><strong>Protok zraka<\/strong><\/td>\n<td class=\"col-xs-4\">Vanjska jedinica<\/td>\n<td class=\"col-xs-3 text-nowrap\">600<\/td>\n<td class=\"col-xs-1 text-nowrap\">m3 \/ h<\/td>\n<\/tr>\n<tr>\n<td class=\"col-xs-4\"><strong>Razina buke na 1 m<\/strong><\/td>\n<td class=\"col-xs-4\">Unutarnja jedinica<\/td>\n<td class=\"col-xs-3 text-nowrap\">54 \/ 48 \/ 43<\/td>\n<td class=\"col-xs-1 text-nowrap\">dB(A)<\/td>\n<\/tr>\n<tr>\n<td class=\"col-xs-4\"><strong>Razina buke na 1 m<\/strong><\/td>\n<td class=\"col-xs-4\">Vanjska jedinica<\/td>\n<td class=\"col-xs-3 text-nowrap\">54<\/td>\n<td class=\"col-xs-1 text-nowrap\">dB(A)<\/td>\n<\/tr>\n<tr>\n<td class=\"col-xs-4\"><strong>Razina buke<\/strong><\/td>\n<td class=\"col-xs-4\">Unutarnja<\/td>\n<td class=\"col-xs-3 text-nowrap\">65 \/ 59 \/ 54 \/ 49<\/td>\n<td class=\"col-xs-1 text-nowrap\">dB(A)<\/td>\n<\/tr>\n<tr>\n<td class=\"col-xs-4\"><strong>Razina buke<\/strong><\/td>\n<td class=\"col-xs-4\">Vanjska<\/td>\n<td class=\"col-xs-3 text-nowrap\">75 \/ 65<\/td>\n<td class=\"col-xs-1 text-nowrap\">dB(A)<\/td>\n<\/tr>\n<tr>\n<td class=\"col-xs-4\"><strong>Snaga odvla\u017eivanja<\/strong><\/td>\n<td class=\"col-xs-4\">&#8211;<\/td>\n<td class=\"col-xs-3 text-nowrap\">1,0<\/td>\n<td class=\"col-xs-1 text-nowrap\">l \/ h<\/td>\n<\/tr>\n<tr>\n<td class=\"col-xs-4\"><strong>IP za\u0161tita<\/strong><\/td>\n<td class=\"col-xs-4\">Vanjska<\/td>\n<td class=\"col-xs-3 text-nowrap\">IPX4<\/td>\n<td class=\"col-xs-1 text-nowrap\">&#8211;<\/td>\n<\/tr>\n<tr>\n<td class=\"col-xs-4\"><strong>Monta\u017eni otvor u krovu<\/strong><\/td>\n<td class=\"col-xs-4\">&#8211;<\/td>\n<td class=\"col-xs-3 text-nowrap\">400 \u00d7 400<\/td>\n<td class=\"col-xs-1 text-nowrap\">mm<\/td>\n<\/tr>\n<tr>\n<td class=\"col-xs-4\"><strong>Debljina krova<\/strong><\/td>\n<td class=\"col-xs-4\">&#8211;<\/td>\n<td class=\"col-xs-3 text-nowrap\">30 &#8211; 80<\/td>\n<td class=\"col-xs-1 text-nowrap\">mm<\/td>\n<\/tr>\n<tr>\n<td class=\"col-xs-4\"><strong>Rashladno sredstvo \/ koli\u010dina \/ eq. CO2<\/strong><\/td>\n<td class=\"col-xs-4\">&#8211;<\/td>\n<td class=\"col-xs-3 text-nowrap\">R32 \/ 0,47 \/ 0,32<\/td>\n<td class=\"col-xs-1 text-nowrap\">type \/ kg \/ t<\/td>\n<\/tr>\n<tr>\n<td class=\"col-xs-4\"><strong>Dimenzije (\u0161 x v x d)<\/strong><\/td>\n<td class=\"col-xs-4\">Unutarnja jedinica<\/td>\n<td class=\"col-xs-3 text-nowrap\">485 x 49 x 610<\/td>\n<td class=\"col-xs-1 text-nowrap\">mm<\/td>\n<\/tr>\n<tr>\n<td class=\"col-xs-4\"><strong>Dimenzije (\u0161 x v x d)<\/strong><\/td>\n<td class=\"col-xs-4\">Vanjska jedinica<\/td>\n<td class=\"col-xs-3 text-nowrap\">720 \u00d7 283 \u00d7 1077<\/td>\n<td class=\"col-xs-1 text-nowrap\">mm<\/td>\n<\/tr>\n<tr>\n<td class=\"col-xs-4\"><strong>Dimenzije paketa (\u0161 x v x d)<\/strong><\/td>\n<td class=\"col-xs-4\">Unutarnja jedinica<\/td>\n<td class=\"col-xs-3 text-nowrap\">550 \u00d7 112 \u00d7 678<\/td>\n<td class=\"col-xs-1 text-nowrap\">mm<\/td>\n<\/tr>\n<tr>\n<td class=\"col-xs-4\"><strong>Dimenzije paketa (\u0161 x v x d)<\/strong><\/td>\n<td class=\"col-xs-4\">Vanjska jedinica<\/td>\n<td class=\"col-xs-3 text-nowrap\">786 \u00d7 350 \u00d7 1149<\/td>\n<td class=\"col-xs-1 text-nowrap\">mm<\/td>\n<\/tr>\n<tr>\n<td class=\"col-xs-4\"><strong>Te\u017eina netto \/ brutto<\/strong><\/td>\n<td class=\"col-xs-4\">Unutarnja jedinica<\/td>\n<td class=\"col-xs-3 text-nowrap\">2,7 \/ 4,0<\/td>\n<td class=\"col-xs-1 text-nowrap\">kg<\/td>\n<\/tr>\n<tr>\n<td class=\"col-xs-4\"><strong>Te\u017eina netto \/ brutto<\/strong><\/td>\n<td class=\"col-xs-4\">Vanjska jedinica<\/td>\n<td class=\"col-xs-3 text-nowrap\">35,0 \/ 44,0<\/td>\n<td class=\"col-xs-1 text-nowrap\">kg<\/td>\n<\/tr>\n<tr>\n<td class=\"col-xs-4\"><strong>Raspon namje\u0161tenih temperatura<\/strong><\/td>\n<td class=\"col-xs-4\">&#8211;<\/td>\n<td class=\"col-xs-3 text-nowrap\">16 ~ 30<\/td>\n<td class=\"col-xs-1 text-nowrap\">\u00b0C<\/td>\n<\/tr>\n<tr>\n<td class=\"col-xs-4\"><strong>Raspon radnih temperatura<\/strong><\/td>\n<td class=\"col-xs-4\">Hla\u0111enje<\/td>\n<td class=\"col-xs-3 text-nowrap\">18 ~ 46<\/td>\n<td class=\"col-xs-1 text-nowrap\">\u00b0C<\/td>\n<\/tr>\n<tr>\n<td class=\"col-xs-4\"><strong>Raspon radnih temperatura<\/strong><\/td>\n<td class=\"col-xs-4\">Grijanje<\/td>\n<td class=\"col-xs-3 text-nowrap\">&#8211; 5 ~ 24<\/td>\n<td class=\"col-xs-1 text-nowrap\">\u00b0C<\/td>\n<\/tr>\n<\/tbody>\n<\/table>\n","protected":false},"excerpt":{"rendered":"<p>Unutarnje jedinice ultra tanke izvedbe Be\u017ei\u010dno wi-fi upravljanje Ru\u010dno i daljinsko upravljanje U\u010dinkovito hla\u0111enje, grijanje i odvlaz\u030civanje Tihi rad Radna temperatura -5\u201346 \u00b0C Za krovove debljine od 30\u201380 mm Napajanje od 220\u2013240 V \/ 50 Hz \/ 1 f. Integrirano LED svjetlo Smanjena te\u017eina vanjske jedinice Ugradbeni okvir u pakiranju &nbsp; Kapacitet Hla\u0111enje \/ Grijanje [&hellip;]<\/p>\n","protected":false},"featured_media":5628,"comment_status":"open","ping_status":"closed","template":"","meta":{"_acf_changed":false,"_themeisle_gutenberg_block_has_review":false},"product_brand":[],"product_cat":[212,231],"product_tag":[],"class_list":{"0":"post-5627","1":"product","2":"type-product","3":"status-publish","4":"has-post-thumbnail","6":"product_cat-cooling-climate-heating","7":"product_cat-air-condition","9":"first","10":"outofstock","11":"shipping-taxable","12":"purchasable","13":"product-type-simple"},"acf":[],"yoast_head":"<!-- This site is optimized with the Yoast SEO plugin v27.4 - https:\/\/yoast.com\/product\/yoast-seo-wordpress\/ -->\n<title>Klima ure\u0111aj SINCLAIR ASV-35BIS (WIFI) | Petroni - rent | sale | service | conversions<\/title>\n<meta name=\"robots\" content=\"index, follow, max-snippet:-1, max-image-preview:large, max-video-preview:-1\" \/>\n<link rel=\"canonical\" href=\"https:\/\/www.petroni.hr\/en\/proizvod\/klima-uredaj-sinclair-asv-35as-wifi\/\" \/>\n<meta property=\"og:locale\" content=\"en_US\" \/>\n<meta property=\"og:type\" content=\"article\" \/>\n<meta property=\"og:title\" content=\"Klima ure\u0111aj SINCLAIR ASV-35BIS (WIFI) | Petroni - rent | sale | service | conversions\" \/>\n<meta property=\"og:description\" content=\"Unutarnje jedinice ultra tanke izvedbe Be\u017ei\u010dno wi-fi upravljanje Ru\u010dno i daljinsko upravljanje U\u010dinkovito hla\u0111enje, grijanje i odvlaz\u030civanje Tihi rad Radna temperatura -5\u201346 \u00b0C Za krovove debljine od 30\u201380 mm Napajanje od 220\u2013240 V \/ 50 Hz \/ 1 f. Integrirano LED svjetlo Smanjena te\u017eina vanjske jedinice Ugradbeni okvir u pakiranju &nbsp; Kapacitet Hla\u0111enje \/ Grijanje [&hellip;]\" \/>\n<meta property=\"og:url\" content=\"https:\/\/www.petroni.hr\/en\/proizvod\/klima-uredaj-sinclair-asv-35as-wifi\/\" \/>\n<meta property=\"og:site_name\" content=\"Petroni - rent | sale | service | conversions\" \/>\n<meta property=\"article:publisher\" content=\"https:\/\/www.facebook.com\/Kamperi.Petroni.Sesvete\/?locale=hr_HR\" \/>\n<meta property=\"article:modified_time\" content=\"2025-09-23T13:43:47+00:00\" \/>\n<meta property=\"og:image\" content=\"https:\/\/www.petroni.hr\/wp-content\/uploads\/2020\/08\/asv-25-35a-01-800x600px-300dpi-en.png\" \/>\n\t<meta property=\"og:image:width\" content=\"800\" \/>\n\t<meta property=\"og:image:height\" content=\"600\" \/>\n\t<meta property=\"og:image:type\" content=\"image\/png\" \/>\n<meta name=\"twitter:card\" content=\"summary_large_image\" \/>\n<meta name=\"twitter:label1\" content=\"Est. reading time\" \/>\n\t<meta name=\"twitter:data1\" content=\"1 minute\" \/>\n<script type=\"application\/ld+json\" class=\"yoast-schema-graph\">{\"@context\":\"https:\\\/\\\/schema.org\",\"@graph\":[{\"@type\":\"WebPage\",\"@id\":\"https:\\\/\\\/www.petroni.hr\\\/en\\\/proizvod\\\/klima-uredaj-sinclair-asv-35as-wifi\\\/\",\"url\":\"https:\\\/\\\/www.petroni.hr\\\/en\\\/proizvod\\\/klima-uredaj-sinclair-asv-35as-wifi\\\/\",\"name\":\"Klima ure\u0111aj SINCLAIR ASV-35BIS (WIFI) | Petroni - rent | sale | service | conversions\",\"isPartOf\":{\"@id\":\"https:\\\/\\\/www.petroni.hr\\\/en\\\/#website\"},\"primaryImageOfPage\":{\"@id\":\"https:\\\/\\\/www.petroni.hr\\\/en\\\/proizvod\\\/klima-uredaj-sinclair-asv-35as-wifi\\\/#primaryimage\"},\"image\":{\"@id\":\"https:\\\/\\\/www.petroni.hr\\\/en\\\/proizvod\\\/klima-uredaj-sinclair-asv-35as-wifi\\\/#primaryimage\"},\"thumbnailUrl\":\"https:\\\/\\\/www.petroni.hr\\\/wp-content\\\/uploads\\\/2020\\\/08\\\/asv-25-35a-01-800x600px-300dpi-en.png\",\"datePublished\":\"2020-08-27T09:05:18+00:00\",\"dateModified\":\"2025-09-23T13:43:47+00:00\",\"breadcrumb\":{\"@id\":\"https:\\\/\\\/www.petroni.hr\\\/en\\\/proizvod\\\/klima-uredaj-sinclair-asv-35as-wifi\\\/#breadcrumb\"},\"inLanguage\":\"en-US\",\"potentialAction\":[{\"@type\":\"ReadAction\",\"target\":[\"https:\\\/\\\/www.petroni.hr\\\/en\\\/proizvod\\\/klima-uredaj-sinclair-asv-35as-wifi\\\/\"]}]},{\"@type\":\"ImageObject\",\"inLanguage\":\"en-US\",\"@id\":\"https:\\\/\\\/www.petroni.hr\\\/en\\\/proizvod\\\/klima-uredaj-sinclair-asv-35as-wifi\\\/#primaryimage\",\"url\":\"https:\\\/\\\/www.petroni.hr\\\/wp-content\\\/uploads\\\/2020\\\/08\\\/asv-25-35a-01-800x600px-300dpi-en.png\",\"contentUrl\":\"https:\\\/\\\/www.petroni.hr\\\/wp-content\\\/uploads\\\/2020\\\/08\\\/asv-25-35a-01-800x600px-300dpi-en.png\",\"width\":800,\"height\":600},{\"@type\":\"BreadcrumbList\",\"@id\":\"https:\\\/\\\/www.petroni.hr\\\/en\\\/proizvod\\\/klima-uredaj-sinclair-asv-35as-wifi\\\/#breadcrumb\",\"itemListElement\":[{\"@type\":\"ListItem\",\"position\":1,\"name\":\"Po\u010detna stranica\",\"item\":\"https:\\\/\\\/www.petroni.hr\\\/en\\\/\"},{\"@type\":\"ListItem\",\"position\":2,\"name\":\"Shop\",\"item\":\"https:\\\/\\\/www.petroni.hr\\\/en\\\/shop\\\/\"},{\"@type\":\"ListItem\",\"position\":3,\"name\":\"Klima ure\u0111aj SINCLAIR ASV-35BIS (WIFI)\"}]},{\"@type\":\"WebSite\",\"@id\":\"https:\\\/\\\/www.petroni.hr\\\/en\\\/#website\",\"url\":\"https:\\\/\\\/www.petroni.hr\\\/en\\\/\",\"name\":\"Petroni.hr\",\"description\":\"Experience the unprecedented freedom of travel\",\"publisher\":{\"@id\":\"https:\\\/\\\/www.petroni.hr\\\/en\\\/#organization\"},\"alternateName\":\"Petroni\",\"potentialAction\":[{\"@type\":\"SearchAction\",\"target\":{\"@type\":\"EntryPoint\",\"urlTemplate\":\"https:\\\/\\\/www.petroni.hr\\\/en\\\/?s={search_term_string}\"},\"query-input\":{\"@type\":\"PropertyValueSpecification\",\"valueRequired\":true,\"valueName\":\"search_term_string\"}}],\"inLanguage\":\"en-US\"},{\"@type\":\"Organization\",\"@id\":\"https:\\\/\\\/www.petroni.hr\\\/en\\\/#organization\",\"name\":\"Petroni d.o.o.\",\"alternateName\":\"Petroni\",\"url\":\"https:\\\/\\\/www.petroni.hr\\\/en\\\/\",\"logo\":{\"@type\":\"ImageObject\",\"inLanguage\":\"en-US\",\"@id\":\"https:\\\/\\\/www.petroni.hr\\\/en\\\/#\\\/schema\\\/logo\\\/image\\\/\",\"url\":\"https:\\\/\\\/www.petroni.hr\\\/wp-content\\\/uploads\\\/2024\\\/03\\\/cropped-Group-3.jpg\",\"contentUrl\":\"https:\\\/\\\/www.petroni.hr\\\/wp-content\\\/uploads\\\/2024\\\/03\\\/cropped-Group-3.jpg\",\"width\":512,\"height\":512,\"caption\":\"Petroni d.o.o.\"},\"image\":{\"@id\":\"https:\\\/\\\/www.petroni.hr\\\/en\\\/#\\\/schema\\\/logo\\\/image\\\/\"},\"sameAs\":[\"https:\\\/\\\/www.facebook.com\\\/Kamperi.Petroni.Sesvete\\\/?locale=hr_HR\"]}]}<\/script>\n<!-- \/ Yoast SEO plugin. -->","yoast_head_json":{"title":"Klima ure\u0111aj SINCLAIR ASV-35BIS (WIFI) | Petroni - rent | sale | service | conversions","robots":{"index":"index","follow":"follow","max-snippet":"max-snippet:-1","max-image-preview":"max-image-preview:large","max-video-preview":"max-video-preview:-1"},"canonical":"https:\/\/www.petroni.hr\/en\/proizvod\/klima-uredaj-sinclair-asv-35as-wifi\/","og_locale":"en_US","og_type":"article","og_title":"Klima ure\u0111aj SINCLAIR ASV-35BIS (WIFI) | Petroni - rent | sale | service | conversions","og_description":"Unutarnje jedinice ultra tanke izvedbe Be\u017ei\u010dno wi-fi upravljanje Ru\u010dno i daljinsko upravljanje U\u010dinkovito hla\u0111enje, grijanje i odvlaz\u030civanje Tihi rad Radna temperatura -5\u201346 \u00b0C Za krovove debljine od 30\u201380 mm Napajanje od 220\u2013240 V \/ 50 Hz \/ 1 f. Integrirano LED svjetlo Smanjena te\u017eina vanjske jedinice Ugradbeni okvir u pakiranju &nbsp; Kapacitet Hla\u0111enje \/ Grijanje [&hellip;]","og_url":"https:\/\/www.petroni.hr\/en\/proizvod\/klima-uredaj-sinclair-asv-35as-wifi\/","og_site_name":"Petroni - rent | sale | service | conversions","article_publisher":"https:\/\/www.facebook.com\/Kamperi.Petroni.Sesvete\/?locale=hr_HR","article_modified_time":"2025-09-23T13:43:47+00:00","og_image":[{"width":800,"height":600,"url":"https:\/\/www.petroni.hr\/wp-content\/uploads\/2020\/08\/asv-25-35a-01-800x600px-300dpi-en.png","type":"image\/png"}],"twitter_card":"summary_large_image","twitter_misc":{"Est. reading time":"1 minute"},"schema":{"@context":"https:\/\/schema.org","@graph":[{"@type":"WebPage","@id":"https:\/\/www.petroni.hr\/en\/proizvod\/klima-uredaj-sinclair-asv-35as-wifi\/","url":"https:\/\/www.petroni.hr\/en\/proizvod\/klima-uredaj-sinclair-asv-35as-wifi\/","name":"Klima ure\u0111aj SINCLAIR ASV-35BIS (WIFI) | Petroni - rent | sale | service | conversions","isPartOf":{"@id":"https:\/\/www.petroni.hr\/en\/#website"},"primaryImageOfPage":{"@id":"https:\/\/www.petroni.hr\/en\/proizvod\/klima-uredaj-sinclair-asv-35as-wifi\/#primaryimage"},"image":{"@id":"https:\/\/www.petroni.hr\/en\/proizvod\/klima-uredaj-sinclair-asv-35as-wifi\/#primaryimage"},"thumbnailUrl":"https:\/\/www.petroni.hr\/wp-content\/uploads\/2020\/08\/asv-25-35a-01-800x600px-300dpi-en.png","datePublished":"2020-08-27T09:05:18+00:00","dateModified":"2025-09-23T13:43:47+00:00","breadcrumb":{"@id":"https:\/\/www.petroni.hr\/en\/proizvod\/klima-uredaj-sinclair-asv-35as-wifi\/#breadcrumb"},"inLanguage":"en-US","potentialAction":[{"@type":"ReadAction","target":["https:\/\/www.petroni.hr\/en\/proizvod\/klima-uredaj-sinclair-asv-35as-wifi\/"]}]},{"@type":"ImageObject","inLanguage":"en-US","@id":"https:\/\/www.petroni.hr\/en\/proizvod\/klima-uredaj-sinclair-asv-35as-wifi\/#primaryimage","url":"https:\/\/www.petroni.hr\/wp-content\/uploads\/2020\/08\/asv-25-35a-01-800x600px-300dpi-en.png","contentUrl":"https:\/\/www.petroni.hr\/wp-content\/uploads\/2020\/08\/asv-25-35a-01-800x600px-300dpi-en.png","width":800,"height":600},{"@type":"BreadcrumbList","@id":"https:\/\/www.petroni.hr\/en\/proizvod\/klima-uredaj-sinclair-asv-35as-wifi\/#breadcrumb","itemListElement":[{"@type":"ListItem","position":1,"name":"Po\u010detna stranica","item":"https:\/\/www.petroni.hr\/en\/"},{"@type":"ListItem","position":2,"name":"Shop","item":"https:\/\/www.petroni.hr\/en\/shop\/"},{"@type":"ListItem","position":3,"name":"Klima ure\u0111aj SINCLAIR ASV-35BIS (WIFI)"}]},{"@type":"WebSite","@id":"https:\/\/www.petroni.hr\/en\/#website","url":"https:\/\/www.petroni.hr\/en\/","name":"Petroni.hr","description":"Experience the unprecedented freedom of travel","publisher":{"@id":"https:\/\/www.petroni.hr\/en\/#organization"},"alternateName":"Petroni","potentialAction":[{"@type":"SearchAction","target":{"@type":"EntryPoint","urlTemplate":"https:\/\/www.petroni.hr\/en\/?s={search_term_string}"},"query-input":{"@type":"PropertyValueSpecification","valueRequired":true,"valueName":"search_term_string"}}],"inLanguage":"en-US"},{"@type":"Organization","@id":"https:\/\/www.petroni.hr\/en\/#organization","name":"Petroni d.o.o.","alternateName":"Petroni","url":"https:\/\/www.petroni.hr\/en\/","logo":{"@type":"ImageObject","inLanguage":"en-US","@id":"https:\/\/www.petroni.hr\/en\/#\/schema\/logo\/image\/","url":"https:\/\/www.petroni.hr\/wp-content\/uploads\/2024\/03\/cropped-Group-3.jpg","contentUrl":"https:\/\/www.petroni.hr\/wp-content\/uploads\/2024\/03\/cropped-Group-3.jpg","width":512,"height":512,"caption":"Petroni d.o.o."},"image":{"@id":"https:\/\/www.petroni.hr\/en\/#\/schema\/logo\/image\/"},"sameAs":["https:\/\/www.facebook.com\/Kamperi.Petroni.Sesvete\/?locale=hr_HR"]}]}},"_links":{"self":[{"href":"https:\/\/www.petroni.hr\/en\/wp-json\/wp\/v2\/product\/5627","targetHints":{"allow":["GET"]}}],"collection":[{"href":"https:\/\/www.petroni.hr\/en\/wp-json\/wp\/v2\/product"}],"about":[{"href":"https:\/\/www.petroni.hr\/en\/wp-json\/wp\/v2\/types\/product"}],"replies":[{"embeddable":true,"href":"https:\/\/www.petroni.hr\/en\/wp-json\/wp\/v2\/comments?post=5627"}],"wp:featuredmedia":[{"embeddable":true,"href":"https:\/\/www.petroni.hr\/en\/wp-json\/wp\/v2\/media\/5628"}],"wp:attachment":[{"href":"https:\/\/www.petroni.hr\/en\/wp-json\/wp\/v2\/media?parent=5627"}],"wp:term":[{"taxonomy":"product_brand","embeddable":true,"href":"https:\/\/www.petroni.hr\/en\/wp-json\/wp\/v2\/product_brand?post=5627"},{"taxonomy":"product_cat","embeddable":true,"href":"https:\/\/www.petroni.hr\/en\/wp-json\/wp\/v2\/product_cat?post=5627"},{"taxonomy":"product_tag","embeddable":true,"href":"https:\/\/www.petroni.hr\/en\/wp-json\/wp\/v2\/product_tag?post=5627"}],"curies":[{"name":"wp","href":"https:\/\/api.w.org\/{rel}","templated":true}]}}