{"id":26256,"date":"2026-04-20T18:09:48","date_gmt":"2026-04-20T17:09:48","guid":{"rendered":"https:\/\/www.petroni.hr\/?post_type=product&#038;p=26256"},"modified":"2026-04-20T18:09:49","modified_gmt":"2026-04-20T17:09:49","slug":"pladanj-za-posluzivanje-prostusklizni","status":"publish","type":"product","link":"https:\/\/www.petroni.hr\/en\/proizvod\/pladanj-za-posluzivanje-prostusklizni\/","title":{"rendered":"Pladanj za poslu\u017eivanje &#8211; prostusklizni"},"content":{"rendered":"<p>Protuklizni plasti\u010dni pladanj za poslu\u017eivanje svestran je dodatak va\u0161oj kuhinji:<\/p>\n<p>Vi\u0161enamjenski &#8211; mo\u017ee se koristiti kao pladanj za poslu\u017eivanje ili kao sakuplja\u010d vode<br \/>\nIzdr\u017eljiv &#8211; izra\u0111en od visokokvalitetne plastike<br \/>\nProtuklizni &#8211; osigurava stabilnost i sprje\u010dava nezgode<br \/>\nJednostavno \u010di\u0161\u0107enje &#8211; jednostavno ga obri\u0161ite nakon upotrebe<br \/>\nProstorno u\u010dinkovit &#8211; kompaktna veli\u010dina odgovara ve\u0107ini kuhinjskih prostora<br \/>\nHABA protuklizni plasti\u010dni pladanj za poslu\u017eivanje neophodan je u svakoj kuhinji. Ovaj svestrani pladanj mo\u017ee se koristiti kao pladanj za poslu\u017eivanje va\u0161ih obroka ili kao sakuplja\u010d vode za va\u0161 stalak za su\u0161enje posu\u0111a. Izra\u0111en od visokokvalitetne plastike, dizajniran je za dugotrajnost. Protuklizna zna\u010dajka osigurava stabilnost i sprje\u010dava sve nesretne nezgode. Tako\u0111er se izuzetno lako \u010disti &#8211; samo ga obri\u0161ite nakon upotrebe. Unato\u010d robusnoj konstrukciji, ovaj pladanj je kompaktan i prostorno u\u010dinkovit, \u0161to ga \u010dini prikladnim za ve\u0107inu kuhinjskih prostora.<\/p>\n<p>&nbsp;<\/p>\n","protected":false},"excerpt":{"rendered":"<p>Protuklizni plasti\u010dni pladanj za poslu\u017eivanje svestran je dodatak va\u0161oj kuhinji: Vi\u0161enamjenski &#8211; mo\u017ee se koristiti kao pladanj za poslu\u017eivanje ili kao sakuplja\u010d vode Izdr\u017eljiv &#8211; izra\u0111en od visokokvalitetne plastike Protuklizni &#8211; osigurava stabilnost i sprje\u010dava nezgode Jednostavno \u010di\u0161\u0107enje &#8211; jednostavno ga obri\u0161ite nakon upotrebe Prostorno u\u010dinkovit &#8211; kompaktna veli\u010dina odgovara ve\u0107ini kuhinjskih prostora HABA protuklizni [&hellip;]<\/p>\n","protected":false},"featured_media":26257,"comment_status":"open","ping_status":"closed","template":"","meta":{"_acf_changed":false,"_themeisle_gutenberg_block_has_review":false},"product_brand":[],"product_cat":[206,246],"product_tag":[],"class_list":{"0":"post-26256","1":"product","2":"type-product","3":"status-publish","4":"has-post-thumbnail","6":"product_cat-household-kitchen","7":"product_cat-posude-household-kitchen","9":"first","10":"instock","11":"shipping-taxable","12":"purchasable","13":"product-type-simple"},"acf":[],"yoast_head":"<!-- This site is optimized with the Yoast SEO plugin v27.4 - https:\/\/yoast.com\/product\/yoast-seo-wordpress\/ -->\n<title>Pladanj za poslu\u017eivanje - prostusklizni | Petroni - rent | sale | service | conversions<\/title>\n<meta name=\"robots\" content=\"index, follow, max-snippet:-1, max-image-preview:large, max-video-preview:-1\" \/>\n<link rel=\"canonical\" href=\"https:\/\/www.petroni.hr\/en\/proizvod\/pladanj-za-posluzivanje-prostusklizni\/\" \/>\n<meta property=\"og:locale\" content=\"en_US\" \/>\n<meta property=\"og:type\" content=\"article\" \/>\n<meta property=\"og:title\" content=\"Pladanj za poslu\u017eivanje - prostusklizni | Petroni - rent | sale | service | conversions\" \/>\n<meta property=\"og:description\" content=\"Protuklizni plasti\u010dni pladanj za poslu\u017eivanje svestran je dodatak va\u0161oj kuhinji: Vi\u0161enamjenski &#8211; mo\u017ee se koristiti kao pladanj za poslu\u017eivanje ili kao sakuplja\u010d vode Izdr\u017eljiv &#8211; izra\u0111en od visokokvalitetne plastike Protuklizni &#8211; osigurava stabilnost i sprje\u010dava nezgode Jednostavno \u010di\u0161\u0107enje &#8211; jednostavno ga obri\u0161ite nakon upotrebe Prostorno u\u010dinkovit &#8211; kompaktna veli\u010dina odgovara ve\u0107ini kuhinjskih prostora HABA protuklizni [&hellip;]\" \/>\n<meta property=\"og:url\" content=\"https:\/\/www.petroni.hr\/en\/proizvod\/pladanj-za-posluzivanje-prostusklizni\/\" \/>\n<meta property=\"og:site_name\" content=\"Petroni - rent | sale | service | conversions\" \/>\n<meta property=\"article:publisher\" content=\"https:\/\/www.facebook.com\/Kamperi.Petroni.Sesvete\/?locale=hr_HR\" \/>\n<meta property=\"article:modified_time\" content=\"2026-04-20T17:09:49+00:00\" \/>\n<meta property=\"og:image\" content=\"https:\/\/www.petroni.hr\/wp-content\/uploads\/2026\/04\/PLADANJ-ZA-POSLUZIVANJE-1.jpg\" \/>\n\t<meta property=\"og:image:width\" content=\"600\" \/>\n\t<meta property=\"og:image:height\" content=\"600\" \/>\n\t<meta property=\"og:image:type\" content=\"image\/jpeg\" \/>\n<meta name=\"twitter:card\" content=\"summary_large_image\" \/>\n<meta name=\"twitter:label1\" content=\"Est. reading time\" \/>\n\t<meta name=\"twitter:data1\" content=\"1 minute\" \/>\n<script type=\"application\/ld+json\" class=\"yoast-schema-graph\">{\"@context\":\"https:\\\/\\\/schema.org\",\"@graph\":[{\"@type\":\"WebPage\",\"@id\":\"https:\\\/\\\/www.petroni.hr\\\/en\\\/proizvod\\\/pladanj-za-posluzivanje-prostusklizni\\\/\",\"url\":\"https:\\\/\\\/www.petroni.hr\\\/en\\\/proizvod\\\/pladanj-za-posluzivanje-prostusklizni\\\/\",\"name\":\"Pladanj za poslu\u017eivanje - prostusklizni | Petroni - rent | sale | service | conversions\",\"isPartOf\":{\"@id\":\"https:\\\/\\\/www.petroni.hr\\\/en\\\/#website\"},\"primaryImageOfPage\":{\"@id\":\"https:\\\/\\\/www.petroni.hr\\\/en\\\/proizvod\\\/pladanj-za-posluzivanje-prostusklizni\\\/#primaryimage\"},\"image\":{\"@id\":\"https:\\\/\\\/www.petroni.hr\\\/en\\\/proizvod\\\/pladanj-za-posluzivanje-prostusklizni\\\/#primaryimage\"},\"thumbnailUrl\":\"https:\\\/\\\/www.petroni.hr\\\/wp-content\\\/uploads\\\/2026\\\/04\\\/PLADANJ-ZA-POSLUZIVANJE-1.jpg\",\"datePublished\":\"2026-04-20T17:09:48+00:00\",\"dateModified\":\"2026-04-20T17:09:49+00:00\",\"breadcrumb\":{\"@id\":\"https:\\\/\\\/www.petroni.hr\\\/en\\\/proizvod\\\/pladanj-za-posluzivanje-prostusklizni\\\/#breadcrumb\"},\"inLanguage\":\"en-US\",\"potentialAction\":[{\"@type\":\"ReadAction\",\"target\":[\"https:\\\/\\\/www.petroni.hr\\\/en\\\/proizvod\\\/pladanj-za-posluzivanje-prostusklizni\\\/\"]}]},{\"@type\":\"ImageObject\",\"inLanguage\":\"en-US\",\"@id\":\"https:\\\/\\\/www.petroni.hr\\\/en\\\/proizvod\\\/pladanj-za-posluzivanje-prostusklizni\\\/#primaryimage\",\"url\":\"https:\\\/\\\/www.petroni.hr\\\/wp-content\\\/uploads\\\/2026\\\/04\\\/PLADANJ-ZA-POSLUZIVANJE-1.jpg\",\"contentUrl\":\"https:\\\/\\\/www.petroni.hr\\\/wp-content\\\/uploads\\\/2026\\\/04\\\/PLADANJ-ZA-POSLUZIVANJE-1.jpg\",\"width\":600,\"height\":600},{\"@type\":\"BreadcrumbList\",\"@id\":\"https:\\\/\\\/www.petroni.hr\\\/en\\\/proizvod\\\/pladanj-za-posluzivanje-prostusklizni\\\/#breadcrumb\",\"itemListElement\":[{\"@type\":\"ListItem\",\"position\":1,\"name\":\"Po\u010detna stranica\",\"item\":\"https:\\\/\\\/www.petroni.hr\\\/en\\\/\"},{\"@type\":\"ListItem\",\"position\":2,\"name\":\"Shop\",\"item\":\"https:\\\/\\\/www.petroni.hr\\\/en\\\/shop\\\/\"},{\"@type\":\"ListItem\",\"position\":3,\"name\":\"Pladanj za poslu\u017eivanje &#8211; prostusklizni\"}]},{\"@type\":\"WebSite\",\"@id\":\"https:\\\/\\\/www.petroni.hr\\\/en\\\/#website\",\"url\":\"https:\\\/\\\/www.petroni.hr\\\/en\\\/\",\"name\":\"Petroni.hr\",\"description\":\"Experience the unprecedented freedom of travel\",\"publisher\":{\"@id\":\"https:\\\/\\\/www.petroni.hr\\\/en\\\/#organization\"},\"alternateName\":\"Petroni\",\"potentialAction\":[{\"@type\":\"SearchAction\",\"target\":{\"@type\":\"EntryPoint\",\"urlTemplate\":\"https:\\\/\\\/www.petroni.hr\\\/en\\\/?s={search_term_string}\"},\"query-input\":{\"@type\":\"PropertyValueSpecification\",\"valueRequired\":true,\"valueName\":\"search_term_string\"}}],\"inLanguage\":\"en-US\"},{\"@type\":\"Organization\",\"@id\":\"https:\\\/\\\/www.petroni.hr\\\/en\\\/#organization\",\"name\":\"Petroni d.o.o.\",\"alternateName\":\"Petroni\",\"url\":\"https:\\\/\\\/www.petroni.hr\\\/en\\\/\",\"logo\":{\"@type\":\"ImageObject\",\"inLanguage\":\"en-US\",\"@id\":\"https:\\\/\\\/www.petroni.hr\\\/en\\\/#\\\/schema\\\/logo\\\/image\\\/\",\"url\":\"https:\\\/\\\/www.petroni.hr\\\/wp-content\\\/uploads\\\/2024\\\/03\\\/cropped-Group-3.jpg\",\"contentUrl\":\"https:\\\/\\\/www.petroni.hr\\\/wp-content\\\/uploads\\\/2024\\\/03\\\/cropped-Group-3.jpg\",\"width\":512,\"height\":512,\"caption\":\"Petroni d.o.o.\"},\"image\":{\"@id\":\"https:\\\/\\\/www.petroni.hr\\\/en\\\/#\\\/schema\\\/logo\\\/image\\\/\"},\"sameAs\":[\"https:\\\/\\\/www.facebook.com\\\/Kamperi.Petroni.Sesvete\\\/?locale=hr_HR\"]}]}<\/script>\n<!-- \/ Yoast SEO plugin. -->","yoast_head_json":{"title":"Pladanj za poslu\u017eivanje - prostusklizni | Petroni - rent | sale | service | conversions","robots":{"index":"index","follow":"follow","max-snippet":"max-snippet:-1","max-image-preview":"max-image-preview:large","max-video-preview":"max-video-preview:-1"},"canonical":"https:\/\/www.petroni.hr\/en\/proizvod\/pladanj-za-posluzivanje-prostusklizni\/","og_locale":"en_US","og_type":"article","og_title":"Pladanj za poslu\u017eivanje - prostusklizni | Petroni - rent | sale | service | conversions","og_description":"Protuklizni plasti\u010dni pladanj za poslu\u017eivanje svestran je dodatak va\u0161oj kuhinji: Vi\u0161enamjenski &#8211; mo\u017ee se koristiti kao pladanj za poslu\u017eivanje ili kao sakuplja\u010d vode Izdr\u017eljiv &#8211; izra\u0111en od visokokvalitetne plastike Protuklizni &#8211; osigurava stabilnost i sprje\u010dava nezgode Jednostavno \u010di\u0161\u0107enje &#8211; jednostavno ga obri\u0161ite nakon upotrebe Prostorno u\u010dinkovit &#8211; kompaktna veli\u010dina odgovara ve\u0107ini kuhinjskih prostora HABA protuklizni [&hellip;]","og_url":"https:\/\/www.petroni.hr\/en\/proizvod\/pladanj-za-posluzivanje-prostusklizni\/","og_site_name":"Petroni - rent | sale | service | conversions","article_publisher":"https:\/\/www.facebook.com\/Kamperi.Petroni.Sesvete\/?locale=hr_HR","article_modified_time":"2026-04-20T17:09:49+00:00","og_image":[{"width":600,"height":600,"url":"https:\/\/www.petroni.hr\/wp-content\/uploads\/2026\/04\/PLADANJ-ZA-POSLUZIVANJE-1.jpg","type":"image\/jpeg"}],"twitter_card":"summary_large_image","twitter_misc":{"Est. reading time":"1 minute"},"schema":{"@context":"https:\/\/schema.org","@graph":[{"@type":"WebPage","@id":"https:\/\/www.petroni.hr\/en\/proizvod\/pladanj-za-posluzivanje-prostusklizni\/","url":"https:\/\/www.petroni.hr\/en\/proizvod\/pladanj-za-posluzivanje-prostusklizni\/","name":"Pladanj za poslu\u017eivanje - prostusklizni | Petroni - rent | sale | service | conversions","isPartOf":{"@id":"https:\/\/www.petroni.hr\/en\/#website"},"primaryImageOfPage":{"@id":"https:\/\/www.petroni.hr\/en\/proizvod\/pladanj-za-posluzivanje-prostusklizni\/#primaryimage"},"image":{"@id":"https:\/\/www.petroni.hr\/en\/proizvod\/pladanj-za-posluzivanje-prostusklizni\/#primaryimage"},"thumbnailUrl":"https:\/\/www.petroni.hr\/wp-content\/uploads\/2026\/04\/PLADANJ-ZA-POSLUZIVANJE-1.jpg","datePublished":"2026-04-20T17:09:48+00:00","dateModified":"2026-04-20T17:09:49+00:00","breadcrumb":{"@id":"https:\/\/www.petroni.hr\/en\/proizvod\/pladanj-za-posluzivanje-prostusklizni\/#breadcrumb"},"inLanguage":"en-US","potentialAction":[{"@type":"ReadAction","target":["https:\/\/www.petroni.hr\/en\/proizvod\/pladanj-za-posluzivanje-prostusklizni\/"]}]},{"@type":"ImageObject","inLanguage":"en-US","@id":"https:\/\/www.petroni.hr\/en\/proizvod\/pladanj-za-posluzivanje-prostusklizni\/#primaryimage","url":"https:\/\/www.petroni.hr\/wp-content\/uploads\/2026\/04\/PLADANJ-ZA-POSLUZIVANJE-1.jpg","contentUrl":"https:\/\/www.petroni.hr\/wp-content\/uploads\/2026\/04\/PLADANJ-ZA-POSLUZIVANJE-1.jpg","width":600,"height":600},{"@type":"BreadcrumbList","@id":"https:\/\/www.petroni.hr\/en\/proizvod\/pladanj-za-posluzivanje-prostusklizni\/#breadcrumb","itemListElement":[{"@type":"ListItem","position":1,"name":"Po\u010detna stranica","item":"https:\/\/www.petroni.hr\/en\/"},{"@type":"ListItem","position":2,"name":"Shop","item":"https:\/\/www.petroni.hr\/en\/shop\/"},{"@type":"ListItem","position":3,"name":"Pladanj za poslu\u017eivanje &#8211; prostusklizni"}]},{"@type":"WebSite","@id":"https:\/\/www.petroni.hr\/en\/#website","url":"https:\/\/www.petroni.hr\/en\/","name":"Petroni.hr","description":"Experience the unprecedented freedom of travel","publisher":{"@id":"https:\/\/www.petroni.hr\/en\/#organization"},"alternateName":"Petroni","potentialAction":[{"@type":"SearchAction","target":{"@type":"EntryPoint","urlTemplate":"https:\/\/www.petroni.hr\/en\/?s={search_term_string}"},"query-input":{"@type":"PropertyValueSpecification","valueRequired":true,"valueName":"search_term_string"}}],"inLanguage":"en-US"},{"@type":"Organization","@id":"https:\/\/www.petroni.hr\/en\/#organization","name":"Petroni d.o.o.","alternateName":"Petroni","url":"https:\/\/www.petroni.hr\/en\/","logo":{"@type":"ImageObject","inLanguage":"en-US","@id":"https:\/\/www.petroni.hr\/en\/#\/schema\/logo\/image\/","url":"https:\/\/www.petroni.hr\/wp-content\/uploads\/2024\/03\/cropped-Group-3.jpg","contentUrl":"https:\/\/www.petroni.hr\/wp-content\/uploads\/2024\/03\/cropped-Group-3.jpg","width":512,"height":512,"caption":"Petroni d.o.o."},"image":{"@id":"https:\/\/www.petroni.hr\/en\/#\/schema\/logo\/image\/"},"sameAs":["https:\/\/www.facebook.com\/Kamperi.Petroni.Sesvete\/?locale=hr_HR"]}]}},"_links":{"self":[{"href":"https:\/\/www.petroni.hr\/en\/wp-json\/wp\/v2\/product\/26256","targetHints":{"allow":["GET"]}}],"collection":[{"href":"https:\/\/www.petroni.hr\/en\/wp-json\/wp\/v2\/product"}],"about":[{"href":"https:\/\/www.petroni.hr\/en\/wp-json\/wp\/v2\/types\/product"}],"replies":[{"embeddable":true,"href":"https:\/\/www.petroni.hr\/en\/wp-json\/wp\/v2\/comments?post=26256"}],"wp:featuredmedia":[{"embeddable":true,"href":"https:\/\/www.petroni.hr\/en\/wp-json\/wp\/v2\/media\/26257"}],"wp:attachment":[{"href":"https:\/\/www.petroni.hr\/en\/wp-json\/wp\/v2\/media?parent=26256"}],"wp:term":[{"taxonomy":"product_brand","embeddable":true,"href":"https:\/\/www.petroni.hr\/en\/wp-json\/wp\/v2\/product_brand?post=26256"},{"taxonomy":"product_cat","embeddable":true,"href":"https:\/\/www.petroni.hr\/en\/wp-json\/wp\/v2\/product_cat?post=26256"},{"taxonomy":"product_tag","embeddable":true,"href":"https:\/\/www.petroni.hr\/en\/wp-json\/wp\/v2\/product_tag?post=26256"}],"curies":[{"name":"wp","href":"https:\/\/api.w.org\/{rel}","templated":true}]}}