{"id":26232,"date":"2026-04-20T17:39:23","date_gmt":"2026-04-20T16:39:23","guid":{"rendered":"https:\/\/www.petroni.hr\/?post_type=product&#038;p=26232"},"modified":"2026-04-20T17:39:25","modified_gmt":"2026-04-20T16:39:25","slug":"podupiraci-30-43cm-4-komada","status":"publish","type":"product","link":"https:\/\/www.petroni.hr\/en\/proizvod\/podupiraci-30-43cm-4-komada\/","title":{"rendered":"Podupira\u010di 30-43cm &#8211; 4 komada"},"content":{"rendered":"<p>Carajack nosa\u010di su dizajnirani su kako bi pru\u017eili stabilnost i sigurnost va\u0161oj kamp ku\u0107ici, mobilnoj ku\u0107i ili\u00a0 kamperu:<\/p>\n<p>Visoka nosivost &#8211; Svaki nosa\u010d osovine mo\u017ee nositi maksimalnu te\u017einu od 1000 kg<br \/>\nPodesivo &#8211; Visina se mo\u017ee podesiti od 300 mm do 430 mm<br \/>\nAluminijska konstrukcija &#8211; Izdr\u017eljiva i otporna na hr\u0111u<br \/>\nZa\u0161titne kapice &#8211; Sprje\u010davaju o\u0161te\u0107enje \u0161asije i pru\u017eaju bolje prianjanje<br \/>\nJednostavna ugradnja &#8211; Jednostavno kliknite za\u0161titne kapice na vrh nosa\u010da osovine<br \/>\nCarajack nosa\u010di za karavane neophodni su za svakog vlasnika kamp ku\u0107ice ili kampera. Ovi aluminijski nosa\u010di osovine dizajnirani su za podupiranje \u0161asije, smanjuju\u0107i pritisak s guma kada dulje vrijeme boravite na jednom mjestu. Za\u0161titne gumene kapice pru\u017eaju bolje prianjanje na \u0161asiju i ravnomjernije raspore\u0111uju pritisak, sprje\u010davaju\u0107i bilo kakvu potencijalnu \u0161tetu. Pode\u0161avanje visine nosa\u010da osovine je jednostavno, samo okre\u0107ite horizontalni klin dok se ne postigne \u017eeljena visina. Ispravna visina posti\u017ee se kada se te\u017eina ukloni s guma i kada kamp ku\u0107ica ili kamper stoji vodoravno. Napomena: Uvijek pazite da gume ostanu na tlu!<\/p>\n<p>S maksimalnom nosivo\u0161\u0107u od 1000 kg po nosa\u010du osovine, ovi nosa\u010di osovina karavana pru\u017eaju pouzdanu potporu za va\u0161e vozilo. Minimalna visina nosa\u010da osovine je 300 mm, a maksimalna 430 mm. Ovaj set od 4 nosa\u010da osovine dolazi s 4 za\u0161titne kapice.<\/p>\n<p>Osigurajte stabilnost i sigurnost svoje kamp-ku\u0107ice ili kampera uz nosa\u010de Carajack Caravan Jack.<\/p>\n","protected":false},"excerpt":{"rendered":"<p>Carajack nosa\u010di su dizajnirani su kako bi pru\u017eili stabilnost i sigurnost va\u0161oj kamp ku\u0107ici, mobilnoj ku\u0107i ili\u00a0 kamperu: Visoka nosivost &#8211; Svaki nosa\u010d osovine mo\u017ee nositi maksimalnu te\u017einu od 1000 kg Podesivo &#8211; Visina se mo\u017ee podesiti od 300 mm do 430 mm Aluminijska konstrukcija &#8211; Izdr\u017eljiva i otporna na hr\u0111u Za\u0161titne kapice &#8211; Sprje\u010davaju [&hellip;]<\/p>\n","protected":false},"featured_media":26233,"comment_status":"open","ping_status":"closed","template":"","meta":{"_acf_changed":false,"_themeisle_gutenberg_block_has_review":false},"product_brand":[],"product_cat":[210,209,15],"product_tag":[],"class_list":{"0":"post-26232","1":"product","2":"type-product","3":"status-publish","4":"has-post-thumbnail","6":"product_cat-caravan-tehnology","7":"product_cat-outdoor-leisure","8":"product_cat-uncategorized","10":"first","11":"instock","12":"shipping-taxable","13":"purchasable","14":"product-type-simple"},"acf":[],"yoast_head":"<!-- This site is optimized with the Yoast SEO plugin v27.4 - https:\/\/yoast.com\/product\/yoast-seo-wordpress\/ -->\n<title>Podupira\u010di 30-43cm - 4 komada | Petroni - rent | sale | service | conversions<\/title>\n<meta name=\"robots\" content=\"index, follow, max-snippet:-1, max-image-preview:large, max-video-preview:-1\" \/>\n<link rel=\"canonical\" href=\"https:\/\/www.petroni.hr\/en\/proizvod\/podupiraci-30-43cm-4-komada\/\" \/>\n<meta property=\"og:locale\" content=\"en_US\" \/>\n<meta property=\"og:type\" content=\"article\" \/>\n<meta property=\"og:title\" content=\"Podupira\u010di 30-43cm - 4 komada | Petroni - rent | sale | service | conversions\" \/>\n<meta property=\"og:description\" content=\"Carajack nosa\u010di su dizajnirani su kako bi pru\u017eili stabilnost i sigurnost va\u0161oj kamp ku\u0107ici, mobilnoj ku\u0107i ili\u00a0 kamperu: Visoka nosivost &#8211; Svaki nosa\u010d osovine mo\u017ee nositi maksimalnu te\u017einu od 1000 kg Podesivo &#8211; Visina se mo\u017ee podesiti od 300 mm do 430 mm Aluminijska konstrukcija &#8211; Izdr\u017eljiva i otporna na hr\u0111u Za\u0161titne kapice &#8211; Sprje\u010davaju [&hellip;]\" \/>\n<meta property=\"og:url\" content=\"https:\/\/www.petroni.hr\/en\/proizvod\/podupiraci-30-43cm-4-komada\/\" \/>\n<meta property=\"og:site_name\" content=\"Petroni - rent | sale | service | conversions\" \/>\n<meta property=\"article:publisher\" content=\"https:\/\/www.facebook.com\/Kamperi.Petroni.Sesvete\/?locale=hr_HR\" \/>\n<meta property=\"article:modified_time\" content=\"2026-04-20T16:39:25+00:00\" \/>\n<meta property=\"og:image\" content=\"https:\/\/www.petroni.hr\/wp-content\/uploads\/2026\/04\/podupirac-1.jpg\" \/>\n\t<meta property=\"og:image:width\" content=\"950\" \/>\n\t<meta property=\"og:image:height\" content=\"633\" \/>\n\t<meta property=\"og:image:type\" content=\"image\/jpeg\" \/>\n<meta name=\"twitter:card\" content=\"summary_large_image\" \/>\n<meta name=\"twitter:label1\" content=\"Est. reading time\" \/>\n\t<meta name=\"twitter:data1\" content=\"1 minute\" \/>\n<script type=\"application\/ld+json\" class=\"yoast-schema-graph\">{\"@context\":\"https:\\\/\\\/schema.org\",\"@graph\":[{\"@type\":\"WebPage\",\"@id\":\"https:\\\/\\\/www.petroni.hr\\\/en\\\/proizvod\\\/podupiraci-30-43cm-4-komada\\\/\",\"url\":\"https:\\\/\\\/www.petroni.hr\\\/en\\\/proizvod\\\/podupiraci-30-43cm-4-komada\\\/\",\"name\":\"Podupira\u010di 30-43cm - 4 komada | Petroni - rent | sale | service | conversions\",\"isPartOf\":{\"@id\":\"https:\\\/\\\/www.petroni.hr\\\/en\\\/#website\"},\"primaryImageOfPage\":{\"@id\":\"https:\\\/\\\/www.petroni.hr\\\/en\\\/proizvod\\\/podupiraci-30-43cm-4-komada\\\/#primaryimage\"},\"image\":{\"@id\":\"https:\\\/\\\/www.petroni.hr\\\/en\\\/proizvod\\\/podupiraci-30-43cm-4-komada\\\/#primaryimage\"},\"thumbnailUrl\":\"https:\\\/\\\/www.petroni.hr\\\/wp-content\\\/uploads\\\/2026\\\/04\\\/podupirac-1.jpg\",\"datePublished\":\"2026-04-20T16:39:23+00:00\",\"dateModified\":\"2026-04-20T16:39:25+00:00\",\"breadcrumb\":{\"@id\":\"https:\\\/\\\/www.petroni.hr\\\/en\\\/proizvod\\\/podupiraci-30-43cm-4-komada\\\/#breadcrumb\"},\"inLanguage\":\"en-US\",\"potentialAction\":[{\"@type\":\"ReadAction\",\"target\":[\"https:\\\/\\\/www.petroni.hr\\\/en\\\/proizvod\\\/podupiraci-30-43cm-4-komada\\\/\"]}]},{\"@type\":\"ImageObject\",\"inLanguage\":\"en-US\",\"@id\":\"https:\\\/\\\/www.petroni.hr\\\/en\\\/proizvod\\\/podupiraci-30-43cm-4-komada\\\/#primaryimage\",\"url\":\"https:\\\/\\\/www.petroni.hr\\\/wp-content\\\/uploads\\\/2026\\\/04\\\/podupirac-1.jpg\",\"contentUrl\":\"https:\\\/\\\/www.petroni.hr\\\/wp-content\\\/uploads\\\/2026\\\/04\\\/podupirac-1.jpg\",\"width\":950,\"height\":633},{\"@type\":\"BreadcrumbList\",\"@id\":\"https:\\\/\\\/www.petroni.hr\\\/en\\\/proizvod\\\/podupiraci-30-43cm-4-komada\\\/#breadcrumb\",\"itemListElement\":[{\"@type\":\"ListItem\",\"position\":1,\"name\":\"Po\u010detna stranica\",\"item\":\"https:\\\/\\\/www.petroni.hr\\\/en\\\/\"},{\"@type\":\"ListItem\",\"position\":2,\"name\":\"Shop\",\"item\":\"https:\\\/\\\/www.petroni.hr\\\/en\\\/shop\\\/\"},{\"@type\":\"ListItem\",\"position\":3,\"name\":\"Podupira\u010di 30-43cm &#8211; 4 komada\"}]},{\"@type\":\"WebSite\",\"@id\":\"https:\\\/\\\/www.petroni.hr\\\/en\\\/#website\",\"url\":\"https:\\\/\\\/www.petroni.hr\\\/en\\\/\",\"name\":\"Petroni.hr\",\"description\":\"Experience the unprecedented freedom of travel\",\"publisher\":{\"@id\":\"https:\\\/\\\/www.petroni.hr\\\/en\\\/#organization\"},\"alternateName\":\"Petroni\",\"potentialAction\":[{\"@type\":\"SearchAction\",\"target\":{\"@type\":\"EntryPoint\",\"urlTemplate\":\"https:\\\/\\\/www.petroni.hr\\\/en\\\/?s={search_term_string}\"},\"query-input\":{\"@type\":\"PropertyValueSpecification\",\"valueRequired\":true,\"valueName\":\"search_term_string\"}}],\"inLanguage\":\"en-US\"},{\"@type\":\"Organization\",\"@id\":\"https:\\\/\\\/www.petroni.hr\\\/en\\\/#organization\",\"name\":\"Petroni d.o.o.\",\"alternateName\":\"Petroni\",\"url\":\"https:\\\/\\\/www.petroni.hr\\\/en\\\/\",\"logo\":{\"@type\":\"ImageObject\",\"inLanguage\":\"en-US\",\"@id\":\"https:\\\/\\\/www.petroni.hr\\\/en\\\/#\\\/schema\\\/logo\\\/image\\\/\",\"url\":\"https:\\\/\\\/www.petroni.hr\\\/wp-content\\\/uploads\\\/2024\\\/03\\\/cropped-Group-3.jpg\",\"contentUrl\":\"https:\\\/\\\/www.petroni.hr\\\/wp-content\\\/uploads\\\/2024\\\/03\\\/cropped-Group-3.jpg\",\"width\":512,\"height\":512,\"caption\":\"Petroni d.o.o.\"},\"image\":{\"@id\":\"https:\\\/\\\/www.petroni.hr\\\/en\\\/#\\\/schema\\\/logo\\\/image\\\/\"},\"sameAs\":[\"https:\\\/\\\/www.facebook.com\\\/Kamperi.Petroni.Sesvete\\\/?locale=hr_HR\"]}]}<\/script>\n<!-- \/ Yoast SEO plugin. -->","yoast_head_json":{"title":"Podupira\u010di 30-43cm - 4 komada | Petroni - rent | sale | service | conversions","robots":{"index":"index","follow":"follow","max-snippet":"max-snippet:-1","max-image-preview":"max-image-preview:large","max-video-preview":"max-video-preview:-1"},"canonical":"https:\/\/www.petroni.hr\/en\/proizvod\/podupiraci-30-43cm-4-komada\/","og_locale":"en_US","og_type":"article","og_title":"Podupira\u010di 30-43cm - 4 komada | Petroni - rent | sale | service | conversions","og_description":"Carajack nosa\u010di su dizajnirani su kako bi pru\u017eili stabilnost i sigurnost va\u0161oj kamp ku\u0107ici, mobilnoj ku\u0107i ili\u00a0 kamperu: Visoka nosivost &#8211; Svaki nosa\u010d osovine mo\u017ee nositi maksimalnu te\u017einu od 1000 kg Podesivo &#8211; Visina se mo\u017ee podesiti od 300 mm do 430 mm Aluminijska konstrukcija &#8211; Izdr\u017eljiva i otporna na hr\u0111u Za\u0161titne kapice &#8211; Sprje\u010davaju [&hellip;]","og_url":"https:\/\/www.petroni.hr\/en\/proizvod\/podupiraci-30-43cm-4-komada\/","og_site_name":"Petroni - rent | sale | service | conversions","article_publisher":"https:\/\/www.facebook.com\/Kamperi.Petroni.Sesvete\/?locale=hr_HR","article_modified_time":"2026-04-20T16:39:25+00:00","og_image":[{"width":950,"height":633,"url":"https:\/\/www.petroni.hr\/wp-content\/uploads\/2026\/04\/podupirac-1.jpg","type":"image\/jpeg"}],"twitter_card":"summary_large_image","twitter_misc":{"Est. reading time":"1 minute"},"schema":{"@context":"https:\/\/schema.org","@graph":[{"@type":"WebPage","@id":"https:\/\/www.petroni.hr\/en\/proizvod\/podupiraci-30-43cm-4-komada\/","url":"https:\/\/www.petroni.hr\/en\/proizvod\/podupiraci-30-43cm-4-komada\/","name":"Podupira\u010di 30-43cm - 4 komada | Petroni - rent | sale | service | conversions","isPartOf":{"@id":"https:\/\/www.petroni.hr\/en\/#website"},"primaryImageOfPage":{"@id":"https:\/\/www.petroni.hr\/en\/proizvod\/podupiraci-30-43cm-4-komada\/#primaryimage"},"image":{"@id":"https:\/\/www.petroni.hr\/en\/proizvod\/podupiraci-30-43cm-4-komada\/#primaryimage"},"thumbnailUrl":"https:\/\/www.petroni.hr\/wp-content\/uploads\/2026\/04\/podupirac-1.jpg","datePublished":"2026-04-20T16:39:23+00:00","dateModified":"2026-04-20T16:39:25+00:00","breadcrumb":{"@id":"https:\/\/www.petroni.hr\/en\/proizvod\/podupiraci-30-43cm-4-komada\/#breadcrumb"},"inLanguage":"en-US","potentialAction":[{"@type":"ReadAction","target":["https:\/\/www.petroni.hr\/en\/proizvod\/podupiraci-30-43cm-4-komada\/"]}]},{"@type":"ImageObject","inLanguage":"en-US","@id":"https:\/\/www.petroni.hr\/en\/proizvod\/podupiraci-30-43cm-4-komada\/#primaryimage","url":"https:\/\/www.petroni.hr\/wp-content\/uploads\/2026\/04\/podupirac-1.jpg","contentUrl":"https:\/\/www.petroni.hr\/wp-content\/uploads\/2026\/04\/podupirac-1.jpg","width":950,"height":633},{"@type":"BreadcrumbList","@id":"https:\/\/www.petroni.hr\/en\/proizvod\/podupiraci-30-43cm-4-komada\/#breadcrumb","itemListElement":[{"@type":"ListItem","position":1,"name":"Po\u010detna stranica","item":"https:\/\/www.petroni.hr\/en\/"},{"@type":"ListItem","position":2,"name":"Shop","item":"https:\/\/www.petroni.hr\/en\/shop\/"},{"@type":"ListItem","position":3,"name":"Podupira\u010di 30-43cm &#8211; 4 komada"}]},{"@type":"WebSite","@id":"https:\/\/www.petroni.hr\/en\/#website","url":"https:\/\/www.petroni.hr\/en\/","name":"Petroni.hr","description":"Experience the unprecedented freedom of travel","publisher":{"@id":"https:\/\/www.petroni.hr\/en\/#organization"},"alternateName":"Petroni","potentialAction":[{"@type":"SearchAction","target":{"@type":"EntryPoint","urlTemplate":"https:\/\/www.petroni.hr\/en\/?s={search_term_string}"},"query-input":{"@type":"PropertyValueSpecification","valueRequired":true,"valueName":"search_term_string"}}],"inLanguage":"en-US"},{"@type":"Organization","@id":"https:\/\/www.petroni.hr\/en\/#organization","name":"Petroni d.o.o.","alternateName":"Petroni","url":"https:\/\/www.petroni.hr\/en\/","logo":{"@type":"ImageObject","inLanguage":"en-US","@id":"https:\/\/www.petroni.hr\/en\/#\/schema\/logo\/image\/","url":"https:\/\/www.petroni.hr\/wp-content\/uploads\/2024\/03\/cropped-Group-3.jpg","contentUrl":"https:\/\/www.petroni.hr\/wp-content\/uploads\/2024\/03\/cropped-Group-3.jpg","width":512,"height":512,"caption":"Petroni d.o.o."},"image":{"@id":"https:\/\/www.petroni.hr\/en\/#\/schema\/logo\/image\/"},"sameAs":["https:\/\/www.facebook.com\/Kamperi.Petroni.Sesvete\/?locale=hr_HR"]}]}},"_links":{"self":[{"href":"https:\/\/www.petroni.hr\/en\/wp-json\/wp\/v2\/product\/26232","targetHints":{"allow":["GET"]}}],"collection":[{"href":"https:\/\/www.petroni.hr\/en\/wp-json\/wp\/v2\/product"}],"about":[{"href":"https:\/\/www.petroni.hr\/en\/wp-json\/wp\/v2\/types\/product"}],"replies":[{"embeddable":true,"href":"https:\/\/www.petroni.hr\/en\/wp-json\/wp\/v2\/comments?post=26232"}],"wp:featuredmedia":[{"embeddable":true,"href":"https:\/\/www.petroni.hr\/en\/wp-json\/wp\/v2\/media\/26233"}],"wp:attachment":[{"href":"https:\/\/www.petroni.hr\/en\/wp-json\/wp\/v2\/media?parent=26232"}],"wp:term":[{"taxonomy":"product_brand","embeddable":true,"href":"https:\/\/www.petroni.hr\/en\/wp-json\/wp\/v2\/product_brand?post=26232"},{"taxonomy":"product_cat","embeddable":true,"href":"https:\/\/www.petroni.hr\/en\/wp-json\/wp\/v2\/product_cat?post=26232"},{"taxonomy":"product_tag","embeddable":true,"href":"https:\/\/www.petroni.hr\/en\/wp-json\/wp\/v2\/product_tag?post=26232"}],"curies":[{"name":"wp","href":"https:\/\/api.w.org\/{rel}","templated":true}]}}