{"id":26226,"date":"2026-04-18T06:08:14","date_gmt":"2026-04-18T05:08:14","guid":{"rendered":"https:\/\/www.petroni.hr\/?post_type=product&#038;p=26226"},"modified":"2026-04-18T06:08:15","modified_gmt":"2026-04-18T05:08:15","slug":"podloske-za-kotace-za-bolji-grip-stagri-par","status":"publish","type":"product","link":"https:\/\/www.petroni.hr\/en\/proizvod\/podloske-za-kotace-za-bolji-grip-stagri-par\/","title":{"rendered":"Podlo\u0161ke za kota\u010de za bolji grip STAGRI &#8211; par"},"content":{"rendered":"<p>Stagri podlo\u0161ke za kota\u010de kampera nude nekoliko zna\u010dajki i prednosti:<\/p>\n<p>Prakti\u010dne &#8211; Poma\u017eu u glatkoj vo\u017enji po blatu ili snijegu<br \/>\nIzdr\u017eljive &#8211; Dizajnirane za dugotrajnu upotrebu<br \/>\nPrijenosne &#8211; Jednostavne za no\u0161enje i pohranu<br \/>\n\u017duta boja &#8211; Pobolj\u0161ava vidljivost<br \/>\nSet od dva komada &#8211; Dolaze u pakiranju od dva komada za dvostruku sigurnost<\/p>\n<p>Stagri podlo\u0161ke za kota\u010de kampera savr\u0161en su suputnik za one koji vole istra\u017eivati \u200b\u200bu svojim karavanima, kamperima ili brodovima. Ove prostirke dizajnirane su za \u010dvrsto prianjanje, osiguravaju\u0107i lako kretanje po zahtjevnim terenima poput blata ili snijega. Njihova izdr\u017eljiva konstrukcija jam\u010di dugotrajnu upotrebu, dok ih njihov prijenosni dizajn \u010dini jednostavnim za no\u0161enje i pohranu. \u017divahne \u017eute boje, ove prostirke za prianjanje lako su vidljive, \u0161to doprinosi va\u0161oj sigurnosti. Svako pakiranje sadr\u017ei dvije prostirke, nude\u0107i dvostruku sigurnost na va\u0161im putovanjima.<\/p>\n<p>Podlo\u0161ke za bolje prianjanje kota\u010da kampera neophodan su dodatak za svakog vlasnika kampera ili kampera. Stagri prostirke za kota\u010de kampera ne samo da pru\u017eaju sigurnu i glatku vo\u017enju, ve\u0107 i osiguravaju va\u0161 mir tijekom putovanja. Bez obzira kre\u0107ete li na vikend avanturu ili dugo putovanje, ove prostirke za kota\u010de su neophodne u va\u0161em sigurnosnom kompletu.<\/p>\n","protected":false},"excerpt":{"rendered":"<p>Stagri podlo\u0161ke za kota\u010de kampera nude nekoliko zna\u010dajki i prednosti: Prakti\u010dne &#8211; Poma\u017eu u glatkoj vo\u017enji po blatu ili snijegu Izdr\u017eljive &#8211; Dizajnirane za dugotrajnu upotrebu Prijenosne &#8211; Jednostavne za no\u0161enje i pohranu \u017duta boja &#8211; Pobolj\u0161ava vidljivost Set od dva komada &#8211; Dolaze u pakiranju od dva komada za dvostruku sigurnost Stagri podlo\u0161ke za [&hellip;]<\/p>\n","protected":false},"featured_media":26227,"comment_status":"open","ping_status":"closed","template":"","meta":{"_acf_changed":false,"_themeisle_gutenberg_block_has_review":false},"product_brand":[],"product_cat":[239,15],"product_tag":[],"class_list":{"0":"post-26226","1":"product","2":"type-product","3":"status-publish","4":"has-post-thumbnail","6":"product_cat-gume-oprema","7":"product_cat-uncategorized","9":"first","10":"instock","11":"shipping-taxable","12":"purchasable","13":"product-type-simple"},"acf":[],"yoast_head":"<!-- This site is optimized with the Yoast SEO plugin v27.4 - https:\/\/yoast.com\/product\/yoast-seo-wordpress\/ -->\n<title>Podlo\u0161ke za kota\u010de za bolji grip STAGRI - par | Petroni - rent | sale | service | conversions<\/title>\n<meta name=\"robots\" content=\"index, follow, max-snippet:-1, max-image-preview:large, max-video-preview:-1\" \/>\n<link rel=\"canonical\" href=\"https:\/\/www.petroni.hr\/en\/proizvod\/podloske-za-kotace-za-bolji-grip-stagri-par\/\" \/>\n<meta property=\"og:locale\" content=\"en_US\" \/>\n<meta property=\"og:type\" content=\"article\" \/>\n<meta property=\"og:title\" content=\"Podlo\u0161ke za kota\u010de za bolji grip STAGRI - par | Petroni - rent | sale | service | conversions\" \/>\n<meta property=\"og:description\" content=\"Stagri podlo\u0161ke za kota\u010de kampera nude nekoliko zna\u010dajki i prednosti: Prakti\u010dne &#8211; Poma\u017eu u glatkoj vo\u017enji po blatu ili snijegu Izdr\u017eljive &#8211; Dizajnirane za dugotrajnu upotrebu Prijenosne &#8211; Jednostavne za no\u0161enje i pohranu \u017duta boja &#8211; Pobolj\u0161ava vidljivost Set od dva komada &#8211; Dolaze u pakiranju od dva komada za dvostruku sigurnost Stagri podlo\u0161ke za [&hellip;]\" \/>\n<meta property=\"og:url\" content=\"https:\/\/www.petroni.hr\/en\/proizvod\/podloske-za-kotace-za-bolji-grip-stagri-par\/\" \/>\n<meta property=\"og:site_name\" content=\"Petroni - rent | sale | service | conversions\" \/>\n<meta property=\"article:publisher\" content=\"https:\/\/www.facebook.com\/Kamperi.Petroni.Sesvete\/?locale=hr_HR\" \/>\n<meta property=\"article:modified_time\" content=\"2026-04-18T05:08:15+00:00\" \/>\n<meta property=\"og:image\" content=\"https:\/\/www.petroni.hr\/wp-content\/uploads\/2026\/04\/podloge-za-bolji-grip-kotaca-1.jpg\" \/>\n\t<meta property=\"og:image:width\" content=\"750\" \/>\n\t<meta property=\"og:image:height\" content=\"750\" \/>\n\t<meta property=\"og:image:type\" content=\"image\/jpeg\" \/>\n<meta name=\"twitter:card\" content=\"summary_large_image\" \/>\n<meta name=\"twitter:label1\" content=\"Est. reading time\" \/>\n\t<meta name=\"twitter:data1\" content=\"1 minute\" \/>\n<script type=\"application\/ld+json\" class=\"yoast-schema-graph\">{\"@context\":\"https:\\\/\\\/schema.org\",\"@graph\":[{\"@type\":\"WebPage\",\"@id\":\"https:\\\/\\\/www.petroni.hr\\\/en\\\/proizvod\\\/podloske-za-kotace-za-bolji-grip-stagri-par\\\/\",\"url\":\"https:\\\/\\\/www.petroni.hr\\\/en\\\/proizvod\\\/podloske-za-kotace-za-bolji-grip-stagri-par\\\/\",\"name\":\"Podlo\u0161ke za kota\u010de za bolji grip STAGRI - par | Petroni - rent | sale | service | conversions\",\"isPartOf\":{\"@id\":\"https:\\\/\\\/www.petroni.hr\\\/en\\\/#website\"},\"primaryImageOfPage\":{\"@id\":\"https:\\\/\\\/www.petroni.hr\\\/en\\\/proizvod\\\/podloske-za-kotace-za-bolji-grip-stagri-par\\\/#primaryimage\"},\"image\":{\"@id\":\"https:\\\/\\\/www.petroni.hr\\\/en\\\/proizvod\\\/podloske-za-kotace-za-bolji-grip-stagri-par\\\/#primaryimage\"},\"thumbnailUrl\":\"https:\\\/\\\/www.petroni.hr\\\/wp-content\\\/uploads\\\/2026\\\/04\\\/podloge-za-bolji-grip-kotaca-1.jpg\",\"datePublished\":\"2026-04-18T05:08:14+00:00\",\"dateModified\":\"2026-04-18T05:08:15+00:00\",\"breadcrumb\":{\"@id\":\"https:\\\/\\\/www.petroni.hr\\\/en\\\/proizvod\\\/podloske-za-kotace-za-bolji-grip-stagri-par\\\/#breadcrumb\"},\"inLanguage\":\"en-US\",\"potentialAction\":[{\"@type\":\"ReadAction\",\"target\":[\"https:\\\/\\\/www.petroni.hr\\\/en\\\/proizvod\\\/podloske-za-kotace-za-bolji-grip-stagri-par\\\/\"]}]},{\"@type\":\"ImageObject\",\"inLanguage\":\"en-US\",\"@id\":\"https:\\\/\\\/www.petroni.hr\\\/en\\\/proizvod\\\/podloske-za-kotace-za-bolji-grip-stagri-par\\\/#primaryimage\",\"url\":\"https:\\\/\\\/www.petroni.hr\\\/wp-content\\\/uploads\\\/2026\\\/04\\\/podloge-za-bolji-grip-kotaca-1.jpg\",\"contentUrl\":\"https:\\\/\\\/www.petroni.hr\\\/wp-content\\\/uploads\\\/2026\\\/04\\\/podloge-za-bolji-grip-kotaca-1.jpg\",\"width\":750,\"height\":750},{\"@type\":\"BreadcrumbList\",\"@id\":\"https:\\\/\\\/www.petroni.hr\\\/en\\\/proizvod\\\/podloske-za-kotace-za-bolji-grip-stagri-par\\\/#breadcrumb\",\"itemListElement\":[{\"@type\":\"ListItem\",\"position\":1,\"name\":\"Po\u010detna stranica\",\"item\":\"https:\\\/\\\/www.petroni.hr\\\/en\\\/\"},{\"@type\":\"ListItem\",\"position\":2,\"name\":\"Shop\",\"item\":\"https:\\\/\\\/www.petroni.hr\\\/en\\\/shop\\\/\"},{\"@type\":\"ListItem\",\"position\":3,\"name\":\"Podlo\u0161ke za kota\u010de za bolji grip STAGRI &#8211; par\"}]},{\"@type\":\"WebSite\",\"@id\":\"https:\\\/\\\/www.petroni.hr\\\/en\\\/#website\",\"url\":\"https:\\\/\\\/www.petroni.hr\\\/en\\\/\",\"name\":\"Petroni.hr\",\"description\":\"Experience the unprecedented freedom of travel\",\"publisher\":{\"@id\":\"https:\\\/\\\/www.petroni.hr\\\/en\\\/#organization\"},\"alternateName\":\"Petroni\",\"potentialAction\":[{\"@type\":\"SearchAction\",\"target\":{\"@type\":\"EntryPoint\",\"urlTemplate\":\"https:\\\/\\\/www.petroni.hr\\\/en\\\/?s={search_term_string}\"},\"query-input\":{\"@type\":\"PropertyValueSpecification\",\"valueRequired\":true,\"valueName\":\"search_term_string\"}}],\"inLanguage\":\"en-US\"},{\"@type\":\"Organization\",\"@id\":\"https:\\\/\\\/www.petroni.hr\\\/en\\\/#organization\",\"name\":\"Petroni d.o.o.\",\"alternateName\":\"Petroni\",\"url\":\"https:\\\/\\\/www.petroni.hr\\\/en\\\/\",\"logo\":{\"@type\":\"ImageObject\",\"inLanguage\":\"en-US\",\"@id\":\"https:\\\/\\\/www.petroni.hr\\\/en\\\/#\\\/schema\\\/logo\\\/image\\\/\",\"url\":\"https:\\\/\\\/www.petroni.hr\\\/wp-content\\\/uploads\\\/2024\\\/03\\\/cropped-Group-3.jpg\",\"contentUrl\":\"https:\\\/\\\/www.petroni.hr\\\/wp-content\\\/uploads\\\/2024\\\/03\\\/cropped-Group-3.jpg\",\"width\":512,\"height\":512,\"caption\":\"Petroni d.o.o.\"},\"image\":{\"@id\":\"https:\\\/\\\/www.petroni.hr\\\/en\\\/#\\\/schema\\\/logo\\\/image\\\/\"},\"sameAs\":[\"https:\\\/\\\/www.facebook.com\\\/Kamperi.Petroni.Sesvete\\\/?locale=hr_HR\"]}]}<\/script>\n<!-- \/ Yoast SEO plugin. -->","yoast_head_json":{"title":"Podlo\u0161ke za kota\u010de za bolji grip STAGRI - par | Petroni - rent | sale | service | conversions","robots":{"index":"index","follow":"follow","max-snippet":"max-snippet:-1","max-image-preview":"max-image-preview:large","max-video-preview":"max-video-preview:-1"},"canonical":"https:\/\/www.petroni.hr\/en\/proizvod\/podloske-za-kotace-za-bolji-grip-stagri-par\/","og_locale":"en_US","og_type":"article","og_title":"Podlo\u0161ke za kota\u010de za bolji grip STAGRI - par | Petroni - rent | sale | service | conversions","og_description":"Stagri podlo\u0161ke za kota\u010de kampera nude nekoliko zna\u010dajki i prednosti: Prakti\u010dne &#8211; Poma\u017eu u glatkoj vo\u017enji po blatu ili snijegu Izdr\u017eljive &#8211; Dizajnirane za dugotrajnu upotrebu Prijenosne &#8211; Jednostavne za no\u0161enje i pohranu \u017duta boja &#8211; Pobolj\u0161ava vidljivost Set od dva komada &#8211; Dolaze u pakiranju od dva komada za dvostruku sigurnost Stagri podlo\u0161ke za [&hellip;]","og_url":"https:\/\/www.petroni.hr\/en\/proizvod\/podloske-za-kotace-za-bolji-grip-stagri-par\/","og_site_name":"Petroni - rent | sale | service | conversions","article_publisher":"https:\/\/www.facebook.com\/Kamperi.Petroni.Sesvete\/?locale=hr_HR","article_modified_time":"2026-04-18T05:08:15+00:00","og_image":[{"width":750,"height":750,"url":"https:\/\/www.petroni.hr\/wp-content\/uploads\/2026\/04\/podloge-za-bolji-grip-kotaca-1.jpg","type":"image\/jpeg"}],"twitter_card":"summary_large_image","twitter_misc":{"Est. reading time":"1 minute"},"schema":{"@context":"https:\/\/schema.org","@graph":[{"@type":"WebPage","@id":"https:\/\/www.petroni.hr\/en\/proizvod\/podloske-za-kotace-za-bolji-grip-stagri-par\/","url":"https:\/\/www.petroni.hr\/en\/proizvod\/podloske-za-kotace-za-bolji-grip-stagri-par\/","name":"Podlo\u0161ke za kota\u010de za bolji grip STAGRI - par | Petroni - rent | sale | service | conversions","isPartOf":{"@id":"https:\/\/www.petroni.hr\/en\/#website"},"primaryImageOfPage":{"@id":"https:\/\/www.petroni.hr\/en\/proizvod\/podloske-za-kotace-za-bolji-grip-stagri-par\/#primaryimage"},"image":{"@id":"https:\/\/www.petroni.hr\/en\/proizvod\/podloske-za-kotace-za-bolji-grip-stagri-par\/#primaryimage"},"thumbnailUrl":"https:\/\/www.petroni.hr\/wp-content\/uploads\/2026\/04\/podloge-za-bolji-grip-kotaca-1.jpg","datePublished":"2026-04-18T05:08:14+00:00","dateModified":"2026-04-18T05:08:15+00:00","breadcrumb":{"@id":"https:\/\/www.petroni.hr\/en\/proizvod\/podloske-za-kotace-za-bolji-grip-stagri-par\/#breadcrumb"},"inLanguage":"en-US","potentialAction":[{"@type":"ReadAction","target":["https:\/\/www.petroni.hr\/en\/proizvod\/podloske-za-kotace-za-bolji-grip-stagri-par\/"]}]},{"@type":"ImageObject","inLanguage":"en-US","@id":"https:\/\/www.petroni.hr\/en\/proizvod\/podloske-za-kotace-za-bolji-grip-stagri-par\/#primaryimage","url":"https:\/\/www.petroni.hr\/wp-content\/uploads\/2026\/04\/podloge-za-bolji-grip-kotaca-1.jpg","contentUrl":"https:\/\/www.petroni.hr\/wp-content\/uploads\/2026\/04\/podloge-za-bolji-grip-kotaca-1.jpg","width":750,"height":750},{"@type":"BreadcrumbList","@id":"https:\/\/www.petroni.hr\/en\/proizvod\/podloske-za-kotace-za-bolji-grip-stagri-par\/#breadcrumb","itemListElement":[{"@type":"ListItem","position":1,"name":"Po\u010detna stranica","item":"https:\/\/www.petroni.hr\/en\/"},{"@type":"ListItem","position":2,"name":"Shop","item":"https:\/\/www.petroni.hr\/en\/shop\/"},{"@type":"ListItem","position":3,"name":"Podlo\u0161ke za kota\u010de za bolji grip STAGRI &#8211; par"}]},{"@type":"WebSite","@id":"https:\/\/www.petroni.hr\/en\/#website","url":"https:\/\/www.petroni.hr\/en\/","name":"Petroni.hr","description":"Experience the unprecedented freedom of travel","publisher":{"@id":"https:\/\/www.petroni.hr\/en\/#organization"},"alternateName":"Petroni","potentialAction":[{"@type":"SearchAction","target":{"@type":"EntryPoint","urlTemplate":"https:\/\/www.petroni.hr\/en\/?s={search_term_string}"},"query-input":{"@type":"PropertyValueSpecification","valueRequired":true,"valueName":"search_term_string"}}],"inLanguage":"en-US"},{"@type":"Organization","@id":"https:\/\/www.petroni.hr\/en\/#organization","name":"Petroni d.o.o.","alternateName":"Petroni","url":"https:\/\/www.petroni.hr\/en\/","logo":{"@type":"ImageObject","inLanguage":"en-US","@id":"https:\/\/www.petroni.hr\/en\/#\/schema\/logo\/image\/","url":"https:\/\/www.petroni.hr\/wp-content\/uploads\/2024\/03\/cropped-Group-3.jpg","contentUrl":"https:\/\/www.petroni.hr\/wp-content\/uploads\/2024\/03\/cropped-Group-3.jpg","width":512,"height":512,"caption":"Petroni d.o.o."},"image":{"@id":"https:\/\/www.petroni.hr\/en\/#\/schema\/logo\/image\/"},"sameAs":["https:\/\/www.facebook.com\/Kamperi.Petroni.Sesvete\/?locale=hr_HR"]}]}},"_links":{"self":[{"href":"https:\/\/www.petroni.hr\/en\/wp-json\/wp\/v2\/product\/26226","targetHints":{"allow":["GET"]}}],"collection":[{"href":"https:\/\/www.petroni.hr\/en\/wp-json\/wp\/v2\/product"}],"about":[{"href":"https:\/\/www.petroni.hr\/en\/wp-json\/wp\/v2\/types\/product"}],"replies":[{"embeddable":true,"href":"https:\/\/www.petroni.hr\/en\/wp-json\/wp\/v2\/comments?post=26226"}],"wp:featuredmedia":[{"embeddable":true,"href":"https:\/\/www.petroni.hr\/en\/wp-json\/wp\/v2\/media\/26227"}],"wp:attachment":[{"href":"https:\/\/www.petroni.hr\/en\/wp-json\/wp\/v2\/media?parent=26226"}],"wp:term":[{"taxonomy":"product_brand","embeddable":true,"href":"https:\/\/www.petroni.hr\/en\/wp-json\/wp\/v2\/product_brand?post=26226"},{"taxonomy":"product_cat","embeddable":true,"href":"https:\/\/www.petroni.hr\/en\/wp-json\/wp\/v2\/product_cat?post=26226"},{"taxonomy":"product_tag","embeddable":true,"href":"https:\/\/www.petroni.hr\/en\/wp-json\/wp\/v2\/product_tag?post=26226"}],"curies":[{"name":"wp","href":"https:\/\/api.w.org\/{rel}","templated":true}]}}