{"id":26219,"date":"2026-04-18T06:04:31","date_gmt":"2026-04-18T05:04:31","guid":{"rendered":"https:\/\/www.petroni.hr\/?post_type=product&#038;p=26219"},"modified":"2026-04-18T06:04:32","modified_gmt":"2026-04-18T05:04:32","slug":"hvatac-drzac-vrata-siena-h-line","status":"publish","type":"product","link":"https:\/\/www.petroni.hr\/en\/proizvod\/hvatac-drzac-vrata-siena-h-line\/","title":{"rendered":"Hvata\u010d-dr\u017ea\u010d vrata Siena H-line"},"content":{"rendered":"<p>Siena dr\u017ea\u010d za vrata karavana neophodan je dodatak za svakog vlasnika karavana, kampera ili broda:<\/p>\n<p>Zaustavlja zveckanje &#8211; Osigurava mirnu atmosferu<br \/>\nSigurna brava &#8211; Dr\u017ei vrata u fiksnom polo\u017eaju<br \/>\nJednostavna instalacija &#8211; Mo\u017ee se montirati izvana<br \/>\nKlik sustav &#8211; Zaklju\u010dajte vrata samo jednim klikom<br \/>\nIzdr\u017eljiva &#8211; Izra\u0111ena od otpornog plasti\u010dnog materijala<br \/>\nU\u017eivajte u miru svoje karavana ili kampera bez dosadnog zvuka zveckanja vrata.\u00a0 Siena dr\u017ea\u010d za vrata karavana dizajnirana je za osiguranje va\u0161ih vrata u fiksnom polo\u017eaju, uklanjaju\u0107i bilo kakvu buku ili smetnje. Ova kvaka za vrata lako se postavlja na vanjsku stranu va\u0161e karavana ili kampera, s dva otvora za monta\u017eu na svakom plasti\u010dnom dijelu. Jedan dio se montira na zid, a drugi na vrata, pru\u017eaju\u0107i sigurno i \u010dvrsto dr\u017eanje. Kvaka za vrata ima prakti\u010dan klik sustav koji vam omogu\u0107uje zaklju\u010davanje vrata jednim klikom. Izra\u0111ena od izdr\u017eljive plastike, ova kvaka za vrata dizajnirana je da izdr\u017ei zahtjeve putovanja.<\/p>\n<p>Svojom bijelom bojom, Siena zatvara\u010d za vrata kampera besprijekorno se stapa s vanjskim izgledom va\u0161e kamp-ku\u0107ice ili kampera, odr\u017eavaju\u0107i uredan i \u010dist izgled. Dimenzije zatvara\u010da su 70 x 40 x 30 mm, \u0161to ga \u010dini kompaktnim i neupadljivim. Razmak izme\u0111u monta\u017enih rupa na zidu je 40 mm, a na vratima 60 mm, \u0161to omogu\u0107uje jednostavnu i fleksibilnu ugradnju.<\/p>\n<p>&nbsp;<\/p>\n","protected":false},"excerpt":{"rendered":"<p>Siena dr\u017ea\u010d za vrata karavana neophodan je dodatak za svakog vlasnika karavana, kampera ili broda: Zaustavlja zveckanje &#8211; Osigurava mirnu atmosferu Sigurna brava &#8211; Dr\u017ei vrata u fiksnom polo\u017eaju Jednostavna instalacija &#8211; Mo\u017ee se montirati izvana Klik sustav &#8211; Zaklju\u010dajte vrata samo jednim klikom Izdr\u017eljiva &#8211; Izra\u0111ena od otpornog plasti\u010dnog materijala U\u017eivajte u miru svoje [&hellip;]<\/p>\n","protected":false},"featured_media":26220,"comment_status":"open","ping_status":"closed","template":"","meta":{"_acf_changed":false,"_themeisle_gutenberg_block_has_review":false},"product_brand":[],"product_cat":[207,257],"product_tag":[],"class_list":{"0":"post-26219","1":"product","2":"type-product","3":"status-publish","4":"has-post-thumbnail","6":"product_cat-camping-furniture","7":"product_cat-vrata-camping-furniture","9":"first","10":"instock","11":"shipping-taxable","12":"purchasable","13":"product-type-simple"},"acf":[],"yoast_head":"<!-- This site is optimized with the Yoast SEO plugin v27.4 - https:\/\/yoast.com\/product\/yoast-seo-wordpress\/ -->\n<title>Hvata\u010d-dr\u017ea\u010d vrata Siena H-line | Petroni - rent | sale | service | conversions<\/title>\n<meta name=\"robots\" content=\"index, follow, max-snippet:-1, max-image-preview:large, max-video-preview:-1\" \/>\n<link rel=\"canonical\" href=\"https:\/\/www.petroni.hr\/en\/proizvod\/hvatac-drzac-vrata-siena-h-line\/\" \/>\n<meta property=\"og:locale\" content=\"en_US\" \/>\n<meta property=\"og:type\" content=\"article\" \/>\n<meta property=\"og:title\" content=\"Hvata\u010d-dr\u017ea\u010d vrata Siena H-line | Petroni - rent | sale | service | conversions\" \/>\n<meta property=\"og:description\" content=\"Siena dr\u017ea\u010d za vrata karavana neophodan je dodatak za svakog vlasnika karavana, kampera ili broda: Zaustavlja zveckanje &#8211; Osigurava mirnu atmosferu Sigurna brava &#8211; Dr\u017ei vrata u fiksnom polo\u017eaju Jednostavna instalacija &#8211; Mo\u017ee se montirati izvana Klik sustav &#8211; Zaklju\u010dajte vrata samo jednim klikom Izdr\u017eljiva &#8211; Izra\u0111ena od otpornog plasti\u010dnog materijala U\u017eivajte u miru svoje [&hellip;]\" \/>\n<meta property=\"og:url\" content=\"https:\/\/www.petroni.hr\/en\/proizvod\/hvatac-drzac-vrata-siena-h-line\/\" \/>\n<meta property=\"og:site_name\" content=\"Petroni - rent | sale | service | conversions\" \/>\n<meta property=\"article:publisher\" content=\"https:\/\/www.facebook.com\/Kamperi.Petroni.Sesvete\/?locale=hr_HR\" \/>\n<meta property=\"article:modified_time\" content=\"2026-04-18T05:04:32+00:00\" \/>\n<meta property=\"og:image\" content=\"https:\/\/www.petroni.hr\/wp-content\/uploads\/2026\/04\/Hvatac-drzac-vrata-1.jpg\" \/>\n\t<meta property=\"og:image:width\" content=\"900\" \/>\n\t<meta property=\"og:image:height\" content=\"900\" \/>\n\t<meta property=\"og:image:type\" content=\"image\/jpeg\" \/>\n<meta name=\"twitter:card\" content=\"summary_large_image\" \/>\n<meta name=\"twitter:label1\" content=\"Est. reading time\" \/>\n\t<meta name=\"twitter:data1\" content=\"1 minute\" \/>\n<script type=\"application\/ld+json\" class=\"yoast-schema-graph\">{\"@context\":\"https:\\\/\\\/schema.org\",\"@graph\":[{\"@type\":\"WebPage\",\"@id\":\"https:\\\/\\\/www.petroni.hr\\\/en\\\/proizvod\\\/hvatac-drzac-vrata-siena-h-line\\\/\",\"url\":\"https:\\\/\\\/www.petroni.hr\\\/en\\\/proizvod\\\/hvatac-drzac-vrata-siena-h-line\\\/\",\"name\":\"Hvata\u010d-dr\u017ea\u010d vrata Siena H-line | Petroni - rent | sale | service | conversions\",\"isPartOf\":{\"@id\":\"https:\\\/\\\/www.petroni.hr\\\/en\\\/#website\"},\"primaryImageOfPage\":{\"@id\":\"https:\\\/\\\/www.petroni.hr\\\/en\\\/proizvod\\\/hvatac-drzac-vrata-siena-h-line\\\/#primaryimage\"},\"image\":{\"@id\":\"https:\\\/\\\/www.petroni.hr\\\/en\\\/proizvod\\\/hvatac-drzac-vrata-siena-h-line\\\/#primaryimage\"},\"thumbnailUrl\":\"https:\\\/\\\/www.petroni.hr\\\/wp-content\\\/uploads\\\/2026\\\/04\\\/Hvatac-drzac-vrata-1.jpg\",\"datePublished\":\"2026-04-18T05:04:31+00:00\",\"dateModified\":\"2026-04-18T05:04:32+00:00\",\"breadcrumb\":{\"@id\":\"https:\\\/\\\/www.petroni.hr\\\/en\\\/proizvod\\\/hvatac-drzac-vrata-siena-h-line\\\/#breadcrumb\"},\"inLanguage\":\"en-US\",\"potentialAction\":[{\"@type\":\"ReadAction\",\"target\":[\"https:\\\/\\\/www.petroni.hr\\\/en\\\/proizvod\\\/hvatac-drzac-vrata-siena-h-line\\\/\"]}]},{\"@type\":\"ImageObject\",\"inLanguage\":\"en-US\",\"@id\":\"https:\\\/\\\/www.petroni.hr\\\/en\\\/proizvod\\\/hvatac-drzac-vrata-siena-h-line\\\/#primaryimage\",\"url\":\"https:\\\/\\\/www.petroni.hr\\\/wp-content\\\/uploads\\\/2026\\\/04\\\/Hvatac-drzac-vrata-1.jpg\",\"contentUrl\":\"https:\\\/\\\/www.petroni.hr\\\/wp-content\\\/uploads\\\/2026\\\/04\\\/Hvatac-drzac-vrata-1.jpg\",\"width\":900,\"height\":900},{\"@type\":\"BreadcrumbList\",\"@id\":\"https:\\\/\\\/www.petroni.hr\\\/en\\\/proizvod\\\/hvatac-drzac-vrata-siena-h-line\\\/#breadcrumb\",\"itemListElement\":[{\"@type\":\"ListItem\",\"position\":1,\"name\":\"Po\u010detna stranica\",\"item\":\"https:\\\/\\\/www.petroni.hr\\\/en\\\/\"},{\"@type\":\"ListItem\",\"position\":2,\"name\":\"Shop\",\"item\":\"https:\\\/\\\/www.petroni.hr\\\/en\\\/shop\\\/\"},{\"@type\":\"ListItem\",\"position\":3,\"name\":\"Hvata\u010d-dr\u017ea\u010d vrata Siena H-line\"}]},{\"@type\":\"WebSite\",\"@id\":\"https:\\\/\\\/www.petroni.hr\\\/en\\\/#website\",\"url\":\"https:\\\/\\\/www.petroni.hr\\\/en\\\/\",\"name\":\"Petroni.hr\",\"description\":\"Experience the unprecedented freedom of travel\",\"publisher\":{\"@id\":\"https:\\\/\\\/www.petroni.hr\\\/en\\\/#organization\"},\"alternateName\":\"Petroni\",\"potentialAction\":[{\"@type\":\"SearchAction\",\"target\":{\"@type\":\"EntryPoint\",\"urlTemplate\":\"https:\\\/\\\/www.petroni.hr\\\/en\\\/?s={search_term_string}\"},\"query-input\":{\"@type\":\"PropertyValueSpecification\",\"valueRequired\":true,\"valueName\":\"search_term_string\"}}],\"inLanguage\":\"en-US\"},{\"@type\":\"Organization\",\"@id\":\"https:\\\/\\\/www.petroni.hr\\\/en\\\/#organization\",\"name\":\"Petroni d.o.o.\",\"alternateName\":\"Petroni\",\"url\":\"https:\\\/\\\/www.petroni.hr\\\/en\\\/\",\"logo\":{\"@type\":\"ImageObject\",\"inLanguage\":\"en-US\",\"@id\":\"https:\\\/\\\/www.petroni.hr\\\/en\\\/#\\\/schema\\\/logo\\\/image\\\/\",\"url\":\"https:\\\/\\\/www.petroni.hr\\\/wp-content\\\/uploads\\\/2024\\\/03\\\/cropped-Group-3.jpg\",\"contentUrl\":\"https:\\\/\\\/www.petroni.hr\\\/wp-content\\\/uploads\\\/2024\\\/03\\\/cropped-Group-3.jpg\",\"width\":512,\"height\":512,\"caption\":\"Petroni d.o.o.\"},\"image\":{\"@id\":\"https:\\\/\\\/www.petroni.hr\\\/en\\\/#\\\/schema\\\/logo\\\/image\\\/\"},\"sameAs\":[\"https:\\\/\\\/www.facebook.com\\\/Kamperi.Petroni.Sesvete\\\/?locale=hr_HR\"]}]}<\/script>\n<!-- \/ Yoast SEO plugin. -->","yoast_head_json":{"title":"Hvata\u010d-dr\u017ea\u010d vrata Siena H-line | Petroni - rent | sale | service | conversions","robots":{"index":"index","follow":"follow","max-snippet":"max-snippet:-1","max-image-preview":"max-image-preview:large","max-video-preview":"max-video-preview:-1"},"canonical":"https:\/\/www.petroni.hr\/en\/proizvod\/hvatac-drzac-vrata-siena-h-line\/","og_locale":"en_US","og_type":"article","og_title":"Hvata\u010d-dr\u017ea\u010d vrata Siena H-line | Petroni - rent | sale | service | conversions","og_description":"Siena dr\u017ea\u010d za vrata karavana neophodan je dodatak za svakog vlasnika karavana, kampera ili broda: Zaustavlja zveckanje &#8211; Osigurava mirnu atmosferu Sigurna brava &#8211; Dr\u017ei vrata u fiksnom polo\u017eaju Jednostavna instalacija &#8211; Mo\u017ee se montirati izvana Klik sustav &#8211; Zaklju\u010dajte vrata samo jednim klikom Izdr\u017eljiva &#8211; Izra\u0111ena od otpornog plasti\u010dnog materijala U\u017eivajte u miru svoje [&hellip;]","og_url":"https:\/\/www.petroni.hr\/en\/proizvod\/hvatac-drzac-vrata-siena-h-line\/","og_site_name":"Petroni - rent | sale | service | conversions","article_publisher":"https:\/\/www.facebook.com\/Kamperi.Petroni.Sesvete\/?locale=hr_HR","article_modified_time":"2026-04-18T05:04:32+00:00","og_image":[{"width":900,"height":900,"url":"https:\/\/www.petroni.hr\/wp-content\/uploads\/2026\/04\/Hvatac-drzac-vrata-1.jpg","type":"image\/jpeg"}],"twitter_card":"summary_large_image","twitter_misc":{"Est. reading time":"1 minute"},"schema":{"@context":"https:\/\/schema.org","@graph":[{"@type":"WebPage","@id":"https:\/\/www.petroni.hr\/en\/proizvod\/hvatac-drzac-vrata-siena-h-line\/","url":"https:\/\/www.petroni.hr\/en\/proizvod\/hvatac-drzac-vrata-siena-h-line\/","name":"Hvata\u010d-dr\u017ea\u010d vrata Siena H-line | Petroni - rent | sale | service | conversions","isPartOf":{"@id":"https:\/\/www.petroni.hr\/en\/#website"},"primaryImageOfPage":{"@id":"https:\/\/www.petroni.hr\/en\/proizvod\/hvatac-drzac-vrata-siena-h-line\/#primaryimage"},"image":{"@id":"https:\/\/www.petroni.hr\/en\/proizvod\/hvatac-drzac-vrata-siena-h-line\/#primaryimage"},"thumbnailUrl":"https:\/\/www.petroni.hr\/wp-content\/uploads\/2026\/04\/Hvatac-drzac-vrata-1.jpg","datePublished":"2026-04-18T05:04:31+00:00","dateModified":"2026-04-18T05:04:32+00:00","breadcrumb":{"@id":"https:\/\/www.petroni.hr\/en\/proizvod\/hvatac-drzac-vrata-siena-h-line\/#breadcrumb"},"inLanguage":"en-US","potentialAction":[{"@type":"ReadAction","target":["https:\/\/www.petroni.hr\/en\/proizvod\/hvatac-drzac-vrata-siena-h-line\/"]}]},{"@type":"ImageObject","inLanguage":"en-US","@id":"https:\/\/www.petroni.hr\/en\/proizvod\/hvatac-drzac-vrata-siena-h-line\/#primaryimage","url":"https:\/\/www.petroni.hr\/wp-content\/uploads\/2026\/04\/Hvatac-drzac-vrata-1.jpg","contentUrl":"https:\/\/www.petroni.hr\/wp-content\/uploads\/2026\/04\/Hvatac-drzac-vrata-1.jpg","width":900,"height":900},{"@type":"BreadcrumbList","@id":"https:\/\/www.petroni.hr\/en\/proizvod\/hvatac-drzac-vrata-siena-h-line\/#breadcrumb","itemListElement":[{"@type":"ListItem","position":1,"name":"Po\u010detna stranica","item":"https:\/\/www.petroni.hr\/en\/"},{"@type":"ListItem","position":2,"name":"Shop","item":"https:\/\/www.petroni.hr\/en\/shop\/"},{"@type":"ListItem","position":3,"name":"Hvata\u010d-dr\u017ea\u010d vrata Siena H-line"}]},{"@type":"WebSite","@id":"https:\/\/www.petroni.hr\/en\/#website","url":"https:\/\/www.petroni.hr\/en\/","name":"Petroni.hr","description":"Experience the unprecedented freedom of travel","publisher":{"@id":"https:\/\/www.petroni.hr\/en\/#organization"},"alternateName":"Petroni","potentialAction":[{"@type":"SearchAction","target":{"@type":"EntryPoint","urlTemplate":"https:\/\/www.petroni.hr\/en\/?s={search_term_string}"},"query-input":{"@type":"PropertyValueSpecification","valueRequired":true,"valueName":"search_term_string"}}],"inLanguage":"en-US"},{"@type":"Organization","@id":"https:\/\/www.petroni.hr\/en\/#organization","name":"Petroni d.o.o.","alternateName":"Petroni","url":"https:\/\/www.petroni.hr\/en\/","logo":{"@type":"ImageObject","inLanguage":"en-US","@id":"https:\/\/www.petroni.hr\/en\/#\/schema\/logo\/image\/","url":"https:\/\/www.petroni.hr\/wp-content\/uploads\/2024\/03\/cropped-Group-3.jpg","contentUrl":"https:\/\/www.petroni.hr\/wp-content\/uploads\/2024\/03\/cropped-Group-3.jpg","width":512,"height":512,"caption":"Petroni d.o.o."},"image":{"@id":"https:\/\/www.petroni.hr\/en\/#\/schema\/logo\/image\/"},"sameAs":["https:\/\/www.facebook.com\/Kamperi.Petroni.Sesvete\/?locale=hr_HR"]}]}},"_links":{"self":[{"href":"https:\/\/www.petroni.hr\/en\/wp-json\/wp\/v2\/product\/26219","targetHints":{"allow":["GET"]}}],"collection":[{"href":"https:\/\/www.petroni.hr\/en\/wp-json\/wp\/v2\/product"}],"about":[{"href":"https:\/\/www.petroni.hr\/en\/wp-json\/wp\/v2\/types\/product"}],"replies":[{"embeddable":true,"href":"https:\/\/www.petroni.hr\/en\/wp-json\/wp\/v2\/comments?post=26219"}],"wp:featuredmedia":[{"embeddable":true,"href":"https:\/\/www.petroni.hr\/en\/wp-json\/wp\/v2\/media\/26220"}],"wp:attachment":[{"href":"https:\/\/www.petroni.hr\/en\/wp-json\/wp\/v2\/media?parent=26219"}],"wp:term":[{"taxonomy":"product_brand","embeddable":true,"href":"https:\/\/www.petroni.hr\/en\/wp-json\/wp\/v2\/product_brand?post=26219"},{"taxonomy":"product_cat","embeddable":true,"href":"https:\/\/www.petroni.hr\/en\/wp-json\/wp\/v2\/product_cat?post=26219"},{"taxonomy":"product_tag","embeddable":true,"href":"https:\/\/www.petroni.hr\/en\/wp-json\/wp\/v2\/product_tag?post=26219"}],"curies":[{"name":"wp","href":"https:\/\/api.w.org\/{rel}","templated":true}]}}