{"id":26200,"date":"2026-04-17T11:31:26","date_gmt":"2026-04-17T10:31:26","guid":{"rendered":"https:\/\/www.petroni.hr\/?post_type=product&#038;p=26200"},"modified":"2026-04-20T14:43:51","modified_gmt":"2026-04-20T13:43:51","slug":"prikljucak-za-plin-gol-30mbar-vanjski-bijeli","status":"publish","type":"product","link":"https:\/\/www.petroni.hr\/en\/proizvod\/prikljucak-za-plin-gol-30mbar-vanjski-bijeli\/","title":{"rendered":"Priklju\u010dak za plin GOL 30mbar &#8211; vanjski bijeli"},"content":{"rendered":"<p>GOL kutija za plinski izlaz je vitalni dodatak za va\u0161e kamperske avanture:<\/p>\n<p>U\u010dinkovita &#8211; osigurava dosljednu opskrbu plinom<br \/>\nPouzdana &#8211; dizajnirana za dugotrajne performanse<br \/>\nNovi model &#8211; dolazi s novim modelom poklopca<br \/>\nBoja &#8211; dostupna u bijeloj boji<\/p>\n<p>GOL kutija za plinski izlaz je neophodan dodatak za svaku kampersku prikolicu, kamper ili brod. Ova kutija za plinski izlaz dizajnirana je kako bi osigurala dosljednu i pouzdanu opskrbu plinom za va\u0161e potrebe kampiranja. Ima novi model poklopca koji osigurava da je izlaz za plin za\u0161ti\u0107en i siguran. Kutija za plinski izlaz dostupna je u bijeloj boji, besprijekorno se stapa s vanjskim izgledom va\u0161eg vozila ili broda. Kompatibilna je s Dethleffs, LMC, TEC, Solifer, Polar i Kabe, \u0161to je \u010dini svestranim izborom za razli\u010dite modele.<\/p>\n<p>Sigurnosna za\u0161titna folija<br \/>\nDodatne zna\u010dajke: gumena za\u0161titna folija<br \/>\nPromjer priklju\u010dka glavnog crijeva 8,2 mm<br \/>\nVanjski promjer priklju\u010dka plina sa stra\u017enje strane 8 mm<br \/>\nPriklju\u010dak plina sa prednje strane, brzi spoj<br \/>\nVrsta brzog spoja DIN 4815-5<br \/>\nVrsta ventila: brzi ventil<br \/>\nStandard ventila DIN 4817-1<br \/>\nNazivni tlak (PN) PN4<br \/>\nNazivni promjer (DN) DN4<br \/>\n\u0160irina 123 mm<br \/>\nVisina 130 mm<br \/>\nDuljina 125 mm<br \/>\nNeto te\u017eina 330 g<br \/>\nBoja: bijela<br \/>\nMaterijal: plastika\/metal<br \/>\nNa\u010din monta\u017ee: ugradnja, pri\u010dvr\u0161\u0107ivanje vijcima<br \/>\nPromjer rupe za vijke 3 mm<br \/>\nRazmak izme\u0111u rupa za vijke: duljina 79 mm<br \/>\nRazmak izme\u0111u rupa za vijke: \u0161irina 90 mm<br \/>\nUgradnja: ugradbena<\/p>\n<p>&nbsp;<\/p>\n","protected":false},"excerpt":{"rendered":"<p>GOL kutija za plinski izlaz je vitalni dodatak za va\u0161e kamperske avanture: U\u010dinkovita &#8211; osigurava dosljednu opskrbu plinom Pouzdana &#8211; dizajnirana za dugotrajne performanse Novi model &#8211; dolazi s novim modelom poklopca Boja &#8211; dostupna u bijeloj boji GOL kutija za plinski izlaz je neophodan dodatak za svaku kampersku prikolicu, kamper ili brod. Ova kutija [&hellip;]<\/p>\n","protected":false},"featured_media":26201,"comment_status":"open","ping_status":"closed","template":"","meta":{"_acf_changed":false,"_themeisle_gutenberg_block_has_review":false},"product_brand":[],"product_cat":[211,243],"product_tag":[],"class_list":{"0":"post-26200","1":"product","2":"type-product","3":"status-publish","4":"has-post-thumbnail","6":"product_cat-gas-tehnology","7":"product_cat-regulatori-plin","9":"first","10":"instock","11":"shipping-taxable","12":"purchasable","13":"product-type-simple"},"acf":[],"yoast_head":"<!-- This site is optimized with the Yoast SEO plugin v27.5 - https:\/\/yoast.com\/product\/yoast-seo-wordpress\/ -->\n<title>Priklju\u010dak za plin GOL 30mbar - vanjski bijeli | Petroni - rent | sale | service | conversions<\/title>\n<meta name=\"robots\" content=\"index, follow, max-snippet:-1, max-image-preview:large, max-video-preview:-1\" \/>\n<link rel=\"canonical\" href=\"https:\/\/www.petroni.hr\/en\/proizvod\/prikljucak-za-plin-gol-30mbar-vanjski-bijeli\/\" \/>\n<meta property=\"og:locale\" content=\"en_US\" \/>\n<meta property=\"og:type\" content=\"article\" \/>\n<meta property=\"og:title\" content=\"Priklju\u010dak za plin GOL 30mbar - vanjski bijeli | Petroni - rent | sale | service | conversions\" \/>\n<meta property=\"og:description\" content=\"GOL kutija za plinski izlaz je vitalni dodatak za va\u0161e kamperske avanture: U\u010dinkovita &#8211; osigurava dosljednu opskrbu plinom Pouzdana &#8211; dizajnirana za dugotrajne performanse Novi model &#8211; dolazi s novim modelom poklopca Boja &#8211; dostupna u bijeloj boji GOL kutija za plinski izlaz je neophodan dodatak za svaku kampersku prikolicu, kamper ili brod. Ova kutija [&hellip;]\" \/>\n<meta property=\"og:url\" content=\"https:\/\/www.petroni.hr\/en\/proizvod\/prikljucak-za-plin-gol-30mbar-vanjski-bijeli\/\" \/>\n<meta property=\"og:site_name\" content=\"Petroni - rent | sale | service | conversions\" \/>\n<meta property=\"article:publisher\" content=\"https:\/\/www.facebook.com\/Kamperi.Petroni.Sesvete\/?locale=hr_HR\" \/>\n<meta property=\"article:modified_time\" content=\"2026-04-20T13:43:51+00:00\" \/>\n<meta property=\"og:image\" content=\"https:\/\/www.petroni.hr\/wp-content\/uploads\/2026\/04\/vanjski-prikljucak-za-plin-1.jpg\" \/>\n\t<meta property=\"og:image:width\" content=\"800\" \/>\n\t<meta property=\"og:image:height\" content=\"533\" \/>\n\t<meta property=\"og:image:type\" content=\"image\/jpeg\" \/>\n<meta name=\"twitter:card\" content=\"summary_large_image\" \/>\n<meta name=\"twitter:label1\" content=\"Est. reading time\" \/>\n\t<meta name=\"twitter:data1\" content=\"1 minute\" \/>\n<script type=\"application\/ld+json\" class=\"yoast-schema-graph\">{\"@context\":\"https:\\\/\\\/schema.org\",\"@graph\":[{\"@type\":\"WebPage\",\"@id\":\"https:\\\/\\\/www.petroni.hr\\\/en\\\/proizvod\\\/prikljucak-za-plin-gol-30mbar-vanjski-bijeli\\\/\",\"url\":\"https:\\\/\\\/www.petroni.hr\\\/en\\\/proizvod\\\/prikljucak-za-plin-gol-30mbar-vanjski-bijeli\\\/\",\"name\":\"Priklju\u010dak za plin GOL 30mbar - vanjski bijeli | Petroni - rent | sale | service | conversions\",\"isPartOf\":{\"@id\":\"https:\\\/\\\/www.petroni.hr\\\/en\\\/#website\"},\"primaryImageOfPage\":{\"@id\":\"https:\\\/\\\/www.petroni.hr\\\/en\\\/proizvod\\\/prikljucak-za-plin-gol-30mbar-vanjski-bijeli\\\/#primaryimage\"},\"image\":{\"@id\":\"https:\\\/\\\/www.petroni.hr\\\/en\\\/proizvod\\\/prikljucak-za-plin-gol-30mbar-vanjski-bijeli\\\/#primaryimage\"},\"thumbnailUrl\":\"https:\\\/\\\/www.petroni.hr\\\/wp-content\\\/uploads\\\/2026\\\/04\\\/vanjski-prikljucak-za-plin-1.jpg\",\"datePublished\":\"2026-04-17T10:31:26+00:00\",\"dateModified\":\"2026-04-20T13:43:51+00:00\",\"breadcrumb\":{\"@id\":\"https:\\\/\\\/www.petroni.hr\\\/en\\\/proizvod\\\/prikljucak-za-plin-gol-30mbar-vanjski-bijeli\\\/#breadcrumb\"},\"inLanguage\":\"en-US\",\"potentialAction\":[{\"@type\":\"ReadAction\",\"target\":[\"https:\\\/\\\/www.petroni.hr\\\/en\\\/proizvod\\\/prikljucak-za-plin-gol-30mbar-vanjski-bijeli\\\/\"]}]},{\"@type\":\"ImageObject\",\"inLanguage\":\"en-US\",\"@id\":\"https:\\\/\\\/www.petroni.hr\\\/en\\\/proizvod\\\/prikljucak-za-plin-gol-30mbar-vanjski-bijeli\\\/#primaryimage\",\"url\":\"https:\\\/\\\/www.petroni.hr\\\/wp-content\\\/uploads\\\/2026\\\/04\\\/vanjski-prikljucak-za-plin-1.jpg\",\"contentUrl\":\"https:\\\/\\\/www.petroni.hr\\\/wp-content\\\/uploads\\\/2026\\\/04\\\/vanjski-prikljucak-za-plin-1.jpg\",\"width\":800,\"height\":533},{\"@type\":\"BreadcrumbList\",\"@id\":\"https:\\\/\\\/www.petroni.hr\\\/en\\\/proizvod\\\/prikljucak-za-plin-gol-30mbar-vanjski-bijeli\\\/#breadcrumb\",\"itemListElement\":[{\"@type\":\"ListItem\",\"position\":1,\"name\":\"Po\u010detna stranica\",\"item\":\"https:\\\/\\\/www.petroni.hr\\\/en\\\/\"},{\"@type\":\"ListItem\",\"position\":2,\"name\":\"Shop\",\"item\":\"https:\\\/\\\/www.petroni.hr\\\/en\\\/shop\\\/\"},{\"@type\":\"ListItem\",\"position\":3,\"name\":\"Priklju\u010dak za plin GOL 30mbar &#8211; vanjski bijeli\"}]},{\"@type\":\"WebSite\",\"@id\":\"https:\\\/\\\/www.petroni.hr\\\/en\\\/#website\",\"url\":\"https:\\\/\\\/www.petroni.hr\\\/en\\\/\",\"name\":\"Petroni.hr\",\"description\":\"Experience the unprecedented freedom of travel\",\"publisher\":{\"@id\":\"https:\\\/\\\/www.petroni.hr\\\/en\\\/#organization\"},\"alternateName\":\"Petroni\",\"potentialAction\":[{\"@type\":\"SearchAction\",\"target\":{\"@type\":\"EntryPoint\",\"urlTemplate\":\"https:\\\/\\\/www.petroni.hr\\\/en\\\/?s={search_term_string}\"},\"query-input\":{\"@type\":\"PropertyValueSpecification\",\"valueRequired\":true,\"valueName\":\"search_term_string\"}}],\"inLanguage\":\"en-US\"},{\"@type\":\"Organization\",\"@id\":\"https:\\\/\\\/www.petroni.hr\\\/en\\\/#organization\",\"name\":\"Petroni d.o.o.\",\"alternateName\":\"Petroni\",\"url\":\"https:\\\/\\\/www.petroni.hr\\\/en\\\/\",\"logo\":{\"@type\":\"ImageObject\",\"inLanguage\":\"en-US\",\"@id\":\"https:\\\/\\\/www.petroni.hr\\\/en\\\/#\\\/schema\\\/logo\\\/image\\\/\",\"url\":\"https:\\\/\\\/www.petroni.hr\\\/wp-content\\\/uploads\\\/2024\\\/03\\\/cropped-Group-3.jpg\",\"contentUrl\":\"https:\\\/\\\/www.petroni.hr\\\/wp-content\\\/uploads\\\/2024\\\/03\\\/cropped-Group-3.jpg\",\"width\":512,\"height\":512,\"caption\":\"Petroni d.o.o.\"},\"image\":{\"@id\":\"https:\\\/\\\/www.petroni.hr\\\/en\\\/#\\\/schema\\\/logo\\\/image\\\/\"},\"sameAs\":[\"https:\\\/\\\/www.facebook.com\\\/Kamperi.Petroni.Sesvete\\\/?locale=hr_HR\"]}]}<\/script>\n<!-- \/ Yoast SEO plugin. -->","yoast_head_json":{"title":"Priklju\u010dak za plin GOL 30mbar - vanjski bijeli | Petroni - rent | sale | service | conversions","robots":{"index":"index","follow":"follow","max-snippet":"max-snippet:-1","max-image-preview":"max-image-preview:large","max-video-preview":"max-video-preview:-1"},"canonical":"https:\/\/www.petroni.hr\/en\/proizvod\/prikljucak-za-plin-gol-30mbar-vanjski-bijeli\/","og_locale":"en_US","og_type":"article","og_title":"Priklju\u010dak za plin GOL 30mbar - vanjski bijeli | Petroni - rent | sale | service | conversions","og_description":"GOL kutija za plinski izlaz je vitalni dodatak za va\u0161e kamperske avanture: U\u010dinkovita &#8211; osigurava dosljednu opskrbu plinom Pouzdana &#8211; dizajnirana za dugotrajne performanse Novi model &#8211; dolazi s novim modelom poklopca Boja &#8211; dostupna u bijeloj boji GOL kutija za plinski izlaz je neophodan dodatak za svaku kampersku prikolicu, kamper ili brod. Ova kutija [&hellip;]","og_url":"https:\/\/www.petroni.hr\/en\/proizvod\/prikljucak-za-plin-gol-30mbar-vanjski-bijeli\/","og_site_name":"Petroni - rent | sale | service | conversions","article_publisher":"https:\/\/www.facebook.com\/Kamperi.Petroni.Sesvete\/?locale=hr_HR","article_modified_time":"2026-04-20T13:43:51+00:00","og_image":[{"width":800,"height":533,"url":"https:\/\/www.petroni.hr\/wp-content\/uploads\/2026\/04\/vanjski-prikljucak-za-plin-1.jpg","type":"image\/jpeg"}],"twitter_card":"summary_large_image","twitter_misc":{"Est. reading time":"1 minute"},"schema":{"@context":"https:\/\/schema.org","@graph":[{"@type":"WebPage","@id":"https:\/\/www.petroni.hr\/en\/proizvod\/prikljucak-za-plin-gol-30mbar-vanjski-bijeli\/","url":"https:\/\/www.petroni.hr\/en\/proizvod\/prikljucak-za-plin-gol-30mbar-vanjski-bijeli\/","name":"Priklju\u010dak za plin GOL 30mbar - vanjski bijeli | Petroni - rent | sale | service | conversions","isPartOf":{"@id":"https:\/\/www.petroni.hr\/en\/#website"},"primaryImageOfPage":{"@id":"https:\/\/www.petroni.hr\/en\/proizvod\/prikljucak-za-plin-gol-30mbar-vanjski-bijeli\/#primaryimage"},"image":{"@id":"https:\/\/www.petroni.hr\/en\/proizvod\/prikljucak-za-plin-gol-30mbar-vanjski-bijeli\/#primaryimage"},"thumbnailUrl":"https:\/\/www.petroni.hr\/wp-content\/uploads\/2026\/04\/vanjski-prikljucak-za-plin-1.jpg","datePublished":"2026-04-17T10:31:26+00:00","dateModified":"2026-04-20T13:43:51+00:00","breadcrumb":{"@id":"https:\/\/www.petroni.hr\/en\/proizvod\/prikljucak-za-plin-gol-30mbar-vanjski-bijeli\/#breadcrumb"},"inLanguage":"en-US","potentialAction":[{"@type":"ReadAction","target":["https:\/\/www.petroni.hr\/en\/proizvod\/prikljucak-za-plin-gol-30mbar-vanjski-bijeli\/"]}]},{"@type":"ImageObject","inLanguage":"en-US","@id":"https:\/\/www.petroni.hr\/en\/proizvod\/prikljucak-za-plin-gol-30mbar-vanjski-bijeli\/#primaryimage","url":"https:\/\/www.petroni.hr\/wp-content\/uploads\/2026\/04\/vanjski-prikljucak-za-plin-1.jpg","contentUrl":"https:\/\/www.petroni.hr\/wp-content\/uploads\/2026\/04\/vanjski-prikljucak-za-plin-1.jpg","width":800,"height":533},{"@type":"BreadcrumbList","@id":"https:\/\/www.petroni.hr\/en\/proizvod\/prikljucak-za-plin-gol-30mbar-vanjski-bijeli\/#breadcrumb","itemListElement":[{"@type":"ListItem","position":1,"name":"Po\u010detna stranica","item":"https:\/\/www.petroni.hr\/en\/"},{"@type":"ListItem","position":2,"name":"Shop","item":"https:\/\/www.petroni.hr\/en\/shop\/"},{"@type":"ListItem","position":3,"name":"Priklju\u010dak za plin GOL 30mbar &#8211; vanjski bijeli"}]},{"@type":"WebSite","@id":"https:\/\/www.petroni.hr\/en\/#website","url":"https:\/\/www.petroni.hr\/en\/","name":"Petroni.hr","description":"Experience the unprecedented freedom of travel","publisher":{"@id":"https:\/\/www.petroni.hr\/en\/#organization"},"alternateName":"Petroni","potentialAction":[{"@type":"SearchAction","target":{"@type":"EntryPoint","urlTemplate":"https:\/\/www.petroni.hr\/en\/?s={search_term_string}"},"query-input":{"@type":"PropertyValueSpecification","valueRequired":true,"valueName":"search_term_string"}}],"inLanguage":"en-US"},{"@type":"Organization","@id":"https:\/\/www.petroni.hr\/en\/#organization","name":"Petroni d.o.o.","alternateName":"Petroni","url":"https:\/\/www.petroni.hr\/en\/","logo":{"@type":"ImageObject","inLanguage":"en-US","@id":"https:\/\/www.petroni.hr\/en\/#\/schema\/logo\/image\/","url":"https:\/\/www.petroni.hr\/wp-content\/uploads\/2024\/03\/cropped-Group-3.jpg","contentUrl":"https:\/\/www.petroni.hr\/wp-content\/uploads\/2024\/03\/cropped-Group-3.jpg","width":512,"height":512,"caption":"Petroni d.o.o."},"image":{"@id":"https:\/\/www.petroni.hr\/en\/#\/schema\/logo\/image\/"},"sameAs":["https:\/\/www.facebook.com\/Kamperi.Petroni.Sesvete\/?locale=hr_HR"]}]}},"_links":{"self":[{"href":"https:\/\/www.petroni.hr\/en\/wp-json\/wp\/v2\/product\/26200","targetHints":{"allow":["GET"]}}],"collection":[{"href":"https:\/\/www.petroni.hr\/en\/wp-json\/wp\/v2\/product"}],"about":[{"href":"https:\/\/www.petroni.hr\/en\/wp-json\/wp\/v2\/types\/product"}],"replies":[{"embeddable":true,"href":"https:\/\/www.petroni.hr\/en\/wp-json\/wp\/v2\/comments?post=26200"}],"wp:featuredmedia":[{"embeddable":true,"href":"https:\/\/www.petroni.hr\/en\/wp-json\/wp\/v2\/media\/26201"}],"wp:attachment":[{"href":"https:\/\/www.petroni.hr\/en\/wp-json\/wp\/v2\/media?parent=26200"}],"wp:term":[{"taxonomy":"product_brand","embeddable":true,"href":"https:\/\/www.petroni.hr\/en\/wp-json\/wp\/v2\/product_brand?post=26200"},{"taxonomy":"product_cat","embeddable":true,"href":"https:\/\/www.petroni.hr\/en\/wp-json\/wp\/v2\/product_cat?post=26200"},{"taxonomy":"product_tag","embeddable":true,"href":"https:\/\/www.petroni.hr\/en\/wp-json\/wp\/v2\/product_tag?post=26200"}],"curies":[{"name":"wp","href":"https:\/\/api.w.org\/{rel}","templated":true}]}}