{"id":26188,"date":"2026-04-15T14:46:22","date_gmt":"2026-04-15T13:46:22","guid":{"rendered":"https:\/\/www.petroni.hr\/?post_type=product&#038;p=26188"},"modified":"2026-04-15T14:47:03","modified_gmt":"2026-04-15T13:47:03","slug":"punjac-baterija-smart-pogodan-za-olovne-litij-ionske-i-agm-baterije","status":"publish","type":"product","link":"https:\/\/www.petroni.hr\/en\/proizvod\/punjac-baterija-smart-pogodan-za-olovne-litij-ionske-i-agm-baterije\/","title":{"rendered":"Punja\u010d baterija SMART pogodan za olovne, litij-ionske i AGM baterije 4A"},"content":{"rendered":"<p>Pametni punja\u010d baterija nudi razne zna\u010dajke i prednosti:<\/p>\n<p>Svestran &#8211; Pogodan za litijeve, olovne i AGM baterije<br \/>\nPametan &#8211; Procjenjuje idealan proces punjenja za razli\u010dite vrste baterija<br \/>\nU\u010dinkovit &#8211; Izlazna snaga 70 W za brzo punjenje<br \/>\nPouzdan &#8211; Ulazni napon 220-240 V AC<br \/>\nFunkcija kontinuiranog punjenja &#8211; Odr\u017eava stanje baterije tijekom (zimskog) skladi\u0161tenja<br \/>\nOvaj pametni punja\u010d baterija pouzdan je pratitelj za va\u0161u kamp-ku\u0107icu, kamper, bicikl ili brod. Dizajniran je za punjenje 6 V\/12 V litijevih, olovnih i AGM baterija, procjenjuju\u0107i najidealniji proces punjenja za svaku vrstu. Punja\u010d tako\u0111er funkcionira kao kontinuirani punja\u010d, \u200b\u200bodr\u017eavaju\u0107i stanje baterije va\u0161eg vozila tijekom razdoblja neaktivnosti ili skladi\u0161tenja. Pogodan je za litijeve baterije do 160 Ah, olovne baterije do 150 Ah i AGM baterije do 150 Ah.<\/p>\n<p>S ulaznim naponom od 220-240 V AC i izlaznim naponom od 14,6 V DC, ovaj punja\u010d osigurava u\u010dinkovito punjenje. Njegova izlazna snaga od 70 W \u010dini ga mo\u0107nim alatom za odr\u017eavanje zdravlja akumulatora va\u0161eg vozila. Crna boja punja\u010da dodaje elegantan, profesionalan izgled va\u0161oj opremi.<\/p>\n<p>Iskusite prakti\u010dnost i pouzdanost ovog pametnog punja\u010da baterija, 12V punja\u010da litijevih baterija dizajniranog za odr\u017eavanje optimalnih performansi akumulatora va\u0161eg vozila.<\/p>\n","protected":false},"excerpt":{"rendered":"<p>Pametni punja\u010d baterija nudi razne zna\u010dajke i prednosti: Svestran &#8211; Pogodan za litijeve, olovne i AGM baterije Pametan &#8211; Procjenjuje idealan proces punjenja za razli\u010dite vrste baterija U\u010dinkovit &#8211; Izlazna snaga 70 W za brzo punjenje Pouzdan &#8211; Ulazni napon 220-240 V AC Funkcija kontinuiranog punjenja &#8211; Odr\u017eava stanje baterije tijekom (zimskog) skladi\u0161tenja Ovaj pametni [&hellip;]<\/p>\n","protected":false},"featured_media":26189,"comment_status":"open","ping_status":"closed","template":"","meta":{"_acf_changed":false,"_themeisle_gutenberg_block_has_review":false},"product_brand":[],"product_cat":[232,213,366],"product_tag":[],"class_list":{"0":"post-26188","1":"product","2":"type-product","3":"status-publish","4":"has-post-thumbnail","6":"product_cat-battery","7":"product_cat-electrical","8":"product_cat-punjaci-baterija","10":"first","11":"outofstock","12":"shipping-taxable","13":"purchasable","14":"product-type-simple"},"acf":[],"yoast_head":"<!-- This site is optimized with the Yoast SEO plugin v27.4 - https:\/\/yoast.com\/product\/yoast-seo-wordpress\/ -->\n<title>Punja\u010d baterija SMART pogodan za olovne, litij-ionske i AGM baterije 4A | Petroni - rent | sale | service | conversions<\/title>\n<meta name=\"robots\" content=\"index, follow, max-snippet:-1, max-image-preview:large, max-video-preview:-1\" \/>\n<link rel=\"canonical\" href=\"https:\/\/www.petroni.hr\/en\/proizvod\/punjac-baterija-smart-pogodan-za-olovne-litij-ionske-i-agm-baterije\/\" \/>\n<meta property=\"og:locale\" content=\"en_US\" \/>\n<meta property=\"og:type\" content=\"article\" \/>\n<meta property=\"og:title\" content=\"Punja\u010d baterija SMART pogodan za olovne, litij-ionske i AGM baterije 4A | Petroni - rent | sale | service | conversions\" \/>\n<meta property=\"og:description\" content=\"Pametni punja\u010d baterija nudi razne zna\u010dajke i prednosti: Svestran &#8211; Pogodan za litijeve, olovne i AGM baterije Pametan &#8211; Procjenjuje idealan proces punjenja za razli\u010dite vrste baterija U\u010dinkovit &#8211; Izlazna snaga 70 W za brzo punjenje Pouzdan &#8211; Ulazni napon 220-240 V AC Funkcija kontinuiranog punjenja &#8211; Odr\u017eava stanje baterije tijekom (zimskog) skladi\u0161tenja Ovaj pametni [&hellip;]\" \/>\n<meta property=\"og:url\" content=\"https:\/\/www.petroni.hr\/en\/proizvod\/punjac-baterija-smart-pogodan-za-olovne-litij-ionske-i-agm-baterije\/\" \/>\n<meta property=\"og:site_name\" content=\"Petroni - rent | sale | service | conversions\" \/>\n<meta property=\"article:publisher\" content=\"https:\/\/www.facebook.com\/Kamperi.Petroni.Sesvete\/?locale=hr_HR\" \/>\n<meta property=\"article:modified_time\" content=\"2026-04-15T13:47:03+00:00\" \/>\n<meta property=\"og:image\" content=\"https:\/\/www.petroni.hr\/wp-content\/uploads\/2026\/04\/Pametni-punjac-baterija-1.jpg\" \/>\n\t<meta property=\"og:image:width\" content=\"450\" \/>\n\t<meta property=\"og:image:height\" content=\"450\" \/>\n\t<meta property=\"og:image:type\" content=\"image\/jpeg\" \/>\n<meta name=\"twitter:card\" content=\"summary_large_image\" \/>\n<meta name=\"twitter:label1\" content=\"Est. reading time\" \/>\n\t<meta name=\"twitter:data1\" content=\"1 minute\" \/>\n<script type=\"application\/ld+json\" class=\"yoast-schema-graph\">{\"@context\":\"https:\\\/\\\/schema.org\",\"@graph\":[{\"@type\":\"WebPage\",\"@id\":\"https:\\\/\\\/www.petroni.hr\\\/en\\\/proizvod\\\/punjac-baterija-smart-pogodan-za-olovne-litij-ionske-i-agm-baterije\\\/\",\"url\":\"https:\\\/\\\/www.petroni.hr\\\/en\\\/proizvod\\\/punjac-baterija-smart-pogodan-za-olovne-litij-ionske-i-agm-baterije\\\/\",\"name\":\"Punja\u010d baterija SMART pogodan za olovne, litij-ionske i AGM baterije 4A | Petroni - rent | sale | service | conversions\",\"isPartOf\":{\"@id\":\"https:\\\/\\\/www.petroni.hr\\\/en\\\/#website\"},\"primaryImageOfPage\":{\"@id\":\"https:\\\/\\\/www.petroni.hr\\\/en\\\/proizvod\\\/punjac-baterija-smart-pogodan-za-olovne-litij-ionske-i-agm-baterije\\\/#primaryimage\"},\"image\":{\"@id\":\"https:\\\/\\\/www.petroni.hr\\\/en\\\/proizvod\\\/punjac-baterija-smart-pogodan-za-olovne-litij-ionske-i-agm-baterije\\\/#primaryimage\"},\"thumbnailUrl\":\"https:\\\/\\\/www.petroni.hr\\\/wp-content\\\/uploads\\\/2026\\\/04\\\/Pametni-punjac-baterija-1.jpg\",\"datePublished\":\"2026-04-15T13:46:22+00:00\",\"dateModified\":\"2026-04-15T13:47:03+00:00\",\"breadcrumb\":{\"@id\":\"https:\\\/\\\/www.petroni.hr\\\/en\\\/proizvod\\\/punjac-baterija-smart-pogodan-za-olovne-litij-ionske-i-agm-baterije\\\/#breadcrumb\"},\"inLanguage\":\"en-US\",\"potentialAction\":[{\"@type\":\"ReadAction\",\"target\":[\"https:\\\/\\\/www.petroni.hr\\\/en\\\/proizvod\\\/punjac-baterija-smart-pogodan-za-olovne-litij-ionske-i-agm-baterije\\\/\"]}]},{\"@type\":\"ImageObject\",\"inLanguage\":\"en-US\",\"@id\":\"https:\\\/\\\/www.petroni.hr\\\/en\\\/proizvod\\\/punjac-baterija-smart-pogodan-za-olovne-litij-ionske-i-agm-baterije\\\/#primaryimage\",\"url\":\"https:\\\/\\\/www.petroni.hr\\\/wp-content\\\/uploads\\\/2026\\\/04\\\/Pametni-punjac-baterija-1.jpg\",\"contentUrl\":\"https:\\\/\\\/www.petroni.hr\\\/wp-content\\\/uploads\\\/2026\\\/04\\\/Pametni-punjac-baterija-1.jpg\",\"width\":450,\"height\":450},{\"@type\":\"BreadcrumbList\",\"@id\":\"https:\\\/\\\/www.petroni.hr\\\/en\\\/proizvod\\\/punjac-baterija-smart-pogodan-za-olovne-litij-ionske-i-agm-baterije\\\/#breadcrumb\",\"itemListElement\":[{\"@type\":\"ListItem\",\"position\":1,\"name\":\"Po\u010detna stranica\",\"item\":\"https:\\\/\\\/www.petroni.hr\\\/en\\\/\"},{\"@type\":\"ListItem\",\"position\":2,\"name\":\"Shop\",\"item\":\"https:\\\/\\\/www.petroni.hr\\\/en\\\/shop\\\/\"},{\"@type\":\"ListItem\",\"position\":3,\"name\":\"Punja\u010d baterija SMART pogodan za olovne, litij-ionske i AGM baterije 4A\"}]},{\"@type\":\"WebSite\",\"@id\":\"https:\\\/\\\/www.petroni.hr\\\/en\\\/#website\",\"url\":\"https:\\\/\\\/www.petroni.hr\\\/en\\\/\",\"name\":\"Petroni.hr\",\"description\":\"Experience the unprecedented freedom of travel\",\"publisher\":{\"@id\":\"https:\\\/\\\/www.petroni.hr\\\/en\\\/#organization\"},\"alternateName\":\"Petroni\",\"potentialAction\":[{\"@type\":\"SearchAction\",\"target\":{\"@type\":\"EntryPoint\",\"urlTemplate\":\"https:\\\/\\\/www.petroni.hr\\\/en\\\/?s={search_term_string}\"},\"query-input\":{\"@type\":\"PropertyValueSpecification\",\"valueRequired\":true,\"valueName\":\"search_term_string\"}}],\"inLanguage\":\"en-US\"},{\"@type\":\"Organization\",\"@id\":\"https:\\\/\\\/www.petroni.hr\\\/en\\\/#organization\",\"name\":\"Petroni d.o.o.\",\"alternateName\":\"Petroni\",\"url\":\"https:\\\/\\\/www.petroni.hr\\\/en\\\/\",\"logo\":{\"@type\":\"ImageObject\",\"inLanguage\":\"en-US\",\"@id\":\"https:\\\/\\\/www.petroni.hr\\\/en\\\/#\\\/schema\\\/logo\\\/image\\\/\",\"url\":\"https:\\\/\\\/www.petroni.hr\\\/wp-content\\\/uploads\\\/2024\\\/03\\\/cropped-Group-3.jpg\",\"contentUrl\":\"https:\\\/\\\/www.petroni.hr\\\/wp-content\\\/uploads\\\/2024\\\/03\\\/cropped-Group-3.jpg\",\"width\":512,\"height\":512,\"caption\":\"Petroni d.o.o.\"},\"image\":{\"@id\":\"https:\\\/\\\/www.petroni.hr\\\/en\\\/#\\\/schema\\\/logo\\\/image\\\/\"},\"sameAs\":[\"https:\\\/\\\/www.facebook.com\\\/Kamperi.Petroni.Sesvete\\\/?locale=hr_HR\"]}]}<\/script>\n<!-- \/ Yoast SEO plugin. -->","yoast_head_json":{"title":"Punja\u010d baterija SMART pogodan za olovne, litij-ionske i AGM baterije 4A | Petroni - rent | sale | service | conversions","robots":{"index":"index","follow":"follow","max-snippet":"max-snippet:-1","max-image-preview":"max-image-preview:large","max-video-preview":"max-video-preview:-1"},"canonical":"https:\/\/www.petroni.hr\/en\/proizvod\/punjac-baterija-smart-pogodan-za-olovne-litij-ionske-i-agm-baterije\/","og_locale":"en_US","og_type":"article","og_title":"Punja\u010d baterija SMART pogodan za olovne, litij-ionske i AGM baterije 4A | Petroni - rent | sale | service | conversions","og_description":"Pametni punja\u010d baterija nudi razne zna\u010dajke i prednosti: Svestran &#8211; Pogodan za litijeve, olovne i AGM baterije Pametan &#8211; Procjenjuje idealan proces punjenja za razli\u010dite vrste baterija U\u010dinkovit &#8211; Izlazna snaga 70 W za brzo punjenje Pouzdan &#8211; Ulazni napon 220-240 V AC Funkcija kontinuiranog punjenja &#8211; Odr\u017eava stanje baterije tijekom (zimskog) skladi\u0161tenja Ovaj pametni [&hellip;]","og_url":"https:\/\/www.petroni.hr\/en\/proizvod\/punjac-baterija-smart-pogodan-za-olovne-litij-ionske-i-agm-baterije\/","og_site_name":"Petroni - rent | sale | service | conversions","article_publisher":"https:\/\/www.facebook.com\/Kamperi.Petroni.Sesvete\/?locale=hr_HR","article_modified_time":"2026-04-15T13:47:03+00:00","og_image":[{"width":450,"height":450,"url":"https:\/\/www.petroni.hr\/wp-content\/uploads\/2026\/04\/Pametni-punjac-baterija-1.jpg","type":"image\/jpeg"}],"twitter_card":"summary_large_image","twitter_misc":{"Est. reading time":"1 minute"},"schema":{"@context":"https:\/\/schema.org","@graph":[{"@type":"WebPage","@id":"https:\/\/www.petroni.hr\/en\/proizvod\/punjac-baterija-smart-pogodan-za-olovne-litij-ionske-i-agm-baterije\/","url":"https:\/\/www.petroni.hr\/en\/proizvod\/punjac-baterija-smart-pogodan-za-olovne-litij-ionske-i-agm-baterije\/","name":"Punja\u010d baterija SMART pogodan za olovne, litij-ionske i AGM baterije 4A | Petroni - rent | sale | service | conversions","isPartOf":{"@id":"https:\/\/www.petroni.hr\/en\/#website"},"primaryImageOfPage":{"@id":"https:\/\/www.petroni.hr\/en\/proizvod\/punjac-baterija-smart-pogodan-za-olovne-litij-ionske-i-agm-baterije\/#primaryimage"},"image":{"@id":"https:\/\/www.petroni.hr\/en\/proizvod\/punjac-baterija-smart-pogodan-za-olovne-litij-ionske-i-agm-baterije\/#primaryimage"},"thumbnailUrl":"https:\/\/www.petroni.hr\/wp-content\/uploads\/2026\/04\/Pametni-punjac-baterija-1.jpg","datePublished":"2026-04-15T13:46:22+00:00","dateModified":"2026-04-15T13:47:03+00:00","breadcrumb":{"@id":"https:\/\/www.petroni.hr\/en\/proizvod\/punjac-baterija-smart-pogodan-za-olovne-litij-ionske-i-agm-baterije\/#breadcrumb"},"inLanguage":"en-US","potentialAction":[{"@type":"ReadAction","target":["https:\/\/www.petroni.hr\/en\/proizvod\/punjac-baterija-smart-pogodan-za-olovne-litij-ionske-i-agm-baterije\/"]}]},{"@type":"ImageObject","inLanguage":"en-US","@id":"https:\/\/www.petroni.hr\/en\/proizvod\/punjac-baterija-smart-pogodan-za-olovne-litij-ionske-i-agm-baterije\/#primaryimage","url":"https:\/\/www.petroni.hr\/wp-content\/uploads\/2026\/04\/Pametni-punjac-baterija-1.jpg","contentUrl":"https:\/\/www.petroni.hr\/wp-content\/uploads\/2026\/04\/Pametni-punjac-baterija-1.jpg","width":450,"height":450},{"@type":"BreadcrumbList","@id":"https:\/\/www.petroni.hr\/en\/proizvod\/punjac-baterija-smart-pogodan-za-olovne-litij-ionske-i-agm-baterije\/#breadcrumb","itemListElement":[{"@type":"ListItem","position":1,"name":"Po\u010detna stranica","item":"https:\/\/www.petroni.hr\/en\/"},{"@type":"ListItem","position":2,"name":"Shop","item":"https:\/\/www.petroni.hr\/en\/shop\/"},{"@type":"ListItem","position":3,"name":"Punja\u010d baterija SMART pogodan za olovne, litij-ionske i AGM baterije 4A"}]},{"@type":"WebSite","@id":"https:\/\/www.petroni.hr\/en\/#website","url":"https:\/\/www.petroni.hr\/en\/","name":"Petroni.hr","description":"Experience the unprecedented freedom of travel","publisher":{"@id":"https:\/\/www.petroni.hr\/en\/#organization"},"alternateName":"Petroni","potentialAction":[{"@type":"SearchAction","target":{"@type":"EntryPoint","urlTemplate":"https:\/\/www.petroni.hr\/en\/?s={search_term_string}"},"query-input":{"@type":"PropertyValueSpecification","valueRequired":true,"valueName":"search_term_string"}}],"inLanguage":"en-US"},{"@type":"Organization","@id":"https:\/\/www.petroni.hr\/en\/#organization","name":"Petroni d.o.o.","alternateName":"Petroni","url":"https:\/\/www.petroni.hr\/en\/","logo":{"@type":"ImageObject","inLanguage":"en-US","@id":"https:\/\/www.petroni.hr\/en\/#\/schema\/logo\/image\/","url":"https:\/\/www.petroni.hr\/wp-content\/uploads\/2024\/03\/cropped-Group-3.jpg","contentUrl":"https:\/\/www.petroni.hr\/wp-content\/uploads\/2024\/03\/cropped-Group-3.jpg","width":512,"height":512,"caption":"Petroni d.o.o."},"image":{"@id":"https:\/\/www.petroni.hr\/en\/#\/schema\/logo\/image\/"},"sameAs":["https:\/\/www.facebook.com\/Kamperi.Petroni.Sesvete\/?locale=hr_HR"]}]}},"_links":{"self":[{"href":"https:\/\/www.petroni.hr\/en\/wp-json\/wp\/v2\/product\/26188","targetHints":{"allow":["GET"]}}],"collection":[{"href":"https:\/\/www.petroni.hr\/en\/wp-json\/wp\/v2\/product"}],"about":[{"href":"https:\/\/www.petroni.hr\/en\/wp-json\/wp\/v2\/types\/product"}],"replies":[{"embeddable":true,"href":"https:\/\/www.petroni.hr\/en\/wp-json\/wp\/v2\/comments?post=26188"}],"wp:featuredmedia":[{"embeddable":true,"href":"https:\/\/www.petroni.hr\/en\/wp-json\/wp\/v2\/media\/26189"}],"wp:attachment":[{"href":"https:\/\/www.petroni.hr\/en\/wp-json\/wp\/v2\/media?parent=26188"}],"wp:term":[{"taxonomy":"product_brand","embeddable":true,"href":"https:\/\/www.petroni.hr\/en\/wp-json\/wp\/v2\/product_brand?post=26188"},{"taxonomy":"product_cat","embeddable":true,"href":"https:\/\/www.petroni.hr\/en\/wp-json\/wp\/v2\/product_cat?post=26188"},{"taxonomy":"product_tag","embeddable":true,"href":"https:\/\/www.petroni.hr\/en\/wp-json\/wp\/v2\/product_tag?post=26188"}],"curies":[{"name":"wp","href":"https:\/\/api.w.org\/{rel}","templated":true}]}}