{"id":26179,"date":"2026-04-15T13:45:13","date_gmt":"2026-04-15T12:45:13","guid":{"rendered":"https:\/\/www.petroni.hr\/?post_type=product&#038;p=26179"},"modified":"2026-04-20T14:41:58","modified_gmt":"2026-04-20T13:41:58","slug":"okvir-ukrasni-za-saltere-i-uticnice-opal-anthracite","status":"publish","type":"product","link":"https:\/\/www.petroni.hr\/en\/proizvod\/okvir-ukrasni-za-saltere-i-uticnice-opal-anthracite\/","title":{"rendered":"Okvir ukrasni za \u0161altere i uti\u010dnice Opal Anthracite"},"content":{"rendered":"<p>Opal antracitni okvir za pokrivanje nudi razne zna\u010dajke i prednosti:<\/p>\n<p>Svestran &#8211; Kompatibilan s drugim markama kao \u0161to su Presto i Inprojal<br \/>\nNeophodan &#8211; Neizostavan dio va\u0161e elektri\u010dne instalacije<br \/>\nIzdr\u017eljiv &#8211; Napravljen da traje<br \/>\nPrakti\u010dan &#8211; Jednostavan za ugradnju i kori\u0161tenje<br \/>\nElegantan &#8211; Antracitni dizajn nadopunjuje svaki interijer<br \/>\nOpal antracitni okvir za pokrivanje je bitan dio va\u0161e elektri\u010dne instalacije u karavanima, kamperima i plovilima. Kompatibilan je s drugim markama kao \u0161to su Presto i Inprojal, \u0161to ga \u010dini svestranim izborom za va\u0161e elektri\u010dne potrebe. Izra\u0111en je da traje, tako da se na njega mo\u017eete osloniti da \u0107e obavljati svoj posao. \u0160tovi\u0161e, jednostavan je za ugradnju i kori\u0161tenje, \u0161to ga \u010dini prakti\u010dnim izborom. Kona\u010dno, ima elegantan antracitni dizajn koji odgovara svakom interijeru. Opal antracitni okvir za pokrivanje je neophodan za sve koji tra\u017ee pouzdanu i izdr\u017eljivu opremu za preklapanje. Nije samo funkcionalan, ve\u0107 i elegantan, \u0161to ga \u010dini izvrsnim dodatkom svakoj elektri\u010dnoj instalaciji. Ne propustite ovu priliku da nadogradite svoj elektri\u010dni sustav Opal antracitnim okvirom za pokrivanje.<\/p>\n<p>&nbsp;<\/p>\n<p>Broj jedinica 1<br \/>\nNa\u010din monta\u017ee: klik na mjesto<br \/>\nDuljina otvora 46 mm<br \/>\n\u0160irina otvora 46 mm<br \/>\nVrsta okvira: ugra\u0111eni<br \/>\nDuljina 63 mm<br \/>\n\u0160irina 60 mm<br \/>\nVisina 9 mm<br \/>\nNeto te\u017eina 5 g<br \/>\nBoja antracit<br \/>\nMaterijal: plastika<br \/>\nPogodno za komponente C-linije<\/p>\n","protected":false},"excerpt":{"rendered":"<p>Opal antracitni okvir za pokrivanje nudi razne zna\u010dajke i prednosti: Svestran &#8211; Kompatibilan s drugim markama kao \u0161to su Presto i Inprojal Neophodan &#8211; Neizostavan dio va\u0161e elektri\u010dne instalacije Izdr\u017eljiv &#8211; Napravljen da traje Prakti\u010dan &#8211; Jednostavan za ugradnju i kori\u0161tenje Elegantan &#8211; Antracitni dizajn nadopunjuje svaki interijer Opal antracitni okvir za pokrivanje je bitan [&hellip;]<\/p>\n","protected":false},"featured_media":26180,"comment_status":"open","ping_status":"closed","template":"","meta":{"_acf_changed":false,"_themeisle_gutenberg_block_has_review":false},"product_brand":[],"product_cat":[213,235],"product_tag":[],"class_list":{"0":"post-26179","1":"product","2":"type-product","3":"status-publish","4":"has-post-thumbnail","6":"product_cat-electrical","7":"product_cat-uticnice-prekidaci","9":"first","10":"instock","11":"shipping-taxable","12":"purchasable","13":"product-type-simple"},"acf":[],"yoast_head":"<!-- This site is optimized with the Yoast SEO plugin v27.5 - https:\/\/yoast.com\/product\/yoast-seo-wordpress\/ -->\n<title>Okvir ukrasni za \u0161altere i uti\u010dnice Opal Anthracite | Petroni - rent | sale | service | conversions<\/title>\n<meta name=\"robots\" content=\"index, follow, max-snippet:-1, max-image-preview:large, max-video-preview:-1\" \/>\n<link rel=\"canonical\" href=\"https:\/\/www.petroni.hr\/en\/proizvod\/okvir-ukrasni-za-saltere-i-uticnice-opal-anthracite\/\" \/>\n<meta property=\"og:locale\" content=\"en_US\" \/>\n<meta property=\"og:type\" content=\"article\" \/>\n<meta property=\"og:title\" content=\"Okvir ukrasni za \u0161altere i uti\u010dnice Opal Anthracite | Petroni - rent | sale | service | conversions\" \/>\n<meta property=\"og:description\" content=\"Opal antracitni okvir za pokrivanje nudi razne zna\u010dajke i prednosti: Svestran &#8211; Kompatibilan s drugim markama kao \u0161to su Presto i Inprojal Neophodan &#8211; Neizostavan dio va\u0161e elektri\u010dne instalacije Izdr\u017eljiv &#8211; Napravljen da traje Prakti\u010dan &#8211; Jednostavan za ugradnju i kori\u0161tenje Elegantan &#8211; Antracitni dizajn nadopunjuje svaki interijer Opal antracitni okvir za pokrivanje je bitan [&hellip;]\" \/>\n<meta property=\"og:url\" content=\"https:\/\/www.petroni.hr\/en\/proizvod\/okvir-ukrasni-za-saltere-i-uticnice-opal-anthracite\/\" \/>\n<meta property=\"og:site_name\" content=\"Petroni - rent | sale | service | conversions\" \/>\n<meta property=\"article:publisher\" content=\"https:\/\/www.facebook.com\/Kamperi.Petroni.Sesvete\/?locale=hr_HR\" \/>\n<meta property=\"article:modified_time\" content=\"2026-04-20T13:41:58+00:00\" \/>\n<meta property=\"og:image\" content=\"https:\/\/www.petroni.hr\/wp-content\/uploads\/2026\/04\/Okvir-ukrasni-za-saltere-i-uticnice-1.jpg\" \/>\n\t<meta property=\"og:image:width\" content=\"550\" \/>\n\t<meta property=\"og:image:height\" content=\"550\" \/>\n\t<meta property=\"og:image:type\" content=\"image\/jpeg\" \/>\n<meta name=\"twitter:card\" content=\"summary_large_image\" \/>\n<meta name=\"twitter:label1\" content=\"Est. reading time\" \/>\n\t<meta name=\"twitter:data1\" content=\"1 minute\" \/>\n<script type=\"application\/ld+json\" class=\"yoast-schema-graph\">{\"@context\":\"https:\\\/\\\/schema.org\",\"@graph\":[{\"@type\":\"WebPage\",\"@id\":\"https:\\\/\\\/www.petroni.hr\\\/en\\\/proizvod\\\/okvir-ukrasni-za-saltere-i-uticnice-opal-anthracite\\\/\",\"url\":\"https:\\\/\\\/www.petroni.hr\\\/en\\\/proizvod\\\/okvir-ukrasni-za-saltere-i-uticnice-opal-anthracite\\\/\",\"name\":\"Okvir ukrasni za \u0161altere i uti\u010dnice Opal Anthracite | Petroni - rent | sale | service | conversions\",\"isPartOf\":{\"@id\":\"https:\\\/\\\/www.petroni.hr\\\/en\\\/#website\"},\"primaryImageOfPage\":{\"@id\":\"https:\\\/\\\/www.petroni.hr\\\/en\\\/proizvod\\\/okvir-ukrasni-za-saltere-i-uticnice-opal-anthracite\\\/#primaryimage\"},\"image\":{\"@id\":\"https:\\\/\\\/www.petroni.hr\\\/en\\\/proizvod\\\/okvir-ukrasni-za-saltere-i-uticnice-opal-anthracite\\\/#primaryimage\"},\"thumbnailUrl\":\"https:\\\/\\\/www.petroni.hr\\\/wp-content\\\/uploads\\\/2026\\\/04\\\/Okvir-ukrasni-za-saltere-i-uticnice-1.jpg\",\"datePublished\":\"2026-04-15T12:45:13+00:00\",\"dateModified\":\"2026-04-20T13:41:58+00:00\",\"breadcrumb\":{\"@id\":\"https:\\\/\\\/www.petroni.hr\\\/en\\\/proizvod\\\/okvir-ukrasni-za-saltere-i-uticnice-opal-anthracite\\\/#breadcrumb\"},\"inLanguage\":\"en-US\",\"potentialAction\":[{\"@type\":\"ReadAction\",\"target\":[\"https:\\\/\\\/www.petroni.hr\\\/en\\\/proizvod\\\/okvir-ukrasni-za-saltere-i-uticnice-opal-anthracite\\\/\"]}]},{\"@type\":\"ImageObject\",\"inLanguage\":\"en-US\",\"@id\":\"https:\\\/\\\/www.petroni.hr\\\/en\\\/proizvod\\\/okvir-ukrasni-za-saltere-i-uticnice-opal-anthracite\\\/#primaryimage\",\"url\":\"https:\\\/\\\/www.petroni.hr\\\/wp-content\\\/uploads\\\/2026\\\/04\\\/Okvir-ukrasni-za-saltere-i-uticnice-1.jpg\",\"contentUrl\":\"https:\\\/\\\/www.petroni.hr\\\/wp-content\\\/uploads\\\/2026\\\/04\\\/Okvir-ukrasni-za-saltere-i-uticnice-1.jpg\",\"width\":550,\"height\":550},{\"@type\":\"BreadcrumbList\",\"@id\":\"https:\\\/\\\/www.petroni.hr\\\/en\\\/proizvod\\\/okvir-ukrasni-za-saltere-i-uticnice-opal-anthracite\\\/#breadcrumb\",\"itemListElement\":[{\"@type\":\"ListItem\",\"position\":1,\"name\":\"Po\u010detna stranica\",\"item\":\"https:\\\/\\\/www.petroni.hr\\\/en\\\/\"},{\"@type\":\"ListItem\",\"position\":2,\"name\":\"Shop\",\"item\":\"https:\\\/\\\/www.petroni.hr\\\/en\\\/shop\\\/\"},{\"@type\":\"ListItem\",\"position\":3,\"name\":\"Okvir ukrasni za \u0161altere i uti\u010dnice Opal Anthracite\"}]},{\"@type\":\"WebSite\",\"@id\":\"https:\\\/\\\/www.petroni.hr\\\/en\\\/#website\",\"url\":\"https:\\\/\\\/www.petroni.hr\\\/en\\\/\",\"name\":\"Petroni.hr\",\"description\":\"Experience the unprecedented freedom of travel\",\"publisher\":{\"@id\":\"https:\\\/\\\/www.petroni.hr\\\/en\\\/#organization\"},\"alternateName\":\"Petroni\",\"potentialAction\":[{\"@type\":\"SearchAction\",\"target\":{\"@type\":\"EntryPoint\",\"urlTemplate\":\"https:\\\/\\\/www.petroni.hr\\\/en\\\/?s={search_term_string}\"},\"query-input\":{\"@type\":\"PropertyValueSpecification\",\"valueRequired\":true,\"valueName\":\"search_term_string\"}}],\"inLanguage\":\"en-US\"},{\"@type\":\"Organization\",\"@id\":\"https:\\\/\\\/www.petroni.hr\\\/en\\\/#organization\",\"name\":\"Petroni d.o.o.\",\"alternateName\":\"Petroni\",\"url\":\"https:\\\/\\\/www.petroni.hr\\\/en\\\/\",\"logo\":{\"@type\":\"ImageObject\",\"inLanguage\":\"en-US\",\"@id\":\"https:\\\/\\\/www.petroni.hr\\\/en\\\/#\\\/schema\\\/logo\\\/image\\\/\",\"url\":\"https:\\\/\\\/www.petroni.hr\\\/wp-content\\\/uploads\\\/2024\\\/03\\\/cropped-Group-3.jpg\",\"contentUrl\":\"https:\\\/\\\/www.petroni.hr\\\/wp-content\\\/uploads\\\/2024\\\/03\\\/cropped-Group-3.jpg\",\"width\":512,\"height\":512,\"caption\":\"Petroni d.o.o.\"},\"image\":{\"@id\":\"https:\\\/\\\/www.petroni.hr\\\/en\\\/#\\\/schema\\\/logo\\\/image\\\/\"},\"sameAs\":[\"https:\\\/\\\/www.facebook.com\\\/Kamperi.Petroni.Sesvete\\\/?locale=hr_HR\"]}]}<\/script>\n<!-- \/ Yoast SEO plugin. -->","yoast_head_json":{"title":"Okvir ukrasni za \u0161altere i uti\u010dnice Opal Anthracite | Petroni - rent | sale | service | conversions","robots":{"index":"index","follow":"follow","max-snippet":"max-snippet:-1","max-image-preview":"max-image-preview:large","max-video-preview":"max-video-preview:-1"},"canonical":"https:\/\/www.petroni.hr\/en\/proizvod\/okvir-ukrasni-za-saltere-i-uticnice-opal-anthracite\/","og_locale":"en_US","og_type":"article","og_title":"Okvir ukrasni za \u0161altere i uti\u010dnice Opal Anthracite | Petroni - rent | sale | service | conversions","og_description":"Opal antracitni okvir za pokrivanje nudi razne zna\u010dajke i prednosti: Svestran &#8211; Kompatibilan s drugim markama kao \u0161to su Presto i Inprojal Neophodan &#8211; Neizostavan dio va\u0161e elektri\u010dne instalacije Izdr\u017eljiv &#8211; Napravljen da traje Prakti\u010dan &#8211; Jednostavan za ugradnju i kori\u0161tenje Elegantan &#8211; Antracitni dizajn nadopunjuje svaki interijer Opal antracitni okvir za pokrivanje je bitan [&hellip;]","og_url":"https:\/\/www.petroni.hr\/en\/proizvod\/okvir-ukrasni-za-saltere-i-uticnice-opal-anthracite\/","og_site_name":"Petroni - rent | sale | service | conversions","article_publisher":"https:\/\/www.facebook.com\/Kamperi.Petroni.Sesvete\/?locale=hr_HR","article_modified_time":"2026-04-20T13:41:58+00:00","og_image":[{"width":550,"height":550,"url":"https:\/\/www.petroni.hr\/wp-content\/uploads\/2026\/04\/Okvir-ukrasni-za-saltere-i-uticnice-1.jpg","type":"image\/jpeg"}],"twitter_card":"summary_large_image","twitter_misc":{"Est. reading time":"1 minute"},"schema":{"@context":"https:\/\/schema.org","@graph":[{"@type":"WebPage","@id":"https:\/\/www.petroni.hr\/en\/proizvod\/okvir-ukrasni-za-saltere-i-uticnice-opal-anthracite\/","url":"https:\/\/www.petroni.hr\/en\/proizvod\/okvir-ukrasni-za-saltere-i-uticnice-opal-anthracite\/","name":"Okvir ukrasni za \u0161altere i uti\u010dnice Opal Anthracite | Petroni - rent | sale | service | conversions","isPartOf":{"@id":"https:\/\/www.petroni.hr\/en\/#website"},"primaryImageOfPage":{"@id":"https:\/\/www.petroni.hr\/en\/proizvod\/okvir-ukrasni-za-saltere-i-uticnice-opal-anthracite\/#primaryimage"},"image":{"@id":"https:\/\/www.petroni.hr\/en\/proizvod\/okvir-ukrasni-za-saltere-i-uticnice-opal-anthracite\/#primaryimage"},"thumbnailUrl":"https:\/\/www.petroni.hr\/wp-content\/uploads\/2026\/04\/Okvir-ukrasni-za-saltere-i-uticnice-1.jpg","datePublished":"2026-04-15T12:45:13+00:00","dateModified":"2026-04-20T13:41:58+00:00","breadcrumb":{"@id":"https:\/\/www.petroni.hr\/en\/proizvod\/okvir-ukrasni-za-saltere-i-uticnice-opal-anthracite\/#breadcrumb"},"inLanguage":"en-US","potentialAction":[{"@type":"ReadAction","target":["https:\/\/www.petroni.hr\/en\/proizvod\/okvir-ukrasni-za-saltere-i-uticnice-opal-anthracite\/"]}]},{"@type":"ImageObject","inLanguage":"en-US","@id":"https:\/\/www.petroni.hr\/en\/proizvod\/okvir-ukrasni-za-saltere-i-uticnice-opal-anthracite\/#primaryimage","url":"https:\/\/www.petroni.hr\/wp-content\/uploads\/2026\/04\/Okvir-ukrasni-za-saltere-i-uticnice-1.jpg","contentUrl":"https:\/\/www.petroni.hr\/wp-content\/uploads\/2026\/04\/Okvir-ukrasni-za-saltere-i-uticnice-1.jpg","width":550,"height":550},{"@type":"BreadcrumbList","@id":"https:\/\/www.petroni.hr\/en\/proizvod\/okvir-ukrasni-za-saltere-i-uticnice-opal-anthracite\/#breadcrumb","itemListElement":[{"@type":"ListItem","position":1,"name":"Po\u010detna stranica","item":"https:\/\/www.petroni.hr\/en\/"},{"@type":"ListItem","position":2,"name":"Shop","item":"https:\/\/www.petroni.hr\/en\/shop\/"},{"@type":"ListItem","position":3,"name":"Okvir ukrasni za \u0161altere i uti\u010dnice Opal Anthracite"}]},{"@type":"WebSite","@id":"https:\/\/www.petroni.hr\/en\/#website","url":"https:\/\/www.petroni.hr\/en\/","name":"Petroni.hr","description":"Experience the unprecedented freedom of travel","publisher":{"@id":"https:\/\/www.petroni.hr\/en\/#organization"},"alternateName":"Petroni","potentialAction":[{"@type":"SearchAction","target":{"@type":"EntryPoint","urlTemplate":"https:\/\/www.petroni.hr\/en\/?s={search_term_string}"},"query-input":{"@type":"PropertyValueSpecification","valueRequired":true,"valueName":"search_term_string"}}],"inLanguage":"en-US"},{"@type":"Organization","@id":"https:\/\/www.petroni.hr\/en\/#organization","name":"Petroni d.o.o.","alternateName":"Petroni","url":"https:\/\/www.petroni.hr\/en\/","logo":{"@type":"ImageObject","inLanguage":"en-US","@id":"https:\/\/www.petroni.hr\/en\/#\/schema\/logo\/image\/","url":"https:\/\/www.petroni.hr\/wp-content\/uploads\/2024\/03\/cropped-Group-3.jpg","contentUrl":"https:\/\/www.petroni.hr\/wp-content\/uploads\/2024\/03\/cropped-Group-3.jpg","width":512,"height":512,"caption":"Petroni d.o.o."},"image":{"@id":"https:\/\/www.petroni.hr\/en\/#\/schema\/logo\/image\/"},"sameAs":["https:\/\/www.facebook.com\/Kamperi.Petroni.Sesvete\/?locale=hr_HR"]}]}},"_links":{"self":[{"href":"https:\/\/www.petroni.hr\/en\/wp-json\/wp\/v2\/product\/26179","targetHints":{"allow":["GET"]}}],"collection":[{"href":"https:\/\/www.petroni.hr\/en\/wp-json\/wp\/v2\/product"}],"about":[{"href":"https:\/\/www.petroni.hr\/en\/wp-json\/wp\/v2\/types\/product"}],"replies":[{"embeddable":true,"href":"https:\/\/www.petroni.hr\/en\/wp-json\/wp\/v2\/comments?post=26179"}],"wp:featuredmedia":[{"embeddable":true,"href":"https:\/\/www.petroni.hr\/en\/wp-json\/wp\/v2\/media\/26180"}],"wp:attachment":[{"href":"https:\/\/www.petroni.hr\/en\/wp-json\/wp\/v2\/media?parent=26179"}],"wp:term":[{"taxonomy":"product_brand","embeddable":true,"href":"https:\/\/www.petroni.hr\/en\/wp-json\/wp\/v2\/product_brand?post=26179"},{"taxonomy":"product_cat","embeddable":true,"href":"https:\/\/www.petroni.hr\/en\/wp-json\/wp\/v2\/product_cat?post=26179"},{"taxonomy":"product_tag","embeddable":true,"href":"https:\/\/www.petroni.hr\/en\/wp-json\/wp\/v2\/product_tag?post=26179"}],"curies":[{"name":"wp","href":"https:\/\/api.w.org\/{rel}","templated":true}]}}