{"id":26071,"date":"2026-04-05T07:24:12","date_gmt":"2026-04-05T06:24:12","guid":{"rendered":"https:\/\/www.petroni.hr\/?post_type=product&#038;p=26071"},"modified":"2026-04-15T12:53:40","modified_gmt":"2026-04-15T11:53:40","slug":"akumulator-mestic-agm-85ah-mab-85-leisure","status":"publish","type":"product","link":"https:\/\/www.petroni.hr\/en\/proizvod\/akumulator-mestic-agm-85ah-mab-85-leisure\/","title":{"rendered":"Akumulator MESTIC AGM 85Ah MAB-85 leisure"},"content":{"rendered":"<p>Mestic nudi tradicionalne AGM baterije razli\u010ditih kapaciteta. AGM (Absorption Glass Mat) baterija ne zahtijeva odr\u017eavanje i idealna je kao ugra\u0111ena baterija u kamperu ili karavanu. Ovu bateriju treba puniti samo odgovaraju\u0107im punja\u010dem. Glavna prednost visokokvalitetne baterije koja ne zahtijeva odr\u017eavanje je jamstvo dugog vijeka trajanja. Ne koristite li bateriju dulje vrijeme? Preporu\u010dujemo punjenje svaka tri mjeseca kako biste u\u017eivali u njenom punom vijeku trajanja. Zatvorena baterija nudi jo\u0161 vi\u0161e prednosti: minimalno stvaranje plinova, \u0161to prakti\u010dki eliminira eksplozije, \u0161titi plo\u010de baterije od vibracija i udaraca te ne ispu\u0161ta kiselinu iz baterije ako se o\u0161teti ili prevrne.<\/p>\n<p>Mestic AGM MAB-85 baterija idealna je ako je \u017eelite koristiti dulje vrijeme. Mo\u017ee osigurati stalnu opskrbu energijom dulje vrijeme. MAB-85 ima kapacitet od 85 Ah. Nadalje, ima vijek trajanja od 2400 ciklusa uz redovitu upotrebu i 30% pra\u017enjenja. Baterije se mogu isprazniti do 80%. Ako se to doga\u0111a povremeno, ima minimalan utjecaj na vijek trajanja baterije.<\/p>\n<p>Glavne prednosti:<\/p>\n<p>Kapacitet: 85 Ah<br \/>\nNazivni napon: 12 V<br \/>\nTe\u017eina: 26,5 kg<br \/>\nDimenzije: 25,5 x 16,6 x 21,1 cm<br \/>\nVijek trajanja: 2400 ciklusa uz redovitu upotrebu<br \/>\n2 godine jamstva<\/p>\n","protected":false},"excerpt":{"rendered":"<p>Mestic nudi tradicionalne AGM baterije razli\u010ditih kapaciteta. AGM (Absorption Glass Mat) baterija ne zahtijeva odr\u017eavanje i idealna je kao ugra\u0111ena baterija u kamperu ili karavanu. Ovu bateriju treba puniti samo odgovaraju\u0107im punja\u010dem. Glavna prednost visokokvalitetne baterije koja ne zahtijeva odr\u017eavanje je jamstvo dugog vijeka trajanja. Ne koristite li bateriju dulje vrijeme? Preporu\u010dujemo punjenje svaka tri [&hellip;]<\/p>\n","protected":false},"featured_media":26072,"comment_status":"open","ping_status":"closed","template":"","meta":{"_acf_changed":false,"_themeisle_gutenberg_block_has_review":false},"product_brand":[],"product_cat":[232,213],"product_tag":[],"class_list":{"0":"post-26071","1":"product","2":"type-product","3":"status-publish","4":"has-post-thumbnail","6":"product_cat-battery","7":"product_cat-electrical","8":"product_shipping_class-heavy-pacages","10":"first","11":"instock","12":"shipping-taxable","13":"purchasable","14":"product-type-simple"},"acf":[],"yoast_head":"<!-- This site is optimized with the Yoast SEO plugin v27.4 - https:\/\/yoast.com\/product\/yoast-seo-wordpress\/ -->\n<title>Akumulator MESTIC AGM 85Ah MAB-85 leisure | Petroni - rent | sale | service | conversions<\/title>\n<meta name=\"robots\" content=\"index, follow, max-snippet:-1, max-image-preview:large, max-video-preview:-1\" \/>\n<link rel=\"canonical\" href=\"https:\/\/www.petroni.hr\/en\/proizvod\/akumulator-mestic-agm-85ah-mab-85-leisure\/\" \/>\n<meta property=\"og:locale\" content=\"en_US\" \/>\n<meta property=\"og:type\" content=\"article\" \/>\n<meta property=\"og:title\" content=\"Akumulator MESTIC AGM 85Ah MAB-85 leisure | Petroni - rent | sale | service | conversions\" \/>\n<meta property=\"og:description\" content=\"Mestic nudi tradicionalne AGM baterije razli\u010ditih kapaciteta. AGM (Absorption Glass Mat) baterija ne zahtijeva odr\u017eavanje i idealna je kao ugra\u0111ena baterija u kamperu ili karavanu. Ovu bateriju treba puniti samo odgovaraju\u0107im punja\u010dem. Glavna prednost visokokvalitetne baterije koja ne zahtijeva odr\u017eavanje je jamstvo dugog vijeka trajanja. Ne koristite li bateriju dulje vrijeme? Preporu\u010dujemo punjenje svaka tri [&hellip;]\" \/>\n<meta property=\"og:url\" content=\"https:\/\/www.petroni.hr\/en\/proizvod\/akumulator-mestic-agm-85ah-mab-85-leisure\/\" \/>\n<meta property=\"og:site_name\" content=\"Petroni - rent | sale | service | conversions\" \/>\n<meta property=\"article:publisher\" content=\"https:\/\/www.facebook.com\/Kamperi.Petroni.Sesvete\/?locale=hr_HR\" \/>\n<meta property=\"article:modified_time\" content=\"2026-04-15T11:53:40+00:00\" \/>\n<meta property=\"og:image\" content=\"https:\/\/www.petroni.hr\/wp-content\/uploads\/2026\/04\/akumulator-Mestic-AGM-85Ah.jpg\" \/>\n\t<meta property=\"og:image:width\" content=\"600\" \/>\n\t<meta property=\"og:image:height\" content=\"524\" \/>\n\t<meta property=\"og:image:type\" content=\"image\/jpeg\" \/>\n<meta name=\"twitter:card\" content=\"summary_large_image\" \/>\n<meta name=\"twitter:label1\" content=\"Est. reading time\" \/>\n\t<meta name=\"twitter:data1\" content=\"1 minute\" \/>\n<script type=\"application\/ld+json\" class=\"yoast-schema-graph\">{\"@context\":\"https:\\\/\\\/schema.org\",\"@graph\":[{\"@type\":\"WebPage\",\"@id\":\"https:\\\/\\\/www.petroni.hr\\\/en\\\/proizvod\\\/akumulator-mestic-agm-85ah-mab-85-leisure\\\/\",\"url\":\"https:\\\/\\\/www.petroni.hr\\\/en\\\/proizvod\\\/akumulator-mestic-agm-85ah-mab-85-leisure\\\/\",\"name\":\"Akumulator MESTIC AGM 85Ah MAB-85 leisure | Petroni - rent | sale | service | conversions\",\"isPartOf\":{\"@id\":\"https:\\\/\\\/www.petroni.hr\\\/en\\\/#website\"},\"primaryImageOfPage\":{\"@id\":\"https:\\\/\\\/www.petroni.hr\\\/en\\\/proizvod\\\/akumulator-mestic-agm-85ah-mab-85-leisure\\\/#primaryimage\"},\"image\":{\"@id\":\"https:\\\/\\\/www.petroni.hr\\\/en\\\/proizvod\\\/akumulator-mestic-agm-85ah-mab-85-leisure\\\/#primaryimage\"},\"thumbnailUrl\":\"https:\\\/\\\/www.petroni.hr\\\/wp-content\\\/uploads\\\/2026\\\/04\\\/akumulator-Mestic-AGM-85Ah.jpg\",\"datePublished\":\"2026-04-05T06:24:12+00:00\",\"dateModified\":\"2026-04-15T11:53:40+00:00\",\"breadcrumb\":{\"@id\":\"https:\\\/\\\/www.petroni.hr\\\/en\\\/proizvod\\\/akumulator-mestic-agm-85ah-mab-85-leisure\\\/#breadcrumb\"},\"inLanguage\":\"en-US\",\"potentialAction\":[{\"@type\":\"ReadAction\",\"target\":[\"https:\\\/\\\/www.petroni.hr\\\/en\\\/proizvod\\\/akumulator-mestic-agm-85ah-mab-85-leisure\\\/\"]}]},{\"@type\":\"ImageObject\",\"inLanguage\":\"en-US\",\"@id\":\"https:\\\/\\\/www.petroni.hr\\\/en\\\/proizvod\\\/akumulator-mestic-agm-85ah-mab-85-leisure\\\/#primaryimage\",\"url\":\"https:\\\/\\\/www.petroni.hr\\\/wp-content\\\/uploads\\\/2026\\\/04\\\/akumulator-Mestic-AGM-85Ah.jpg\",\"contentUrl\":\"https:\\\/\\\/www.petroni.hr\\\/wp-content\\\/uploads\\\/2026\\\/04\\\/akumulator-Mestic-AGM-85Ah.jpg\",\"width\":600,\"height\":524},{\"@type\":\"BreadcrumbList\",\"@id\":\"https:\\\/\\\/www.petroni.hr\\\/en\\\/proizvod\\\/akumulator-mestic-agm-85ah-mab-85-leisure\\\/#breadcrumb\",\"itemListElement\":[{\"@type\":\"ListItem\",\"position\":1,\"name\":\"Po\u010detna stranica\",\"item\":\"https:\\\/\\\/www.petroni.hr\\\/en\\\/\"},{\"@type\":\"ListItem\",\"position\":2,\"name\":\"Shop\",\"item\":\"https:\\\/\\\/www.petroni.hr\\\/en\\\/shop\\\/\"},{\"@type\":\"ListItem\",\"position\":3,\"name\":\"Akumulator MESTIC AGM 85Ah MAB-85 leisure\"}]},{\"@type\":\"WebSite\",\"@id\":\"https:\\\/\\\/www.petroni.hr\\\/en\\\/#website\",\"url\":\"https:\\\/\\\/www.petroni.hr\\\/en\\\/\",\"name\":\"Petroni.hr\",\"description\":\"Experience the unprecedented freedom of travel\",\"publisher\":{\"@id\":\"https:\\\/\\\/www.petroni.hr\\\/en\\\/#organization\"},\"alternateName\":\"Petroni\",\"potentialAction\":[{\"@type\":\"SearchAction\",\"target\":{\"@type\":\"EntryPoint\",\"urlTemplate\":\"https:\\\/\\\/www.petroni.hr\\\/en\\\/?s={search_term_string}\"},\"query-input\":{\"@type\":\"PropertyValueSpecification\",\"valueRequired\":true,\"valueName\":\"search_term_string\"}}],\"inLanguage\":\"en-US\"},{\"@type\":\"Organization\",\"@id\":\"https:\\\/\\\/www.petroni.hr\\\/en\\\/#organization\",\"name\":\"Petroni d.o.o.\",\"alternateName\":\"Petroni\",\"url\":\"https:\\\/\\\/www.petroni.hr\\\/en\\\/\",\"logo\":{\"@type\":\"ImageObject\",\"inLanguage\":\"en-US\",\"@id\":\"https:\\\/\\\/www.petroni.hr\\\/en\\\/#\\\/schema\\\/logo\\\/image\\\/\",\"url\":\"https:\\\/\\\/www.petroni.hr\\\/wp-content\\\/uploads\\\/2024\\\/03\\\/cropped-Group-3.jpg\",\"contentUrl\":\"https:\\\/\\\/www.petroni.hr\\\/wp-content\\\/uploads\\\/2024\\\/03\\\/cropped-Group-3.jpg\",\"width\":512,\"height\":512,\"caption\":\"Petroni d.o.o.\"},\"image\":{\"@id\":\"https:\\\/\\\/www.petroni.hr\\\/en\\\/#\\\/schema\\\/logo\\\/image\\\/\"},\"sameAs\":[\"https:\\\/\\\/www.facebook.com\\\/Kamperi.Petroni.Sesvete\\\/?locale=hr_HR\"]}]}<\/script>\n<!-- \/ Yoast SEO plugin. -->","yoast_head_json":{"title":"Akumulator MESTIC AGM 85Ah MAB-85 leisure | Petroni - rent | sale | service | conversions","robots":{"index":"index","follow":"follow","max-snippet":"max-snippet:-1","max-image-preview":"max-image-preview:large","max-video-preview":"max-video-preview:-1"},"canonical":"https:\/\/www.petroni.hr\/en\/proizvod\/akumulator-mestic-agm-85ah-mab-85-leisure\/","og_locale":"en_US","og_type":"article","og_title":"Akumulator MESTIC AGM 85Ah MAB-85 leisure | Petroni - rent | sale | service | conversions","og_description":"Mestic nudi tradicionalne AGM baterije razli\u010ditih kapaciteta. AGM (Absorption Glass Mat) baterija ne zahtijeva odr\u017eavanje i idealna je kao ugra\u0111ena baterija u kamperu ili karavanu. Ovu bateriju treba puniti samo odgovaraju\u0107im punja\u010dem. Glavna prednost visokokvalitetne baterije koja ne zahtijeva odr\u017eavanje je jamstvo dugog vijeka trajanja. Ne koristite li bateriju dulje vrijeme? Preporu\u010dujemo punjenje svaka tri [&hellip;]","og_url":"https:\/\/www.petroni.hr\/en\/proizvod\/akumulator-mestic-agm-85ah-mab-85-leisure\/","og_site_name":"Petroni - rent | sale | service | conversions","article_publisher":"https:\/\/www.facebook.com\/Kamperi.Petroni.Sesvete\/?locale=hr_HR","article_modified_time":"2026-04-15T11:53:40+00:00","og_image":[{"width":600,"height":524,"url":"https:\/\/www.petroni.hr\/wp-content\/uploads\/2026\/04\/akumulator-Mestic-AGM-85Ah.jpg","type":"image\/jpeg"}],"twitter_card":"summary_large_image","twitter_misc":{"Est. reading time":"1 minute"},"schema":{"@context":"https:\/\/schema.org","@graph":[{"@type":"WebPage","@id":"https:\/\/www.petroni.hr\/en\/proizvod\/akumulator-mestic-agm-85ah-mab-85-leisure\/","url":"https:\/\/www.petroni.hr\/en\/proizvod\/akumulator-mestic-agm-85ah-mab-85-leisure\/","name":"Akumulator MESTIC AGM 85Ah MAB-85 leisure | Petroni - rent | sale | service | conversions","isPartOf":{"@id":"https:\/\/www.petroni.hr\/en\/#website"},"primaryImageOfPage":{"@id":"https:\/\/www.petroni.hr\/en\/proizvod\/akumulator-mestic-agm-85ah-mab-85-leisure\/#primaryimage"},"image":{"@id":"https:\/\/www.petroni.hr\/en\/proizvod\/akumulator-mestic-agm-85ah-mab-85-leisure\/#primaryimage"},"thumbnailUrl":"https:\/\/www.petroni.hr\/wp-content\/uploads\/2026\/04\/akumulator-Mestic-AGM-85Ah.jpg","datePublished":"2026-04-05T06:24:12+00:00","dateModified":"2026-04-15T11:53:40+00:00","breadcrumb":{"@id":"https:\/\/www.petroni.hr\/en\/proizvod\/akumulator-mestic-agm-85ah-mab-85-leisure\/#breadcrumb"},"inLanguage":"en-US","potentialAction":[{"@type":"ReadAction","target":["https:\/\/www.petroni.hr\/en\/proizvod\/akumulator-mestic-agm-85ah-mab-85-leisure\/"]}]},{"@type":"ImageObject","inLanguage":"en-US","@id":"https:\/\/www.petroni.hr\/en\/proizvod\/akumulator-mestic-agm-85ah-mab-85-leisure\/#primaryimage","url":"https:\/\/www.petroni.hr\/wp-content\/uploads\/2026\/04\/akumulator-Mestic-AGM-85Ah.jpg","contentUrl":"https:\/\/www.petroni.hr\/wp-content\/uploads\/2026\/04\/akumulator-Mestic-AGM-85Ah.jpg","width":600,"height":524},{"@type":"BreadcrumbList","@id":"https:\/\/www.petroni.hr\/en\/proizvod\/akumulator-mestic-agm-85ah-mab-85-leisure\/#breadcrumb","itemListElement":[{"@type":"ListItem","position":1,"name":"Po\u010detna stranica","item":"https:\/\/www.petroni.hr\/en\/"},{"@type":"ListItem","position":2,"name":"Shop","item":"https:\/\/www.petroni.hr\/en\/shop\/"},{"@type":"ListItem","position":3,"name":"Akumulator MESTIC AGM 85Ah MAB-85 leisure"}]},{"@type":"WebSite","@id":"https:\/\/www.petroni.hr\/en\/#website","url":"https:\/\/www.petroni.hr\/en\/","name":"Petroni.hr","description":"Experience the unprecedented freedom of travel","publisher":{"@id":"https:\/\/www.petroni.hr\/en\/#organization"},"alternateName":"Petroni","potentialAction":[{"@type":"SearchAction","target":{"@type":"EntryPoint","urlTemplate":"https:\/\/www.petroni.hr\/en\/?s={search_term_string}"},"query-input":{"@type":"PropertyValueSpecification","valueRequired":true,"valueName":"search_term_string"}}],"inLanguage":"en-US"},{"@type":"Organization","@id":"https:\/\/www.petroni.hr\/en\/#organization","name":"Petroni d.o.o.","alternateName":"Petroni","url":"https:\/\/www.petroni.hr\/en\/","logo":{"@type":"ImageObject","inLanguage":"en-US","@id":"https:\/\/www.petroni.hr\/en\/#\/schema\/logo\/image\/","url":"https:\/\/www.petroni.hr\/wp-content\/uploads\/2024\/03\/cropped-Group-3.jpg","contentUrl":"https:\/\/www.petroni.hr\/wp-content\/uploads\/2024\/03\/cropped-Group-3.jpg","width":512,"height":512,"caption":"Petroni d.o.o."},"image":{"@id":"https:\/\/www.petroni.hr\/en\/#\/schema\/logo\/image\/"},"sameAs":["https:\/\/www.facebook.com\/Kamperi.Petroni.Sesvete\/?locale=hr_HR"]}]}},"_links":{"self":[{"href":"https:\/\/www.petroni.hr\/en\/wp-json\/wp\/v2\/product\/26071","targetHints":{"allow":["GET"]}}],"collection":[{"href":"https:\/\/www.petroni.hr\/en\/wp-json\/wp\/v2\/product"}],"about":[{"href":"https:\/\/www.petroni.hr\/en\/wp-json\/wp\/v2\/types\/product"}],"replies":[{"embeddable":true,"href":"https:\/\/www.petroni.hr\/en\/wp-json\/wp\/v2\/comments?post=26071"}],"wp:featuredmedia":[{"embeddable":true,"href":"https:\/\/www.petroni.hr\/en\/wp-json\/wp\/v2\/media\/26072"}],"wp:attachment":[{"href":"https:\/\/www.petroni.hr\/en\/wp-json\/wp\/v2\/media?parent=26071"}],"wp:term":[{"taxonomy":"product_brand","embeddable":true,"href":"https:\/\/www.petroni.hr\/en\/wp-json\/wp\/v2\/product_brand?post=26071"},{"taxonomy":"product_cat","embeddable":true,"href":"https:\/\/www.petroni.hr\/en\/wp-json\/wp\/v2\/product_cat?post=26071"},{"taxonomy":"product_tag","embeddable":true,"href":"https:\/\/www.petroni.hr\/en\/wp-json\/wp\/v2\/product_tag?post=26071"}],"curies":[{"name":"wp","href":"https:\/\/api.w.org\/{rel}","templated":true}]}}