{"id":26064,"date":"2026-04-05T07:21:29","date_gmt":"2026-04-05T06:21:29","guid":{"rendered":"https:\/\/www.petroni.hr\/?post_type=product&#038;p=26064"},"modified":"2026-04-15T12:53:09","modified_gmt":"2026-04-15T11:53:09","slug":"klima-uredaj-mestic-rta-1700l","status":"publish","type":"product","link":"https:\/\/www.petroni.hr\/en\/proizvod\/klima-uredaj-mestic-rta-1700l\/","title":{"rendered":"Klima ure\u0111aj MESTIC RTA-1700L"},"content":{"rendered":"<p>Stvorite \u017eeljenu klimu u svom kamperu s krovnim klima ure\u0111ajem Mestic RTA-1700L. Krovni klima ure\u0111aj ne samo da hladi, ve\u0107 i grije pomo\u0107u integrirane toplinske pumpe. Jednostavno postavite temperaturu izme\u0111u 16\u00b0C i 31\u00b0C.<\/p>\n<p>Ekolo\u0161ki prihvatljivo rashladno sredstvo<\/p>\n<p>Hladite, grijte ili prozra\u010dite svoj kamper ili kamper s krovnim klima ure\u0111ajem RTA-1700L. S rashladnim kapacitetom od 1767 W i toplinskim kapacitetom od 1879 W, ovaj klima ure\u0111aj je prikladan za vozila duljine do 7 m. Klima ure\u0111aj u kamperu mo\u017eete jednostavno podesiti izme\u0111u 16\u00b0C i 31\u00b0C. Velik dio ku\u0107i\u0161ta izra\u0111en je od polipropilena, vrlo izdr\u017eljivog i laganog materijala. Nadalje, krovni klima ure\u0111aj je kompaktan, ostavljaju\u0107i dovoljno prostora na krovu za monta\u017eu solarnog panela ili krovne kutije. Rashladno sredstvo koje se koristi u ovom klima ure\u0111aju je R290, vrlo ekolo\u0161ki prihvatljiv i u\u010dinkovit plin. Ovaj plin ima GWP (potencijal globalnog zagrijavanja) od samo 3, \u0161to je znatno ni\u017ee od ostalih rashladnih sredstava.<\/p>\n<p>Glavne prednosti<\/p>\n<p>Hladi, grije i ventilira<br \/>\nSnaga hla\u0111enja: 1767 W &#8211; 6029 BTU\/h<br \/>\nSnaga grijanja: 1879 W &#8211; 6411 BTU\/h<br \/>\nPotro\u0161nja hla\u0111enja: 3,2 A<br \/>\nPotro\u0161nja grijanja: 3,0 A<br \/>\nRaspon temperature: 16\u00b0C do 31\u00b0C<br \/>\nKu\u0107i\u0161te od polipropilena smanjuje te\u017einu &#8211; 32,5 kg<br \/>\nPodesivi protok zraka: Kontrolira glasno\u0107u lijevo i desno<br \/>\nDimenzije ugradnje: 38 x 38 cm (mogu\u0107e i u 40 x 40 cm)<br \/>\nDimenzije (\u0160 x D x V) 96 x 58,5 x 25,9 cm (vanjska jedinica) \/ 67 x 52,3 x 5 cm (unutarnja jedinica)<\/p>\n<p>&nbsp;<\/p>\n<p>Podesivi protok zraka<\/p>\n<p>\u017delite li da vam vozilo bude hladno dok spavate, a da vam hladan zrak ne pu\u0161e izravno u lice? Mogu\u0107e je! Protok zraka krovnog klima ure\u0111aja Mestic RTA-1700L mo\u017ee se zasebno podesiti s lijeve i desne strane. Tako\u0111er mo\u017eete odabrati kori\u0161tenje samo na\u010dina ventilacije no\u0107u. Zahvaljuju\u0107i prakti\u010dnoj funkciji timera, mo\u017eete odlu\u010diti koliko dugo \u017eelite ostaviti klima ure\u0111aj uklju\u010denim. Obi\u010dno lagano spavate? Ve\u0107 vrlo tihi klima ure\u0111aj postaje jo\u0161 ti\u0161i u na\u010dinu spavanja. A ako to nije dovoljno, klima ure\u0111aj za karavane tako\u0111er ima atmosfersku LED rasvjetu. Sve to jednostavno podesite pomo\u0107u zaslona osjetljivog na dodir unutarnje jedinice, prilo\u017eenog daljinskog upravlja\u010da ili pametnog telefona u kombinaciji s aplikacijom Mestic. Dostupan u bijeloj ili crnoj boji.<\/p>\n<p>Hla\u0111enje, grijanje, ventilacija: krovni klima ure\u0111aj Mestic RTA-1700L mo\u017ee sve! Pomo\u0107u aplikacije Mestic imate potpunu kontrolu nad klimom u svom karavanu ili kamperu. Podesivo od 16\u00b0C do 31\u00b0C, ekolo\u0161ki prihvatljivo rashladno sredstvo, s ku\u0107i\u0161tem od polipropilena, podesivim protokom zraka i jo\u0161 mnogo toga.<\/p>\n","protected":false},"excerpt":{"rendered":"<p>Stvorite \u017eeljenu klimu u svom kamperu s krovnim klima ure\u0111ajem Mestic RTA-1700L. Krovni klima ure\u0111aj ne samo da hladi, ve\u0107 i grije pomo\u0107u integrirane toplinske pumpe. Jednostavno postavite temperaturu izme\u0111u 16\u00b0C i 31\u00b0C. Ekolo\u0161ki prihvatljivo rashladno sredstvo Hladite, grijte ili prozra\u010dite svoj kamper ili kamper s krovnim klima ure\u0111ajem RTA-1700L. S rashladnim kapacitetom od 1767 [&hellip;]<\/p>\n","protected":false},"featured_media":26065,"comment_status":"open","ping_status":"closed","template":"","meta":{"_acf_changed":false,"_themeisle_gutenberg_block_has_review":false},"product_brand":[],"product_cat":[212,231],"product_tag":[],"class_list":{"0":"post-26064","1":"product","2":"type-product","3":"status-publish","4":"has-post-thumbnail","6":"product_cat-cooling-climate-heating","7":"product_cat-air-condition","8":"product_shipping_class-heavy-pacages","10":"first","11":"instock","12":"shipping-taxable","13":"purchasable","14":"product-type-simple"},"acf":[],"yoast_head":"<!-- This site is optimized with the Yoast SEO plugin v27.4 - https:\/\/yoast.com\/product\/yoast-seo-wordpress\/ -->\n<title>Klima ure\u0111aj MESTIC RTA-1700L | Petroni - rent | sale | service | conversions<\/title>\n<meta name=\"robots\" content=\"index, follow, max-snippet:-1, max-image-preview:large, max-video-preview:-1\" \/>\n<link rel=\"canonical\" href=\"https:\/\/www.petroni.hr\/en\/proizvod\/klima-uredaj-mestic-rta-1700l\/\" \/>\n<meta property=\"og:locale\" content=\"en_US\" \/>\n<meta property=\"og:type\" content=\"article\" \/>\n<meta property=\"og:title\" content=\"Klima ure\u0111aj MESTIC RTA-1700L | Petroni - rent | sale | service | conversions\" \/>\n<meta property=\"og:description\" content=\"Stvorite \u017eeljenu klimu u svom kamperu s krovnim klima ure\u0111ajem Mestic RTA-1700L. Krovni klima ure\u0111aj ne samo da hladi, ve\u0107 i grije pomo\u0107u integrirane toplinske pumpe. Jednostavno postavite temperaturu izme\u0111u 16\u00b0C i 31\u00b0C. Ekolo\u0161ki prihvatljivo rashladno sredstvo Hladite, grijte ili prozra\u010dite svoj kamper ili kamper s krovnim klima ure\u0111ajem RTA-1700L. S rashladnim kapacitetom od 1767 [&hellip;]\" \/>\n<meta property=\"og:url\" content=\"https:\/\/www.petroni.hr\/en\/proizvod\/klima-uredaj-mestic-rta-1700l\/\" \/>\n<meta property=\"og:site_name\" content=\"Petroni - rent | sale | service | conversions\" \/>\n<meta property=\"article:publisher\" content=\"https:\/\/www.facebook.com\/Kamperi.Petroni.Sesvete\/?locale=hr_HR\" \/>\n<meta property=\"article:modified_time\" content=\"2026-04-15T11:53:09+00:00\" \/>\n<meta property=\"og:image\" content=\"https:\/\/www.petroni.hr\/wp-content\/uploads\/2026\/04\/Klima-uredaj-Mestic-RTA-1700L.jpg\" \/>\n\t<meta property=\"og:image:width\" content=\"900\" \/>\n\t<meta property=\"og:image:height\" content=\"524\" \/>\n\t<meta property=\"og:image:type\" content=\"image\/jpeg\" \/>\n<meta name=\"twitter:card\" content=\"summary_large_image\" \/>\n<meta name=\"twitter:label1\" content=\"Est. reading time\" \/>\n\t<meta name=\"twitter:data1\" content=\"2 minutes\" \/>\n<script type=\"application\/ld+json\" class=\"yoast-schema-graph\">{\"@context\":\"https:\\\/\\\/schema.org\",\"@graph\":[{\"@type\":\"WebPage\",\"@id\":\"https:\\\/\\\/www.petroni.hr\\\/en\\\/proizvod\\\/klima-uredaj-mestic-rta-1700l\\\/\",\"url\":\"https:\\\/\\\/www.petroni.hr\\\/en\\\/proizvod\\\/klima-uredaj-mestic-rta-1700l\\\/\",\"name\":\"Klima ure\u0111aj MESTIC RTA-1700L | Petroni - rent | sale | service | conversions\",\"isPartOf\":{\"@id\":\"https:\\\/\\\/www.petroni.hr\\\/en\\\/#website\"},\"primaryImageOfPage\":{\"@id\":\"https:\\\/\\\/www.petroni.hr\\\/en\\\/proizvod\\\/klima-uredaj-mestic-rta-1700l\\\/#primaryimage\"},\"image\":{\"@id\":\"https:\\\/\\\/www.petroni.hr\\\/en\\\/proizvod\\\/klima-uredaj-mestic-rta-1700l\\\/#primaryimage\"},\"thumbnailUrl\":\"https:\\\/\\\/www.petroni.hr\\\/wp-content\\\/uploads\\\/2026\\\/04\\\/Klima-uredaj-Mestic-RTA-1700L.jpg\",\"datePublished\":\"2026-04-05T06:21:29+00:00\",\"dateModified\":\"2026-04-15T11:53:09+00:00\",\"breadcrumb\":{\"@id\":\"https:\\\/\\\/www.petroni.hr\\\/en\\\/proizvod\\\/klima-uredaj-mestic-rta-1700l\\\/#breadcrumb\"},\"inLanguage\":\"en-US\",\"potentialAction\":[{\"@type\":\"ReadAction\",\"target\":[\"https:\\\/\\\/www.petroni.hr\\\/en\\\/proizvod\\\/klima-uredaj-mestic-rta-1700l\\\/\"]}]},{\"@type\":\"ImageObject\",\"inLanguage\":\"en-US\",\"@id\":\"https:\\\/\\\/www.petroni.hr\\\/en\\\/proizvod\\\/klima-uredaj-mestic-rta-1700l\\\/#primaryimage\",\"url\":\"https:\\\/\\\/www.petroni.hr\\\/wp-content\\\/uploads\\\/2026\\\/04\\\/Klima-uredaj-Mestic-RTA-1700L.jpg\",\"contentUrl\":\"https:\\\/\\\/www.petroni.hr\\\/wp-content\\\/uploads\\\/2026\\\/04\\\/Klima-uredaj-Mestic-RTA-1700L.jpg\",\"width\":900,\"height\":524},{\"@type\":\"BreadcrumbList\",\"@id\":\"https:\\\/\\\/www.petroni.hr\\\/en\\\/proizvod\\\/klima-uredaj-mestic-rta-1700l\\\/#breadcrumb\",\"itemListElement\":[{\"@type\":\"ListItem\",\"position\":1,\"name\":\"Po\u010detna stranica\",\"item\":\"https:\\\/\\\/www.petroni.hr\\\/en\\\/\"},{\"@type\":\"ListItem\",\"position\":2,\"name\":\"Shop\",\"item\":\"https:\\\/\\\/www.petroni.hr\\\/en\\\/shop\\\/\"},{\"@type\":\"ListItem\",\"position\":3,\"name\":\"Klima ure\u0111aj MESTIC RTA-1700L\"}]},{\"@type\":\"WebSite\",\"@id\":\"https:\\\/\\\/www.petroni.hr\\\/en\\\/#website\",\"url\":\"https:\\\/\\\/www.petroni.hr\\\/en\\\/\",\"name\":\"Petroni.hr\",\"description\":\"Experience the unprecedented freedom of travel\",\"publisher\":{\"@id\":\"https:\\\/\\\/www.petroni.hr\\\/en\\\/#organization\"},\"alternateName\":\"Petroni\",\"potentialAction\":[{\"@type\":\"SearchAction\",\"target\":{\"@type\":\"EntryPoint\",\"urlTemplate\":\"https:\\\/\\\/www.petroni.hr\\\/en\\\/?s={search_term_string}\"},\"query-input\":{\"@type\":\"PropertyValueSpecification\",\"valueRequired\":true,\"valueName\":\"search_term_string\"}}],\"inLanguage\":\"en-US\"},{\"@type\":\"Organization\",\"@id\":\"https:\\\/\\\/www.petroni.hr\\\/en\\\/#organization\",\"name\":\"Petroni d.o.o.\",\"alternateName\":\"Petroni\",\"url\":\"https:\\\/\\\/www.petroni.hr\\\/en\\\/\",\"logo\":{\"@type\":\"ImageObject\",\"inLanguage\":\"en-US\",\"@id\":\"https:\\\/\\\/www.petroni.hr\\\/en\\\/#\\\/schema\\\/logo\\\/image\\\/\",\"url\":\"https:\\\/\\\/www.petroni.hr\\\/wp-content\\\/uploads\\\/2024\\\/03\\\/cropped-Group-3.jpg\",\"contentUrl\":\"https:\\\/\\\/www.petroni.hr\\\/wp-content\\\/uploads\\\/2024\\\/03\\\/cropped-Group-3.jpg\",\"width\":512,\"height\":512,\"caption\":\"Petroni d.o.o.\"},\"image\":{\"@id\":\"https:\\\/\\\/www.petroni.hr\\\/en\\\/#\\\/schema\\\/logo\\\/image\\\/\"},\"sameAs\":[\"https:\\\/\\\/www.facebook.com\\\/Kamperi.Petroni.Sesvete\\\/?locale=hr_HR\"]}]}<\/script>\n<!-- \/ Yoast SEO plugin. -->","yoast_head_json":{"title":"Klima ure\u0111aj MESTIC RTA-1700L | Petroni - rent | sale | service | conversions","robots":{"index":"index","follow":"follow","max-snippet":"max-snippet:-1","max-image-preview":"max-image-preview:large","max-video-preview":"max-video-preview:-1"},"canonical":"https:\/\/www.petroni.hr\/en\/proizvod\/klima-uredaj-mestic-rta-1700l\/","og_locale":"en_US","og_type":"article","og_title":"Klima ure\u0111aj MESTIC RTA-1700L | Petroni - rent | sale | service | conversions","og_description":"Stvorite \u017eeljenu klimu u svom kamperu s krovnim klima ure\u0111ajem Mestic RTA-1700L. Krovni klima ure\u0111aj ne samo da hladi, ve\u0107 i grije pomo\u0107u integrirane toplinske pumpe. Jednostavno postavite temperaturu izme\u0111u 16\u00b0C i 31\u00b0C. Ekolo\u0161ki prihvatljivo rashladno sredstvo Hladite, grijte ili prozra\u010dite svoj kamper ili kamper s krovnim klima ure\u0111ajem RTA-1700L. S rashladnim kapacitetom od 1767 [&hellip;]","og_url":"https:\/\/www.petroni.hr\/en\/proizvod\/klima-uredaj-mestic-rta-1700l\/","og_site_name":"Petroni - rent | sale | service | conversions","article_publisher":"https:\/\/www.facebook.com\/Kamperi.Petroni.Sesvete\/?locale=hr_HR","article_modified_time":"2026-04-15T11:53:09+00:00","og_image":[{"width":900,"height":524,"url":"https:\/\/www.petroni.hr\/wp-content\/uploads\/2026\/04\/Klima-uredaj-Mestic-RTA-1700L.jpg","type":"image\/jpeg"}],"twitter_card":"summary_large_image","twitter_misc":{"Est. reading time":"2 minutes"},"schema":{"@context":"https:\/\/schema.org","@graph":[{"@type":"WebPage","@id":"https:\/\/www.petroni.hr\/en\/proizvod\/klima-uredaj-mestic-rta-1700l\/","url":"https:\/\/www.petroni.hr\/en\/proizvod\/klima-uredaj-mestic-rta-1700l\/","name":"Klima ure\u0111aj MESTIC RTA-1700L | Petroni - rent | sale | service | conversions","isPartOf":{"@id":"https:\/\/www.petroni.hr\/en\/#website"},"primaryImageOfPage":{"@id":"https:\/\/www.petroni.hr\/en\/proizvod\/klima-uredaj-mestic-rta-1700l\/#primaryimage"},"image":{"@id":"https:\/\/www.petroni.hr\/en\/proizvod\/klima-uredaj-mestic-rta-1700l\/#primaryimage"},"thumbnailUrl":"https:\/\/www.petroni.hr\/wp-content\/uploads\/2026\/04\/Klima-uredaj-Mestic-RTA-1700L.jpg","datePublished":"2026-04-05T06:21:29+00:00","dateModified":"2026-04-15T11:53:09+00:00","breadcrumb":{"@id":"https:\/\/www.petroni.hr\/en\/proizvod\/klima-uredaj-mestic-rta-1700l\/#breadcrumb"},"inLanguage":"en-US","potentialAction":[{"@type":"ReadAction","target":["https:\/\/www.petroni.hr\/en\/proizvod\/klima-uredaj-mestic-rta-1700l\/"]}]},{"@type":"ImageObject","inLanguage":"en-US","@id":"https:\/\/www.petroni.hr\/en\/proizvod\/klima-uredaj-mestic-rta-1700l\/#primaryimage","url":"https:\/\/www.petroni.hr\/wp-content\/uploads\/2026\/04\/Klima-uredaj-Mestic-RTA-1700L.jpg","contentUrl":"https:\/\/www.petroni.hr\/wp-content\/uploads\/2026\/04\/Klima-uredaj-Mestic-RTA-1700L.jpg","width":900,"height":524},{"@type":"BreadcrumbList","@id":"https:\/\/www.petroni.hr\/en\/proizvod\/klima-uredaj-mestic-rta-1700l\/#breadcrumb","itemListElement":[{"@type":"ListItem","position":1,"name":"Po\u010detna stranica","item":"https:\/\/www.petroni.hr\/en\/"},{"@type":"ListItem","position":2,"name":"Shop","item":"https:\/\/www.petroni.hr\/en\/shop\/"},{"@type":"ListItem","position":3,"name":"Klima ure\u0111aj MESTIC RTA-1700L"}]},{"@type":"WebSite","@id":"https:\/\/www.petroni.hr\/en\/#website","url":"https:\/\/www.petroni.hr\/en\/","name":"Petroni.hr","description":"Experience the unprecedented freedom of travel","publisher":{"@id":"https:\/\/www.petroni.hr\/en\/#organization"},"alternateName":"Petroni","potentialAction":[{"@type":"SearchAction","target":{"@type":"EntryPoint","urlTemplate":"https:\/\/www.petroni.hr\/en\/?s={search_term_string}"},"query-input":{"@type":"PropertyValueSpecification","valueRequired":true,"valueName":"search_term_string"}}],"inLanguage":"en-US"},{"@type":"Organization","@id":"https:\/\/www.petroni.hr\/en\/#organization","name":"Petroni d.o.o.","alternateName":"Petroni","url":"https:\/\/www.petroni.hr\/en\/","logo":{"@type":"ImageObject","inLanguage":"en-US","@id":"https:\/\/www.petroni.hr\/en\/#\/schema\/logo\/image\/","url":"https:\/\/www.petroni.hr\/wp-content\/uploads\/2024\/03\/cropped-Group-3.jpg","contentUrl":"https:\/\/www.petroni.hr\/wp-content\/uploads\/2024\/03\/cropped-Group-3.jpg","width":512,"height":512,"caption":"Petroni d.o.o."},"image":{"@id":"https:\/\/www.petroni.hr\/en\/#\/schema\/logo\/image\/"},"sameAs":["https:\/\/www.facebook.com\/Kamperi.Petroni.Sesvete\/?locale=hr_HR"]}]}},"_links":{"self":[{"href":"https:\/\/www.petroni.hr\/en\/wp-json\/wp\/v2\/product\/26064","targetHints":{"allow":["GET"]}}],"collection":[{"href":"https:\/\/www.petroni.hr\/en\/wp-json\/wp\/v2\/product"}],"about":[{"href":"https:\/\/www.petroni.hr\/en\/wp-json\/wp\/v2\/types\/product"}],"replies":[{"embeddable":true,"href":"https:\/\/www.petroni.hr\/en\/wp-json\/wp\/v2\/comments?post=26064"}],"wp:featuredmedia":[{"embeddable":true,"href":"https:\/\/www.petroni.hr\/en\/wp-json\/wp\/v2\/media\/26065"}],"wp:attachment":[{"href":"https:\/\/www.petroni.hr\/en\/wp-json\/wp\/v2\/media?parent=26064"}],"wp:term":[{"taxonomy":"product_brand","embeddable":true,"href":"https:\/\/www.petroni.hr\/en\/wp-json\/wp\/v2\/product_brand?post=26064"},{"taxonomy":"product_cat","embeddable":true,"href":"https:\/\/www.petroni.hr\/en\/wp-json\/wp\/v2\/product_cat?post=26064"},{"taxonomy":"product_tag","embeddable":true,"href":"https:\/\/www.petroni.hr\/en\/wp-json\/wp\/v2\/product_tag?post=26064"}],"curies":[{"name":"wp","href":"https:\/\/api.w.org\/{rel}","templated":true}]}}