{"id":26059,"date":"2026-04-05T07:18:09","date_gmt":"2026-04-05T06:18:09","guid":{"rendered":"https:\/\/www.petroni.hr\/?post_type=product&#038;p=26059"},"modified":"2026-04-15T12:51:17","modified_gmt":"2026-04-15T11:51:17","slug":"klima-uredaj-mestic-split-spa3100-900w","status":"publish","type":"product","link":"https:\/\/www.petroni.hr\/en\/proizvod\/klima-uredaj-mestic-split-spa3100-900w\/","title":{"rendered":"Klima ure\u0111aj MESTIC Split SPA3100 900W"},"content":{"rendered":"<p>Pobolj\u0161ana razina buke<br \/>\nOscilacija ventilatora lijevo\/desno<br \/>\nBluetooth + WiFi za povezivanje s Mestic aplikacijom<br \/>\nPobolj\u0161ani protok zraka<br \/>\nBolja u\u010dinkovitost (B\u2192A)<br \/>\nFunkcija timera<br \/>\nKapacitet hla\u0111enja (SPA3100): 3050 BTU\/h (895 W)<br \/>\nPogodno za vozila do 5 metara<br \/>\nPotro\u0161nja energije: 1,6 A<br \/>\nProtok zraka: 300 m\u00b3\/h<br \/>\nPodesivi raspon temperature: 16 &#8211; 30\u00b0C<br \/>\nEkolo\u0161ki prihvatljivo rashladno sredstvo: R290 (GWP 3)<br \/>\nDimenzije (D x \u0160 x V): 45,5 x 20 x 37,5 cm (vanjska jedinica) 43,5 x 20,5 x 32 cm (unutarnja jedinica)<br \/>\n\u2022Jednostavna (privremena) ugradnja na otvor prozora<br \/>\nPodesiva re\u0161etka za protok zraka<br \/>\nUklju\u010duje nosa\u010d za no\u0161enje<\/p>\n","protected":false},"excerpt":{"rendered":"<p>Pobolj\u0161ana razina buke Oscilacija ventilatora lijevo\/desno Bluetooth + WiFi za povezivanje s Mestic aplikacijom Pobolj\u0161ani protok zraka Bolja u\u010dinkovitost (B\u2192A) Funkcija timera Kapacitet hla\u0111enja (SPA3100): 3050 BTU\/h (895 W) Pogodno za vozila do 5 metara Potro\u0161nja energije: 1,6 A Protok zraka: 300 m\u00b3\/h Podesivi raspon temperature: 16 &#8211; 30\u00b0C Ekolo\u0161ki prihvatljivo rashladno sredstvo: R290 (GWP [&hellip;]<\/p>\n","protected":false},"featured_media":26060,"comment_status":"open","ping_status":"closed","template":"","meta":{"_acf_changed":false,"_themeisle_gutenberg_block_has_review":false},"product_brand":[],"product_cat":[212,231],"product_tag":[],"class_list":{"0":"post-26059","1":"product","2":"type-product","3":"status-publish","4":"has-post-thumbnail","6":"product_cat-cooling-climate-heating","7":"product_cat-air-condition","8":"product_shipping_class-heavy-pacages","10":"first","11":"instock","12":"shipping-taxable","13":"purchasable","14":"product-type-simple"},"acf":[],"yoast_head":"<!-- This site is optimized with the Yoast SEO plugin v27.4 - https:\/\/yoast.com\/product\/yoast-seo-wordpress\/ -->\n<title>Klima ure\u0111aj MESTIC Split SPA3100 900W | Petroni - rent | sale | service | conversions<\/title>\n<meta name=\"robots\" content=\"index, follow, max-snippet:-1, max-image-preview:large, max-video-preview:-1\" \/>\n<link rel=\"canonical\" href=\"https:\/\/www.petroni.hr\/en\/proizvod\/klima-uredaj-mestic-split-spa3100-900w\/\" \/>\n<meta property=\"og:locale\" content=\"en_US\" \/>\n<meta property=\"og:type\" content=\"article\" \/>\n<meta property=\"og:title\" content=\"Klima ure\u0111aj MESTIC Split SPA3100 900W | Petroni - rent | sale | service | conversions\" \/>\n<meta property=\"og:description\" content=\"Pobolj\u0161ana razina buke Oscilacija ventilatora lijevo\/desno Bluetooth + WiFi za povezivanje s Mestic aplikacijom Pobolj\u0161ani protok zraka Bolja u\u010dinkovitost (B\u2192A) Funkcija timera Kapacitet hla\u0111enja (SPA3100): 3050 BTU\/h (895 W) Pogodno za vozila do 5 metara Potro\u0161nja energije: 1,6 A Protok zraka: 300 m\u00b3\/h Podesivi raspon temperature: 16 &#8211; 30\u00b0C Ekolo\u0161ki prihvatljivo rashladno sredstvo: R290 (GWP [&hellip;]\" \/>\n<meta property=\"og:url\" content=\"https:\/\/www.petroni.hr\/en\/proizvod\/klima-uredaj-mestic-split-spa3100-900w\/\" \/>\n<meta property=\"og:site_name\" content=\"Petroni - rent | sale | service | conversions\" \/>\n<meta property=\"article:publisher\" content=\"https:\/\/www.facebook.com\/Kamperi.Petroni.Sesvete\/?locale=hr_HR\" \/>\n<meta property=\"article:modified_time\" content=\"2026-04-15T11:51:17+00:00\" \/>\n<meta property=\"og:image\" content=\"https:\/\/www.petroni.hr\/wp-content\/uploads\/2026\/04\/Klima-uredaj-Mestic-SPA3100-1.jpg\" \/>\n\t<meta property=\"og:image:width\" content=\"550\" \/>\n\t<meta property=\"og:image:height\" content=\"377\" \/>\n\t<meta property=\"og:image:type\" content=\"image\/jpeg\" \/>\n<meta name=\"twitter:card\" content=\"summary_large_image\" \/>\n<script type=\"application\/ld+json\" class=\"yoast-schema-graph\">{\"@context\":\"https:\\\/\\\/schema.org\",\"@graph\":[{\"@type\":\"WebPage\",\"@id\":\"https:\\\/\\\/www.petroni.hr\\\/en\\\/proizvod\\\/klima-uredaj-mestic-split-spa3100-900w\\\/\",\"url\":\"https:\\\/\\\/www.petroni.hr\\\/en\\\/proizvod\\\/klima-uredaj-mestic-split-spa3100-900w\\\/\",\"name\":\"Klima ure\u0111aj MESTIC Split SPA3100 900W | Petroni - rent | sale | service | conversions\",\"isPartOf\":{\"@id\":\"https:\\\/\\\/www.petroni.hr\\\/en\\\/#website\"},\"primaryImageOfPage\":{\"@id\":\"https:\\\/\\\/www.petroni.hr\\\/en\\\/proizvod\\\/klima-uredaj-mestic-split-spa3100-900w\\\/#primaryimage\"},\"image\":{\"@id\":\"https:\\\/\\\/www.petroni.hr\\\/en\\\/proizvod\\\/klima-uredaj-mestic-split-spa3100-900w\\\/#primaryimage\"},\"thumbnailUrl\":\"https:\\\/\\\/www.petroni.hr\\\/wp-content\\\/uploads\\\/2026\\\/04\\\/Klima-uredaj-Mestic-SPA3100-1.jpg\",\"datePublished\":\"2026-04-05T06:18:09+00:00\",\"dateModified\":\"2026-04-15T11:51:17+00:00\",\"breadcrumb\":{\"@id\":\"https:\\\/\\\/www.petroni.hr\\\/en\\\/proizvod\\\/klima-uredaj-mestic-split-spa3100-900w\\\/#breadcrumb\"},\"inLanguage\":\"en-US\",\"potentialAction\":[{\"@type\":\"ReadAction\",\"target\":[\"https:\\\/\\\/www.petroni.hr\\\/en\\\/proizvod\\\/klima-uredaj-mestic-split-spa3100-900w\\\/\"]}]},{\"@type\":\"ImageObject\",\"inLanguage\":\"en-US\",\"@id\":\"https:\\\/\\\/www.petroni.hr\\\/en\\\/proizvod\\\/klima-uredaj-mestic-split-spa3100-900w\\\/#primaryimage\",\"url\":\"https:\\\/\\\/www.petroni.hr\\\/wp-content\\\/uploads\\\/2026\\\/04\\\/Klima-uredaj-Mestic-SPA3100-1.jpg\",\"contentUrl\":\"https:\\\/\\\/www.petroni.hr\\\/wp-content\\\/uploads\\\/2026\\\/04\\\/Klima-uredaj-Mestic-SPA3100-1.jpg\",\"width\":550,\"height\":377},{\"@type\":\"BreadcrumbList\",\"@id\":\"https:\\\/\\\/www.petroni.hr\\\/en\\\/proizvod\\\/klima-uredaj-mestic-split-spa3100-900w\\\/#breadcrumb\",\"itemListElement\":[{\"@type\":\"ListItem\",\"position\":1,\"name\":\"Po\u010detna stranica\",\"item\":\"https:\\\/\\\/www.petroni.hr\\\/en\\\/\"},{\"@type\":\"ListItem\",\"position\":2,\"name\":\"Shop\",\"item\":\"https:\\\/\\\/www.petroni.hr\\\/en\\\/shop\\\/\"},{\"@type\":\"ListItem\",\"position\":3,\"name\":\"Klima ure\u0111aj MESTIC Split SPA3100 900W\"}]},{\"@type\":\"WebSite\",\"@id\":\"https:\\\/\\\/www.petroni.hr\\\/en\\\/#website\",\"url\":\"https:\\\/\\\/www.petroni.hr\\\/en\\\/\",\"name\":\"Petroni.hr\",\"description\":\"Experience the unprecedented freedom of travel\",\"publisher\":{\"@id\":\"https:\\\/\\\/www.petroni.hr\\\/en\\\/#organization\"},\"alternateName\":\"Petroni\",\"potentialAction\":[{\"@type\":\"SearchAction\",\"target\":{\"@type\":\"EntryPoint\",\"urlTemplate\":\"https:\\\/\\\/www.petroni.hr\\\/en\\\/?s={search_term_string}\"},\"query-input\":{\"@type\":\"PropertyValueSpecification\",\"valueRequired\":true,\"valueName\":\"search_term_string\"}}],\"inLanguage\":\"en-US\"},{\"@type\":\"Organization\",\"@id\":\"https:\\\/\\\/www.petroni.hr\\\/en\\\/#organization\",\"name\":\"Petroni d.o.o.\",\"alternateName\":\"Petroni\",\"url\":\"https:\\\/\\\/www.petroni.hr\\\/en\\\/\",\"logo\":{\"@type\":\"ImageObject\",\"inLanguage\":\"en-US\",\"@id\":\"https:\\\/\\\/www.petroni.hr\\\/en\\\/#\\\/schema\\\/logo\\\/image\\\/\",\"url\":\"https:\\\/\\\/www.petroni.hr\\\/wp-content\\\/uploads\\\/2024\\\/03\\\/cropped-Group-3.jpg\",\"contentUrl\":\"https:\\\/\\\/www.petroni.hr\\\/wp-content\\\/uploads\\\/2024\\\/03\\\/cropped-Group-3.jpg\",\"width\":512,\"height\":512,\"caption\":\"Petroni d.o.o.\"},\"image\":{\"@id\":\"https:\\\/\\\/www.petroni.hr\\\/en\\\/#\\\/schema\\\/logo\\\/image\\\/\"},\"sameAs\":[\"https:\\\/\\\/www.facebook.com\\\/Kamperi.Petroni.Sesvete\\\/?locale=hr_HR\"]}]}<\/script>\n<!-- \/ Yoast SEO plugin. -->","yoast_head_json":{"title":"Klima ure\u0111aj MESTIC Split SPA3100 900W | Petroni - rent | sale | service | conversions","robots":{"index":"index","follow":"follow","max-snippet":"max-snippet:-1","max-image-preview":"max-image-preview:large","max-video-preview":"max-video-preview:-1"},"canonical":"https:\/\/www.petroni.hr\/en\/proizvod\/klima-uredaj-mestic-split-spa3100-900w\/","og_locale":"en_US","og_type":"article","og_title":"Klima ure\u0111aj MESTIC Split SPA3100 900W | Petroni - rent | sale | service | conversions","og_description":"Pobolj\u0161ana razina buke Oscilacija ventilatora lijevo\/desno Bluetooth + WiFi za povezivanje s Mestic aplikacijom Pobolj\u0161ani protok zraka Bolja u\u010dinkovitost (B\u2192A) Funkcija timera Kapacitet hla\u0111enja (SPA3100): 3050 BTU\/h (895 W) Pogodno za vozila do 5 metara Potro\u0161nja energije: 1,6 A Protok zraka: 300 m\u00b3\/h Podesivi raspon temperature: 16 &#8211; 30\u00b0C Ekolo\u0161ki prihvatljivo rashladno sredstvo: R290 (GWP [&hellip;]","og_url":"https:\/\/www.petroni.hr\/en\/proizvod\/klima-uredaj-mestic-split-spa3100-900w\/","og_site_name":"Petroni - rent | sale | service | conversions","article_publisher":"https:\/\/www.facebook.com\/Kamperi.Petroni.Sesvete\/?locale=hr_HR","article_modified_time":"2026-04-15T11:51:17+00:00","og_image":[{"width":550,"height":377,"url":"https:\/\/www.petroni.hr\/wp-content\/uploads\/2026\/04\/Klima-uredaj-Mestic-SPA3100-1.jpg","type":"image\/jpeg"}],"twitter_card":"summary_large_image","schema":{"@context":"https:\/\/schema.org","@graph":[{"@type":"WebPage","@id":"https:\/\/www.petroni.hr\/en\/proizvod\/klima-uredaj-mestic-split-spa3100-900w\/","url":"https:\/\/www.petroni.hr\/en\/proizvod\/klima-uredaj-mestic-split-spa3100-900w\/","name":"Klima ure\u0111aj MESTIC Split SPA3100 900W | Petroni - rent | sale | service | conversions","isPartOf":{"@id":"https:\/\/www.petroni.hr\/en\/#website"},"primaryImageOfPage":{"@id":"https:\/\/www.petroni.hr\/en\/proizvod\/klima-uredaj-mestic-split-spa3100-900w\/#primaryimage"},"image":{"@id":"https:\/\/www.petroni.hr\/en\/proizvod\/klima-uredaj-mestic-split-spa3100-900w\/#primaryimage"},"thumbnailUrl":"https:\/\/www.petroni.hr\/wp-content\/uploads\/2026\/04\/Klima-uredaj-Mestic-SPA3100-1.jpg","datePublished":"2026-04-05T06:18:09+00:00","dateModified":"2026-04-15T11:51:17+00:00","breadcrumb":{"@id":"https:\/\/www.petroni.hr\/en\/proizvod\/klima-uredaj-mestic-split-spa3100-900w\/#breadcrumb"},"inLanguage":"en-US","potentialAction":[{"@type":"ReadAction","target":["https:\/\/www.petroni.hr\/en\/proizvod\/klima-uredaj-mestic-split-spa3100-900w\/"]}]},{"@type":"ImageObject","inLanguage":"en-US","@id":"https:\/\/www.petroni.hr\/en\/proizvod\/klima-uredaj-mestic-split-spa3100-900w\/#primaryimage","url":"https:\/\/www.petroni.hr\/wp-content\/uploads\/2026\/04\/Klima-uredaj-Mestic-SPA3100-1.jpg","contentUrl":"https:\/\/www.petroni.hr\/wp-content\/uploads\/2026\/04\/Klima-uredaj-Mestic-SPA3100-1.jpg","width":550,"height":377},{"@type":"BreadcrumbList","@id":"https:\/\/www.petroni.hr\/en\/proizvod\/klima-uredaj-mestic-split-spa3100-900w\/#breadcrumb","itemListElement":[{"@type":"ListItem","position":1,"name":"Po\u010detna stranica","item":"https:\/\/www.petroni.hr\/en\/"},{"@type":"ListItem","position":2,"name":"Shop","item":"https:\/\/www.petroni.hr\/en\/shop\/"},{"@type":"ListItem","position":3,"name":"Klima ure\u0111aj MESTIC Split SPA3100 900W"}]},{"@type":"WebSite","@id":"https:\/\/www.petroni.hr\/en\/#website","url":"https:\/\/www.petroni.hr\/en\/","name":"Petroni.hr","description":"Experience the unprecedented freedom of travel","publisher":{"@id":"https:\/\/www.petroni.hr\/en\/#organization"},"alternateName":"Petroni","potentialAction":[{"@type":"SearchAction","target":{"@type":"EntryPoint","urlTemplate":"https:\/\/www.petroni.hr\/en\/?s={search_term_string}"},"query-input":{"@type":"PropertyValueSpecification","valueRequired":true,"valueName":"search_term_string"}}],"inLanguage":"en-US"},{"@type":"Organization","@id":"https:\/\/www.petroni.hr\/en\/#organization","name":"Petroni d.o.o.","alternateName":"Petroni","url":"https:\/\/www.petroni.hr\/en\/","logo":{"@type":"ImageObject","inLanguage":"en-US","@id":"https:\/\/www.petroni.hr\/en\/#\/schema\/logo\/image\/","url":"https:\/\/www.petroni.hr\/wp-content\/uploads\/2024\/03\/cropped-Group-3.jpg","contentUrl":"https:\/\/www.petroni.hr\/wp-content\/uploads\/2024\/03\/cropped-Group-3.jpg","width":512,"height":512,"caption":"Petroni d.o.o."},"image":{"@id":"https:\/\/www.petroni.hr\/en\/#\/schema\/logo\/image\/"},"sameAs":["https:\/\/www.facebook.com\/Kamperi.Petroni.Sesvete\/?locale=hr_HR"]}]}},"_links":{"self":[{"href":"https:\/\/www.petroni.hr\/en\/wp-json\/wp\/v2\/product\/26059","targetHints":{"allow":["GET"]}}],"collection":[{"href":"https:\/\/www.petroni.hr\/en\/wp-json\/wp\/v2\/product"}],"about":[{"href":"https:\/\/www.petroni.hr\/en\/wp-json\/wp\/v2\/types\/product"}],"replies":[{"embeddable":true,"href":"https:\/\/www.petroni.hr\/en\/wp-json\/wp\/v2\/comments?post=26059"}],"wp:featuredmedia":[{"embeddable":true,"href":"https:\/\/www.petroni.hr\/en\/wp-json\/wp\/v2\/media\/26060"}],"wp:attachment":[{"href":"https:\/\/www.petroni.hr\/en\/wp-json\/wp\/v2\/media?parent=26059"}],"wp:term":[{"taxonomy":"product_brand","embeddable":true,"href":"https:\/\/www.petroni.hr\/en\/wp-json\/wp\/v2\/product_brand?post=26059"},{"taxonomy":"product_cat","embeddable":true,"href":"https:\/\/www.petroni.hr\/en\/wp-json\/wp\/v2\/product_cat?post=26059"},{"taxonomy":"product_tag","embeddable":true,"href":"https:\/\/www.petroni.hr\/en\/wp-json\/wp\/v2\/product_tag?post=26059"}],"curies":[{"name":"wp","href":"https:\/\/api.w.org\/{rel}","templated":true}]}}