{"id":26041,"date":"2026-03-26T12:14:16","date_gmt":"2026-03-26T11:14:16","guid":{"rendered":"https:\/\/www.petroni.hr\/?post_type=product&#038;p=26041"},"modified":"2026-03-26T12:43:21","modified_gmt":"2026-03-26T11:43:21","slug":"renogy-akumulator-100ah-12v-lifepo4","status":"publish","type":"product","link":"https:\/\/www.petroni.hr\/en\/proizvod\/renogy-akumulator-100ah-12v-lifepo4\/","title":{"rendered":"RENOGY Akumulator 100Ah 12V LiFePO4"},"content":{"rendered":"<p>RENOGY 100Ah 12V LiFePO4 baterija, mini litijeva \u017eeljezno-fosfatna baterija za slobodno vrijeme s preko 5000 dubokih ciklusa, IP 65 i BMS za\u0161tita, podr\u0161ka za 4S4P priklju\u010dak za kamp vozilo, brod i Off Grid sustav<\/p>\n<p>&nbsp;<\/p>\n<p>\u3010Mini dizajn\u3011Do 50% manji od baterije Grupe 31 i 13% manji od drugih ekvivalentnih mini baterija od 12,8 V i 100 Ah. Renogyjeva nova LFP baterija Core Mini serije od 100 Ah (229 x 138 x 213 mm, Grupa 22NF) izvrsna je zamjena za olovne baterije pohranjene u sku\u010denim prostorima u prikolicama ili kajacima u obliku suze.<br \/>\n\u3010Beskompromisna sigurnost\u3011Sadr\u017ei 100A BMS s opse\u017enom za\u0161titom od niskih temperatura (punjenje), visokih temperatura, prenapona, podnapona, prekomjerne struje i kratkih spojeva. Ova litijeva baterija od 12 V nudi dodatni mir gdje god vas avantura odvede.<br \/>\n\u3010Vrhunske vanjske performanse\u3011Integrirani metalni odstojnici \u0107elija dr\u017ee UL-certificirane prizmati\u010dne \u0107elije EV klase na mjestu bez uzrokovanja o\u0161te\u0107enja ili kratkih spojeva kada vozite po neasfaltiranim cestama ili plovite po uzburkanim valovima. Ku\u0107i\u0161te s IP65 za\u0161titom osigurava da je ova 12V baterija za trolling motor otporna na prskanje\/vodu\/pra\u0161inu.<br \/>\n\u3010Fleksibilna instalacija\u3011Instaliranje baterija nikada nije bilo lak\u0161e &#8211; sada mo\u017eete montirati svoju 12V 100Ah LiFePO4 bateriju u bilo kojem polo\u017eaju kako bi se udobno smjestila u ograni\u010deni prostor. Ne preporu\u010duje se okretanje baterije naopako.<br \/>\n\u3010Daljinsko pra\u0107enje (opcionalno)\u3011S Renogy 300A baterijskim shuntom (prodaje se zasebno), mo\u017eete pratiti ovu 12-voltnu litijsku bateriju putem DC Home aplikacije ili Renogy ONE monitora za status u stvarnom vremenu, \u010dak i ako je va\u0161a 12-voltna baterija pohranjena na te\u0161ko dostupnom mjestu u va\u0161em kamperu ili brodu.<\/p>\n<p>Vrsta usluge vozila: Brod, Kamp-ku\u0107ica, Upotreba izvan mre\u017ee, Kamper, Kamion, Kombi<br \/>\nVeli\u010dina 100Ah<br \/>\nNapon 12 V<br \/>\nSastav baterijskih \u0107elija: Litij-ionska<br \/>\nTe\u017eina artikla 9,9 kilograma<br \/>\nDimenzije proizvoda 22,9 D x 21,3 \u0160 x 13,8 V centimetara<br \/>\nBroj \u0107elija: 4<br \/>\nPriklju\u010dak: M8 Priklju\u010dak<br \/>\nVrsta pristajanja za automobile: Univerzalno<\/p>\n<p>&nbsp;<\/p>\n","protected":false},"excerpt":{"rendered":"<p>RENOGY 100Ah 12V LiFePO4 baterija, mini litijeva \u017eeljezno-fosfatna baterija za slobodno vrijeme s preko 5000 dubokih ciklusa, IP 65 i BMS za\u0161tita, podr\u0161ka za 4S4P priklju\u010dak za kamp vozilo, brod i Off Grid sustav &nbsp; \u3010Mini dizajn\u3011Do 50% manji od baterije Grupe 31 i 13% manji od drugih ekvivalentnih mini baterija od 12,8 V i [&hellip;]<\/p>\n","protected":false},"featured_media":26042,"comment_status":"open","ping_status":"closed","template":"","meta":{"_acf_changed":false,"_themeisle_gutenberg_block_has_review":false},"product_brand":[],"product_cat":[325,232,213],"product_tag":[],"class_list":{"0":"post-26041","1":"product","2":"type-product","3":"status-publish","4":"has-post-thumbnail","6":"product_cat-akcija","7":"product_cat-battery","8":"product_cat-electrical","9":"product_shipping_class-heavy-pacages","11":"first","12":"instock","13":"sale","14":"shipping-taxable","15":"purchasable","16":"product-type-simple"},"acf":[],"yoast_head":"<!-- This site is optimized with the Yoast SEO plugin v27.4 - https:\/\/yoast.com\/product\/yoast-seo-wordpress\/ -->\n<title>RENOGY Akumulator 100Ah 12V LiFePO4 | Petroni - rent | sale | service | conversions<\/title>\n<meta name=\"robots\" content=\"index, follow, max-snippet:-1, max-image-preview:large, max-video-preview:-1\" \/>\n<link rel=\"canonical\" href=\"https:\/\/www.petroni.hr\/en\/proizvod\/renogy-akumulator-100ah-12v-lifepo4\/\" \/>\n<meta property=\"og:locale\" content=\"en_US\" \/>\n<meta property=\"og:type\" content=\"article\" \/>\n<meta property=\"og:title\" content=\"RENOGY Akumulator 100Ah 12V LiFePO4 | Petroni - rent | sale | service | conversions\" \/>\n<meta property=\"og:description\" content=\"RENOGY 100Ah 12V LiFePO4 baterija, mini litijeva \u017eeljezno-fosfatna baterija za slobodno vrijeme s preko 5000 dubokih ciklusa, IP 65 i BMS za\u0161tita, podr\u0161ka za 4S4P priklju\u010dak za kamp vozilo, brod i Off Grid sustav &nbsp; \u3010Mini dizajn\u3011Do 50% manji od baterije Grupe 31 i 13% manji od drugih ekvivalentnih mini baterija od 12,8 V i [&hellip;]\" \/>\n<meta property=\"og:url\" content=\"https:\/\/www.petroni.hr\/en\/proizvod\/renogy-akumulator-100ah-12v-lifepo4\/\" \/>\n<meta property=\"og:site_name\" content=\"Petroni - rent | sale | service | conversions\" \/>\n<meta property=\"article:publisher\" content=\"https:\/\/www.facebook.com\/Kamperi.Petroni.Sesvete\/?locale=hr_HR\" \/>\n<meta property=\"article:modified_time\" content=\"2026-03-26T11:43:21+00:00\" \/>\n<meta property=\"og:image\" content=\"https:\/\/www.petroni.hr\/wp-content\/uploads\/2026\/03\/R4-1.jpg\" \/>\n\t<meta property=\"og:image:width\" content=\"850\" \/>\n\t<meta property=\"og:image:height\" content=\"850\" \/>\n\t<meta property=\"og:image:type\" content=\"image\/jpeg\" \/>\n<meta name=\"twitter:card\" content=\"summary_large_image\" \/>\n<meta name=\"twitter:label1\" content=\"Est. reading time\" \/>\n\t<meta name=\"twitter:data1\" content=\"2 minutes\" \/>\n<script type=\"application\/ld+json\" class=\"yoast-schema-graph\">{\"@context\":\"https:\\\/\\\/schema.org\",\"@graph\":[{\"@type\":\"WebPage\",\"@id\":\"https:\\\/\\\/www.petroni.hr\\\/en\\\/proizvod\\\/renogy-akumulator-100ah-12v-lifepo4\\\/\",\"url\":\"https:\\\/\\\/www.petroni.hr\\\/en\\\/proizvod\\\/renogy-akumulator-100ah-12v-lifepo4\\\/\",\"name\":\"RENOGY Akumulator 100Ah 12V LiFePO4 | Petroni - rent | sale | service | conversions\",\"isPartOf\":{\"@id\":\"https:\\\/\\\/www.petroni.hr\\\/en\\\/#website\"},\"primaryImageOfPage\":{\"@id\":\"https:\\\/\\\/www.petroni.hr\\\/en\\\/proizvod\\\/renogy-akumulator-100ah-12v-lifepo4\\\/#primaryimage\"},\"image\":{\"@id\":\"https:\\\/\\\/www.petroni.hr\\\/en\\\/proizvod\\\/renogy-akumulator-100ah-12v-lifepo4\\\/#primaryimage\"},\"thumbnailUrl\":\"https:\\\/\\\/www.petroni.hr\\\/wp-content\\\/uploads\\\/2026\\\/03\\\/R4-1.jpg\",\"datePublished\":\"2026-03-26T11:14:16+00:00\",\"dateModified\":\"2026-03-26T11:43:21+00:00\",\"breadcrumb\":{\"@id\":\"https:\\\/\\\/www.petroni.hr\\\/en\\\/proizvod\\\/renogy-akumulator-100ah-12v-lifepo4\\\/#breadcrumb\"},\"inLanguage\":\"en-US\",\"potentialAction\":[{\"@type\":\"ReadAction\",\"target\":[\"https:\\\/\\\/www.petroni.hr\\\/en\\\/proizvod\\\/renogy-akumulator-100ah-12v-lifepo4\\\/\"]}]},{\"@type\":\"ImageObject\",\"inLanguage\":\"en-US\",\"@id\":\"https:\\\/\\\/www.petroni.hr\\\/en\\\/proizvod\\\/renogy-akumulator-100ah-12v-lifepo4\\\/#primaryimage\",\"url\":\"https:\\\/\\\/www.petroni.hr\\\/wp-content\\\/uploads\\\/2026\\\/03\\\/R4-1.jpg\",\"contentUrl\":\"https:\\\/\\\/www.petroni.hr\\\/wp-content\\\/uploads\\\/2026\\\/03\\\/R4-1.jpg\",\"width\":850,\"height\":850},{\"@type\":\"BreadcrumbList\",\"@id\":\"https:\\\/\\\/www.petroni.hr\\\/en\\\/proizvod\\\/renogy-akumulator-100ah-12v-lifepo4\\\/#breadcrumb\",\"itemListElement\":[{\"@type\":\"ListItem\",\"position\":1,\"name\":\"Po\u010detna stranica\",\"item\":\"https:\\\/\\\/www.petroni.hr\\\/en\\\/\"},{\"@type\":\"ListItem\",\"position\":2,\"name\":\"Shop\",\"item\":\"https:\\\/\\\/www.petroni.hr\\\/en\\\/shop\\\/\"},{\"@type\":\"ListItem\",\"position\":3,\"name\":\"RENOGY Akumulator 100Ah 12V LiFePO4\"}]},{\"@type\":\"WebSite\",\"@id\":\"https:\\\/\\\/www.petroni.hr\\\/en\\\/#website\",\"url\":\"https:\\\/\\\/www.petroni.hr\\\/en\\\/\",\"name\":\"Petroni.hr\",\"description\":\"Experience the unprecedented freedom of travel\",\"publisher\":{\"@id\":\"https:\\\/\\\/www.petroni.hr\\\/en\\\/#organization\"},\"alternateName\":\"Petroni\",\"potentialAction\":[{\"@type\":\"SearchAction\",\"target\":{\"@type\":\"EntryPoint\",\"urlTemplate\":\"https:\\\/\\\/www.petroni.hr\\\/en\\\/?s={search_term_string}\"},\"query-input\":{\"@type\":\"PropertyValueSpecification\",\"valueRequired\":true,\"valueName\":\"search_term_string\"}}],\"inLanguage\":\"en-US\"},{\"@type\":\"Organization\",\"@id\":\"https:\\\/\\\/www.petroni.hr\\\/en\\\/#organization\",\"name\":\"Petroni d.o.o.\",\"alternateName\":\"Petroni\",\"url\":\"https:\\\/\\\/www.petroni.hr\\\/en\\\/\",\"logo\":{\"@type\":\"ImageObject\",\"inLanguage\":\"en-US\",\"@id\":\"https:\\\/\\\/www.petroni.hr\\\/en\\\/#\\\/schema\\\/logo\\\/image\\\/\",\"url\":\"https:\\\/\\\/www.petroni.hr\\\/wp-content\\\/uploads\\\/2024\\\/03\\\/cropped-Group-3.jpg\",\"contentUrl\":\"https:\\\/\\\/www.petroni.hr\\\/wp-content\\\/uploads\\\/2024\\\/03\\\/cropped-Group-3.jpg\",\"width\":512,\"height\":512,\"caption\":\"Petroni d.o.o.\"},\"image\":{\"@id\":\"https:\\\/\\\/www.petroni.hr\\\/en\\\/#\\\/schema\\\/logo\\\/image\\\/\"},\"sameAs\":[\"https:\\\/\\\/www.facebook.com\\\/Kamperi.Petroni.Sesvete\\\/?locale=hr_HR\"]}]}<\/script>\n<!-- \/ Yoast SEO plugin. -->","yoast_head_json":{"title":"RENOGY Akumulator 100Ah 12V LiFePO4 | Petroni - rent | sale | service | conversions","robots":{"index":"index","follow":"follow","max-snippet":"max-snippet:-1","max-image-preview":"max-image-preview:large","max-video-preview":"max-video-preview:-1"},"canonical":"https:\/\/www.petroni.hr\/en\/proizvod\/renogy-akumulator-100ah-12v-lifepo4\/","og_locale":"en_US","og_type":"article","og_title":"RENOGY Akumulator 100Ah 12V LiFePO4 | Petroni - rent | sale | service | conversions","og_description":"RENOGY 100Ah 12V LiFePO4 baterija, mini litijeva \u017eeljezno-fosfatna baterija za slobodno vrijeme s preko 5000 dubokih ciklusa, IP 65 i BMS za\u0161tita, podr\u0161ka za 4S4P priklju\u010dak za kamp vozilo, brod i Off Grid sustav &nbsp; \u3010Mini dizajn\u3011Do 50% manji od baterije Grupe 31 i 13% manji od drugih ekvivalentnih mini baterija od 12,8 V i [&hellip;]","og_url":"https:\/\/www.petroni.hr\/en\/proizvod\/renogy-akumulator-100ah-12v-lifepo4\/","og_site_name":"Petroni - rent | sale | service | conversions","article_publisher":"https:\/\/www.facebook.com\/Kamperi.Petroni.Sesvete\/?locale=hr_HR","article_modified_time":"2026-03-26T11:43:21+00:00","og_image":[{"width":850,"height":850,"url":"https:\/\/www.petroni.hr\/wp-content\/uploads\/2026\/03\/R4-1.jpg","type":"image\/jpeg"}],"twitter_card":"summary_large_image","twitter_misc":{"Est. reading time":"2 minutes"},"schema":{"@context":"https:\/\/schema.org","@graph":[{"@type":"WebPage","@id":"https:\/\/www.petroni.hr\/en\/proizvod\/renogy-akumulator-100ah-12v-lifepo4\/","url":"https:\/\/www.petroni.hr\/en\/proizvod\/renogy-akumulator-100ah-12v-lifepo4\/","name":"RENOGY Akumulator 100Ah 12V LiFePO4 | Petroni - rent | sale | service | conversions","isPartOf":{"@id":"https:\/\/www.petroni.hr\/en\/#website"},"primaryImageOfPage":{"@id":"https:\/\/www.petroni.hr\/en\/proizvod\/renogy-akumulator-100ah-12v-lifepo4\/#primaryimage"},"image":{"@id":"https:\/\/www.petroni.hr\/en\/proizvod\/renogy-akumulator-100ah-12v-lifepo4\/#primaryimage"},"thumbnailUrl":"https:\/\/www.petroni.hr\/wp-content\/uploads\/2026\/03\/R4-1.jpg","datePublished":"2026-03-26T11:14:16+00:00","dateModified":"2026-03-26T11:43:21+00:00","breadcrumb":{"@id":"https:\/\/www.petroni.hr\/en\/proizvod\/renogy-akumulator-100ah-12v-lifepo4\/#breadcrumb"},"inLanguage":"en-US","potentialAction":[{"@type":"ReadAction","target":["https:\/\/www.petroni.hr\/en\/proizvod\/renogy-akumulator-100ah-12v-lifepo4\/"]}]},{"@type":"ImageObject","inLanguage":"en-US","@id":"https:\/\/www.petroni.hr\/en\/proizvod\/renogy-akumulator-100ah-12v-lifepo4\/#primaryimage","url":"https:\/\/www.petroni.hr\/wp-content\/uploads\/2026\/03\/R4-1.jpg","contentUrl":"https:\/\/www.petroni.hr\/wp-content\/uploads\/2026\/03\/R4-1.jpg","width":850,"height":850},{"@type":"BreadcrumbList","@id":"https:\/\/www.petroni.hr\/en\/proizvod\/renogy-akumulator-100ah-12v-lifepo4\/#breadcrumb","itemListElement":[{"@type":"ListItem","position":1,"name":"Po\u010detna stranica","item":"https:\/\/www.petroni.hr\/en\/"},{"@type":"ListItem","position":2,"name":"Shop","item":"https:\/\/www.petroni.hr\/en\/shop\/"},{"@type":"ListItem","position":3,"name":"RENOGY Akumulator 100Ah 12V LiFePO4"}]},{"@type":"WebSite","@id":"https:\/\/www.petroni.hr\/en\/#website","url":"https:\/\/www.petroni.hr\/en\/","name":"Petroni.hr","description":"Experience the unprecedented freedom of travel","publisher":{"@id":"https:\/\/www.petroni.hr\/en\/#organization"},"alternateName":"Petroni","potentialAction":[{"@type":"SearchAction","target":{"@type":"EntryPoint","urlTemplate":"https:\/\/www.petroni.hr\/en\/?s={search_term_string}"},"query-input":{"@type":"PropertyValueSpecification","valueRequired":true,"valueName":"search_term_string"}}],"inLanguage":"en-US"},{"@type":"Organization","@id":"https:\/\/www.petroni.hr\/en\/#organization","name":"Petroni d.o.o.","alternateName":"Petroni","url":"https:\/\/www.petroni.hr\/en\/","logo":{"@type":"ImageObject","inLanguage":"en-US","@id":"https:\/\/www.petroni.hr\/en\/#\/schema\/logo\/image\/","url":"https:\/\/www.petroni.hr\/wp-content\/uploads\/2024\/03\/cropped-Group-3.jpg","contentUrl":"https:\/\/www.petroni.hr\/wp-content\/uploads\/2024\/03\/cropped-Group-3.jpg","width":512,"height":512,"caption":"Petroni d.o.o."},"image":{"@id":"https:\/\/www.petroni.hr\/en\/#\/schema\/logo\/image\/"},"sameAs":["https:\/\/www.facebook.com\/Kamperi.Petroni.Sesvete\/?locale=hr_HR"]}]}},"_links":{"self":[{"href":"https:\/\/www.petroni.hr\/en\/wp-json\/wp\/v2\/product\/26041","targetHints":{"allow":["GET"]}}],"collection":[{"href":"https:\/\/www.petroni.hr\/en\/wp-json\/wp\/v2\/product"}],"about":[{"href":"https:\/\/www.petroni.hr\/en\/wp-json\/wp\/v2\/types\/product"}],"replies":[{"embeddable":true,"href":"https:\/\/www.petroni.hr\/en\/wp-json\/wp\/v2\/comments?post=26041"}],"wp:featuredmedia":[{"embeddable":true,"href":"https:\/\/www.petroni.hr\/en\/wp-json\/wp\/v2\/media\/26042"}],"wp:attachment":[{"href":"https:\/\/www.petroni.hr\/en\/wp-json\/wp\/v2\/media?parent=26041"}],"wp:term":[{"taxonomy":"product_brand","embeddable":true,"href":"https:\/\/www.petroni.hr\/en\/wp-json\/wp\/v2\/product_brand?post=26041"},{"taxonomy":"product_cat","embeddable":true,"href":"https:\/\/www.petroni.hr\/en\/wp-json\/wp\/v2\/product_cat?post=26041"},{"taxonomy":"product_tag","embeddable":true,"href":"https:\/\/www.petroni.hr\/en\/wp-json\/wp\/v2\/product_tag?post=26041"}],"curies":[{"name":"wp","href":"https:\/\/api.w.org\/{rel}","templated":true}]}}