{"id":25994,"date":"2026-03-20T06:37:29","date_gmt":"2026-03-20T05:37:29","guid":{"rendered":"https:\/\/www.petroni.hr\/?post_type=product&#038;p=25994"},"modified":"2026-03-25T06:55:58","modified_gmt":"2026-03-25T05:55:58","slug":"brtvilo-dekaseal-8936-310ml-sivo","status":"publish","type":"product","link":"https:\/\/www.petroni.hr\/en\/proizvod\/brtvilo-dekaseal-8936-310ml-sivo\/","title":{"rendered":"Brtvilo DEKASEAL 8936 310ml &#8211; sivo"},"content":{"rendered":"<p>Vrlo niska propusnost vodene pare (0,1 \u2013 0,2 grama\/dan\/m\u00b2)<br \/>\nJednostavno \u010di\u0161\u0107enje tapkanjem<br \/>\nIzvrsna otpornost na UV zra\u010denje i starenje, dokazana kvaliteta<br \/>\nBrtvilo se mora nanositi izme\u0111u mehani\u010dkih spojeva<br \/>\n\u0160irok spektar prianjanja<br \/>\nDugi rok trajanja do dvije godine<br \/>\nOpse\u017eno iskustvo i reference<\/p>\n<p>Za okvire, otvorene vanjske povr\u0161ine, odvode, krovne prozore, crijeva, prodore kabela, prozore, vrata i otvore.<\/p>\n<p>Pogodno za upotrebu na boji, aluminiju, ABS-u, PMMA-i i drvu.<\/p>\n<p>Klasik me\u0111u brtvilima: Na\u0161e DEKASEAL 8936 brtvilo za nano\u0161enje impresionira svojim visokim u\u010dinkom brtvljenja, UV otporno\u0161\u0107u i elasti\u010dno\u0161\u0107u, jer se ne stvrdnjava i ostaje blago ljepljivo. Idealno za primjene bez vidljivih rubova spojeva (otvorovi, krovni prozori, bo\u010dni prozori, \u0161ine tendi, vanjske uti\u010dnice itd.). Osim visokih performansi brtvljenja, klju\u010dna prednost je jednostavnost rastavljanja. To zna\u010di da je brtvilo dobro prilago\u0111eno za spojeve koji \u0107e se kasnije morati odvojiti.<\/p>\n<p>Napomena: Nije mogu\u0107e bojati.<\/p>\n<p>Opseg isporuke: 1 x 310 ml kartu\u0161a brtvila<\/p>\n","protected":false},"excerpt":{"rendered":"<p>Vrlo niska propusnost vodene pare (0,1 \u2013 0,2 grama\/dan\/m\u00b2) Jednostavno \u010di\u0161\u0107enje tapkanjem Izvrsna otpornost na UV zra\u010denje i starenje, dokazana kvaliteta Brtvilo se mora nanositi izme\u0111u mehani\u010dkih spojeva \u0160irok spektar prianjanja Dugi rok trajanja do dvije godine Opse\u017eno iskustvo i reference Za okvire, otvorene vanjske povr\u0161ine, odvode, krovne prozore, crijeva, prodore kabela, prozore, vrata i [&hellip;]<\/p>\n","protected":false},"featured_media":25995,"comment_status":"open","ping_status":"closed","template":"","meta":{"_acf_changed":false,"_themeisle_gutenberg_block_has_review":false},"product_brand":[],"product_cat":[220,205],"product_tag":[],"class_list":{"0":"post-25994","1":"product","2":"type-product","3":"status-publish","4":"has-post-thumbnail","6":"product_cat-chemicals-and-liquids","7":"product_cat-windows","9":"first","10":"instock","11":"shipping-taxable","12":"purchasable","13":"product-type-simple"},"acf":[],"yoast_head":"<!-- This site is optimized with the Yoast SEO plugin v27.4 - https:\/\/yoast.com\/product\/yoast-seo-wordpress\/ -->\n<title>Brtvilo DEKASEAL 8936 310ml - sivo | Petroni - rent | sale | service | conversions<\/title>\n<meta name=\"robots\" content=\"index, follow, max-snippet:-1, max-image-preview:large, max-video-preview:-1\" \/>\n<link rel=\"canonical\" href=\"https:\/\/www.petroni.hr\/en\/proizvod\/brtvilo-dekaseal-8936-310ml-sivo\/\" \/>\n<meta property=\"og:locale\" content=\"en_US\" \/>\n<meta property=\"og:type\" content=\"article\" \/>\n<meta property=\"og:title\" content=\"Brtvilo DEKASEAL 8936 310ml - sivo | Petroni - rent | sale | service | conversions\" \/>\n<meta property=\"og:description\" content=\"Vrlo niska propusnost vodene pare (0,1 \u2013 0,2 grama\/dan\/m\u00b2) Jednostavno \u010di\u0161\u0107enje tapkanjem Izvrsna otpornost na UV zra\u010denje i starenje, dokazana kvaliteta Brtvilo se mora nanositi izme\u0111u mehani\u010dkih spojeva \u0160irok spektar prianjanja Dugi rok trajanja do dvije godine Opse\u017eno iskustvo i reference Za okvire, otvorene vanjske povr\u0161ine, odvode, krovne prozore, crijeva, prodore kabela, prozore, vrata i [&hellip;]\" \/>\n<meta property=\"og:url\" content=\"https:\/\/www.petroni.hr\/en\/proizvod\/brtvilo-dekaseal-8936-310ml-sivo\/\" \/>\n<meta property=\"og:site_name\" content=\"Petroni - rent | sale | service | conversions\" \/>\n<meta property=\"article:publisher\" content=\"https:\/\/www.facebook.com\/Kamperi.Petroni.Sesvete\/?locale=hr_HR\" \/>\n<meta property=\"article:modified_time\" content=\"2026-03-25T05:55:58+00:00\" \/>\n<meta property=\"og:image\" content=\"https:\/\/www.petroni.hr\/wp-content\/uploads\/2026\/03\/Brtvilo-Dekaseal-8936.jpg\" \/>\n\t<meta property=\"og:image:width\" content=\"338\" \/>\n\t<meta property=\"og:image:height\" content=\"600\" \/>\n\t<meta property=\"og:image:type\" content=\"image\/jpeg\" \/>\n<meta name=\"twitter:card\" content=\"summary_large_image\" \/>\n<meta name=\"twitter:label1\" content=\"Est. reading time\" \/>\n\t<meta name=\"twitter:data1\" content=\"1 minute\" \/>\n<script type=\"application\/ld+json\" class=\"yoast-schema-graph\">{\"@context\":\"https:\\\/\\\/schema.org\",\"@graph\":[{\"@type\":\"WebPage\",\"@id\":\"https:\\\/\\\/www.petroni.hr\\\/en\\\/proizvod\\\/brtvilo-dekaseal-8936-310ml-sivo\\\/\",\"url\":\"https:\\\/\\\/www.petroni.hr\\\/en\\\/proizvod\\\/brtvilo-dekaseal-8936-310ml-sivo\\\/\",\"name\":\"Brtvilo DEKASEAL 8936 310ml - sivo | Petroni - rent | sale | service | conversions\",\"isPartOf\":{\"@id\":\"https:\\\/\\\/www.petroni.hr\\\/en\\\/#website\"},\"primaryImageOfPage\":{\"@id\":\"https:\\\/\\\/www.petroni.hr\\\/en\\\/proizvod\\\/brtvilo-dekaseal-8936-310ml-sivo\\\/#primaryimage\"},\"image\":{\"@id\":\"https:\\\/\\\/www.petroni.hr\\\/en\\\/proizvod\\\/brtvilo-dekaseal-8936-310ml-sivo\\\/#primaryimage\"},\"thumbnailUrl\":\"https:\\\/\\\/www.petroni.hr\\\/wp-content\\\/uploads\\\/2026\\\/03\\\/Brtvilo-Dekaseal-8936.jpg\",\"datePublished\":\"2026-03-20T05:37:29+00:00\",\"dateModified\":\"2026-03-25T05:55:58+00:00\",\"breadcrumb\":{\"@id\":\"https:\\\/\\\/www.petroni.hr\\\/en\\\/proizvod\\\/brtvilo-dekaseal-8936-310ml-sivo\\\/#breadcrumb\"},\"inLanguage\":\"en-US\",\"potentialAction\":[{\"@type\":\"ReadAction\",\"target\":[\"https:\\\/\\\/www.petroni.hr\\\/en\\\/proizvod\\\/brtvilo-dekaseal-8936-310ml-sivo\\\/\"]}]},{\"@type\":\"ImageObject\",\"inLanguage\":\"en-US\",\"@id\":\"https:\\\/\\\/www.petroni.hr\\\/en\\\/proizvod\\\/brtvilo-dekaseal-8936-310ml-sivo\\\/#primaryimage\",\"url\":\"https:\\\/\\\/www.petroni.hr\\\/wp-content\\\/uploads\\\/2026\\\/03\\\/Brtvilo-Dekaseal-8936.jpg\",\"contentUrl\":\"https:\\\/\\\/www.petroni.hr\\\/wp-content\\\/uploads\\\/2026\\\/03\\\/Brtvilo-Dekaseal-8936.jpg\",\"width\":338,\"height\":600},{\"@type\":\"BreadcrumbList\",\"@id\":\"https:\\\/\\\/www.petroni.hr\\\/en\\\/proizvod\\\/brtvilo-dekaseal-8936-310ml-sivo\\\/#breadcrumb\",\"itemListElement\":[{\"@type\":\"ListItem\",\"position\":1,\"name\":\"Po\u010detna stranica\",\"item\":\"https:\\\/\\\/www.petroni.hr\\\/en\\\/\"},{\"@type\":\"ListItem\",\"position\":2,\"name\":\"Shop\",\"item\":\"https:\\\/\\\/www.petroni.hr\\\/en\\\/shop\\\/\"},{\"@type\":\"ListItem\",\"position\":3,\"name\":\"Brtvilo DEKASEAL 8936 310ml &#8211; sivo\"}]},{\"@type\":\"WebSite\",\"@id\":\"https:\\\/\\\/www.petroni.hr\\\/en\\\/#website\",\"url\":\"https:\\\/\\\/www.petroni.hr\\\/en\\\/\",\"name\":\"Petroni.hr\",\"description\":\"Experience the unprecedented freedom of travel\",\"publisher\":{\"@id\":\"https:\\\/\\\/www.petroni.hr\\\/en\\\/#organization\"},\"alternateName\":\"Petroni\",\"potentialAction\":[{\"@type\":\"SearchAction\",\"target\":{\"@type\":\"EntryPoint\",\"urlTemplate\":\"https:\\\/\\\/www.petroni.hr\\\/en\\\/?s={search_term_string}\"},\"query-input\":{\"@type\":\"PropertyValueSpecification\",\"valueRequired\":true,\"valueName\":\"search_term_string\"}}],\"inLanguage\":\"en-US\"},{\"@type\":\"Organization\",\"@id\":\"https:\\\/\\\/www.petroni.hr\\\/en\\\/#organization\",\"name\":\"Petroni d.o.o.\",\"alternateName\":\"Petroni\",\"url\":\"https:\\\/\\\/www.petroni.hr\\\/en\\\/\",\"logo\":{\"@type\":\"ImageObject\",\"inLanguage\":\"en-US\",\"@id\":\"https:\\\/\\\/www.petroni.hr\\\/en\\\/#\\\/schema\\\/logo\\\/image\\\/\",\"url\":\"https:\\\/\\\/www.petroni.hr\\\/wp-content\\\/uploads\\\/2024\\\/03\\\/cropped-Group-3.jpg\",\"contentUrl\":\"https:\\\/\\\/www.petroni.hr\\\/wp-content\\\/uploads\\\/2024\\\/03\\\/cropped-Group-3.jpg\",\"width\":512,\"height\":512,\"caption\":\"Petroni d.o.o.\"},\"image\":{\"@id\":\"https:\\\/\\\/www.petroni.hr\\\/en\\\/#\\\/schema\\\/logo\\\/image\\\/\"},\"sameAs\":[\"https:\\\/\\\/www.facebook.com\\\/Kamperi.Petroni.Sesvete\\\/?locale=hr_HR\"]}]}<\/script>\n<!-- \/ Yoast SEO plugin. -->","yoast_head_json":{"title":"Brtvilo DEKASEAL 8936 310ml - sivo | Petroni - rent | sale | service | conversions","robots":{"index":"index","follow":"follow","max-snippet":"max-snippet:-1","max-image-preview":"max-image-preview:large","max-video-preview":"max-video-preview:-1"},"canonical":"https:\/\/www.petroni.hr\/en\/proizvod\/brtvilo-dekaseal-8936-310ml-sivo\/","og_locale":"en_US","og_type":"article","og_title":"Brtvilo DEKASEAL 8936 310ml - sivo | Petroni - rent | sale | service | conversions","og_description":"Vrlo niska propusnost vodene pare (0,1 \u2013 0,2 grama\/dan\/m\u00b2) Jednostavno \u010di\u0161\u0107enje tapkanjem Izvrsna otpornost na UV zra\u010denje i starenje, dokazana kvaliteta Brtvilo se mora nanositi izme\u0111u mehani\u010dkih spojeva \u0160irok spektar prianjanja Dugi rok trajanja do dvije godine Opse\u017eno iskustvo i reference Za okvire, otvorene vanjske povr\u0161ine, odvode, krovne prozore, crijeva, prodore kabela, prozore, vrata i [&hellip;]","og_url":"https:\/\/www.petroni.hr\/en\/proizvod\/brtvilo-dekaseal-8936-310ml-sivo\/","og_site_name":"Petroni - rent | sale | service | conversions","article_publisher":"https:\/\/www.facebook.com\/Kamperi.Petroni.Sesvete\/?locale=hr_HR","article_modified_time":"2026-03-25T05:55:58+00:00","og_image":[{"width":338,"height":600,"url":"https:\/\/www.petroni.hr\/wp-content\/uploads\/2026\/03\/Brtvilo-Dekaseal-8936.jpg","type":"image\/jpeg"}],"twitter_card":"summary_large_image","twitter_misc":{"Est. reading time":"1 minute"},"schema":{"@context":"https:\/\/schema.org","@graph":[{"@type":"WebPage","@id":"https:\/\/www.petroni.hr\/en\/proizvod\/brtvilo-dekaseal-8936-310ml-sivo\/","url":"https:\/\/www.petroni.hr\/en\/proizvod\/brtvilo-dekaseal-8936-310ml-sivo\/","name":"Brtvilo DEKASEAL 8936 310ml - sivo | Petroni - rent | sale | service | conversions","isPartOf":{"@id":"https:\/\/www.petroni.hr\/en\/#website"},"primaryImageOfPage":{"@id":"https:\/\/www.petroni.hr\/en\/proizvod\/brtvilo-dekaseal-8936-310ml-sivo\/#primaryimage"},"image":{"@id":"https:\/\/www.petroni.hr\/en\/proizvod\/brtvilo-dekaseal-8936-310ml-sivo\/#primaryimage"},"thumbnailUrl":"https:\/\/www.petroni.hr\/wp-content\/uploads\/2026\/03\/Brtvilo-Dekaseal-8936.jpg","datePublished":"2026-03-20T05:37:29+00:00","dateModified":"2026-03-25T05:55:58+00:00","breadcrumb":{"@id":"https:\/\/www.petroni.hr\/en\/proizvod\/brtvilo-dekaseal-8936-310ml-sivo\/#breadcrumb"},"inLanguage":"en-US","potentialAction":[{"@type":"ReadAction","target":["https:\/\/www.petroni.hr\/en\/proizvod\/brtvilo-dekaseal-8936-310ml-sivo\/"]}]},{"@type":"ImageObject","inLanguage":"en-US","@id":"https:\/\/www.petroni.hr\/en\/proizvod\/brtvilo-dekaseal-8936-310ml-sivo\/#primaryimage","url":"https:\/\/www.petroni.hr\/wp-content\/uploads\/2026\/03\/Brtvilo-Dekaseal-8936.jpg","contentUrl":"https:\/\/www.petroni.hr\/wp-content\/uploads\/2026\/03\/Brtvilo-Dekaseal-8936.jpg","width":338,"height":600},{"@type":"BreadcrumbList","@id":"https:\/\/www.petroni.hr\/en\/proizvod\/brtvilo-dekaseal-8936-310ml-sivo\/#breadcrumb","itemListElement":[{"@type":"ListItem","position":1,"name":"Po\u010detna stranica","item":"https:\/\/www.petroni.hr\/en\/"},{"@type":"ListItem","position":2,"name":"Shop","item":"https:\/\/www.petroni.hr\/en\/shop\/"},{"@type":"ListItem","position":3,"name":"Brtvilo DEKASEAL 8936 310ml &#8211; sivo"}]},{"@type":"WebSite","@id":"https:\/\/www.petroni.hr\/en\/#website","url":"https:\/\/www.petroni.hr\/en\/","name":"Petroni.hr","description":"Experience the unprecedented freedom of travel","publisher":{"@id":"https:\/\/www.petroni.hr\/en\/#organization"},"alternateName":"Petroni","potentialAction":[{"@type":"SearchAction","target":{"@type":"EntryPoint","urlTemplate":"https:\/\/www.petroni.hr\/en\/?s={search_term_string}"},"query-input":{"@type":"PropertyValueSpecification","valueRequired":true,"valueName":"search_term_string"}}],"inLanguage":"en-US"},{"@type":"Organization","@id":"https:\/\/www.petroni.hr\/en\/#organization","name":"Petroni d.o.o.","alternateName":"Petroni","url":"https:\/\/www.petroni.hr\/en\/","logo":{"@type":"ImageObject","inLanguage":"en-US","@id":"https:\/\/www.petroni.hr\/en\/#\/schema\/logo\/image\/","url":"https:\/\/www.petroni.hr\/wp-content\/uploads\/2024\/03\/cropped-Group-3.jpg","contentUrl":"https:\/\/www.petroni.hr\/wp-content\/uploads\/2024\/03\/cropped-Group-3.jpg","width":512,"height":512,"caption":"Petroni d.o.o."},"image":{"@id":"https:\/\/www.petroni.hr\/en\/#\/schema\/logo\/image\/"},"sameAs":["https:\/\/www.facebook.com\/Kamperi.Petroni.Sesvete\/?locale=hr_HR"]}]}},"_links":{"self":[{"href":"https:\/\/www.petroni.hr\/en\/wp-json\/wp\/v2\/product\/25994","targetHints":{"allow":["GET"]}}],"collection":[{"href":"https:\/\/www.petroni.hr\/en\/wp-json\/wp\/v2\/product"}],"about":[{"href":"https:\/\/www.petroni.hr\/en\/wp-json\/wp\/v2\/types\/product"}],"replies":[{"embeddable":true,"href":"https:\/\/www.petroni.hr\/en\/wp-json\/wp\/v2\/comments?post=25994"}],"wp:featuredmedia":[{"embeddable":true,"href":"https:\/\/www.petroni.hr\/en\/wp-json\/wp\/v2\/media\/25995"}],"wp:attachment":[{"href":"https:\/\/www.petroni.hr\/en\/wp-json\/wp\/v2\/media?parent=25994"}],"wp:term":[{"taxonomy":"product_brand","embeddable":true,"href":"https:\/\/www.petroni.hr\/en\/wp-json\/wp\/v2\/product_brand?post=25994"},{"taxonomy":"product_cat","embeddable":true,"href":"https:\/\/www.petroni.hr\/en\/wp-json\/wp\/v2\/product_cat?post=25994"},{"taxonomy":"product_tag","embeddable":true,"href":"https:\/\/www.petroni.hr\/en\/wp-json\/wp\/v2\/product_tag?post=25994"}],"curies":[{"name":"wp","href":"https:\/\/api.w.org\/{rel}","templated":true}]}}