{"id":25939,"date":"2026-03-11T08:36:32","date_gmt":"2026-03-11T07:36:32","guid":{"rendered":"https:\/\/www.petroni.hr\/?post_type=product&#038;p=25939"},"modified":"2026-03-11T08:36:34","modified_gmt":"2026-03-11T07:36:34","slug":"spojler-za-solare-i-krovne-prozore-fiamma-28-110cm","status":"publish","type":"product","link":"https:\/\/www.petroni.hr\/en\/proizvod\/spojler-za-solare-i-krovne-prozore-fiamma-28-110cm\/","title":{"rendered":"Spojler za solare i krovne prozore Fiamma 28-110cm"},"content":{"rendered":"<p>Fiamma Universal Spoiler je novi aerodinami\u010dni deflektor vjetra idealan za smanjenje vibracija i buke krovnog prozora tijekom vo\u017enje va\u0161eg kampera. Izra\u0111en od UV otpornog, izdr\u017eljivog PVC materijala, mo\u017ee se rezati kako bi odgovarao raznim krovnim prozorima promjera od 110 cm do 28 cm. Jednostavna ugradnja bez alata i bu\u0161enja pomo\u0107u odgovaraju\u0107eg ljepila. Kompletan s pametnim aerodinami\u010dnim zavr\u0161nim kapicama.<\/p>\n<p>Dodatne specifikacije:<\/p>\n<p>Maksimalna brzina: 130 km\/h<br \/>\nMo\u017ee se rezati<br \/>\nUklju\u010duje: 1 prednji spojler<br \/>\nDuljina: 1,2 m<br \/>\n\u0160irina: 200 mm<br \/>\nVisina: 120 mm<br \/>\nMaterijal: PVC<br \/>\nBoja: Polarno bijela<\/p>\n","protected":false},"excerpt":{"rendered":"<p>Fiamma Universal Spoiler je novi aerodinami\u010dni deflektor vjetra idealan za smanjenje vibracija i buke krovnog prozora tijekom vo\u017enje va\u0161eg kampera. Izra\u0111en od UV otpornog, izdr\u017eljivog PVC materijala, mo\u017ee se rezati kako bi odgovarao raznim krovnim prozorima promjera od 110 cm do 28 cm. Jednostavna ugradnja bez alata i bu\u0161enja pomo\u0107u odgovaraju\u0107eg ljepila. Kompletan s pametnim [&hellip;]<\/p>\n","protected":false},"featured_media":25942,"comment_status":"open","ping_status":"closed","template":"","meta":{"_acf_changed":false,"_themeisle_gutenberg_block_has_review":false},"product_brand":[],"product_cat":[230,15,237],"product_tag":[],"class_list":{"0":"post-25939","1":"product","2":"type-product","3":"status-publish","4":"has-post-thumbnail","6":"product_cat-roof-window","7":"product_cat-uncategorized","8":"product_cat-solarni-sustavi-2","10":"first","11":"instock","12":"shipping-taxable","13":"purchasable","14":"product-type-simple"},"acf":[],"yoast_head":"<!-- This site is optimized with the Yoast SEO plugin v27.4 - https:\/\/yoast.com\/product\/yoast-seo-wordpress\/ -->\n<title>Spojler za solare i krovne prozore Fiamma 28-110cm | Petroni - rent | sale | service | conversions<\/title>\n<meta name=\"robots\" content=\"index, follow, max-snippet:-1, max-image-preview:large, max-video-preview:-1\" \/>\n<link rel=\"canonical\" href=\"https:\/\/www.petroni.hr\/en\/proizvod\/spojler-za-solare-i-krovne-prozore-fiamma-28-110cm\/\" \/>\n<meta property=\"og:locale\" content=\"en_US\" \/>\n<meta property=\"og:type\" content=\"article\" \/>\n<meta property=\"og:title\" content=\"Spojler za solare i krovne prozore Fiamma 28-110cm | Petroni - rent | sale | service | conversions\" \/>\n<meta property=\"og:description\" content=\"Fiamma Universal Spoiler je novi aerodinami\u010dni deflektor vjetra idealan za smanjenje vibracija i buke krovnog prozora tijekom vo\u017enje va\u0161eg kampera. Izra\u0111en od UV otpornog, izdr\u017eljivog PVC materijala, mo\u017ee se rezati kako bi odgovarao raznim krovnim prozorima promjera od 110 cm do 28 cm. Jednostavna ugradnja bez alata i bu\u0161enja pomo\u0107u odgovaraju\u0107eg ljepila. Kompletan s pametnim [&hellip;]\" \/>\n<meta property=\"og:url\" content=\"https:\/\/www.petroni.hr\/en\/proizvod\/spojler-za-solare-i-krovne-prozore-fiamma-28-110cm\/\" \/>\n<meta property=\"og:site_name\" content=\"Petroni - rent | sale | service | conversions\" \/>\n<meta property=\"article:publisher\" content=\"https:\/\/www.facebook.com\/Kamperi.Petroni.Sesvete\/?locale=hr_HR\" \/>\n<meta property=\"article:modified_time\" content=\"2026-03-11T07:36:34+00:00\" \/>\n<meta property=\"og:image\" content=\"https:\/\/www.petroni.hr\/wp-content\/uploads\/2026\/03\/spojler-za-solare-2.jpg\" \/>\n\t<meta property=\"og:image:width\" content=\"800\" \/>\n\t<meta property=\"og:image:height\" content=\"450\" \/>\n\t<meta property=\"og:image:type\" content=\"image\/jpeg\" \/>\n<meta name=\"twitter:card\" content=\"summary_large_image\" \/>\n<script type=\"application\/ld+json\" class=\"yoast-schema-graph\">{\"@context\":\"https:\\\/\\\/schema.org\",\"@graph\":[{\"@type\":\"WebPage\",\"@id\":\"https:\\\/\\\/www.petroni.hr\\\/en\\\/proizvod\\\/spojler-za-solare-i-krovne-prozore-fiamma-28-110cm\\\/\",\"url\":\"https:\\\/\\\/www.petroni.hr\\\/en\\\/proizvod\\\/spojler-za-solare-i-krovne-prozore-fiamma-28-110cm\\\/\",\"name\":\"Spojler za solare i krovne prozore Fiamma 28-110cm | Petroni - rent | sale | service | conversions\",\"isPartOf\":{\"@id\":\"https:\\\/\\\/www.petroni.hr\\\/en\\\/#website\"},\"primaryImageOfPage\":{\"@id\":\"https:\\\/\\\/www.petroni.hr\\\/en\\\/proizvod\\\/spojler-za-solare-i-krovne-prozore-fiamma-28-110cm\\\/#primaryimage\"},\"image\":{\"@id\":\"https:\\\/\\\/www.petroni.hr\\\/en\\\/proizvod\\\/spojler-za-solare-i-krovne-prozore-fiamma-28-110cm\\\/#primaryimage\"},\"thumbnailUrl\":\"https:\\\/\\\/www.petroni.hr\\\/wp-content\\\/uploads\\\/2026\\\/03\\\/spojler-za-solare-2.jpg\",\"datePublished\":\"2026-03-11T07:36:32+00:00\",\"dateModified\":\"2026-03-11T07:36:34+00:00\",\"breadcrumb\":{\"@id\":\"https:\\\/\\\/www.petroni.hr\\\/en\\\/proizvod\\\/spojler-za-solare-i-krovne-prozore-fiamma-28-110cm\\\/#breadcrumb\"},\"inLanguage\":\"en-US\",\"potentialAction\":[{\"@type\":\"ReadAction\",\"target\":[\"https:\\\/\\\/www.petroni.hr\\\/en\\\/proizvod\\\/spojler-za-solare-i-krovne-prozore-fiamma-28-110cm\\\/\"]}]},{\"@type\":\"ImageObject\",\"inLanguage\":\"en-US\",\"@id\":\"https:\\\/\\\/www.petroni.hr\\\/en\\\/proizvod\\\/spojler-za-solare-i-krovne-prozore-fiamma-28-110cm\\\/#primaryimage\",\"url\":\"https:\\\/\\\/www.petroni.hr\\\/wp-content\\\/uploads\\\/2026\\\/03\\\/spojler-za-solare-2.jpg\",\"contentUrl\":\"https:\\\/\\\/www.petroni.hr\\\/wp-content\\\/uploads\\\/2026\\\/03\\\/spojler-za-solare-2.jpg\",\"width\":800,\"height\":450},{\"@type\":\"BreadcrumbList\",\"@id\":\"https:\\\/\\\/www.petroni.hr\\\/en\\\/proizvod\\\/spojler-za-solare-i-krovne-prozore-fiamma-28-110cm\\\/#breadcrumb\",\"itemListElement\":[{\"@type\":\"ListItem\",\"position\":1,\"name\":\"Po\u010detna stranica\",\"item\":\"https:\\\/\\\/www.petroni.hr\\\/en\\\/\"},{\"@type\":\"ListItem\",\"position\":2,\"name\":\"Shop\",\"item\":\"https:\\\/\\\/www.petroni.hr\\\/en\\\/shop\\\/\"},{\"@type\":\"ListItem\",\"position\":3,\"name\":\"Spojler za solare i krovne prozore Fiamma 28-110cm\"}]},{\"@type\":\"WebSite\",\"@id\":\"https:\\\/\\\/www.petroni.hr\\\/en\\\/#website\",\"url\":\"https:\\\/\\\/www.petroni.hr\\\/en\\\/\",\"name\":\"Petroni.hr\",\"description\":\"Experience the unprecedented freedom of travel\",\"publisher\":{\"@id\":\"https:\\\/\\\/www.petroni.hr\\\/en\\\/#organization\"},\"alternateName\":\"Petroni\",\"potentialAction\":[{\"@type\":\"SearchAction\",\"target\":{\"@type\":\"EntryPoint\",\"urlTemplate\":\"https:\\\/\\\/www.petroni.hr\\\/en\\\/?s={search_term_string}\"},\"query-input\":{\"@type\":\"PropertyValueSpecification\",\"valueRequired\":true,\"valueName\":\"search_term_string\"}}],\"inLanguage\":\"en-US\"},{\"@type\":\"Organization\",\"@id\":\"https:\\\/\\\/www.petroni.hr\\\/en\\\/#organization\",\"name\":\"Petroni d.o.o.\",\"alternateName\":\"Petroni\",\"url\":\"https:\\\/\\\/www.petroni.hr\\\/en\\\/\",\"logo\":{\"@type\":\"ImageObject\",\"inLanguage\":\"en-US\",\"@id\":\"https:\\\/\\\/www.petroni.hr\\\/en\\\/#\\\/schema\\\/logo\\\/image\\\/\",\"url\":\"https:\\\/\\\/www.petroni.hr\\\/wp-content\\\/uploads\\\/2024\\\/03\\\/cropped-Group-3.jpg\",\"contentUrl\":\"https:\\\/\\\/www.petroni.hr\\\/wp-content\\\/uploads\\\/2024\\\/03\\\/cropped-Group-3.jpg\",\"width\":512,\"height\":512,\"caption\":\"Petroni d.o.o.\"},\"image\":{\"@id\":\"https:\\\/\\\/www.petroni.hr\\\/en\\\/#\\\/schema\\\/logo\\\/image\\\/\"},\"sameAs\":[\"https:\\\/\\\/www.facebook.com\\\/Kamperi.Petroni.Sesvete\\\/?locale=hr_HR\"]}]}<\/script>\n<!-- \/ Yoast SEO plugin. -->","yoast_head_json":{"title":"Spojler za solare i krovne prozore Fiamma 28-110cm | Petroni - rent | sale | service | conversions","robots":{"index":"index","follow":"follow","max-snippet":"max-snippet:-1","max-image-preview":"max-image-preview:large","max-video-preview":"max-video-preview:-1"},"canonical":"https:\/\/www.petroni.hr\/en\/proizvod\/spojler-za-solare-i-krovne-prozore-fiamma-28-110cm\/","og_locale":"en_US","og_type":"article","og_title":"Spojler za solare i krovne prozore Fiamma 28-110cm | Petroni - rent | sale | service | conversions","og_description":"Fiamma Universal Spoiler je novi aerodinami\u010dni deflektor vjetra idealan za smanjenje vibracija i buke krovnog prozora tijekom vo\u017enje va\u0161eg kampera. Izra\u0111en od UV otpornog, izdr\u017eljivog PVC materijala, mo\u017ee se rezati kako bi odgovarao raznim krovnim prozorima promjera od 110 cm do 28 cm. Jednostavna ugradnja bez alata i bu\u0161enja pomo\u0107u odgovaraju\u0107eg ljepila. Kompletan s pametnim [&hellip;]","og_url":"https:\/\/www.petroni.hr\/en\/proizvod\/spojler-za-solare-i-krovne-prozore-fiamma-28-110cm\/","og_site_name":"Petroni - rent | sale | service | conversions","article_publisher":"https:\/\/www.facebook.com\/Kamperi.Petroni.Sesvete\/?locale=hr_HR","article_modified_time":"2026-03-11T07:36:34+00:00","og_image":[{"width":800,"height":450,"url":"https:\/\/www.petroni.hr\/wp-content\/uploads\/2026\/03\/spojler-za-solare-2.jpg","type":"image\/jpeg"}],"twitter_card":"summary_large_image","schema":{"@context":"https:\/\/schema.org","@graph":[{"@type":"WebPage","@id":"https:\/\/www.petroni.hr\/en\/proizvod\/spojler-za-solare-i-krovne-prozore-fiamma-28-110cm\/","url":"https:\/\/www.petroni.hr\/en\/proizvod\/spojler-za-solare-i-krovne-prozore-fiamma-28-110cm\/","name":"Spojler za solare i krovne prozore Fiamma 28-110cm | Petroni - rent | sale | service | conversions","isPartOf":{"@id":"https:\/\/www.petroni.hr\/en\/#website"},"primaryImageOfPage":{"@id":"https:\/\/www.petroni.hr\/en\/proizvod\/spojler-za-solare-i-krovne-prozore-fiamma-28-110cm\/#primaryimage"},"image":{"@id":"https:\/\/www.petroni.hr\/en\/proizvod\/spojler-za-solare-i-krovne-prozore-fiamma-28-110cm\/#primaryimage"},"thumbnailUrl":"https:\/\/www.petroni.hr\/wp-content\/uploads\/2026\/03\/spojler-za-solare-2.jpg","datePublished":"2026-03-11T07:36:32+00:00","dateModified":"2026-03-11T07:36:34+00:00","breadcrumb":{"@id":"https:\/\/www.petroni.hr\/en\/proizvod\/spojler-za-solare-i-krovne-prozore-fiamma-28-110cm\/#breadcrumb"},"inLanguage":"en-US","potentialAction":[{"@type":"ReadAction","target":["https:\/\/www.petroni.hr\/en\/proizvod\/spojler-za-solare-i-krovne-prozore-fiamma-28-110cm\/"]}]},{"@type":"ImageObject","inLanguage":"en-US","@id":"https:\/\/www.petroni.hr\/en\/proizvod\/spojler-za-solare-i-krovne-prozore-fiamma-28-110cm\/#primaryimage","url":"https:\/\/www.petroni.hr\/wp-content\/uploads\/2026\/03\/spojler-za-solare-2.jpg","contentUrl":"https:\/\/www.petroni.hr\/wp-content\/uploads\/2026\/03\/spojler-za-solare-2.jpg","width":800,"height":450},{"@type":"BreadcrumbList","@id":"https:\/\/www.petroni.hr\/en\/proizvod\/spojler-za-solare-i-krovne-prozore-fiamma-28-110cm\/#breadcrumb","itemListElement":[{"@type":"ListItem","position":1,"name":"Po\u010detna stranica","item":"https:\/\/www.petroni.hr\/en\/"},{"@type":"ListItem","position":2,"name":"Shop","item":"https:\/\/www.petroni.hr\/en\/shop\/"},{"@type":"ListItem","position":3,"name":"Spojler za solare i krovne prozore Fiamma 28-110cm"}]},{"@type":"WebSite","@id":"https:\/\/www.petroni.hr\/en\/#website","url":"https:\/\/www.petroni.hr\/en\/","name":"Petroni.hr","description":"Experience the unprecedented freedom of travel","publisher":{"@id":"https:\/\/www.petroni.hr\/en\/#organization"},"alternateName":"Petroni","potentialAction":[{"@type":"SearchAction","target":{"@type":"EntryPoint","urlTemplate":"https:\/\/www.petroni.hr\/en\/?s={search_term_string}"},"query-input":{"@type":"PropertyValueSpecification","valueRequired":true,"valueName":"search_term_string"}}],"inLanguage":"en-US"},{"@type":"Organization","@id":"https:\/\/www.petroni.hr\/en\/#organization","name":"Petroni d.o.o.","alternateName":"Petroni","url":"https:\/\/www.petroni.hr\/en\/","logo":{"@type":"ImageObject","inLanguage":"en-US","@id":"https:\/\/www.petroni.hr\/en\/#\/schema\/logo\/image\/","url":"https:\/\/www.petroni.hr\/wp-content\/uploads\/2024\/03\/cropped-Group-3.jpg","contentUrl":"https:\/\/www.petroni.hr\/wp-content\/uploads\/2024\/03\/cropped-Group-3.jpg","width":512,"height":512,"caption":"Petroni d.o.o."},"image":{"@id":"https:\/\/www.petroni.hr\/en\/#\/schema\/logo\/image\/"},"sameAs":["https:\/\/www.facebook.com\/Kamperi.Petroni.Sesvete\/?locale=hr_HR"]}]}},"_links":{"self":[{"href":"https:\/\/www.petroni.hr\/en\/wp-json\/wp\/v2\/product\/25939","targetHints":{"allow":["GET"]}}],"collection":[{"href":"https:\/\/www.petroni.hr\/en\/wp-json\/wp\/v2\/product"}],"about":[{"href":"https:\/\/www.petroni.hr\/en\/wp-json\/wp\/v2\/types\/product"}],"replies":[{"embeddable":true,"href":"https:\/\/www.petroni.hr\/en\/wp-json\/wp\/v2\/comments?post=25939"}],"wp:featuredmedia":[{"embeddable":true,"href":"https:\/\/www.petroni.hr\/en\/wp-json\/wp\/v2\/media\/25942"}],"wp:attachment":[{"href":"https:\/\/www.petroni.hr\/en\/wp-json\/wp\/v2\/media?parent=25939"}],"wp:term":[{"taxonomy":"product_brand","embeddable":true,"href":"https:\/\/www.petroni.hr\/en\/wp-json\/wp\/v2\/product_brand?post=25939"},{"taxonomy":"product_cat","embeddable":true,"href":"https:\/\/www.petroni.hr\/en\/wp-json\/wp\/v2\/product_cat?post=25939"},{"taxonomy":"product_tag","embeddable":true,"href":"https:\/\/www.petroni.hr\/en\/wp-json\/wp\/v2\/product_tag?post=25939"}],"curies":[{"name":"wp","href":"https:\/\/api.w.org\/{rel}","templated":true}]}}