{"id":25801,"date":"2026-02-20T14:15:06","date_gmt":"2026-02-20T13:15:06","guid":{"rendered":"https:\/\/www.petroni.hr\/?post_type=product&#038;p=25801"},"modified":"2026-04-05T05:23:08","modified_gmt":"2026-04-05T04:23:08","slug":"vaga-za-plinske-boce","status":"publish","type":"product","link":"https:\/\/www.petroni.hr\/en\/proizvod\/vaga-za-plinske-boce\/","title":{"rendered":"Vaga za plinske boce"},"content":{"rendered":"<p>iGasView je vaga koja \u0107e vam pomo\u0107i da u svakom trenutku pratite razinu plina u boci i izbjegnete rizik od iznenadnog ostajanja bez plina.<br \/>\nRadi sa svim \u010deli\u010dnim, aluminijskim ili stakloplasti\u010dnim bocama maksimalnog promjera od \u00d8 30 cm.<br \/>\nPrakti\u010dni LCD omogu\u0107uje trenutno o\u010ditavanje sadr\u017eaja plina. Zahvaljuju\u0107i Bluetooth tehnologiji, mogu\u0107e je prona\u0107i razinu plina izravno s va\u0161eg pametnog telefona preuzimanjem besplatne aplikacije gas okay za iOS ili Android.<\/p>\n<p>Aplikacija vam omogu\u0107uje kombiniranje vi\u0161e od jedne iGasView vage za pra\u0107enje razine svih boca instaliranih na vozilu, \u010dak i onih na ro\u0161tilju ili bilo kojoj boci na verandi; s glavnog zaslona mo\u017eete odabrati bocu za koju \u017eelite o\u010ditati.<br \/>\nPutem aplikacije mo\u017eete pa\u017eljivo postaviti vagu, postaviti vrstu boce i regulatora te te\u017einu tare, \u010dime se dobiva to\u010dno o\u010ditanje preostale te\u017eine plina i procijenjeni postotak preostalog plina.<\/p>\n<p>Radi s tri AA baterije koje nisu uklju\u010dene u pakiranje.<br \/>\nPogodna je za boce maksimalnog promjera od \u00d8 30 cm.<\/p>\n<p>Nova verzija sljede\u0107e serije imat \u0107e i Wi-Fi vezu. To zna\u010di da \u0107e krajnji korisnik mo\u0107i pristupiti aplikaciji s bilo kojeg mjesta gdje je dostupna internetska veza i mo\u0107i \u0107e pratiti svoje podatke u stvarnom vremenu.<\/p>\n<p>Maksimalni promjer cilindra \u00d8 30 cm<br \/>\nDimenzije vage \u00d8 31 cm<br \/>\nDimenzije zaslona 8 x 8,5 x 2,8 cm<br \/>\nDuljina kabela 44 cm<br \/>\nTe\u017eina bez baterija 940 g<\/p>\n","protected":false},"excerpt":{"rendered":"<p>iGasView je vaga koja \u0107e vam pomo\u0107i da u svakom trenutku pratite razinu plina u boci i izbjegnete rizik od iznenadnog ostajanja bez plina. Radi sa svim \u010deli\u010dnim, aluminijskim ili stakloplasti\u010dnim bocama maksimalnog promjera od \u00d8 30 cm. Prakti\u010dni LCD omogu\u0107uje trenutno o\u010ditavanje sadr\u017eaja plina. Zahvaljuju\u0107i Bluetooth tehnologiji, mogu\u0107e je prona\u0107i razinu plina izravno s [&hellip;]<\/p>\n","protected":false},"featured_media":25802,"comment_status":"open","ping_status":"closed","template":"","meta":{"_acf_changed":false,"_themeisle_gutenberg_block_has_review":false},"product_brand":[],"product_cat":[228,211],"product_tag":[],"class_list":{"0":"post-25801","1":"product","2":"type-product","3":"status-publish","4":"has-post-thumbnail","6":"product_cat-plinske-boce","7":"product_cat-gas-tehnology","9":"first","10":"instock","11":"shipping-taxable","12":"purchasable","13":"product-type-simple"},"acf":[],"yoast_head":"<!-- This site is optimized with the Yoast SEO plugin v27.5 - https:\/\/yoast.com\/product\/yoast-seo-wordpress\/ -->\n<title>Vaga za plinske boce | Petroni - rent | sale | service | conversions<\/title>\n<meta name=\"robots\" content=\"index, follow, max-snippet:-1, max-image-preview:large, max-video-preview:-1\" \/>\n<link rel=\"canonical\" href=\"https:\/\/www.petroni.hr\/en\/proizvod\/vaga-za-plinske-boce\/\" \/>\n<meta property=\"og:locale\" content=\"en_US\" \/>\n<meta property=\"og:type\" content=\"article\" \/>\n<meta property=\"og:title\" content=\"Vaga za plinske boce | Petroni - rent | sale | service | conversions\" \/>\n<meta property=\"og:description\" content=\"iGasView je vaga koja \u0107e vam pomo\u0107i da u svakom trenutku pratite razinu plina u boci i izbjegnete rizik od iznenadnog ostajanja bez plina. Radi sa svim \u010deli\u010dnim, aluminijskim ili stakloplasti\u010dnim bocama maksimalnog promjera od \u00d8 30 cm. Prakti\u010dni LCD omogu\u0107uje trenutno o\u010ditavanje sadr\u017eaja plina. Zahvaljuju\u0107i Bluetooth tehnologiji, mogu\u0107e je prona\u0107i razinu plina izravno s [&hellip;]\" \/>\n<meta property=\"og:url\" content=\"https:\/\/www.petroni.hr\/en\/proizvod\/vaga-za-plinske-boce\/\" \/>\n<meta property=\"og:site_name\" content=\"Petroni - rent | sale | service | conversions\" \/>\n<meta property=\"article:publisher\" content=\"https:\/\/www.facebook.com\/Kamperi.Petroni.Sesvete\/?locale=hr_HR\" \/>\n<meta property=\"article:modified_time\" content=\"2026-04-05T04:23:08+00:00\" \/>\n<meta property=\"og:image\" content=\"https:\/\/www.petroni.hr\/wp-content\/uploads\/2026\/02\/vaga-za-plinske-boce-1.jpg\" \/>\n\t<meta property=\"og:image:width\" content=\"489\" \/>\n\t<meta property=\"og:image:height\" content=\"511\" \/>\n\t<meta property=\"og:image:type\" content=\"image\/jpeg\" \/>\n<meta name=\"twitter:card\" content=\"summary_large_image\" \/>\n<meta name=\"twitter:label1\" content=\"Est. reading time\" \/>\n\t<meta name=\"twitter:data1\" content=\"1 minute\" \/>\n<script type=\"application\/ld+json\" class=\"yoast-schema-graph\">{\"@context\":\"https:\\\/\\\/schema.org\",\"@graph\":[{\"@type\":\"WebPage\",\"@id\":\"https:\\\/\\\/www.petroni.hr\\\/en\\\/proizvod\\\/vaga-za-plinske-boce\\\/\",\"url\":\"https:\\\/\\\/www.petroni.hr\\\/en\\\/proizvod\\\/vaga-za-plinske-boce\\\/\",\"name\":\"Vaga za plinske boce | Petroni - rent | sale | service | conversions\",\"isPartOf\":{\"@id\":\"https:\\\/\\\/www.petroni.hr\\\/en\\\/#website\"},\"primaryImageOfPage\":{\"@id\":\"https:\\\/\\\/www.petroni.hr\\\/en\\\/proizvod\\\/vaga-za-plinske-boce\\\/#primaryimage\"},\"image\":{\"@id\":\"https:\\\/\\\/www.petroni.hr\\\/en\\\/proizvod\\\/vaga-za-plinske-boce\\\/#primaryimage\"},\"thumbnailUrl\":\"https:\\\/\\\/www.petroni.hr\\\/wp-content\\\/uploads\\\/2026\\\/02\\\/vaga-za-plinske-boce-1.jpg\",\"datePublished\":\"2026-02-20T13:15:06+00:00\",\"dateModified\":\"2026-04-05T04:23:08+00:00\",\"breadcrumb\":{\"@id\":\"https:\\\/\\\/www.petroni.hr\\\/en\\\/proizvod\\\/vaga-za-plinske-boce\\\/#breadcrumb\"},\"inLanguage\":\"en-US\",\"potentialAction\":[{\"@type\":\"ReadAction\",\"target\":[\"https:\\\/\\\/www.petroni.hr\\\/en\\\/proizvod\\\/vaga-za-plinske-boce\\\/\"]}]},{\"@type\":\"ImageObject\",\"inLanguage\":\"en-US\",\"@id\":\"https:\\\/\\\/www.petroni.hr\\\/en\\\/proizvod\\\/vaga-za-plinske-boce\\\/#primaryimage\",\"url\":\"https:\\\/\\\/www.petroni.hr\\\/wp-content\\\/uploads\\\/2026\\\/02\\\/vaga-za-plinske-boce-1.jpg\",\"contentUrl\":\"https:\\\/\\\/www.petroni.hr\\\/wp-content\\\/uploads\\\/2026\\\/02\\\/vaga-za-plinske-boce-1.jpg\",\"width\":489,\"height\":511},{\"@type\":\"BreadcrumbList\",\"@id\":\"https:\\\/\\\/www.petroni.hr\\\/en\\\/proizvod\\\/vaga-za-plinske-boce\\\/#breadcrumb\",\"itemListElement\":[{\"@type\":\"ListItem\",\"position\":1,\"name\":\"Po\u010detna stranica\",\"item\":\"https:\\\/\\\/www.petroni.hr\\\/en\\\/\"},{\"@type\":\"ListItem\",\"position\":2,\"name\":\"Shop\",\"item\":\"https:\\\/\\\/www.petroni.hr\\\/en\\\/shop\\\/\"},{\"@type\":\"ListItem\",\"position\":3,\"name\":\"Vaga za plinske boce\"}]},{\"@type\":\"WebSite\",\"@id\":\"https:\\\/\\\/www.petroni.hr\\\/en\\\/#website\",\"url\":\"https:\\\/\\\/www.petroni.hr\\\/en\\\/\",\"name\":\"Petroni.hr\",\"description\":\"Experience the unprecedented freedom of travel\",\"publisher\":{\"@id\":\"https:\\\/\\\/www.petroni.hr\\\/en\\\/#organization\"},\"alternateName\":\"Petroni\",\"potentialAction\":[{\"@type\":\"SearchAction\",\"target\":{\"@type\":\"EntryPoint\",\"urlTemplate\":\"https:\\\/\\\/www.petroni.hr\\\/en\\\/?s={search_term_string}\"},\"query-input\":{\"@type\":\"PropertyValueSpecification\",\"valueRequired\":true,\"valueName\":\"search_term_string\"}}],\"inLanguage\":\"en-US\"},{\"@type\":\"Organization\",\"@id\":\"https:\\\/\\\/www.petroni.hr\\\/en\\\/#organization\",\"name\":\"Petroni d.o.o.\",\"alternateName\":\"Petroni\",\"url\":\"https:\\\/\\\/www.petroni.hr\\\/en\\\/\",\"logo\":{\"@type\":\"ImageObject\",\"inLanguage\":\"en-US\",\"@id\":\"https:\\\/\\\/www.petroni.hr\\\/en\\\/#\\\/schema\\\/logo\\\/image\\\/\",\"url\":\"https:\\\/\\\/www.petroni.hr\\\/wp-content\\\/uploads\\\/2024\\\/03\\\/cropped-Group-3.jpg\",\"contentUrl\":\"https:\\\/\\\/www.petroni.hr\\\/wp-content\\\/uploads\\\/2024\\\/03\\\/cropped-Group-3.jpg\",\"width\":512,\"height\":512,\"caption\":\"Petroni d.o.o.\"},\"image\":{\"@id\":\"https:\\\/\\\/www.petroni.hr\\\/en\\\/#\\\/schema\\\/logo\\\/image\\\/\"},\"sameAs\":[\"https:\\\/\\\/www.facebook.com\\\/Kamperi.Petroni.Sesvete\\\/?locale=hr_HR\"]}]}<\/script>\n<!-- \/ Yoast SEO plugin. -->","yoast_head_json":{"title":"Vaga za plinske boce | Petroni - rent | sale | service | conversions","robots":{"index":"index","follow":"follow","max-snippet":"max-snippet:-1","max-image-preview":"max-image-preview:large","max-video-preview":"max-video-preview:-1"},"canonical":"https:\/\/www.petroni.hr\/en\/proizvod\/vaga-za-plinske-boce\/","og_locale":"en_US","og_type":"article","og_title":"Vaga za plinske boce | Petroni - rent | sale | service | conversions","og_description":"iGasView je vaga koja \u0107e vam pomo\u0107i da u svakom trenutku pratite razinu plina u boci i izbjegnete rizik od iznenadnog ostajanja bez plina. Radi sa svim \u010deli\u010dnim, aluminijskim ili stakloplasti\u010dnim bocama maksimalnog promjera od \u00d8 30 cm. Prakti\u010dni LCD omogu\u0107uje trenutno o\u010ditavanje sadr\u017eaja plina. Zahvaljuju\u0107i Bluetooth tehnologiji, mogu\u0107e je prona\u0107i razinu plina izravno s [&hellip;]","og_url":"https:\/\/www.petroni.hr\/en\/proizvod\/vaga-za-plinske-boce\/","og_site_name":"Petroni - rent | sale | service | conversions","article_publisher":"https:\/\/www.facebook.com\/Kamperi.Petroni.Sesvete\/?locale=hr_HR","article_modified_time":"2026-04-05T04:23:08+00:00","og_image":[{"width":489,"height":511,"url":"https:\/\/www.petroni.hr\/wp-content\/uploads\/2026\/02\/vaga-za-plinske-boce-1.jpg","type":"image\/jpeg"}],"twitter_card":"summary_large_image","twitter_misc":{"Est. reading time":"1 minute"},"schema":{"@context":"https:\/\/schema.org","@graph":[{"@type":"WebPage","@id":"https:\/\/www.petroni.hr\/en\/proizvod\/vaga-za-plinske-boce\/","url":"https:\/\/www.petroni.hr\/en\/proizvod\/vaga-za-plinske-boce\/","name":"Vaga za plinske boce | Petroni - rent | sale | service | conversions","isPartOf":{"@id":"https:\/\/www.petroni.hr\/en\/#website"},"primaryImageOfPage":{"@id":"https:\/\/www.petroni.hr\/en\/proizvod\/vaga-za-plinske-boce\/#primaryimage"},"image":{"@id":"https:\/\/www.petroni.hr\/en\/proizvod\/vaga-za-plinske-boce\/#primaryimage"},"thumbnailUrl":"https:\/\/www.petroni.hr\/wp-content\/uploads\/2026\/02\/vaga-za-plinske-boce-1.jpg","datePublished":"2026-02-20T13:15:06+00:00","dateModified":"2026-04-05T04:23:08+00:00","breadcrumb":{"@id":"https:\/\/www.petroni.hr\/en\/proizvod\/vaga-za-plinske-boce\/#breadcrumb"},"inLanguage":"en-US","potentialAction":[{"@type":"ReadAction","target":["https:\/\/www.petroni.hr\/en\/proizvod\/vaga-za-plinske-boce\/"]}]},{"@type":"ImageObject","inLanguage":"en-US","@id":"https:\/\/www.petroni.hr\/en\/proizvod\/vaga-za-plinske-boce\/#primaryimage","url":"https:\/\/www.petroni.hr\/wp-content\/uploads\/2026\/02\/vaga-za-plinske-boce-1.jpg","contentUrl":"https:\/\/www.petroni.hr\/wp-content\/uploads\/2026\/02\/vaga-za-plinske-boce-1.jpg","width":489,"height":511},{"@type":"BreadcrumbList","@id":"https:\/\/www.petroni.hr\/en\/proizvod\/vaga-za-plinske-boce\/#breadcrumb","itemListElement":[{"@type":"ListItem","position":1,"name":"Po\u010detna stranica","item":"https:\/\/www.petroni.hr\/en\/"},{"@type":"ListItem","position":2,"name":"Shop","item":"https:\/\/www.petroni.hr\/en\/shop\/"},{"@type":"ListItem","position":3,"name":"Vaga za plinske boce"}]},{"@type":"WebSite","@id":"https:\/\/www.petroni.hr\/en\/#website","url":"https:\/\/www.petroni.hr\/en\/","name":"Petroni.hr","description":"Experience the unprecedented freedom of travel","publisher":{"@id":"https:\/\/www.petroni.hr\/en\/#organization"},"alternateName":"Petroni","potentialAction":[{"@type":"SearchAction","target":{"@type":"EntryPoint","urlTemplate":"https:\/\/www.petroni.hr\/en\/?s={search_term_string}"},"query-input":{"@type":"PropertyValueSpecification","valueRequired":true,"valueName":"search_term_string"}}],"inLanguage":"en-US"},{"@type":"Organization","@id":"https:\/\/www.petroni.hr\/en\/#organization","name":"Petroni d.o.o.","alternateName":"Petroni","url":"https:\/\/www.petroni.hr\/en\/","logo":{"@type":"ImageObject","inLanguage":"en-US","@id":"https:\/\/www.petroni.hr\/en\/#\/schema\/logo\/image\/","url":"https:\/\/www.petroni.hr\/wp-content\/uploads\/2024\/03\/cropped-Group-3.jpg","contentUrl":"https:\/\/www.petroni.hr\/wp-content\/uploads\/2024\/03\/cropped-Group-3.jpg","width":512,"height":512,"caption":"Petroni d.o.o."},"image":{"@id":"https:\/\/www.petroni.hr\/en\/#\/schema\/logo\/image\/"},"sameAs":["https:\/\/www.facebook.com\/Kamperi.Petroni.Sesvete\/?locale=hr_HR"]}]}},"_links":{"self":[{"href":"https:\/\/www.petroni.hr\/en\/wp-json\/wp\/v2\/product\/25801","targetHints":{"allow":["GET"]}}],"collection":[{"href":"https:\/\/www.petroni.hr\/en\/wp-json\/wp\/v2\/product"}],"about":[{"href":"https:\/\/www.petroni.hr\/en\/wp-json\/wp\/v2\/types\/product"}],"replies":[{"embeddable":true,"href":"https:\/\/www.petroni.hr\/en\/wp-json\/wp\/v2\/comments?post=25801"}],"wp:featuredmedia":[{"embeddable":true,"href":"https:\/\/www.petroni.hr\/en\/wp-json\/wp\/v2\/media\/25802"}],"wp:attachment":[{"href":"https:\/\/www.petroni.hr\/en\/wp-json\/wp\/v2\/media?parent=25801"}],"wp:term":[{"taxonomy":"product_brand","embeddable":true,"href":"https:\/\/www.petroni.hr\/en\/wp-json\/wp\/v2\/product_brand?post=25801"},{"taxonomy":"product_cat","embeddable":true,"href":"https:\/\/www.petroni.hr\/en\/wp-json\/wp\/v2\/product_cat?post=25801"},{"taxonomy":"product_tag","embeddable":true,"href":"https:\/\/www.petroni.hr\/en\/wp-json\/wp\/v2\/product_tag?post=25801"}],"curies":[{"name":"wp","href":"https:\/\/api.w.org\/{rel}","templated":true}]}}