{"id":25748,"date":"2026-02-10T18:52:04","date_gmt":"2026-02-10T17:52:04","guid":{"rendered":"https:\/\/www.petroni.hr\/?post_type=product&#038;p=25748"},"modified":"2026-02-10T18:52:05","modified_gmt":"2026-02-10T17:52:05","slug":"nadmadrac-od-memorijske-gel-pjene","status":"publish","type":"product","link":"https:\/\/www.petroni.hr\/en\/proizvod\/nadmadrac-od-memorijske-gel-pjene\/","title":{"rendered":"Nadmadrac od memorijske GEL pjene"},"content":{"rendered":"<p>Nadmadrac od gel pjene &#8211; D195 x \u016080 x V4 cm<\/p>\n<p>Memorijska pjena s integriranim \u010desticama gela<br \/>\nVisoka udobnost spavanja za miran i opu\u0161taju\u0107i san<br \/>\nMekana memorijska pjena s integriranim \u010desticama gela za regulaciju temperature<br \/>\nMemorijska pjena se precizno prilago\u0111ava obliku tijela i vra\u0107a se u prvobitno stanje nakon pritiska<br \/>\nSavr\u0161eno za putovanja i ku\u0107nu upotrebu<br \/>\n\u0160titi madrac<br \/>\nCertificirano prema OEKO-TEX standardu 100<\/p>\n<p>Protuklizni u\u010dinak i elasti\u010dne trake na donjoj strani pri\u010dvr\u0161\u0107uju nadmadrac na madrac za sigurno prianjanje. Lako se namotava s 2 elasti\u010dne trake.<\/p>\n<p>Daljnje specifikacije:<\/p>\n<p>Materijal: Vanjska navlaka 100% \u017eakard tkanina (uklonjiva i periva do 40\u00b0C)<br \/>\nPunjenje: 45D memorijska pjena s integriranim plavim \u010desticama gela<\/p>\n<p>Napomena: Nakon otvaranja i odmotavanja, ostavite da odstoji dok se potpuno ne pro\u0161iri.<\/p>\n<p>Paket uklju\u010duje: 1 nadmadrac s torbom za no\u0161enje<br \/>\nDuljina: 1950 mm<br \/>\n\u0160irina: 800 mm<br \/>\nVisina: 40 mm<br \/>\nTe\u017eina: 3,1 kg<br \/>\nBoja: Bijela<\/p>\n","protected":false},"excerpt":{"rendered":"<p>Nadmadrac od gel pjene &#8211; D195 x \u016080 x V4 cm Memorijska pjena s integriranim \u010desticama gela Visoka udobnost spavanja za miran i opu\u0161taju\u0107i san Mekana memorijska pjena s integriranim \u010desticama gela za regulaciju temperature Memorijska pjena se precizno prilago\u0111ava obliku tijela i vra\u0107a se u prvobitno stanje nakon pritiska Savr\u0161eno za putovanja i ku\u0107nu [&hellip;]<\/p>\n","protected":false},"featured_media":25749,"comment_status":"open","ping_status":"closed","template":"","meta":{"_acf_changed":false,"_themeisle_gutenberg_block_has_review":false},"product_brand":[],"product_cat":[207,372],"product_tag":[],"class_list":{"0":"post-25748","1":"product","2":"type-product","3":"status-publish","4":"has-post-thumbnail","6":"product_cat-camping-furniture","7":"product_cat-madraci-kreveti","9":"first","10":"instock","11":"shipping-taxable","12":"purchasable","13":"product-type-simple"},"acf":[],"yoast_head":"<!-- This site is optimized with the Yoast SEO plugin v27.4 - https:\/\/yoast.com\/product\/yoast-seo-wordpress\/ -->\n<title>Nadmadrac od memorijske GEL pjene | Petroni - rent | sale | service | conversions<\/title>\n<meta name=\"robots\" content=\"index, follow, max-snippet:-1, max-image-preview:large, max-video-preview:-1\" \/>\n<link rel=\"canonical\" href=\"https:\/\/www.petroni.hr\/en\/proizvod\/nadmadrac-od-memorijske-gel-pjene\/\" \/>\n<meta property=\"og:locale\" content=\"en_US\" \/>\n<meta property=\"og:type\" content=\"article\" \/>\n<meta property=\"og:title\" content=\"Nadmadrac od memorijske GEL pjene | Petroni - rent | sale | service | conversions\" \/>\n<meta property=\"og:description\" content=\"Nadmadrac od gel pjene &#8211; D195 x \u016080 x V4 cm Memorijska pjena s integriranim \u010desticama gela Visoka udobnost spavanja za miran i opu\u0161taju\u0107i san Mekana memorijska pjena s integriranim \u010desticama gela za regulaciju temperature Memorijska pjena se precizno prilago\u0111ava obliku tijela i vra\u0107a se u prvobitno stanje nakon pritiska Savr\u0161eno za putovanja i ku\u0107nu [&hellip;]\" \/>\n<meta property=\"og:url\" content=\"https:\/\/www.petroni.hr\/en\/proizvod\/nadmadrac-od-memorijske-gel-pjene\/\" \/>\n<meta property=\"og:site_name\" content=\"Petroni - rent | sale | service | conversions\" \/>\n<meta property=\"article:publisher\" content=\"https:\/\/www.facebook.com\/Kamperi.Petroni.Sesvete\/?locale=hr_HR\" \/>\n<meta property=\"article:modified_time\" content=\"2026-02-10T17:52:05+00:00\" \/>\n<meta property=\"og:image\" content=\"https:\/\/www.petroni.hr\/wp-content\/uploads\/2026\/02\/madrac-gel-1.jpg\" \/>\n\t<meta property=\"og:image:width\" content=\"800\" \/>\n\t<meta property=\"og:image:height\" content=\"352\" \/>\n\t<meta property=\"og:image:type\" content=\"image\/jpeg\" \/>\n<meta name=\"twitter:card\" content=\"summary_large_image\" \/>\n<meta name=\"twitter:label1\" content=\"Est. reading time\" \/>\n\t<meta name=\"twitter:data1\" content=\"1 minute\" \/>\n<script type=\"application\/ld+json\" class=\"yoast-schema-graph\">{\"@context\":\"https:\\\/\\\/schema.org\",\"@graph\":[{\"@type\":\"WebPage\",\"@id\":\"https:\\\/\\\/www.petroni.hr\\\/en\\\/proizvod\\\/nadmadrac-od-memorijske-gel-pjene\\\/\",\"url\":\"https:\\\/\\\/www.petroni.hr\\\/en\\\/proizvod\\\/nadmadrac-od-memorijske-gel-pjene\\\/\",\"name\":\"Nadmadrac od memorijske GEL pjene | Petroni - rent | sale | service | conversions\",\"isPartOf\":{\"@id\":\"https:\\\/\\\/www.petroni.hr\\\/en\\\/#website\"},\"primaryImageOfPage\":{\"@id\":\"https:\\\/\\\/www.petroni.hr\\\/en\\\/proizvod\\\/nadmadrac-od-memorijske-gel-pjene\\\/#primaryimage\"},\"image\":{\"@id\":\"https:\\\/\\\/www.petroni.hr\\\/en\\\/proizvod\\\/nadmadrac-od-memorijske-gel-pjene\\\/#primaryimage\"},\"thumbnailUrl\":\"https:\\\/\\\/www.petroni.hr\\\/wp-content\\\/uploads\\\/2026\\\/02\\\/madrac-gel-1.jpg\",\"datePublished\":\"2026-02-10T17:52:04+00:00\",\"dateModified\":\"2026-02-10T17:52:05+00:00\",\"breadcrumb\":{\"@id\":\"https:\\\/\\\/www.petroni.hr\\\/en\\\/proizvod\\\/nadmadrac-od-memorijske-gel-pjene\\\/#breadcrumb\"},\"inLanguage\":\"en-US\",\"potentialAction\":[{\"@type\":\"ReadAction\",\"target\":[\"https:\\\/\\\/www.petroni.hr\\\/en\\\/proizvod\\\/nadmadrac-od-memorijske-gel-pjene\\\/\"]}]},{\"@type\":\"ImageObject\",\"inLanguage\":\"en-US\",\"@id\":\"https:\\\/\\\/www.petroni.hr\\\/en\\\/proizvod\\\/nadmadrac-od-memorijske-gel-pjene\\\/#primaryimage\",\"url\":\"https:\\\/\\\/www.petroni.hr\\\/wp-content\\\/uploads\\\/2026\\\/02\\\/madrac-gel-1.jpg\",\"contentUrl\":\"https:\\\/\\\/www.petroni.hr\\\/wp-content\\\/uploads\\\/2026\\\/02\\\/madrac-gel-1.jpg\",\"width\":800,\"height\":352},{\"@type\":\"BreadcrumbList\",\"@id\":\"https:\\\/\\\/www.petroni.hr\\\/en\\\/proizvod\\\/nadmadrac-od-memorijske-gel-pjene\\\/#breadcrumb\",\"itemListElement\":[{\"@type\":\"ListItem\",\"position\":1,\"name\":\"Po\u010detna stranica\",\"item\":\"https:\\\/\\\/www.petroni.hr\\\/en\\\/\"},{\"@type\":\"ListItem\",\"position\":2,\"name\":\"Shop\",\"item\":\"https:\\\/\\\/www.petroni.hr\\\/en\\\/shop\\\/\"},{\"@type\":\"ListItem\",\"position\":3,\"name\":\"Nadmadrac od memorijske GEL pjene\"}]},{\"@type\":\"WebSite\",\"@id\":\"https:\\\/\\\/www.petroni.hr\\\/en\\\/#website\",\"url\":\"https:\\\/\\\/www.petroni.hr\\\/en\\\/\",\"name\":\"Petroni.hr\",\"description\":\"Experience the unprecedented freedom of travel\",\"publisher\":{\"@id\":\"https:\\\/\\\/www.petroni.hr\\\/en\\\/#organization\"},\"alternateName\":\"Petroni\",\"potentialAction\":[{\"@type\":\"SearchAction\",\"target\":{\"@type\":\"EntryPoint\",\"urlTemplate\":\"https:\\\/\\\/www.petroni.hr\\\/en\\\/?s={search_term_string}\"},\"query-input\":{\"@type\":\"PropertyValueSpecification\",\"valueRequired\":true,\"valueName\":\"search_term_string\"}}],\"inLanguage\":\"en-US\"},{\"@type\":\"Organization\",\"@id\":\"https:\\\/\\\/www.petroni.hr\\\/en\\\/#organization\",\"name\":\"Petroni d.o.o.\",\"alternateName\":\"Petroni\",\"url\":\"https:\\\/\\\/www.petroni.hr\\\/en\\\/\",\"logo\":{\"@type\":\"ImageObject\",\"inLanguage\":\"en-US\",\"@id\":\"https:\\\/\\\/www.petroni.hr\\\/en\\\/#\\\/schema\\\/logo\\\/image\\\/\",\"url\":\"https:\\\/\\\/www.petroni.hr\\\/wp-content\\\/uploads\\\/2024\\\/03\\\/cropped-Group-3.jpg\",\"contentUrl\":\"https:\\\/\\\/www.petroni.hr\\\/wp-content\\\/uploads\\\/2024\\\/03\\\/cropped-Group-3.jpg\",\"width\":512,\"height\":512,\"caption\":\"Petroni d.o.o.\"},\"image\":{\"@id\":\"https:\\\/\\\/www.petroni.hr\\\/en\\\/#\\\/schema\\\/logo\\\/image\\\/\"},\"sameAs\":[\"https:\\\/\\\/www.facebook.com\\\/Kamperi.Petroni.Sesvete\\\/?locale=hr_HR\"]}]}<\/script>\n<!-- \/ Yoast SEO plugin. -->","yoast_head_json":{"title":"Nadmadrac od memorijske GEL pjene | Petroni - rent | sale | service | conversions","robots":{"index":"index","follow":"follow","max-snippet":"max-snippet:-1","max-image-preview":"max-image-preview:large","max-video-preview":"max-video-preview:-1"},"canonical":"https:\/\/www.petroni.hr\/en\/proizvod\/nadmadrac-od-memorijske-gel-pjene\/","og_locale":"en_US","og_type":"article","og_title":"Nadmadrac od memorijske GEL pjene | Petroni - rent | sale | service | conversions","og_description":"Nadmadrac od gel pjene &#8211; D195 x \u016080 x V4 cm Memorijska pjena s integriranim \u010desticama gela Visoka udobnost spavanja za miran i opu\u0161taju\u0107i san Mekana memorijska pjena s integriranim \u010desticama gela za regulaciju temperature Memorijska pjena se precizno prilago\u0111ava obliku tijela i vra\u0107a se u prvobitno stanje nakon pritiska Savr\u0161eno za putovanja i ku\u0107nu [&hellip;]","og_url":"https:\/\/www.petroni.hr\/en\/proizvod\/nadmadrac-od-memorijske-gel-pjene\/","og_site_name":"Petroni - rent | sale | service | conversions","article_publisher":"https:\/\/www.facebook.com\/Kamperi.Petroni.Sesvete\/?locale=hr_HR","article_modified_time":"2026-02-10T17:52:05+00:00","og_image":[{"width":800,"height":352,"url":"https:\/\/www.petroni.hr\/wp-content\/uploads\/2026\/02\/madrac-gel-1.jpg","type":"image\/jpeg"}],"twitter_card":"summary_large_image","twitter_misc":{"Est. reading time":"1 minute"},"schema":{"@context":"https:\/\/schema.org","@graph":[{"@type":"WebPage","@id":"https:\/\/www.petroni.hr\/en\/proizvod\/nadmadrac-od-memorijske-gel-pjene\/","url":"https:\/\/www.petroni.hr\/en\/proizvod\/nadmadrac-od-memorijske-gel-pjene\/","name":"Nadmadrac od memorijske GEL pjene | Petroni - rent | sale | service | conversions","isPartOf":{"@id":"https:\/\/www.petroni.hr\/en\/#website"},"primaryImageOfPage":{"@id":"https:\/\/www.petroni.hr\/en\/proizvod\/nadmadrac-od-memorijske-gel-pjene\/#primaryimage"},"image":{"@id":"https:\/\/www.petroni.hr\/en\/proizvod\/nadmadrac-od-memorijske-gel-pjene\/#primaryimage"},"thumbnailUrl":"https:\/\/www.petroni.hr\/wp-content\/uploads\/2026\/02\/madrac-gel-1.jpg","datePublished":"2026-02-10T17:52:04+00:00","dateModified":"2026-02-10T17:52:05+00:00","breadcrumb":{"@id":"https:\/\/www.petroni.hr\/en\/proizvod\/nadmadrac-od-memorijske-gel-pjene\/#breadcrumb"},"inLanguage":"en-US","potentialAction":[{"@type":"ReadAction","target":["https:\/\/www.petroni.hr\/en\/proizvod\/nadmadrac-od-memorijske-gel-pjene\/"]}]},{"@type":"ImageObject","inLanguage":"en-US","@id":"https:\/\/www.petroni.hr\/en\/proizvod\/nadmadrac-od-memorijske-gel-pjene\/#primaryimage","url":"https:\/\/www.petroni.hr\/wp-content\/uploads\/2026\/02\/madrac-gel-1.jpg","contentUrl":"https:\/\/www.petroni.hr\/wp-content\/uploads\/2026\/02\/madrac-gel-1.jpg","width":800,"height":352},{"@type":"BreadcrumbList","@id":"https:\/\/www.petroni.hr\/en\/proizvod\/nadmadrac-od-memorijske-gel-pjene\/#breadcrumb","itemListElement":[{"@type":"ListItem","position":1,"name":"Po\u010detna stranica","item":"https:\/\/www.petroni.hr\/en\/"},{"@type":"ListItem","position":2,"name":"Shop","item":"https:\/\/www.petroni.hr\/en\/shop\/"},{"@type":"ListItem","position":3,"name":"Nadmadrac od memorijske GEL pjene"}]},{"@type":"WebSite","@id":"https:\/\/www.petroni.hr\/en\/#website","url":"https:\/\/www.petroni.hr\/en\/","name":"Petroni.hr","description":"Experience the unprecedented freedom of travel","publisher":{"@id":"https:\/\/www.petroni.hr\/en\/#organization"},"alternateName":"Petroni","potentialAction":[{"@type":"SearchAction","target":{"@type":"EntryPoint","urlTemplate":"https:\/\/www.petroni.hr\/en\/?s={search_term_string}"},"query-input":{"@type":"PropertyValueSpecification","valueRequired":true,"valueName":"search_term_string"}}],"inLanguage":"en-US"},{"@type":"Organization","@id":"https:\/\/www.petroni.hr\/en\/#organization","name":"Petroni d.o.o.","alternateName":"Petroni","url":"https:\/\/www.petroni.hr\/en\/","logo":{"@type":"ImageObject","inLanguage":"en-US","@id":"https:\/\/www.petroni.hr\/en\/#\/schema\/logo\/image\/","url":"https:\/\/www.petroni.hr\/wp-content\/uploads\/2024\/03\/cropped-Group-3.jpg","contentUrl":"https:\/\/www.petroni.hr\/wp-content\/uploads\/2024\/03\/cropped-Group-3.jpg","width":512,"height":512,"caption":"Petroni d.o.o."},"image":{"@id":"https:\/\/www.petroni.hr\/en\/#\/schema\/logo\/image\/"},"sameAs":["https:\/\/www.facebook.com\/Kamperi.Petroni.Sesvete\/?locale=hr_HR"]}]}},"_links":{"self":[{"href":"https:\/\/www.petroni.hr\/en\/wp-json\/wp\/v2\/product\/25748","targetHints":{"allow":["GET"]}}],"collection":[{"href":"https:\/\/www.petroni.hr\/en\/wp-json\/wp\/v2\/product"}],"about":[{"href":"https:\/\/www.petroni.hr\/en\/wp-json\/wp\/v2\/types\/product"}],"replies":[{"embeddable":true,"href":"https:\/\/www.petroni.hr\/en\/wp-json\/wp\/v2\/comments?post=25748"}],"wp:featuredmedia":[{"embeddable":true,"href":"https:\/\/www.petroni.hr\/en\/wp-json\/wp\/v2\/media\/25749"}],"wp:attachment":[{"href":"https:\/\/www.petroni.hr\/en\/wp-json\/wp\/v2\/media?parent=25748"}],"wp:term":[{"taxonomy":"product_brand","embeddable":true,"href":"https:\/\/www.petroni.hr\/en\/wp-json\/wp\/v2\/product_brand?post=25748"},{"taxonomy":"product_cat","embeddable":true,"href":"https:\/\/www.petroni.hr\/en\/wp-json\/wp\/v2\/product_cat?post=25748"},{"taxonomy":"product_tag","embeddable":true,"href":"https:\/\/www.petroni.hr\/en\/wp-json\/wp\/v2\/product_tag?post=25748"}],"curies":[{"name":"wp","href":"https:\/\/api.w.org\/{rel}","templated":true}]}}