{"id":25704,"date":"2026-01-31T20:34:44","date_gmt":"2026-01-31T19:34:44","guid":{"rendered":"https:\/\/www.petroni.hr\/?post_type=product&#038;p=25704"},"modified":"2026-01-31T20:34:46","modified_gmt":"2026-01-31T19:34:46","slug":"televizor-smart-led-24-mestic-12v","status":"publish","type":"product","link":"https:\/\/www.petroni.hr\/en\/proizvod\/televizor-smart-led-24-mestic-12v\/","title":{"rendered":"Televizor smart LED 24&#8243; Mestic 12V"},"content":{"rendered":"<p>24&#8243; 12V SMART LED HD TV, VIDAA OPERATIVNI SUSTAV, UGRA\u0110ENI WI-FI, DVB-T\/T2 HD DIGITALNI ZEMALJSKI TUNER I DVB-S\/S2 HD SATELITSKI TUNER, REPRODUKCIJA MULTIMEDIJALNOG SADR\u017dAJA PREKO DVA USB-A, KOMPATIBILNO S CI+ HD CAM MODULOM, IZRAVNO LED pozadinsko osvjetljenje, RJ45 mre\u017eni ulaz, podr\u0161ka za APP za streaming (YouTube, Netflix, Prime Video, itd.), EPG funkcija (elektroni\u010dki programski vodi\u010d), AV ulazi (RCA) x1 \/ HDMI x1, CI+ CAM* ulaz (podr\u017eava reprodukciju sadr\u017eaja HD rezolucije), Digitalni opti\u010dki audio izlaz, Dva USB ulaza za reprodukciju multimedijskih datoteka, Daljinski upravlja\u010d s uklju\u010denim baterijama, 3,5 mm izlaz za slu\u0161alice, Uklonjiva baza postolja, Napajanje AC 100\/240V, (50\/60Hz) &#8211; DC 12V, Adapter 12V za upalja\u010d (uklju\u010den)<\/p>\n<p>Dimenzije proizvoda: 55,1 (\u0160) x 32,9 (V) x 6,2 (D) cm<\/p>\n<p>Dimenzije s postoljem: 55,1 (\u0160) x 38,1 (V) x 17,1 (D) cm<\/p>\n<p>Te\u017eina: 2,2 kg<\/p>\n","protected":false},"excerpt":{"rendered":"<p>24&#8243; 12V SMART LED HD TV, VIDAA OPERATIVNI SUSTAV, UGRA\u0110ENI WI-FI, DVB-T\/T2 HD DIGITALNI ZEMALJSKI TUNER I DVB-S\/S2 HD SATELITSKI TUNER, REPRODUKCIJA MULTIMEDIJALNOG SADR\u017dAJA PREKO DVA USB-A, KOMPATIBILNO S CI+ HD CAM MODULOM, IZRAVNO LED pozadinsko osvjetljenje, RJ45 mre\u017eni ulaz, podr\u0161ka za APP za streaming (YouTube, Netflix, Prime Video, itd.), EPG funkcija (elektroni\u010dki programski vodi\u010d), [&hellip;]<\/p>\n","protected":false},"featured_media":25706,"comment_status":"open","ping_status":"closed","template":"","meta":{"_acf_changed":false,"_themeisle_gutenberg_block_has_review":false},"product_brand":[],"product_cat":[215,370],"product_tag":[],"class_list":{"0":"post-25704","1":"product","2":"type-product","3":"status-publish","4":"has-post-thumbnail","6":"product_cat-multimedia-2","7":"product_cat-televizori-i-oprema","9":"first","10":"instock","11":"shipping-taxable","12":"purchasable","13":"product-type-simple"},"acf":[],"yoast_head":"<!-- This site is optimized with the Yoast SEO plugin v27.5 - https:\/\/yoast.com\/product\/yoast-seo-wordpress\/ -->\n<title>Televizor smart LED 24&quot; Mestic 12V | Petroni - rent | sale | service | conversions<\/title>\n<meta name=\"robots\" content=\"index, follow, max-snippet:-1, max-image-preview:large, max-video-preview:-1\" \/>\n<link rel=\"canonical\" href=\"https:\/\/www.petroni.hr\/en\/proizvod\/televizor-smart-led-24-mestic-12v\/\" \/>\n<meta property=\"og:locale\" content=\"en_US\" \/>\n<meta property=\"og:type\" content=\"article\" \/>\n<meta property=\"og:title\" content=\"Televizor smart LED 24&quot; Mestic 12V | Petroni - rent | sale | service | conversions\" \/>\n<meta property=\"og:description\" content=\"24&#8243; 12V SMART LED HD TV, VIDAA OPERATIVNI SUSTAV, UGRA\u0110ENI WI-FI, DVB-T\/T2 HD DIGITALNI ZEMALJSKI TUNER I DVB-S\/S2 HD SATELITSKI TUNER, REPRODUKCIJA MULTIMEDIJALNOG SADR\u017dAJA PREKO DVA USB-A, KOMPATIBILNO S CI+ HD CAM MODULOM, IZRAVNO LED pozadinsko osvjetljenje, RJ45 mre\u017eni ulaz, podr\u0161ka za APP za streaming (YouTube, Netflix, Prime Video, itd.), EPG funkcija (elektroni\u010dki programski vodi\u010d), [&hellip;]\" \/>\n<meta property=\"og:url\" content=\"https:\/\/www.petroni.hr\/en\/proizvod\/televizor-smart-led-24-mestic-12v\/\" \/>\n<meta property=\"og:site_name\" content=\"Petroni - rent | sale | service | conversions\" \/>\n<meta property=\"article:publisher\" content=\"https:\/\/www.facebook.com\/Kamperi.Petroni.Sesvete\/?locale=hr_HR\" \/>\n<meta property=\"article:modified_time\" content=\"2026-01-31T19:34:46+00:00\" \/>\n<meta property=\"og:image\" content=\"https:\/\/www.petroni.hr\/wp-content\/uploads\/2026\/01\/Televizor-smart-LED-24-1.jpg\" \/>\n\t<meta property=\"og:image:width\" content=\"500\" \/>\n\t<meta property=\"og:image:height\" content=\"332\" \/>\n\t<meta property=\"og:image:type\" content=\"image\/jpeg\" \/>\n<meta name=\"twitter:card\" content=\"summary_large_image\" \/>\n<meta name=\"twitter:label1\" content=\"Est. reading time\" \/>\n\t<meta name=\"twitter:data1\" content=\"1 minute\" \/>\n<script type=\"application\/ld+json\" class=\"yoast-schema-graph\">{\"@context\":\"https:\\\/\\\/schema.org\",\"@graph\":[{\"@type\":\"WebPage\",\"@id\":\"https:\\\/\\\/www.petroni.hr\\\/en\\\/proizvod\\\/televizor-smart-led-24-mestic-12v\\\/\",\"url\":\"https:\\\/\\\/www.petroni.hr\\\/en\\\/proizvod\\\/televizor-smart-led-24-mestic-12v\\\/\",\"name\":\"Televizor smart LED 24\\\" Mestic 12V | Petroni - rent | sale | service | conversions\",\"isPartOf\":{\"@id\":\"https:\\\/\\\/www.petroni.hr\\\/en\\\/#website\"},\"primaryImageOfPage\":{\"@id\":\"https:\\\/\\\/www.petroni.hr\\\/en\\\/proizvod\\\/televizor-smart-led-24-mestic-12v\\\/#primaryimage\"},\"image\":{\"@id\":\"https:\\\/\\\/www.petroni.hr\\\/en\\\/proizvod\\\/televizor-smart-led-24-mestic-12v\\\/#primaryimage\"},\"thumbnailUrl\":\"https:\\\/\\\/www.petroni.hr\\\/wp-content\\\/uploads\\\/2026\\\/01\\\/Televizor-smart-LED-24-1.jpg\",\"datePublished\":\"2026-01-31T19:34:44+00:00\",\"dateModified\":\"2026-01-31T19:34:46+00:00\",\"breadcrumb\":{\"@id\":\"https:\\\/\\\/www.petroni.hr\\\/en\\\/proizvod\\\/televizor-smart-led-24-mestic-12v\\\/#breadcrumb\"},\"inLanguage\":\"en-US\",\"potentialAction\":[{\"@type\":\"ReadAction\",\"target\":[\"https:\\\/\\\/www.petroni.hr\\\/en\\\/proizvod\\\/televizor-smart-led-24-mestic-12v\\\/\"]}]},{\"@type\":\"ImageObject\",\"inLanguage\":\"en-US\",\"@id\":\"https:\\\/\\\/www.petroni.hr\\\/en\\\/proizvod\\\/televizor-smart-led-24-mestic-12v\\\/#primaryimage\",\"url\":\"https:\\\/\\\/www.petroni.hr\\\/wp-content\\\/uploads\\\/2026\\\/01\\\/Televizor-smart-LED-24-1.jpg\",\"contentUrl\":\"https:\\\/\\\/www.petroni.hr\\\/wp-content\\\/uploads\\\/2026\\\/01\\\/Televizor-smart-LED-24-1.jpg\",\"width\":500,\"height\":332},{\"@type\":\"BreadcrumbList\",\"@id\":\"https:\\\/\\\/www.petroni.hr\\\/en\\\/proizvod\\\/televizor-smart-led-24-mestic-12v\\\/#breadcrumb\",\"itemListElement\":[{\"@type\":\"ListItem\",\"position\":1,\"name\":\"Po\u010detna stranica\",\"item\":\"https:\\\/\\\/www.petroni.hr\\\/en\\\/\"},{\"@type\":\"ListItem\",\"position\":2,\"name\":\"Shop\",\"item\":\"https:\\\/\\\/www.petroni.hr\\\/en\\\/shop\\\/\"},{\"@type\":\"ListItem\",\"position\":3,\"name\":\"Televizor smart LED 24&#8243; Mestic 12V\"}]},{\"@type\":\"WebSite\",\"@id\":\"https:\\\/\\\/www.petroni.hr\\\/en\\\/#website\",\"url\":\"https:\\\/\\\/www.petroni.hr\\\/en\\\/\",\"name\":\"Petroni.hr\",\"description\":\"Experience the unprecedented freedom of travel\",\"publisher\":{\"@id\":\"https:\\\/\\\/www.petroni.hr\\\/en\\\/#organization\"},\"alternateName\":\"Petroni\",\"potentialAction\":[{\"@type\":\"SearchAction\",\"target\":{\"@type\":\"EntryPoint\",\"urlTemplate\":\"https:\\\/\\\/www.petroni.hr\\\/en\\\/?s={search_term_string}\"},\"query-input\":{\"@type\":\"PropertyValueSpecification\",\"valueRequired\":true,\"valueName\":\"search_term_string\"}}],\"inLanguage\":\"en-US\"},{\"@type\":\"Organization\",\"@id\":\"https:\\\/\\\/www.petroni.hr\\\/en\\\/#organization\",\"name\":\"Petroni d.o.o.\",\"alternateName\":\"Petroni\",\"url\":\"https:\\\/\\\/www.petroni.hr\\\/en\\\/\",\"logo\":{\"@type\":\"ImageObject\",\"inLanguage\":\"en-US\",\"@id\":\"https:\\\/\\\/www.petroni.hr\\\/en\\\/#\\\/schema\\\/logo\\\/image\\\/\",\"url\":\"https:\\\/\\\/www.petroni.hr\\\/wp-content\\\/uploads\\\/2024\\\/03\\\/cropped-Group-3.jpg\",\"contentUrl\":\"https:\\\/\\\/www.petroni.hr\\\/wp-content\\\/uploads\\\/2024\\\/03\\\/cropped-Group-3.jpg\",\"width\":512,\"height\":512,\"caption\":\"Petroni d.o.o.\"},\"image\":{\"@id\":\"https:\\\/\\\/www.petroni.hr\\\/en\\\/#\\\/schema\\\/logo\\\/image\\\/\"},\"sameAs\":[\"https:\\\/\\\/www.facebook.com\\\/Kamperi.Petroni.Sesvete\\\/?locale=hr_HR\"]}]}<\/script>\n<!-- \/ Yoast SEO plugin. -->","yoast_head_json":{"title":"Televizor smart LED 24\" Mestic 12V | Petroni - rent | sale | service | conversions","robots":{"index":"index","follow":"follow","max-snippet":"max-snippet:-1","max-image-preview":"max-image-preview:large","max-video-preview":"max-video-preview:-1"},"canonical":"https:\/\/www.petroni.hr\/en\/proizvod\/televizor-smart-led-24-mestic-12v\/","og_locale":"en_US","og_type":"article","og_title":"Televizor smart LED 24\" Mestic 12V | Petroni - rent | sale | service | conversions","og_description":"24&#8243; 12V SMART LED HD TV, VIDAA OPERATIVNI SUSTAV, UGRA\u0110ENI WI-FI, DVB-T\/T2 HD DIGITALNI ZEMALJSKI TUNER I DVB-S\/S2 HD SATELITSKI TUNER, REPRODUKCIJA MULTIMEDIJALNOG SADR\u017dAJA PREKO DVA USB-A, KOMPATIBILNO S CI+ HD CAM MODULOM, IZRAVNO LED pozadinsko osvjetljenje, RJ45 mre\u017eni ulaz, podr\u0161ka za APP za streaming (YouTube, Netflix, Prime Video, itd.), EPG funkcija (elektroni\u010dki programski vodi\u010d), [&hellip;]","og_url":"https:\/\/www.petroni.hr\/en\/proizvod\/televizor-smart-led-24-mestic-12v\/","og_site_name":"Petroni - rent | sale | service | conversions","article_publisher":"https:\/\/www.facebook.com\/Kamperi.Petroni.Sesvete\/?locale=hr_HR","article_modified_time":"2026-01-31T19:34:46+00:00","og_image":[{"width":500,"height":332,"url":"https:\/\/www.petroni.hr\/wp-content\/uploads\/2026\/01\/Televizor-smart-LED-24-1.jpg","type":"image\/jpeg"}],"twitter_card":"summary_large_image","twitter_misc":{"Est. reading time":"1 minute"},"schema":{"@context":"https:\/\/schema.org","@graph":[{"@type":"WebPage","@id":"https:\/\/www.petroni.hr\/en\/proizvod\/televizor-smart-led-24-mestic-12v\/","url":"https:\/\/www.petroni.hr\/en\/proizvod\/televizor-smart-led-24-mestic-12v\/","name":"Televizor smart LED 24\" Mestic 12V | Petroni - rent | sale | service | conversions","isPartOf":{"@id":"https:\/\/www.petroni.hr\/en\/#website"},"primaryImageOfPage":{"@id":"https:\/\/www.petroni.hr\/en\/proizvod\/televizor-smart-led-24-mestic-12v\/#primaryimage"},"image":{"@id":"https:\/\/www.petroni.hr\/en\/proizvod\/televizor-smart-led-24-mestic-12v\/#primaryimage"},"thumbnailUrl":"https:\/\/www.petroni.hr\/wp-content\/uploads\/2026\/01\/Televizor-smart-LED-24-1.jpg","datePublished":"2026-01-31T19:34:44+00:00","dateModified":"2026-01-31T19:34:46+00:00","breadcrumb":{"@id":"https:\/\/www.petroni.hr\/en\/proizvod\/televizor-smart-led-24-mestic-12v\/#breadcrumb"},"inLanguage":"en-US","potentialAction":[{"@type":"ReadAction","target":["https:\/\/www.petroni.hr\/en\/proizvod\/televizor-smart-led-24-mestic-12v\/"]}]},{"@type":"ImageObject","inLanguage":"en-US","@id":"https:\/\/www.petroni.hr\/en\/proizvod\/televizor-smart-led-24-mestic-12v\/#primaryimage","url":"https:\/\/www.petroni.hr\/wp-content\/uploads\/2026\/01\/Televizor-smart-LED-24-1.jpg","contentUrl":"https:\/\/www.petroni.hr\/wp-content\/uploads\/2026\/01\/Televizor-smart-LED-24-1.jpg","width":500,"height":332},{"@type":"BreadcrumbList","@id":"https:\/\/www.petroni.hr\/en\/proizvod\/televizor-smart-led-24-mestic-12v\/#breadcrumb","itemListElement":[{"@type":"ListItem","position":1,"name":"Po\u010detna stranica","item":"https:\/\/www.petroni.hr\/en\/"},{"@type":"ListItem","position":2,"name":"Shop","item":"https:\/\/www.petroni.hr\/en\/shop\/"},{"@type":"ListItem","position":3,"name":"Televizor smart LED 24&#8243; Mestic 12V"}]},{"@type":"WebSite","@id":"https:\/\/www.petroni.hr\/en\/#website","url":"https:\/\/www.petroni.hr\/en\/","name":"Petroni.hr","description":"Experience the unprecedented freedom of travel","publisher":{"@id":"https:\/\/www.petroni.hr\/en\/#organization"},"alternateName":"Petroni","potentialAction":[{"@type":"SearchAction","target":{"@type":"EntryPoint","urlTemplate":"https:\/\/www.petroni.hr\/en\/?s={search_term_string}"},"query-input":{"@type":"PropertyValueSpecification","valueRequired":true,"valueName":"search_term_string"}}],"inLanguage":"en-US"},{"@type":"Organization","@id":"https:\/\/www.petroni.hr\/en\/#organization","name":"Petroni d.o.o.","alternateName":"Petroni","url":"https:\/\/www.petroni.hr\/en\/","logo":{"@type":"ImageObject","inLanguage":"en-US","@id":"https:\/\/www.petroni.hr\/en\/#\/schema\/logo\/image\/","url":"https:\/\/www.petroni.hr\/wp-content\/uploads\/2024\/03\/cropped-Group-3.jpg","contentUrl":"https:\/\/www.petroni.hr\/wp-content\/uploads\/2024\/03\/cropped-Group-3.jpg","width":512,"height":512,"caption":"Petroni d.o.o."},"image":{"@id":"https:\/\/www.petroni.hr\/en\/#\/schema\/logo\/image\/"},"sameAs":["https:\/\/www.facebook.com\/Kamperi.Petroni.Sesvete\/?locale=hr_HR"]}]}},"_links":{"self":[{"href":"https:\/\/www.petroni.hr\/en\/wp-json\/wp\/v2\/product\/25704","targetHints":{"allow":["GET"]}}],"collection":[{"href":"https:\/\/www.petroni.hr\/en\/wp-json\/wp\/v2\/product"}],"about":[{"href":"https:\/\/www.petroni.hr\/en\/wp-json\/wp\/v2\/types\/product"}],"replies":[{"embeddable":true,"href":"https:\/\/www.petroni.hr\/en\/wp-json\/wp\/v2\/comments?post=25704"}],"wp:featuredmedia":[{"embeddable":true,"href":"https:\/\/www.petroni.hr\/en\/wp-json\/wp\/v2\/media\/25706"}],"wp:attachment":[{"href":"https:\/\/www.petroni.hr\/en\/wp-json\/wp\/v2\/media?parent=25704"}],"wp:term":[{"taxonomy":"product_brand","embeddable":true,"href":"https:\/\/www.petroni.hr\/en\/wp-json\/wp\/v2\/product_brand?post=25704"},{"taxonomy":"product_cat","embeddable":true,"href":"https:\/\/www.petroni.hr\/en\/wp-json\/wp\/v2\/product_cat?post=25704"},{"taxonomy":"product_tag","embeddable":true,"href":"https:\/\/www.petroni.hr\/en\/wp-json\/wp\/v2\/product_tag?post=25704"}],"curies":[{"name":"wp","href":"https:\/\/api.w.org\/{rel}","templated":true}]}}