{"id":25699,"date":"2026-01-31T17:17:14","date_gmt":"2026-01-31T16:17:14","guid":{"rendered":"https:\/\/www.petroni.hr\/?post_type=product&#038;p=25699"},"modified":"2026-01-31T17:19:34","modified_gmt":"2026-01-31T16:19:34","slug":"antena-za-tv-mestic","status":"publish","type":"product","link":"https:\/\/www.petroni.hr\/en\/proizvod\/antena-za-tv-mestic\/","title":{"rendered":"Antena za TV DVB-T Mestic"},"content":{"rendered":"<p>Mestic Omnidirekcionalna antena<\/p>\n<p>Dizajnirana za optimalno i dosljedno filtriranje i ispravljanje primljenih signala. Pogodna za sva kamp i rekreacijska vozila, jednostavna<\/p>\n<p>monta\u017ea na krov.<\/p>\n<p>Otporna na vremenske uvjete i UV zra\u010denje.<\/p>\n<p>Prima FULL HD i digitalne TV signale, lokalne VHF i UHF signale.<\/p>\n<p>Ugra\u0111eno \u0161irokopojasno poja\u010dalo\u00a0za optimalne performanse.<\/p>\n<p>Prijem od 360\u00b0, sa \u0161irokim frekvencijskim rasponom.<\/p>\n<p>Napaja se prijemnikom\u00a0digitalno, putem AC\/DC napajanja (uklju\u010deno) ili putem 6 V punja\u010da.<\/p>\n<p>TEHNI\u010cKI PODACI<\/p>\n<p>Frekvencijski raspon: VHF 174-230 MHz, UHF 470-700 MHz<br \/>\nKanali (VSWR): VHF &lt; 2,5 &#8211; UHF &lt; 2,5<br \/>\nIzlazna razina: 105 dB\u00b5V<br \/>\n\u0160um: 3,5 dB<br \/>\nImpedancija: 75 \u03a9<br \/>\nRadna struja: 12 V DC, 50 mA<br \/>\nOstalo: Ima 5G filter, dolazi s 230 V AC adapterom i 12 V DC kabelom za upalja\u010d.<\/p>\n","protected":false},"excerpt":{"rendered":"<p>Mestic Omnidirekcionalna antena Dizajnirana za optimalno i dosljedno filtriranje i ispravljanje primljenih signala. Pogodna za sva kamp i rekreacijska vozila, jednostavna monta\u017ea na krov. Otporna na vremenske uvjete i UV zra\u010denje. Prima FULL HD i digitalne TV signale, lokalne VHF i UHF signale. Ugra\u0111eno \u0161irokopojasno poja\u010dalo\u00a0za optimalne performanse. Prijem od 360\u00b0, sa \u0161irokim frekvencijskim rasponom. [&hellip;]<\/p>\n","protected":false},"featured_media":25700,"comment_status":"open","ping_status":"closed","template":"","meta":{"_acf_changed":false,"_themeisle_gutenberg_block_has_review":false},"product_brand":[],"product_cat":[215,370],"product_tag":[],"class_list":{"0":"post-25699","1":"product","2":"type-product","3":"status-publish","4":"has-post-thumbnail","6":"product_cat-multimedia-2","7":"product_cat-televizori-i-oprema","9":"first","10":"instock","11":"shipping-taxable","12":"purchasable","13":"product-type-simple"},"acf":[],"yoast_head":"<!-- This site is optimized with the Yoast SEO plugin v27.4 - https:\/\/yoast.com\/product\/yoast-seo-wordpress\/ -->\n<title>Antena za TV DVB-T Mestic | Petroni - rent | sale | service | conversions<\/title>\n<meta name=\"robots\" content=\"index, follow, max-snippet:-1, max-image-preview:large, max-video-preview:-1\" \/>\n<link rel=\"canonical\" href=\"https:\/\/www.petroni.hr\/en\/proizvod\/antena-za-tv-mestic\/\" \/>\n<meta property=\"og:locale\" content=\"en_US\" \/>\n<meta property=\"og:type\" content=\"article\" \/>\n<meta property=\"og:title\" content=\"Antena za TV DVB-T Mestic | Petroni - rent | sale | service | conversions\" \/>\n<meta property=\"og:description\" content=\"Mestic Omnidirekcionalna antena Dizajnirana za optimalno i dosljedno filtriranje i ispravljanje primljenih signala. Pogodna za sva kamp i rekreacijska vozila, jednostavna monta\u017ea na krov. Otporna na vremenske uvjete i UV zra\u010denje. Prima FULL HD i digitalne TV signale, lokalne VHF i UHF signale. Ugra\u0111eno \u0161irokopojasno poja\u010dalo\u00a0za optimalne performanse. Prijem od 360\u00b0, sa \u0161irokim frekvencijskim rasponom. [&hellip;]\" \/>\n<meta property=\"og:url\" content=\"https:\/\/www.petroni.hr\/en\/proizvod\/antena-za-tv-mestic\/\" \/>\n<meta property=\"og:site_name\" content=\"Petroni - rent | sale | service | conversions\" \/>\n<meta property=\"article:publisher\" content=\"https:\/\/www.facebook.com\/Kamperi.Petroni.Sesvete\/?locale=hr_HR\" \/>\n<meta property=\"article:modified_time\" content=\"2026-01-31T16:19:34+00:00\" \/>\n<meta property=\"og:image\" content=\"https:\/\/www.petroni.hr\/wp-content\/uploads\/2026\/01\/antena-za-TV-Mestic.jpg\" \/>\n\t<meta property=\"og:image:width\" content=\"1176\" \/>\n\t<meta property=\"og:image:height\" content=\"689\" \/>\n\t<meta property=\"og:image:type\" content=\"image\/jpeg\" \/>\n<meta name=\"twitter:card\" content=\"summary_large_image\" \/>\n<meta name=\"twitter:label1\" content=\"Est. reading time\" \/>\n\t<meta name=\"twitter:data1\" content=\"1 minute\" \/>\n<script type=\"application\/ld+json\" class=\"yoast-schema-graph\">{\"@context\":\"https:\\\/\\\/schema.org\",\"@graph\":[{\"@type\":\"WebPage\",\"@id\":\"https:\\\/\\\/www.petroni.hr\\\/en\\\/proizvod\\\/antena-za-tv-mestic\\\/\",\"url\":\"https:\\\/\\\/www.petroni.hr\\\/en\\\/proizvod\\\/antena-za-tv-mestic\\\/\",\"name\":\"Antena za TV DVB-T Mestic | Petroni - rent | sale | service | conversions\",\"isPartOf\":{\"@id\":\"https:\\\/\\\/www.petroni.hr\\\/en\\\/#website\"},\"primaryImageOfPage\":{\"@id\":\"https:\\\/\\\/www.petroni.hr\\\/en\\\/proizvod\\\/antena-za-tv-mestic\\\/#primaryimage\"},\"image\":{\"@id\":\"https:\\\/\\\/www.petroni.hr\\\/en\\\/proizvod\\\/antena-za-tv-mestic\\\/#primaryimage\"},\"thumbnailUrl\":\"https:\\\/\\\/www.petroni.hr\\\/wp-content\\\/uploads\\\/2026\\\/01\\\/antena-za-TV-Mestic.jpg\",\"datePublished\":\"2026-01-31T16:17:14+00:00\",\"dateModified\":\"2026-01-31T16:19:34+00:00\",\"breadcrumb\":{\"@id\":\"https:\\\/\\\/www.petroni.hr\\\/en\\\/proizvod\\\/antena-za-tv-mestic\\\/#breadcrumb\"},\"inLanguage\":\"en-US\",\"potentialAction\":[{\"@type\":\"ReadAction\",\"target\":[\"https:\\\/\\\/www.petroni.hr\\\/en\\\/proizvod\\\/antena-za-tv-mestic\\\/\"]}]},{\"@type\":\"ImageObject\",\"inLanguage\":\"en-US\",\"@id\":\"https:\\\/\\\/www.petroni.hr\\\/en\\\/proizvod\\\/antena-za-tv-mestic\\\/#primaryimage\",\"url\":\"https:\\\/\\\/www.petroni.hr\\\/wp-content\\\/uploads\\\/2026\\\/01\\\/antena-za-TV-Mestic.jpg\",\"contentUrl\":\"https:\\\/\\\/www.petroni.hr\\\/wp-content\\\/uploads\\\/2026\\\/01\\\/antena-za-TV-Mestic.jpg\",\"width\":1176,\"height\":689},{\"@type\":\"BreadcrumbList\",\"@id\":\"https:\\\/\\\/www.petroni.hr\\\/en\\\/proizvod\\\/antena-za-tv-mestic\\\/#breadcrumb\",\"itemListElement\":[{\"@type\":\"ListItem\",\"position\":1,\"name\":\"Po\u010detna stranica\",\"item\":\"https:\\\/\\\/www.petroni.hr\\\/en\\\/\"},{\"@type\":\"ListItem\",\"position\":2,\"name\":\"Shop\",\"item\":\"https:\\\/\\\/www.petroni.hr\\\/en\\\/shop\\\/\"},{\"@type\":\"ListItem\",\"position\":3,\"name\":\"Antena za TV DVB-T Mestic\"}]},{\"@type\":\"WebSite\",\"@id\":\"https:\\\/\\\/www.petroni.hr\\\/en\\\/#website\",\"url\":\"https:\\\/\\\/www.petroni.hr\\\/en\\\/\",\"name\":\"Petroni.hr\",\"description\":\"Experience the unprecedented freedom of travel\",\"publisher\":{\"@id\":\"https:\\\/\\\/www.petroni.hr\\\/en\\\/#organization\"},\"alternateName\":\"Petroni\",\"potentialAction\":[{\"@type\":\"SearchAction\",\"target\":{\"@type\":\"EntryPoint\",\"urlTemplate\":\"https:\\\/\\\/www.petroni.hr\\\/en\\\/?s={search_term_string}\"},\"query-input\":{\"@type\":\"PropertyValueSpecification\",\"valueRequired\":true,\"valueName\":\"search_term_string\"}}],\"inLanguage\":\"en-US\"},{\"@type\":\"Organization\",\"@id\":\"https:\\\/\\\/www.petroni.hr\\\/en\\\/#organization\",\"name\":\"Petroni d.o.o.\",\"alternateName\":\"Petroni\",\"url\":\"https:\\\/\\\/www.petroni.hr\\\/en\\\/\",\"logo\":{\"@type\":\"ImageObject\",\"inLanguage\":\"en-US\",\"@id\":\"https:\\\/\\\/www.petroni.hr\\\/en\\\/#\\\/schema\\\/logo\\\/image\\\/\",\"url\":\"https:\\\/\\\/www.petroni.hr\\\/wp-content\\\/uploads\\\/2024\\\/03\\\/cropped-Group-3.jpg\",\"contentUrl\":\"https:\\\/\\\/www.petroni.hr\\\/wp-content\\\/uploads\\\/2024\\\/03\\\/cropped-Group-3.jpg\",\"width\":512,\"height\":512,\"caption\":\"Petroni d.o.o.\"},\"image\":{\"@id\":\"https:\\\/\\\/www.petroni.hr\\\/en\\\/#\\\/schema\\\/logo\\\/image\\\/\"},\"sameAs\":[\"https:\\\/\\\/www.facebook.com\\\/Kamperi.Petroni.Sesvete\\\/?locale=hr_HR\"]}]}<\/script>\n<!-- \/ Yoast SEO plugin. -->","yoast_head_json":{"title":"Antena za TV DVB-T Mestic | Petroni - rent | sale | service | conversions","robots":{"index":"index","follow":"follow","max-snippet":"max-snippet:-1","max-image-preview":"max-image-preview:large","max-video-preview":"max-video-preview:-1"},"canonical":"https:\/\/www.petroni.hr\/en\/proizvod\/antena-za-tv-mestic\/","og_locale":"en_US","og_type":"article","og_title":"Antena za TV DVB-T Mestic | Petroni - rent | sale | service | conversions","og_description":"Mestic Omnidirekcionalna antena Dizajnirana za optimalno i dosljedno filtriranje i ispravljanje primljenih signala. Pogodna za sva kamp i rekreacijska vozila, jednostavna monta\u017ea na krov. Otporna na vremenske uvjete i UV zra\u010denje. Prima FULL HD i digitalne TV signale, lokalne VHF i UHF signale. Ugra\u0111eno \u0161irokopojasno poja\u010dalo\u00a0za optimalne performanse. Prijem od 360\u00b0, sa \u0161irokim frekvencijskim rasponom. [&hellip;]","og_url":"https:\/\/www.petroni.hr\/en\/proizvod\/antena-za-tv-mestic\/","og_site_name":"Petroni - rent | sale | service | conversions","article_publisher":"https:\/\/www.facebook.com\/Kamperi.Petroni.Sesvete\/?locale=hr_HR","article_modified_time":"2026-01-31T16:19:34+00:00","og_image":[{"width":1176,"height":689,"url":"https:\/\/www.petroni.hr\/wp-content\/uploads\/2026\/01\/antena-za-TV-Mestic.jpg","type":"image\/jpeg"}],"twitter_card":"summary_large_image","twitter_misc":{"Est. reading time":"1 minute"},"schema":{"@context":"https:\/\/schema.org","@graph":[{"@type":"WebPage","@id":"https:\/\/www.petroni.hr\/en\/proizvod\/antena-za-tv-mestic\/","url":"https:\/\/www.petroni.hr\/en\/proizvod\/antena-za-tv-mestic\/","name":"Antena za TV DVB-T Mestic | Petroni - rent | sale | service | conversions","isPartOf":{"@id":"https:\/\/www.petroni.hr\/en\/#website"},"primaryImageOfPage":{"@id":"https:\/\/www.petroni.hr\/en\/proizvod\/antena-za-tv-mestic\/#primaryimage"},"image":{"@id":"https:\/\/www.petroni.hr\/en\/proizvod\/antena-za-tv-mestic\/#primaryimage"},"thumbnailUrl":"https:\/\/www.petroni.hr\/wp-content\/uploads\/2026\/01\/antena-za-TV-Mestic.jpg","datePublished":"2026-01-31T16:17:14+00:00","dateModified":"2026-01-31T16:19:34+00:00","breadcrumb":{"@id":"https:\/\/www.petroni.hr\/en\/proizvod\/antena-za-tv-mestic\/#breadcrumb"},"inLanguage":"en-US","potentialAction":[{"@type":"ReadAction","target":["https:\/\/www.petroni.hr\/en\/proizvod\/antena-za-tv-mestic\/"]}]},{"@type":"ImageObject","inLanguage":"en-US","@id":"https:\/\/www.petroni.hr\/en\/proizvod\/antena-za-tv-mestic\/#primaryimage","url":"https:\/\/www.petroni.hr\/wp-content\/uploads\/2026\/01\/antena-za-TV-Mestic.jpg","contentUrl":"https:\/\/www.petroni.hr\/wp-content\/uploads\/2026\/01\/antena-za-TV-Mestic.jpg","width":1176,"height":689},{"@type":"BreadcrumbList","@id":"https:\/\/www.petroni.hr\/en\/proizvod\/antena-za-tv-mestic\/#breadcrumb","itemListElement":[{"@type":"ListItem","position":1,"name":"Po\u010detna stranica","item":"https:\/\/www.petroni.hr\/en\/"},{"@type":"ListItem","position":2,"name":"Shop","item":"https:\/\/www.petroni.hr\/en\/shop\/"},{"@type":"ListItem","position":3,"name":"Antena za TV DVB-T Mestic"}]},{"@type":"WebSite","@id":"https:\/\/www.petroni.hr\/en\/#website","url":"https:\/\/www.petroni.hr\/en\/","name":"Petroni.hr","description":"Experience the unprecedented freedom of travel","publisher":{"@id":"https:\/\/www.petroni.hr\/en\/#organization"},"alternateName":"Petroni","potentialAction":[{"@type":"SearchAction","target":{"@type":"EntryPoint","urlTemplate":"https:\/\/www.petroni.hr\/en\/?s={search_term_string}"},"query-input":{"@type":"PropertyValueSpecification","valueRequired":true,"valueName":"search_term_string"}}],"inLanguage":"en-US"},{"@type":"Organization","@id":"https:\/\/www.petroni.hr\/en\/#organization","name":"Petroni d.o.o.","alternateName":"Petroni","url":"https:\/\/www.petroni.hr\/en\/","logo":{"@type":"ImageObject","inLanguage":"en-US","@id":"https:\/\/www.petroni.hr\/en\/#\/schema\/logo\/image\/","url":"https:\/\/www.petroni.hr\/wp-content\/uploads\/2024\/03\/cropped-Group-3.jpg","contentUrl":"https:\/\/www.petroni.hr\/wp-content\/uploads\/2024\/03\/cropped-Group-3.jpg","width":512,"height":512,"caption":"Petroni d.o.o."},"image":{"@id":"https:\/\/www.petroni.hr\/en\/#\/schema\/logo\/image\/"},"sameAs":["https:\/\/www.facebook.com\/Kamperi.Petroni.Sesvete\/?locale=hr_HR"]}]}},"_links":{"self":[{"href":"https:\/\/www.petroni.hr\/en\/wp-json\/wp\/v2\/product\/25699","targetHints":{"allow":["GET"]}}],"collection":[{"href":"https:\/\/www.petroni.hr\/en\/wp-json\/wp\/v2\/product"}],"about":[{"href":"https:\/\/www.petroni.hr\/en\/wp-json\/wp\/v2\/types\/product"}],"replies":[{"embeddable":true,"href":"https:\/\/www.petroni.hr\/en\/wp-json\/wp\/v2\/comments?post=25699"}],"wp:featuredmedia":[{"embeddable":true,"href":"https:\/\/www.petroni.hr\/en\/wp-json\/wp\/v2\/media\/25700"}],"wp:attachment":[{"href":"https:\/\/www.petroni.hr\/en\/wp-json\/wp\/v2\/media?parent=25699"}],"wp:term":[{"taxonomy":"product_brand","embeddable":true,"href":"https:\/\/www.petroni.hr\/en\/wp-json\/wp\/v2\/product_brand?post=25699"},{"taxonomy":"product_cat","embeddable":true,"href":"https:\/\/www.petroni.hr\/en\/wp-json\/wp\/v2\/product_cat?post=25699"},{"taxonomy":"product_tag","embeddable":true,"href":"https:\/\/www.petroni.hr\/en\/wp-json\/wp\/v2\/product_tag?post=25699"}],"curies":[{"name":"wp","href":"https:\/\/api.w.org\/{rel}","templated":true}]}}