{"id":25597,"date":"2026-01-17T12:59:09","date_gmt":"2026-01-17T11:59:09","guid":{"rendered":"https:\/\/www.petroni.hr\/?post_type=product&#038;p=25597"},"modified":"2026-01-20T18:56:38","modified_gmt":"2026-01-20T17:56:38","slug":"posude-melamin-lund-za-4-osobe-16-dijelova","status":"publish","type":"product","link":"https:\/\/www.petroni.hr\/en\/proizvod\/posude-melamin-lund-za-4-osobe-16-dijelova\/","title":{"rendered":"Posu\u0111e melamin LUND za 4 osobe &#8211; 16 dijelova"},"content":{"rendered":"<p>LUND set posu\u0111a od melamina &#8211; 16 dijelova &#8211; crni<\/p>\n<p>Otporan na hranu<br \/>\nOtporan na temperaturu do 70\u00b0C tijekom 2 sata<br \/>\nMo\u017ee se prati u perilici posu\u0111a (na niskoj temperaturi)<\/p>\n<p>Lund set posu\u0111a, sa svojim upe\u010datljivim, ali jednostavnim dizajnom, impresionira svojom te\u0161kom, vrhunskom kvalitetom.<\/p>\n<p>&nbsp;<\/p>\n<p>Daljnje specifikacije:<\/p>\n<p>Dimenzije tanjura za desert: \u00d8 22,5 cm<br \/>\nDimenzije tanjura za ve\u010deru: \u00d8 27,5 cm<br \/>\nDimenzije zdjele: \u00d8 8,5 \/ 16 cm, visina 8 cm<br \/>\nDimenzije \u0161alice: \u00d8 8 cm, visina 10 cm, kapacitet 350 ml<\/p>\n<p>Napomena: Nije prikladno za kori\u0161tenje u mikrovalnoj pe\u0107nici.<\/p>\n<p>Sadr\u017eaj: 4 tanjura za desert, 4 tanjura za ve\u010deru, 4 zdjele, 4 \u0161alice<\/p>\n<p>Komada: 16<br \/>\nDizajn: LUND<br \/>\nBoja: Crna<br \/>\nMaterijal: 100% melamin<br \/>\nMo\u017ee se prati u perilici posu\u0111a: na niskoj temperaturi<br \/>\nMo\u017ee se koristiti u mikrovalnoj pe\u0107nici: Ne<br \/>\nTe\u017eina: 3 kg<\/p>\n","protected":false},"excerpt":{"rendered":"<p>LUND set posu\u0111a od melamina &#8211; 16 dijelova &#8211; crni Otporan na hranu Otporan na temperaturu do 70\u00b0C tijekom 2 sata Mo\u017ee se prati u perilici posu\u0111a (na niskoj temperaturi) Lund set posu\u0111a, sa svojim upe\u010datljivim, ali jednostavnim dizajnom, impresionira svojom te\u0161kom, vrhunskom kvalitetom. &nbsp; Daljnje specifikacije: Dimenzije tanjura za desert: \u00d8 22,5 cm Dimenzije [&hellip;]<\/p>\n","protected":false},"featured_media":25598,"comment_status":"open","ping_status":"closed","template":"","meta":{"_acf_changed":false,"_themeisle_gutenberg_block_has_review":false},"product_brand":[],"product_cat":[206,246],"product_tag":[],"class_list":{"0":"post-25597","1":"product","2":"type-product","3":"status-publish","4":"has-post-thumbnail","6":"product_cat-household-kitchen","7":"product_cat-posude-household-kitchen","9":"first","10":"instock","11":"shipping-taxable","12":"purchasable","13":"product-type-simple"},"acf":[],"yoast_head":"<!-- This site is optimized with the Yoast SEO plugin v27.5 - https:\/\/yoast.com\/product\/yoast-seo-wordpress\/ -->\n<title>Posu\u0111e melamin LUND za 4 osobe - 16 dijelova | Petroni - rent | sale | service | conversions<\/title>\n<meta name=\"robots\" content=\"index, follow, max-snippet:-1, max-image-preview:large, max-video-preview:-1\" \/>\n<link rel=\"canonical\" href=\"https:\/\/www.petroni.hr\/en\/proizvod\/posude-melamin-lund-za-4-osobe-16-dijelova\/\" \/>\n<meta property=\"og:locale\" content=\"en_US\" \/>\n<meta property=\"og:type\" content=\"article\" \/>\n<meta property=\"og:title\" content=\"Posu\u0111e melamin LUND za 4 osobe - 16 dijelova | Petroni - rent | sale | service | conversions\" \/>\n<meta property=\"og:description\" content=\"LUND set posu\u0111a od melamina &#8211; 16 dijelova &#8211; crni Otporan na hranu Otporan na temperaturu do 70\u00b0C tijekom 2 sata Mo\u017ee se prati u perilici posu\u0111a (na niskoj temperaturi) Lund set posu\u0111a, sa svojim upe\u010datljivim, ali jednostavnim dizajnom, impresionira svojom te\u0161kom, vrhunskom kvalitetom. &nbsp; Daljnje specifikacije: Dimenzije tanjura za desert: \u00d8 22,5 cm Dimenzije [&hellip;]\" \/>\n<meta property=\"og:url\" content=\"https:\/\/www.petroni.hr\/en\/proizvod\/posude-melamin-lund-za-4-osobe-16-dijelova\/\" \/>\n<meta property=\"og:site_name\" content=\"Petroni - rent | sale | service | conversions\" \/>\n<meta property=\"article:publisher\" content=\"https:\/\/www.facebook.com\/Kamperi.Petroni.Sesvete\/?locale=hr_HR\" \/>\n<meta property=\"article:modified_time\" content=\"2026-01-20T17:56:38+00:00\" \/>\n<meta property=\"og:image\" content=\"https:\/\/www.petroni.hr\/wp-content\/uploads\/2026\/01\/posude-melamin-1.jpg\" \/>\n\t<meta property=\"og:image:width\" content=\"550\" \/>\n\t<meta property=\"og:image:height\" content=\"413\" \/>\n\t<meta property=\"og:image:type\" content=\"image\/jpeg\" \/>\n<meta name=\"twitter:card\" content=\"summary_large_image\" \/>\n<meta name=\"twitter:label1\" content=\"Est. reading time\" \/>\n\t<meta name=\"twitter:data1\" content=\"1 minute\" \/>\n<script type=\"application\/ld+json\" class=\"yoast-schema-graph\">{\"@context\":\"https:\\\/\\\/schema.org\",\"@graph\":[{\"@type\":\"WebPage\",\"@id\":\"https:\\\/\\\/www.petroni.hr\\\/en\\\/proizvod\\\/posude-melamin-lund-za-4-osobe-16-dijelova\\\/\",\"url\":\"https:\\\/\\\/www.petroni.hr\\\/en\\\/proizvod\\\/posude-melamin-lund-za-4-osobe-16-dijelova\\\/\",\"name\":\"Posu\u0111e melamin LUND za 4 osobe - 16 dijelova | Petroni - rent | sale | service | conversions\",\"isPartOf\":{\"@id\":\"https:\\\/\\\/www.petroni.hr\\\/en\\\/#website\"},\"primaryImageOfPage\":{\"@id\":\"https:\\\/\\\/www.petroni.hr\\\/en\\\/proizvod\\\/posude-melamin-lund-za-4-osobe-16-dijelova\\\/#primaryimage\"},\"image\":{\"@id\":\"https:\\\/\\\/www.petroni.hr\\\/en\\\/proizvod\\\/posude-melamin-lund-za-4-osobe-16-dijelova\\\/#primaryimage\"},\"thumbnailUrl\":\"https:\\\/\\\/www.petroni.hr\\\/wp-content\\\/uploads\\\/2026\\\/01\\\/posude-melamin-1.jpg\",\"datePublished\":\"2026-01-17T11:59:09+00:00\",\"dateModified\":\"2026-01-20T17:56:38+00:00\",\"breadcrumb\":{\"@id\":\"https:\\\/\\\/www.petroni.hr\\\/en\\\/proizvod\\\/posude-melamin-lund-za-4-osobe-16-dijelova\\\/#breadcrumb\"},\"inLanguage\":\"en-US\",\"potentialAction\":[{\"@type\":\"ReadAction\",\"target\":[\"https:\\\/\\\/www.petroni.hr\\\/en\\\/proizvod\\\/posude-melamin-lund-za-4-osobe-16-dijelova\\\/\"]}]},{\"@type\":\"ImageObject\",\"inLanguage\":\"en-US\",\"@id\":\"https:\\\/\\\/www.petroni.hr\\\/en\\\/proizvod\\\/posude-melamin-lund-za-4-osobe-16-dijelova\\\/#primaryimage\",\"url\":\"https:\\\/\\\/www.petroni.hr\\\/wp-content\\\/uploads\\\/2026\\\/01\\\/posude-melamin-1.jpg\",\"contentUrl\":\"https:\\\/\\\/www.petroni.hr\\\/wp-content\\\/uploads\\\/2026\\\/01\\\/posude-melamin-1.jpg\",\"width\":550,\"height\":413},{\"@type\":\"BreadcrumbList\",\"@id\":\"https:\\\/\\\/www.petroni.hr\\\/en\\\/proizvod\\\/posude-melamin-lund-za-4-osobe-16-dijelova\\\/#breadcrumb\",\"itemListElement\":[{\"@type\":\"ListItem\",\"position\":1,\"name\":\"Po\u010detna stranica\",\"item\":\"https:\\\/\\\/www.petroni.hr\\\/en\\\/\"},{\"@type\":\"ListItem\",\"position\":2,\"name\":\"Shop\",\"item\":\"https:\\\/\\\/www.petroni.hr\\\/en\\\/shop\\\/\"},{\"@type\":\"ListItem\",\"position\":3,\"name\":\"Posu\u0111e melamin LUND za 4 osobe &#8211; 16 dijelova\"}]},{\"@type\":\"WebSite\",\"@id\":\"https:\\\/\\\/www.petroni.hr\\\/en\\\/#website\",\"url\":\"https:\\\/\\\/www.petroni.hr\\\/en\\\/\",\"name\":\"Petroni.hr\",\"description\":\"Experience the unprecedented freedom of travel\",\"publisher\":{\"@id\":\"https:\\\/\\\/www.petroni.hr\\\/en\\\/#organization\"},\"alternateName\":\"Petroni\",\"potentialAction\":[{\"@type\":\"SearchAction\",\"target\":{\"@type\":\"EntryPoint\",\"urlTemplate\":\"https:\\\/\\\/www.petroni.hr\\\/en\\\/?s={search_term_string}\"},\"query-input\":{\"@type\":\"PropertyValueSpecification\",\"valueRequired\":true,\"valueName\":\"search_term_string\"}}],\"inLanguage\":\"en-US\"},{\"@type\":\"Organization\",\"@id\":\"https:\\\/\\\/www.petroni.hr\\\/en\\\/#organization\",\"name\":\"Petroni d.o.o.\",\"alternateName\":\"Petroni\",\"url\":\"https:\\\/\\\/www.petroni.hr\\\/en\\\/\",\"logo\":{\"@type\":\"ImageObject\",\"inLanguage\":\"en-US\",\"@id\":\"https:\\\/\\\/www.petroni.hr\\\/en\\\/#\\\/schema\\\/logo\\\/image\\\/\",\"url\":\"https:\\\/\\\/www.petroni.hr\\\/wp-content\\\/uploads\\\/2024\\\/03\\\/cropped-Group-3.jpg\",\"contentUrl\":\"https:\\\/\\\/www.petroni.hr\\\/wp-content\\\/uploads\\\/2024\\\/03\\\/cropped-Group-3.jpg\",\"width\":512,\"height\":512,\"caption\":\"Petroni d.o.o.\"},\"image\":{\"@id\":\"https:\\\/\\\/www.petroni.hr\\\/en\\\/#\\\/schema\\\/logo\\\/image\\\/\"},\"sameAs\":[\"https:\\\/\\\/www.facebook.com\\\/Kamperi.Petroni.Sesvete\\\/?locale=hr_HR\"]}]}<\/script>\n<!-- \/ Yoast SEO plugin. -->","yoast_head_json":{"title":"Posu\u0111e melamin LUND za 4 osobe - 16 dijelova | Petroni - rent | sale | service | conversions","robots":{"index":"index","follow":"follow","max-snippet":"max-snippet:-1","max-image-preview":"max-image-preview:large","max-video-preview":"max-video-preview:-1"},"canonical":"https:\/\/www.petroni.hr\/en\/proizvod\/posude-melamin-lund-za-4-osobe-16-dijelova\/","og_locale":"en_US","og_type":"article","og_title":"Posu\u0111e melamin LUND za 4 osobe - 16 dijelova | Petroni - rent | sale | service | conversions","og_description":"LUND set posu\u0111a od melamina &#8211; 16 dijelova &#8211; crni Otporan na hranu Otporan na temperaturu do 70\u00b0C tijekom 2 sata Mo\u017ee se prati u perilici posu\u0111a (na niskoj temperaturi) Lund set posu\u0111a, sa svojim upe\u010datljivim, ali jednostavnim dizajnom, impresionira svojom te\u0161kom, vrhunskom kvalitetom. &nbsp; Daljnje specifikacije: Dimenzije tanjura za desert: \u00d8 22,5 cm Dimenzije [&hellip;]","og_url":"https:\/\/www.petroni.hr\/en\/proizvod\/posude-melamin-lund-za-4-osobe-16-dijelova\/","og_site_name":"Petroni - rent | sale | service | conversions","article_publisher":"https:\/\/www.facebook.com\/Kamperi.Petroni.Sesvete\/?locale=hr_HR","article_modified_time":"2026-01-20T17:56:38+00:00","og_image":[{"width":550,"height":413,"url":"https:\/\/www.petroni.hr\/wp-content\/uploads\/2026\/01\/posude-melamin-1.jpg","type":"image\/jpeg"}],"twitter_card":"summary_large_image","twitter_misc":{"Est. reading time":"1 minute"},"schema":{"@context":"https:\/\/schema.org","@graph":[{"@type":"WebPage","@id":"https:\/\/www.petroni.hr\/en\/proizvod\/posude-melamin-lund-za-4-osobe-16-dijelova\/","url":"https:\/\/www.petroni.hr\/en\/proizvod\/posude-melamin-lund-za-4-osobe-16-dijelova\/","name":"Posu\u0111e melamin LUND za 4 osobe - 16 dijelova | Petroni - rent | sale | service | conversions","isPartOf":{"@id":"https:\/\/www.petroni.hr\/en\/#website"},"primaryImageOfPage":{"@id":"https:\/\/www.petroni.hr\/en\/proizvod\/posude-melamin-lund-za-4-osobe-16-dijelova\/#primaryimage"},"image":{"@id":"https:\/\/www.petroni.hr\/en\/proizvod\/posude-melamin-lund-za-4-osobe-16-dijelova\/#primaryimage"},"thumbnailUrl":"https:\/\/www.petroni.hr\/wp-content\/uploads\/2026\/01\/posude-melamin-1.jpg","datePublished":"2026-01-17T11:59:09+00:00","dateModified":"2026-01-20T17:56:38+00:00","breadcrumb":{"@id":"https:\/\/www.petroni.hr\/en\/proizvod\/posude-melamin-lund-za-4-osobe-16-dijelova\/#breadcrumb"},"inLanguage":"en-US","potentialAction":[{"@type":"ReadAction","target":["https:\/\/www.petroni.hr\/en\/proizvod\/posude-melamin-lund-za-4-osobe-16-dijelova\/"]}]},{"@type":"ImageObject","inLanguage":"en-US","@id":"https:\/\/www.petroni.hr\/en\/proizvod\/posude-melamin-lund-za-4-osobe-16-dijelova\/#primaryimage","url":"https:\/\/www.petroni.hr\/wp-content\/uploads\/2026\/01\/posude-melamin-1.jpg","contentUrl":"https:\/\/www.petroni.hr\/wp-content\/uploads\/2026\/01\/posude-melamin-1.jpg","width":550,"height":413},{"@type":"BreadcrumbList","@id":"https:\/\/www.petroni.hr\/en\/proizvod\/posude-melamin-lund-za-4-osobe-16-dijelova\/#breadcrumb","itemListElement":[{"@type":"ListItem","position":1,"name":"Po\u010detna stranica","item":"https:\/\/www.petroni.hr\/en\/"},{"@type":"ListItem","position":2,"name":"Shop","item":"https:\/\/www.petroni.hr\/en\/shop\/"},{"@type":"ListItem","position":3,"name":"Posu\u0111e melamin LUND za 4 osobe &#8211; 16 dijelova"}]},{"@type":"WebSite","@id":"https:\/\/www.petroni.hr\/en\/#website","url":"https:\/\/www.petroni.hr\/en\/","name":"Petroni.hr","description":"Experience the unprecedented freedom of travel","publisher":{"@id":"https:\/\/www.petroni.hr\/en\/#organization"},"alternateName":"Petroni","potentialAction":[{"@type":"SearchAction","target":{"@type":"EntryPoint","urlTemplate":"https:\/\/www.petroni.hr\/en\/?s={search_term_string}"},"query-input":{"@type":"PropertyValueSpecification","valueRequired":true,"valueName":"search_term_string"}}],"inLanguage":"en-US"},{"@type":"Organization","@id":"https:\/\/www.petroni.hr\/en\/#organization","name":"Petroni d.o.o.","alternateName":"Petroni","url":"https:\/\/www.petroni.hr\/en\/","logo":{"@type":"ImageObject","inLanguage":"en-US","@id":"https:\/\/www.petroni.hr\/en\/#\/schema\/logo\/image\/","url":"https:\/\/www.petroni.hr\/wp-content\/uploads\/2024\/03\/cropped-Group-3.jpg","contentUrl":"https:\/\/www.petroni.hr\/wp-content\/uploads\/2024\/03\/cropped-Group-3.jpg","width":512,"height":512,"caption":"Petroni d.o.o."},"image":{"@id":"https:\/\/www.petroni.hr\/en\/#\/schema\/logo\/image\/"},"sameAs":["https:\/\/www.facebook.com\/Kamperi.Petroni.Sesvete\/?locale=hr_HR"]}]}},"_links":{"self":[{"href":"https:\/\/www.petroni.hr\/en\/wp-json\/wp\/v2\/product\/25597","targetHints":{"allow":["GET"]}}],"collection":[{"href":"https:\/\/www.petroni.hr\/en\/wp-json\/wp\/v2\/product"}],"about":[{"href":"https:\/\/www.petroni.hr\/en\/wp-json\/wp\/v2\/types\/product"}],"replies":[{"embeddable":true,"href":"https:\/\/www.petroni.hr\/en\/wp-json\/wp\/v2\/comments?post=25597"}],"wp:featuredmedia":[{"embeddable":true,"href":"https:\/\/www.petroni.hr\/en\/wp-json\/wp\/v2\/media\/25598"}],"wp:attachment":[{"href":"https:\/\/www.petroni.hr\/en\/wp-json\/wp\/v2\/media?parent=25597"}],"wp:term":[{"taxonomy":"product_brand","embeddable":true,"href":"https:\/\/www.petroni.hr\/en\/wp-json\/wp\/v2\/product_brand?post=25597"},{"taxonomy":"product_cat","embeddable":true,"href":"https:\/\/www.petroni.hr\/en\/wp-json\/wp\/v2\/product_cat?post=25597"},{"taxonomy":"product_tag","embeddable":true,"href":"https:\/\/www.petroni.hr\/en\/wp-json\/wp\/v2\/product_tag?post=25597"}],"curies":[{"name":"wp","href":"https:\/\/api.w.org\/{rel}","templated":true}]}}