{"id":25569,"date":"2026-01-16T15:23:26","date_gmt":"2026-01-16T14:23:26","guid":{"rendered":"https:\/\/www.petroni.hr\/?post_type=product&#038;p=25569"},"modified":"2026-01-16T15:23:27","modified_gmt":"2026-01-16T14:23:27","slug":"bojler-grijac-vode-cozywater-10-lit-12-220v-200w","status":"publish","type":"product","link":"https:\/\/www.petroni.hr\/en\/proizvod\/bojler-grijac-vode-cozywater-10-lit-12-220v-200w\/","title":{"rendered":"Bojler-grija\u010d vode CozyWater 10 lit 12\/220V 200W"},"content":{"rendered":"<p>CozyWater 10C (Combi) Bojler za toplu vodu<br \/>\nCozyWater bojler za toplu vodu, 10 litara, \u010delik, crni, 12\/230V, 200W<\/p>\n<p>Spremnik od nehr\u0111aju\u0107eg \u010delika od 10 l<br \/>\nIntegrirana izolacijska pjena u ku\u0107i\u0161tu za izvrsna izolacijska svojstva<br \/>\nGrija\u0107i elementi zagrijavaju vodu do 75\u00b0C<br \/>\nMat crno metalno ku\u0107i\u0161te<br \/>\nSigurnosni ventil uklju\u010den u sve bojlere<br \/>\n12 V, termostat na ku\u0107i\u0161tu bojlera<\/p>\n<p>Ulazni napon: 12 V \/ 230 V<br \/>\nPotro\u0161nja energije: 200 W \/ 800 W<\/p>\n<p>Kapacitet vode: 10 litara<\/p>\n<p>Radni tlak: 2,5 bara<\/p>\n<p>Za\u0161tita od tlaka: 3,0 bara<\/p>\n<p>Priklju\u010dak vode: 1\/2&#8243; mu\u0161ki navoj<\/p>\n<p>Raspon temperature: 25 &#8211; 75\u00b0C<\/p>\n<p>Vrijeme zagrijavanja: Na 230 V: cca. 50 min<\/p>\n<p>Upravljanje: \u017di\u010dani daljinski upravlja\u010d (duljina kabela 5 m)<\/p>\n<p>Materijal spremnika: Nehr\u0111aju\u0107i \u010delik (304)<\/p>\n<p>Materijal ku\u0107i\u0161ta: Metal<\/p>\n<p>Polo\u017eaj ugradnje: Horizontalni<\/p>\n<p>Kabel za napajanje: 12 V (duljina kabela 1,2 m) \/ 230 V (duljina kabela 1,2 m)<\/p>\n<p>O\u010dekivana dostupnost od Q2\/25.<\/p>\n<p>Opseg isporuke: Bojler za toplu vodu od 10 L s integriranim grija\u0107im elementom 12\/230 V, upravlja\u010dka plo\u010da s kabelom za napajanje od 5 m, sigurnosni ventil<\/p>\n<p>Duljina: 400 mm<\/p>\n<p>Visina: 290 mm<br \/>\nPromjer: \u00d8 270 mm<br \/>\nTe\u017eina: 6 kg<br \/>\nBoja: Mat crna<\/p>\n","protected":false},"excerpt":{"rendered":"<p>CozyWater 10C (Combi) Bojler za toplu vodu CozyWater bojler za toplu vodu, 10 litara, \u010delik, crni, 12\/230V, 200W Spremnik od nehr\u0111aju\u0107eg \u010delika od 10 l Integrirana izolacijska pjena u ku\u0107i\u0161tu za izvrsna izolacijska svojstva Grija\u0107i elementi zagrijavaju vodu do 75\u00b0C Mat crno metalno ku\u0107i\u0161te Sigurnosni ventil uklju\u010den u sve bojlere 12 V, termostat na ku\u0107i\u0161tu [&hellip;]<\/p>\n","protected":false},"featured_media":25570,"comment_status":"open","ping_status":"closed","template":"","meta":{"_acf_changed":false,"_themeisle_gutenberg_block_has_review":false},"product_brand":[],"product_cat":[368,203],"product_tag":[],"class_list":{"0":"post-25569","1":"product","2":"type-product","3":"status-publish","4":"has-post-thumbnail","6":"product_cat-grijaci-vode","7":"product_cat-water-sanitary","9":"first","10":"outofstock","11":"shipping-taxable","12":"purchasable","13":"product-type-simple"},"acf":[],"yoast_head":"<!-- This site is optimized with the Yoast SEO plugin v27.4 - https:\/\/yoast.com\/product\/yoast-seo-wordpress\/ -->\n<title>Bojler-grija\u010d vode CozyWater 10 lit 12\/220V 200W | Petroni - rent | sale | service | conversions<\/title>\n<meta name=\"robots\" content=\"index, follow, max-snippet:-1, max-image-preview:large, max-video-preview:-1\" \/>\n<link rel=\"canonical\" href=\"https:\/\/www.petroni.hr\/en\/proizvod\/bojler-grijac-vode-cozywater-10-lit-12-220v-200w\/\" \/>\n<meta property=\"og:locale\" content=\"en_US\" \/>\n<meta property=\"og:type\" content=\"article\" \/>\n<meta property=\"og:title\" content=\"Bojler-grija\u010d vode CozyWater 10 lit 12\/220V 200W | Petroni - rent | sale | service | conversions\" \/>\n<meta property=\"og:description\" content=\"CozyWater 10C (Combi) Bojler za toplu vodu CozyWater bojler za toplu vodu, 10 litara, \u010delik, crni, 12\/230V, 200W Spremnik od nehr\u0111aju\u0107eg \u010delika od 10 l Integrirana izolacijska pjena u ku\u0107i\u0161tu za izvrsna izolacijska svojstva Grija\u0107i elementi zagrijavaju vodu do 75\u00b0C Mat crno metalno ku\u0107i\u0161te Sigurnosni ventil uklju\u010den u sve bojlere 12 V, termostat na ku\u0107i\u0161tu [&hellip;]\" \/>\n<meta property=\"og:url\" content=\"https:\/\/www.petroni.hr\/en\/proizvod\/bojler-grijac-vode-cozywater-10-lit-12-220v-200w\/\" \/>\n<meta property=\"og:site_name\" content=\"Petroni - rent | sale | service | conversions\" \/>\n<meta property=\"article:publisher\" content=\"https:\/\/www.facebook.com\/Kamperi.Petroni.Sesvete\/?locale=hr_HR\" \/>\n<meta property=\"article:modified_time\" content=\"2026-01-16T14:23:27+00:00\" \/>\n<meta property=\"og:image\" content=\"https:\/\/www.petroni.hr\/wp-content\/uploads\/2026\/01\/Bojler-za-vodu-10lit.jpg\" \/>\n\t<meta property=\"og:image:width\" content=\"700\" \/>\n\t<meta property=\"og:image:height\" content=\"473\" \/>\n\t<meta property=\"og:image:type\" content=\"image\/jpeg\" \/>\n<meta name=\"twitter:card\" content=\"summary_large_image\" \/>\n<meta name=\"twitter:label1\" content=\"Est. reading time\" \/>\n\t<meta name=\"twitter:data1\" content=\"1 minute\" \/>\n<script type=\"application\/ld+json\" class=\"yoast-schema-graph\">{\"@context\":\"https:\\\/\\\/schema.org\",\"@graph\":[{\"@type\":\"WebPage\",\"@id\":\"https:\\\/\\\/www.petroni.hr\\\/en\\\/proizvod\\\/bojler-grijac-vode-cozywater-10-lit-12-220v-200w\\\/\",\"url\":\"https:\\\/\\\/www.petroni.hr\\\/en\\\/proizvod\\\/bojler-grijac-vode-cozywater-10-lit-12-220v-200w\\\/\",\"name\":\"Bojler-grija\u010d vode CozyWater 10 lit 12\\\/220V 200W | Petroni - rent | sale | service | conversions\",\"isPartOf\":{\"@id\":\"https:\\\/\\\/www.petroni.hr\\\/en\\\/#website\"},\"primaryImageOfPage\":{\"@id\":\"https:\\\/\\\/www.petroni.hr\\\/en\\\/proizvod\\\/bojler-grijac-vode-cozywater-10-lit-12-220v-200w\\\/#primaryimage\"},\"image\":{\"@id\":\"https:\\\/\\\/www.petroni.hr\\\/en\\\/proizvod\\\/bojler-grijac-vode-cozywater-10-lit-12-220v-200w\\\/#primaryimage\"},\"thumbnailUrl\":\"https:\\\/\\\/www.petroni.hr\\\/wp-content\\\/uploads\\\/2026\\\/01\\\/Bojler-za-vodu-10lit.jpg\",\"datePublished\":\"2026-01-16T14:23:26+00:00\",\"dateModified\":\"2026-01-16T14:23:27+00:00\",\"breadcrumb\":{\"@id\":\"https:\\\/\\\/www.petroni.hr\\\/en\\\/proizvod\\\/bojler-grijac-vode-cozywater-10-lit-12-220v-200w\\\/#breadcrumb\"},\"inLanguage\":\"en-US\",\"potentialAction\":[{\"@type\":\"ReadAction\",\"target\":[\"https:\\\/\\\/www.petroni.hr\\\/en\\\/proizvod\\\/bojler-grijac-vode-cozywater-10-lit-12-220v-200w\\\/\"]}]},{\"@type\":\"ImageObject\",\"inLanguage\":\"en-US\",\"@id\":\"https:\\\/\\\/www.petroni.hr\\\/en\\\/proizvod\\\/bojler-grijac-vode-cozywater-10-lit-12-220v-200w\\\/#primaryimage\",\"url\":\"https:\\\/\\\/www.petroni.hr\\\/wp-content\\\/uploads\\\/2026\\\/01\\\/Bojler-za-vodu-10lit.jpg\",\"contentUrl\":\"https:\\\/\\\/www.petroni.hr\\\/wp-content\\\/uploads\\\/2026\\\/01\\\/Bojler-za-vodu-10lit.jpg\",\"width\":700,\"height\":473},{\"@type\":\"BreadcrumbList\",\"@id\":\"https:\\\/\\\/www.petroni.hr\\\/en\\\/proizvod\\\/bojler-grijac-vode-cozywater-10-lit-12-220v-200w\\\/#breadcrumb\",\"itemListElement\":[{\"@type\":\"ListItem\",\"position\":1,\"name\":\"Po\u010detna stranica\",\"item\":\"https:\\\/\\\/www.petroni.hr\\\/en\\\/\"},{\"@type\":\"ListItem\",\"position\":2,\"name\":\"Shop\",\"item\":\"https:\\\/\\\/www.petroni.hr\\\/en\\\/shop\\\/\"},{\"@type\":\"ListItem\",\"position\":3,\"name\":\"Bojler-grija\u010d vode CozyWater 10 lit 12\\\/220V 200W\"}]},{\"@type\":\"WebSite\",\"@id\":\"https:\\\/\\\/www.petroni.hr\\\/en\\\/#website\",\"url\":\"https:\\\/\\\/www.petroni.hr\\\/en\\\/\",\"name\":\"Petroni.hr\",\"description\":\"Experience the unprecedented freedom of travel\",\"publisher\":{\"@id\":\"https:\\\/\\\/www.petroni.hr\\\/en\\\/#organization\"},\"alternateName\":\"Petroni\",\"potentialAction\":[{\"@type\":\"SearchAction\",\"target\":{\"@type\":\"EntryPoint\",\"urlTemplate\":\"https:\\\/\\\/www.petroni.hr\\\/en\\\/?s={search_term_string}\"},\"query-input\":{\"@type\":\"PropertyValueSpecification\",\"valueRequired\":true,\"valueName\":\"search_term_string\"}}],\"inLanguage\":\"en-US\"},{\"@type\":\"Organization\",\"@id\":\"https:\\\/\\\/www.petroni.hr\\\/en\\\/#organization\",\"name\":\"Petroni d.o.o.\",\"alternateName\":\"Petroni\",\"url\":\"https:\\\/\\\/www.petroni.hr\\\/en\\\/\",\"logo\":{\"@type\":\"ImageObject\",\"inLanguage\":\"en-US\",\"@id\":\"https:\\\/\\\/www.petroni.hr\\\/en\\\/#\\\/schema\\\/logo\\\/image\\\/\",\"url\":\"https:\\\/\\\/www.petroni.hr\\\/wp-content\\\/uploads\\\/2024\\\/03\\\/cropped-Group-3.jpg\",\"contentUrl\":\"https:\\\/\\\/www.petroni.hr\\\/wp-content\\\/uploads\\\/2024\\\/03\\\/cropped-Group-3.jpg\",\"width\":512,\"height\":512,\"caption\":\"Petroni d.o.o.\"},\"image\":{\"@id\":\"https:\\\/\\\/www.petroni.hr\\\/en\\\/#\\\/schema\\\/logo\\\/image\\\/\"},\"sameAs\":[\"https:\\\/\\\/www.facebook.com\\\/Kamperi.Petroni.Sesvete\\\/?locale=hr_HR\"]}]}<\/script>\n<!-- \/ Yoast SEO plugin. -->","yoast_head_json":{"title":"Bojler-grija\u010d vode CozyWater 10 lit 12\/220V 200W | Petroni - rent | sale | service | conversions","robots":{"index":"index","follow":"follow","max-snippet":"max-snippet:-1","max-image-preview":"max-image-preview:large","max-video-preview":"max-video-preview:-1"},"canonical":"https:\/\/www.petroni.hr\/en\/proizvod\/bojler-grijac-vode-cozywater-10-lit-12-220v-200w\/","og_locale":"en_US","og_type":"article","og_title":"Bojler-grija\u010d vode CozyWater 10 lit 12\/220V 200W | Petroni - rent | sale | service | conversions","og_description":"CozyWater 10C (Combi) Bojler za toplu vodu CozyWater bojler za toplu vodu, 10 litara, \u010delik, crni, 12\/230V, 200W Spremnik od nehr\u0111aju\u0107eg \u010delika od 10 l Integrirana izolacijska pjena u ku\u0107i\u0161tu za izvrsna izolacijska svojstva Grija\u0107i elementi zagrijavaju vodu do 75\u00b0C Mat crno metalno ku\u0107i\u0161te Sigurnosni ventil uklju\u010den u sve bojlere 12 V, termostat na ku\u0107i\u0161tu [&hellip;]","og_url":"https:\/\/www.petroni.hr\/en\/proizvod\/bojler-grijac-vode-cozywater-10-lit-12-220v-200w\/","og_site_name":"Petroni - rent | sale | service | conversions","article_publisher":"https:\/\/www.facebook.com\/Kamperi.Petroni.Sesvete\/?locale=hr_HR","article_modified_time":"2026-01-16T14:23:27+00:00","og_image":[{"width":700,"height":473,"url":"https:\/\/www.petroni.hr\/wp-content\/uploads\/2026\/01\/Bojler-za-vodu-10lit.jpg","type":"image\/jpeg"}],"twitter_card":"summary_large_image","twitter_misc":{"Est. reading time":"1 minute"},"schema":{"@context":"https:\/\/schema.org","@graph":[{"@type":"WebPage","@id":"https:\/\/www.petroni.hr\/en\/proizvod\/bojler-grijac-vode-cozywater-10-lit-12-220v-200w\/","url":"https:\/\/www.petroni.hr\/en\/proizvod\/bojler-grijac-vode-cozywater-10-lit-12-220v-200w\/","name":"Bojler-grija\u010d vode CozyWater 10 lit 12\/220V 200W | Petroni - rent | sale | service | conversions","isPartOf":{"@id":"https:\/\/www.petroni.hr\/en\/#website"},"primaryImageOfPage":{"@id":"https:\/\/www.petroni.hr\/en\/proizvod\/bojler-grijac-vode-cozywater-10-lit-12-220v-200w\/#primaryimage"},"image":{"@id":"https:\/\/www.petroni.hr\/en\/proizvod\/bojler-grijac-vode-cozywater-10-lit-12-220v-200w\/#primaryimage"},"thumbnailUrl":"https:\/\/www.petroni.hr\/wp-content\/uploads\/2026\/01\/Bojler-za-vodu-10lit.jpg","datePublished":"2026-01-16T14:23:26+00:00","dateModified":"2026-01-16T14:23:27+00:00","breadcrumb":{"@id":"https:\/\/www.petroni.hr\/en\/proizvod\/bojler-grijac-vode-cozywater-10-lit-12-220v-200w\/#breadcrumb"},"inLanguage":"en-US","potentialAction":[{"@type":"ReadAction","target":["https:\/\/www.petroni.hr\/en\/proizvod\/bojler-grijac-vode-cozywater-10-lit-12-220v-200w\/"]}]},{"@type":"ImageObject","inLanguage":"en-US","@id":"https:\/\/www.petroni.hr\/en\/proizvod\/bojler-grijac-vode-cozywater-10-lit-12-220v-200w\/#primaryimage","url":"https:\/\/www.petroni.hr\/wp-content\/uploads\/2026\/01\/Bojler-za-vodu-10lit.jpg","contentUrl":"https:\/\/www.petroni.hr\/wp-content\/uploads\/2026\/01\/Bojler-za-vodu-10lit.jpg","width":700,"height":473},{"@type":"BreadcrumbList","@id":"https:\/\/www.petroni.hr\/en\/proizvod\/bojler-grijac-vode-cozywater-10-lit-12-220v-200w\/#breadcrumb","itemListElement":[{"@type":"ListItem","position":1,"name":"Po\u010detna stranica","item":"https:\/\/www.petroni.hr\/en\/"},{"@type":"ListItem","position":2,"name":"Shop","item":"https:\/\/www.petroni.hr\/en\/shop\/"},{"@type":"ListItem","position":3,"name":"Bojler-grija\u010d vode CozyWater 10 lit 12\/220V 200W"}]},{"@type":"WebSite","@id":"https:\/\/www.petroni.hr\/en\/#website","url":"https:\/\/www.petroni.hr\/en\/","name":"Petroni.hr","description":"Experience the unprecedented freedom of travel","publisher":{"@id":"https:\/\/www.petroni.hr\/en\/#organization"},"alternateName":"Petroni","potentialAction":[{"@type":"SearchAction","target":{"@type":"EntryPoint","urlTemplate":"https:\/\/www.petroni.hr\/en\/?s={search_term_string}"},"query-input":{"@type":"PropertyValueSpecification","valueRequired":true,"valueName":"search_term_string"}}],"inLanguage":"en-US"},{"@type":"Organization","@id":"https:\/\/www.petroni.hr\/en\/#organization","name":"Petroni d.o.o.","alternateName":"Petroni","url":"https:\/\/www.petroni.hr\/en\/","logo":{"@type":"ImageObject","inLanguage":"en-US","@id":"https:\/\/www.petroni.hr\/en\/#\/schema\/logo\/image\/","url":"https:\/\/www.petroni.hr\/wp-content\/uploads\/2024\/03\/cropped-Group-3.jpg","contentUrl":"https:\/\/www.petroni.hr\/wp-content\/uploads\/2024\/03\/cropped-Group-3.jpg","width":512,"height":512,"caption":"Petroni d.o.o."},"image":{"@id":"https:\/\/www.petroni.hr\/en\/#\/schema\/logo\/image\/"},"sameAs":["https:\/\/www.facebook.com\/Kamperi.Petroni.Sesvete\/?locale=hr_HR"]}]}},"_links":{"self":[{"href":"https:\/\/www.petroni.hr\/en\/wp-json\/wp\/v2\/product\/25569","targetHints":{"allow":["GET"]}}],"collection":[{"href":"https:\/\/www.petroni.hr\/en\/wp-json\/wp\/v2\/product"}],"about":[{"href":"https:\/\/www.petroni.hr\/en\/wp-json\/wp\/v2\/types\/product"}],"replies":[{"embeddable":true,"href":"https:\/\/www.petroni.hr\/en\/wp-json\/wp\/v2\/comments?post=25569"}],"wp:featuredmedia":[{"embeddable":true,"href":"https:\/\/www.petroni.hr\/en\/wp-json\/wp\/v2\/media\/25570"}],"wp:attachment":[{"href":"https:\/\/www.petroni.hr\/en\/wp-json\/wp\/v2\/media?parent=25569"}],"wp:term":[{"taxonomy":"product_brand","embeddable":true,"href":"https:\/\/www.petroni.hr\/en\/wp-json\/wp\/v2\/product_brand?post=25569"},{"taxonomy":"product_cat","embeddable":true,"href":"https:\/\/www.petroni.hr\/en\/wp-json\/wp\/v2\/product_cat?post=25569"},{"taxonomy":"product_tag","embeddable":true,"href":"https:\/\/www.petroni.hr\/en\/wp-json\/wp\/v2\/product_tag?post=25569"}],"curies":[{"name":"wp","href":"https:\/\/api.w.org\/{rel}","templated":true}]}}