{"id":25532,"date":"2026-01-16T13:43:42","date_gmt":"2026-01-16T12:43:42","guid":{"rendered":"https:\/\/www.petroni.hr\/?post_type=product&#038;p=25532"},"modified":"2026-01-20T18:44:25","modified_gmt":"2026-01-20T17:44:25","slug":"ventilator-za-naknadnu-ugradnju-fiamma-tirbo-kit","status":"publish","type":"product","link":"https:\/\/www.petroni.hr\/en\/proizvod\/ventilator-za-naknadnu-ugradnju-fiamma-tirbo-kit\/","title":{"rendered":"Ventilator za naknadnu ugradnju Fiamma Turbo-Kit"},"content":{"rendered":"<p>Turbo Kit &#8211; Ventilator za naknadnu ugradnju<\/p>\n<p>Sna\u017ean ventilator za monta\u017eu u gotovo sve krovne otvore-prozore<\/p>\n<p>Sada svje\u017ei zrak ulazi u vozilo<br \/>\nZa rad na 12 V ili baterije<br \/>\nSa sustavom stezanja za jednostavnu monta\u017eu<br \/>\nNaknadna ugradnja bez ve\u0107eg napora<br \/>\nPogodno za mnoge krovne otvore<br \/>\nTako\u0111er za stacionarni rad<br \/>\nSmjer vrtnje reverzibilan na 12 V<\/p>\n<p>Odgovara za krovne ventilacijske otvore Mini, Midi Heki, Remi-Top, OmniVent i Fiamma Vent 50 x 50 cm. Mo\u017ee se pri\u010dvrstiti na sve krovne ventilacijske otvore od 40 x 40 cm do 50 x 70 cm pomo\u0107u sustava stezaljki.<\/p>\n<p>Uklju\u010duje kabel i utika\u010d za spajanje na uti\u010dnicu za upalja\u010d (mo\u017ee se koristiti i s baterijama od 1,5 V; potrebno je 8 baterija).<\/p>\n<p>Opseg isporuke: 1 ventilator sa stezaljkom za vje\u0161anje, zajedno s kabelom za napajanje upalja\u010da<\/p>\n<p>Duljina: 36 cm<br \/>\n\u0160irina: 31 cm<br \/>\nVisina: 10 cm<br \/>\nPromjer: \u00d8 24 cm<br \/>\nNapon: 12 V<br \/>\nSnaga: 3 W<br \/>\nStruja: 0,26 A<br \/>\nMaterijal: Plastika<br \/>\nBoja: Bijela<br \/>\nTe\u017eina: 1,3 kg<br \/>\nProtok zraka: 5,4 m\u00b3\/h<\/p>\n<p>&nbsp;<\/p>\n","protected":false},"excerpt":{"rendered":"<p>Turbo Kit &#8211; Ventilator za naknadnu ugradnju Sna\u017ean ventilator za monta\u017eu u gotovo sve krovne otvore-prozore Sada svje\u017ei zrak ulazi u vozilo Za rad na 12 V ili baterije Sa sustavom stezanja za jednostavnu monta\u017eu Naknadna ugradnja bez ve\u0107eg napora Pogodno za mnoge krovne otvore Tako\u0111er za stacionarni rad Smjer vrtnje reverzibilan na 12 V [&hellip;]<\/p>\n","protected":false},"featured_media":25533,"comment_status":"open","ping_status":"closed","template":"","meta":{"_acf_changed":false,"_themeisle_gutenberg_block_has_review":false},"product_brand":[],"product_cat":[212,230,247],"product_tag":[],"class_list":{"0":"post-25532","1":"product","2":"type-product","3":"status-publish","4":"has-post-thumbnail","6":"product_cat-cooling-climate-heating","7":"product_cat-roof-window","8":"product_cat-ventilacija-cooling-climate-heating","10":"first","11":"instock","12":"shipping-taxable","13":"purchasable","14":"product-type-simple"},"acf":[],"yoast_head":"<!-- This site is optimized with the Yoast SEO plugin v27.4 - https:\/\/yoast.com\/product\/yoast-seo-wordpress\/ -->\n<title>Ventilator za naknadnu ugradnju Fiamma Turbo-Kit | Petroni - rent | sale | service | conversions<\/title>\n<meta name=\"robots\" content=\"index, follow, max-snippet:-1, max-image-preview:large, max-video-preview:-1\" \/>\n<link rel=\"canonical\" href=\"https:\/\/www.petroni.hr\/en\/proizvod\/ventilator-za-naknadnu-ugradnju-fiamma-tirbo-kit\/\" \/>\n<meta property=\"og:locale\" content=\"en_US\" \/>\n<meta property=\"og:type\" content=\"article\" \/>\n<meta property=\"og:title\" content=\"Ventilator za naknadnu ugradnju Fiamma Turbo-Kit | Petroni - rent | sale | service | conversions\" \/>\n<meta property=\"og:description\" content=\"Turbo Kit &#8211; Ventilator za naknadnu ugradnju Sna\u017ean ventilator za monta\u017eu u gotovo sve krovne otvore-prozore Sada svje\u017ei zrak ulazi u vozilo Za rad na 12 V ili baterije Sa sustavom stezanja za jednostavnu monta\u017eu Naknadna ugradnja bez ve\u0107eg napora Pogodno za mnoge krovne otvore Tako\u0111er za stacionarni rad Smjer vrtnje reverzibilan na 12 V [&hellip;]\" \/>\n<meta property=\"og:url\" content=\"https:\/\/www.petroni.hr\/en\/proizvod\/ventilator-za-naknadnu-ugradnju-fiamma-tirbo-kit\/\" \/>\n<meta property=\"og:site_name\" content=\"Petroni - rent | sale | service | conversions\" \/>\n<meta property=\"article:publisher\" content=\"https:\/\/www.facebook.com\/Kamperi.Petroni.Sesvete\/?locale=hr_HR\" \/>\n<meta property=\"article:modified_time\" content=\"2026-01-20T17:44:25+00:00\" \/>\n<meta property=\"og:image\" content=\"https:\/\/www.petroni.hr\/wp-content\/uploads\/2026\/01\/Ventilator-za-krovni-prozor-1.jpg\" \/>\n\t<meta property=\"og:image:width\" content=\"500\" \/>\n\t<meta property=\"og:image:height\" content=\"333\" \/>\n\t<meta property=\"og:image:type\" content=\"image\/jpeg\" \/>\n<meta name=\"twitter:card\" content=\"summary_large_image\" \/>\n<meta name=\"twitter:label1\" content=\"Est. reading time\" \/>\n\t<meta name=\"twitter:data1\" content=\"1 minute\" \/>\n<script type=\"application\/ld+json\" class=\"yoast-schema-graph\">{\"@context\":\"https:\\\/\\\/schema.org\",\"@graph\":[{\"@type\":\"WebPage\",\"@id\":\"https:\\\/\\\/www.petroni.hr\\\/en\\\/proizvod\\\/ventilator-za-naknadnu-ugradnju-fiamma-tirbo-kit\\\/\",\"url\":\"https:\\\/\\\/www.petroni.hr\\\/en\\\/proizvod\\\/ventilator-za-naknadnu-ugradnju-fiamma-tirbo-kit\\\/\",\"name\":\"Ventilator za naknadnu ugradnju Fiamma Turbo-Kit | Petroni - rent | sale | service | conversions\",\"isPartOf\":{\"@id\":\"https:\\\/\\\/www.petroni.hr\\\/en\\\/#website\"},\"primaryImageOfPage\":{\"@id\":\"https:\\\/\\\/www.petroni.hr\\\/en\\\/proizvod\\\/ventilator-za-naknadnu-ugradnju-fiamma-tirbo-kit\\\/#primaryimage\"},\"image\":{\"@id\":\"https:\\\/\\\/www.petroni.hr\\\/en\\\/proizvod\\\/ventilator-za-naknadnu-ugradnju-fiamma-tirbo-kit\\\/#primaryimage\"},\"thumbnailUrl\":\"https:\\\/\\\/www.petroni.hr\\\/wp-content\\\/uploads\\\/2026\\\/01\\\/Ventilator-za-krovni-prozor-1.jpg\",\"datePublished\":\"2026-01-16T12:43:42+00:00\",\"dateModified\":\"2026-01-20T17:44:25+00:00\",\"breadcrumb\":{\"@id\":\"https:\\\/\\\/www.petroni.hr\\\/en\\\/proizvod\\\/ventilator-za-naknadnu-ugradnju-fiamma-tirbo-kit\\\/#breadcrumb\"},\"inLanguage\":\"en-US\",\"potentialAction\":[{\"@type\":\"ReadAction\",\"target\":[\"https:\\\/\\\/www.petroni.hr\\\/en\\\/proizvod\\\/ventilator-za-naknadnu-ugradnju-fiamma-tirbo-kit\\\/\"]}]},{\"@type\":\"ImageObject\",\"inLanguage\":\"en-US\",\"@id\":\"https:\\\/\\\/www.petroni.hr\\\/en\\\/proizvod\\\/ventilator-za-naknadnu-ugradnju-fiamma-tirbo-kit\\\/#primaryimage\",\"url\":\"https:\\\/\\\/www.petroni.hr\\\/wp-content\\\/uploads\\\/2026\\\/01\\\/Ventilator-za-krovni-prozor-1.jpg\",\"contentUrl\":\"https:\\\/\\\/www.petroni.hr\\\/wp-content\\\/uploads\\\/2026\\\/01\\\/Ventilator-za-krovni-prozor-1.jpg\",\"width\":500,\"height\":333},{\"@type\":\"BreadcrumbList\",\"@id\":\"https:\\\/\\\/www.petroni.hr\\\/en\\\/proizvod\\\/ventilator-za-naknadnu-ugradnju-fiamma-tirbo-kit\\\/#breadcrumb\",\"itemListElement\":[{\"@type\":\"ListItem\",\"position\":1,\"name\":\"Po\u010detna stranica\",\"item\":\"https:\\\/\\\/www.petroni.hr\\\/en\\\/\"},{\"@type\":\"ListItem\",\"position\":2,\"name\":\"Shop\",\"item\":\"https:\\\/\\\/www.petroni.hr\\\/en\\\/shop\\\/\"},{\"@type\":\"ListItem\",\"position\":3,\"name\":\"Ventilator za naknadnu ugradnju Fiamma Turbo-Kit\"}]},{\"@type\":\"WebSite\",\"@id\":\"https:\\\/\\\/www.petroni.hr\\\/en\\\/#website\",\"url\":\"https:\\\/\\\/www.petroni.hr\\\/en\\\/\",\"name\":\"Petroni.hr\",\"description\":\"Experience the unprecedented freedom of travel\",\"publisher\":{\"@id\":\"https:\\\/\\\/www.petroni.hr\\\/en\\\/#organization\"},\"alternateName\":\"Petroni\",\"potentialAction\":[{\"@type\":\"SearchAction\",\"target\":{\"@type\":\"EntryPoint\",\"urlTemplate\":\"https:\\\/\\\/www.petroni.hr\\\/en\\\/?s={search_term_string}\"},\"query-input\":{\"@type\":\"PropertyValueSpecification\",\"valueRequired\":true,\"valueName\":\"search_term_string\"}}],\"inLanguage\":\"en-US\"},{\"@type\":\"Organization\",\"@id\":\"https:\\\/\\\/www.petroni.hr\\\/en\\\/#organization\",\"name\":\"Petroni d.o.o.\",\"alternateName\":\"Petroni\",\"url\":\"https:\\\/\\\/www.petroni.hr\\\/en\\\/\",\"logo\":{\"@type\":\"ImageObject\",\"inLanguage\":\"en-US\",\"@id\":\"https:\\\/\\\/www.petroni.hr\\\/en\\\/#\\\/schema\\\/logo\\\/image\\\/\",\"url\":\"https:\\\/\\\/www.petroni.hr\\\/wp-content\\\/uploads\\\/2024\\\/03\\\/cropped-Group-3.jpg\",\"contentUrl\":\"https:\\\/\\\/www.petroni.hr\\\/wp-content\\\/uploads\\\/2024\\\/03\\\/cropped-Group-3.jpg\",\"width\":512,\"height\":512,\"caption\":\"Petroni d.o.o.\"},\"image\":{\"@id\":\"https:\\\/\\\/www.petroni.hr\\\/en\\\/#\\\/schema\\\/logo\\\/image\\\/\"},\"sameAs\":[\"https:\\\/\\\/www.facebook.com\\\/Kamperi.Petroni.Sesvete\\\/?locale=hr_HR\"]}]}<\/script>\n<!-- \/ Yoast SEO plugin. -->","yoast_head_json":{"title":"Ventilator za naknadnu ugradnju Fiamma Turbo-Kit | Petroni - rent | sale | service | conversions","robots":{"index":"index","follow":"follow","max-snippet":"max-snippet:-1","max-image-preview":"max-image-preview:large","max-video-preview":"max-video-preview:-1"},"canonical":"https:\/\/www.petroni.hr\/en\/proizvod\/ventilator-za-naknadnu-ugradnju-fiamma-tirbo-kit\/","og_locale":"en_US","og_type":"article","og_title":"Ventilator za naknadnu ugradnju Fiamma Turbo-Kit | Petroni - rent | sale | service | conversions","og_description":"Turbo Kit &#8211; Ventilator za naknadnu ugradnju Sna\u017ean ventilator za monta\u017eu u gotovo sve krovne otvore-prozore Sada svje\u017ei zrak ulazi u vozilo Za rad na 12 V ili baterije Sa sustavom stezanja za jednostavnu monta\u017eu Naknadna ugradnja bez ve\u0107eg napora Pogodno za mnoge krovne otvore Tako\u0111er za stacionarni rad Smjer vrtnje reverzibilan na 12 V [&hellip;]","og_url":"https:\/\/www.petroni.hr\/en\/proizvod\/ventilator-za-naknadnu-ugradnju-fiamma-tirbo-kit\/","og_site_name":"Petroni - rent | sale | service | conversions","article_publisher":"https:\/\/www.facebook.com\/Kamperi.Petroni.Sesvete\/?locale=hr_HR","article_modified_time":"2026-01-20T17:44:25+00:00","og_image":[{"width":500,"height":333,"url":"https:\/\/www.petroni.hr\/wp-content\/uploads\/2026\/01\/Ventilator-za-krovni-prozor-1.jpg","type":"image\/jpeg"}],"twitter_card":"summary_large_image","twitter_misc":{"Est. reading time":"1 minute"},"schema":{"@context":"https:\/\/schema.org","@graph":[{"@type":"WebPage","@id":"https:\/\/www.petroni.hr\/en\/proizvod\/ventilator-za-naknadnu-ugradnju-fiamma-tirbo-kit\/","url":"https:\/\/www.petroni.hr\/en\/proizvod\/ventilator-za-naknadnu-ugradnju-fiamma-tirbo-kit\/","name":"Ventilator za naknadnu ugradnju Fiamma Turbo-Kit | Petroni - rent | sale | service | conversions","isPartOf":{"@id":"https:\/\/www.petroni.hr\/en\/#website"},"primaryImageOfPage":{"@id":"https:\/\/www.petroni.hr\/en\/proizvod\/ventilator-za-naknadnu-ugradnju-fiamma-tirbo-kit\/#primaryimage"},"image":{"@id":"https:\/\/www.petroni.hr\/en\/proizvod\/ventilator-za-naknadnu-ugradnju-fiamma-tirbo-kit\/#primaryimage"},"thumbnailUrl":"https:\/\/www.petroni.hr\/wp-content\/uploads\/2026\/01\/Ventilator-za-krovni-prozor-1.jpg","datePublished":"2026-01-16T12:43:42+00:00","dateModified":"2026-01-20T17:44:25+00:00","breadcrumb":{"@id":"https:\/\/www.petroni.hr\/en\/proizvod\/ventilator-za-naknadnu-ugradnju-fiamma-tirbo-kit\/#breadcrumb"},"inLanguage":"en-US","potentialAction":[{"@type":"ReadAction","target":["https:\/\/www.petroni.hr\/en\/proizvod\/ventilator-za-naknadnu-ugradnju-fiamma-tirbo-kit\/"]}]},{"@type":"ImageObject","inLanguage":"en-US","@id":"https:\/\/www.petroni.hr\/en\/proizvod\/ventilator-za-naknadnu-ugradnju-fiamma-tirbo-kit\/#primaryimage","url":"https:\/\/www.petroni.hr\/wp-content\/uploads\/2026\/01\/Ventilator-za-krovni-prozor-1.jpg","contentUrl":"https:\/\/www.petroni.hr\/wp-content\/uploads\/2026\/01\/Ventilator-za-krovni-prozor-1.jpg","width":500,"height":333},{"@type":"BreadcrumbList","@id":"https:\/\/www.petroni.hr\/en\/proizvod\/ventilator-za-naknadnu-ugradnju-fiamma-tirbo-kit\/#breadcrumb","itemListElement":[{"@type":"ListItem","position":1,"name":"Po\u010detna stranica","item":"https:\/\/www.petroni.hr\/en\/"},{"@type":"ListItem","position":2,"name":"Shop","item":"https:\/\/www.petroni.hr\/en\/shop\/"},{"@type":"ListItem","position":3,"name":"Ventilator za naknadnu ugradnju Fiamma Turbo-Kit"}]},{"@type":"WebSite","@id":"https:\/\/www.petroni.hr\/en\/#website","url":"https:\/\/www.petroni.hr\/en\/","name":"Petroni.hr","description":"Experience the unprecedented freedom of travel","publisher":{"@id":"https:\/\/www.petroni.hr\/en\/#organization"},"alternateName":"Petroni","potentialAction":[{"@type":"SearchAction","target":{"@type":"EntryPoint","urlTemplate":"https:\/\/www.petroni.hr\/en\/?s={search_term_string}"},"query-input":{"@type":"PropertyValueSpecification","valueRequired":true,"valueName":"search_term_string"}}],"inLanguage":"en-US"},{"@type":"Organization","@id":"https:\/\/www.petroni.hr\/en\/#organization","name":"Petroni d.o.o.","alternateName":"Petroni","url":"https:\/\/www.petroni.hr\/en\/","logo":{"@type":"ImageObject","inLanguage":"en-US","@id":"https:\/\/www.petroni.hr\/en\/#\/schema\/logo\/image\/","url":"https:\/\/www.petroni.hr\/wp-content\/uploads\/2024\/03\/cropped-Group-3.jpg","contentUrl":"https:\/\/www.petroni.hr\/wp-content\/uploads\/2024\/03\/cropped-Group-3.jpg","width":512,"height":512,"caption":"Petroni d.o.o."},"image":{"@id":"https:\/\/www.petroni.hr\/en\/#\/schema\/logo\/image\/"},"sameAs":["https:\/\/www.facebook.com\/Kamperi.Petroni.Sesvete\/?locale=hr_HR"]}]}},"_links":{"self":[{"href":"https:\/\/www.petroni.hr\/en\/wp-json\/wp\/v2\/product\/25532","targetHints":{"allow":["GET"]}}],"collection":[{"href":"https:\/\/www.petroni.hr\/en\/wp-json\/wp\/v2\/product"}],"about":[{"href":"https:\/\/www.petroni.hr\/en\/wp-json\/wp\/v2\/types\/product"}],"replies":[{"embeddable":true,"href":"https:\/\/www.petroni.hr\/en\/wp-json\/wp\/v2\/comments?post=25532"}],"wp:featuredmedia":[{"embeddable":true,"href":"https:\/\/www.petroni.hr\/en\/wp-json\/wp\/v2\/media\/25533"}],"wp:attachment":[{"href":"https:\/\/www.petroni.hr\/en\/wp-json\/wp\/v2\/media?parent=25532"}],"wp:term":[{"taxonomy":"product_brand","embeddable":true,"href":"https:\/\/www.petroni.hr\/en\/wp-json\/wp\/v2\/product_brand?post=25532"},{"taxonomy":"product_cat","embeddable":true,"href":"https:\/\/www.petroni.hr\/en\/wp-json\/wp\/v2\/product_cat?post=25532"},{"taxonomy":"product_tag","embeddable":true,"href":"https:\/\/www.petroni.hr\/en\/wp-json\/wp\/v2\/product_tag?post=25532"}],"curies":[{"name":"wp","href":"https:\/\/api.w.org\/{rel}","templated":true}]}}