{"id":25525,"date":"2026-01-16T12:28:54","date_gmt":"2026-01-16T11:28:54","guid":{"rendered":"https:\/\/www.petroni.hr\/?post_type=product&#038;p=25525"},"modified":"2026-01-20T19:11:44","modified_gmt":"2026-01-20T18:11:44","slug":"stitnik-od-pada-za-posude-jednostruki-30-40cm-3kom","status":"publish","type":"product","link":"https:\/\/www.petroni.hr\/en\/proizvod\/stitnik-od-pada-za-posude-jednostruki-30-40cm-3kom\/","title":{"rendered":"\u0160titnik od pada za posu\u0111e &#8211; jednostruki 30-40cm 3kom"},"content":{"rendered":"<p>Nosa\u010d Hold-it! s zaklju\u010davanjem nudi razne zna\u010dajke i prednosti:<\/p>\n<p>Univerzalan &#8211; pogodan za sve ormari\u0107e ili hladnjake<br \/>\nPodesiv &#8211; lako se pode\u0161ava po duljini<br \/>\nIzdr\u017eljiv &#8211; izra\u0111en od \u010dvrstog metala i plastike<br \/>\nZa\u0161titni &#8211; gumene kapice za sprje\u010davanje o\u0161te\u0107enja<br \/>\nSet od 3kom &#8211; za vi\u0161estruku upotrebu<\/p>\n<p>Nosa\u010d Hold-it! s zaklju\u010davanjem je set od 3 univerzalna nosa\u010da dizajnirana da sprije\u010de klizanje ili upadanje predmeta u va\u0161e ormari\u0107e ili hladnjak dok vozite svoju kamp-ku\u0107icu ili kamper. Lako se pode\u0161avaju po duljini, \u0161to ih \u010dini prikladnima za sve ormari\u0107e ili hladnjake. Izra\u0111eni od izdr\u017eljivog metala i plastike, napravljeni su za dugotrajnost. Tako\u0111er imaju gumene kapice za sprje\u010davanje o\u0161te\u0107enja va\u0161ih predmeta ili unutra\u0161njosti va\u0161ih ormari\u0107a. Ovaj set nosa\u010da neophodan je za svakog vlasnika kamp-ku\u0107ice ili kampera.<\/p>\n<p>Odr\u017eavajte svoju kamp-ku\u0107icu ili kamper organiziranom i sigurnom uz nosa\u010d Hold-it! s zaklju\u010davanjem. Svojom podesivom duljinom i izdr\u017eljivom konstrukcijom osigurava da va\u0161i predmeti ostanu na mjestu, \u010dak i dok ste u pokretu. Njegove gumene kapice dodaju dodatni sloj za\u0161tite, sprje\u010davaju\u0107i o\u0161te\u0107enje va\u0161ih predmeta. Ovaj set od 3 nosa\u010da prakti\u010dno je i pouzdano rje\u0161enje za odr\u017eavanje reda u va\u0161oj mobilnoj ku\u0107ici.<\/p>\n","protected":false},"excerpt":{"rendered":"<p>Nosa\u010d Hold-it! s zaklju\u010davanjem nudi razne zna\u010dajke i prednosti: Univerzalan &#8211; pogodan za sve ormari\u0107e ili hladnjake Podesiv &#8211; lako se pode\u0161ava po duljini Izdr\u017eljiv &#8211; izra\u0111en od \u010dvrstog metala i plastike Za\u0161titni &#8211; gumene kapice za sprje\u010davanje o\u0161te\u0107enja Set od 3kom &#8211; za vi\u0161estruku upotrebu Nosa\u010d Hold-it! s zaklju\u010davanjem je set od 3 univerzalna [&hellip;]<\/p>\n","protected":false},"featured_media":25526,"comment_status":"open","ping_status":"closed","template":"","meta":{"_acf_changed":false,"_themeisle_gutenberg_block_has_review":false},"product_brand":[],"product_cat":[226,206,246],"product_tag":[],"class_list":{"0":"post-25525","1":"product","2":"type-product","3":"status-publish","4":"has-post-thumbnail","6":"product_cat-hladnjaci-2","7":"product_cat-household-kitchen","8":"product_cat-posude-household-kitchen","10":"first","11":"instock","12":"shipping-taxable","13":"purchasable","14":"product-type-simple"},"acf":[],"yoast_head":"<!-- This site is optimized with the Yoast SEO plugin v27.4 - https:\/\/yoast.com\/product\/yoast-seo-wordpress\/ -->\n<title>\u0160titnik od pada za posu\u0111e - jednostruki 30-40cm 3kom | Petroni - rent | sale | service | conversions<\/title>\n<meta name=\"robots\" content=\"index, follow, max-snippet:-1, max-image-preview:large, max-video-preview:-1\" \/>\n<link rel=\"canonical\" href=\"https:\/\/www.petroni.hr\/en\/proizvod\/stitnik-od-pada-za-posude-jednostruki-30-40cm-3kom\/\" \/>\n<meta property=\"og:locale\" content=\"en_US\" \/>\n<meta property=\"og:type\" content=\"article\" \/>\n<meta property=\"og:title\" content=\"\u0160titnik od pada za posu\u0111e - jednostruki 30-40cm 3kom | Petroni - rent | sale | service | conversions\" \/>\n<meta property=\"og:description\" content=\"Nosa\u010d Hold-it! s zaklju\u010davanjem nudi razne zna\u010dajke i prednosti: Univerzalan &#8211; pogodan za sve ormari\u0107e ili hladnjake Podesiv &#8211; lako se pode\u0161ava po duljini Izdr\u017eljiv &#8211; izra\u0111en od \u010dvrstog metala i plastike Za\u0161titni &#8211; gumene kapice za sprje\u010davanje o\u0161te\u0107enja Set od 3kom &#8211; za vi\u0161estruku upotrebu Nosa\u010d Hold-it! s zaklju\u010davanjem je set od 3 univerzalna [&hellip;]\" \/>\n<meta property=\"og:url\" content=\"https:\/\/www.petroni.hr\/en\/proizvod\/stitnik-od-pada-za-posude-jednostruki-30-40cm-3kom\/\" \/>\n<meta property=\"og:site_name\" content=\"Petroni - rent | sale | service | conversions\" \/>\n<meta property=\"article:publisher\" content=\"https:\/\/www.facebook.com\/Kamperi.Petroni.Sesvete\/?locale=hr_HR\" \/>\n<meta property=\"article:modified_time\" content=\"2026-01-20T18:11:44+00:00\" \/>\n<meta property=\"og:image\" content=\"https:\/\/www.petroni.hr\/wp-content\/uploads\/2026\/01\/drzac-za-posude-1.jpg\" \/>\n\t<meta property=\"og:image:width\" content=\"2000\" \/>\n\t<meta property=\"og:image:height\" content=\"748\" \/>\n\t<meta property=\"og:image:type\" content=\"image\/jpeg\" \/>\n<meta name=\"twitter:card\" content=\"summary_large_image\" \/>\n<meta name=\"twitter:label1\" content=\"Est. reading time\" \/>\n\t<meta name=\"twitter:data1\" content=\"1 minute\" \/>\n<script type=\"application\/ld+json\" class=\"yoast-schema-graph\">{\"@context\":\"https:\\\/\\\/schema.org\",\"@graph\":[{\"@type\":\"WebPage\",\"@id\":\"https:\\\/\\\/www.petroni.hr\\\/en\\\/proizvod\\\/stitnik-od-pada-za-posude-jednostruki-30-40cm-3kom\\\/\",\"url\":\"https:\\\/\\\/www.petroni.hr\\\/en\\\/proizvod\\\/stitnik-od-pada-za-posude-jednostruki-30-40cm-3kom\\\/\",\"name\":\"\u0160titnik od pada za posu\u0111e - jednostruki 30-40cm 3kom | Petroni - rent | sale | service | conversions\",\"isPartOf\":{\"@id\":\"https:\\\/\\\/www.petroni.hr\\\/en\\\/#website\"},\"primaryImageOfPage\":{\"@id\":\"https:\\\/\\\/www.petroni.hr\\\/en\\\/proizvod\\\/stitnik-od-pada-za-posude-jednostruki-30-40cm-3kom\\\/#primaryimage\"},\"image\":{\"@id\":\"https:\\\/\\\/www.petroni.hr\\\/en\\\/proizvod\\\/stitnik-od-pada-za-posude-jednostruki-30-40cm-3kom\\\/#primaryimage\"},\"thumbnailUrl\":\"https:\\\/\\\/www.petroni.hr\\\/wp-content\\\/uploads\\\/2026\\\/01\\\/drzac-za-posude-1.jpg\",\"datePublished\":\"2026-01-16T11:28:54+00:00\",\"dateModified\":\"2026-01-20T18:11:44+00:00\",\"breadcrumb\":{\"@id\":\"https:\\\/\\\/www.petroni.hr\\\/en\\\/proizvod\\\/stitnik-od-pada-za-posude-jednostruki-30-40cm-3kom\\\/#breadcrumb\"},\"inLanguage\":\"en-US\",\"potentialAction\":[{\"@type\":\"ReadAction\",\"target\":[\"https:\\\/\\\/www.petroni.hr\\\/en\\\/proizvod\\\/stitnik-od-pada-za-posude-jednostruki-30-40cm-3kom\\\/\"]}]},{\"@type\":\"ImageObject\",\"inLanguage\":\"en-US\",\"@id\":\"https:\\\/\\\/www.petroni.hr\\\/en\\\/proizvod\\\/stitnik-od-pada-za-posude-jednostruki-30-40cm-3kom\\\/#primaryimage\",\"url\":\"https:\\\/\\\/www.petroni.hr\\\/wp-content\\\/uploads\\\/2026\\\/01\\\/drzac-za-posude-1.jpg\",\"contentUrl\":\"https:\\\/\\\/www.petroni.hr\\\/wp-content\\\/uploads\\\/2026\\\/01\\\/drzac-za-posude-1.jpg\",\"width\":2000,\"height\":748},{\"@type\":\"BreadcrumbList\",\"@id\":\"https:\\\/\\\/www.petroni.hr\\\/en\\\/proizvod\\\/stitnik-od-pada-za-posude-jednostruki-30-40cm-3kom\\\/#breadcrumb\",\"itemListElement\":[{\"@type\":\"ListItem\",\"position\":1,\"name\":\"Po\u010detna stranica\",\"item\":\"https:\\\/\\\/www.petroni.hr\\\/en\\\/\"},{\"@type\":\"ListItem\",\"position\":2,\"name\":\"Shop\",\"item\":\"https:\\\/\\\/www.petroni.hr\\\/en\\\/shop\\\/\"},{\"@type\":\"ListItem\",\"position\":3,\"name\":\"\u0160titnik od pada za posu\u0111e &#8211; jednostruki 30-40cm 3kom\"}]},{\"@type\":\"WebSite\",\"@id\":\"https:\\\/\\\/www.petroni.hr\\\/en\\\/#website\",\"url\":\"https:\\\/\\\/www.petroni.hr\\\/en\\\/\",\"name\":\"Petroni.hr\",\"description\":\"Experience the unprecedented freedom of travel\",\"publisher\":{\"@id\":\"https:\\\/\\\/www.petroni.hr\\\/en\\\/#organization\"},\"alternateName\":\"Petroni\",\"potentialAction\":[{\"@type\":\"SearchAction\",\"target\":{\"@type\":\"EntryPoint\",\"urlTemplate\":\"https:\\\/\\\/www.petroni.hr\\\/en\\\/?s={search_term_string}\"},\"query-input\":{\"@type\":\"PropertyValueSpecification\",\"valueRequired\":true,\"valueName\":\"search_term_string\"}}],\"inLanguage\":\"en-US\"},{\"@type\":\"Organization\",\"@id\":\"https:\\\/\\\/www.petroni.hr\\\/en\\\/#organization\",\"name\":\"Petroni d.o.o.\",\"alternateName\":\"Petroni\",\"url\":\"https:\\\/\\\/www.petroni.hr\\\/en\\\/\",\"logo\":{\"@type\":\"ImageObject\",\"inLanguage\":\"en-US\",\"@id\":\"https:\\\/\\\/www.petroni.hr\\\/en\\\/#\\\/schema\\\/logo\\\/image\\\/\",\"url\":\"https:\\\/\\\/www.petroni.hr\\\/wp-content\\\/uploads\\\/2024\\\/03\\\/cropped-Group-3.jpg\",\"contentUrl\":\"https:\\\/\\\/www.petroni.hr\\\/wp-content\\\/uploads\\\/2024\\\/03\\\/cropped-Group-3.jpg\",\"width\":512,\"height\":512,\"caption\":\"Petroni d.o.o.\"},\"image\":{\"@id\":\"https:\\\/\\\/www.petroni.hr\\\/en\\\/#\\\/schema\\\/logo\\\/image\\\/\"},\"sameAs\":[\"https:\\\/\\\/www.facebook.com\\\/Kamperi.Petroni.Sesvete\\\/?locale=hr_HR\"]}]}<\/script>\n<!-- \/ Yoast SEO plugin. -->","yoast_head_json":{"title":"\u0160titnik od pada za posu\u0111e - jednostruki 30-40cm 3kom | Petroni - rent | sale | service | conversions","robots":{"index":"index","follow":"follow","max-snippet":"max-snippet:-1","max-image-preview":"max-image-preview:large","max-video-preview":"max-video-preview:-1"},"canonical":"https:\/\/www.petroni.hr\/en\/proizvod\/stitnik-od-pada-za-posude-jednostruki-30-40cm-3kom\/","og_locale":"en_US","og_type":"article","og_title":"\u0160titnik od pada za posu\u0111e - jednostruki 30-40cm 3kom | Petroni - rent | sale | service | conversions","og_description":"Nosa\u010d Hold-it! s zaklju\u010davanjem nudi razne zna\u010dajke i prednosti: Univerzalan &#8211; pogodan za sve ormari\u0107e ili hladnjake Podesiv &#8211; lako se pode\u0161ava po duljini Izdr\u017eljiv &#8211; izra\u0111en od \u010dvrstog metala i plastike Za\u0161titni &#8211; gumene kapice za sprje\u010davanje o\u0161te\u0107enja Set od 3kom &#8211; za vi\u0161estruku upotrebu Nosa\u010d Hold-it! s zaklju\u010davanjem je set od 3 univerzalna [&hellip;]","og_url":"https:\/\/www.petroni.hr\/en\/proizvod\/stitnik-od-pada-za-posude-jednostruki-30-40cm-3kom\/","og_site_name":"Petroni - rent | sale | service | conversions","article_publisher":"https:\/\/www.facebook.com\/Kamperi.Petroni.Sesvete\/?locale=hr_HR","article_modified_time":"2026-01-20T18:11:44+00:00","og_image":[{"width":2000,"height":748,"url":"https:\/\/www.petroni.hr\/wp-content\/uploads\/2026\/01\/drzac-za-posude-1.jpg","type":"image\/jpeg"}],"twitter_card":"summary_large_image","twitter_misc":{"Est. reading time":"1 minute"},"schema":{"@context":"https:\/\/schema.org","@graph":[{"@type":"WebPage","@id":"https:\/\/www.petroni.hr\/en\/proizvod\/stitnik-od-pada-za-posude-jednostruki-30-40cm-3kom\/","url":"https:\/\/www.petroni.hr\/en\/proizvod\/stitnik-od-pada-za-posude-jednostruki-30-40cm-3kom\/","name":"\u0160titnik od pada za posu\u0111e - jednostruki 30-40cm 3kom | Petroni - rent | sale | service | conversions","isPartOf":{"@id":"https:\/\/www.petroni.hr\/en\/#website"},"primaryImageOfPage":{"@id":"https:\/\/www.petroni.hr\/en\/proizvod\/stitnik-od-pada-za-posude-jednostruki-30-40cm-3kom\/#primaryimage"},"image":{"@id":"https:\/\/www.petroni.hr\/en\/proizvod\/stitnik-od-pada-za-posude-jednostruki-30-40cm-3kom\/#primaryimage"},"thumbnailUrl":"https:\/\/www.petroni.hr\/wp-content\/uploads\/2026\/01\/drzac-za-posude-1.jpg","datePublished":"2026-01-16T11:28:54+00:00","dateModified":"2026-01-20T18:11:44+00:00","breadcrumb":{"@id":"https:\/\/www.petroni.hr\/en\/proizvod\/stitnik-od-pada-za-posude-jednostruki-30-40cm-3kom\/#breadcrumb"},"inLanguage":"en-US","potentialAction":[{"@type":"ReadAction","target":["https:\/\/www.petroni.hr\/en\/proizvod\/stitnik-od-pada-za-posude-jednostruki-30-40cm-3kom\/"]}]},{"@type":"ImageObject","inLanguage":"en-US","@id":"https:\/\/www.petroni.hr\/en\/proizvod\/stitnik-od-pada-za-posude-jednostruki-30-40cm-3kom\/#primaryimage","url":"https:\/\/www.petroni.hr\/wp-content\/uploads\/2026\/01\/drzac-za-posude-1.jpg","contentUrl":"https:\/\/www.petroni.hr\/wp-content\/uploads\/2026\/01\/drzac-za-posude-1.jpg","width":2000,"height":748},{"@type":"BreadcrumbList","@id":"https:\/\/www.petroni.hr\/en\/proizvod\/stitnik-od-pada-za-posude-jednostruki-30-40cm-3kom\/#breadcrumb","itemListElement":[{"@type":"ListItem","position":1,"name":"Po\u010detna stranica","item":"https:\/\/www.petroni.hr\/en\/"},{"@type":"ListItem","position":2,"name":"Shop","item":"https:\/\/www.petroni.hr\/en\/shop\/"},{"@type":"ListItem","position":3,"name":"\u0160titnik od pada za posu\u0111e &#8211; jednostruki 30-40cm 3kom"}]},{"@type":"WebSite","@id":"https:\/\/www.petroni.hr\/en\/#website","url":"https:\/\/www.petroni.hr\/en\/","name":"Petroni.hr","description":"Experience the unprecedented freedom of travel","publisher":{"@id":"https:\/\/www.petroni.hr\/en\/#organization"},"alternateName":"Petroni","potentialAction":[{"@type":"SearchAction","target":{"@type":"EntryPoint","urlTemplate":"https:\/\/www.petroni.hr\/en\/?s={search_term_string}"},"query-input":{"@type":"PropertyValueSpecification","valueRequired":true,"valueName":"search_term_string"}}],"inLanguage":"en-US"},{"@type":"Organization","@id":"https:\/\/www.petroni.hr\/en\/#organization","name":"Petroni d.o.o.","alternateName":"Petroni","url":"https:\/\/www.petroni.hr\/en\/","logo":{"@type":"ImageObject","inLanguage":"en-US","@id":"https:\/\/www.petroni.hr\/en\/#\/schema\/logo\/image\/","url":"https:\/\/www.petroni.hr\/wp-content\/uploads\/2024\/03\/cropped-Group-3.jpg","contentUrl":"https:\/\/www.petroni.hr\/wp-content\/uploads\/2024\/03\/cropped-Group-3.jpg","width":512,"height":512,"caption":"Petroni d.o.o."},"image":{"@id":"https:\/\/www.petroni.hr\/en\/#\/schema\/logo\/image\/"},"sameAs":["https:\/\/www.facebook.com\/Kamperi.Petroni.Sesvete\/?locale=hr_HR"]}]}},"_links":{"self":[{"href":"https:\/\/www.petroni.hr\/en\/wp-json\/wp\/v2\/product\/25525","targetHints":{"allow":["GET"]}}],"collection":[{"href":"https:\/\/www.petroni.hr\/en\/wp-json\/wp\/v2\/product"}],"about":[{"href":"https:\/\/www.petroni.hr\/en\/wp-json\/wp\/v2\/types\/product"}],"replies":[{"embeddable":true,"href":"https:\/\/www.petroni.hr\/en\/wp-json\/wp\/v2\/comments?post=25525"}],"wp:featuredmedia":[{"embeddable":true,"href":"https:\/\/www.petroni.hr\/en\/wp-json\/wp\/v2\/media\/25526"}],"wp:attachment":[{"href":"https:\/\/www.petroni.hr\/en\/wp-json\/wp\/v2\/media?parent=25525"}],"wp:term":[{"taxonomy":"product_brand","embeddable":true,"href":"https:\/\/www.petroni.hr\/en\/wp-json\/wp\/v2\/product_brand?post=25525"},{"taxonomy":"product_cat","embeddable":true,"href":"https:\/\/www.petroni.hr\/en\/wp-json\/wp\/v2\/product_cat?post=25525"},{"taxonomy":"product_tag","embeddable":true,"href":"https:\/\/www.petroni.hr\/en\/wp-json\/wp\/v2\/product_tag?post=25525"}],"curies":[{"name":"wp","href":"https:\/\/api.w.org\/{rel}","templated":true}]}}