{"id":25519,"date":"2026-01-16T12:11:45","date_gmt":"2026-01-16T11:11:45","guid":{"rendered":"https:\/\/www.petroni.hr\/?post_type=product&#038;p=25519"},"modified":"2026-04-20T14:45:34","modified_gmt":"2026-04-20T13:45:34","slug":"uticnica-12v-zidna-sa-poklopcem-crna","status":"publish","type":"product","link":"https:\/\/www.petroni.hr\/en\/proizvod\/uticnica-12v-zidna-sa-poklopcem-crna\/","title":{"rendered":"Uti\u010dnica 12v zidna sa poklopcem- crna"},"content":{"rendered":"<p>Ugradbeni nosa\u010d 12V uti\u010dnice nudi nekoliko zna\u010dajki i prednosti:<\/p>\n<p>Univerzalno &#8211; kompatibilno sa \u0161irokim rasponom ure\u0111aja<br \/>\nUgradbeni dizajn &#8211; za urednu i \u010distu instalaciju<br \/>\n12V DC &#8211; osigurava pouzdano napajanje<br \/>\nCrna boja &#8211; uklapa se u ve\u0107inu interijera<br \/>\nJednostavna instalacija &#8211; nije potrebna stru\u010dna pomo\u0107<br \/>\nUgradbeni nosa\u010d 12V uti\u010dnice svestrano je i pouzdano rje\u0161enje za napajanje va\u0161e kamp-ku\u0107ice, kampera ili broda. Njegov univerzalni dizajn \u010dini ga kompatibilnim sa \u0161irokim rasponom ure\u0111aja, dok 12V DC priklju\u010dak osigurava stabilno i pouzdano napajanje. Ugradbeni dizajn uti\u010dnice omogu\u0107uje urednu i \u010distu instalaciju, besprijekorno se stapaju\u0107i s unutra\u0161njosti va\u0161eg vozila. Unato\u010d robusnom i pouzdanom dizajnu, uti\u010dnicu je lako instalirati, eliminiraju\u0107i potrebu za stru\u010dnom pomo\u0107i. Bez obzira na to napajate li mali ure\u0111aj ili punite svoje ure\u0111aje, ugradbeni nosa\u010d\u00a0 12V uti\u010dnice rje\u0161enje je za napajanje koje vam je potrebno.<\/p>\n<p>Nadgradna uti\u010dnica od 12 V je neophodan pribor za kampiranje koji nudi pouzdano napajanje za va\u0161u kamp-ku\u0107icu, kamper ili brod. Njegova jednostavna instalacija i univerzalni dizajn \u010dine ga svestranim i prakti\u010dnim izborom za sve va\u0161e potrebe za napajanjem u pokretu.<\/p>\n","protected":false},"excerpt":{"rendered":"<p>Ugradbeni nosa\u010d 12V uti\u010dnice nudi nekoliko zna\u010dajki i prednosti: Univerzalno &#8211; kompatibilno sa \u0161irokim rasponom ure\u0111aja Ugradbeni dizajn &#8211; za urednu i \u010distu instalaciju 12V DC &#8211; osigurava pouzdano napajanje Crna boja &#8211; uklapa se u ve\u0107inu interijera Jednostavna instalacija &#8211; nije potrebna stru\u010dna pomo\u0107 Ugradbeni nosa\u010d 12V uti\u010dnice svestrano je i pouzdano rje\u0161enje za [&hellip;]<\/p>\n","protected":false},"featured_media":25520,"comment_status":"open","ping_status":"closed","template":"","meta":{"_acf_changed":false,"_themeisle_gutenberg_block_has_review":false},"product_brand":[],"product_cat":[213,235],"product_tag":[],"class_list":{"0":"post-25519","1":"product","2":"type-product","3":"status-publish","4":"has-post-thumbnail","6":"product_cat-electrical","7":"product_cat-uticnice-prekidaci","9":"first","10":"instock","11":"shipping-taxable","12":"purchasable","13":"product-type-simple"},"acf":[],"yoast_head":"<!-- This site is optimized with the Yoast SEO plugin v27.5 - https:\/\/yoast.com\/product\/yoast-seo-wordpress\/ -->\n<title>Uti\u010dnica 12v zidna sa poklopcem- crna | Petroni - rent | sale | service | conversions<\/title>\n<meta name=\"robots\" content=\"index, follow, max-snippet:-1, max-image-preview:large, max-video-preview:-1\" \/>\n<link rel=\"canonical\" href=\"https:\/\/www.petroni.hr\/en\/proizvod\/uticnica-12v-zidna-sa-poklopcem-crna\/\" \/>\n<meta property=\"og:locale\" content=\"en_US\" \/>\n<meta property=\"og:type\" content=\"article\" \/>\n<meta property=\"og:title\" content=\"Uti\u010dnica 12v zidna sa poklopcem- crna | Petroni - rent | sale | service | conversions\" \/>\n<meta property=\"og:description\" content=\"Ugradbeni nosa\u010d 12V uti\u010dnice nudi nekoliko zna\u010dajki i prednosti: Univerzalno &#8211; kompatibilno sa \u0161irokim rasponom ure\u0111aja Ugradbeni dizajn &#8211; za urednu i \u010distu instalaciju 12V DC &#8211; osigurava pouzdano napajanje Crna boja &#8211; uklapa se u ve\u0107inu interijera Jednostavna instalacija &#8211; nije potrebna stru\u010dna pomo\u0107 Ugradbeni nosa\u010d 12V uti\u010dnice svestrano je i pouzdano rje\u0161enje za [&hellip;]\" \/>\n<meta property=\"og:url\" content=\"https:\/\/www.petroni.hr\/en\/proizvod\/uticnica-12v-zidna-sa-poklopcem-crna\/\" \/>\n<meta property=\"og:site_name\" content=\"Petroni - rent | sale | service | conversions\" \/>\n<meta property=\"article:publisher\" content=\"https:\/\/www.facebook.com\/Kamperi.Petroni.Sesvete\/?locale=hr_HR\" \/>\n<meta property=\"article:modified_time\" content=\"2026-04-20T13:45:34+00:00\" \/>\n<meta property=\"og:image\" content=\"https:\/\/www.petroni.hr\/wp-content\/uploads\/2026\/01\/Uticnica-12v-zidna.jpg\" \/>\n\t<meta property=\"og:image:width\" content=\"2000\" \/>\n\t<meta property=\"og:image:height\" content=\"2000\" \/>\n\t<meta property=\"og:image:type\" content=\"image\/jpeg\" \/>\n<meta name=\"twitter:card\" content=\"summary_large_image\" \/>\n<meta name=\"twitter:label1\" content=\"Est. reading time\" \/>\n\t<meta name=\"twitter:data1\" content=\"1 minute\" \/>\n<script type=\"application\/ld+json\" class=\"yoast-schema-graph\">{\"@context\":\"https:\\\/\\\/schema.org\",\"@graph\":[{\"@type\":\"WebPage\",\"@id\":\"https:\\\/\\\/www.petroni.hr\\\/en\\\/proizvod\\\/uticnica-12v-zidna-sa-poklopcem-crna\\\/\",\"url\":\"https:\\\/\\\/www.petroni.hr\\\/en\\\/proizvod\\\/uticnica-12v-zidna-sa-poklopcem-crna\\\/\",\"name\":\"Uti\u010dnica 12v zidna sa poklopcem- crna | Petroni - rent | sale | service | conversions\",\"isPartOf\":{\"@id\":\"https:\\\/\\\/www.petroni.hr\\\/en\\\/#website\"},\"primaryImageOfPage\":{\"@id\":\"https:\\\/\\\/www.petroni.hr\\\/en\\\/proizvod\\\/uticnica-12v-zidna-sa-poklopcem-crna\\\/#primaryimage\"},\"image\":{\"@id\":\"https:\\\/\\\/www.petroni.hr\\\/en\\\/proizvod\\\/uticnica-12v-zidna-sa-poklopcem-crna\\\/#primaryimage\"},\"thumbnailUrl\":\"https:\\\/\\\/www.petroni.hr\\\/wp-content\\\/uploads\\\/2026\\\/01\\\/Uticnica-12v-zidna.jpg\",\"datePublished\":\"2026-01-16T11:11:45+00:00\",\"dateModified\":\"2026-04-20T13:45:34+00:00\",\"breadcrumb\":{\"@id\":\"https:\\\/\\\/www.petroni.hr\\\/en\\\/proizvod\\\/uticnica-12v-zidna-sa-poklopcem-crna\\\/#breadcrumb\"},\"inLanguage\":\"en-US\",\"potentialAction\":[{\"@type\":\"ReadAction\",\"target\":[\"https:\\\/\\\/www.petroni.hr\\\/en\\\/proizvod\\\/uticnica-12v-zidna-sa-poklopcem-crna\\\/\"]}]},{\"@type\":\"ImageObject\",\"inLanguage\":\"en-US\",\"@id\":\"https:\\\/\\\/www.petroni.hr\\\/en\\\/proizvod\\\/uticnica-12v-zidna-sa-poklopcem-crna\\\/#primaryimage\",\"url\":\"https:\\\/\\\/www.petroni.hr\\\/wp-content\\\/uploads\\\/2026\\\/01\\\/Uticnica-12v-zidna.jpg\",\"contentUrl\":\"https:\\\/\\\/www.petroni.hr\\\/wp-content\\\/uploads\\\/2026\\\/01\\\/Uticnica-12v-zidna.jpg\",\"width\":2000,\"height\":2000},{\"@type\":\"BreadcrumbList\",\"@id\":\"https:\\\/\\\/www.petroni.hr\\\/en\\\/proizvod\\\/uticnica-12v-zidna-sa-poklopcem-crna\\\/#breadcrumb\",\"itemListElement\":[{\"@type\":\"ListItem\",\"position\":1,\"name\":\"Po\u010detna stranica\",\"item\":\"https:\\\/\\\/www.petroni.hr\\\/en\\\/\"},{\"@type\":\"ListItem\",\"position\":2,\"name\":\"Shop\",\"item\":\"https:\\\/\\\/www.petroni.hr\\\/en\\\/shop\\\/\"},{\"@type\":\"ListItem\",\"position\":3,\"name\":\"Uti\u010dnica 12v zidna sa poklopcem- crna\"}]},{\"@type\":\"WebSite\",\"@id\":\"https:\\\/\\\/www.petroni.hr\\\/en\\\/#website\",\"url\":\"https:\\\/\\\/www.petroni.hr\\\/en\\\/\",\"name\":\"Petroni.hr\",\"description\":\"Experience the unprecedented freedom of travel\",\"publisher\":{\"@id\":\"https:\\\/\\\/www.petroni.hr\\\/en\\\/#organization\"},\"alternateName\":\"Petroni\",\"potentialAction\":[{\"@type\":\"SearchAction\",\"target\":{\"@type\":\"EntryPoint\",\"urlTemplate\":\"https:\\\/\\\/www.petroni.hr\\\/en\\\/?s={search_term_string}\"},\"query-input\":{\"@type\":\"PropertyValueSpecification\",\"valueRequired\":true,\"valueName\":\"search_term_string\"}}],\"inLanguage\":\"en-US\"},{\"@type\":\"Organization\",\"@id\":\"https:\\\/\\\/www.petroni.hr\\\/en\\\/#organization\",\"name\":\"Petroni d.o.o.\",\"alternateName\":\"Petroni\",\"url\":\"https:\\\/\\\/www.petroni.hr\\\/en\\\/\",\"logo\":{\"@type\":\"ImageObject\",\"inLanguage\":\"en-US\",\"@id\":\"https:\\\/\\\/www.petroni.hr\\\/en\\\/#\\\/schema\\\/logo\\\/image\\\/\",\"url\":\"https:\\\/\\\/www.petroni.hr\\\/wp-content\\\/uploads\\\/2024\\\/03\\\/cropped-Group-3.jpg\",\"contentUrl\":\"https:\\\/\\\/www.petroni.hr\\\/wp-content\\\/uploads\\\/2024\\\/03\\\/cropped-Group-3.jpg\",\"width\":512,\"height\":512,\"caption\":\"Petroni d.o.o.\"},\"image\":{\"@id\":\"https:\\\/\\\/www.petroni.hr\\\/en\\\/#\\\/schema\\\/logo\\\/image\\\/\"},\"sameAs\":[\"https:\\\/\\\/www.facebook.com\\\/Kamperi.Petroni.Sesvete\\\/?locale=hr_HR\"]}]}<\/script>\n<!-- \/ Yoast SEO plugin. -->","yoast_head_json":{"title":"Uti\u010dnica 12v zidna sa poklopcem- crna | Petroni - rent | sale | service | conversions","robots":{"index":"index","follow":"follow","max-snippet":"max-snippet:-1","max-image-preview":"max-image-preview:large","max-video-preview":"max-video-preview:-1"},"canonical":"https:\/\/www.petroni.hr\/en\/proizvod\/uticnica-12v-zidna-sa-poklopcem-crna\/","og_locale":"en_US","og_type":"article","og_title":"Uti\u010dnica 12v zidna sa poklopcem- crna | Petroni - rent | sale | service | conversions","og_description":"Ugradbeni nosa\u010d 12V uti\u010dnice nudi nekoliko zna\u010dajki i prednosti: Univerzalno &#8211; kompatibilno sa \u0161irokim rasponom ure\u0111aja Ugradbeni dizajn &#8211; za urednu i \u010distu instalaciju 12V DC &#8211; osigurava pouzdano napajanje Crna boja &#8211; uklapa se u ve\u0107inu interijera Jednostavna instalacija &#8211; nije potrebna stru\u010dna pomo\u0107 Ugradbeni nosa\u010d 12V uti\u010dnice svestrano je i pouzdano rje\u0161enje za [&hellip;]","og_url":"https:\/\/www.petroni.hr\/en\/proizvod\/uticnica-12v-zidna-sa-poklopcem-crna\/","og_site_name":"Petroni - rent | sale | service | conversions","article_publisher":"https:\/\/www.facebook.com\/Kamperi.Petroni.Sesvete\/?locale=hr_HR","article_modified_time":"2026-04-20T13:45:34+00:00","og_image":[{"width":2000,"height":2000,"url":"https:\/\/www.petroni.hr\/wp-content\/uploads\/2026\/01\/Uticnica-12v-zidna.jpg","type":"image\/jpeg"}],"twitter_card":"summary_large_image","twitter_misc":{"Est. reading time":"1 minute"},"schema":{"@context":"https:\/\/schema.org","@graph":[{"@type":"WebPage","@id":"https:\/\/www.petroni.hr\/en\/proizvod\/uticnica-12v-zidna-sa-poklopcem-crna\/","url":"https:\/\/www.petroni.hr\/en\/proizvod\/uticnica-12v-zidna-sa-poklopcem-crna\/","name":"Uti\u010dnica 12v zidna sa poklopcem- crna | Petroni - rent | sale | service | conversions","isPartOf":{"@id":"https:\/\/www.petroni.hr\/en\/#website"},"primaryImageOfPage":{"@id":"https:\/\/www.petroni.hr\/en\/proizvod\/uticnica-12v-zidna-sa-poklopcem-crna\/#primaryimage"},"image":{"@id":"https:\/\/www.petroni.hr\/en\/proizvod\/uticnica-12v-zidna-sa-poklopcem-crna\/#primaryimage"},"thumbnailUrl":"https:\/\/www.petroni.hr\/wp-content\/uploads\/2026\/01\/Uticnica-12v-zidna.jpg","datePublished":"2026-01-16T11:11:45+00:00","dateModified":"2026-04-20T13:45:34+00:00","breadcrumb":{"@id":"https:\/\/www.petroni.hr\/en\/proizvod\/uticnica-12v-zidna-sa-poklopcem-crna\/#breadcrumb"},"inLanguage":"en-US","potentialAction":[{"@type":"ReadAction","target":["https:\/\/www.petroni.hr\/en\/proizvod\/uticnica-12v-zidna-sa-poklopcem-crna\/"]}]},{"@type":"ImageObject","inLanguage":"en-US","@id":"https:\/\/www.petroni.hr\/en\/proizvod\/uticnica-12v-zidna-sa-poklopcem-crna\/#primaryimage","url":"https:\/\/www.petroni.hr\/wp-content\/uploads\/2026\/01\/Uticnica-12v-zidna.jpg","contentUrl":"https:\/\/www.petroni.hr\/wp-content\/uploads\/2026\/01\/Uticnica-12v-zidna.jpg","width":2000,"height":2000},{"@type":"BreadcrumbList","@id":"https:\/\/www.petroni.hr\/en\/proizvod\/uticnica-12v-zidna-sa-poklopcem-crna\/#breadcrumb","itemListElement":[{"@type":"ListItem","position":1,"name":"Po\u010detna stranica","item":"https:\/\/www.petroni.hr\/en\/"},{"@type":"ListItem","position":2,"name":"Shop","item":"https:\/\/www.petroni.hr\/en\/shop\/"},{"@type":"ListItem","position":3,"name":"Uti\u010dnica 12v zidna sa poklopcem- crna"}]},{"@type":"WebSite","@id":"https:\/\/www.petroni.hr\/en\/#website","url":"https:\/\/www.petroni.hr\/en\/","name":"Petroni.hr","description":"Experience the unprecedented freedom of travel","publisher":{"@id":"https:\/\/www.petroni.hr\/en\/#organization"},"alternateName":"Petroni","potentialAction":[{"@type":"SearchAction","target":{"@type":"EntryPoint","urlTemplate":"https:\/\/www.petroni.hr\/en\/?s={search_term_string}"},"query-input":{"@type":"PropertyValueSpecification","valueRequired":true,"valueName":"search_term_string"}}],"inLanguage":"en-US"},{"@type":"Organization","@id":"https:\/\/www.petroni.hr\/en\/#organization","name":"Petroni d.o.o.","alternateName":"Petroni","url":"https:\/\/www.petroni.hr\/en\/","logo":{"@type":"ImageObject","inLanguage":"en-US","@id":"https:\/\/www.petroni.hr\/en\/#\/schema\/logo\/image\/","url":"https:\/\/www.petroni.hr\/wp-content\/uploads\/2024\/03\/cropped-Group-3.jpg","contentUrl":"https:\/\/www.petroni.hr\/wp-content\/uploads\/2024\/03\/cropped-Group-3.jpg","width":512,"height":512,"caption":"Petroni d.o.o."},"image":{"@id":"https:\/\/www.petroni.hr\/en\/#\/schema\/logo\/image\/"},"sameAs":["https:\/\/www.facebook.com\/Kamperi.Petroni.Sesvete\/?locale=hr_HR"]}]}},"_links":{"self":[{"href":"https:\/\/www.petroni.hr\/en\/wp-json\/wp\/v2\/product\/25519","targetHints":{"allow":["GET"]}}],"collection":[{"href":"https:\/\/www.petroni.hr\/en\/wp-json\/wp\/v2\/product"}],"about":[{"href":"https:\/\/www.petroni.hr\/en\/wp-json\/wp\/v2\/types\/product"}],"replies":[{"embeddable":true,"href":"https:\/\/www.petroni.hr\/en\/wp-json\/wp\/v2\/comments?post=25519"}],"wp:featuredmedia":[{"embeddable":true,"href":"https:\/\/www.petroni.hr\/en\/wp-json\/wp\/v2\/media\/25520"}],"wp:attachment":[{"href":"https:\/\/www.petroni.hr\/en\/wp-json\/wp\/v2\/media?parent=25519"}],"wp:term":[{"taxonomy":"product_brand","embeddable":true,"href":"https:\/\/www.petroni.hr\/en\/wp-json\/wp\/v2\/product_brand?post=25519"},{"taxonomy":"product_cat","embeddable":true,"href":"https:\/\/www.petroni.hr\/en\/wp-json\/wp\/v2\/product_cat?post=25519"},{"taxonomy":"product_tag","embeddable":true,"href":"https:\/\/www.petroni.hr\/en\/wp-json\/wp\/v2\/product_tag?post=25519"}],"curies":[{"name":"wp","href":"https:\/\/api.w.org\/{rel}","templated":true}]}}