{"id":25406,"date":"2025-12-16T09:12:23","date_gmt":"2025-12-16T08:12:23","guid":{"rendered":"https:\/\/www.petroni.hr\/?post_type=product&#038;p=25406"},"modified":"2025-12-16T09:13:28","modified_gmt":"2025-12-16T08:13:28","slug":"akumulator-lifepo4-120ah-sa-bluetooth","status":"publish","type":"product","link":"https:\/\/www.petroni.hr\/en\/proizvod\/akumulator-lifepo4-120ah-sa-bluetooth\/","title":{"rendered":"Akumulator LiFePO4 120Ah sa bluetooth"},"content":{"rendered":"<p>S kapacitetom od 120 Ah i strujom pra\u017enjenja od 150 A, ova baterija je idealna za zahtjevne primjene u va\u0161em kamperu i kamp prikolici. Mala te\u017eina i brzo vrijeme punjenja osiguravaju maksimalnu u\u010dinkovitost.<\/p>\n<p>Zahvaljuju\u0107i Bluetoothu, mo\u017eete prakti\u010dno pratiti bateriju putem pametnog telefona.<\/p>\n<p>Verzija &#8211; bez grijanja !<\/p>\n<p>Kada su u pitanju performanse i dugovje\u010dnost litijevih baterija, optimalni temperaturni uvjeti su klju\u010dni. Integrirani grija\u010d u va\u0161oj bateriji nudi brojne prednosti:<\/p>\n<p>Za\u0161tita od o\u0161te\u0107enja od niskih temperatura: Niske temperature ne samo da mogu smanjiti performanse, ve\u0107 i uzrokovati trajno o\u0161te\u0107enje baterije.<br \/>\nProdu\u017eeni vijek trajanja: Sprje\u010dava se duboko pra\u017enjenje na ekstremnim temperaturama, \u0161to pove\u0107ava ukupni vijek trajanja baterije.<\/p>\n<p>Na\u0161a preporuka: Ako \u017eelite puniti bateriju na temperaturama ispod 0 stupnjeva Celzija, preporu\u010dujemo Pro verziju s grijanjem.<\/p>\n<p>Tehni\u010dke specifikacije i posebne zna\u010dajke:<\/p>\n<p>Zna\u010dajno manji gubici energije u usporedbi s usporedivim AGM ili gel baterijama<br \/>\nKratko vrijeme punjenja za maksimalnu u\u010dinkovitost<br \/>\nStabilan napon: ure\u0111aji poput tostera i klima ure\u0111aja mogu se koristiti bez ikakvih problema<br \/>\nBluetooth nadzor: Jednostavno pratite bateriju pomo\u0107u pametnog telefona (iOS\/Android)<br \/>\nVisoka stabilnost ciklusa: Izdr\u017eljiva i pouzdana<br \/>\nPrednost u te\u017eini: Unato\u010d preko 50% manjoj te\u017eini (samo 11,5 kg), isti dizajn u usporedbi s olovnim baterijama<br \/>\nSvestrane mogu\u0107nosti punjenja: Punjenje putem obalnog napajanja i solarnog panela<br \/>\nIntegrirani sustav upravljanja baterijom (BMS) prati i kontrolira bateriju. To optimizira performanse, vijek trajanja i sigurnost baterije<br \/>\nTehni\u010dki podaci<\/p>\n<p>Nazivni napon: 12,8 V<br \/>\nNazivni kapacitet: 120 Ah<br \/>\nNazivna energija: 1536 Wh<br \/>\nKlasa za\u0161tite: IP 56<br \/>\nmaks. konstantna Struja pra\u017enjenja 150 A<br \/>\nTemperatura izlaza: -20\u00b0 do 65\u00b0C<br \/>\nTemperatura punjenja: 0\u00b0 do 60\u00b0C<br \/>\nTemperatura skladi\u0161tenja: 0\u00b0 do 40\u00b0C<br \/>\nBMS isklju\u010denje pri visokoj temperaturi: 65\u00b0C<br \/>\nOva baterija nudi vam savr\u0161enu kombinaciju kapaciteta, tolerancije optere\u0107enja i niskog odr\u017eavanja.<\/p>\n<p>Vrsta baterije Baterija 12 V<br \/>\nBaterija Litij \/ LiFePO4 baterija<br \/>\nTe\u017eina 11,5 kg<br \/>\nRadni napon 12 V<br \/>\nwh 1536 Wh<br \/>\nDizajn bez funkcije grijanja<br \/>\nKapacitet 120 Ah<br \/>\nDimenzije (Dx\u0160xV) 35,3 x 17,5 x 19 cm<\/p>\n<p>&nbsp;<\/p>\n<p>Jamstvo:<\/p>\n<p>5-godi\u0161nje jamstvo na ovaj proizvod!<\/p>\n<p>&nbsp;<\/p>\n<p>Napomena-<br \/>\njednokratne i punjive baterije ne smiju se odlagati zajedno s ku\u0107nim otpadom, ve\u0107 ste zakonski obvezni vratiti rabljene baterije. Rabljene baterije mogu sadr\u017eavati \u0161tetne tvari koje, ako se ne skladi\u0161te ili ne zbrinu na odgovaraju\u0107i na\u010din, mogu o\u0161tetiti okoli\u0161 ili va\u0161e zdravlje. Me\u0111utim, baterije mogu sadr\u017eavati i va\u017ene sirovine, kao \u0161to su, na primjer, \u017eeljezo, cij, magnezij ili nikal, koje se mogu reciklirati.<\/p>\n<p>&nbsp;<\/p>\n","protected":false},"excerpt":{"rendered":"<p>S kapacitetom od 120 Ah i strujom pra\u017enjenja od 150 A, ova baterija je idealna za zahtjevne primjene u va\u0161em kamperu i kamp prikolici. Mala te\u017eina i brzo vrijeme punjenja osiguravaju maksimalnu u\u010dinkovitost. Zahvaljuju\u0107i Bluetoothu, mo\u017eete prakti\u010dno pratiti bateriju putem pametnog telefona. Verzija &#8211; bez grijanja ! Kada su u pitanju performanse i dugovje\u010dnost litijevih [&hellip;]<\/p>\n","protected":false},"featured_media":25407,"comment_status":"open","ping_status":"closed","template":"","meta":{"_acf_changed":false,"_themeisle_gutenberg_block_has_review":false},"product_brand":[],"product_cat":[232,213],"product_tag":[],"class_list":{"0":"post-25406","1":"product","2":"type-product","3":"status-publish","4":"has-post-thumbnail","6":"product_cat-battery","7":"product_cat-electrical","9":"first","10":"instock","11":"shipping-taxable","12":"purchasable","13":"product-type-simple"},"acf":[],"yoast_head":"<!-- This site is optimized with the Yoast SEO plugin v27.5 - https:\/\/yoast.com\/product\/yoast-seo-wordpress\/ -->\n<title>Akumulator LiFePO4 120Ah sa bluetooth | Petroni - rent | sale | service | conversions<\/title>\n<meta name=\"robots\" content=\"index, follow, max-snippet:-1, max-image-preview:large, max-video-preview:-1\" \/>\n<link rel=\"canonical\" href=\"https:\/\/www.petroni.hr\/en\/proizvod\/akumulator-lifepo4-120ah-sa-bluetooth\/\" \/>\n<meta property=\"og:locale\" content=\"en_US\" \/>\n<meta property=\"og:type\" content=\"article\" \/>\n<meta property=\"og:title\" content=\"Akumulator LiFePO4 120Ah sa bluetooth | Petroni - rent | sale | service | conversions\" \/>\n<meta property=\"og:description\" content=\"S kapacitetom od 120 Ah i strujom pra\u017enjenja od 150 A, ova baterija je idealna za zahtjevne primjene u va\u0161em kamperu i kamp prikolici. Mala te\u017eina i brzo vrijeme punjenja osiguravaju maksimalnu u\u010dinkovitost. Zahvaljuju\u0107i Bluetoothu, mo\u017eete prakti\u010dno pratiti bateriju putem pametnog telefona. Verzija &#8211; bez grijanja ! Kada su u pitanju performanse i dugovje\u010dnost litijevih [&hellip;]\" \/>\n<meta property=\"og:url\" content=\"https:\/\/www.petroni.hr\/en\/proizvod\/akumulator-lifepo4-120ah-sa-bluetooth\/\" \/>\n<meta property=\"og:site_name\" content=\"Petroni - rent | sale | service | conversions\" \/>\n<meta property=\"article:publisher\" content=\"https:\/\/www.facebook.com\/Kamperi.Petroni.Sesvete\/?locale=hr_HR\" \/>\n<meta property=\"article:modified_time\" content=\"2025-12-16T08:13:28+00:00\" \/>\n<meta property=\"og:image\" content=\"https:\/\/www.petroni.hr\/wp-content\/uploads\/2025\/12\/LiFePO4-120ah-1.jpg\" \/>\n\t<meta property=\"og:image:width\" content=\"550\" \/>\n\t<meta property=\"og:image:height\" content=\"344\" \/>\n\t<meta property=\"og:image:type\" content=\"image\/jpeg\" \/>\n<meta name=\"twitter:card\" content=\"summary_large_image\" \/>\n<meta name=\"twitter:label1\" content=\"Est. reading time\" \/>\n\t<meta name=\"twitter:data1\" content=\"2 minutes\" \/>\n<script type=\"application\/ld+json\" class=\"yoast-schema-graph\">{\"@context\":\"https:\\\/\\\/schema.org\",\"@graph\":[{\"@type\":\"WebPage\",\"@id\":\"https:\\\/\\\/www.petroni.hr\\\/en\\\/proizvod\\\/akumulator-lifepo4-120ah-sa-bluetooth\\\/\",\"url\":\"https:\\\/\\\/www.petroni.hr\\\/en\\\/proizvod\\\/akumulator-lifepo4-120ah-sa-bluetooth\\\/\",\"name\":\"Akumulator LiFePO4 120Ah sa bluetooth | Petroni - rent | sale | service | conversions\",\"isPartOf\":{\"@id\":\"https:\\\/\\\/www.petroni.hr\\\/en\\\/#website\"},\"primaryImageOfPage\":{\"@id\":\"https:\\\/\\\/www.petroni.hr\\\/en\\\/proizvod\\\/akumulator-lifepo4-120ah-sa-bluetooth\\\/#primaryimage\"},\"image\":{\"@id\":\"https:\\\/\\\/www.petroni.hr\\\/en\\\/proizvod\\\/akumulator-lifepo4-120ah-sa-bluetooth\\\/#primaryimage\"},\"thumbnailUrl\":\"https:\\\/\\\/www.petroni.hr\\\/wp-content\\\/uploads\\\/2025\\\/12\\\/LiFePO4-120ah-1.jpg\",\"datePublished\":\"2025-12-16T08:12:23+00:00\",\"dateModified\":\"2025-12-16T08:13:28+00:00\",\"breadcrumb\":{\"@id\":\"https:\\\/\\\/www.petroni.hr\\\/en\\\/proizvod\\\/akumulator-lifepo4-120ah-sa-bluetooth\\\/#breadcrumb\"},\"inLanguage\":\"en-US\",\"potentialAction\":[{\"@type\":\"ReadAction\",\"target\":[\"https:\\\/\\\/www.petroni.hr\\\/en\\\/proizvod\\\/akumulator-lifepo4-120ah-sa-bluetooth\\\/\"]}]},{\"@type\":\"ImageObject\",\"inLanguage\":\"en-US\",\"@id\":\"https:\\\/\\\/www.petroni.hr\\\/en\\\/proizvod\\\/akumulator-lifepo4-120ah-sa-bluetooth\\\/#primaryimage\",\"url\":\"https:\\\/\\\/www.petroni.hr\\\/wp-content\\\/uploads\\\/2025\\\/12\\\/LiFePO4-120ah-1.jpg\",\"contentUrl\":\"https:\\\/\\\/www.petroni.hr\\\/wp-content\\\/uploads\\\/2025\\\/12\\\/LiFePO4-120ah-1.jpg\",\"width\":550,\"height\":344},{\"@type\":\"BreadcrumbList\",\"@id\":\"https:\\\/\\\/www.petroni.hr\\\/en\\\/proizvod\\\/akumulator-lifepo4-120ah-sa-bluetooth\\\/#breadcrumb\",\"itemListElement\":[{\"@type\":\"ListItem\",\"position\":1,\"name\":\"Po\u010detna stranica\",\"item\":\"https:\\\/\\\/www.petroni.hr\\\/en\\\/\"},{\"@type\":\"ListItem\",\"position\":2,\"name\":\"Shop\",\"item\":\"https:\\\/\\\/www.petroni.hr\\\/en\\\/shop\\\/\"},{\"@type\":\"ListItem\",\"position\":3,\"name\":\"Akumulator LiFePO4 120Ah sa bluetooth\"}]},{\"@type\":\"WebSite\",\"@id\":\"https:\\\/\\\/www.petroni.hr\\\/en\\\/#website\",\"url\":\"https:\\\/\\\/www.petroni.hr\\\/en\\\/\",\"name\":\"Petroni.hr\",\"description\":\"Experience the unprecedented freedom of travel\",\"publisher\":{\"@id\":\"https:\\\/\\\/www.petroni.hr\\\/en\\\/#organization\"},\"alternateName\":\"Petroni\",\"potentialAction\":[{\"@type\":\"SearchAction\",\"target\":{\"@type\":\"EntryPoint\",\"urlTemplate\":\"https:\\\/\\\/www.petroni.hr\\\/en\\\/?s={search_term_string}\"},\"query-input\":{\"@type\":\"PropertyValueSpecification\",\"valueRequired\":true,\"valueName\":\"search_term_string\"}}],\"inLanguage\":\"en-US\"},{\"@type\":\"Organization\",\"@id\":\"https:\\\/\\\/www.petroni.hr\\\/en\\\/#organization\",\"name\":\"Petroni d.o.o.\",\"alternateName\":\"Petroni\",\"url\":\"https:\\\/\\\/www.petroni.hr\\\/en\\\/\",\"logo\":{\"@type\":\"ImageObject\",\"inLanguage\":\"en-US\",\"@id\":\"https:\\\/\\\/www.petroni.hr\\\/en\\\/#\\\/schema\\\/logo\\\/image\\\/\",\"url\":\"https:\\\/\\\/www.petroni.hr\\\/wp-content\\\/uploads\\\/2024\\\/03\\\/cropped-Group-3.jpg\",\"contentUrl\":\"https:\\\/\\\/www.petroni.hr\\\/wp-content\\\/uploads\\\/2024\\\/03\\\/cropped-Group-3.jpg\",\"width\":512,\"height\":512,\"caption\":\"Petroni d.o.o.\"},\"image\":{\"@id\":\"https:\\\/\\\/www.petroni.hr\\\/en\\\/#\\\/schema\\\/logo\\\/image\\\/\"},\"sameAs\":[\"https:\\\/\\\/www.facebook.com\\\/Kamperi.Petroni.Sesvete\\\/?locale=hr_HR\"]}]}<\/script>\n<!-- \/ Yoast SEO plugin. -->","yoast_head_json":{"title":"Akumulator LiFePO4 120Ah sa bluetooth | Petroni - rent | sale | service | conversions","robots":{"index":"index","follow":"follow","max-snippet":"max-snippet:-1","max-image-preview":"max-image-preview:large","max-video-preview":"max-video-preview:-1"},"canonical":"https:\/\/www.petroni.hr\/en\/proizvod\/akumulator-lifepo4-120ah-sa-bluetooth\/","og_locale":"en_US","og_type":"article","og_title":"Akumulator LiFePO4 120Ah sa bluetooth | Petroni - rent | sale | service | conversions","og_description":"S kapacitetom od 120 Ah i strujom pra\u017enjenja od 150 A, ova baterija je idealna za zahtjevne primjene u va\u0161em kamperu i kamp prikolici. Mala te\u017eina i brzo vrijeme punjenja osiguravaju maksimalnu u\u010dinkovitost. Zahvaljuju\u0107i Bluetoothu, mo\u017eete prakti\u010dno pratiti bateriju putem pametnog telefona. Verzija &#8211; bez grijanja ! Kada su u pitanju performanse i dugovje\u010dnost litijevih [&hellip;]","og_url":"https:\/\/www.petroni.hr\/en\/proizvod\/akumulator-lifepo4-120ah-sa-bluetooth\/","og_site_name":"Petroni - rent | sale | service | conversions","article_publisher":"https:\/\/www.facebook.com\/Kamperi.Petroni.Sesvete\/?locale=hr_HR","article_modified_time":"2025-12-16T08:13:28+00:00","og_image":[{"width":550,"height":344,"url":"https:\/\/www.petroni.hr\/wp-content\/uploads\/2025\/12\/LiFePO4-120ah-1.jpg","type":"image\/jpeg"}],"twitter_card":"summary_large_image","twitter_misc":{"Est. reading time":"2 minutes"},"schema":{"@context":"https:\/\/schema.org","@graph":[{"@type":"WebPage","@id":"https:\/\/www.petroni.hr\/en\/proizvod\/akumulator-lifepo4-120ah-sa-bluetooth\/","url":"https:\/\/www.petroni.hr\/en\/proizvod\/akumulator-lifepo4-120ah-sa-bluetooth\/","name":"Akumulator LiFePO4 120Ah sa bluetooth | Petroni - rent | sale | service | conversions","isPartOf":{"@id":"https:\/\/www.petroni.hr\/en\/#website"},"primaryImageOfPage":{"@id":"https:\/\/www.petroni.hr\/en\/proizvod\/akumulator-lifepo4-120ah-sa-bluetooth\/#primaryimage"},"image":{"@id":"https:\/\/www.petroni.hr\/en\/proizvod\/akumulator-lifepo4-120ah-sa-bluetooth\/#primaryimage"},"thumbnailUrl":"https:\/\/www.petroni.hr\/wp-content\/uploads\/2025\/12\/LiFePO4-120ah-1.jpg","datePublished":"2025-12-16T08:12:23+00:00","dateModified":"2025-12-16T08:13:28+00:00","breadcrumb":{"@id":"https:\/\/www.petroni.hr\/en\/proizvod\/akumulator-lifepo4-120ah-sa-bluetooth\/#breadcrumb"},"inLanguage":"en-US","potentialAction":[{"@type":"ReadAction","target":["https:\/\/www.petroni.hr\/en\/proizvod\/akumulator-lifepo4-120ah-sa-bluetooth\/"]}]},{"@type":"ImageObject","inLanguage":"en-US","@id":"https:\/\/www.petroni.hr\/en\/proizvod\/akumulator-lifepo4-120ah-sa-bluetooth\/#primaryimage","url":"https:\/\/www.petroni.hr\/wp-content\/uploads\/2025\/12\/LiFePO4-120ah-1.jpg","contentUrl":"https:\/\/www.petroni.hr\/wp-content\/uploads\/2025\/12\/LiFePO4-120ah-1.jpg","width":550,"height":344},{"@type":"BreadcrumbList","@id":"https:\/\/www.petroni.hr\/en\/proizvod\/akumulator-lifepo4-120ah-sa-bluetooth\/#breadcrumb","itemListElement":[{"@type":"ListItem","position":1,"name":"Po\u010detna stranica","item":"https:\/\/www.petroni.hr\/en\/"},{"@type":"ListItem","position":2,"name":"Shop","item":"https:\/\/www.petroni.hr\/en\/shop\/"},{"@type":"ListItem","position":3,"name":"Akumulator LiFePO4 120Ah sa bluetooth"}]},{"@type":"WebSite","@id":"https:\/\/www.petroni.hr\/en\/#website","url":"https:\/\/www.petroni.hr\/en\/","name":"Petroni.hr","description":"Experience the unprecedented freedom of travel","publisher":{"@id":"https:\/\/www.petroni.hr\/en\/#organization"},"alternateName":"Petroni","potentialAction":[{"@type":"SearchAction","target":{"@type":"EntryPoint","urlTemplate":"https:\/\/www.petroni.hr\/en\/?s={search_term_string}"},"query-input":{"@type":"PropertyValueSpecification","valueRequired":true,"valueName":"search_term_string"}}],"inLanguage":"en-US"},{"@type":"Organization","@id":"https:\/\/www.petroni.hr\/en\/#organization","name":"Petroni d.o.o.","alternateName":"Petroni","url":"https:\/\/www.petroni.hr\/en\/","logo":{"@type":"ImageObject","inLanguage":"en-US","@id":"https:\/\/www.petroni.hr\/en\/#\/schema\/logo\/image\/","url":"https:\/\/www.petroni.hr\/wp-content\/uploads\/2024\/03\/cropped-Group-3.jpg","contentUrl":"https:\/\/www.petroni.hr\/wp-content\/uploads\/2024\/03\/cropped-Group-3.jpg","width":512,"height":512,"caption":"Petroni d.o.o."},"image":{"@id":"https:\/\/www.petroni.hr\/en\/#\/schema\/logo\/image\/"},"sameAs":["https:\/\/www.facebook.com\/Kamperi.Petroni.Sesvete\/?locale=hr_HR"]}]}},"_links":{"self":[{"href":"https:\/\/www.petroni.hr\/en\/wp-json\/wp\/v2\/product\/25406","targetHints":{"allow":["GET"]}}],"collection":[{"href":"https:\/\/www.petroni.hr\/en\/wp-json\/wp\/v2\/product"}],"about":[{"href":"https:\/\/www.petroni.hr\/en\/wp-json\/wp\/v2\/types\/product"}],"replies":[{"embeddable":true,"href":"https:\/\/www.petroni.hr\/en\/wp-json\/wp\/v2\/comments?post=25406"}],"wp:featuredmedia":[{"embeddable":true,"href":"https:\/\/www.petroni.hr\/en\/wp-json\/wp\/v2\/media\/25407"}],"wp:attachment":[{"href":"https:\/\/www.petroni.hr\/en\/wp-json\/wp\/v2\/media?parent=25406"}],"wp:term":[{"taxonomy":"product_brand","embeddable":true,"href":"https:\/\/www.petroni.hr\/en\/wp-json\/wp\/v2\/product_brand?post=25406"},{"taxonomy":"product_cat","embeddable":true,"href":"https:\/\/www.petroni.hr\/en\/wp-json\/wp\/v2\/product_cat?post=25406"},{"taxonomy":"product_tag","embeddable":true,"href":"https:\/\/www.petroni.hr\/en\/wp-json\/wp\/v2\/product_tag?post=25406"}],"curies":[{"name":"wp","href":"https:\/\/api.w.org\/{rel}","templated":true}]}}