{"id":25302,"date":"2025-10-29T12:54:21","date_gmt":"2025-10-29T11:54:21","guid":{"rendered":"https:\/\/www.petroni.hr\/?post_type=product&#038;p=25302"},"modified":"2025-10-29T12:54:23","modified_gmt":"2025-10-29T11:54:23","slug":"inverter-cisti-sinus-cbe-erp300","status":"publish","type":"product","link":"https:\/\/www.petroni.hr\/en\/proizvod\/inverter-cisti-sinus-cbe-erp300\/","title":{"rendered":"Inverter &#8211; \u010disti sinus CBE ERP300"},"content":{"rendered":"<p>ERP300<br \/>\nNovi pretvara\u010di serije \u201eERP\u201c, s \u010distim sinusnim izlazom, posebno dizajnirani za upotrebu u kamperima i automobilima, isti\u010du se po svojim visokim performansama, kvaliteti izrade, maksimalnoj sigurnosti i pouzdanosti.<\/p>\n<p>Glavne zna\u010dajke i funkcije:<\/p>\n<p>\u010cisti sinusni izlaz, za maksimiziranje u\u010dinkovitosti ure\u0111aja koji se napajaju i posebno se preporu\u010duje za osjetljive korisnike od 230 V, kao \u0161to su audio i video oprema, prijenosna ra\u010dunala, satelitski sustavi, ure\u0111aji i ku\u0107anski aparati opremljeni elektromotorom itd.<br \/>\n3 modela snage od 300 do 1500 W.<br \/>\nKompletni s USB priklju\u010dkom tipa A.<br \/>\nSmanjena veli\u010dina i te\u017eina zahvaljuju\u0107i HF tehnologiji.<br \/>\nVisokokvalitetna i robusna konstrukcija s ku\u0107i\u0161tem od aluminijske legure.<br \/>\nElektri\u010dna izolacija izme\u0111u ulaza od 12 V istosmjerne struje i izlaza od 230 V izmjeni\u010dne struje.<br \/>\n\u201ePametni\u201c ventilator za hla\u0111enje s kontroliranim optere\u0107enjem i temperaturom.<br \/>\nZa\u0161tita od preoptere\u0107enja, kratkog spoja, previsoke\/niske temperature, obrnutog polariteta.<br \/>\nPredispozicija za spajanje daljinske upravlja\u010dke plo\u010de.<\/p>\n<p>model ERP300<br \/>\nbroj dijela 215475<br \/>\ntehni\u010dki podaci<br \/>\nizlazni napon bez optere\u0107enja 230Vac\u00b1 10V<br \/>\nizlazni napon optere\u0107enja 210\u00f7240Vac<br \/>\nfrekvencija 50HZ<br \/>\nvr\u0161na snaga 600W<br \/>\nkontinuirana snaga 300W<br \/>\nizlazni val \u010cisti sinusni val (THD &lt; 5%)<br \/>\nza\u0161tita od kratkog spoja DA<br \/>\nza\u0161tita od preoptere\u0107enja 360\u00f7400W<br \/>\nulazni tehni\u010dki podaci<br \/>\nraspon radnog napona 11\u00f715Vdc<br \/>\nstruja bez optere\u0107enja \u2264 0.8A<br \/>\nalarm niskog napona ulaza 10.5Vdc<br \/>\nisklju\u010divanje niskog napona ulaza 9.5Vdc<br \/>\nisklju\u010divanje previsokog napona ulaza 16Vdc<br \/>\nobrnuti polaritet DC ulaza DA (osigura\u010d)<br \/>\nop\u0107i tehni\u010dki podaci<br \/>\nu\u010dinkovitost \u2265 85%<br \/>\nventilacija Prisilna, promjenjiva automatska regulacija<br \/>\nsobna temperatura -15\u00b0 \u00f7 +25\u00b0C; 60\u00b0C pri 40% optere\u0107enja<br \/>\nza\u0161tita od pregrijavanja DA<br \/>\npriklju\u010dak 230V Schuko uti\u010dnica<br \/>\npriklju\u010dak baterije Stezaljke<br \/>\nUSB izlaz 1x USB tip A<br \/>\ndaljinski prekida\u010d MCI3 (opcionalno)<br \/>\ndimenzije (mm) 236 x 171 x 74V<br \/>\nte\u017eina 1,4Kg<br \/>\nuklju\u010dena IVT funkcija NE<\/p>\n","protected":false},"excerpt":{"rendered":"<p>ERP300 Novi pretvara\u010di serije \u201eERP\u201c, s \u010distim sinusnim izlazom, posebno dizajnirani za upotrebu u kamperima i automobilima, isti\u010du se po svojim visokim performansama, kvaliteti izrade, maksimalnoj sigurnosti i pouzdanosti. Glavne zna\u010dajke i funkcije: \u010cisti sinusni izlaz, za maksimiziranje u\u010dinkovitosti ure\u0111aja koji se napajaju i posebno se preporu\u010duje za osjetljive korisnike od 230 V, kao \u0161to [&hellip;]<\/p>\n","protected":false},"featured_media":25303,"comment_status":"open","ping_status":"closed","template":"","meta":{"_acf_changed":false,"_themeisle_gutenberg_block_has_review":false},"product_brand":[],"product_cat":[213,233],"product_tag":[],"class_list":{"0":"post-25302","1":"product","2":"type-product","3":"status-publish","4":"has-post-thumbnail","6":"product_cat-electrical","7":"product_cat-inverter","9":"first","10":"instock","11":"shipping-taxable","12":"purchasable","13":"product-type-simple"},"acf":[],"yoast_head":"<!-- This site is optimized with the Yoast SEO plugin v27.4 - https:\/\/yoast.com\/product\/yoast-seo-wordpress\/ -->\n<title>Inverter - \u010disti sinus CBE ERP300 | Petroni - rent | sale | service | conversions<\/title>\n<meta name=\"robots\" content=\"index, follow, max-snippet:-1, max-image-preview:large, max-video-preview:-1\" \/>\n<link rel=\"canonical\" href=\"https:\/\/www.petroni.hr\/en\/proizvod\/inverter-cisti-sinus-cbe-erp300\/\" \/>\n<meta property=\"og:locale\" content=\"en_US\" \/>\n<meta property=\"og:type\" content=\"article\" \/>\n<meta property=\"og:title\" content=\"Inverter - \u010disti sinus CBE ERP300 | Petroni - rent | sale | service | conversions\" \/>\n<meta property=\"og:description\" content=\"ERP300 Novi pretvara\u010di serije \u201eERP\u201c, s \u010distim sinusnim izlazom, posebno dizajnirani za upotrebu u kamperima i automobilima, isti\u010du se po svojim visokim performansama, kvaliteti izrade, maksimalnoj sigurnosti i pouzdanosti. Glavne zna\u010dajke i funkcije: \u010cisti sinusni izlaz, za maksimiziranje u\u010dinkovitosti ure\u0111aja koji se napajaju i posebno se preporu\u010duje za osjetljive korisnike od 230 V, kao \u0161to [&hellip;]\" \/>\n<meta property=\"og:url\" content=\"https:\/\/www.petroni.hr\/en\/proizvod\/inverter-cisti-sinus-cbe-erp300\/\" \/>\n<meta property=\"og:site_name\" content=\"Petroni - rent | sale | service | conversions\" \/>\n<meta property=\"article:publisher\" content=\"https:\/\/www.facebook.com\/Kamperi.Petroni.Sesvete\/?locale=hr_HR\" \/>\n<meta property=\"article:modified_time\" content=\"2025-10-29T11:54:23+00:00\" \/>\n<meta property=\"og:image\" content=\"https:\/\/www.petroni.hr\/wp-content\/uploads\/2025\/10\/sinusni-inverter-CBE-ERP300-1.jpg\" \/>\n\t<meta property=\"og:image:width\" content=\"650\" \/>\n\t<meta property=\"og:image:height\" content=\"428\" \/>\n\t<meta property=\"og:image:type\" content=\"image\/jpeg\" \/>\n<meta name=\"twitter:card\" content=\"summary_large_image\" \/>\n<meta name=\"twitter:label1\" content=\"Est. reading time\" \/>\n\t<meta name=\"twitter:data1\" content=\"2 minutes\" \/>\n<script type=\"application\/ld+json\" class=\"yoast-schema-graph\">{\"@context\":\"https:\\\/\\\/schema.org\",\"@graph\":[{\"@type\":\"WebPage\",\"@id\":\"https:\\\/\\\/www.petroni.hr\\\/en\\\/proizvod\\\/inverter-cisti-sinus-cbe-erp300\\\/\",\"url\":\"https:\\\/\\\/www.petroni.hr\\\/en\\\/proizvod\\\/inverter-cisti-sinus-cbe-erp300\\\/\",\"name\":\"Inverter - \u010disti sinus CBE ERP300 | Petroni - rent | sale | service | conversions\",\"isPartOf\":{\"@id\":\"https:\\\/\\\/www.petroni.hr\\\/en\\\/#website\"},\"primaryImageOfPage\":{\"@id\":\"https:\\\/\\\/www.petroni.hr\\\/en\\\/proizvod\\\/inverter-cisti-sinus-cbe-erp300\\\/#primaryimage\"},\"image\":{\"@id\":\"https:\\\/\\\/www.petroni.hr\\\/en\\\/proizvod\\\/inverter-cisti-sinus-cbe-erp300\\\/#primaryimage\"},\"thumbnailUrl\":\"https:\\\/\\\/www.petroni.hr\\\/wp-content\\\/uploads\\\/2025\\\/10\\\/sinusni-inverter-CBE-ERP300-1.jpg\",\"datePublished\":\"2025-10-29T11:54:21+00:00\",\"dateModified\":\"2025-10-29T11:54:23+00:00\",\"breadcrumb\":{\"@id\":\"https:\\\/\\\/www.petroni.hr\\\/en\\\/proizvod\\\/inverter-cisti-sinus-cbe-erp300\\\/#breadcrumb\"},\"inLanguage\":\"en-US\",\"potentialAction\":[{\"@type\":\"ReadAction\",\"target\":[\"https:\\\/\\\/www.petroni.hr\\\/en\\\/proizvod\\\/inverter-cisti-sinus-cbe-erp300\\\/\"]}]},{\"@type\":\"ImageObject\",\"inLanguage\":\"en-US\",\"@id\":\"https:\\\/\\\/www.petroni.hr\\\/en\\\/proizvod\\\/inverter-cisti-sinus-cbe-erp300\\\/#primaryimage\",\"url\":\"https:\\\/\\\/www.petroni.hr\\\/wp-content\\\/uploads\\\/2025\\\/10\\\/sinusni-inverter-CBE-ERP300-1.jpg\",\"contentUrl\":\"https:\\\/\\\/www.petroni.hr\\\/wp-content\\\/uploads\\\/2025\\\/10\\\/sinusni-inverter-CBE-ERP300-1.jpg\",\"width\":650,\"height\":428},{\"@type\":\"BreadcrumbList\",\"@id\":\"https:\\\/\\\/www.petroni.hr\\\/en\\\/proizvod\\\/inverter-cisti-sinus-cbe-erp300\\\/#breadcrumb\",\"itemListElement\":[{\"@type\":\"ListItem\",\"position\":1,\"name\":\"Po\u010detna stranica\",\"item\":\"https:\\\/\\\/www.petroni.hr\\\/en\\\/\"},{\"@type\":\"ListItem\",\"position\":2,\"name\":\"Shop\",\"item\":\"https:\\\/\\\/www.petroni.hr\\\/en\\\/shop\\\/\"},{\"@type\":\"ListItem\",\"position\":3,\"name\":\"Inverter &#8211; \u010disti sinus CBE ERP300\"}]},{\"@type\":\"WebSite\",\"@id\":\"https:\\\/\\\/www.petroni.hr\\\/en\\\/#website\",\"url\":\"https:\\\/\\\/www.petroni.hr\\\/en\\\/\",\"name\":\"Petroni.hr\",\"description\":\"Experience the unprecedented freedom of travel\",\"publisher\":{\"@id\":\"https:\\\/\\\/www.petroni.hr\\\/en\\\/#organization\"},\"alternateName\":\"Petroni\",\"potentialAction\":[{\"@type\":\"SearchAction\",\"target\":{\"@type\":\"EntryPoint\",\"urlTemplate\":\"https:\\\/\\\/www.petroni.hr\\\/en\\\/?s={search_term_string}\"},\"query-input\":{\"@type\":\"PropertyValueSpecification\",\"valueRequired\":true,\"valueName\":\"search_term_string\"}}],\"inLanguage\":\"en-US\"},{\"@type\":\"Organization\",\"@id\":\"https:\\\/\\\/www.petroni.hr\\\/en\\\/#organization\",\"name\":\"Petroni d.o.o.\",\"alternateName\":\"Petroni\",\"url\":\"https:\\\/\\\/www.petroni.hr\\\/en\\\/\",\"logo\":{\"@type\":\"ImageObject\",\"inLanguage\":\"en-US\",\"@id\":\"https:\\\/\\\/www.petroni.hr\\\/en\\\/#\\\/schema\\\/logo\\\/image\\\/\",\"url\":\"https:\\\/\\\/www.petroni.hr\\\/wp-content\\\/uploads\\\/2024\\\/03\\\/cropped-Group-3.jpg\",\"contentUrl\":\"https:\\\/\\\/www.petroni.hr\\\/wp-content\\\/uploads\\\/2024\\\/03\\\/cropped-Group-3.jpg\",\"width\":512,\"height\":512,\"caption\":\"Petroni d.o.o.\"},\"image\":{\"@id\":\"https:\\\/\\\/www.petroni.hr\\\/en\\\/#\\\/schema\\\/logo\\\/image\\\/\"},\"sameAs\":[\"https:\\\/\\\/www.facebook.com\\\/Kamperi.Petroni.Sesvete\\\/?locale=hr_HR\"]}]}<\/script>\n<!-- \/ Yoast SEO plugin. -->","yoast_head_json":{"title":"Inverter - \u010disti sinus CBE ERP300 | Petroni - rent | sale | service | conversions","robots":{"index":"index","follow":"follow","max-snippet":"max-snippet:-1","max-image-preview":"max-image-preview:large","max-video-preview":"max-video-preview:-1"},"canonical":"https:\/\/www.petroni.hr\/en\/proizvod\/inverter-cisti-sinus-cbe-erp300\/","og_locale":"en_US","og_type":"article","og_title":"Inverter - \u010disti sinus CBE ERP300 | Petroni - rent | sale | service | conversions","og_description":"ERP300 Novi pretvara\u010di serije \u201eERP\u201c, s \u010distim sinusnim izlazom, posebno dizajnirani za upotrebu u kamperima i automobilima, isti\u010du se po svojim visokim performansama, kvaliteti izrade, maksimalnoj sigurnosti i pouzdanosti. Glavne zna\u010dajke i funkcije: \u010cisti sinusni izlaz, za maksimiziranje u\u010dinkovitosti ure\u0111aja koji se napajaju i posebno se preporu\u010duje za osjetljive korisnike od 230 V, kao \u0161to [&hellip;]","og_url":"https:\/\/www.petroni.hr\/en\/proizvod\/inverter-cisti-sinus-cbe-erp300\/","og_site_name":"Petroni - rent | sale | service | conversions","article_publisher":"https:\/\/www.facebook.com\/Kamperi.Petroni.Sesvete\/?locale=hr_HR","article_modified_time":"2025-10-29T11:54:23+00:00","og_image":[{"width":650,"height":428,"url":"https:\/\/www.petroni.hr\/wp-content\/uploads\/2025\/10\/sinusni-inverter-CBE-ERP300-1.jpg","type":"image\/jpeg"}],"twitter_card":"summary_large_image","twitter_misc":{"Est. reading time":"2 minutes"},"schema":{"@context":"https:\/\/schema.org","@graph":[{"@type":"WebPage","@id":"https:\/\/www.petroni.hr\/en\/proizvod\/inverter-cisti-sinus-cbe-erp300\/","url":"https:\/\/www.petroni.hr\/en\/proizvod\/inverter-cisti-sinus-cbe-erp300\/","name":"Inverter - \u010disti sinus CBE ERP300 | Petroni - rent | sale | service | conversions","isPartOf":{"@id":"https:\/\/www.petroni.hr\/en\/#website"},"primaryImageOfPage":{"@id":"https:\/\/www.petroni.hr\/en\/proizvod\/inverter-cisti-sinus-cbe-erp300\/#primaryimage"},"image":{"@id":"https:\/\/www.petroni.hr\/en\/proizvod\/inverter-cisti-sinus-cbe-erp300\/#primaryimage"},"thumbnailUrl":"https:\/\/www.petroni.hr\/wp-content\/uploads\/2025\/10\/sinusni-inverter-CBE-ERP300-1.jpg","datePublished":"2025-10-29T11:54:21+00:00","dateModified":"2025-10-29T11:54:23+00:00","breadcrumb":{"@id":"https:\/\/www.petroni.hr\/en\/proizvod\/inverter-cisti-sinus-cbe-erp300\/#breadcrumb"},"inLanguage":"en-US","potentialAction":[{"@type":"ReadAction","target":["https:\/\/www.petroni.hr\/en\/proizvod\/inverter-cisti-sinus-cbe-erp300\/"]}]},{"@type":"ImageObject","inLanguage":"en-US","@id":"https:\/\/www.petroni.hr\/en\/proizvod\/inverter-cisti-sinus-cbe-erp300\/#primaryimage","url":"https:\/\/www.petroni.hr\/wp-content\/uploads\/2025\/10\/sinusni-inverter-CBE-ERP300-1.jpg","contentUrl":"https:\/\/www.petroni.hr\/wp-content\/uploads\/2025\/10\/sinusni-inverter-CBE-ERP300-1.jpg","width":650,"height":428},{"@type":"BreadcrumbList","@id":"https:\/\/www.petroni.hr\/en\/proizvod\/inverter-cisti-sinus-cbe-erp300\/#breadcrumb","itemListElement":[{"@type":"ListItem","position":1,"name":"Po\u010detna stranica","item":"https:\/\/www.petroni.hr\/en\/"},{"@type":"ListItem","position":2,"name":"Shop","item":"https:\/\/www.petroni.hr\/en\/shop\/"},{"@type":"ListItem","position":3,"name":"Inverter &#8211; \u010disti sinus CBE ERP300"}]},{"@type":"WebSite","@id":"https:\/\/www.petroni.hr\/en\/#website","url":"https:\/\/www.petroni.hr\/en\/","name":"Petroni.hr","description":"Experience the unprecedented freedom of travel","publisher":{"@id":"https:\/\/www.petroni.hr\/en\/#organization"},"alternateName":"Petroni","potentialAction":[{"@type":"SearchAction","target":{"@type":"EntryPoint","urlTemplate":"https:\/\/www.petroni.hr\/en\/?s={search_term_string}"},"query-input":{"@type":"PropertyValueSpecification","valueRequired":true,"valueName":"search_term_string"}}],"inLanguage":"en-US"},{"@type":"Organization","@id":"https:\/\/www.petroni.hr\/en\/#organization","name":"Petroni d.o.o.","alternateName":"Petroni","url":"https:\/\/www.petroni.hr\/en\/","logo":{"@type":"ImageObject","inLanguage":"en-US","@id":"https:\/\/www.petroni.hr\/en\/#\/schema\/logo\/image\/","url":"https:\/\/www.petroni.hr\/wp-content\/uploads\/2024\/03\/cropped-Group-3.jpg","contentUrl":"https:\/\/www.petroni.hr\/wp-content\/uploads\/2024\/03\/cropped-Group-3.jpg","width":512,"height":512,"caption":"Petroni d.o.o."},"image":{"@id":"https:\/\/www.petroni.hr\/en\/#\/schema\/logo\/image\/"},"sameAs":["https:\/\/www.facebook.com\/Kamperi.Petroni.Sesvete\/?locale=hr_HR"]}]}},"_links":{"self":[{"href":"https:\/\/www.petroni.hr\/en\/wp-json\/wp\/v2\/product\/25302","targetHints":{"allow":["GET"]}}],"collection":[{"href":"https:\/\/www.petroni.hr\/en\/wp-json\/wp\/v2\/product"}],"about":[{"href":"https:\/\/www.petroni.hr\/en\/wp-json\/wp\/v2\/types\/product"}],"replies":[{"embeddable":true,"href":"https:\/\/www.petroni.hr\/en\/wp-json\/wp\/v2\/comments?post=25302"}],"wp:featuredmedia":[{"embeddable":true,"href":"https:\/\/www.petroni.hr\/en\/wp-json\/wp\/v2\/media\/25303"}],"wp:attachment":[{"href":"https:\/\/www.petroni.hr\/en\/wp-json\/wp\/v2\/media?parent=25302"}],"wp:term":[{"taxonomy":"product_brand","embeddable":true,"href":"https:\/\/www.petroni.hr\/en\/wp-json\/wp\/v2\/product_brand?post=25302"},{"taxonomy":"product_cat","embeddable":true,"href":"https:\/\/www.petroni.hr\/en\/wp-json\/wp\/v2\/product_cat?post=25302"},{"taxonomy":"product_tag","embeddable":true,"href":"https:\/\/www.petroni.hr\/en\/wp-json\/wp\/v2\/product_tag?post=25302"}],"curies":[{"name":"wp","href":"https:\/\/api.w.org\/{rel}","templated":true}]}}