{"id":25299,"date":"2025-10-29T11:42:16","date_gmt":"2025-10-29T10:42:16","guid":{"rendered":"https:\/\/www.petroni.hr\/?post_type=product&#038;p=25299"},"modified":"2025-10-29T11:42:17","modified_gmt":"2025-10-29T10:42:17","slug":"kontrol-panel-autoterm-comfort","status":"publish","type":"product","link":"https:\/\/www.petroni.hr\/en\/proizvod\/kontrol-panel-autoterm-comfort\/","title":{"rendered":"Kontrol panel AUTOTERM comfort"},"content":{"rendered":"<p>Upravlja\u010dka plo\u010da poma\u017ee vam da lak\u0161e upravljate svojim grija\u010dem Autoterm.<\/p>\n<p>\u2022 Intuitivno korisni\u010dko su\u010delje.<br \/>\n\u2022 LED indikator statusa.<br \/>\n\u2022 Funkcija termostata.<br \/>\n\u2022 Dodatne mogu\u0107nosti grijanja.<br \/>\n\u2022 Gumb za brzi start.<br \/>\n\u2022 Sigurnosna funkcija akumulatora vozila.<br \/>\n\u2022 Podsjetnik za odr\u017eavanje grija\u010da.<br \/>\n\u2022 Precizni unutarnji digitalni senzor temperature.<\/p>\n","protected":false},"excerpt":{"rendered":"<p>Upravlja\u010dka plo\u010da poma\u017ee vam da lak\u0161e upravljate svojim grija\u010dem Autoterm. \u2022 Intuitivno korisni\u010dko su\u010delje. \u2022 LED indikator statusa. \u2022 Funkcija termostata. \u2022 Dodatne mogu\u0107nosti grijanja. \u2022 Gumb za brzi start. \u2022 Sigurnosna funkcija akumulatora vozila. \u2022 Podsjetnik za odr\u017eavanje grija\u010da. \u2022 Precizni unutarnji digitalni senzor temperature.<\/p>\n","protected":false},"featured_media":25300,"comment_status":"open","ping_status":"closed","template":"","meta":{"_acf_changed":false,"_themeisle_gutenberg_block_has_review":false},"product_brand":[],"product_cat":[355,212],"product_tag":[],"class_list":{"0":"post-25299","1":"product","2":"type-product","3":"status-publish","4":"has-post-thumbnail","6":"product_cat-grijanje","7":"product_cat-cooling-climate-heating","9":"first","10":"instock","11":"shipping-taxable","12":"purchasable","13":"product-type-simple"},"acf":[],"yoast_head":"<!-- This site is optimized with the Yoast SEO plugin v27.4 - https:\/\/yoast.com\/product\/yoast-seo-wordpress\/ -->\n<title>Kontrol panel AUTOTERM comfort | Petroni - rent | sale | service | conversions<\/title>\n<meta name=\"robots\" content=\"index, follow, max-snippet:-1, max-image-preview:large, max-video-preview:-1\" \/>\n<link rel=\"canonical\" href=\"https:\/\/www.petroni.hr\/en\/proizvod\/kontrol-panel-autoterm-comfort\/\" \/>\n<meta property=\"og:locale\" content=\"en_US\" \/>\n<meta property=\"og:type\" content=\"article\" \/>\n<meta property=\"og:title\" content=\"Kontrol panel AUTOTERM comfort | Petroni - rent | sale | service | conversions\" \/>\n<meta property=\"og:description\" content=\"Upravlja\u010dka plo\u010da poma\u017ee vam da lak\u0161e upravljate svojim grija\u010dem Autoterm. \u2022 Intuitivno korisni\u010dko su\u010delje. \u2022 LED indikator statusa. \u2022 Funkcija termostata. \u2022 Dodatne mogu\u0107nosti grijanja. \u2022 Gumb za brzi start. \u2022 Sigurnosna funkcija akumulatora vozila. \u2022 Podsjetnik za odr\u017eavanje grija\u010da. \u2022 Precizni unutarnji digitalni senzor temperature.\" \/>\n<meta property=\"og:url\" content=\"https:\/\/www.petroni.hr\/en\/proizvod\/kontrol-panel-autoterm-comfort\/\" \/>\n<meta property=\"og:site_name\" content=\"Petroni - rent | sale | service | conversions\" \/>\n<meta property=\"article:publisher\" content=\"https:\/\/www.facebook.com\/Kamperi.Petroni.Sesvete\/?locale=hr_HR\" \/>\n<meta property=\"article:modified_time\" content=\"2025-10-29T10:42:17+00:00\" \/>\n<meta property=\"og:image\" content=\"https:\/\/www.petroni.hr\/wp-content\/uploads\/2025\/10\/Kontol-panel-Autoterm-comfort.jpg\" \/>\n\t<meta property=\"og:image:width\" content=\"542\" \/>\n\t<meta property=\"og:image:height\" content=\"310\" \/>\n\t<meta property=\"og:image:type\" content=\"image\/jpeg\" \/>\n<meta name=\"twitter:card\" content=\"summary_large_image\" \/>\n<script type=\"application\/ld+json\" class=\"yoast-schema-graph\">{\"@context\":\"https:\\\/\\\/schema.org\",\"@graph\":[{\"@type\":\"WebPage\",\"@id\":\"https:\\\/\\\/www.petroni.hr\\\/en\\\/proizvod\\\/kontrol-panel-autoterm-comfort\\\/\",\"url\":\"https:\\\/\\\/www.petroni.hr\\\/en\\\/proizvod\\\/kontrol-panel-autoterm-comfort\\\/\",\"name\":\"Kontrol panel AUTOTERM comfort | Petroni - rent | sale | service | conversions\",\"isPartOf\":{\"@id\":\"https:\\\/\\\/www.petroni.hr\\\/en\\\/#website\"},\"primaryImageOfPage\":{\"@id\":\"https:\\\/\\\/www.petroni.hr\\\/en\\\/proizvod\\\/kontrol-panel-autoterm-comfort\\\/#primaryimage\"},\"image\":{\"@id\":\"https:\\\/\\\/www.petroni.hr\\\/en\\\/proizvod\\\/kontrol-panel-autoterm-comfort\\\/#primaryimage\"},\"thumbnailUrl\":\"https:\\\/\\\/www.petroni.hr\\\/wp-content\\\/uploads\\\/2025\\\/10\\\/Kontol-panel-Autoterm-comfort.jpg\",\"datePublished\":\"2025-10-29T10:42:16+00:00\",\"dateModified\":\"2025-10-29T10:42:17+00:00\",\"breadcrumb\":{\"@id\":\"https:\\\/\\\/www.petroni.hr\\\/en\\\/proizvod\\\/kontrol-panel-autoterm-comfort\\\/#breadcrumb\"},\"inLanguage\":\"en-US\",\"potentialAction\":[{\"@type\":\"ReadAction\",\"target\":[\"https:\\\/\\\/www.petroni.hr\\\/en\\\/proizvod\\\/kontrol-panel-autoterm-comfort\\\/\"]}]},{\"@type\":\"ImageObject\",\"inLanguage\":\"en-US\",\"@id\":\"https:\\\/\\\/www.petroni.hr\\\/en\\\/proizvod\\\/kontrol-panel-autoterm-comfort\\\/#primaryimage\",\"url\":\"https:\\\/\\\/www.petroni.hr\\\/wp-content\\\/uploads\\\/2025\\\/10\\\/Kontol-panel-Autoterm-comfort.jpg\",\"contentUrl\":\"https:\\\/\\\/www.petroni.hr\\\/wp-content\\\/uploads\\\/2025\\\/10\\\/Kontol-panel-Autoterm-comfort.jpg\",\"width\":542,\"height\":310},{\"@type\":\"BreadcrumbList\",\"@id\":\"https:\\\/\\\/www.petroni.hr\\\/en\\\/proizvod\\\/kontrol-panel-autoterm-comfort\\\/#breadcrumb\",\"itemListElement\":[{\"@type\":\"ListItem\",\"position\":1,\"name\":\"Po\u010detna stranica\",\"item\":\"https:\\\/\\\/www.petroni.hr\\\/en\\\/\"},{\"@type\":\"ListItem\",\"position\":2,\"name\":\"Shop\",\"item\":\"https:\\\/\\\/www.petroni.hr\\\/en\\\/shop\\\/\"},{\"@type\":\"ListItem\",\"position\":3,\"name\":\"Kontrol panel AUTOTERM comfort\"}]},{\"@type\":\"WebSite\",\"@id\":\"https:\\\/\\\/www.petroni.hr\\\/en\\\/#website\",\"url\":\"https:\\\/\\\/www.petroni.hr\\\/en\\\/\",\"name\":\"Petroni.hr\",\"description\":\"Experience the unprecedented freedom of travel\",\"publisher\":{\"@id\":\"https:\\\/\\\/www.petroni.hr\\\/en\\\/#organization\"},\"alternateName\":\"Petroni\",\"potentialAction\":[{\"@type\":\"SearchAction\",\"target\":{\"@type\":\"EntryPoint\",\"urlTemplate\":\"https:\\\/\\\/www.petroni.hr\\\/en\\\/?s={search_term_string}\"},\"query-input\":{\"@type\":\"PropertyValueSpecification\",\"valueRequired\":true,\"valueName\":\"search_term_string\"}}],\"inLanguage\":\"en-US\"},{\"@type\":\"Organization\",\"@id\":\"https:\\\/\\\/www.petroni.hr\\\/en\\\/#organization\",\"name\":\"Petroni d.o.o.\",\"alternateName\":\"Petroni\",\"url\":\"https:\\\/\\\/www.petroni.hr\\\/en\\\/\",\"logo\":{\"@type\":\"ImageObject\",\"inLanguage\":\"en-US\",\"@id\":\"https:\\\/\\\/www.petroni.hr\\\/en\\\/#\\\/schema\\\/logo\\\/image\\\/\",\"url\":\"https:\\\/\\\/www.petroni.hr\\\/wp-content\\\/uploads\\\/2024\\\/03\\\/cropped-Group-3.jpg\",\"contentUrl\":\"https:\\\/\\\/www.petroni.hr\\\/wp-content\\\/uploads\\\/2024\\\/03\\\/cropped-Group-3.jpg\",\"width\":512,\"height\":512,\"caption\":\"Petroni d.o.o.\"},\"image\":{\"@id\":\"https:\\\/\\\/www.petroni.hr\\\/en\\\/#\\\/schema\\\/logo\\\/image\\\/\"},\"sameAs\":[\"https:\\\/\\\/www.facebook.com\\\/Kamperi.Petroni.Sesvete\\\/?locale=hr_HR\"]}]}<\/script>\n<!-- \/ Yoast SEO plugin. -->","yoast_head_json":{"title":"Kontrol panel AUTOTERM comfort | Petroni - rent | sale | service | conversions","robots":{"index":"index","follow":"follow","max-snippet":"max-snippet:-1","max-image-preview":"max-image-preview:large","max-video-preview":"max-video-preview:-1"},"canonical":"https:\/\/www.petroni.hr\/en\/proizvod\/kontrol-panel-autoterm-comfort\/","og_locale":"en_US","og_type":"article","og_title":"Kontrol panel AUTOTERM comfort | Petroni - rent | sale | service | conversions","og_description":"Upravlja\u010dka plo\u010da poma\u017ee vam da lak\u0161e upravljate svojim grija\u010dem Autoterm. \u2022 Intuitivno korisni\u010dko su\u010delje. \u2022 LED indikator statusa. \u2022 Funkcija termostata. \u2022 Dodatne mogu\u0107nosti grijanja. \u2022 Gumb za brzi start. \u2022 Sigurnosna funkcija akumulatora vozila. \u2022 Podsjetnik za odr\u017eavanje grija\u010da. \u2022 Precizni unutarnji digitalni senzor temperature.","og_url":"https:\/\/www.petroni.hr\/en\/proizvod\/kontrol-panel-autoterm-comfort\/","og_site_name":"Petroni - rent | sale | service | conversions","article_publisher":"https:\/\/www.facebook.com\/Kamperi.Petroni.Sesvete\/?locale=hr_HR","article_modified_time":"2025-10-29T10:42:17+00:00","og_image":[{"width":542,"height":310,"url":"https:\/\/www.petroni.hr\/wp-content\/uploads\/2025\/10\/Kontol-panel-Autoterm-comfort.jpg","type":"image\/jpeg"}],"twitter_card":"summary_large_image","schema":{"@context":"https:\/\/schema.org","@graph":[{"@type":"WebPage","@id":"https:\/\/www.petroni.hr\/en\/proizvod\/kontrol-panel-autoterm-comfort\/","url":"https:\/\/www.petroni.hr\/en\/proizvod\/kontrol-panel-autoterm-comfort\/","name":"Kontrol panel AUTOTERM comfort | Petroni - rent | sale | service | conversions","isPartOf":{"@id":"https:\/\/www.petroni.hr\/en\/#website"},"primaryImageOfPage":{"@id":"https:\/\/www.petroni.hr\/en\/proizvod\/kontrol-panel-autoterm-comfort\/#primaryimage"},"image":{"@id":"https:\/\/www.petroni.hr\/en\/proizvod\/kontrol-panel-autoterm-comfort\/#primaryimage"},"thumbnailUrl":"https:\/\/www.petroni.hr\/wp-content\/uploads\/2025\/10\/Kontol-panel-Autoterm-comfort.jpg","datePublished":"2025-10-29T10:42:16+00:00","dateModified":"2025-10-29T10:42:17+00:00","breadcrumb":{"@id":"https:\/\/www.petroni.hr\/en\/proizvod\/kontrol-panel-autoterm-comfort\/#breadcrumb"},"inLanguage":"en-US","potentialAction":[{"@type":"ReadAction","target":["https:\/\/www.petroni.hr\/en\/proizvod\/kontrol-panel-autoterm-comfort\/"]}]},{"@type":"ImageObject","inLanguage":"en-US","@id":"https:\/\/www.petroni.hr\/en\/proizvod\/kontrol-panel-autoterm-comfort\/#primaryimage","url":"https:\/\/www.petroni.hr\/wp-content\/uploads\/2025\/10\/Kontol-panel-Autoterm-comfort.jpg","contentUrl":"https:\/\/www.petroni.hr\/wp-content\/uploads\/2025\/10\/Kontol-panel-Autoterm-comfort.jpg","width":542,"height":310},{"@type":"BreadcrumbList","@id":"https:\/\/www.petroni.hr\/en\/proizvod\/kontrol-panel-autoterm-comfort\/#breadcrumb","itemListElement":[{"@type":"ListItem","position":1,"name":"Po\u010detna stranica","item":"https:\/\/www.petroni.hr\/en\/"},{"@type":"ListItem","position":2,"name":"Shop","item":"https:\/\/www.petroni.hr\/en\/shop\/"},{"@type":"ListItem","position":3,"name":"Kontrol panel AUTOTERM comfort"}]},{"@type":"WebSite","@id":"https:\/\/www.petroni.hr\/en\/#website","url":"https:\/\/www.petroni.hr\/en\/","name":"Petroni.hr","description":"Experience the unprecedented freedom of travel","publisher":{"@id":"https:\/\/www.petroni.hr\/en\/#organization"},"alternateName":"Petroni","potentialAction":[{"@type":"SearchAction","target":{"@type":"EntryPoint","urlTemplate":"https:\/\/www.petroni.hr\/en\/?s={search_term_string}"},"query-input":{"@type":"PropertyValueSpecification","valueRequired":true,"valueName":"search_term_string"}}],"inLanguage":"en-US"},{"@type":"Organization","@id":"https:\/\/www.petroni.hr\/en\/#organization","name":"Petroni d.o.o.","alternateName":"Petroni","url":"https:\/\/www.petroni.hr\/en\/","logo":{"@type":"ImageObject","inLanguage":"en-US","@id":"https:\/\/www.petroni.hr\/en\/#\/schema\/logo\/image\/","url":"https:\/\/www.petroni.hr\/wp-content\/uploads\/2024\/03\/cropped-Group-3.jpg","contentUrl":"https:\/\/www.petroni.hr\/wp-content\/uploads\/2024\/03\/cropped-Group-3.jpg","width":512,"height":512,"caption":"Petroni d.o.o."},"image":{"@id":"https:\/\/www.petroni.hr\/en\/#\/schema\/logo\/image\/"},"sameAs":["https:\/\/www.facebook.com\/Kamperi.Petroni.Sesvete\/?locale=hr_HR"]}]}},"_links":{"self":[{"href":"https:\/\/www.petroni.hr\/en\/wp-json\/wp\/v2\/product\/25299","targetHints":{"allow":["GET"]}}],"collection":[{"href":"https:\/\/www.petroni.hr\/en\/wp-json\/wp\/v2\/product"}],"about":[{"href":"https:\/\/www.petroni.hr\/en\/wp-json\/wp\/v2\/types\/product"}],"replies":[{"embeddable":true,"href":"https:\/\/www.petroni.hr\/en\/wp-json\/wp\/v2\/comments?post=25299"}],"wp:featuredmedia":[{"embeddable":true,"href":"https:\/\/www.petroni.hr\/en\/wp-json\/wp\/v2\/media\/25300"}],"wp:attachment":[{"href":"https:\/\/www.petroni.hr\/en\/wp-json\/wp\/v2\/media?parent=25299"}],"wp:term":[{"taxonomy":"product_brand","embeddable":true,"href":"https:\/\/www.petroni.hr\/en\/wp-json\/wp\/v2\/product_brand?post=25299"},{"taxonomy":"product_cat","embeddable":true,"href":"https:\/\/www.petroni.hr\/en\/wp-json\/wp\/v2\/product_cat?post=25299"},{"taxonomy":"product_tag","embeddable":true,"href":"https:\/\/www.petroni.hr\/en\/wp-json\/wp\/v2\/product_tag?post=25299"}],"curies":[{"name":"wp","href":"https:\/\/api.w.org\/{rel}","templated":true}]}}