{"id":25236,"date":"2025-10-16T13:42:44","date_gmt":"2025-10-16T12:42:44","guid":{"rendered":"https:\/\/www.petroni.hr\/?post_type=product&#038;p=25236"},"modified":"2026-01-26T20:05:25","modified_gmt":"2026-01-26T19:05:25","slug":"ventilator-krovni-prozor-vanvent-40x40-carbest-crni","status":"publish","type":"product","link":"https:\/\/www.petroni.hr\/en\/proizvod\/ventilator-krovni-prozor-vanvent-40x40-carbest-crni\/","title":{"rendered":"Ventilator &#8211; krovni prozor VanVent 40&#215;40 CARBEST &#8211; crni"},"content":{"rendered":"<p>VanVent 400 x 400 mm\u00a0 &#8211; 12 V krovni ventilacijski sustav<\/p>\n<p>Usisna i ispu\u0161na ventilacija (s otvorenom vanjskom napom)<br \/>\nKrovni ventilator (s zatvorenom vanjskom napom)<br \/>\nIntegrirana zavjesa za zamra\u010divanje<br \/>\nOtporan na udarce i UV zra\u010denje<br \/>\nECE odobreno<\/p>\n<p>VanVent krovni ventilacijski sustav osigurava ugodnu klimu unutra. Kada je vanjska napa otvorena, vanjski zrak se usisava, a unutarnji zrak se odvodi. Kada je napa zatvorena, VanVent se pretvara u krovni ventilator i cirkulira zrak unutra. Njegov poseban dizajn sprje\u010dava prodiranje ki\u0161nice (\u010dak i tijekom vo\u017enje).<\/p>\n<p>Ventilator &#8211;\u00a0 Da<br \/>\nRasvjeta\u00a0 &#8211; Da<br \/>\nMin. debljina stijenke\u00a0 &#8211; 27 mm<br \/>\nMaks. debljina stijenke &#8211;\u00a0 80 mm<br \/>\n\u0160irina izreza\u00a0 &#8211; 400 mm<br \/>\nVisina izreza\u00a0 &#8211; 400 mm<br \/>\nVanjska \u0161irina &#8211; 45 cm<br \/>\nVanjska duljina\u00a0 &#8211; 59,3 cm<br \/>\nBoja unutarnjeg okvira: Bijela<\/p>\n","protected":false},"excerpt":{"rendered":"<p>VanVent 400 x 400 mm\u00a0 &#8211; 12 V krovni ventilacijski sustav Usisna i ispu\u0161na ventilacija (s otvorenom vanjskom napom) Krovni ventilator (s zatvorenom vanjskom napom) Integrirana zavjesa za zamra\u010divanje Otporan na udarce i UV zra\u010denje ECE odobreno VanVent krovni ventilacijski sustav osigurava ugodnu klimu unutra. Kada je vanjska napa otvorena, vanjski zrak se usisava, a [&hellip;]<\/p>\n","protected":false},"featured_media":25237,"comment_status":"open","ping_status":"closed","template":"","meta":{"_acf_changed":false,"_themeisle_gutenberg_block_has_review":false},"product_brand":[],"product_cat":[325,230,247],"product_tag":[],"class_list":{"0":"post-25236","1":"product","2":"type-product","3":"status-publish","4":"has-post-thumbnail","6":"product_cat-akcija","7":"product_cat-roof-window","8":"product_cat-ventilacija-cooling-climate-heating","10":"first","11":"instock","12":"sale","13":"shipping-taxable","14":"purchasable","15":"product-type-simple"},"acf":[],"yoast_head":"<!-- This site is optimized with the Yoast SEO plugin v27.4 - https:\/\/yoast.com\/product\/yoast-seo-wordpress\/ -->\n<title>Ventilator - krovni prozor VanVent 40x40 CARBEST - crni | Petroni - rent | sale | service | conversions<\/title>\n<meta name=\"robots\" content=\"index, follow, max-snippet:-1, max-image-preview:large, max-video-preview:-1\" \/>\n<link rel=\"canonical\" href=\"https:\/\/www.petroni.hr\/en\/proizvod\/ventilator-krovni-prozor-vanvent-40x40-carbest-crni\/\" \/>\n<meta property=\"og:locale\" content=\"en_US\" \/>\n<meta property=\"og:type\" content=\"article\" \/>\n<meta property=\"og:title\" content=\"Ventilator - krovni prozor VanVent 40x40 CARBEST - crni | Petroni - rent | sale | service | conversions\" \/>\n<meta property=\"og:description\" content=\"VanVent 400 x 400 mm\u00a0 &#8211; 12 V krovni ventilacijski sustav Usisna i ispu\u0161na ventilacija (s otvorenom vanjskom napom) Krovni ventilator (s zatvorenom vanjskom napom) Integrirana zavjesa za zamra\u010divanje Otporan na udarce i UV zra\u010denje ECE odobreno VanVent krovni ventilacijski sustav osigurava ugodnu klimu unutra. Kada je vanjska napa otvorena, vanjski zrak se usisava, a [&hellip;]\" \/>\n<meta property=\"og:url\" content=\"https:\/\/www.petroni.hr\/en\/proizvod\/ventilator-krovni-prozor-vanvent-40x40-carbest-crni\/\" \/>\n<meta property=\"og:site_name\" content=\"Petroni - rent | sale | service | conversions\" \/>\n<meta property=\"article:publisher\" content=\"https:\/\/www.facebook.com\/Kamperi.Petroni.Sesvete\/?locale=hr_HR\" \/>\n<meta property=\"article:modified_time\" content=\"2026-01-26T19:05:25+00:00\" \/>\n<meta property=\"og:image\" content=\"https:\/\/www.petroni.hr\/wp-content\/uploads\/2025\/10\/prozor-ventilator-krovni-1.jpg\" \/>\n\t<meta property=\"og:image:width\" content=\"800\" \/>\n\t<meta property=\"og:image:height\" content=\"352\" \/>\n\t<meta property=\"og:image:type\" content=\"image\/jpeg\" \/>\n<meta name=\"twitter:card\" content=\"summary_large_image\" \/>\n<meta name=\"twitter:label1\" content=\"Est. reading time\" \/>\n\t<meta name=\"twitter:data1\" content=\"1 minute\" \/>\n<script type=\"application\/ld+json\" class=\"yoast-schema-graph\">{\"@context\":\"https:\\\/\\\/schema.org\",\"@graph\":[{\"@type\":\"WebPage\",\"@id\":\"https:\\\/\\\/www.petroni.hr\\\/en\\\/proizvod\\\/ventilator-krovni-prozor-vanvent-40x40-carbest-crni\\\/\",\"url\":\"https:\\\/\\\/www.petroni.hr\\\/en\\\/proizvod\\\/ventilator-krovni-prozor-vanvent-40x40-carbest-crni\\\/\",\"name\":\"Ventilator - krovni prozor VanVent 40x40 CARBEST - crni | Petroni - rent | sale | service | conversions\",\"isPartOf\":{\"@id\":\"https:\\\/\\\/www.petroni.hr\\\/en\\\/#website\"},\"primaryImageOfPage\":{\"@id\":\"https:\\\/\\\/www.petroni.hr\\\/en\\\/proizvod\\\/ventilator-krovni-prozor-vanvent-40x40-carbest-crni\\\/#primaryimage\"},\"image\":{\"@id\":\"https:\\\/\\\/www.petroni.hr\\\/en\\\/proizvod\\\/ventilator-krovni-prozor-vanvent-40x40-carbest-crni\\\/#primaryimage\"},\"thumbnailUrl\":\"https:\\\/\\\/www.petroni.hr\\\/wp-content\\\/uploads\\\/2025\\\/10\\\/prozor-ventilator-krovni-1.jpg\",\"datePublished\":\"2025-10-16T12:42:44+00:00\",\"dateModified\":\"2026-01-26T19:05:25+00:00\",\"breadcrumb\":{\"@id\":\"https:\\\/\\\/www.petroni.hr\\\/en\\\/proizvod\\\/ventilator-krovni-prozor-vanvent-40x40-carbest-crni\\\/#breadcrumb\"},\"inLanguage\":\"en-US\",\"potentialAction\":[{\"@type\":\"ReadAction\",\"target\":[\"https:\\\/\\\/www.petroni.hr\\\/en\\\/proizvod\\\/ventilator-krovni-prozor-vanvent-40x40-carbest-crni\\\/\"]}]},{\"@type\":\"ImageObject\",\"inLanguage\":\"en-US\",\"@id\":\"https:\\\/\\\/www.petroni.hr\\\/en\\\/proizvod\\\/ventilator-krovni-prozor-vanvent-40x40-carbest-crni\\\/#primaryimage\",\"url\":\"https:\\\/\\\/www.petroni.hr\\\/wp-content\\\/uploads\\\/2025\\\/10\\\/prozor-ventilator-krovni-1.jpg\",\"contentUrl\":\"https:\\\/\\\/www.petroni.hr\\\/wp-content\\\/uploads\\\/2025\\\/10\\\/prozor-ventilator-krovni-1.jpg\",\"width\":800,\"height\":352},{\"@type\":\"BreadcrumbList\",\"@id\":\"https:\\\/\\\/www.petroni.hr\\\/en\\\/proizvod\\\/ventilator-krovni-prozor-vanvent-40x40-carbest-crni\\\/#breadcrumb\",\"itemListElement\":[{\"@type\":\"ListItem\",\"position\":1,\"name\":\"Po\u010detna stranica\",\"item\":\"https:\\\/\\\/www.petroni.hr\\\/en\\\/\"},{\"@type\":\"ListItem\",\"position\":2,\"name\":\"Shop\",\"item\":\"https:\\\/\\\/www.petroni.hr\\\/en\\\/shop\\\/\"},{\"@type\":\"ListItem\",\"position\":3,\"name\":\"Ventilator &#8211; krovni prozor VanVent 40&#215;40 CARBEST &#8211; crni\"}]},{\"@type\":\"WebSite\",\"@id\":\"https:\\\/\\\/www.petroni.hr\\\/en\\\/#website\",\"url\":\"https:\\\/\\\/www.petroni.hr\\\/en\\\/\",\"name\":\"Petroni.hr\",\"description\":\"Experience the unprecedented freedom of travel\",\"publisher\":{\"@id\":\"https:\\\/\\\/www.petroni.hr\\\/en\\\/#organization\"},\"alternateName\":\"Petroni\",\"potentialAction\":[{\"@type\":\"SearchAction\",\"target\":{\"@type\":\"EntryPoint\",\"urlTemplate\":\"https:\\\/\\\/www.petroni.hr\\\/en\\\/?s={search_term_string}\"},\"query-input\":{\"@type\":\"PropertyValueSpecification\",\"valueRequired\":true,\"valueName\":\"search_term_string\"}}],\"inLanguage\":\"en-US\"},{\"@type\":\"Organization\",\"@id\":\"https:\\\/\\\/www.petroni.hr\\\/en\\\/#organization\",\"name\":\"Petroni d.o.o.\",\"alternateName\":\"Petroni\",\"url\":\"https:\\\/\\\/www.petroni.hr\\\/en\\\/\",\"logo\":{\"@type\":\"ImageObject\",\"inLanguage\":\"en-US\",\"@id\":\"https:\\\/\\\/www.petroni.hr\\\/en\\\/#\\\/schema\\\/logo\\\/image\\\/\",\"url\":\"https:\\\/\\\/www.petroni.hr\\\/wp-content\\\/uploads\\\/2024\\\/03\\\/cropped-Group-3.jpg\",\"contentUrl\":\"https:\\\/\\\/www.petroni.hr\\\/wp-content\\\/uploads\\\/2024\\\/03\\\/cropped-Group-3.jpg\",\"width\":512,\"height\":512,\"caption\":\"Petroni d.o.o.\"},\"image\":{\"@id\":\"https:\\\/\\\/www.petroni.hr\\\/en\\\/#\\\/schema\\\/logo\\\/image\\\/\"},\"sameAs\":[\"https:\\\/\\\/www.facebook.com\\\/Kamperi.Petroni.Sesvete\\\/?locale=hr_HR\"]}]}<\/script>\n<!-- \/ Yoast SEO plugin. -->","yoast_head_json":{"title":"Ventilator - krovni prozor VanVent 40x40 CARBEST - crni | Petroni - rent | sale | service | conversions","robots":{"index":"index","follow":"follow","max-snippet":"max-snippet:-1","max-image-preview":"max-image-preview:large","max-video-preview":"max-video-preview:-1"},"canonical":"https:\/\/www.petroni.hr\/en\/proizvod\/ventilator-krovni-prozor-vanvent-40x40-carbest-crni\/","og_locale":"en_US","og_type":"article","og_title":"Ventilator - krovni prozor VanVent 40x40 CARBEST - crni | Petroni - rent | sale | service | conversions","og_description":"VanVent 400 x 400 mm\u00a0 &#8211; 12 V krovni ventilacijski sustav Usisna i ispu\u0161na ventilacija (s otvorenom vanjskom napom) Krovni ventilator (s zatvorenom vanjskom napom) Integrirana zavjesa za zamra\u010divanje Otporan na udarce i UV zra\u010denje ECE odobreno VanVent krovni ventilacijski sustav osigurava ugodnu klimu unutra. Kada je vanjska napa otvorena, vanjski zrak se usisava, a [&hellip;]","og_url":"https:\/\/www.petroni.hr\/en\/proizvod\/ventilator-krovni-prozor-vanvent-40x40-carbest-crni\/","og_site_name":"Petroni - rent | sale | service | conversions","article_publisher":"https:\/\/www.facebook.com\/Kamperi.Petroni.Sesvete\/?locale=hr_HR","article_modified_time":"2026-01-26T19:05:25+00:00","og_image":[{"width":800,"height":352,"url":"https:\/\/www.petroni.hr\/wp-content\/uploads\/2025\/10\/prozor-ventilator-krovni-1.jpg","type":"image\/jpeg"}],"twitter_card":"summary_large_image","twitter_misc":{"Est. reading time":"1 minute"},"schema":{"@context":"https:\/\/schema.org","@graph":[{"@type":"WebPage","@id":"https:\/\/www.petroni.hr\/en\/proizvod\/ventilator-krovni-prozor-vanvent-40x40-carbest-crni\/","url":"https:\/\/www.petroni.hr\/en\/proizvod\/ventilator-krovni-prozor-vanvent-40x40-carbest-crni\/","name":"Ventilator - krovni prozor VanVent 40x40 CARBEST - crni | Petroni - rent | sale | service | conversions","isPartOf":{"@id":"https:\/\/www.petroni.hr\/en\/#website"},"primaryImageOfPage":{"@id":"https:\/\/www.petroni.hr\/en\/proizvod\/ventilator-krovni-prozor-vanvent-40x40-carbest-crni\/#primaryimage"},"image":{"@id":"https:\/\/www.petroni.hr\/en\/proizvod\/ventilator-krovni-prozor-vanvent-40x40-carbest-crni\/#primaryimage"},"thumbnailUrl":"https:\/\/www.petroni.hr\/wp-content\/uploads\/2025\/10\/prozor-ventilator-krovni-1.jpg","datePublished":"2025-10-16T12:42:44+00:00","dateModified":"2026-01-26T19:05:25+00:00","breadcrumb":{"@id":"https:\/\/www.petroni.hr\/en\/proizvod\/ventilator-krovni-prozor-vanvent-40x40-carbest-crni\/#breadcrumb"},"inLanguage":"en-US","potentialAction":[{"@type":"ReadAction","target":["https:\/\/www.petroni.hr\/en\/proizvod\/ventilator-krovni-prozor-vanvent-40x40-carbest-crni\/"]}]},{"@type":"ImageObject","inLanguage":"en-US","@id":"https:\/\/www.petroni.hr\/en\/proizvod\/ventilator-krovni-prozor-vanvent-40x40-carbest-crni\/#primaryimage","url":"https:\/\/www.petroni.hr\/wp-content\/uploads\/2025\/10\/prozor-ventilator-krovni-1.jpg","contentUrl":"https:\/\/www.petroni.hr\/wp-content\/uploads\/2025\/10\/prozor-ventilator-krovni-1.jpg","width":800,"height":352},{"@type":"BreadcrumbList","@id":"https:\/\/www.petroni.hr\/en\/proizvod\/ventilator-krovni-prozor-vanvent-40x40-carbest-crni\/#breadcrumb","itemListElement":[{"@type":"ListItem","position":1,"name":"Po\u010detna stranica","item":"https:\/\/www.petroni.hr\/en\/"},{"@type":"ListItem","position":2,"name":"Shop","item":"https:\/\/www.petroni.hr\/en\/shop\/"},{"@type":"ListItem","position":3,"name":"Ventilator &#8211; krovni prozor VanVent 40&#215;40 CARBEST &#8211; crni"}]},{"@type":"WebSite","@id":"https:\/\/www.petroni.hr\/en\/#website","url":"https:\/\/www.petroni.hr\/en\/","name":"Petroni.hr","description":"Experience the unprecedented freedom of travel","publisher":{"@id":"https:\/\/www.petroni.hr\/en\/#organization"},"alternateName":"Petroni","potentialAction":[{"@type":"SearchAction","target":{"@type":"EntryPoint","urlTemplate":"https:\/\/www.petroni.hr\/en\/?s={search_term_string}"},"query-input":{"@type":"PropertyValueSpecification","valueRequired":true,"valueName":"search_term_string"}}],"inLanguage":"en-US"},{"@type":"Organization","@id":"https:\/\/www.petroni.hr\/en\/#organization","name":"Petroni d.o.o.","alternateName":"Petroni","url":"https:\/\/www.petroni.hr\/en\/","logo":{"@type":"ImageObject","inLanguage":"en-US","@id":"https:\/\/www.petroni.hr\/en\/#\/schema\/logo\/image\/","url":"https:\/\/www.petroni.hr\/wp-content\/uploads\/2024\/03\/cropped-Group-3.jpg","contentUrl":"https:\/\/www.petroni.hr\/wp-content\/uploads\/2024\/03\/cropped-Group-3.jpg","width":512,"height":512,"caption":"Petroni d.o.o."},"image":{"@id":"https:\/\/www.petroni.hr\/en\/#\/schema\/logo\/image\/"},"sameAs":["https:\/\/www.facebook.com\/Kamperi.Petroni.Sesvete\/?locale=hr_HR"]}]}},"_links":{"self":[{"href":"https:\/\/www.petroni.hr\/en\/wp-json\/wp\/v2\/product\/25236","targetHints":{"allow":["GET"]}}],"collection":[{"href":"https:\/\/www.petroni.hr\/en\/wp-json\/wp\/v2\/product"}],"about":[{"href":"https:\/\/www.petroni.hr\/en\/wp-json\/wp\/v2\/types\/product"}],"replies":[{"embeddable":true,"href":"https:\/\/www.petroni.hr\/en\/wp-json\/wp\/v2\/comments?post=25236"}],"wp:featuredmedia":[{"embeddable":true,"href":"https:\/\/www.petroni.hr\/en\/wp-json\/wp\/v2\/media\/25237"}],"wp:attachment":[{"href":"https:\/\/www.petroni.hr\/en\/wp-json\/wp\/v2\/media?parent=25236"}],"wp:term":[{"taxonomy":"product_brand","embeddable":true,"href":"https:\/\/www.petroni.hr\/en\/wp-json\/wp\/v2\/product_brand?post=25236"},{"taxonomy":"product_cat","embeddable":true,"href":"https:\/\/www.petroni.hr\/en\/wp-json\/wp\/v2\/product_cat?post=25236"},{"taxonomy":"product_tag","embeddable":true,"href":"https:\/\/www.petroni.hr\/en\/wp-json\/wp\/v2\/product_tag?post=25236"}],"curies":[{"name":"wp","href":"https:\/\/api.w.org\/{rel}","templated":true}]}}