{"id":25042,"date":"2025-10-03T13:14:39","date_gmt":"2025-10-03T12:14:39","guid":{"rendered":"https:\/\/www.petroni.hr\/?post_type=product&#038;p=25042"},"modified":"2026-04-13T11:25:26","modified_gmt":"2026-04-13T10:25:26","slug":"pumpa-za-vodu-potopna-comet-19-lit-085bar-12v","status":"publish","type":"product","link":"https:\/\/www.petroni.hr\/en\/proizvod\/pumpa-za-vodu-potopna-comet-19-lit-085bar-12v\/","title":{"rendered":"Pumpa za vodu potopna Comet 19 lit\/0,85bar 12v"},"content":{"rendered":"<p>Potopna pumpa vode velike snage Comet Lux Plus 12 V DC razvijena posebno za Dethleffs modele<\/p>\n<p>Pumpa ima filter i automatsko odzra\u010divanje.<\/p>\n<p>Izvedba: Dethleffs<br \/>\nVisina ispuha: maks. 8,50 m<br \/>\nPriklju\u010dni kabel: 1,0 m<br \/>\nStruja: maks. 4,0 A<\/p>\n<p>Op\u0107e informacije<br \/>\nBoja proizvo\u0111a\u010da bijela, crvena<br \/>\nBoja bijela<br \/>\nInformacije o potopnim pumpama<br \/>\nVisina 12,5 cm<br \/>\nPromjer 6,5 cm<br \/>\nTlak 0,85 bara<br \/>\nProtok 19 l\/min<br \/>\nMaks. snaga 47 W<br \/>\nMin. snaga 30 W<br \/>\nNapon 12 V<br \/>\nVisina ispuha maks. 8,5 m<\/p>\n","protected":false},"excerpt":{"rendered":"<p>Potopna pumpa vode velike snage Comet Lux Plus 12 V DC razvijena posebno za Dethleffs modele Pumpa ima filter i automatsko odzra\u010divanje. Izvedba: Dethleffs Visina ispuha: maks. 8,50 m Priklju\u010dni kabel: 1,0 m Struja: maks. 4,0 A Op\u0107e informacije Boja proizvo\u0111a\u010da bijela, crvena Boja bijela Informacije o potopnim pumpama Visina 12,5 cm Promjer 6,5 cm [&hellip;]<\/p>\n","protected":false},"featured_media":25043,"comment_status":"open","ping_status":"closed","template":"","meta":{"_acf_changed":false,"_themeisle_gutenberg_block_has_review":false},"product_brand":[],"product_cat":[250,203],"product_tag":[],"class_list":{"0":"post-25042","1":"product","2":"type-product","3":"status-publish","4":"has-post-thumbnail","6":"product_cat-pumpe-za-vodu-water-sanitary","7":"product_cat-water-sanitary","9":"first","10":"outofstock","11":"shipping-taxable","12":"purchasable","13":"product-type-simple"},"acf":[],"yoast_head":"<!-- This site is optimized with the Yoast SEO plugin v27.3 - https:\/\/yoast.com\/product\/yoast-seo-wordpress\/ -->\n<title>Pumpa za vodu potopna Comet 19 lit\/0,85bar 12v | Petroni - rent | sale | service | conversions<\/title>\n<meta name=\"robots\" content=\"index, follow, max-snippet:-1, max-image-preview:large, max-video-preview:-1\" \/>\n<link rel=\"canonical\" href=\"https:\/\/www.petroni.hr\/en\/proizvod\/pumpa-za-vodu-potopna-comet-19-lit-085bar-12v\/\" \/>\n<meta property=\"og:locale\" content=\"en_US\" \/>\n<meta property=\"og:type\" content=\"article\" \/>\n<meta property=\"og:title\" content=\"Pumpa za vodu potopna Comet 19 lit\/0,85bar 12v | Petroni - rent | sale | service | conversions\" \/>\n<meta property=\"og:description\" content=\"Potopna pumpa vode velike snage Comet Lux Plus 12 V DC razvijena posebno za Dethleffs modele Pumpa ima filter i automatsko odzra\u010divanje. Izvedba: Dethleffs Visina ispuha: maks. 8,50 m Priklju\u010dni kabel: 1,0 m Struja: maks. 4,0 A Op\u0107e informacije Boja proizvo\u0111a\u010da bijela, crvena Boja bijela Informacije o potopnim pumpama Visina 12,5 cm Promjer 6,5 cm [&hellip;]\" \/>\n<meta property=\"og:url\" content=\"https:\/\/www.petroni.hr\/en\/proizvod\/pumpa-za-vodu-potopna-comet-19-lit-085bar-12v\/\" \/>\n<meta property=\"og:site_name\" content=\"Petroni - rent | sale | service | conversions\" \/>\n<meta property=\"article:publisher\" content=\"https:\/\/www.facebook.com\/Kamperi.Petroni.Sesvete\/?locale=hr_HR\" \/>\n<meta property=\"article:modified_time\" content=\"2026-04-13T10:25:26+00:00\" \/>\n<meta property=\"og:image\" content=\"https:\/\/www.petroni.hr\/wp-content\/uploads\/2025\/10\/pumpa-za-vodu-potopna-Dethleffs.jpg\" \/>\n\t<meta property=\"og:image:width\" content=\"297\" \/>\n\t<meta property=\"og:image:height\" content=\"650\" \/>\n\t<meta property=\"og:image:type\" content=\"image\/jpeg\" \/>\n<meta name=\"twitter:card\" content=\"summary_large_image\" \/>\n<script type=\"application\/ld+json\" class=\"yoast-schema-graph\">{\"@context\":\"https:\\\/\\\/schema.org\",\"@graph\":[{\"@type\":\"WebPage\",\"@id\":\"https:\\\/\\\/www.petroni.hr\\\/en\\\/proizvod\\\/pumpa-za-vodu-potopna-comet-19-lit-085bar-12v\\\/\",\"url\":\"https:\\\/\\\/www.petroni.hr\\\/en\\\/proizvod\\\/pumpa-za-vodu-potopna-comet-19-lit-085bar-12v\\\/\",\"name\":\"Pumpa za vodu potopna Comet 19 lit\\\/0,85bar 12v | Petroni - rent | sale | service | conversions\",\"isPartOf\":{\"@id\":\"https:\\\/\\\/www.petroni.hr\\\/en\\\/#website\"},\"primaryImageOfPage\":{\"@id\":\"https:\\\/\\\/www.petroni.hr\\\/en\\\/proizvod\\\/pumpa-za-vodu-potopna-comet-19-lit-085bar-12v\\\/#primaryimage\"},\"image\":{\"@id\":\"https:\\\/\\\/www.petroni.hr\\\/en\\\/proizvod\\\/pumpa-za-vodu-potopna-comet-19-lit-085bar-12v\\\/#primaryimage\"},\"thumbnailUrl\":\"https:\\\/\\\/www.petroni.hr\\\/wp-content\\\/uploads\\\/2025\\\/10\\\/pumpa-za-vodu-potopna-Dethleffs.jpg\",\"datePublished\":\"2025-10-03T12:14:39+00:00\",\"dateModified\":\"2026-04-13T10:25:26+00:00\",\"breadcrumb\":{\"@id\":\"https:\\\/\\\/www.petroni.hr\\\/en\\\/proizvod\\\/pumpa-za-vodu-potopna-comet-19-lit-085bar-12v\\\/#breadcrumb\"},\"inLanguage\":\"en-US\",\"potentialAction\":[{\"@type\":\"ReadAction\",\"target\":[\"https:\\\/\\\/www.petroni.hr\\\/en\\\/proizvod\\\/pumpa-za-vodu-potopna-comet-19-lit-085bar-12v\\\/\"]}]},{\"@type\":\"ImageObject\",\"inLanguage\":\"en-US\",\"@id\":\"https:\\\/\\\/www.petroni.hr\\\/en\\\/proizvod\\\/pumpa-za-vodu-potopna-comet-19-lit-085bar-12v\\\/#primaryimage\",\"url\":\"https:\\\/\\\/www.petroni.hr\\\/wp-content\\\/uploads\\\/2025\\\/10\\\/pumpa-za-vodu-potopna-Dethleffs.jpg\",\"contentUrl\":\"https:\\\/\\\/www.petroni.hr\\\/wp-content\\\/uploads\\\/2025\\\/10\\\/pumpa-za-vodu-potopna-Dethleffs.jpg\",\"width\":297,\"height\":650},{\"@type\":\"BreadcrumbList\",\"@id\":\"https:\\\/\\\/www.petroni.hr\\\/en\\\/proizvod\\\/pumpa-za-vodu-potopna-comet-19-lit-085bar-12v\\\/#breadcrumb\",\"itemListElement\":[{\"@type\":\"ListItem\",\"position\":1,\"name\":\"Po\u010detna stranica\",\"item\":\"https:\\\/\\\/www.petroni.hr\\\/en\\\/\"},{\"@type\":\"ListItem\",\"position\":2,\"name\":\"Shop\",\"item\":\"https:\\\/\\\/www.petroni.hr\\\/en\\\/shop\\\/\"},{\"@type\":\"ListItem\",\"position\":3,\"name\":\"Pumpa za vodu potopna Comet 19 lit\\\/0,85bar 12v\"}]},{\"@type\":\"WebSite\",\"@id\":\"https:\\\/\\\/www.petroni.hr\\\/en\\\/#website\",\"url\":\"https:\\\/\\\/www.petroni.hr\\\/en\\\/\",\"name\":\"Petroni.hr\",\"description\":\"Experience the unprecedented freedom of travel\",\"publisher\":{\"@id\":\"https:\\\/\\\/www.petroni.hr\\\/en\\\/#organization\"},\"alternateName\":\"Petroni\",\"potentialAction\":[{\"@type\":\"SearchAction\",\"target\":{\"@type\":\"EntryPoint\",\"urlTemplate\":\"https:\\\/\\\/www.petroni.hr\\\/en\\\/?s={search_term_string}\"},\"query-input\":{\"@type\":\"PropertyValueSpecification\",\"valueRequired\":true,\"valueName\":\"search_term_string\"}}],\"inLanguage\":\"en-US\"},{\"@type\":\"Organization\",\"@id\":\"https:\\\/\\\/www.petroni.hr\\\/en\\\/#organization\",\"name\":\"Petroni d.o.o.\",\"alternateName\":\"Petroni\",\"url\":\"https:\\\/\\\/www.petroni.hr\\\/en\\\/\",\"logo\":{\"@type\":\"ImageObject\",\"inLanguage\":\"en-US\",\"@id\":\"https:\\\/\\\/www.petroni.hr\\\/en\\\/#\\\/schema\\\/logo\\\/image\\\/\",\"url\":\"https:\\\/\\\/www.petroni.hr\\\/wp-content\\\/uploads\\\/2024\\\/03\\\/cropped-Group-3.jpg\",\"contentUrl\":\"https:\\\/\\\/www.petroni.hr\\\/wp-content\\\/uploads\\\/2024\\\/03\\\/cropped-Group-3.jpg\",\"width\":512,\"height\":512,\"caption\":\"Petroni d.o.o.\"},\"image\":{\"@id\":\"https:\\\/\\\/www.petroni.hr\\\/en\\\/#\\\/schema\\\/logo\\\/image\\\/\"},\"sameAs\":[\"https:\\\/\\\/www.facebook.com\\\/Kamperi.Petroni.Sesvete\\\/?locale=hr_HR\"]}]}<\/script>\n<!-- \/ Yoast SEO plugin. -->","yoast_head_json":{"title":"Pumpa za vodu potopna Comet 19 lit\/0,85bar 12v | Petroni - rent | sale | service | conversions","robots":{"index":"index","follow":"follow","max-snippet":"max-snippet:-1","max-image-preview":"max-image-preview:large","max-video-preview":"max-video-preview:-1"},"canonical":"https:\/\/www.petroni.hr\/en\/proizvod\/pumpa-za-vodu-potopna-comet-19-lit-085bar-12v\/","og_locale":"en_US","og_type":"article","og_title":"Pumpa za vodu potopna Comet 19 lit\/0,85bar 12v | Petroni - rent | sale | service | conversions","og_description":"Potopna pumpa vode velike snage Comet Lux Plus 12 V DC razvijena posebno za Dethleffs modele Pumpa ima filter i automatsko odzra\u010divanje. Izvedba: Dethleffs Visina ispuha: maks. 8,50 m Priklju\u010dni kabel: 1,0 m Struja: maks. 4,0 A Op\u0107e informacije Boja proizvo\u0111a\u010da bijela, crvena Boja bijela Informacije o potopnim pumpama Visina 12,5 cm Promjer 6,5 cm [&hellip;]","og_url":"https:\/\/www.petroni.hr\/en\/proizvod\/pumpa-za-vodu-potopna-comet-19-lit-085bar-12v\/","og_site_name":"Petroni - rent | sale | service | conversions","article_publisher":"https:\/\/www.facebook.com\/Kamperi.Petroni.Sesvete\/?locale=hr_HR","article_modified_time":"2026-04-13T10:25:26+00:00","og_image":[{"width":297,"height":650,"url":"https:\/\/www.petroni.hr\/wp-content\/uploads\/2025\/10\/pumpa-za-vodu-potopna-Dethleffs.jpg","type":"image\/jpeg"}],"twitter_card":"summary_large_image","schema":{"@context":"https:\/\/schema.org","@graph":[{"@type":"WebPage","@id":"https:\/\/www.petroni.hr\/en\/proizvod\/pumpa-za-vodu-potopna-comet-19-lit-085bar-12v\/","url":"https:\/\/www.petroni.hr\/en\/proizvod\/pumpa-za-vodu-potopna-comet-19-lit-085bar-12v\/","name":"Pumpa za vodu potopna Comet 19 lit\/0,85bar 12v | Petroni - rent | sale | service | conversions","isPartOf":{"@id":"https:\/\/www.petroni.hr\/en\/#website"},"primaryImageOfPage":{"@id":"https:\/\/www.petroni.hr\/en\/proizvod\/pumpa-za-vodu-potopna-comet-19-lit-085bar-12v\/#primaryimage"},"image":{"@id":"https:\/\/www.petroni.hr\/en\/proizvod\/pumpa-za-vodu-potopna-comet-19-lit-085bar-12v\/#primaryimage"},"thumbnailUrl":"https:\/\/www.petroni.hr\/wp-content\/uploads\/2025\/10\/pumpa-za-vodu-potopna-Dethleffs.jpg","datePublished":"2025-10-03T12:14:39+00:00","dateModified":"2026-04-13T10:25:26+00:00","breadcrumb":{"@id":"https:\/\/www.petroni.hr\/en\/proizvod\/pumpa-za-vodu-potopna-comet-19-lit-085bar-12v\/#breadcrumb"},"inLanguage":"en-US","potentialAction":[{"@type":"ReadAction","target":["https:\/\/www.petroni.hr\/en\/proizvod\/pumpa-za-vodu-potopna-comet-19-lit-085bar-12v\/"]}]},{"@type":"ImageObject","inLanguage":"en-US","@id":"https:\/\/www.petroni.hr\/en\/proizvod\/pumpa-za-vodu-potopna-comet-19-lit-085bar-12v\/#primaryimage","url":"https:\/\/www.petroni.hr\/wp-content\/uploads\/2025\/10\/pumpa-za-vodu-potopna-Dethleffs.jpg","contentUrl":"https:\/\/www.petroni.hr\/wp-content\/uploads\/2025\/10\/pumpa-za-vodu-potopna-Dethleffs.jpg","width":297,"height":650},{"@type":"BreadcrumbList","@id":"https:\/\/www.petroni.hr\/en\/proizvod\/pumpa-za-vodu-potopna-comet-19-lit-085bar-12v\/#breadcrumb","itemListElement":[{"@type":"ListItem","position":1,"name":"Po\u010detna stranica","item":"https:\/\/www.petroni.hr\/en\/"},{"@type":"ListItem","position":2,"name":"Shop","item":"https:\/\/www.petroni.hr\/en\/shop\/"},{"@type":"ListItem","position":3,"name":"Pumpa za vodu potopna Comet 19 lit\/0,85bar 12v"}]},{"@type":"WebSite","@id":"https:\/\/www.petroni.hr\/en\/#website","url":"https:\/\/www.petroni.hr\/en\/","name":"Petroni.hr","description":"Experience the unprecedented freedom of travel","publisher":{"@id":"https:\/\/www.petroni.hr\/en\/#organization"},"alternateName":"Petroni","potentialAction":[{"@type":"SearchAction","target":{"@type":"EntryPoint","urlTemplate":"https:\/\/www.petroni.hr\/en\/?s={search_term_string}"},"query-input":{"@type":"PropertyValueSpecification","valueRequired":true,"valueName":"search_term_string"}}],"inLanguage":"en-US"},{"@type":"Organization","@id":"https:\/\/www.petroni.hr\/en\/#organization","name":"Petroni d.o.o.","alternateName":"Petroni","url":"https:\/\/www.petroni.hr\/en\/","logo":{"@type":"ImageObject","inLanguage":"en-US","@id":"https:\/\/www.petroni.hr\/en\/#\/schema\/logo\/image\/","url":"https:\/\/www.petroni.hr\/wp-content\/uploads\/2024\/03\/cropped-Group-3.jpg","contentUrl":"https:\/\/www.petroni.hr\/wp-content\/uploads\/2024\/03\/cropped-Group-3.jpg","width":512,"height":512,"caption":"Petroni d.o.o."},"image":{"@id":"https:\/\/www.petroni.hr\/en\/#\/schema\/logo\/image\/"},"sameAs":["https:\/\/www.facebook.com\/Kamperi.Petroni.Sesvete\/?locale=hr_HR"]}]}},"_links":{"self":[{"href":"https:\/\/www.petroni.hr\/en\/wp-json\/wp\/v2\/product\/25042","targetHints":{"allow":["GET"]}}],"collection":[{"href":"https:\/\/www.petroni.hr\/en\/wp-json\/wp\/v2\/product"}],"about":[{"href":"https:\/\/www.petroni.hr\/en\/wp-json\/wp\/v2\/types\/product"}],"replies":[{"embeddable":true,"href":"https:\/\/www.petroni.hr\/en\/wp-json\/wp\/v2\/comments?post=25042"}],"wp:featuredmedia":[{"embeddable":true,"href":"https:\/\/www.petroni.hr\/en\/wp-json\/wp\/v2\/media\/25043"}],"wp:attachment":[{"href":"https:\/\/www.petroni.hr\/en\/wp-json\/wp\/v2\/media?parent=25042"}],"wp:term":[{"taxonomy":"product_brand","embeddable":true,"href":"https:\/\/www.petroni.hr\/en\/wp-json\/wp\/v2\/product_brand?post=25042"},{"taxonomy":"product_cat","embeddable":true,"href":"https:\/\/www.petroni.hr\/en\/wp-json\/wp\/v2\/product_cat?post=25042"},{"taxonomy":"product_tag","embeddable":true,"href":"https:\/\/www.petroni.hr\/en\/wp-json\/wp\/v2\/product_tag?post=25042"}],"curies":[{"name":"wp","href":"https:\/\/api.w.org\/{rel}","templated":true}]}}