{"id":24975,"date":"2025-10-02T08:27:08","date_gmt":"2025-10-02T07:27:08","guid":{"rendered":"https:\/\/www.petroni.hr\/?post_type=product&#038;p=24975"},"modified":"2025-10-02T08:27:09","modified_gmt":"2025-10-02T07:27:09","slug":"klima-uredaj-extraclima-265kw","status":"publish","type":"product","link":"https:\/\/www.petroni.hr\/en\/proizvod\/klima-uredaj-extraclima-265kw\/","title":{"rendered":"Klima ure\u0111aj ExtraClima 2,65kw"},"content":{"rendered":"<p>Klima ure\u0111aj ExtraCLIMA savr\u0161ena je ideja za odr\u017eavanje tople ili hladne klime prema potrebi.<br \/>\nSa snagom hla\u0111enja od 2650 W i snagom grijanja od 2500 W, klimatizira va\u0161 kamper, omogu\u0107uju\u0107i vam da se nosite sa bilo kojom temperaturom.<br \/>\nIma visokoproto\u010dne otvore za zrak za visoku u\u010dinkovitost.<\/p>\n<p>ExtraCLIMA je tih i jednostavan za kori\u0161tenje zahvaljuju\u0107i zaslonu osjetljivom na dodir i isporu\u010denom daljinskom upravlja\u010du.<br \/>\nPogodno za kampere duljine do 7 metara.<br \/>\nModel bijele boje.<\/p>\n<p>Klima ure\u0111aj s inverterskom tehnologijom, inovacija koja donosi vi\u0161estruke prednosti:<br \/>\n\u2022 Vrlo niska potro\u0161nja klima ure\u0111aja i toplinske pumpe<br \/>\n\u2022 Iznimno tih<br \/>\n\u2022 Lak\u0161i<br \/>\n\u2022 LED rasvjeta<br \/>\n\u2022 Difuzor s atraktivnim linijama<br \/>\n\u2022 Intuitivne kontrole na dodir i daljinski upravlja\u010d s velikim zaslonom<br \/>\n\u2022 Idealan za vozila do 8 metara<\/p>\n<p>Napon 230 V<br \/>\nSnaga hla\u0111enja 2650 W \/ 9000 Btu\/h<br \/>\nApsorpcija hla\u0111enja min 550 W \/ maks 950 W<br \/>\nSnaga grijanja 2500 W \/ 8500 Btu\/h<br \/>\nApsorpcija grijanja 780 W<br \/>\nProtok zraka 340 m\u00b3\/h<br \/>\nTe\u017eina vanjskog dijela 29,5 kg<br \/>\nTe\u017eina unutarnjeg dijela 2,7 kg<br \/>\nBuka 43 &#8211; 54 dBA<br \/>\nUkupne dimenzije 1077 x 720 x 283 mm<br \/>\nDimenzije unutarnje jedinice 610 x 485 x 49 mm<br \/>\nDimenzije monta\u017enog otvora 400 x 400 mm<\/p>\n","protected":false},"excerpt":{"rendered":"<p>Klima ure\u0111aj ExtraCLIMA savr\u0161ena je ideja za odr\u017eavanje tople ili hladne klime prema potrebi. Sa snagom hla\u0111enja od 2650 W i snagom grijanja od 2500 W, klimatizira va\u0161 kamper, omogu\u0107uju\u0107i vam da se nosite sa bilo kojom temperaturom. Ima visokoproto\u010dne otvore za zrak za visoku u\u010dinkovitost. ExtraCLIMA je tih i jednostavan za kori\u0161tenje zahvaljuju\u0107i zaslonu [&hellip;]<\/p>\n","protected":false},"featured_media":24978,"comment_status":"open","ping_status":"closed","template":"","meta":{"_acf_changed":false,"_themeisle_gutenberg_block_has_review":false},"product_brand":[],"product_cat":[212,231],"product_tag":[],"class_list":{"0":"post-24975","1":"product","2":"type-product","3":"status-publish","4":"has-post-thumbnail","6":"product_cat-cooling-climate-heating","7":"product_cat-air-condition","8":"product_shipping_class-heavy-pacages","10":"first","11":"instock","12":"shipping-taxable","13":"purchasable","14":"product-type-simple"},"acf":[],"yoast_head":"<!-- This site is optimized with the Yoast SEO plugin v27.4 - https:\/\/yoast.com\/product\/yoast-seo-wordpress\/ -->\n<title>Klima ure\u0111aj ExtraClima 2,65kw | Petroni - rent | sale | service | conversions<\/title>\n<meta name=\"robots\" content=\"index, follow, max-snippet:-1, max-image-preview:large, max-video-preview:-1\" \/>\n<link rel=\"canonical\" href=\"https:\/\/www.petroni.hr\/en\/proizvod\/klima-uredaj-extraclima-265kw\/\" \/>\n<meta property=\"og:locale\" content=\"en_US\" \/>\n<meta property=\"og:type\" content=\"article\" \/>\n<meta property=\"og:title\" content=\"Klima ure\u0111aj ExtraClima 2,65kw | Petroni - rent | sale | service | conversions\" \/>\n<meta property=\"og:description\" content=\"Klima ure\u0111aj ExtraCLIMA savr\u0161ena je ideja za odr\u017eavanje tople ili hladne klime prema potrebi. Sa snagom hla\u0111enja od 2650 W i snagom grijanja od 2500 W, klimatizira va\u0161 kamper, omogu\u0107uju\u0107i vam da se nosite sa bilo kojom temperaturom. Ima visokoproto\u010dne otvore za zrak za visoku u\u010dinkovitost. ExtraCLIMA je tih i jednostavan za kori\u0161tenje zahvaljuju\u0107i zaslonu [&hellip;]\" \/>\n<meta property=\"og:url\" content=\"https:\/\/www.petroni.hr\/en\/proizvod\/klima-uredaj-extraclima-265kw\/\" \/>\n<meta property=\"og:site_name\" content=\"Petroni - rent | sale | service | conversions\" \/>\n<meta property=\"article:publisher\" content=\"https:\/\/www.facebook.com\/Kamperi.Petroni.Sesvete\/?locale=hr_HR\" \/>\n<meta property=\"article:modified_time\" content=\"2025-10-02T07:27:09+00:00\" \/>\n<meta property=\"og:image\" content=\"https:\/\/www.petroni.hr\/wp-content\/uploads\/2025\/10\/klima-uredaj-za-kampere.jpg\" \/>\n\t<meta property=\"og:image:width\" content=\"700\" \/>\n\t<meta property=\"og:image:height\" content=\"700\" \/>\n\t<meta property=\"og:image:type\" content=\"image\/jpeg\" \/>\n<meta name=\"twitter:card\" content=\"summary_large_image\" \/>\n<meta name=\"twitter:label1\" content=\"Est. reading time\" \/>\n\t<meta name=\"twitter:data1\" content=\"1 minute\" \/>\n<script type=\"application\/ld+json\" class=\"yoast-schema-graph\">{\"@context\":\"https:\\\/\\\/schema.org\",\"@graph\":[{\"@type\":\"WebPage\",\"@id\":\"https:\\\/\\\/www.petroni.hr\\\/en\\\/proizvod\\\/klima-uredaj-extraclima-265kw\\\/\",\"url\":\"https:\\\/\\\/www.petroni.hr\\\/en\\\/proizvod\\\/klima-uredaj-extraclima-265kw\\\/\",\"name\":\"Klima ure\u0111aj ExtraClima 2,65kw | Petroni - rent | sale | service | conversions\",\"isPartOf\":{\"@id\":\"https:\\\/\\\/www.petroni.hr\\\/en\\\/#website\"},\"primaryImageOfPage\":{\"@id\":\"https:\\\/\\\/www.petroni.hr\\\/en\\\/proizvod\\\/klima-uredaj-extraclima-265kw\\\/#primaryimage\"},\"image\":{\"@id\":\"https:\\\/\\\/www.petroni.hr\\\/en\\\/proizvod\\\/klima-uredaj-extraclima-265kw\\\/#primaryimage\"},\"thumbnailUrl\":\"https:\\\/\\\/www.petroni.hr\\\/wp-content\\\/uploads\\\/2025\\\/10\\\/klima-uredaj-za-kampere.jpg\",\"datePublished\":\"2025-10-02T07:27:08+00:00\",\"dateModified\":\"2025-10-02T07:27:09+00:00\",\"breadcrumb\":{\"@id\":\"https:\\\/\\\/www.petroni.hr\\\/en\\\/proizvod\\\/klima-uredaj-extraclima-265kw\\\/#breadcrumb\"},\"inLanguage\":\"en-US\",\"potentialAction\":[{\"@type\":\"ReadAction\",\"target\":[\"https:\\\/\\\/www.petroni.hr\\\/en\\\/proizvod\\\/klima-uredaj-extraclima-265kw\\\/\"]}]},{\"@type\":\"ImageObject\",\"inLanguage\":\"en-US\",\"@id\":\"https:\\\/\\\/www.petroni.hr\\\/en\\\/proizvod\\\/klima-uredaj-extraclima-265kw\\\/#primaryimage\",\"url\":\"https:\\\/\\\/www.petroni.hr\\\/wp-content\\\/uploads\\\/2025\\\/10\\\/klima-uredaj-za-kampere.jpg\",\"contentUrl\":\"https:\\\/\\\/www.petroni.hr\\\/wp-content\\\/uploads\\\/2025\\\/10\\\/klima-uredaj-za-kampere.jpg\",\"width\":700,\"height\":700},{\"@type\":\"BreadcrumbList\",\"@id\":\"https:\\\/\\\/www.petroni.hr\\\/en\\\/proizvod\\\/klima-uredaj-extraclima-265kw\\\/#breadcrumb\",\"itemListElement\":[{\"@type\":\"ListItem\",\"position\":1,\"name\":\"Po\u010detna stranica\",\"item\":\"https:\\\/\\\/www.petroni.hr\\\/en\\\/\"},{\"@type\":\"ListItem\",\"position\":2,\"name\":\"Shop\",\"item\":\"https:\\\/\\\/www.petroni.hr\\\/en\\\/shop\\\/\"},{\"@type\":\"ListItem\",\"position\":3,\"name\":\"Klima ure\u0111aj ExtraClima 2,65kw\"}]},{\"@type\":\"WebSite\",\"@id\":\"https:\\\/\\\/www.petroni.hr\\\/en\\\/#website\",\"url\":\"https:\\\/\\\/www.petroni.hr\\\/en\\\/\",\"name\":\"Petroni.hr\",\"description\":\"Experience the unprecedented freedom of travel\",\"publisher\":{\"@id\":\"https:\\\/\\\/www.petroni.hr\\\/en\\\/#organization\"},\"alternateName\":\"Petroni\",\"potentialAction\":[{\"@type\":\"SearchAction\",\"target\":{\"@type\":\"EntryPoint\",\"urlTemplate\":\"https:\\\/\\\/www.petroni.hr\\\/en\\\/?s={search_term_string}\"},\"query-input\":{\"@type\":\"PropertyValueSpecification\",\"valueRequired\":true,\"valueName\":\"search_term_string\"}}],\"inLanguage\":\"en-US\"},{\"@type\":\"Organization\",\"@id\":\"https:\\\/\\\/www.petroni.hr\\\/en\\\/#organization\",\"name\":\"Petroni d.o.o.\",\"alternateName\":\"Petroni\",\"url\":\"https:\\\/\\\/www.petroni.hr\\\/en\\\/\",\"logo\":{\"@type\":\"ImageObject\",\"inLanguage\":\"en-US\",\"@id\":\"https:\\\/\\\/www.petroni.hr\\\/en\\\/#\\\/schema\\\/logo\\\/image\\\/\",\"url\":\"https:\\\/\\\/www.petroni.hr\\\/wp-content\\\/uploads\\\/2024\\\/03\\\/cropped-Group-3.jpg\",\"contentUrl\":\"https:\\\/\\\/www.petroni.hr\\\/wp-content\\\/uploads\\\/2024\\\/03\\\/cropped-Group-3.jpg\",\"width\":512,\"height\":512,\"caption\":\"Petroni d.o.o.\"},\"image\":{\"@id\":\"https:\\\/\\\/www.petroni.hr\\\/en\\\/#\\\/schema\\\/logo\\\/image\\\/\"},\"sameAs\":[\"https:\\\/\\\/www.facebook.com\\\/Kamperi.Petroni.Sesvete\\\/?locale=hr_HR\"]}]}<\/script>\n<!-- \/ Yoast SEO plugin. -->","yoast_head_json":{"title":"Klima ure\u0111aj ExtraClima 2,65kw | Petroni - rent | sale | service | conversions","robots":{"index":"index","follow":"follow","max-snippet":"max-snippet:-1","max-image-preview":"max-image-preview:large","max-video-preview":"max-video-preview:-1"},"canonical":"https:\/\/www.petroni.hr\/en\/proizvod\/klima-uredaj-extraclima-265kw\/","og_locale":"en_US","og_type":"article","og_title":"Klima ure\u0111aj ExtraClima 2,65kw | Petroni - rent | sale | service | conversions","og_description":"Klima ure\u0111aj ExtraCLIMA savr\u0161ena je ideja za odr\u017eavanje tople ili hladne klime prema potrebi. Sa snagom hla\u0111enja od 2650 W i snagom grijanja od 2500 W, klimatizira va\u0161 kamper, omogu\u0107uju\u0107i vam da se nosite sa bilo kojom temperaturom. Ima visokoproto\u010dne otvore za zrak za visoku u\u010dinkovitost. ExtraCLIMA je tih i jednostavan za kori\u0161tenje zahvaljuju\u0107i zaslonu [&hellip;]","og_url":"https:\/\/www.petroni.hr\/en\/proizvod\/klima-uredaj-extraclima-265kw\/","og_site_name":"Petroni - rent | sale | service | conversions","article_publisher":"https:\/\/www.facebook.com\/Kamperi.Petroni.Sesvete\/?locale=hr_HR","article_modified_time":"2025-10-02T07:27:09+00:00","og_image":[{"width":700,"height":700,"url":"https:\/\/www.petroni.hr\/wp-content\/uploads\/2025\/10\/klima-uredaj-za-kampere.jpg","type":"image\/jpeg"}],"twitter_card":"summary_large_image","twitter_misc":{"Est. reading time":"1 minute"},"schema":{"@context":"https:\/\/schema.org","@graph":[{"@type":"WebPage","@id":"https:\/\/www.petroni.hr\/en\/proizvod\/klima-uredaj-extraclima-265kw\/","url":"https:\/\/www.petroni.hr\/en\/proizvod\/klima-uredaj-extraclima-265kw\/","name":"Klima ure\u0111aj ExtraClima 2,65kw | Petroni - rent | sale | service | conversions","isPartOf":{"@id":"https:\/\/www.petroni.hr\/en\/#website"},"primaryImageOfPage":{"@id":"https:\/\/www.petroni.hr\/en\/proizvod\/klima-uredaj-extraclima-265kw\/#primaryimage"},"image":{"@id":"https:\/\/www.petroni.hr\/en\/proizvod\/klima-uredaj-extraclima-265kw\/#primaryimage"},"thumbnailUrl":"https:\/\/www.petroni.hr\/wp-content\/uploads\/2025\/10\/klima-uredaj-za-kampere.jpg","datePublished":"2025-10-02T07:27:08+00:00","dateModified":"2025-10-02T07:27:09+00:00","breadcrumb":{"@id":"https:\/\/www.petroni.hr\/en\/proizvod\/klima-uredaj-extraclima-265kw\/#breadcrumb"},"inLanguage":"en-US","potentialAction":[{"@type":"ReadAction","target":["https:\/\/www.petroni.hr\/en\/proizvod\/klima-uredaj-extraclima-265kw\/"]}]},{"@type":"ImageObject","inLanguage":"en-US","@id":"https:\/\/www.petroni.hr\/en\/proizvod\/klima-uredaj-extraclima-265kw\/#primaryimage","url":"https:\/\/www.petroni.hr\/wp-content\/uploads\/2025\/10\/klima-uredaj-za-kampere.jpg","contentUrl":"https:\/\/www.petroni.hr\/wp-content\/uploads\/2025\/10\/klima-uredaj-za-kampere.jpg","width":700,"height":700},{"@type":"BreadcrumbList","@id":"https:\/\/www.petroni.hr\/en\/proizvod\/klima-uredaj-extraclima-265kw\/#breadcrumb","itemListElement":[{"@type":"ListItem","position":1,"name":"Po\u010detna stranica","item":"https:\/\/www.petroni.hr\/en\/"},{"@type":"ListItem","position":2,"name":"Shop","item":"https:\/\/www.petroni.hr\/en\/shop\/"},{"@type":"ListItem","position":3,"name":"Klima ure\u0111aj ExtraClima 2,65kw"}]},{"@type":"WebSite","@id":"https:\/\/www.petroni.hr\/en\/#website","url":"https:\/\/www.petroni.hr\/en\/","name":"Petroni.hr","description":"Experience the unprecedented freedom of travel","publisher":{"@id":"https:\/\/www.petroni.hr\/en\/#organization"},"alternateName":"Petroni","potentialAction":[{"@type":"SearchAction","target":{"@type":"EntryPoint","urlTemplate":"https:\/\/www.petroni.hr\/en\/?s={search_term_string}"},"query-input":{"@type":"PropertyValueSpecification","valueRequired":true,"valueName":"search_term_string"}}],"inLanguage":"en-US"},{"@type":"Organization","@id":"https:\/\/www.petroni.hr\/en\/#organization","name":"Petroni d.o.o.","alternateName":"Petroni","url":"https:\/\/www.petroni.hr\/en\/","logo":{"@type":"ImageObject","inLanguage":"en-US","@id":"https:\/\/www.petroni.hr\/en\/#\/schema\/logo\/image\/","url":"https:\/\/www.petroni.hr\/wp-content\/uploads\/2024\/03\/cropped-Group-3.jpg","contentUrl":"https:\/\/www.petroni.hr\/wp-content\/uploads\/2024\/03\/cropped-Group-3.jpg","width":512,"height":512,"caption":"Petroni d.o.o."},"image":{"@id":"https:\/\/www.petroni.hr\/en\/#\/schema\/logo\/image\/"},"sameAs":["https:\/\/www.facebook.com\/Kamperi.Petroni.Sesvete\/?locale=hr_HR"]}]}},"_links":{"self":[{"href":"https:\/\/www.petroni.hr\/en\/wp-json\/wp\/v2\/product\/24975","targetHints":{"allow":["GET"]}}],"collection":[{"href":"https:\/\/www.petroni.hr\/en\/wp-json\/wp\/v2\/product"}],"about":[{"href":"https:\/\/www.petroni.hr\/en\/wp-json\/wp\/v2\/types\/product"}],"replies":[{"embeddable":true,"href":"https:\/\/www.petroni.hr\/en\/wp-json\/wp\/v2\/comments?post=24975"}],"wp:featuredmedia":[{"embeddable":true,"href":"https:\/\/www.petroni.hr\/en\/wp-json\/wp\/v2\/media\/24978"}],"wp:attachment":[{"href":"https:\/\/www.petroni.hr\/en\/wp-json\/wp\/v2\/media?parent=24975"}],"wp:term":[{"taxonomy":"product_brand","embeddable":true,"href":"https:\/\/www.petroni.hr\/en\/wp-json\/wp\/v2\/product_brand?post=24975"},{"taxonomy":"product_cat","embeddable":true,"href":"https:\/\/www.petroni.hr\/en\/wp-json\/wp\/v2\/product_cat?post=24975"},{"taxonomy":"product_tag","embeddable":true,"href":"https:\/\/www.petroni.hr\/en\/wp-json\/wp\/v2\/product_tag?post=24975"}],"curies":[{"name":"wp","href":"https:\/\/api.w.org\/{rel}","templated":true}]}}