{"id":24964,"date":"2025-09-26T12:03:51","date_gmt":"2025-09-26T11:03:51","guid":{"rendered":"https:\/\/www.petroni.hr\/?post_type=product&#038;p=24964"},"modified":"2026-03-09T15:12:21","modified_gmt":"2026-03-09T14:12:21","slug":"nosac-za-tv-caratec-cfa101l","status":"publish","type":"product","link":"https:\/\/www.petroni.hr\/en\/proizvod\/nosac-za-tv-caratec-cfa101l\/","title":{"rendered":"Nosa\u010d za TV Caratec CFA101L"},"content":{"rendered":"<p>Klasi\u010dni TV produ\u017eetak s automatskim zaklju\u010davanjem, mo\u017ee se montirati lijevo ili desno.<\/p>\n<p>Omogu\u0107uje maksimalno produ\u017eenje TV-a za 470 mm.<\/p>\n<p>Tehni\u010dke specifikacije:<\/p>\n<p>Materijal: Aluminij<br \/>\nVESA nosa\u010d: 75\/100 mm<br \/>\nPreporu\u010duje se za veli\u010dine monitora: 15&#8243; &#8211; 24&#8243;<br \/>\nMaksimalno optere\u0107enje: 6,5 kg<br \/>\nSmjer monta\u017ee: Desna ili lijeva strana<br \/>\nOtpu\u0161tanje: Da, pomo\u0107u gumba za zaklju\u010davanje<br \/>\nPlo\u010da za monta\u017eu se mo\u017ee okretati\/naginjati: Da, 190\u00b0 \/ Da, +\/-8\u00b0<br \/>\nDuljina izvu\u010dene \u0161ine: 835 mm<br \/>\nDimenzije sklopljenog (\u0160 x V x D): cca. 410 x 155 x 42 mm<\/p>\n<p>Uklju\u010deno:<\/p>\n<p>1 TV nosa\u010d<br \/>\n1 Upute za monta\u017eu i uporabu<br \/>\n\u0160irina: 410 mm<br \/>\nVisina: 155 mm<br \/>\nDubina: 42 mm<br \/>\nTe\u017eina: 2,6 kg<br \/>\nBoja: Crna<\/p>\n","protected":false},"excerpt":{"rendered":"<p>Klasi\u010dni TV produ\u017eetak s automatskim zaklju\u010davanjem, mo\u017ee se montirati lijevo ili desno. Omogu\u0107uje maksimalno produ\u017eenje TV-a za 470 mm. Tehni\u010dke specifikacije: Materijal: Aluminij VESA nosa\u010d: 75\/100 mm Preporu\u010duje se za veli\u010dine monitora: 15&#8243; &#8211; 24&#8243; Maksimalno optere\u0107enje: 6,5 kg Smjer monta\u017ee: Desna ili lijeva strana Otpu\u0161tanje: Da, pomo\u0107u gumba za zaklju\u010davanje Plo\u010da za monta\u017eu se [&hellip;]<\/p>\n","protected":false},"featured_media":24965,"comment_status":"open","ping_status":"closed","template":"","meta":{"_acf_changed":false,"_themeisle_gutenberg_block_has_review":false},"product_brand":[],"product_cat":[207,215],"product_tag":[],"class_list":{"0":"post-24964","1":"product","2":"type-product","3":"status-publish","4":"has-post-thumbnail","6":"product_cat-camping-furniture","7":"product_cat-multimedia-2","9":"first","10":"instock","11":"shipping-taxable","12":"purchasable","13":"product-type-simple"},"acf":[],"yoast_head":"<!-- This site is optimized with the Yoast SEO plugin v27.5 - https:\/\/yoast.com\/product\/yoast-seo-wordpress\/ -->\n<title>Nosa\u010d za TV Caratec CFA101L | Petroni - rent | sale | service | conversions<\/title>\n<meta name=\"robots\" content=\"index, follow, max-snippet:-1, max-image-preview:large, max-video-preview:-1\" \/>\n<link rel=\"canonical\" href=\"https:\/\/www.petroni.hr\/en\/proizvod\/nosac-za-tv-caratec-cfa101l\/\" \/>\n<meta property=\"og:locale\" content=\"en_US\" \/>\n<meta property=\"og:type\" content=\"article\" \/>\n<meta property=\"og:title\" content=\"Nosa\u010d za TV Caratec CFA101L | Petroni - rent | sale | service | conversions\" \/>\n<meta property=\"og:description\" content=\"Klasi\u010dni TV produ\u017eetak s automatskim zaklju\u010davanjem, mo\u017ee se montirati lijevo ili desno. Omogu\u0107uje maksimalno produ\u017eenje TV-a za 470 mm. Tehni\u010dke specifikacije: Materijal: Aluminij VESA nosa\u010d: 75\/100 mm Preporu\u010duje se za veli\u010dine monitora: 15&#8243; &#8211; 24&#8243; Maksimalno optere\u0107enje: 6,5 kg Smjer monta\u017ee: Desna ili lijeva strana Otpu\u0161tanje: Da, pomo\u0107u gumba za zaklju\u010davanje Plo\u010da za monta\u017eu se [&hellip;]\" \/>\n<meta property=\"og:url\" content=\"https:\/\/www.petroni.hr\/en\/proizvod\/nosac-za-tv-caratec-cfa101l\/\" \/>\n<meta property=\"og:site_name\" content=\"Petroni - rent | sale | service | conversions\" \/>\n<meta property=\"article:publisher\" content=\"https:\/\/www.facebook.com\/Kamperi.Petroni.Sesvete\/?locale=hr_HR\" \/>\n<meta property=\"article:modified_time\" content=\"2026-03-09T14:12:21+00:00\" \/>\n<meta property=\"og:image\" content=\"https:\/\/www.petroni.hr\/wp-content\/uploads\/2025\/09\/nosac-za-TV-Caratec-CFA100.jpg\" \/>\n\t<meta property=\"og:image:width\" content=\"550\" \/>\n\t<meta property=\"og:image:height\" content=\"354\" \/>\n\t<meta property=\"og:image:type\" content=\"image\/jpeg\" \/>\n<meta name=\"twitter:card\" content=\"summary_large_image\" \/>\n<meta name=\"twitter:label1\" content=\"Est. reading time\" \/>\n\t<meta name=\"twitter:data1\" content=\"1 minute\" \/>\n<script type=\"application\/ld+json\" class=\"yoast-schema-graph\">{\"@context\":\"https:\\\/\\\/schema.org\",\"@graph\":[{\"@type\":\"WebPage\",\"@id\":\"https:\\\/\\\/www.petroni.hr\\\/en\\\/proizvod\\\/nosac-za-tv-caratec-cfa101l\\\/\",\"url\":\"https:\\\/\\\/www.petroni.hr\\\/en\\\/proizvod\\\/nosac-za-tv-caratec-cfa101l\\\/\",\"name\":\"Nosa\u010d za TV Caratec CFA101L | Petroni - rent | sale | service | conversions\",\"isPartOf\":{\"@id\":\"https:\\\/\\\/www.petroni.hr\\\/en\\\/#website\"},\"primaryImageOfPage\":{\"@id\":\"https:\\\/\\\/www.petroni.hr\\\/en\\\/proizvod\\\/nosac-za-tv-caratec-cfa101l\\\/#primaryimage\"},\"image\":{\"@id\":\"https:\\\/\\\/www.petroni.hr\\\/en\\\/proizvod\\\/nosac-za-tv-caratec-cfa101l\\\/#primaryimage\"},\"thumbnailUrl\":\"https:\\\/\\\/www.petroni.hr\\\/wp-content\\\/uploads\\\/2025\\\/09\\\/nosac-za-TV-Caratec-CFA100.jpg\",\"datePublished\":\"2025-09-26T11:03:51+00:00\",\"dateModified\":\"2026-03-09T14:12:21+00:00\",\"breadcrumb\":{\"@id\":\"https:\\\/\\\/www.petroni.hr\\\/en\\\/proizvod\\\/nosac-za-tv-caratec-cfa101l\\\/#breadcrumb\"},\"inLanguage\":\"en-US\",\"potentialAction\":[{\"@type\":\"ReadAction\",\"target\":[\"https:\\\/\\\/www.petroni.hr\\\/en\\\/proizvod\\\/nosac-za-tv-caratec-cfa101l\\\/\"]}]},{\"@type\":\"ImageObject\",\"inLanguage\":\"en-US\",\"@id\":\"https:\\\/\\\/www.petroni.hr\\\/en\\\/proizvod\\\/nosac-za-tv-caratec-cfa101l\\\/#primaryimage\",\"url\":\"https:\\\/\\\/www.petroni.hr\\\/wp-content\\\/uploads\\\/2025\\\/09\\\/nosac-za-TV-Caratec-CFA100.jpg\",\"contentUrl\":\"https:\\\/\\\/www.petroni.hr\\\/wp-content\\\/uploads\\\/2025\\\/09\\\/nosac-za-TV-Caratec-CFA100.jpg\",\"width\":550,\"height\":354},{\"@type\":\"BreadcrumbList\",\"@id\":\"https:\\\/\\\/www.petroni.hr\\\/en\\\/proizvod\\\/nosac-za-tv-caratec-cfa101l\\\/#breadcrumb\",\"itemListElement\":[{\"@type\":\"ListItem\",\"position\":1,\"name\":\"Po\u010detna stranica\",\"item\":\"https:\\\/\\\/www.petroni.hr\\\/en\\\/\"},{\"@type\":\"ListItem\",\"position\":2,\"name\":\"Shop\",\"item\":\"https:\\\/\\\/www.petroni.hr\\\/en\\\/shop\\\/\"},{\"@type\":\"ListItem\",\"position\":3,\"name\":\"Nosa\u010d za TV Caratec CFA101L\"}]},{\"@type\":\"WebSite\",\"@id\":\"https:\\\/\\\/www.petroni.hr\\\/en\\\/#website\",\"url\":\"https:\\\/\\\/www.petroni.hr\\\/en\\\/\",\"name\":\"Petroni.hr\",\"description\":\"Experience the unprecedented freedom of travel\",\"publisher\":{\"@id\":\"https:\\\/\\\/www.petroni.hr\\\/en\\\/#organization\"},\"alternateName\":\"Petroni\",\"potentialAction\":[{\"@type\":\"SearchAction\",\"target\":{\"@type\":\"EntryPoint\",\"urlTemplate\":\"https:\\\/\\\/www.petroni.hr\\\/en\\\/?s={search_term_string}\"},\"query-input\":{\"@type\":\"PropertyValueSpecification\",\"valueRequired\":true,\"valueName\":\"search_term_string\"}}],\"inLanguage\":\"en-US\"},{\"@type\":\"Organization\",\"@id\":\"https:\\\/\\\/www.petroni.hr\\\/en\\\/#organization\",\"name\":\"Petroni d.o.o.\",\"alternateName\":\"Petroni\",\"url\":\"https:\\\/\\\/www.petroni.hr\\\/en\\\/\",\"logo\":{\"@type\":\"ImageObject\",\"inLanguage\":\"en-US\",\"@id\":\"https:\\\/\\\/www.petroni.hr\\\/en\\\/#\\\/schema\\\/logo\\\/image\\\/\",\"url\":\"https:\\\/\\\/www.petroni.hr\\\/wp-content\\\/uploads\\\/2024\\\/03\\\/cropped-Group-3.jpg\",\"contentUrl\":\"https:\\\/\\\/www.petroni.hr\\\/wp-content\\\/uploads\\\/2024\\\/03\\\/cropped-Group-3.jpg\",\"width\":512,\"height\":512,\"caption\":\"Petroni d.o.o.\"},\"image\":{\"@id\":\"https:\\\/\\\/www.petroni.hr\\\/en\\\/#\\\/schema\\\/logo\\\/image\\\/\"},\"sameAs\":[\"https:\\\/\\\/www.facebook.com\\\/Kamperi.Petroni.Sesvete\\\/?locale=hr_HR\"]}]}<\/script>\n<!-- \/ Yoast SEO plugin. -->","yoast_head_json":{"title":"Nosa\u010d za TV Caratec CFA101L | Petroni - rent | sale | service | conversions","robots":{"index":"index","follow":"follow","max-snippet":"max-snippet:-1","max-image-preview":"max-image-preview:large","max-video-preview":"max-video-preview:-1"},"canonical":"https:\/\/www.petroni.hr\/en\/proizvod\/nosac-za-tv-caratec-cfa101l\/","og_locale":"en_US","og_type":"article","og_title":"Nosa\u010d za TV Caratec CFA101L | Petroni - rent | sale | service | conversions","og_description":"Klasi\u010dni TV produ\u017eetak s automatskim zaklju\u010davanjem, mo\u017ee se montirati lijevo ili desno. Omogu\u0107uje maksimalno produ\u017eenje TV-a za 470 mm. Tehni\u010dke specifikacije: Materijal: Aluminij VESA nosa\u010d: 75\/100 mm Preporu\u010duje se za veli\u010dine monitora: 15&#8243; &#8211; 24&#8243; Maksimalno optere\u0107enje: 6,5 kg Smjer monta\u017ee: Desna ili lijeva strana Otpu\u0161tanje: Da, pomo\u0107u gumba za zaklju\u010davanje Plo\u010da za monta\u017eu se [&hellip;]","og_url":"https:\/\/www.petroni.hr\/en\/proizvod\/nosac-za-tv-caratec-cfa101l\/","og_site_name":"Petroni - rent | sale | service | conversions","article_publisher":"https:\/\/www.facebook.com\/Kamperi.Petroni.Sesvete\/?locale=hr_HR","article_modified_time":"2026-03-09T14:12:21+00:00","og_image":[{"width":550,"height":354,"url":"https:\/\/www.petroni.hr\/wp-content\/uploads\/2025\/09\/nosac-za-TV-Caratec-CFA100.jpg","type":"image\/jpeg"}],"twitter_card":"summary_large_image","twitter_misc":{"Est. reading time":"1 minute"},"schema":{"@context":"https:\/\/schema.org","@graph":[{"@type":"WebPage","@id":"https:\/\/www.petroni.hr\/en\/proizvod\/nosac-za-tv-caratec-cfa101l\/","url":"https:\/\/www.petroni.hr\/en\/proizvod\/nosac-za-tv-caratec-cfa101l\/","name":"Nosa\u010d za TV Caratec CFA101L | Petroni - rent | sale | service | conversions","isPartOf":{"@id":"https:\/\/www.petroni.hr\/en\/#website"},"primaryImageOfPage":{"@id":"https:\/\/www.petroni.hr\/en\/proizvod\/nosac-za-tv-caratec-cfa101l\/#primaryimage"},"image":{"@id":"https:\/\/www.petroni.hr\/en\/proizvod\/nosac-za-tv-caratec-cfa101l\/#primaryimage"},"thumbnailUrl":"https:\/\/www.petroni.hr\/wp-content\/uploads\/2025\/09\/nosac-za-TV-Caratec-CFA100.jpg","datePublished":"2025-09-26T11:03:51+00:00","dateModified":"2026-03-09T14:12:21+00:00","breadcrumb":{"@id":"https:\/\/www.petroni.hr\/en\/proizvod\/nosac-za-tv-caratec-cfa101l\/#breadcrumb"},"inLanguage":"en-US","potentialAction":[{"@type":"ReadAction","target":["https:\/\/www.petroni.hr\/en\/proizvod\/nosac-za-tv-caratec-cfa101l\/"]}]},{"@type":"ImageObject","inLanguage":"en-US","@id":"https:\/\/www.petroni.hr\/en\/proizvod\/nosac-za-tv-caratec-cfa101l\/#primaryimage","url":"https:\/\/www.petroni.hr\/wp-content\/uploads\/2025\/09\/nosac-za-TV-Caratec-CFA100.jpg","contentUrl":"https:\/\/www.petroni.hr\/wp-content\/uploads\/2025\/09\/nosac-za-TV-Caratec-CFA100.jpg","width":550,"height":354},{"@type":"BreadcrumbList","@id":"https:\/\/www.petroni.hr\/en\/proizvod\/nosac-za-tv-caratec-cfa101l\/#breadcrumb","itemListElement":[{"@type":"ListItem","position":1,"name":"Po\u010detna stranica","item":"https:\/\/www.petroni.hr\/en\/"},{"@type":"ListItem","position":2,"name":"Shop","item":"https:\/\/www.petroni.hr\/en\/shop\/"},{"@type":"ListItem","position":3,"name":"Nosa\u010d za TV Caratec CFA101L"}]},{"@type":"WebSite","@id":"https:\/\/www.petroni.hr\/en\/#website","url":"https:\/\/www.petroni.hr\/en\/","name":"Petroni.hr","description":"Experience the unprecedented freedom of travel","publisher":{"@id":"https:\/\/www.petroni.hr\/en\/#organization"},"alternateName":"Petroni","potentialAction":[{"@type":"SearchAction","target":{"@type":"EntryPoint","urlTemplate":"https:\/\/www.petroni.hr\/en\/?s={search_term_string}"},"query-input":{"@type":"PropertyValueSpecification","valueRequired":true,"valueName":"search_term_string"}}],"inLanguage":"en-US"},{"@type":"Organization","@id":"https:\/\/www.petroni.hr\/en\/#organization","name":"Petroni d.o.o.","alternateName":"Petroni","url":"https:\/\/www.petroni.hr\/en\/","logo":{"@type":"ImageObject","inLanguage":"en-US","@id":"https:\/\/www.petroni.hr\/en\/#\/schema\/logo\/image\/","url":"https:\/\/www.petroni.hr\/wp-content\/uploads\/2024\/03\/cropped-Group-3.jpg","contentUrl":"https:\/\/www.petroni.hr\/wp-content\/uploads\/2024\/03\/cropped-Group-3.jpg","width":512,"height":512,"caption":"Petroni d.o.o."},"image":{"@id":"https:\/\/www.petroni.hr\/en\/#\/schema\/logo\/image\/"},"sameAs":["https:\/\/www.facebook.com\/Kamperi.Petroni.Sesvete\/?locale=hr_HR"]}]}},"_links":{"self":[{"href":"https:\/\/www.petroni.hr\/en\/wp-json\/wp\/v2\/product\/24964","targetHints":{"allow":["GET"]}}],"collection":[{"href":"https:\/\/www.petroni.hr\/en\/wp-json\/wp\/v2\/product"}],"about":[{"href":"https:\/\/www.petroni.hr\/en\/wp-json\/wp\/v2\/types\/product"}],"replies":[{"embeddable":true,"href":"https:\/\/www.petroni.hr\/en\/wp-json\/wp\/v2\/comments?post=24964"}],"wp:featuredmedia":[{"embeddable":true,"href":"https:\/\/www.petroni.hr\/en\/wp-json\/wp\/v2\/media\/24965"}],"wp:attachment":[{"href":"https:\/\/www.petroni.hr\/en\/wp-json\/wp\/v2\/media?parent=24964"}],"wp:term":[{"taxonomy":"product_brand","embeddable":true,"href":"https:\/\/www.petroni.hr\/en\/wp-json\/wp\/v2\/product_brand?post=24964"},{"taxonomy":"product_cat","embeddable":true,"href":"https:\/\/www.petroni.hr\/en\/wp-json\/wp\/v2\/product_cat?post=24964"},{"taxonomy":"product_tag","embeddable":true,"href":"https:\/\/www.petroni.hr\/en\/wp-json\/wp\/v2\/product_tag?post=24964"}],"curies":[{"name":"wp","href":"https:\/\/api.w.org\/{rel}","templated":true}]}}