{"id":24911,"date":"2025-09-07T12:57:15","date_gmt":"2025-09-07T11:57:15","guid":{"rendered":"https:\/\/www.petroni.hr\/?post_type=product&#038;p=24911"},"modified":"2026-02-20T13:47:54","modified_gmt":"2026-02-20T12:47:54","slug":"tepih-za-predprostor-keep-camp-250x400cm","status":"publish","type":"product","link":"https:\/\/www.petroni.hr\/en\/proizvod\/tepih-za-predprostor-keep-camp-250x400cm\/","title":{"rendered":"Tepih za predprostor KEEP CAMP 250x400cm"},"content":{"rendered":"<p>Tepih za pred\u0161ator 2,5&#215;4,0m<\/p>\n<p>KEEP CAMP polipropilenske prostirke za izolaciju terase.<\/p>\n<p>Sigurno pri\u010dvr\u0161\u0107ene za tlo pomo\u0107u u\u0161ica za sidrenje po obodu. Idealne za izolaciju tla, omogu\u0107uju tlu da di\u0161e, sprje\u010davaju\u0107i stvaranje kondenzacije. Otporne na plijesan i perive, prakti\u010dne, \u0161tede prostor, lako se sklapaju i spremaju u vre\u0107icu.<\/p>\n<p>Mekane, lagane i jednostavne za pohranu u prilo\u017eenoj vre\u0107ici.<\/p>\n<p>Dimenzije 250 x 400 cm<br \/>\nGrama\u017ea 400 gr \/ m\u00b2<\/p>\n","protected":false},"excerpt":{"rendered":"<p>Tepih za pred\u0161ator 2,5&#215;4,0m KEEP CAMP polipropilenske prostirke za izolaciju terase. Sigurno pri\u010dvr\u0161\u0107ene za tlo pomo\u0107u u\u0161ica za sidrenje po obodu. Idealne za izolaciju tla, omogu\u0107uju tlu da di\u0161e, sprje\u010davaju\u0107i stvaranje kondenzacije. Otporne na plijesan i perive, prakti\u010dne, \u0161tede prostor, lako se sklapaju i spremaju u vre\u0107icu. Mekane, lagane i jednostavne za pohranu u prilo\u017eenoj [&hellip;]<\/p>\n","protected":false},"featured_media":24430,"comment_status":"open","ping_status":"closed","template":"","meta":{"_acf_changed":false,"_themeisle_gutenberg_block_has_review":false},"product_brand":[],"product_cat":[219,209,359],"product_tag":[],"class_list":{"0":"post-24911","1":"product","2":"type-product","3":"status-publish","4":"has-post-thumbnail","6":"product_cat-awning-parts","7":"product_cat-outdoor-leisure","8":"product_cat-predsator","10":"first","11":"instock","12":"shipping-taxable","13":"purchasable","14":"product-type-simple"},"acf":[],"yoast_head":"<!-- This site is optimized with the Yoast SEO plugin v27.4 - https:\/\/yoast.com\/product\/yoast-seo-wordpress\/ -->\n<title>Tepih za predprostor KEEP CAMP 250x400cm | Petroni - rent | sale | service | conversions<\/title>\n<meta name=\"robots\" content=\"index, follow, max-snippet:-1, max-image-preview:large, max-video-preview:-1\" \/>\n<link rel=\"canonical\" href=\"https:\/\/www.petroni.hr\/en\/proizvod\/tepih-za-predprostor-keep-camp-250x400cm\/\" \/>\n<meta property=\"og:locale\" content=\"en_US\" \/>\n<meta property=\"og:type\" content=\"article\" \/>\n<meta property=\"og:title\" content=\"Tepih za predprostor KEEP CAMP 250x400cm | Petroni - rent | sale | service | conversions\" \/>\n<meta property=\"og:description\" content=\"Tepih za pred\u0161ator 2,5&#215;4,0m KEEP CAMP polipropilenske prostirke za izolaciju terase. Sigurno pri\u010dvr\u0161\u0107ene za tlo pomo\u0107u u\u0161ica za sidrenje po obodu. Idealne za izolaciju tla, omogu\u0107uju tlu da di\u0161e, sprje\u010davaju\u0107i stvaranje kondenzacije. Otporne na plijesan i perive, prakti\u010dne, \u0161tede prostor, lako se sklapaju i spremaju u vre\u0107icu. Mekane, lagane i jednostavne za pohranu u prilo\u017eenoj [&hellip;]\" \/>\n<meta property=\"og:url\" content=\"https:\/\/www.petroni.hr\/en\/proizvod\/tepih-za-predprostor-keep-camp-250x400cm\/\" \/>\n<meta property=\"og:site_name\" content=\"Petroni - rent | sale | service | conversions\" \/>\n<meta property=\"article:publisher\" content=\"https:\/\/www.facebook.com\/Kamperi.Petroni.Sesvete\/?locale=hr_HR\" \/>\n<meta property=\"article:modified_time\" content=\"2026-02-20T12:47:54+00:00\" \/>\n<meta property=\"og:image\" content=\"https:\/\/www.petroni.hr\/wp-content\/uploads\/2025\/06\/tepih-za-predprostor-1-1.jpg\" \/>\n\t<meta property=\"og:image:width\" content=\"265\" \/>\n\t<meta property=\"og:image:height\" content=\"287\" \/>\n\t<meta property=\"og:image:type\" content=\"image\/jpeg\" \/>\n<meta name=\"twitter:card\" content=\"summary_large_image\" \/>\n<script type=\"application\/ld+json\" class=\"yoast-schema-graph\">{\"@context\":\"https:\\\/\\\/schema.org\",\"@graph\":[{\"@type\":\"WebPage\",\"@id\":\"https:\\\/\\\/www.petroni.hr\\\/en\\\/proizvod\\\/tepih-za-predprostor-keep-camp-250x400cm\\\/\",\"url\":\"https:\\\/\\\/www.petroni.hr\\\/en\\\/proizvod\\\/tepih-za-predprostor-keep-camp-250x400cm\\\/\",\"name\":\"Tepih za predprostor KEEP CAMP 250x400cm | Petroni - rent | sale | service | conversions\",\"isPartOf\":{\"@id\":\"https:\\\/\\\/www.petroni.hr\\\/en\\\/#website\"},\"primaryImageOfPage\":{\"@id\":\"https:\\\/\\\/www.petroni.hr\\\/en\\\/proizvod\\\/tepih-za-predprostor-keep-camp-250x400cm\\\/#primaryimage\"},\"image\":{\"@id\":\"https:\\\/\\\/www.petroni.hr\\\/en\\\/proizvod\\\/tepih-za-predprostor-keep-camp-250x400cm\\\/#primaryimage\"},\"thumbnailUrl\":\"https:\\\/\\\/www.petroni.hr\\\/wp-content\\\/uploads\\\/2025\\\/06\\\/tepih-za-predprostor-1-1.jpg\",\"datePublished\":\"2025-09-07T11:57:15+00:00\",\"dateModified\":\"2026-02-20T12:47:54+00:00\",\"breadcrumb\":{\"@id\":\"https:\\\/\\\/www.petroni.hr\\\/en\\\/proizvod\\\/tepih-za-predprostor-keep-camp-250x400cm\\\/#breadcrumb\"},\"inLanguage\":\"en-US\",\"potentialAction\":[{\"@type\":\"ReadAction\",\"target\":[\"https:\\\/\\\/www.petroni.hr\\\/en\\\/proizvod\\\/tepih-za-predprostor-keep-camp-250x400cm\\\/\"]}]},{\"@type\":\"ImageObject\",\"inLanguage\":\"en-US\",\"@id\":\"https:\\\/\\\/www.petroni.hr\\\/en\\\/proizvod\\\/tepih-za-predprostor-keep-camp-250x400cm\\\/#primaryimage\",\"url\":\"https:\\\/\\\/www.petroni.hr\\\/wp-content\\\/uploads\\\/2025\\\/06\\\/tepih-za-predprostor-1-1.jpg\",\"contentUrl\":\"https:\\\/\\\/www.petroni.hr\\\/wp-content\\\/uploads\\\/2025\\\/06\\\/tepih-za-predprostor-1-1.jpg\",\"width\":265,\"height\":287},{\"@type\":\"BreadcrumbList\",\"@id\":\"https:\\\/\\\/www.petroni.hr\\\/en\\\/proizvod\\\/tepih-za-predprostor-keep-camp-250x400cm\\\/#breadcrumb\",\"itemListElement\":[{\"@type\":\"ListItem\",\"position\":1,\"name\":\"Po\u010detna stranica\",\"item\":\"https:\\\/\\\/www.petroni.hr\\\/en\\\/\"},{\"@type\":\"ListItem\",\"position\":2,\"name\":\"Shop\",\"item\":\"https:\\\/\\\/www.petroni.hr\\\/en\\\/shop\\\/\"},{\"@type\":\"ListItem\",\"position\":3,\"name\":\"Tepih za predprostor KEEP CAMP 250x400cm\"}]},{\"@type\":\"WebSite\",\"@id\":\"https:\\\/\\\/www.petroni.hr\\\/en\\\/#website\",\"url\":\"https:\\\/\\\/www.petroni.hr\\\/en\\\/\",\"name\":\"Petroni.hr\",\"description\":\"Experience the unprecedented freedom of travel\",\"publisher\":{\"@id\":\"https:\\\/\\\/www.petroni.hr\\\/en\\\/#organization\"},\"alternateName\":\"Petroni\",\"potentialAction\":[{\"@type\":\"SearchAction\",\"target\":{\"@type\":\"EntryPoint\",\"urlTemplate\":\"https:\\\/\\\/www.petroni.hr\\\/en\\\/?s={search_term_string}\"},\"query-input\":{\"@type\":\"PropertyValueSpecification\",\"valueRequired\":true,\"valueName\":\"search_term_string\"}}],\"inLanguage\":\"en-US\"},{\"@type\":\"Organization\",\"@id\":\"https:\\\/\\\/www.petroni.hr\\\/en\\\/#organization\",\"name\":\"Petroni d.o.o.\",\"alternateName\":\"Petroni\",\"url\":\"https:\\\/\\\/www.petroni.hr\\\/en\\\/\",\"logo\":{\"@type\":\"ImageObject\",\"inLanguage\":\"en-US\",\"@id\":\"https:\\\/\\\/www.petroni.hr\\\/en\\\/#\\\/schema\\\/logo\\\/image\\\/\",\"url\":\"https:\\\/\\\/www.petroni.hr\\\/wp-content\\\/uploads\\\/2024\\\/03\\\/cropped-Group-3.jpg\",\"contentUrl\":\"https:\\\/\\\/www.petroni.hr\\\/wp-content\\\/uploads\\\/2024\\\/03\\\/cropped-Group-3.jpg\",\"width\":512,\"height\":512,\"caption\":\"Petroni d.o.o.\"},\"image\":{\"@id\":\"https:\\\/\\\/www.petroni.hr\\\/en\\\/#\\\/schema\\\/logo\\\/image\\\/\"},\"sameAs\":[\"https:\\\/\\\/www.facebook.com\\\/Kamperi.Petroni.Sesvete\\\/?locale=hr_HR\"]}]}<\/script>\n<!-- \/ Yoast SEO plugin. -->","yoast_head_json":{"title":"Tepih za predprostor KEEP CAMP 250x400cm | Petroni - rent | sale | service | conversions","robots":{"index":"index","follow":"follow","max-snippet":"max-snippet:-1","max-image-preview":"max-image-preview:large","max-video-preview":"max-video-preview:-1"},"canonical":"https:\/\/www.petroni.hr\/en\/proizvod\/tepih-za-predprostor-keep-camp-250x400cm\/","og_locale":"en_US","og_type":"article","og_title":"Tepih za predprostor KEEP CAMP 250x400cm | Petroni - rent | sale | service | conversions","og_description":"Tepih za pred\u0161ator 2,5&#215;4,0m KEEP CAMP polipropilenske prostirke za izolaciju terase. Sigurno pri\u010dvr\u0161\u0107ene za tlo pomo\u0107u u\u0161ica za sidrenje po obodu. Idealne za izolaciju tla, omogu\u0107uju tlu da di\u0161e, sprje\u010davaju\u0107i stvaranje kondenzacije. Otporne na plijesan i perive, prakti\u010dne, \u0161tede prostor, lako se sklapaju i spremaju u vre\u0107icu. Mekane, lagane i jednostavne za pohranu u prilo\u017eenoj [&hellip;]","og_url":"https:\/\/www.petroni.hr\/en\/proizvod\/tepih-za-predprostor-keep-camp-250x400cm\/","og_site_name":"Petroni - rent | sale | service | conversions","article_publisher":"https:\/\/www.facebook.com\/Kamperi.Petroni.Sesvete\/?locale=hr_HR","article_modified_time":"2026-02-20T12:47:54+00:00","og_image":[{"width":265,"height":287,"url":"https:\/\/www.petroni.hr\/wp-content\/uploads\/2025\/06\/tepih-za-predprostor-1-1.jpg","type":"image\/jpeg"}],"twitter_card":"summary_large_image","schema":{"@context":"https:\/\/schema.org","@graph":[{"@type":"WebPage","@id":"https:\/\/www.petroni.hr\/en\/proizvod\/tepih-za-predprostor-keep-camp-250x400cm\/","url":"https:\/\/www.petroni.hr\/en\/proizvod\/tepih-za-predprostor-keep-camp-250x400cm\/","name":"Tepih za predprostor KEEP CAMP 250x400cm | Petroni - rent | sale | service | conversions","isPartOf":{"@id":"https:\/\/www.petroni.hr\/en\/#website"},"primaryImageOfPage":{"@id":"https:\/\/www.petroni.hr\/en\/proizvod\/tepih-za-predprostor-keep-camp-250x400cm\/#primaryimage"},"image":{"@id":"https:\/\/www.petroni.hr\/en\/proizvod\/tepih-za-predprostor-keep-camp-250x400cm\/#primaryimage"},"thumbnailUrl":"https:\/\/www.petroni.hr\/wp-content\/uploads\/2025\/06\/tepih-za-predprostor-1-1.jpg","datePublished":"2025-09-07T11:57:15+00:00","dateModified":"2026-02-20T12:47:54+00:00","breadcrumb":{"@id":"https:\/\/www.petroni.hr\/en\/proizvod\/tepih-za-predprostor-keep-camp-250x400cm\/#breadcrumb"},"inLanguage":"en-US","potentialAction":[{"@type":"ReadAction","target":["https:\/\/www.petroni.hr\/en\/proizvod\/tepih-za-predprostor-keep-camp-250x400cm\/"]}]},{"@type":"ImageObject","inLanguage":"en-US","@id":"https:\/\/www.petroni.hr\/en\/proizvod\/tepih-za-predprostor-keep-camp-250x400cm\/#primaryimage","url":"https:\/\/www.petroni.hr\/wp-content\/uploads\/2025\/06\/tepih-za-predprostor-1-1.jpg","contentUrl":"https:\/\/www.petroni.hr\/wp-content\/uploads\/2025\/06\/tepih-za-predprostor-1-1.jpg","width":265,"height":287},{"@type":"BreadcrumbList","@id":"https:\/\/www.petroni.hr\/en\/proizvod\/tepih-za-predprostor-keep-camp-250x400cm\/#breadcrumb","itemListElement":[{"@type":"ListItem","position":1,"name":"Po\u010detna stranica","item":"https:\/\/www.petroni.hr\/en\/"},{"@type":"ListItem","position":2,"name":"Shop","item":"https:\/\/www.petroni.hr\/en\/shop\/"},{"@type":"ListItem","position":3,"name":"Tepih za predprostor KEEP CAMP 250x400cm"}]},{"@type":"WebSite","@id":"https:\/\/www.petroni.hr\/en\/#website","url":"https:\/\/www.petroni.hr\/en\/","name":"Petroni.hr","description":"Experience the unprecedented freedom of travel","publisher":{"@id":"https:\/\/www.petroni.hr\/en\/#organization"},"alternateName":"Petroni","potentialAction":[{"@type":"SearchAction","target":{"@type":"EntryPoint","urlTemplate":"https:\/\/www.petroni.hr\/en\/?s={search_term_string}"},"query-input":{"@type":"PropertyValueSpecification","valueRequired":true,"valueName":"search_term_string"}}],"inLanguage":"en-US"},{"@type":"Organization","@id":"https:\/\/www.petroni.hr\/en\/#organization","name":"Petroni d.o.o.","alternateName":"Petroni","url":"https:\/\/www.petroni.hr\/en\/","logo":{"@type":"ImageObject","inLanguage":"en-US","@id":"https:\/\/www.petroni.hr\/en\/#\/schema\/logo\/image\/","url":"https:\/\/www.petroni.hr\/wp-content\/uploads\/2024\/03\/cropped-Group-3.jpg","contentUrl":"https:\/\/www.petroni.hr\/wp-content\/uploads\/2024\/03\/cropped-Group-3.jpg","width":512,"height":512,"caption":"Petroni d.o.o."},"image":{"@id":"https:\/\/www.petroni.hr\/en\/#\/schema\/logo\/image\/"},"sameAs":["https:\/\/www.facebook.com\/Kamperi.Petroni.Sesvete\/?locale=hr_HR"]}]}},"_links":{"self":[{"href":"https:\/\/www.petroni.hr\/en\/wp-json\/wp\/v2\/product\/24911","targetHints":{"allow":["GET"]}}],"collection":[{"href":"https:\/\/www.petroni.hr\/en\/wp-json\/wp\/v2\/product"}],"about":[{"href":"https:\/\/www.petroni.hr\/en\/wp-json\/wp\/v2\/types\/product"}],"replies":[{"embeddable":true,"href":"https:\/\/www.petroni.hr\/en\/wp-json\/wp\/v2\/comments?post=24911"}],"wp:featuredmedia":[{"embeddable":true,"href":"https:\/\/www.petroni.hr\/en\/wp-json\/wp\/v2\/media\/24430"}],"wp:attachment":[{"href":"https:\/\/www.petroni.hr\/en\/wp-json\/wp\/v2\/media?parent=24911"}],"wp:term":[{"taxonomy":"product_brand","embeddable":true,"href":"https:\/\/www.petroni.hr\/en\/wp-json\/wp\/v2\/product_brand?post=24911"},{"taxonomy":"product_cat","embeddable":true,"href":"https:\/\/www.petroni.hr\/en\/wp-json\/wp\/v2\/product_cat?post=24911"},{"taxonomy":"product_tag","embeddable":true,"href":"https:\/\/www.petroni.hr\/en\/wp-json\/wp\/v2\/product_tag?post=24911"}],"curies":[{"name":"wp","href":"https:\/\/api.w.org\/{rel}","templated":true}]}}