{"id":24895,"date":"2025-09-07T06:35:57","date_gmt":"2025-09-07T05:35:57","guid":{"rendered":"https:\/\/www.petroni.hr\/?post_type=product&#038;p=24895"},"modified":"2025-09-07T06:35:58","modified_gmt":"2025-09-07T05:35:58","slug":"stepenice-bermuda-2-gazista-srebrene","status":"publish","type":"product","link":"https:\/\/www.petroni.hr\/en\/proizvod\/stepenice-bermuda-2-gazista-srebrene\/","title":{"rendered":"Stepenice Bermuda 2 gazi\u0161ta &#8211; srebrene"},"content":{"rendered":"<p>Bermuda dvostruke \u010deli\u010dne stepenice su neophodne za svakoga tko u\u017eiva u kampiranju.<\/p>\n<p>Evo nekih od njihovih klju\u010dnih zna\u010dajki:<br \/>\n\u010cvrste &#8211; izra\u0111ene od izdr\u017eljivog \u010delika<br \/>\nPrakti\u010dne &#8211; dvostruke stepenice za jednostavan pristup<br \/>\nSigurne &#8211; pru\u017eaju stabilnu potporu<br \/>\nKompaktne &#8211; zauzimaju malo prostora<br \/>\nSvestrane &#8211; pogodne za kamp prikolice, kampere i brodove<\/p>\n<p>S dimenzijama 424 x 634 x 380 mm, Bermuda dvostruke \u010deli\u010dne stepenice su dovoljno kompaktne za jednostavno skladi\u0161tenje, a opet dovoljno \u010dvrste da pru\u017ee stabilnu potporu. One \u010dine va\u0161a putovanja ugodnijima i sigurnijima, omogu\u0107uju\u0107i vam da u potpunosti u\u017eivate u svojim avanturama. Ulazite i izlazite iz vozila s lako\u0107om i samopouzdanjem, zahvaljuju\u0107i ovim pouzdanim metalnim stepenicama. Bermuda stepenice mogu podnijeti te\u017einu tereta do 150 kg. Neklizaju\u0107a povr\u0161ina na vrhu dvostrukih stepenica osigurava da svaki put mo\u017eete sigurno stati na njih, bez klizanja.<\/p>\n<p>Donji dijelovi stopala tako\u0111er su opremljeni gumenim kapicama, tako da stepenica sigurno stoji \u010dak i na skliskijim povr\u0161inama.<\/p>\n<p>Te\u017eina 3,7kg<\/p>\n<p>Boja &#8211; srebro<\/p>\n","protected":false},"excerpt":{"rendered":"<p>Bermuda dvostruke \u010deli\u010dne stepenice su neophodne za svakoga tko u\u017eiva u kampiranju. Evo nekih od njihovih klju\u010dnih zna\u010dajki: \u010cvrste &#8211; izra\u0111ene od izdr\u017eljivog \u010delika Prakti\u010dne &#8211; dvostruke stepenice za jednostavan pristup Sigurne &#8211; pru\u017eaju stabilnu potporu Kompaktne &#8211; zauzimaju malo prostora Svestrane &#8211; pogodne za kamp prikolice, kampere i brodove S dimenzijama 424 x 634 [&hellip;]<\/p>\n","protected":false},"featured_media":24896,"comment_status":"open","ping_status":"closed","template":"","meta":{"_acf_changed":false,"_themeisle_gutenberg_block_has_review":false},"product_brand":[],"product_cat":[207,249],"product_tag":[],"class_list":{"0":"post-24895","1":"product","2":"type-product","3":"status-publish","4":"has-post-thumbnail","6":"product_cat-camping-furniture","7":"product_cat-stepenice-camping-furniture","9":"first","10":"instock","11":"shipping-taxable","12":"purchasable","13":"product-type-simple"},"acf":[],"yoast_head":"<!-- This site is optimized with the Yoast SEO plugin v27.5 - https:\/\/yoast.com\/product\/yoast-seo-wordpress\/ -->\n<title>Stepenice Bermuda 2 gazi\u0161ta - srebrene | Petroni - rent | sale | service | conversions<\/title>\n<meta name=\"robots\" content=\"index, follow, max-snippet:-1, max-image-preview:large, max-video-preview:-1\" \/>\n<link rel=\"canonical\" href=\"https:\/\/www.petroni.hr\/en\/proizvod\/stepenice-bermuda-2-gazista-srebrene\/\" \/>\n<meta property=\"og:locale\" content=\"en_US\" \/>\n<meta property=\"og:type\" content=\"article\" \/>\n<meta property=\"og:title\" content=\"Stepenice Bermuda 2 gazi\u0161ta - srebrene | Petroni - rent | sale | service | conversions\" \/>\n<meta property=\"og:description\" content=\"Bermuda dvostruke \u010deli\u010dne stepenice su neophodne za svakoga tko u\u017eiva u kampiranju. Evo nekih od njihovih klju\u010dnih zna\u010dajki: \u010cvrste &#8211; izra\u0111ene od izdr\u017eljivog \u010delika Prakti\u010dne &#8211; dvostruke stepenice za jednostavan pristup Sigurne &#8211; pru\u017eaju stabilnu potporu Kompaktne &#8211; zauzimaju malo prostora Svestrane &#8211; pogodne za kamp prikolice, kampere i brodove S dimenzijama 424 x 634 [&hellip;]\" \/>\n<meta property=\"og:url\" content=\"https:\/\/www.petroni.hr\/en\/proizvod\/stepenice-bermuda-2-gazista-srebrene\/\" \/>\n<meta property=\"og:site_name\" content=\"Petroni - rent | sale | service | conversions\" \/>\n<meta property=\"article:publisher\" content=\"https:\/\/www.facebook.com\/Kamperi.Petroni.Sesvete\/?locale=hr_HR\" \/>\n<meta property=\"article:modified_time\" content=\"2025-09-07T05:35:58+00:00\" \/>\n<meta property=\"og:image\" content=\"https:\/\/www.petroni.hr\/wp-content\/uploads\/2025\/09\/stepenica-ulazna-dva-gazista-5.jpg\" \/>\n\t<meta property=\"og:image:width\" content=\"800\" \/>\n\t<meta property=\"og:image:height\" content=\"533\" \/>\n\t<meta property=\"og:image:type\" content=\"image\/jpeg\" \/>\n<meta name=\"twitter:card\" content=\"summary_large_image\" \/>\n<meta name=\"twitter:label1\" content=\"Est. reading time\" \/>\n\t<meta name=\"twitter:data1\" content=\"1 minute\" \/>\n<script type=\"application\/ld+json\" class=\"yoast-schema-graph\">{\"@context\":\"https:\\\/\\\/schema.org\",\"@graph\":[{\"@type\":\"WebPage\",\"@id\":\"https:\\\/\\\/www.petroni.hr\\\/en\\\/proizvod\\\/stepenice-bermuda-2-gazista-srebrene\\\/\",\"url\":\"https:\\\/\\\/www.petroni.hr\\\/en\\\/proizvod\\\/stepenice-bermuda-2-gazista-srebrene\\\/\",\"name\":\"Stepenice Bermuda 2 gazi\u0161ta - srebrene | Petroni - rent | sale | service | conversions\",\"isPartOf\":{\"@id\":\"https:\\\/\\\/www.petroni.hr\\\/en\\\/#website\"},\"primaryImageOfPage\":{\"@id\":\"https:\\\/\\\/www.petroni.hr\\\/en\\\/proizvod\\\/stepenice-bermuda-2-gazista-srebrene\\\/#primaryimage\"},\"image\":{\"@id\":\"https:\\\/\\\/www.petroni.hr\\\/en\\\/proizvod\\\/stepenice-bermuda-2-gazista-srebrene\\\/#primaryimage\"},\"thumbnailUrl\":\"https:\\\/\\\/www.petroni.hr\\\/wp-content\\\/uploads\\\/2025\\\/09\\\/stepenica-ulazna-dva-gazista-5.jpg\",\"datePublished\":\"2025-09-07T05:35:57+00:00\",\"dateModified\":\"2025-09-07T05:35:58+00:00\",\"breadcrumb\":{\"@id\":\"https:\\\/\\\/www.petroni.hr\\\/en\\\/proizvod\\\/stepenice-bermuda-2-gazista-srebrene\\\/#breadcrumb\"},\"inLanguage\":\"en-US\",\"potentialAction\":[{\"@type\":\"ReadAction\",\"target\":[\"https:\\\/\\\/www.petroni.hr\\\/en\\\/proizvod\\\/stepenice-bermuda-2-gazista-srebrene\\\/\"]}]},{\"@type\":\"ImageObject\",\"inLanguage\":\"en-US\",\"@id\":\"https:\\\/\\\/www.petroni.hr\\\/en\\\/proizvod\\\/stepenice-bermuda-2-gazista-srebrene\\\/#primaryimage\",\"url\":\"https:\\\/\\\/www.petroni.hr\\\/wp-content\\\/uploads\\\/2025\\\/09\\\/stepenica-ulazna-dva-gazista-5.jpg\",\"contentUrl\":\"https:\\\/\\\/www.petroni.hr\\\/wp-content\\\/uploads\\\/2025\\\/09\\\/stepenica-ulazna-dva-gazista-5.jpg\",\"width\":800,\"height\":533},{\"@type\":\"BreadcrumbList\",\"@id\":\"https:\\\/\\\/www.petroni.hr\\\/en\\\/proizvod\\\/stepenice-bermuda-2-gazista-srebrene\\\/#breadcrumb\",\"itemListElement\":[{\"@type\":\"ListItem\",\"position\":1,\"name\":\"Po\u010detna stranica\",\"item\":\"https:\\\/\\\/www.petroni.hr\\\/en\\\/\"},{\"@type\":\"ListItem\",\"position\":2,\"name\":\"Shop\",\"item\":\"https:\\\/\\\/www.petroni.hr\\\/en\\\/shop\\\/\"},{\"@type\":\"ListItem\",\"position\":3,\"name\":\"Stepenice Bermuda 2 gazi\u0161ta &#8211; srebrene\"}]},{\"@type\":\"WebSite\",\"@id\":\"https:\\\/\\\/www.petroni.hr\\\/en\\\/#website\",\"url\":\"https:\\\/\\\/www.petroni.hr\\\/en\\\/\",\"name\":\"Petroni.hr\",\"description\":\"Experience the unprecedented freedom of travel\",\"publisher\":{\"@id\":\"https:\\\/\\\/www.petroni.hr\\\/en\\\/#organization\"},\"alternateName\":\"Petroni\",\"potentialAction\":[{\"@type\":\"SearchAction\",\"target\":{\"@type\":\"EntryPoint\",\"urlTemplate\":\"https:\\\/\\\/www.petroni.hr\\\/en\\\/?s={search_term_string}\"},\"query-input\":{\"@type\":\"PropertyValueSpecification\",\"valueRequired\":true,\"valueName\":\"search_term_string\"}}],\"inLanguage\":\"en-US\"},{\"@type\":\"Organization\",\"@id\":\"https:\\\/\\\/www.petroni.hr\\\/en\\\/#organization\",\"name\":\"Petroni d.o.o.\",\"alternateName\":\"Petroni\",\"url\":\"https:\\\/\\\/www.petroni.hr\\\/en\\\/\",\"logo\":{\"@type\":\"ImageObject\",\"inLanguage\":\"en-US\",\"@id\":\"https:\\\/\\\/www.petroni.hr\\\/en\\\/#\\\/schema\\\/logo\\\/image\\\/\",\"url\":\"https:\\\/\\\/www.petroni.hr\\\/wp-content\\\/uploads\\\/2024\\\/03\\\/cropped-Group-3.jpg\",\"contentUrl\":\"https:\\\/\\\/www.petroni.hr\\\/wp-content\\\/uploads\\\/2024\\\/03\\\/cropped-Group-3.jpg\",\"width\":512,\"height\":512,\"caption\":\"Petroni d.o.o.\"},\"image\":{\"@id\":\"https:\\\/\\\/www.petroni.hr\\\/en\\\/#\\\/schema\\\/logo\\\/image\\\/\"},\"sameAs\":[\"https:\\\/\\\/www.facebook.com\\\/Kamperi.Petroni.Sesvete\\\/?locale=hr_HR\"]}]}<\/script>\n<!-- \/ Yoast SEO plugin. -->","yoast_head_json":{"title":"Stepenice Bermuda 2 gazi\u0161ta - srebrene | Petroni - rent | sale | service | conversions","robots":{"index":"index","follow":"follow","max-snippet":"max-snippet:-1","max-image-preview":"max-image-preview:large","max-video-preview":"max-video-preview:-1"},"canonical":"https:\/\/www.petroni.hr\/en\/proizvod\/stepenice-bermuda-2-gazista-srebrene\/","og_locale":"en_US","og_type":"article","og_title":"Stepenice Bermuda 2 gazi\u0161ta - srebrene | Petroni - rent | sale | service | conversions","og_description":"Bermuda dvostruke \u010deli\u010dne stepenice su neophodne za svakoga tko u\u017eiva u kampiranju. Evo nekih od njihovih klju\u010dnih zna\u010dajki: \u010cvrste &#8211; izra\u0111ene od izdr\u017eljivog \u010delika Prakti\u010dne &#8211; dvostruke stepenice za jednostavan pristup Sigurne &#8211; pru\u017eaju stabilnu potporu Kompaktne &#8211; zauzimaju malo prostora Svestrane &#8211; pogodne za kamp prikolice, kampere i brodove S dimenzijama 424 x 634 [&hellip;]","og_url":"https:\/\/www.petroni.hr\/en\/proizvod\/stepenice-bermuda-2-gazista-srebrene\/","og_site_name":"Petroni - rent | sale | service | conversions","article_publisher":"https:\/\/www.facebook.com\/Kamperi.Petroni.Sesvete\/?locale=hr_HR","article_modified_time":"2025-09-07T05:35:58+00:00","og_image":[{"width":800,"height":533,"url":"https:\/\/www.petroni.hr\/wp-content\/uploads\/2025\/09\/stepenica-ulazna-dva-gazista-5.jpg","type":"image\/jpeg"}],"twitter_card":"summary_large_image","twitter_misc":{"Est. reading time":"1 minute"},"schema":{"@context":"https:\/\/schema.org","@graph":[{"@type":"WebPage","@id":"https:\/\/www.petroni.hr\/en\/proizvod\/stepenice-bermuda-2-gazista-srebrene\/","url":"https:\/\/www.petroni.hr\/en\/proizvod\/stepenice-bermuda-2-gazista-srebrene\/","name":"Stepenice Bermuda 2 gazi\u0161ta - srebrene | Petroni - rent | sale | service | conversions","isPartOf":{"@id":"https:\/\/www.petroni.hr\/en\/#website"},"primaryImageOfPage":{"@id":"https:\/\/www.petroni.hr\/en\/proizvod\/stepenice-bermuda-2-gazista-srebrene\/#primaryimage"},"image":{"@id":"https:\/\/www.petroni.hr\/en\/proizvod\/stepenice-bermuda-2-gazista-srebrene\/#primaryimage"},"thumbnailUrl":"https:\/\/www.petroni.hr\/wp-content\/uploads\/2025\/09\/stepenica-ulazna-dva-gazista-5.jpg","datePublished":"2025-09-07T05:35:57+00:00","dateModified":"2025-09-07T05:35:58+00:00","breadcrumb":{"@id":"https:\/\/www.petroni.hr\/en\/proizvod\/stepenice-bermuda-2-gazista-srebrene\/#breadcrumb"},"inLanguage":"en-US","potentialAction":[{"@type":"ReadAction","target":["https:\/\/www.petroni.hr\/en\/proizvod\/stepenice-bermuda-2-gazista-srebrene\/"]}]},{"@type":"ImageObject","inLanguage":"en-US","@id":"https:\/\/www.petroni.hr\/en\/proizvod\/stepenice-bermuda-2-gazista-srebrene\/#primaryimage","url":"https:\/\/www.petroni.hr\/wp-content\/uploads\/2025\/09\/stepenica-ulazna-dva-gazista-5.jpg","contentUrl":"https:\/\/www.petroni.hr\/wp-content\/uploads\/2025\/09\/stepenica-ulazna-dva-gazista-5.jpg","width":800,"height":533},{"@type":"BreadcrumbList","@id":"https:\/\/www.petroni.hr\/en\/proizvod\/stepenice-bermuda-2-gazista-srebrene\/#breadcrumb","itemListElement":[{"@type":"ListItem","position":1,"name":"Po\u010detna stranica","item":"https:\/\/www.petroni.hr\/en\/"},{"@type":"ListItem","position":2,"name":"Shop","item":"https:\/\/www.petroni.hr\/en\/shop\/"},{"@type":"ListItem","position":3,"name":"Stepenice Bermuda 2 gazi\u0161ta &#8211; srebrene"}]},{"@type":"WebSite","@id":"https:\/\/www.petroni.hr\/en\/#website","url":"https:\/\/www.petroni.hr\/en\/","name":"Petroni.hr","description":"Experience the unprecedented freedom of travel","publisher":{"@id":"https:\/\/www.petroni.hr\/en\/#organization"},"alternateName":"Petroni","potentialAction":[{"@type":"SearchAction","target":{"@type":"EntryPoint","urlTemplate":"https:\/\/www.petroni.hr\/en\/?s={search_term_string}"},"query-input":{"@type":"PropertyValueSpecification","valueRequired":true,"valueName":"search_term_string"}}],"inLanguage":"en-US"},{"@type":"Organization","@id":"https:\/\/www.petroni.hr\/en\/#organization","name":"Petroni d.o.o.","alternateName":"Petroni","url":"https:\/\/www.petroni.hr\/en\/","logo":{"@type":"ImageObject","inLanguage":"en-US","@id":"https:\/\/www.petroni.hr\/en\/#\/schema\/logo\/image\/","url":"https:\/\/www.petroni.hr\/wp-content\/uploads\/2024\/03\/cropped-Group-3.jpg","contentUrl":"https:\/\/www.petroni.hr\/wp-content\/uploads\/2024\/03\/cropped-Group-3.jpg","width":512,"height":512,"caption":"Petroni d.o.o."},"image":{"@id":"https:\/\/www.petroni.hr\/en\/#\/schema\/logo\/image\/"},"sameAs":["https:\/\/www.facebook.com\/Kamperi.Petroni.Sesvete\/?locale=hr_HR"]}]}},"_links":{"self":[{"href":"https:\/\/www.petroni.hr\/en\/wp-json\/wp\/v2\/product\/24895","targetHints":{"allow":["GET"]}}],"collection":[{"href":"https:\/\/www.petroni.hr\/en\/wp-json\/wp\/v2\/product"}],"about":[{"href":"https:\/\/www.petroni.hr\/en\/wp-json\/wp\/v2\/types\/product"}],"replies":[{"embeddable":true,"href":"https:\/\/www.petroni.hr\/en\/wp-json\/wp\/v2\/comments?post=24895"}],"wp:featuredmedia":[{"embeddable":true,"href":"https:\/\/www.petroni.hr\/en\/wp-json\/wp\/v2\/media\/24896"}],"wp:attachment":[{"href":"https:\/\/www.petroni.hr\/en\/wp-json\/wp\/v2\/media?parent=24895"}],"wp:term":[{"taxonomy":"product_brand","embeddable":true,"href":"https:\/\/www.petroni.hr\/en\/wp-json\/wp\/v2\/product_brand?post=24895"},{"taxonomy":"product_cat","embeddable":true,"href":"https:\/\/www.petroni.hr\/en\/wp-json\/wp\/v2\/product_cat?post=24895"},{"taxonomy":"product_tag","embeddable":true,"href":"https:\/\/www.petroni.hr\/en\/wp-json\/wp\/v2\/product_tag?post=24895"}],"curies":[{"name":"wp","href":"https:\/\/api.w.org\/{rel}","templated":true}]}}