{"id":24867,"date":"2025-09-02T05:26:10","date_gmt":"2025-09-02T04:26:10","guid":{"rendered":"https:\/\/www.petroni.hr\/?post_type=product&#038;p=24867"},"modified":"2025-09-02T05:26:48","modified_gmt":"2025-09-02T04:26:48","slug":"svjetlo-stropno-led-ossosona-touch","status":"publish","type":"product","link":"https:\/\/www.petroni.hr\/en\/proizvod\/svjetlo-stropno-led-ossosona-touch\/","title":{"rendered":"Svjetlo stropno LED Ossona &#8211; touch"},"content":{"rendered":"<p>Luksuzna stropna svjetiljka Ossona s dodirnim prekida\u010dem spaja funkcionalnost i stil:<\/p>\n<p>Atmosferska rasvjeta &#8211; Pobolj\u0161ava atmosferu va\u0161eg prostora.<br \/>\nUpravljanje dodirom &#8211; Birajte izme\u0111u tri postavke svjetline.<br \/>\nJednostavna instalacija &#8211; Dizajnirano za povr\u0161insku monta\u017eu.<br \/>\nEnergetski u\u010dinkovito &#8211; Tro\u0161i samo 6,7 W energije.<br \/>\nPrigu\u0161ljivo &#8211; Prilagodite svjetlo svojim \u017eeljama.<br \/>\nOsvijetlite svoju kamp-ku\u0107icu, kamper ili brod luksuznom stropnom svjetiljkom Ossona s dodirnim prekida\u010dem. Ova stropna svjetiljka ima LED \u017earulje koje pru\u017eaju svijetlo i energetski u\u010dinkovito rje\u0161enje osvjetljenja. S tri postavke svjetline, mo\u017eete jednostavno prilagoditi svjetlo svojim potrebama. Bilo da vam je potrebna puna svjetlina za \u010ditanje ili mek\u0161e svjetlo za opu\u0161tanje, ova stropna svjetiljka \u0107e vam pomo\u0107i. Dodirni prekida\u010d olak\u0161ava upravljanje postavkama svjetla. Osim toga, elegantna kromirana zavr\u0161na obrada dodaje da\u0161ak luksuza va\u0161em prostoru.<\/p>\n<p>&nbsp;<\/p>\n","protected":false},"excerpt":{"rendered":"<p>Luksuzna stropna svjetiljka Ossona s dodirnim prekida\u010dem spaja funkcionalnost i stil: Atmosferska rasvjeta &#8211; Pobolj\u0161ava atmosferu va\u0161eg prostora. Upravljanje dodirom &#8211; Birajte izme\u0111u tri postavke svjetline. Jednostavna instalacija &#8211; Dizajnirano za povr\u0161insku monta\u017eu. Energetski u\u010dinkovito &#8211; Tro\u0161i samo 6,7 W energije. Prigu\u0161ljivo &#8211; Prilagodite svjetlo svojim \u017eeljama. Osvijetlite svoju kamp-ku\u0107icu, kamper ili brod luksuznom stropnom [&hellip;]<\/p>\n","protected":false},"featured_media":24870,"comment_status":"open","ping_status":"closed","template":"","meta":{"_acf_changed":false,"_themeisle_gutenberg_block_has_review":false},"product_brand":[],"product_cat":[213,236],"product_tag":[],"class_list":{"0":"post-24867","1":"product","2":"type-product","3":"status-publish","4":"has-post-thumbnail","6":"product_cat-electrical","7":"product_cat-rasvjeta-2","9":"first","10":"instock","11":"shipping-taxable","12":"purchasable","13":"product-type-simple"},"acf":[],"yoast_head":"<!-- This site is optimized with the Yoast SEO plugin v27.5 - https:\/\/yoast.com\/product\/yoast-seo-wordpress\/ -->\n<title>Svjetlo stropno LED Ossona - touch | Petroni - rent | sale | service | conversions<\/title>\n<meta name=\"robots\" content=\"index, follow, max-snippet:-1, max-image-preview:large, max-video-preview:-1\" \/>\n<link rel=\"canonical\" href=\"https:\/\/www.petroni.hr\/en\/proizvod\/svjetlo-stropno-led-ossosona-touch\/\" \/>\n<meta property=\"og:locale\" content=\"en_US\" \/>\n<meta property=\"og:type\" content=\"article\" \/>\n<meta property=\"og:title\" content=\"Svjetlo stropno LED Ossona - touch | Petroni - rent | sale | service | conversions\" \/>\n<meta property=\"og:description\" content=\"Luksuzna stropna svjetiljka Ossona s dodirnim prekida\u010dem spaja funkcionalnost i stil: Atmosferska rasvjeta &#8211; Pobolj\u0161ava atmosferu va\u0161eg prostora. Upravljanje dodirom &#8211; Birajte izme\u0111u tri postavke svjetline. Jednostavna instalacija &#8211; Dizajnirano za povr\u0161insku monta\u017eu. Energetski u\u010dinkovito &#8211; Tro\u0161i samo 6,7 W energije. Prigu\u0161ljivo &#8211; Prilagodite svjetlo svojim \u017eeljama. Osvijetlite svoju kamp-ku\u0107icu, kamper ili brod luksuznom stropnom [&hellip;]\" \/>\n<meta property=\"og:url\" content=\"https:\/\/www.petroni.hr\/en\/proizvod\/svjetlo-stropno-led-ossosona-touch\/\" \/>\n<meta property=\"og:site_name\" content=\"Petroni - rent | sale | service | conversions\" \/>\n<meta property=\"article:publisher\" content=\"https:\/\/www.facebook.com\/Kamperi.Petroni.Sesvete\/?locale=hr_HR\" \/>\n<meta property=\"article:modified_time\" content=\"2025-09-02T04:26:48+00:00\" \/>\n<meta property=\"og:image\" content=\"https:\/\/www.petroni.hr\/wp-content\/uploads\/2025\/09\/svjetlo-stropno-LED-12v-1.jpg\" \/>\n\t<meta property=\"og:image:width\" content=\"700\" \/>\n\t<meta property=\"og:image:height\" content=\"525\" \/>\n\t<meta property=\"og:image:type\" content=\"image\/jpeg\" \/>\n<meta name=\"twitter:card\" content=\"summary_large_image\" \/>\n<meta name=\"twitter:label1\" content=\"Est. reading time\" \/>\n\t<meta name=\"twitter:data1\" content=\"1 minute\" \/>\n<script type=\"application\/ld+json\" class=\"yoast-schema-graph\">{\"@context\":\"https:\\\/\\\/schema.org\",\"@graph\":[{\"@type\":\"WebPage\",\"@id\":\"https:\\\/\\\/www.petroni.hr\\\/en\\\/proizvod\\\/svjetlo-stropno-led-ossosona-touch\\\/\",\"url\":\"https:\\\/\\\/www.petroni.hr\\\/en\\\/proizvod\\\/svjetlo-stropno-led-ossosona-touch\\\/\",\"name\":\"Svjetlo stropno LED Ossona - touch | Petroni - rent | sale | service | conversions\",\"isPartOf\":{\"@id\":\"https:\\\/\\\/www.petroni.hr\\\/en\\\/#website\"},\"primaryImageOfPage\":{\"@id\":\"https:\\\/\\\/www.petroni.hr\\\/en\\\/proizvod\\\/svjetlo-stropno-led-ossosona-touch\\\/#primaryimage\"},\"image\":{\"@id\":\"https:\\\/\\\/www.petroni.hr\\\/en\\\/proizvod\\\/svjetlo-stropno-led-ossosona-touch\\\/#primaryimage\"},\"thumbnailUrl\":\"https:\\\/\\\/www.petroni.hr\\\/wp-content\\\/uploads\\\/2025\\\/09\\\/svjetlo-stropno-LED-12v-1.jpg\",\"datePublished\":\"2025-09-02T04:26:10+00:00\",\"dateModified\":\"2025-09-02T04:26:48+00:00\",\"breadcrumb\":{\"@id\":\"https:\\\/\\\/www.petroni.hr\\\/en\\\/proizvod\\\/svjetlo-stropno-led-ossosona-touch\\\/#breadcrumb\"},\"inLanguage\":\"en-US\",\"potentialAction\":[{\"@type\":\"ReadAction\",\"target\":[\"https:\\\/\\\/www.petroni.hr\\\/en\\\/proizvod\\\/svjetlo-stropno-led-ossosona-touch\\\/\"]}]},{\"@type\":\"ImageObject\",\"inLanguage\":\"en-US\",\"@id\":\"https:\\\/\\\/www.petroni.hr\\\/en\\\/proizvod\\\/svjetlo-stropno-led-ossosona-touch\\\/#primaryimage\",\"url\":\"https:\\\/\\\/www.petroni.hr\\\/wp-content\\\/uploads\\\/2025\\\/09\\\/svjetlo-stropno-LED-12v-1.jpg\",\"contentUrl\":\"https:\\\/\\\/www.petroni.hr\\\/wp-content\\\/uploads\\\/2025\\\/09\\\/svjetlo-stropno-LED-12v-1.jpg\",\"width\":700,\"height\":525},{\"@type\":\"BreadcrumbList\",\"@id\":\"https:\\\/\\\/www.petroni.hr\\\/en\\\/proizvod\\\/svjetlo-stropno-led-ossosona-touch\\\/#breadcrumb\",\"itemListElement\":[{\"@type\":\"ListItem\",\"position\":1,\"name\":\"Po\u010detna stranica\",\"item\":\"https:\\\/\\\/www.petroni.hr\\\/en\\\/\"},{\"@type\":\"ListItem\",\"position\":2,\"name\":\"Shop\",\"item\":\"https:\\\/\\\/www.petroni.hr\\\/en\\\/shop\\\/\"},{\"@type\":\"ListItem\",\"position\":3,\"name\":\"Svjetlo stropno LED Ossona &#8211; touch\"}]},{\"@type\":\"WebSite\",\"@id\":\"https:\\\/\\\/www.petroni.hr\\\/en\\\/#website\",\"url\":\"https:\\\/\\\/www.petroni.hr\\\/en\\\/\",\"name\":\"Petroni.hr\",\"description\":\"Experience the unprecedented freedom of travel\",\"publisher\":{\"@id\":\"https:\\\/\\\/www.petroni.hr\\\/en\\\/#organization\"},\"alternateName\":\"Petroni\",\"potentialAction\":[{\"@type\":\"SearchAction\",\"target\":{\"@type\":\"EntryPoint\",\"urlTemplate\":\"https:\\\/\\\/www.petroni.hr\\\/en\\\/?s={search_term_string}\"},\"query-input\":{\"@type\":\"PropertyValueSpecification\",\"valueRequired\":true,\"valueName\":\"search_term_string\"}}],\"inLanguage\":\"en-US\"},{\"@type\":\"Organization\",\"@id\":\"https:\\\/\\\/www.petroni.hr\\\/en\\\/#organization\",\"name\":\"Petroni d.o.o.\",\"alternateName\":\"Petroni\",\"url\":\"https:\\\/\\\/www.petroni.hr\\\/en\\\/\",\"logo\":{\"@type\":\"ImageObject\",\"inLanguage\":\"en-US\",\"@id\":\"https:\\\/\\\/www.petroni.hr\\\/en\\\/#\\\/schema\\\/logo\\\/image\\\/\",\"url\":\"https:\\\/\\\/www.petroni.hr\\\/wp-content\\\/uploads\\\/2024\\\/03\\\/cropped-Group-3.jpg\",\"contentUrl\":\"https:\\\/\\\/www.petroni.hr\\\/wp-content\\\/uploads\\\/2024\\\/03\\\/cropped-Group-3.jpg\",\"width\":512,\"height\":512,\"caption\":\"Petroni d.o.o.\"},\"image\":{\"@id\":\"https:\\\/\\\/www.petroni.hr\\\/en\\\/#\\\/schema\\\/logo\\\/image\\\/\"},\"sameAs\":[\"https:\\\/\\\/www.facebook.com\\\/Kamperi.Petroni.Sesvete\\\/?locale=hr_HR\"]}]}<\/script>\n<!-- \/ Yoast SEO plugin. -->","yoast_head_json":{"title":"Svjetlo stropno LED Ossona - touch | Petroni - rent | sale | service | conversions","robots":{"index":"index","follow":"follow","max-snippet":"max-snippet:-1","max-image-preview":"max-image-preview:large","max-video-preview":"max-video-preview:-1"},"canonical":"https:\/\/www.petroni.hr\/en\/proizvod\/svjetlo-stropno-led-ossosona-touch\/","og_locale":"en_US","og_type":"article","og_title":"Svjetlo stropno LED Ossona - touch | Petroni - rent | sale | service | conversions","og_description":"Luksuzna stropna svjetiljka Ossona s dodirnim prekida\u010dem spaja funkcionalnost i stil: Atmosferska rasvjeta &#8211; Pobolj\u0161ava atmosferu va\u0161eg prostora. Upravljanje dodirom &#8211; Birajte izme\u0111u tri postavke svjetline. Jednostavna instalacija &#8211; Dizajnirano za povr\u0161insku monta\u017eu. Energetski u\u010dinkovito &#8211; Tro\u0161i samo 6,7 W energije. Prigu\u0161ljivo &#8211; Prilagodite svjetlo svojim \u017eeljama. Osvijetlite svoju kamp-ku\u0107icu, kamper ili brod luksuznom stropnom [&hellip;]","og_url":"https:\/\/www.petroni.hr\/en\/proizvod\/svjetlo-stropno-led-ossosona-touch\/","og_site_name":"Petroni - rent | sale | service | conversions","article_publisher":"https:\/\/www.facebook.com\/Kamperi.Petroni.Sesvete\/?locale=hr_HR","article_modified_time":"2025-09-02T04:26:48+00:00","og_image":[{"width":700,"height":525,"url":"https:\/\/www.petroni.hr\/wp-content\/uploads\/2025\/09\/svjetlo-stropno-LED-12v-1.jpg","type":"image\/jpeg"}],"twitter_card":"summary_large_image","twitter_misc":{"Est. reading time":"1 minute"},"schema":{"@context":"https:\/\/schema.org","@graph":[{"@type":"WebPage","@id":"https:\/\/www.petroni.hr\/en\/proizvod\/svjetlo-stropno-led-ossosona-touch\/","url":"https:\/\/www.petroni.hr\/en\/proizvod\/svjetlo-stropno-led-ossosona-touch\/","name":"Svjetlo stropno LED Ossona - touch | Petroni - rent | sale | service | conversions","isPartOf":{"@id":"https:\/\/www.petroni.hr\/en\/#website"},"primaryImageOfPage":{"@id":"https:\/\/www.petroni.hr\/en\/proizvod\/svjetlo-stropno-led-ossosona-touch\/#primaryimage"},"image":{"@id":"https:\/\/www.petroni.hr\/en\/proizvod\/svjetlo-stropno-led-ossosona-touch\/#primaryimage"},"thumbnailUrl":"https:\/\/www.petroni.hr\/wp-content\/uploads\/2025\/09\/svjetlo-stropno-LED-12v-1.jpg","datePublished":"2025-09-02T04:26:10+00:00","dateModified":"2025-09-02T04:26:48+00:00","breadcrumb":{"@id":"https:\/\/www.petroni.hr\/en\/proizvod\/svjetlo-stropno-led-ossosona-touch\/#breadcrumb"},"inLanguage":"en-US","potentialAction":[{"@type":"ReadAction","target":["https:\/\/www.petroni.hr\/en\/proizvod\/svjetlo-stropno-led-ossosona-touch\/"]}]},{"@type":"ImageObject","inLanguage":"en-US","@id":"https:\/\/www.petroni.hr\/en\/proizvod\/svjetlo-stropno-led-ossosona-touch\/#primaryimage","url":"https:\/\/www.petroni.hr\/wp-content\/uploads\/2025\/09\/svjetlo-stropno-LED-12v-1.jpg","contentUrl":"https:\/\/www.petroni.hr\/wp-content\/uploads\/2025\/09\/svjetlo-stropno-LED-12v-1.jpg","width":700,"height":525},{"@type":"BreadcrumbList","@id":"https:\/\/www.petroni.hr\/en\/proizvod\/svjetlo-stropno-led-ossosona-touch\/#breadcrumb","itemListElement":[{"@type":"ListItem","position":1,"name":"Po\u010detna stranica","item":"https:\/\/www.petroni.hr\/en\/"},{"@type":"ListItem","position":2,"name":"Shop","item":"https:\/\/www.petroni.hr\/en\/shop\/"},{"@type":"ListItem","position":3,"name":"Svjetlo stropno LED Ossona &#8211; touch"}]},{"@type":"WebSite","@id":"https:\/\/www.petroni.hr\/en\/#website","url":"https:\/\/www.petroni.hr\/en\/","name":"Petroni.hr","description":"Experience the unprecedented freedom of travel","publisher":{"@id":"https:\/\/www.petroni.hr\/en\/#organization"},"alternateName":"Petroni","potentialAction":[{"@type":"SearchAction","target":{"@type":"EntryPoint","urlTemplate":"https:\/\/www.petroni.hr\/en\/?s={search_term_string}"},"query-input":{"@type":"PropertyValueSpecification","valueRequired":true,"valueName":"search_term_string"}}],"inLanguage":"en-US"},{"@type":"Organization","@id":"https:\/\/www.petroni.hr\/en\/#organization","name":"Petroni d.o.o.","alternateName":"Petroni","url":"https:\/\/www.petroni.hr\/en\/","logo":{"@type":"ImageObject","inLanguage":"en-US","@id":"https:\/\/www.petroni.hr\/en\/#\/schema\/logo\/image\/","url":"https:\/\/www.petroni.hr\/wp-content\/uploads\/2024\/03\/cropped-Group-3.jpg","contentUrl":"https:\/\/www.petroni.hr\/wp-content\/uploads\/2024\/03\/cropped-Group-3.jpg","width":512,"height":512,"caption":"Petroni d.o.o."},"image":{"@id":"https:\/\/www.petroni.hr\/en\/#\/schema\/logo\/image\/"},"sameAs":["https:\/\/www.facebook.com\/Kamperi.Petroni.Sesvete\/?locale=hr_HR"]}]}},"_links":{"self":[{"href":"https:\/\/www.petroni.hr\/en\/wp-json\/wp\/v2\/product\/24867","targetHints":{"allow":["GET"]}}],"collection":[{"href":"https:\/\/www.petroni.hr\/en\/wp-json\/wp\/v2\/product"}],"about":[{"href":"https:\/\/www.petroni.hr\/en\/wp-json\/wp\/v2\/types\/product"}],"replies":[{"embeddable":true,"href":"https:\/\/www.petroni.hr\/en\/wp-json\/wp\/v2\/comments?post=24867"}],"wp:featuredmedia":[{"embeddable":true,"href":"https:\/\/www.petroni.hr\/en\/wp-json\/wp\/v2\/media\/24870"}],"wp:attachment":[{"href":"https:\/\/www.petroni.hr\/en\/wp-json\/wp\/v2\/media?parent=24867"}],"wp:term":[{"taxonomy":"product_brand","embeddable":true,"href":"https:\/\/www.petroni.hr\/en\/wp-json\/wp\/v2\/product_brand?post=24867"},{"taxonomy":"product_cat","embeddable":true,"href":"https:\/\/www.petroni.hr\/en\/wp-json\/wp\/v2\/product_cat?post=24867"},{"taxonomy":"product_tag","embeddable":true,"href":"https:\/\/www.petroni.hr\/en\/wp-json\/wp\/v2\/product_tag?post=24867"}],"curies":[{"name":"wp","href":"https:\/\/api.w.org\/{rel}","templated":true}]}}