{"id":24852,"date":"2025-09-01T06:05:51","date_gmt":"2025-09-01T05:05:51","guid":{"rendered":"https:\/\/www.petroni.hr\/?post_type=product&#038;p=24852"},"modified":"2025-09-01T06:05:52","modified_gmt":"2025-09-01T05:05:52","slug":"vjesalica-sklopiva-zidna-3-kuke","status":"publish","type":"product","link":"https:\/\/www.petroni.hr\/en\/proizvod\/vjesalica-sklopiva-zidna-3-kuke\/","title":{"rendered":"Vje\u0161alica sklopiva zidna &#8211; 3 kuke"},"content":{"rendered":"<p>Marcourt sklopive zidne kuke nude vi\u0161e funkcija i prednosti:<\/p>\n<p>U\u0161teda prostora &#8211; idealne za kompaktne prostore u karavanima, kamperima i brodovima<br \/>\nPrakti\u010dne &#8211; savr\u0161ene za vje\u0161anje kaputa, torbi i drugih predmeta<br \/>\nSklopive &#8211; preklapaju se kada se ne koriste<br \/>\nIzdr\u017eljive &#8211; napravljene da izdr\u017ee napore putovanja<br \/>\nJednostavne za ugradnju &#8211; jednostavno postavljanje s minimalnim potrebnim alatima<br \/>\nMaksimalno iskoristite svoj prostor u pokretu uz Marcourt sklopive zidne kuke. Ove prakti\u010dne i \u010dvrste kuke savr\u0161ene su za vje\u0161anje kaputa, torbi i drugih predmeta, poma\u017eu\u0107i vam da va\u0161a kamp ku\u0107ica, kamper ili brod budu uredni. Kuke se sklapaju kada se ne koriste, \u0161to ih \u010dini rje\u0161enjem za u\u0161tedu prostora za kompaktne \u017eivotne prostore. S izdr\u017eljivim dizajnom i jednostavnom ugradnjom, ove kuke prakti\u010dan su dodatak svakoj mobilnoj ku\u0107ici ili brodu.<\/p>\n<p>&nbsp;<\/p>\n","protected":false},"excerpt":{"rendered":"<p>Marcourt sklopive zidne kuke nude vi\u0161e funkcija i prednosti: U\u0161teda prostora &#8211; idealne za kompaktne prostore u karavanima, kamperima i brodovima Prakti\u010dne &#8211; savr\u0161ene za vje\u0161anje kaputa, torbi i drugih predmeta Sklopive &#8211; preklapaju se kada se ne koriste Izdr\u017eljive &#8211; napravljene da izdr\u017ee napore putovanja Jednostavne za ugradnju &#8211; jednostavno postavljanje s minimalnim potrebnim [&hellip;]<\/p>\n","protected":false},"featured_media":24853,"comment_status":"open","ping_status":"closed","template":"","meta":{"_acf_changed":false,"_themeisle_gutenberg_block_has_review":false},"product_brand":[],"product_cat":[207],"product_tag":[],"class_list":{"0":"post-24852","1":"product","2":"type-product","3":"status-publish","4":"has-post-thumbnail","6":"product_cat-camping-furniture","8":"first","9":"instock","10":"shipping-taxable","11":"purchasable","12":"product-type-simple"},"acf":[],"yoast_head":"<!-- This site is optimized with the Yoast SEO plugin v27.4 - https:\/\/yoast.com\/product\/yoast-seo-wordpress\/ -->\n<title>Vje\u0161alica sklopiva zidna - 3 kuke | Petroni - rent | sale | service | conversions<\/title>\n<meta name=\"robots\" content=\"index, follow, max-snippet:-1, max-image-preview:large, max-video-preview:-1\" \/>\n<link rel=\"canonical\" href=\"https:\/\/www.petroni.hr\/en\/proizvod\/vjesalica-sklopiva-zidna-3-kuke\/\" \/>\n<meta property=\"og:locale\" content=\"en_US\" \/>\n<meta property=\"og:type\" content=\"article\" \/>\n<meta property=\"og:title\" content=\"Vje\u0161alica sklopiva zidna - 3 kuke | Petroni - rent | sale | service | conversions\" \/>\n<meta property=\"og:description\" content=\"Marcourt sklopive zidne kuke nude vi\u0161e funkcija i prednosti: U\u0161teda prostora &#8211; idealne za kompaktne prostore u karavanima, kamperima i brodovima Prakti\u010dne &#8211; savr\u0161ene za vje\u0161anje kaputa, torbi i drugih predmeta Sklopive &#8211; preklapaju se kada se ne koriste Izdr\u017eljive &#8211; napravljene da izdr\u017ee napore putovanja Jednostavne za ugradnju &#8211; jednostavno postavljanje s minimalnim potrebnim [&hellip;]\" \/>\n<meta property=\"og:url\" content=\"https:\/\/www.petroni.hr\/en\/proizvod\/vjesalica-sklopiva-zidna-3-kuke\/\" \/>\n<meta property=\"og:site_name\" content=\"Petroni - rent | sale | service | conversions\" \/>\n<meta property=\"article:publisher\" content=\"https:\/\/www.facebook.com\/Kamperi.Petroni.Sesvete\/?locale=hr_HR\" \/>\n<meta property=\"article:modified_time\" content=\"2025-09-01T05:05:52+00:00\" \/>\n<meta property=\"og:image\" content=\"https:\/\/www.petroni.hr\/wp-content\/uploads\/2025\/09\/vjesalica-sklopiva-zidna-1.jpg\" \/>\n\t<meta property=\"og:image:width\" content=\"550\" \/>\n\t<meta property=\"og:image:height\" content=\"550\" \/>\n\t<meta property=\"og:image:type\" content=\"image\/jpeg\" \/>\n<meta name=\"twitter:card\" content=\"summary_large_image\" \/>\n<meta name=\"twitter:label1\" content=\"Est. reading time\" \/>\n\t<meta name=\"twitter:data1\" content=\"1 minute\" \/>\n<script type=\"application\/ld+json\" class=\"yoast-schema-graph\">{\"@context\":\"https:\\\/\\\/schema.org\",\"@graph\":[{\"@type\":\"WebPage\",\"@id\":\"https:\\\/\\\/www.petroni.hr\\\/en\\\/proizvod\\\/vjesalica-sklopiva-zidna-3-kuke\\\/\",\"url\":\"https:\\\/\\\/www.petroni.hr\\\/en\\\/proizvod\\\/vjesalica-sklopiva-zidna-3-kuke\\\/\",\"name\":\"Vje\u0161alica sklopiva zidna - 3 kuke | Petroni - rent | sale | service | conversions\",\"isPartOf\":{\"@id\":\"https:\\\/\\\/www.petroni.hr\\\/en\\\/#website\"},\"primaryImageOfPage\":{\"@id\":\"https:\\\/\\\/www.petroni.hr\\\/en\\\/proizvod\\\/vjesalica-sklopiva-zidna-3-kuke\\\/#primaryimage\"},\"image\":{\"@id\":\"https:\\\/\\\/www.petroni.hr\\\/en\\\/proizvod\\\/vjesalica-sklopiva-zidna-3-kuke\\\/#primaryimage\"},\"thumbnailUrl\":\"https:\\\/\\\/www.petroni.hr\\\/wp-content\\\/uploads\\\/2025\\\/09\\\/vjesalica-sklopiva-zidna-1.jpg\",\"datePublished\":\"2025-09-01T05:05:51+00:00\",\"dateModified\":\"2025-09-01T05:05:52+00:00\",\"breadcrumb\":{\"@id\":\"https:\\\/\\\/www.petroni.hr\\\/en\\\/proizvod\\\/vjesalica-sklopiva-zidna-3-kuke\\\/#breadcrumb\"},\"inLanguage\":\"en-US\",\"potentialAction\":[{\"@type\":\"ReadAction\",\"target\":[\"https:\\\/\\\/www.petroni.hr\\\/en\\\/proizvod\\\/vjesalica-sklopiva-zidna-3-kuke\\\/\"]}]},{\"@type\":\"ImageObject\",\"inLanguage\":\"en-US\",\"@id\":\"https:\\\/\\\/www.petroni.hr\\\/en\\\/proizvod\\\/vjesalica-sklopiva-zidna-3-kuke\\\/#primaryimage\",\"url\":\"https:\\\/\\\/www.petroni.hr\\\/wp-content\\\/uploads\\\/2025\\\/09\\\/vjesalica-sklopiva-zidna-1.jpg\",\"contentUrl\":\"https:\\\/\\\/www.petroni.hr\\\/wp-content\\\/uploads\\\/2025\\\/09\\\/vjesalica-sklopiva-zidna-1.jpg\",\"width\":550,\"height\":550},{\"@type\":\"BreadcrumbList\",\"@id\":\"https:\\\/\\\/www.petroni.hr\\\/en\\\/proizvod\\\/vjesalica-sklopiva-zidna-3-kuke\\\/#breadcrumb\",\"itemListElement\":[{\"@type\":\"ListItem\",\"position\":1,\"name\":\"Po\u010detna stranica\",\"item\":\"https:\\\/\\\/www.petroni.hr\\\/en\\\/\"},{\"@type\":\"ListItem\",\"position\":2,\"name\":\"Shop\",\"item\":\"https:\\\/\\\/www.petroni.hr\\\/en\\\/shop\\\/\"},{\"@type\":\"ListItem\",\"position\":3,\"name\":\"Vje\u0161alica sklopiva zidna &#8211; 3 kuke\"}]},{\"@type\":\"WebSite\",\"@id\":\"https:\\\/\\\/www.petroni.hr\\\/en\\\/#website\",\"url\":\"https:\\\/\\\/www.petroni.hr\\\/en\\\/\",\"name\":\"Petroni.hr\",\"description\":\"Experience the unprecedented freedom of travel\",\"publisher\":{\"@id\":\"https:\\\/\\\/www.petroni.hr\\\/en\\\/#organization\"},\"alternateName\":\"Petroni\",\"potentialAction\":[{\"@type\":\"SearchAction\",\"target\":{\"@type\":\"EntryPoint\",\"urlTemplate\":\"https:\\\/\\\/www.petroni.hr\\\/en\\\/?s={search_term_string}\"},\"query-input\":{\"@type\":\"PropertyValueSpecification\",\"valueRequired\":true,\"valueName\":\"search_term_string\"}}],\"inLanguage\":\"en-US\"},{\"@type\":\"Organization\",\"@id\":\"https:\\\/\\\/www.petroni.hr\\\/en\\\/#organization\",\"name\":\"Petroni d.o.o.\",\"alternateName\":\"Petroni\",\"url\":\"https:\\\/\\\/www.petroni.hr\\\/en\\\/\",\"logo\":{\"@type\":\"ImageObject\",\"inLanguage\":\"en-US\",\"@id\":\"https:\\\/\\\/www.petroni.hr\\\/en\\\/#\\\/schema\\\/logo\\\/image\\\/\",\"url\":\"https:\\\/\\\/www.petroni.hr\\\/wp-content\\\/uploads\\\/2024\\\/03\\\/cropped-Group-3.jpg\",\"contentUrl\":\"https:\\\/\\\/www.petroni.hr\\\/wp-content\\\/uploads\\\/2024\\\/03\\\/cropped-Group-3.jpg\",\"width\":512,\"height\":512,\"caption\":\"Petroni d.o.o.\"},\"image\":{\"@id\":\"https:\\\/\\\/www.petroni.hr\\\/en\\\/#\\\/schema\\\/logo\\\/image\\\/\"},\"sameAs\":[\"https:\\\/\\\/www.facebook.com\\\/Kamperi.Petroni.Sesvete\\\/?locale=hr_HR\"]}]}<\/script>\n<!-- \/ Yoast SEO plugin. -->","yoast_head_json":{"title":"Vje\u0161alica sklopiva zidna - 3 kuke | Petroni - rent | sale | service | conversions","robots":{"index":"index","follow":"follow","max-snippet":"max-snippet:-1","max-image-preview":"max-image-preview:large","max-video-preview":"max-video-preview:-1"},"canonical":"https:\/\/www.petroni.hr\/en\/proizvod\/vjesalica-sklopiva-zidna-3-kuke\/","og_locale":"en_US","og_type":"article","og_title":"Vje\u0161alica sklopiva zidna - 3 kuke | Petroni - rent | sale | service | conversions","og_description":"Marcourt sklopive zidne kuke nude vi\u0161e funkcija i prednosti: U\u0161teda prostora &#8211; idealne za kompaktne prostore u karavanima, kamperima i brodovima Prakti\u010dne &#8211; savr\u0161ene za vje\u0161anje kaputa, torbi i drugih predmeta Sklopive &#8211; preklapaju se kada se ne koriste Izdr\u017eljive &#8211; napravljene da izdr\u017ee napore putovanja Jednostavne za ugradnju &#8211; jednostavno postavljanje s minimalnim potrebnim [&hellip;]","og_url":"https:\/\/www.petroni.hr\/en\/proizvod\/vjesalica-sklopiva-zidna-3-kuke\/","og_site_name":"Petroni - rent | sale | service | conversions","article_publisher":"https:\/\/www.facebook.com\/Kamperi.Petroni.Sesvete\/?locale=hr_HR","article_modified_time":"2025-09-01T05:05:52+00:00","og_image":[{"width":550,"height":550,"url":"https:\/\/www.petroni.hr\/wp-content\/uploads\/2025\/09\/vjesalica-sklopiva-zidna-1.jpg","type":"image\/jpeg"}],"twitter_card":"summary_large_image","twitter_misc":{"Est. reading time":"1 minute"},"schema":{"@context":"https:\/\/schema.org","@graph":[{"@type":"WebPage","@id":"https:\/\/www.petroni.hr\/en\/proizvod\/vjesalica-sklopiva-zidna-3-kuke\/","url":"https:\/\/www.petroni.hr\/en\/proizvod\/vjesalica-sklopiva-zidna-3-kuke\/","name":"Vje\u0161alica sklopiva zidna - 3 kuke | Petroni - rent | sale | service | conversions","isPartOf":{"@id":"https:\/\/www.petroni.hr\/en\/#website"},"primaryImageOfPage":{"@id":"https:\/\/www.petroni.hr\/en\/proizvod\/vjesalica-sklopiva-zidna-3-kuke\/#primaryimage"},"image":{"@id":"https:\/\/www.petroni.hr\/en\/proizvod\/vjesalica-sklopiva-zidna-3-kuke\/#primaryimage"},"thumbnailUrl":"https:\/\/www.petroni.hr\/wp-content\/uploads\/2025\/09\/vjesalica-sklopiva-zidna-1.jpg","datePublished":"2025-09-01T05:05:51+00:00","dateModified":"2025-09-01T05:05:52+00:00","breadcrumb":{"@id":"https:\/\/www.petroni.hr\/en\/proizvod\/vjesalica-sklopiva-zidna-3-kuke\/#breadcrumb"},"inLanguage":"en-US","potentialAction":[{"@type":"ReadAction","target":["https:\/\/www.petroni.hr\/en\/proizvod\/vjesalica-sklopiva-zidna-3-kuke\/"]}]},{"@type":"ImageObject","inLanguage":"en-US","@id":"https:\/\/www.petroni.hr\/en\/proizvod\/vjesalica-sklopiva-zidna-3-kuke\/#primaryimage","url":"https:\/\/www.petroni.hr\/wp-content\/uploads\/2025\/09\/vjesalica-sklopiva-zidna-1.jpg","contentUrl":"https:\/\/www.petroni.hr\/wp-content\/uploads\/2025\/09\/vjesalica-sklopiva-zidna-1.jpg","width":550,"height":550},{"@type":"BreadcrumbList","@id":"https:\/\/www.petroni.hr\/en\/proizvod\/vjesalica-sklopiva-zidna-3-kuke\/#breadcrumb","itemListElement":[{"@type":"ListItem","position":1,"name":"Po\u010detna stranica","item":"https:\/\/www.petroni.hr\/en\/"},{"@type":"ListItem","position":2,"name":"Shop","item":"https:\/\/www.petroni.hr\/en\/shop\/"},{"@type":"ListItem","position":3,"name":"Vje\u0161alica sklopiva zidna &#8211; 3 kuke"}]},{"@type":"WebSite","@id":"https:\/\/www.petroni.hr\/en\/#website","url":"https:\/\/www.petroni.hr\/en\/","name":"Petroni.hr","description":"Experience the unprecedented freedom of travel","publisher":{"@id":"https:\/\/www.petroni.hr\/en\/#organization"},"alternateName":"Petroni","potentialAction":[{"@type":"SearchAction","target":{"@type":"EntryPoint","urlTemplate":"https:\/\/www.petroni.hr\/en\/?s={search_term_string}"},"query-input":{"@type":"PropertyValueSpecification","valueRequired":true,"valueName":"search_term_string"}}],"inLanguage":"en-US"},{"@type":"Organization","@id":"https:\/\/www.petroni.hr\/en\/#organization","name":"Petroni d.o.o.","alternateName":"Petroni","url":"https:\/\/www.petroni.hr\/en\/","logo":{"@type":"ImageObject","inLanguage":"en-US","@id":"https:\/\/www.petroni.hr\/en\/#\/schema\/logo\/image\/","url":"https:\/\/www.petroni.hr\/wp-content\/uploads\/2024\/03\/cropped-Group-3.jpg","contentUrl":"https:\/\/www.petroni.hr\/wp-content\/uploads\/2024\/03\/cropped-Group-3.jpg","width":512,"height":512,"caption":"Petroni d.o.o."},"image":{"@id":"https:\/\/www.petroni.hr\/en\/#\/schema\/logo\/image\/"},"sameAs":["https:\/\/www.facebook.com\/Kamperi.Petroni.Sesvete\/?locale=hr_HR"]}]}},"_links":{"self":[{"href":"https:\/\/www.petroni.hr\/en\/wp-json\/wp\/v2\/product\/24852","targetHints":{"allow":["GET"]}}],"collection":[{"href":"https:\/\/www.petroni.hr\/en\/wp-json\/wp\/v2\/product"}],"about":[{"href":"https:\/\/www.petroni.hr\/en\/wp-json\/wp\/v2\/types\/product"}],"replies":[{"embeddable":true,"href":"https:\/\/www.petroni.hr\/en\/wp-json\/wp\/v2\/comments?post=24852"}],"wp:featuredmedia":[{"embeddable":true,"href":"https:\/\/www.petroni.hr\/en\/wp-json\/wp\/v2\/media\/24853"}],"wp:attachment":[{"href":"https:\/\/www.petroni.hr\/en\/wp-json\/wp\/v2\/media?parent=24852"}],"wp:term":[{"taxonomy":"product_brand","embeddable":true,"href":"https:\/\/www.petroni.hr\/en\/wp-json\/wp\/v2\/product_brand?post=24852"},{"taxonomy":"product_cat","embeddable":true,"href":"https:\/\/www.petroni.hr\/en\/wp-json\/wp\/v2\/product_cat?post=24852"},{"taxonomy":"product_tag","embeddable":true,"href":"https:\/\/www.petroni.hr\/en\/wp-json\/wp\/v2\/product_tag?post=24852"}],"curies":[{"name":"wp","href":"https:\/\/api.w.org\/{rel}","templated":true}]}}