{"id":24823,"date":"2025-08-23T06:32:00","date_gmt":"2025-08-23T05:32:00","guid":{"rendered":"https:\/\/www.petroni.hr\/?post_type=product&#038;p=24823"},"modified":"2025-08-31T17:51:10","modified_gmt":"2025-08-31T16:51:10","slug":"zarulja-mr11-led-10-30v","status":"publish","type":"product","link":"https:\/\/www.petroni.hr\/en\/proizvod\/zarulja-mr11-led-10-30v\/","title":{"rendered":"\u017darulja MR11 LED 10-30V"},"content":{"rendered":"<p>MR11 SMD LED \u017earulja izvrsno je rje\u0161enje za rasvjetu va\u0161e kamp-ku\u0107ice, kampera ili broda. Evo nekih od njezinih jedinstvenih zna\u010dajki:<\/p>\n<p>U\u010dinkovita &#8211; Tro\u0161i samo 1,3 W energije<br \/>\nSvijetla &#8211; Pru\u017ea svjetlosni tok od 80 lumena<br \/>\nDugotrajna &#8211; Nudi 20 000 sati osvjetljenja<br \/>\nKompaktna &#8211; Dimenzije 35 x 35 mm, jednostavna za ugradnju<br \/>\nStabilna &#8211; Dolazi sa stabilizatorom, nije prigu\u0161ljiva<\/p>\n<p>Ova MR11 SMD LED \u017earulja pru\u017ea svjetlost usporedivu s halogenom \u017earuljom od 8 W. Koristi 9 SMD LED toplo bijelih svjetala kako bi ponudila ugodnu i toplu atmosferu. \u017darulja radi na naponu od 10-30 VDC, \u0161to je \u010dini svestranom za razne primjene. Unato\u010d maloj veli\u010dini, pru\u017ea intenzitet svjetlosti od 80 lumena, dovoljan za ve\u0107inu unutarnjih potreba. \u017darulja se ne mo\u017ee prigu\u0161iti, \u0161to osigurava konzistentnu svjetlinu. S \u017eivotnim vijekom od 20 000 sati, ova \u017earulja je isplativo i energetski u\u010dinkovito rje\u0161enje za va\u0161u kamp-ku\u0107icu, kamper ili brod.<\/p>\n<p>Nadogradite svoju rasvjetu ovom MR11 12V LED \u017earuljom. Njeno toplo bijelo svjetlo stvara ugodnu i privla\u010dnu atmosferu, savr\u0161enu za opu\u0161tanje nakon dana avanture. Zahvaljuju\u0107i energetski u\u010dinkovitom dizajnu i dugom vijeku trajanja, ova MR11 12V LED \u017earulja pametan je izbor za va\u0161u kamp ku\u0107icu ili brod.<\/p>\n<p>&nbsp;<\/p>\n<p>Duljina 35 mm<br \/>\nPromjer 35 mm<br \/>\nBoja s<br \/>\nMaterijal staklo<\/p>\n","protected":false},"excerpt":{"rendered":"<p>MR11 SMD LED \u017earulja izvrsno je rje\u0161enje za rasvjetu va\u0161e kamp-ku\u0107ice, kampera ili broda. Evo nekih od njezinih jedinstvenih zna\u010dajki: U\u010dinkovita &#8211; Tro\u0161i samo 1,3 W energije Svijetla &#8211; Pru\u017ea svjetlosni tok od 80 lumena Dugotrajna &#8211; Nudi 20 000 sati osvjetljenja Kompaktna &#8211; Dimenzije 35 x 35 mm, jednostavna za ugradnju Stabilna &#8211; Dolazi [&hellip;]<\/p>\n","protected":false},"featured_media":24824,"comment_status":"open","ping_status":"closed","template":"","meta":{"_acf_changed":false,"_themeisle_gutenberg_block_has_review":false},"product_brand":[],"product_cat":[213,236],"product_tag":[],"class_list":{"0":"post-24823","1":"product","2":"type-product","3":"status-publish","4":"has-post-thumbnail","6":"product_cat-electrical","7":"product_cat-rasvjeta-2","9":"first","10":"instock","11":"shipping-taxable","12":"purchasable","13":"product-type-simple"},"acf":[],"yoast_head":"<!-- This site is optimized with the Yoast SEO plugin v27.5 - https:\/\/yoast.com\/product\/yoast-seo-wordpress\/ -->\n<title>\u017darulja MR11 LED 10-30V | Petroni - rent | sale | service | conversions<\/title>\n<meta name=\"robots\" content=\"index, follow, max-snippet:-1, max-image-preview:large, max-video-preview:-1\" \/>\n<link rel=\"canonical\" href=\"https:\/\/www.petroni.hr\/en\/proizvod\/zarulja-mr11-led-10-30v\/\" \/>\n<meta property=\"og:locale\" content=\"en_US\" \/>\n<meta property=\"og:type\" content=\"article\" \/>\n<meta property=\"og:title\" content=\"\u017darulja MR11 LED 10-30V | Petroni - rent | sale | service | conversions\" \/>\n<meta property=\"og:description\" content=\"MR11 SMD LED \u017earulja izvrsno je rje\u0161enje za rasvjetu va\u0161e kamp-ku\u0107ice, kampera ili broda. Evo nekih od njezinih jedinstvenih zna\u010dajki: U\u010dinkovita &#8211; Tro\u0161i samo 1,3 W energije Svijetla &#8211; Pru\u017ea svjetlosni tok od 80 lumena Dugotrajna &#8211; Nudi 20 000 sati osvjetljenja Kompaktna &#8211; Dimenzije 35 x 35 mm, jednostavna za ugradnju Stabilna &#8211; Dolazi [&hellip;]\" \/>\n<meta property=\"og:url\" content=\"https:\/\/www.petroni.hr\/en\/proizvod\/zarulja-mr11-led-10-30v\/\" \/>\n<meta property=\"og:site_name\" content=\"Petroni - rent | sale | service | conversions\" \/>\n<meta property=\"article:publisher\" content=\"https:\/\/www.facebook.com\/Kamperi.Petroni.Sesvete\/?locale=hr_HR\" \/>\n<meta property=\"article:modified_time\" content=\"2025-08-31T16:51:10+00:00\" \/>\n<meta property=\"og:image\" content=\"https:\/\/www.petroni.hr\/wp-content\/uploads\/2025\/08\/zarulja-LED-MR11.jpg\" \/>\n\t<meta property=\"og:image:width\" content=\"800\" \/>\n\t<meta property=\"og:image:height\" content=\"533\" \/>\n\t<meta property=\"og:image:type\" content=\"image\/jpeg\" \/>\n<meta name=\"twitter:card\" content=\"summary_large_image\" \/>\n<meta name=\"twitter:label1\" content=\"Est. reading time\" \/>\n\t<meta name=\"twitter:data1\" content=\"1 minute\" \/>\n<script type=\"application\/ld+json\" class=\"yoast-schema-graph\">{\"@context\":\"https:\\\/\\\/schema.org\",\"@graph\":[{\"@type\":\"WebPage\",\"@id\":\"https:\\\/\\\/www.petroni.hr\\\/en\\\/proizvod\\\/zarulja-mr11-led-10-30v\\\/\",\"url\":\"https:\\\/\\\/www.petroni.hr\\\/en\\\/proizvod\\\/zarulja-mr11-led-10-30v\\\/\",\"name\":\"\u017darulja MR11 LED 10-30V | Petroni - rent | sale | service | conversions\",\"isPartOf\":{\"@id\":\"https:\\\/\\\/www.petroni.hr\\\/en\\\/#website\"},\"primaryImageOfPage\":{\"@id\":\"https:\\\/\\\/www.petroni.hr\\\/en\\\/proizvod\\\/zarulja-mr11-led-10-30v\\\/#primaryimage\"},\"image\":{\"@id\":\"https:\\\/\\\/www.petroni.hr\\\/en\\\/proizvod\\\/zarulja-mr11-led-10-30v\\\/#primaryimage\"},\"thumbnailUrl\":\"https:\\\/\\\/www.petroni.hr\\\/wp-content\\\/uploads\\\/2025\\\/08\\\/zarulja-LED-MR11.jpg\",\"datePublished\":\"2025-08-23T05:32:00+00:00\",\"dateModified\":\"2025-08-31T16:51:10+00:00\",\"breadcrumb\":{\"@id\":\"https:\\\/\\\/www.petroni.hr\\\/en\\\/proizvod\\\/zarulja-mr11-led-10-30v\\\/#breadcrumb\"},\"inLanguage\":\"en-US\",\"potentialAction\":[{\"@type\":\"ReadAction\",\"target\":[\"https:\\\/\\\/www.petroni.hr\\\/en\\\/proizvod\\\/zarulja-mr11-led-10-30v\\\/\"]}]},{\"@type\":\"ImageObject\",\"inLanguage\":\"en-US\",\"@id\":\"https:\\\/\\\/www.petroni.hr\\\/en\\\/proizvod\\\/zarulja-mr11-led-10-30v\\\/#primaryimage\",\"url\":\"https:\\\/\\\/www.petroni.hr\\\/wp-content\\\/uploads\\\/2025\\\/08\\\/zarulja-LED-MR11.jpg\",\"contentUrl\":\"https:\\\/\\\/www.petroni.hr\\\/wp-content\\\/uploads\\\/2025\\\/08\\\/zarulja-LED-MR11.jpg\",\"width\":800,\"height\":533},{\"@type\":\"BreadcrumbList\",\"@id\":\"https:\\\/\\\/www.petroni.hr\\\/en\\\/proizvod\\\/zarulja-mr11-led-10-30v\\\/#breadcrumb\",\"itemListElement\":[{\"@type\":\"ListItem\",\"position\":1,\"name\":\"Po\u010detna stranica\",\"item\":\"https:\\\/\\\/www.petroni.hr\\\/en\\\/\"},{\"@type\":\"ListItem\",\"position\":2,\"name\":\"Shop\",\"item\":\"https:\\\/\\\/www.petroni.hr\\\/en\\\/shop\\\/\"},{\"@type\":\"ListItem\",\"position\":3,\"name\":\"\u017darulja MR11 LED 10-30V\"}]},{\"@type\":\"WebSite\",\"@id\":\"https:\\\/\\\/www.petroni.hr\\\/en\\\/#website\",\"url\":\"https:\\\/\\\/www.petroni.hr\\\/en\\\/\",\"name\":\"Petroni.hr\",\"description\":\"Experience the unprecedented freedom of travel\",\"publisher\":{\"@id\":\"https:\\\/\\\/www.petroni.hr\\\/en\\\/#organization\"},\"alternateName\":\"Petroni\",\"potentialAction\":[{\"@type\":\"SearchAction\",\"target\":{\"@type\":\"EntryPoint\",\"urlTemplate\":\"https:\\\/\\\/www.petroni.hr\\\/en\\\/?s={search_term_string}\"},\"query-input\":{\"@type\":\"PropertyValueSpecification\",\"valueRequired\":true,\"valueName\":\"search_term_string\"}}],\"inLanguage\":\"en-US\"},{\"@type\":\"Organization\",\"@id\":\"https:\\\/\\\/www.petroni.hr\\\/en\\\/#organization\",\"name\":\"Petroni d.o.o.\",\"alternateName\":\"Petroni\",\"url\":\"https:\\\/\\\/www.petroni.hr\\\/en\\\/\",\"logo\":{\"@type\":\"ImageObject\",\"inLanguage\":\"en-US\",\"@id\":\"https:\\\/\\\/www.petroni.hr\\\/en\\\/#\\\/schema\\\/logo\\\/image\\\/\",\"url\":\"https:\\\/\\\/www.petroni.hr\\\/wp-content\\\/uploads\\\/2024\\\/03\\\/cropped-Group-3.jpg\",\"contentUrl\":\"https:\\\/\\\/www.petroni.hr\\\/wp-content\\\/uploads\\\/2024\\\/03\\\/cropped-Group-3.jpg\",\"width\":512,\"height\":512,\"caption\":\"Petroni d.o.o.\"},\"image\":{\"@id\":\"https:\\\/\\\/www.petroni.hr\\\/en\\\/#\\\/schema\\\/logo\\\/image\\\/\"},\"sameAs\":[\"https:\\\/\\\/www.facebook.com\\\/Kamperi.Petroni.Sesvete\\\/?locale=hr_HR\"]}]}<\/script>\n<!-- \/ Yoast SEO plugin. -->","yoast_head_json":{"title":"\u017darulja MR11 LED 10-30V | Petroni - rent | sale | service | conversions","robots":{"index":"index","follow":"follow","max-snippet":"max-snippet:-1","max-image-preview":"max-image-preview:large","max-video-preview":"max-video-preview:-1"},"canonical":"https:\/\/www.petroni.hr\/en\/proizvod\/zarulja-mr11-led-10-30v\/","og_locale":"en_US","og_type":"article","og_title":"\u017darulja MR11 LED 10-30V | Petroni - rent | sale | service | conversions","og_description":"MR11 SMD LED \u017earulja izvrsno je rje\u0161enje za rasvjetu va\u0161e kamp-ku\u0107ice, kampera ili broda. Evo nekih od njezinih jedinstvenih zna\u010dajki: U\u010dinkovita &#8211; Tro\u0161i samo 1,3 W energije Svijetla &#8211; Pru\u017ea svjetlosni tok od 80 lumena Dugotrajna &#8211; Nudi 20 000 sati osvjetljenja Kompaktna &#8211; Dimenzije 35 x 35 mm, jednostavna za ugradnju Stabilna &#8211; Dolazi [&hellip;]","og_url":"https:\/\/www.petroni.hr\/en\/proizvod\/zarulja-mr11-led-10-30v\/","og_site_name":"Petroni - rent | sale | service | conversions","article_publisher":"https:\/\/www.facebook.com\/Kamperi.Petroni.Sesvete\/?locale=hr_HR","article_modified_time":"2025-08-31T16:51:10+00:00","og_image":[{"width":800,"height":533,"url":"https:\/\/www.petroni.hr\/wp-content\/uploads\/2025\/08\/zarulja-LED-MR11.jpg","type":"image\/jpeg"}],"twitter_card":"summary_large_image","twitter_misc":{"Est. reading time":"1 minute"},"schema":{"@context":"https:\/\/schema.org","@graph":[{"@type":"WebPage","@id":"https:\/\/www.petroni.hr\/en\/proizvod\/zarulja-mr11-led-10-30v\/","url":"https:\/\/www.petroni.hr\/en\/proizvod\/zarulja-mr11-led-10-30v\/","name":"\u017darulja MR11 LED 10-30V | Petroni - rent | sale | service | conversions","isPartOf":{"@id":"https:\/\/www.petroni.hr\/en\/#website"},"primaryImageOfPage":{"@id":"https:\/\/www.petroni.hr\/en\/proizvod\/zarulja-mr11-led-10-30v\/#primaryimage"},"image":{"@id":"https:\/\/www.petroni.hr\/en\/proizvod\/zarulja-mr11-led-10-30v\/#primaryimage"},"thumbnailUrl":"https:\/\/www.petroni.hr\/wp-content\/uploads\/2025\/08\/zarulja-LED-MR11.jpg","datePublished":"2025-08-23T05:32:00+00:00","dateModified":"2025-08-31T16:51:10+00:00","breadcrumb":{"@id":"https:\/\/www.petroni.hr\/en\/proizvod\/zarulja-mr11-led-10-30v\/#breadcrumb"},"inLanguage":"en-US","potentialAction":[{"@type":"ReadAction","target":["https:\/\/www.petroni.hr\/en\/proizvod\/zarulja-mr11-led-10-30v\/"]}]},{"@type":"ImageObject","inLanguage":"en-US","@id":"https:\/\/www.petroni.hr\/en\/proizvod\/zarulja-mr11-led-10-30v\/#primaryimage","url":"https:\/\/www.petroni.hr\/wp-content\/uploads\/2025\/08\/zarulja-LED-MR11.jpg","contentUrl":"https:\/\/www.petroni.hr\/wp-content\/uploads\/2025\/08\/zarulja-LED-MR11.jpg","width":800,"height":533},{"@type":"BreadcrumbList","@id":"https:\/\/www.petroni.hr\/en\/proizvod\/zarulja-mr11-led-10-30v\/#breadcrumb","itemListElement":[{"@type":"ListItem","position":1,"name":"Po\u010detna stranica","item":"https:\/\/www.petroni.hr\/en\/"},{"@type":"ListItem","position":2,"name":"Shop","item":"https:\/\/www.petroni.hr\/en\/shop\/"},{"@type":"ListItem","position":3,"name":"\u017darulja MR11 LED 10-30V"}]},{"@type":"WebSite","@id":"https:\/\/www.petroni.hr\/en\/#website","url":"https:\/\/www.petroni.hr\/en\/","name":"Petroni.hr","description":"Experience the unprecedented freedom of travel","publisher":{"@id":"https:\/\/www.petroni.hr\/en\/#organization"},"alternateName":"Petroni","potentialAction":[{"@type":"SearchAction","target":{"@type":"EntryPoint","urlTemplate":"https:\/\/www.petroni.hr\/en\/?s={search_term_string}"},"query-input":{"@type":"PropertyValueSpecification","valueRequired":true,"valueName":"search_term_string"}}],"inLanguage":"en-US"},{"@type":"Organization","@id":"https:\/\/www.petroni.hr\/en\/#organization","name":"Petroni d.o.o.","alternateName":"Petroni","url":"https:\/\/www.petroni.hr\/en\/","logo":{"@type":"ImageObject","inLanguage":"en-US","@id":"https:\/\/www.petroni.hr\/en\/#\/schema\/logo\/image\/","url":"https:\/\/www.petroni.hr\/wp-content\/uploads\/2024\/03\/cropped-Group-3.jpg","contentUrl":"https:\/\/www.petroni.hr\/wp-content\/uploads\/2024\/03\/cropped-Group-3.jpg","width":512,"height":512,"caption":"Petroni d.o.o."},"image":{"@id":"https:\/\/www.petroni.hr\/en\/#\/schema\/logo\/image\/"},"sameAs":["https:\/\/www.facebook.com\/Kamperi.Petroni.Sesvete\/?locale=hr_HR"]}]}},"_links":{"self":[{"href":"https:\/\/www.petroni.hr\/en\/wp-json\/wp\/v2\/product\/24823","targetHints":{"allow":["GET"]}}],"collection":[{"href":"https:\/\/www.petroni.hr\/en\/wp-json\/wp\/v2\/product"}],"about":[{"href":"https:\/\/www.petroni.hr\/en\/wp-json\/wp\/v2\/types\/product"}],"replies":[{"embeddable":true,"href":"https:\/\/www.petroni.hr\/en\/wp-json\/wp\/v2\/comments?post=24823"}],"wp:featuredmedia":[{"embeddable":true,"href":"https:\/\/www.petroni.hr\/en\/wp-json\/wp\/v2\/media\/24824"}],"wp:attachment":[{"href":"https:\/\/www.petroni.hr\/en\/wp-json\/wp\/v2\/media?parent=24823"}],"wp:term":[{"taxonomy":"product_brand","embeddable":true,"href":"https:\/\/www.petroni.hr\/en\/wp-json\/wp\/v2\/product_brand?post=24823"},{"taxonomy":"product_cat","embeddable":true,"href":"https:\/\/www.petroni.hr\/en\/wp-json\/wp\/v2\/product_cat?post=24823"},{"taxonomy":"product_tag","embeddable":true,"href":"https:\/\/www.petroni.hr\/en\/wp-json\/wp\/v2\/product_tag?post=24823"}],"curies":[{"name":"wp","href":"https:\/\/api.w.org\/{rel}","templated":true}]}}