{"id":24798,"date":"2025-08-21T17:58:56","date_gmt":"2025-08-21T16:58:56","guid":{"rendered":"https:\/\/www.petroni.hr\/?post_type=product&#038;p=24798"},"modified":"2025-09-13T18:41:53","modified_gmt":"2025-09-13T17:41:53","slug":"prozor-bocni-650x300-sa-alu-okvirom","status":"publish","type":"product","link":"https:\/\/www.petroni.hr\/en\/proizvod\/prozor-bocni-650x300-sa-alu-okvirom\/","title":{"rendered":"Prozor bo\u010dni 650&#215;300 sa alu okvirom"},"content":{"rendered":"<p>Prozor + roleta AM 650 x 300<\/p>\n<p>Bo\u010dni prozori koji se mogu prilagoditi bilo kojoj vrsti kombija.<br \/>\nVrhunski aluminijski okvir stvara \u010dvrstu bazu za prozor, koji ima crni pra\u0161kasti premaz.<br \/>\nAkrilno dvostruko ostakljenje koje stvara idealnu za\u0161titu u hladnim danima, a istovremeno je idealno za stvaranje otvora i iskori\u0161tavanje vanjske svjetlosti.<br \/>\nLagano zatamnjeno crno ostakljenje nudi privatnost unutra, a istovremeno unosi obilje svjetla u va\u0161 kamper.<\/p>\n<p>Ukupne dimenzije mm: 680 x 330 x 40<br \/>\nDimenzije ugradnje mm: 650 x 300<br \/>\nDimenzije otvora za svjetlo mm: 610 x 260<br \/>\nPolumjer: 80<br \/>\nKut otvaranja: 30\u00b0<br \/>\nDebljina stijenke: 25 &#8211; 30 mm (+- 2 mm)<br \/>\nUV za\u0161tita<br \/>\nOstakljenje: akrilno ostakljenje<br \/>\nLagano zatamnjeno crno staklo<br \/>\nCrni aluminijski okvir<br \/>\nOznaka: CE 43R<\/p>\n<p>+<\/p>\n<p>Okvir i rolete za bo\u010dne prozore kampera i kamp prikolica<\/p>\n<p>\u010cist i elegantan dizajn.<\/p>\n<p>Ovaj set rolete i mre\u017ee protiv insekata vrhunske je klase i vrlo je\u00a0jednostavan za ugradnju, opremljen je vrlo u\u010dinkovitom roletom za zamra\u010divanje zahvaljuju\u0107i\u00a0aluminijskoj strani za bolju za\u0161titu od sun\u010devih zraka i samostalnoj\u00a0mre\u017ei protiv insekata s oprugom.<\/p>\n<p>Za pove\u0107anje udobnosti u va\u0161em kamperu ili kombiju, tenda i\u00a0mre\u017ea protiv insekata su neovisne, \u010dime vas \u0161tite od komaraca pri laganom propuhu.<\/p>\n<p>Roleta je poravnata s otvorom za ugradnju na ravnomjernoj udaljenosti od\u00a0vrha do dna. Na strani otvora za ugradnju nalazi se utor<\/p>\n<p>izme\u0111u unutarnjeg ruba rolete kako bi odgovarala ugradnji.<\/p>\n<p>&nbsp;<\/p>\n","protected":false},"excerpt":{"rendered":"<p>Prozor + roleta AM 650 x 300 Bo\u010dni prozori koji se mogu prilagoditi bilo kojoj vrsti kombija. Vrhunski aluminijski okvir stvara \u010dvrstu bazu za prozor, koji ima crni pra\u0161kasti premaz. Akrilno dvostruko ostakljenje koje stvara idealnu za\u0161titu u hladnim danima, a istovremeno je idealno za stvaranje otvora i iskori\u0161tavanje vanjske svjetlosti. Lagano zatamnjeno crno ostakljenje [&hellip;]<\/p>\n","protected":false},"featured_media":24792,"comment_status":"open","ping_status":"closed","template":"","meta":{"_acf_changed":false,"_themeisle_gutenberg_block_has_review":false},"product_brand":[],"product_cat":[229,205,352],"product_tag":[],"class_list":{"0":"post-24798","1":"product","2":"type-product","3":"status-publish","4":"has-post-thumbnail","6":"product_cat-side-window","7":"product_cat-windows","8":"product_cat-rolo-zavjese-i-okviri","10":"first","11":"instock","12":"shipping-taxable","13":"purchasable","14":"product-type-simple"},"acf":[],"yoast_head":"<!-- This site is optimized with the Yoast SEO plugin v27.4 - https:\/\/yoast.com\/product\/yoast-seo-wordpress\/ -->\n<title>Prozor bo\u010dni 650x300 sa alu okvirom | Petroni - rent | sale | service | conversions<\/title>\n<meta name=\"robots\" content=\"index, follow, max-snippet:-1, max-image-preview:large, max-video-preview:-1\" \/>\n<link rel=\"canonical\" href=\"https:\/\/www.petroni.hr\/en\/proizvod\/prozor-bocni-650x300-sa-alu-okvirom\/\" \/>\n<meta property=\"og:locale\" content=\"en_US\" \/>\n<meta property=\"og:type\" content=\"article\" \/>\n<meta property=\"og:title\" content=\"Prozor bo\u010dni 650x300 sa alu okvirom | Petroni - rent | sale | service | conversions\" \/>\n<meta property=\"og:description\" content=\"Prozor + roleta AM 650 x 300 Bo\u010dni prozori koji se mogu prilagoditi bilo kojoj vrsti kombija. Vrhunski aluminijski okvir stvara \u010dvrstu bazu za prozor, koji ima crni pra\u0161kasti premaz. Akrilno dvostruko ostakljenje koje stvara idealnu za\u0161titu u hladnim danima, a istovremeno je idealno za stvaranje otvora i iskori\u0161tavanje vanjske svjetlosti. Lagano zatamnjeno crno ostakljenje [&hellip;]\" \/>\n<meta property=\"og:url\" content=\"https:\/\/www.petroni.hr\/en\/proizvod\/prozor-bocni-650x300-sa-alu-okvirom\/\" \/>\n<meta property=\"og:site_name\" content=\"Petroni - rent | sale | service | conversions\" \/>\n<meta property=\"article:publisher\" content=\"https:\/\/www.facebook.com\/Kamperi.Petroni.Sesvete\/?locale=hr_HR\" \/>\n<meta property=\"article:modified_time\" content=\"2025-09-13T17:41:53+00:00\" \/>\n<meta property=\"og:image\" content=\"https:\/\/www.petroni.hr\/wp-content\/uploads\/2025\/08\/bocni-prozor-za-kamper-5.jpg\" \/>\n\t<meta property=\"og:image:width\" content=\"650\" \/>\n\t<meta property=\"og:image:height\" content=\"488\" \/>\n\t<meta property=\"og:image:type\" content=\"image\/jpeg\" \/>\n<meta name=\"twitter:card\" content=\"summary_large_image\" \/>\n<meta name=\"twitter:label1\" content=\"Est. reading time\" \/>\n\t<meta name=\"twitter:data1\" content=\"1 minute\" \/>\n<script type=\"application\/ld+json\" class=\"yoast-schema-graph\">{\"@context\":\"https:\\\/\\\/schema.org\",\"@graph\":[{\"@type\":\"WebPage\",\"@id\":\"https:\\\/\\\/www.petroni.hr\\\/en\\\/proizvod\\\/prozor-bocni-650x300-sa-alu-okvirom\\\/\",\"url\":\"https:\\\/\\\/www.petroni.hr\\\/en\\\/proizvod\\\/prozor-bocni-650x300-sa-alu-okvirom\\\/\",\"name\":\"Prozor bo\u010dni 650x300 sa alu okvirom | Petroni - rent | sale | service | conversions\",\"isPartOf\":{\"@id\":\"https:\\\/\\\/www.petroni.hr\\\/en\\\/#website\"},\"primaryImageOfPage\":{\"@id\":\"https:\\\/\\\/www.petroni.hr\\\/en\\\/proizvod\\\/prozor-bocni-650x300-sa-alu-okvirom\\\/#primaryimage\"},\"image\":{\"@id\":\"https:\\\/\\\/www.petroni.hr\\\/en\\\/proizvod\\\/prozor-bocni-650x300-sa-alu-okvirom\\\/#primaryimage\"},\"thumbnailUrl\":\"https:\\\/\\\/www.petroni.hr\\\/wp-content\\\/uploads\\\/2025\\\/08\\\/bocni-prozor-za-kamper-5.jpg\",\"datePublished\":\"2025-08-21T16:58:56+00:00\",\"dateModified\":\"2025-09-13T17:41:53+00:00\",\"breadcrumb\":{\"@id\":\"https:\\\/\\\/www.petroni.hr\\\/en\\\/proizvod\\\/prozor-bocni-650x300-sa-alu-okvirom\\\/#breadcrumb\"},\"inLanguage\":\"en-US\",\"potentialAction\":[{\"@type\":\"ReadAction\",\"target\":[\"https:\\\/\\\/www.petroni.hr\\\/en\\\/proizvod\\\/prozor-bocni-650x300-sa-alu-okvirom\\\/\"]}]},{\"@type\":\"ImageObject\",\"inLanguage\":\"en-US\",\"@id\":\"https:\\\/\\\/www.petroni.hr\\\/en\\\/proizvod\\\/prozor-bocni-650x300-sa-alu-okvirom\\\/#primaryimage\",\"url\":\"https:\\\/\\\/www.petroni.hr\\\/wp-content\\\/uploads\\\/2025\\\/08\\\/bocni-prozor-za-kamper-5.jpg\",\"contentUrl\":\"https:\\\/\\\/www.petroni.hr\\\/wp-content\\\/uploads\\\/2025\\\/08\\\/bocni-prozor-za-kamper-5.jpg\",\"width\":650,\"height\":488},{\"@type\":\"BreadcrumbList\",\"@id\":\"https:\\\/\\\/www.petroni.hr\\\/en\\\/proizvod\\\/prozor-bocni-650x300-sa-alu-okvirom\\\/#breadcrumb\",\"itemListElement\":[{\"@type\":\"ListItem\",\"position\":1,\"name\":\"Po\u010detna stranica\",\"item\":\"https:\\\/\\\/www.petroni.hr\\\/en\\\/\"},{\"@type\":\"ListItem\",\"position\":2,\"name\":\"Shop\",\"item\":\"https:\\\/\\\/www.petroni.hr\\\/en\\\/shop\\\/\"},{\"@type\":\"ListItem\",\"position\":3,\"name\":\"Prozor bo\u010dni 650&#215;300 sa alu okvirom\"}]},{\"@type\":\"WebSite\",\"@id\":\"https:\\\/\\\/www.petroni.hr\\\/en\\\/#website\",\"url\":\"https:\\\/\\\/www.petroni.hr\\\/en\\\/\",\"name\":\"Petroni.hr\",\"description\":\"Experience the unprecedented freedom of travel\",\"publisher\":{\"@id\":\"https:\\\/\\\/www.petroni.hr\\\/en\\\/#organization\"},\"alternateName\":\"Petroni\",\"potentialAction\":[{\"@type\":\"SearchAction\",\"target\":{\"@type\":\"EntryPoint\",\"urlTemplate\":\"https:\\\/\\\/www.petroni.hr\\\/en\\\/?s={search_term_string}\"},\"query-input\":{\"@type\":\"PropertyValueSpecification\",\"valueRequired\":true,\"valueName\":\"search_term_string\"}}],\"inLanguage\":\"en-US\"},{\"@type\":\"Organization\",\"@id\":\"https:\\\/\\\/www.petroni.hr\\\/en\\\/#organization\",\"name\":\"Petroni d.o.o.\",\"alternateName\":\"Petroni\",\"url\":\"https:\\\/\\\/www.petroni.hr\\\/en\\\/\",\"logo\":{\"@type\":\"ImageObject\",\"inLanguage\":\"en-US\",\"@id\":\"https:\\\/\\\/www.petroni.hr\\\/en\\\/#\\\/schema\\\/logo\\\/image\\\/\",\"url\":\"https:\\\/\\\/www.petroni.hr\\\/wp-content\\\/uploads\\\/2024\\\/03\\\/cropped-Group-3.jpg\",\"contentUrl\":\"https:\\\/\\\/www.petroni.hr\\\/wp-content\\\/uploads\\\/2024\\\/03\\\/cropped-Group-3.jpg\",\"width\":512,\"height\":512,\"caption\":\"Petroni d.o.o.\"},\"image\":{\"@id\":\"https:\\\/\\\/www.petroni.hr\\\/en\\\/#\\\/schema\\\/logo\\\/image\\\/\"},\"sameAs\":[\"https:\\\/\\\/www.facebook.com\\\/Kamperi.Petroni.Sesvete\\\/?locale=hr_HR\"]}]}<\/script>\n<!-- \/ Yoast SEO plugin. -->","yoast_head_json":{"title":"Prozor bo\u010dni 650x300 sa alu okvirom | Petroni - rent | sale | service | conversions","robots":{"index":"index","follow":"follow","max-snippet":"max-snippet:-1","max-image-preview":"max-image-preview:large","max-video-preview":"max-video-preview:-1"},"canonical":"https:\/\/www.petroni.hr\/en\/proizvod\/prozor-bocni-650x300-sa-alu-okvirom\/","og_locale":"en_US","og_type":"article","og_title":"Prozor bo\u010dni 650x300 sa alu okvirom | Petroni - rent | sale | service | conversions","og_description":"Prozor + roleta AM 650 x 300 Bo\u010dni prozori koji se mogu prilagoditi bilo kojoj vrsti kombija. Vrhunski aluminijski okvir stvara \u010dvrstu bazu za prozor, koji ima crni pra\u0161kasti premaz. Akrilno dvostruko ostakljenje koje stvara idealnu za\u0161titu u hladnim danima, a istovremeno je idealno za stvaranje otvora i iskori\u0161tavanje vanjske svjetlosti. Lagano zatamnjeno crno ostakljenje [&hellip;]","og_url":"https:\/\/www.petroni.hr\/en\/proizvod\/prozor-bocni-650x300-sa-alu-okvirom\/","og_site_name":"Petroni - rent | sale | service | conversions","article_publisher":"https:\/\/www.facebook.com\/Kamperi.Petroni.Sesvete\/?locale=hr_HR","article_modified_time":"2025-09-13T17:41:53+00:00","og_image":[{"width":650,"height":488,"url":"https:\/\/www.petroni.hr\/wp-content\/uploads\/2025\/08\/bocni-prozor-za-kamper-5.jpg","type":"image\/jpeg"}],"twitter_card":"summary_large_image","twitter_misc":{"Est. reading time":"1 minute"},"schema":{"@context":"https:\/\/schema.org","@graph":[{"@type":"WebPage","@id":"https:\/\/www.petroni.hr\/en\/proizvod\/prozor-bocni-650x300-sa-alu-okvirom\/","url":"https:\/\/www.petroni.hr\/en\/proizvod\/prozor-bocni-650x300-sa-alu-okvirom\/","name":"Prozor bo\u010dni 650x300 sa alu okvirom | Petroni - rent | sale | service | conversions","isPartOf":{"@id":"https:\/\/www.petroni.hr\/en\/#website"},"primaryImageOfPage":{"@id":"https:\/\/www.petroni.hr\/en\/proizvod\/prozor-bocni-650x300-sa-alu-okvirom\/#primaryimage"},"image":{"@id":"https:\/\/www.petroni.hr\/en\/proizvod\/prozor-bocni-650x300-sa-alu-okvirom\/#primaryimage"},"thumbnailUrl":"https:\/\/www.petroni.hr\/wp-content\/uploads\/2025\/08\/bocni-prozor-za-kamper-5.jpg","datePublished":"2025-08-21T16:58:56+00:00","dateModified":"2025-09-13T17:41:53+00:00","breadcrumb":{"@id":"https:\/\/www.petroni.hr\/en\/proizvod\/prozor-bocni-650x300-sa-alu-okvirom\/#breadcrumb"},"inLanguage":"en-US","potentialAction":[{"@type":"ReadAction","target":["https:\/\/www.petroni.hr\/en\/proizvod\/prozor-bocni-650x300-sa-alu-okvirom\/"]}]},{"@type":"ImageObject","inLanguage":"en-US","@id":"https:\/\/www.petroni.hr\/en\/proizvod\/prozor-bocni-650x300-sa-alu-okvirom\/#primaryimage","url":"https:\/\/www.petroni.hr\/wp-content\/uploads\/2025\/08\/bocni-prozor-za-kamper-5.jpg","contentUrl":"https:\/\/www.petroni.hr\/wp-content\/uploads\/2025\/08\/bocni-prozor-za-kamper-5.jpg","width":650,"height":488},{"@type":"BreadcrumbList","@id":"https:\/\/www.petroni.hr\/en\/proizvod\/prozor-bocni-650x300-sa-alu-okvirom\/#breadcrumb","itemListElement":[{"@type":"ListItem","position":1,"name":"Po\u010detna stranica","item":"https:\/\/www.petroni.hr\/en\/"},{"@type":"ListItem","position":2,"name":"Shop","item":"https:\/\/www.petroni.hr\/en\/shop\/"},{"@type":"ListItem","position":3,"name":"Prozor bo\u010dni 650&#215;300 sa alu okvirom"}]},{"@type":"WebSite","@id":"https:\/\/www.petroni.hr\/en\/#website","url":"https:\/\/www.petroni.hr\/en\/","name":"Petroni.hr","description":"Experience the unprecedented freedom of travel","publisher":{"@id":"https:\/\/www.petroni.hr\/en\/#organization"},"alternateName":"Petroni","potentialAction":[{"@type":"SearchAction","target":{"@type":"EntryPoint","urlTemplate":"https:\/\/www.petroni.hr\/en\/?s={search_term_string}"},"query-input":{"@type":"PropertyValueSpecification","valueRequired":true,"valueName":"search_term_string"}}],"inLanguage":"en-US"},{"@type":"Organization","@id":"https:\/\/www.petroni.hr\/en\/#organization","name":"Petroni d.o.o.","alternateName":"Petroni","url":"https:\/\/www.petroni.hr\/en\/","logo":{"@type":"ImageObject","inLanguage":"en-US","@id":"https:\/\/www.petroni.hr\/en\/#\/schema\/logo\/image\/","url":"https:\/\/www.petroni.hr\/wp-content\/uploads\/2024\/03\/cropped-Group-3.jpg","contentUrl":"https:\/\/www.petroni.hr\/wp-content\/uploads\/2024\/03\/cropped-Group-3.jpg","width":512,"height":512,"caption":"Petroni d.o.o."},"image":{"@id":"https:\/\/www.petroni.hr\/en\/#\/schema\/logo\/image\/"},"sameAs":["https:\/\/www.facebook.com\/Kamperi.Petroni.Sesvete\/?locale=hr_HR"]}]}},"_links":{"self":[{"href":"https:\/\/www.petroni.hr\/en\/wp-json\/wp\/v2\/product\/24798","targetHints":{"allow":["GET"]}}],"collection":[{"href":"https:\/\/www.petroni.hr\/en\/wp-json\/wp\/v2\/product"}],"about":[{"href":"https:\/\/www.petroni.hr\/en\/wp-json\/wp\/v2\/types\/product"}],"replies":[{"embeddable":true,"href":"https:\/\/www.petroni.hr\/en\/wp-json\/wp\/v2\/comments?post=24798"}],"wp:featuredmedia":[{"embeddable":true,"href":"https:\/\/www.petroni.hr\/en\/wp-json\/wp\/v2\/media\/24792"}],"wp:attachment":[{"href":"https:\/\/www.petroni.hr\/en\/wp-json\/wp\/v2\/media?parent=24798"}],"wp:term":[{"taxonomy":"product_brand","embeddable":true,"href":"https:\/\/www.petroni.hr\/en\/wp-json\/wp\/v2\/product_brand?post=24798"},{"taxonomy":"product_cat","embeddable":true,"href":"https:\/\/www.petroni.hr\/en\/wp-json\/wp\/v2\/product_cat?post=24798"},{"taxonomy":"product_tag","embeddable":true,"href":"https:\/\/www.petroni.hr\/en\/wp-json\/wp\/v2\/product_tag?post=24798"}],"curies":[{"name":"wp","href":"https:\/\/api.w.org\/{rel}","templated":true}]}}