{"id":24691,"date":"2025-08-07T09:38:16","date_gmt":"2025-08-07T08:38:16","guid":{"rendered":"https:\/\/www.petroni.hr\/?post_type=product&#038;p=24691"},"modified":"2025-08-07T09:38:17","modified_gmt":"2025-08-07T08:38:17","slug":"klima-uredaj-kronings-k3600","status":"publish","type":"product","link":"https:\/\/www.petroni.hr\/en\/proizvod\/klima-uredaj-kronings-k3600\/","title":{"rendered":"Klima ure\u0111aj Kronings K3600"},"content":{"rendered":"<p>Ovi novi i vrlo sna\u017eni modeli imaju malu te\u017einu, vrlo u\u010dinkovite i vrlo tihe kompresore u usporedbi s nekoliko drugih jedinica na tr\u017ei\u0161tu. Jedinice su razvijene kako bi se nosile s vrlo toplim ljetnim temperaturama u Australiji i vrlo hladnim zimama u nordijskim zemljama.<\/p>\n<p>Kompresor je posebno izra\u0111en kako bi mogao grijati na va\u0161u postavljenu temperaturu s vanjskom temperaturom od -4\u00b0C i vanjskom vla\u017eno\u0161\u0107u od 40%, \u0161to je gotovo 10\u00b0C ni\u017ea temperatura u usporedbi s ve\u0107inom drugih sli\u010dnih sustava. Jedinice su pripremljene za dopunjavanje rashladne teku\u0107ine, \u0161to je s mnogim drugim jedinicama te\u0161ko i skupo, pa su Kroning Nordic klima ure\u0111aji duljeg vijeka trajanja u usporedbi s drugima na tr\u017ei\u0161tu.<\/p>\n<p>Visoko u\u010dinkovit i vrlo tih kompresor, koji radi na niskim vanjskim temperaturama, VRLO u\u010dinkovit sustav hla\u0111enja i grijanja te \u010dinjenica da se njime mo\u017ee upravljati daljinskim upravlja\u010dem i istovremeno ugra\u0111enim LED zaslonom, osiguravaju da sustav mo\u017eete koristiti kao klima ure\u0111aj i ljeti i zimi.<\/p>\n<p>&nbsp;<\/p>\n<p>Kronings K3600 je klima ure\u0111aj za karavan s mogu\u0107no\u0161\u0107u hla\u0111enja i grijanja. Ima funkciju laganog pokretanja, a razina buke kre\u0107e se od 47 dB do 57 dB ovisno o brzini ventilatora. Ure\u0111ajem se mo\u017ee upravljati daljinskim upravlja\u010dem i ima ugra\u0111eni LED zaslon.<br \/>\nEvo detaljnijeg pregleda tehni\u010dkih informacija:<br \/>\nOp\u0107enito:<\/p>\n<p>Tip: Klima ure\u0111aj za karavan s grijanjem i hla\u0111enjem.<br \/>\nKapacitet hla\u0111enja: 3,0 kW.<br \/>\nKapacitet grijanja: 3,4 kW.<br \/>\nNapajanje: 220-240 V \/ 50 Hz.<br \/>\nMeki start: Da.<br \/>\nUpravljanje: Daljinski upravlja\u010d i ugra\u0111eni LED zaslon.<br \/>\nPotro\u0161nja energije:<br \/>\nHla\u0111enje: 1410 W, 6,1 ampera.<br \/>\nGrijanje: 1190 W, 5,2 ampera.<br \/>\nRazina buke:<br \/>\nVisoka brzina ventilatora: 57 dB.<br \/>\nSrednja brzina ventilatora: 54 dB.<br \/>\nNiska brzina ventilatora: 47 dB.<br \/>\nDimenzije:<br \/>\nKrovna jedinica: 1122 mm x 850 mm x 223 mm.<br \/>\nUnutarnja jedinica: 575 mm x 515 mm x 49 mm.<br \/>\nOtvor na krovu: 400 mm x 400 mm.<\/p>\n<p>Ostale zna\u010dajke:<br \/>\nKoeficijent: 1,86\/2,14.<br \/>\nTe\u017eina: Krovna jedinica: 48 kg, Unutarnja jedinica: 3 kg.<br \/>\nDaljinski upravlja\u010d: Zna\u010dajke uklju\u010duju UKLJU\u010cENO\/ISKLJU\u010cENO, brzinu ventilatora, njihanje i na\u010dine rada poput AUTO, HLA\u0110ENJE, GRIJANJE, VENTILATOR, ODVLA\u017dIVANJE.<br \/>\nFunkcija timera: Omogu\u0107uje postavljanje vremena uklju\u010divanja\/isklju\u010divanja<\/p>\n<p>&nbsp;<\/p>\n","protected":false},"excerpt":{"rendered":"<p>Ovi novi i vrlo sna\u017eni modeli imaju malu te\u017einu, vrlo u\u010dinkovite i vrlo tihe kompresore u usporedbi s nekoliko drugih jedinica na tr\u017ei\u0161tu. Jedinice su razvijene kako bi se nosile s vrlo toplim ljetnim temperaturama u Australiji i vrlo hladnim zimama u nordijskim zemljama. Kompresor je posebno izra\u0111en kako bi mogao grijati na va\u0161u postavljenu [&hellip;]<\/p>\n","protected":false},"featured_media":24692,"comment_status":"open","ping_status":"closed","template":"","meta":{"_acf_changed":false,"_themeisle_gutenberg_block_has_review":false},"product_brand":[],"product_cat":[212,231],"product_tag":[],"class_list":{"0":"post-24691","1":"product","2":"type-product","3":"status-publish","4":"has-post-thumbnail","6":"product_cat-cooling-climate-heating","7":"product_cat-air-condition","9":"first","10":"instock","11":"shipping-taxable","12":"purchasable","13":"product-type-simple"},"acf":[],"yoast_head":"<!-- This site is optimized with the Yoast SEO plugin v27.4 - https:\/\/yoast.com\/product\/yoast-seo-wordpress\/ -->\n<title>Klima ure\u0111aj Kronings K3600 | Petroni - rent | sale | service | conversions<\/title>\n<meta name=\"robots\" content=\"index, follow, max-snippet:-1, max-image-preview:large, max-video-preview:-1\" \/>\n<link rel=\"canonical\" href=\"https:\/\/www.petroni.hr\/en\/proizvod\/klima-uredaj-kronings-k3600\/\" \/>\n<meta property=\"og:locale\" content=\"en_US\" \/>\n<meta property=\"og:type\" content=\"article\" \/>\n<meta property=\"og:title\" content=\"Klima ure\u0111aj Kronings K3600 | Petroni - rent | sale | service | conversions\" \/>\n<meta property=\"og:description\" content=\"Ovi novi i vrlo sna\u017eni modeli imaju malu te\u017einu, vrlo u\u010dinkovite i vrlo tihe kompresore u usporedbi s nekoliko drugih jedinica na tr\u017ei\u0161tu. Jedinice su razvijene kako bi se nosile s vrlo toplim ljetnim temperaturama u Australiji i vrlo hladnim zimama u nordijskim zemljama. Kompresor je posebno izra\u0111en kako bi mogao grijati na va\u0161u postavljenu [&hellip;]\" \/>\n<meta property=\"og:url\" content=\"https:\/\/www.petroni.hr\/en\/proizvod\/klima-uredaj-kronings-k3600\/\" \/>\n<meta property=\"og:site_name\" content=\"Petroni - rent | sale | service | conversions\" \/>\n<meta property=\"article:publisher\" content=\"https:\/\/www.facebook.com\/Kamperi.Petroni.Sesvete\/?locale=hr_HR\" \/>\n<meta property=\"article:modified_time\" content=\"2025-08-07T08:38:17+00:00\" \/>\n<meta name=\"twitter:card\" content=\"summary_large_image\" \/>\n<meta name=\"twitter:label1\" content=\"Est. reading time\" \/>\n\t<meta name=\"twitter:data1\" content=\"2 minutes\" \/>\n<script type=\"application\/ld+json\" class=\"yoast-schema-graph\">{\"@context\":\"https:\\\/\\\/schema.org\",\"@graph\":[{\"@type\":\"WebPage\",\"@id\":\"https:\\\/\\\/www.petroni.hr\\\/en\\\/proizvod\\\/klima-uredaj-kronings-k3600\\\/\",\"url\":\"https:\\\/\\\/www.petroni.hr\\\/en\\\/proizvod\\\/klima-uredaj-kronings-k3600\\\/\",\"name\":\"Klima ure\u0111aj Kronings K3600 | Petroni - rent | sale | service | conversions\",\"isPartOf\":{\"@id\":\"https:\\\/\\\/www.petroni.hr\\\/en\\\/#website\"},\"primaryImageOfPage\":{\"@id\":\"https:\\\/\\\/www.petroni.hr\\\/en\\\/proizvod\\\/klima-uredaj-kronings-k3600\\\/#primaryimage\"},\"image\":{\"@id\":\"https:\\\/\\\/www.petroni.hr\\\/en\\\/proizvod\\\/klima-uredaj-kronings-k3600\\\/#primaryimage\"},\"thumbnailUrl\":\"https:\\\/\\\/www.petroni.hr\\\/wp-content\\\/uploads\\\/2025\\\/08\\\/klima-uredaj-kronings-K3600-1.avif\",\"datePublished\":\"2025-08-07T08:38:16+00:00\",\"dateModified\":\"2025-08-07T08:38:17+00:00\",\"breadcrumb\":{\"@id\":\"https:\\\/\\\/www.petroni.hr\\\/en\\\/proizvod\\\/klima-uredaj-kronings-k3600\\\/#breadcrumb\"},\"inLanguage\":\"en-US\",\"potentialAction\":[{\"@type\":\"ReadAction\",\"target\":[\"https:\\\/\\\/www.petroni.hr\\\/en\\\/proizvod\\\/klima-uredaj-kronings-k3600\\\/\"]}]},{\"@type\":\"ImageObject\",\"inLanguage\":\"en-US\",\"@id\":\"https:\\\/\\\/www.petroni.hr\\\/en\\\/proizvod\\\/klima-uredaj-kronings-k3600\\\/#primaryimage\",\"url\":\"https:\\\/\\\/www.petroni.hr\\\/wp-content\\\/uploads\\\/2025\\\/08\\\/klima-uredaj-kronings-K3600-1.avif\",\"contentUrl\":\"https:\\\/\\\/www.petroni.hr\\\/wp-content\\\/uploads\\\/2025\\\/08\\\/klima-uredaj-kronings-K3600-1.avif\",\"width\":300,\"height\":251},{\"@type\":\"BreadcrumbList\",\"@id\":\"https:\\\/\\\/www.petroni.hr\\\/en\\\/proizvod\\\/klima-uredaj-kronings-k3600\\\/#breadcrumb\",\"itemListElement\":[{\"@type\":\"ListItem\",\"position\":1,\"name\":\"Po\u010detna stranica\",\"item\":\"https:\\\/\\\/www.petroni.hr\\\/en\\\/\"},{\"@type\":\"ListItem\",\"position\":2,\"name\":\"Shop\",\"item\":\"https:\\\/\\\/www.petroni.hr\\\/en\\\/shop\\\/\"},{\"@type\":\"ListItem\",\"position\":3,\"name\":\"Klima ure\u0111aj Kronings K3600\"}]},{\"@type\":\"WebSite\",\"@id\":\"https:\\\/\\\/www.petroni.hr\\\/en\\\/#website\",\"url\":\"https:\\\/\\\/www.petroni.hr\\\/en\\\/\",\"name\":\"Petroni.hr\",\"description\":\"Experience the unprecedented freedom of travel\",\"publisher\":{\"@id\":\"https:\\\/\\\/www.petroni.hr\\\/en\\\/#organization\"},\"alternateName\":\"Petroni\",\"potentialAction\":[{\"@type\":\"SearchAction\",\"target\":{\"@type\":\"EntryPoint\",\"urlTemplate\":\"https:\\\/\\\/www.petroni.hr\\\/en\\\/?s={search_term_string}\"},\"query-input\":{\"@type\":\"PropertyValueSpecification\",\"valueRequired\":true,\"valueName\":\"search_term_string\"}}],\"inLanguage\":\"en-US\"},{\"@type\":\"Organization\",\"@id\":\"https:\\\/\\\/www.petroni.hr\\\/en\\\/#organization\",\"name\":\"Petroni d.o.o.\",\"alternateName\":\"Petroni\",\"url\":\"https:\\\/\\\/www.petroni.hr\\\/en\\\/\",\"logo\":{\"@type\":\"ImageObject\",\"inLanguage\":\"en-US\",\"@id\":\"https:\\\/\\\/www.petroni.hr\\\/en\\\/#\\\/schema\\\/logo\\\/image\\\/\",\"url\":\"https:\\\/\\\/www.petroni.hr\\\/wp-content\\\/uploads\\\/2024\\\/03\\\/cropped-Group-3.jpg\",\"contentUrl\":\"https:\\\/\\\/www.petroni.hr\\\/wp-content\\\/uploads\\\/2024\\\/03\\\/cropped-Group-3.jpg\",\"width\":512,\"height\":512,\"caption\":\"Petroni d.o.o.\"},\"image\":{\"@id\":\"https:\\\/\\\/www.petroni.hr\\\/en\\\/#\\\/schema\\\/logo\\\/image\\\/\"},\"sameAs\":[\"https:\\\/\\\/www.facebook.com\\\/Kamperi.Petroni.Sesvete\\\/?locale=hr_HR\"]}]}<\/script>\n<!-- \/ Yoast SEO plugin. -->","yoast_head_json":{"title":"Klima ure\u0111aj Kronings K3600 | Petroni - rent | sale | service | conversions","robots":{"index":"index","follow":"follow","max-snippet":"max-snippet:-1","max-image-preview":"max-image-preview:large","max-video-preview":"max-video-preview:-1"},"canonical":"https:\/\/www.petroni.hr\/en\/proizvod\/klima-uredaj-kronings-k3600\/","og_locale":"en_US","og_type":"article","og_title":"Klima ure\u0111aj Kronings K3600 | Petroni - rent | sale | service | conversions","og_description":"Ovi novi i vrlo sna\u017eni modeli imaju malu te\u017einu, vrlo u\u010dinkovite i vrlo tihe kompresore u usporedbi s nekoliko drugih jedinica na tr\u017ei\u0161tu. Jedinice su razvijene kako bi se nosile s vrlo toplim ljetnim temperaturama u Australiji i vrlo hladnim zimama u nordijskim zemljama. Kompresor je posebno izra\u0111en kako bi mogao grijati na va\u0161u postavljenu [&hellip;]","og_url":"https:\/\/www.petroni.hr\/en\/proizvod\/klima-uredaj-kronings-k3600\/","og_site_name":"Petroni - rent | sale | service | conversions","article_publisher":"https:\/\/www.facebook.com\/Kamperi.Petroni.Sesvete\/?locale=hr_HR","article_modified_time":"2025-08-07T08:38:17+00:00","twitter_card":"summary_large_image","twitter_misc":{"Est. reading time":"2 minutes"},"schema":{"@context":"https:\/\/schema.org","@graph":[{"@type":"WebPage","@id":"https:\/\/www.petroni.hr\/en\/proizvod\/klima-uredaj-kronings-k3600\/","url":"https:\/\/www.petroni.hr\/en\/proizvod\/klima-uredaj-kronings-k3600\/","name":"Klima ure\u0111aj Kronings K3600 | Petroni - rent | sale | service | conversions","isPartOf":{"@id":"https:\/\/www.petroni.hr\/en\/#website"},"primaryImageOfPage":{"@id":"https:\/\/www.petroni.hr\/en\/proizvod\/klima-uredaj-kronings-k3600\/#primaryimage"},"image":{"@id":"https:\/\/www.petroni.hr\/en\/proizvod\/klima-uredaj-kronings-k3600\/#primaryimage"},"thumbnailUrl":"https:\/\/www.petroni.hr\/wp-content\/uploads\/2025\/08\/klima-uredaj-kronings-K3600-1.avif","datePublished":"2025-08-07T08:38:16+00:00","dateModified":"2025-08-07T08:38:17+00:00","breadcrumb":{"@id":"https:\/\/www.petroni.hr\/en\/proizvod\/klima-uredaj-kronings-k3600\/#breadcrumb"},"inLanguage":"en-US","potentialAction":[{"@type":"ReadAction","target":["https:\/\/www.petroni.hr\/en\/proizvod\/klima-uredaj-kronings-k3600\/"]}]},{"@type":"ImageObject","inLanguage":"en-US","@id":"https:\/\/www.petroni.hr\/en\/proizvod\/klima-uredaj-kronings-k3600\/#primaryimage","url":"https:\/\/www.petroni.hr\/wp-content\/uploads\/2025\/08\/klima-uredaj-kronings-K3600-1.avif","contentUrl":"https:\/\/www.petroni.hr\/wp-content\/uploads\/2025\/08\/klima-uredaj-kronings-K3600-1.avif","width":300,"height":251},{"@type":"BreadcrumbList","@id":"https:\/\/www.petroni.hr\/en\/proizvod\/klima-uredaj-kronings-k3600\/#breadcrumb","itemListElement":[{"@type":"ListItem","position":1,"name":"Po\u010detna stranica","item":"https:\/\/www.petroni.hr\/en\/"},{"@type":"ListItem","position":2,"name":"Shop","item":"https:\/\/www.petroni.hr\/en\/shop\/"},{"@type":"ListItem","position":3,"name":"Klima ure\u0111aj Kronings K3600"}]},{"@type":"WebSite","@id":"https:\/\/www.petroni.hr\/en\/#website","url":"https:\/\/www.petroni.hr\/en\/","name":"Petroni.hr","description":"Experience the unprecedented freedom of travel","publisher":{"@id":"https:\/\/www.petroni.hr\/en\/#organization"},"alternateName":"Petroni","potentialAction":[{"@type":"SearchAction","target":{"@type":"EntryPoint","urlTemplate":"https:\/\/www.petroni.hr\/en\/?s={search_term_string}"},"query-input":{"@type":"PropertyValueSpecification","valueRequired":true,"valueName":"search_term_string"}}],"inLanguage":"en-US"},{"@type":"Organization","@id":"https:\/\/www.petroni.hr\/en\/#organization","name":"Petroni d.o.o.","alternateName":"Petroni","url":"https:\/\/www.petroni.hr\/en\/","logo":{"@type":"ImageObject","inLanguage":"en-US","@id":"https:\/\/www.petroni.hr\/en\/#\/schema\/logo\/image\/","url":"https:\/\/www.petroni.hr\/wp-content\/uploads\/2024\/03\/cropped-Group-3.jpg","contentUrl":"https:\/\/www.petroni.hr\/wp-content\/uploads\/2024\/03\/cropped-Group-3.jpg","width":512,"height":512,"caption":"Petroni d.o.o."},"image":{"@id":"https:\/\/www.petroni.hr\/en\/#\/schema\/logo\/image\/"},"sameAs":["https:\/\/www.facebook.com\/Kamperi.Petroni.Sesvete\/?locale=hr_HR"]}]}},"_links":{"self":[{"href":"https:\/\/www.petroni.hr\/en\/wp-json\/wp\/v2\/product\/24691","targetHints":{"allow":["GET"]}}],"collection":[{"href":"https:\/\/www.petroni.hr\/en\/wp-json\/wp\/v2\/product"}],"about":[{"href":"https:\/\/www.petroni.hr\/en\/wp-json\/wp\/v2\/types\/product"}],"replies":[{"embeddable":true,"href":"https:\/\/www.petroni.hr\/en\/wp-json\/wp\/v2\/comments?post=24691"}],"wp:featuredmedia":[{"embeddable":true,"href":"https:\/\/www.petroni.hr\/en\/wp-json\/wp\/v2\/media\/24692"}],"wp:attachment":[{"href":"https:\/\/www.petroni.hr\/en\/wp-json\/wp\/v2\/media?parent=24691"}],"wp:term":[{"taxonomy":"product_brand","embeddable":true,"href":"https:\/\/www.petroni.hr\/en\/wp-json\/wp\/v2\/product_brand?post=24691"},{"taxonomy":"product_cat","embeddable":true,"href":"https:\/\/www.petroni.hr\/en\/wp-json\/wp\/v2\/product_cat?post=24691"},{"taxonomy":"product_tag","embeddable":true,"href":"https:\/\/www.petroni.hr\/en\/wp-json\/wp\/v2\/product_tag?post=24691"}],"curies":[{"name":"wp","href":"https:\/\/api.w.org\/{rel}","templated":true}]}}