{"id":24674,"date":"2025-08-07T09:10:46","date_gmt":"2025-08-07T08:10:46","guid":{"rendered":"https:\/\/www.petroni.hr\/?post_type=product&#038;p=24674"},"modified":"2025-08-07T09:10:48","modified_gmt":"2025-08-07T08:10:48","slug":"retrovizor-dodatni-za-vucu-prikolica-falcon","status":"publish","type":"product","link":"https:\/\/www.petroni.hr\/en\/proizvod\/retrovizor-dodatni-za-vucu-prikolica-falcon\/","title":{"rendered":"Retrovizor dodatni za vu\u010du prikolica Falcon"},"content":{"rendered":"<p>Falcon Super Steady visoko kvalitetno ogledalo sigurno se pri\u010dvr\u0161\u0107uje vijcima.<\/p>\n<p>Zahvaljuju\u0107i fleksibilnom sustavu stezanja, ogledalo se mo\u017ee ugraditi na gotovo sva ogledala vozila.<\/p>\n<p>Tehni\u010dki detalji &#8211;<\/p>\n<p>Duljina kraka\u00a0 305 mm<\/p>\n<p>Ogledalo (\u0160 x V) 430 x 130 mm<\/p>\n<p>Varijanta\u00a0 -konveksno<\/p>\n<p>Sadr\u017eaj &#8211; 2kom\/ 1par<\/p>\n<p>Neto te\u017eina 1,7 kg<br \/>\nVeli\u010dina pakiranja\u00a0 44,7 x 13,1 x 10,2 cm<\/p>\n<p>Bruto te\u017eina 2,1 kg<\/p>\n","protected":false},"excerpt":{"rendered":"<p>Falcon Super Steady visoko kvalitetno ogledalo sigurno se pri\u010dvr\u0161\u0107uje vijcima. Zahvaljuju\u0107i fleksibilnom sustavu stezanja, ogledalo se mo\u017ee ugraditi na gotovo sva ogledala vozila. Tehni\u010dki detalji &#8211; Duljina kraka\u00a0 305 mm Ogledalo (\u0160 x V) 430 x 130 mm Varijanta\u00a0 -konveksno Sadr\u017eaj &#8211; 2kom\/ 1par Neto te\u017eina 1,7 kg Veli\u010dina pakiranja\u00a0 44,7 x 13,1 x 10,2 [&hellip;]<\/p>\n","protected":false},"featured_media":24675,"comment_status":"open","ping_status":"closed","template":"","meta":{"_acf_changed":false,"_themeisle_gutenberg_block_has_review":false},"product_brand":[],"product_cat":[241,210],"product_tag":[],"class_list":{"0":"post-24674","1":"product","2":"type-product","3":"status-publish","4":"has-post-thumbnail","6":"product_cat-dodatni-retrovizori","7":"product_cat-caravan-tehnology","9":"first","10":"instock","11":"shipping-taxable","12":"purchasable","13":"product-type-simple"},"acf":[],"yoast_head":"<!-- This site is optimized with the Yoast SEO plugin v27.4 - https:\/\/yoast.com\/product\/yoast-seo-wordpress\/ -->\n<title>Retrovizor dodatni za vu\u010du prikolica Falcon | Petroni - rent | sale | service | conversions<\/title>\n<meta name=\"robots\" content=\"index, follow, max-snippet:-1, max-image-preview:large, max-video-preview:-1\" \/>\n<link rel=\"canonical\" href=\"https:\/\/www.petroni.hr\/en\/proizvod\/retrovizor-dodatni-za-vucu-prikolica-falcon\/\" \/>\n<meta property=\"og:locale\" content=\"en_US\" \/>\n<meta property=\"og:type\" content=\"article\" \/>\n<meta property=\"og:title\" content=\"Retrovizor dodatni za vu\u010du prikolica Falcon | Petroni - rent | sale | service | conversions\" \/>\n<meta property=\"og:description\" content=\"Falcon Super Steady visoko kvalitetno ogledalo sigurno se pri\u010dvr\u0161\u0107uje vijcima. Zahvaljuju\u0107i fleksibilnom sustavu stezanja, ogledalo se mo\u017ee ugraditi na gotovo sva ogledala vozila. Tehni\u010dki detalji &#8211; Duljina kraka\u00a0 305 mm Ogledalo (\u0160 x V) 430 x 130 mm Varijanta\u00a0 -konveksno Sadr\u017eaj &#8211; 2kom\/ 1par Neto te\u017eina 1,7 kg Veli\u010dina pakiranja\u00a0 44,7 x 13,1 x 10,2 [&hellip;]\" \/>\n<meta property=\"og:url\" content=\"https:\/\/www.petroni.hr\/en\/proizvod\/retrovizor-dodatni-za-vucu-prikolica-falcon\/\" \/>\n<meta property=\"og:site_name\" content=\"Petroni - rent | sale | service | conversions\" \/>\n<meta property=\"article:publisher\" content=\"https:\/\/www.facebook.com\/Kamperi.Petroni.Sesvete\/?locale=hr_HR\" \/>\n<meta property=\"article:modified_time\" content=\"2025-08-07T08:10:48+00:00\" \/>\n<meta property=\"og:image\" content=\"https:\/\/www.petroni.hr\/wp-content\/uploads\/2025\/08\/retrovizor-dodatni-falcon.jpg\" \/>\n\t<meta property=\"og:image:width\" content=\"400\" \/>\n\t<meta property=\"og:image:height\" content=\"304\" \/>\n\t<meta property=\"og:image:type\" content=\"image\/jpeg\" \/>\n<meta name=\"twitter:card\" content=\"summary_large_image\" \/>\n<script type=\"application\/ld+json\" class=\"yoast-schema-graph\">{\"@context\":\"https:\\\/\\\/schema.org\",\"@graph\":[{\"@type\":\"WebPage\",\"@id\":\"https:\\\/\\\/www.petroni.hr\\\/en\\\/proizvod\\\/retrovizor-dodatni-za-vucu-prikolica-falcon\\\/\",\"url\":\"https:\\\/\\\/www.petroni.hr\\\/en\\\/proizvod\\\/retrovizor-dodatni-za-vucu-prikolica-falcon\\\/\",\"name\":\"Retrovizor dodatni za vu\u010du prikolica Falcon | Petroni - rent | sale | service | conversions\",\"isPartOf\":{\"@id\":\"https:\\\/\\\/www.petroni.hr\\\/en\\\/#website\"},\"primaryImageOfPage\":{\"@id\":\"https:\\\/\\\/www.petroni.hr\\\/en\\\/proizvod\\\/retrovizor-dodatni-za-vucu-prikolica-falcon\\\/#primaryimage\"},\"image\":{\"@id\":\"https:\\\/\\\/www.petroni.hr\\\/en\\\/proizvod\\\/retrovizor-dodatni-za-vucu-prikolica-falcon\\\/#primaryimage\"},\"thumbnailUrl\":\"https:\\\/\\\/www.petroni.hr\\\/wp-content\\\/uploads\\\/2025\\\/08\\\/retrovizor-dodatni-falcon.jpg\",\"datePublished\":\"2025-08-07T08:10:46+00:00\",\"dateModified\":\"2025-08-07T08:10:48+00:00\",\"breadcrumb\":{\"@id\":\"https:\\\/\\\/www.petroni.hr\\\/en\\\/proizvod\\\/retrovizor-dodatni-za-vucu-prikolica-falcon\\\/#breadcrumb\"},\"inLanguage\":\"en-US\",\"potentialAction\":[{\"@type\":\"ReadAction\",\"target\":[\"https:\\\/\\\/www.petroni.hr\\\/en\\\/proizvod\\\/retrovizor-dodatni-za-vucu-prikolica-falcon\\\/\"]}]},{\"@type\":\"ImageObject\",\"inLanguage\":\"en-US\",\"@id\":\"https:\\\/\\\/www.petroni.hr\\\/en\\\/proizvod\\\/retrovizor-dodatni-za-vucu-prikolica-falcon\\\/#primaryimage\",\"url\":\"https:\\\/\\\/www.petroni.hr\\\/wp-content\\\/uploads\\\/2025\\\/08\\\/retrovizor-dodatni-falcon.jpg\",\"contentUrl\":\"https:\\\/\\\/www.petroni.hr\\\/wp-content\\\/uploads\\\/2025\\\/08\\\/retrovizor-dodatni-falcon.jpg\",\"width\":400,\"height\":304},{\"@type\":\"BreadcrumbList\",\"@id\":\"https:\\\/\\\/www.petroni.hr\\\/en\\\/proizvod\\\/retrovizor-dodatni-za-vucu-prikolica-falcon\\\/#breadcrumb\",\"itemListElement\":[{\"@type\":\"ListItem\",\"position\":1,\"name\":\"Po\u010detna stranica\",\"item\":\"https:\\\/\\\/www.petroni.hr\\\/en\\\/\"},{\"@type\":\"ListItem\",\"position\":2,\"name\":\"Shop\",\"item\":\"https:\\\/\\\/www.petroni.hr\\\/en\\\/shop\\\/\"},{\"@type\":\"ListItem\",\"position\":3,\"name\":\"Retrovizor dodatni za vu\u010du prikolica Falcon\"}]},{\"@type\":\"WebSite\",\"@id\":\"https:\\\/\\\/www.petroni.hr\\\/en\\\/#website\",\"url\":\"https:\\\/\\\/www.petroni.hr\\\/en\\\/\",\"name\":\"Petroni.hr\",\"description\":\"Experience the unprecedented freedom of travel\",\"publisher\":{\"@id\":\"https:\\\/\\\/www.petroni.hr\\\/en\\\/#organization\"},\"alternateName\":\"Petroni\",\"potentialAction\":[{\"@type\":\"SearchAction\",\"target\":{\"@type\":\"EntryPoint\",\"urlTemplate\":\"https:\\\/\\\/www.petroni.hr\\\/en\\\/?s={search_term_string}\"},\"query-input\":{\"@type\":\"PropertyValueSpecification\",\"valueRequired\":true,\"valueName\":\"search_term_string\"}}],\"inLanguage\":\"en-US\"},{\"@type\":\"Organization\",\"@id\":\"https:\\\/\\\/www.petroni.hr\\\/en\\\/#organization\",\"name\":\"Petroni d.o.o.\",\"alternateName\":\"Petroni\",\"url\":\"https:\\\/\\\/www.petroni.hr\\\/en\\\/\",\"logo\":{\"@type\":\"ImageObject\",\"inLanguage\":\"en-US\",\"@id\":\"https:\\\/\\\/www.petroni.hr\\\/en\\\/#\\\/schema\\\/logo\\\/image\\\/\",\"url\":\"https:\\\/\\\/www.petroni.hr\\\/wp-content\\\/uploads\\\/2024\\\/03\\\/cropped-Group-3.jpg\",\"contentUrl\":\"https:\\\/\\\/www.petroni.hr\\\/wp-content\\\/uploads\\\/2024\\\/03\\\/cropped-Group-3.jpg\",\"width\":512,\"height\":512,\"caption\":\"Petroni d.o.o.\"},\"image\":{\"@id\":\"https:\\\/\\\/www.petroni.hr\\\/en\\\/#\\\/schema\\\/logo\\\/image\\\/\"},\"sameAs\":[\"https:\\\/\\\/www.facebook.com\\\/Kamperi.Petroni.Sesvete\\\/?locale=hr_HR\"]}]}<\/script>\n<!-- \/ Yoast SEO plugin. -->","yoast_head_json":{"title":"Retrovizor dodatni za vu\u010du prikolica Falcon | Petroni - rent | sale | service | conversions","robots":{"index":"index","follow":"follow","max-snippet":"max-snippet:-1","max-image-preview":"max-image-preview:large","max-video-preview":"max-video-preview:-1"},"canonical":"https:\/\/www.petroni.hr\/en\/proizvod\/retrovizor-dodatni-za-vucu-prikolica-falcon\/","og_locale":"en_US","og_type":"article","og_title":"Retrovizor dodatni za vu\u010du prikolica Falcon | Petroni - rent | sale | service | conversions","og_description":"Falcon Super Steady visoko kvalitetno ogledalo sigurno se pri\u010dvr\u0161\u0107uje vijcima. Zahvaljuju\u0107i fleksibilnom sustavu stezanja, ogledalo se mo\u017ee ugraditi na gotovo sva ogledala vozila. Tehni\u010dki detalji &#8211; Duljina kraka\u00a0 305 mm Ogledalo (\u0160 x V) 430 x 130 mm Varijanta\u00a0 -konveksno Sadr\u017eaj &#8211; 2kom\/ 1par Neto te\u017eina 1,7 kg Veli\u010dina pakiranja\u00a0 44,7 x 13,1 x 10,2 [&hellip;]","og_url":"https:\/\/www.petroni.hr\/en\/proizvod\/retrovizor-dodatni-za-vucu-prikolica-falcon\/","og_site_name":"Petroni - rent | sale | service | conversions","article_publisher":"https:\/\/www.facebook.com\/Kamperi.Petroni.Sesvete\/?locale=hr_HR","article_modified_time":"2025-08-07T08:10:48+00:00","og_image":[{"width":400,"height":304,"url":"https:\/\/www.petroni.hr\/wp-content\/uploads\/2025\/08\/retrovizor-dodatni-falcon.jpg","type":"image\/jpeg"}],"twitter_card":"summary_large_image","schema":{"@context":"https:\/\/schema.org","@graph":[{"@type":"WebPage","@id":"https:\/\/www.petroni.hr\/en\/proizvod\/retrovizor-dodatni-za-vucu-prikolica-falcon\/","url":"https:\/\/www.petroni.hr\/en\/proizvod\/retrovizor-dodatni-za-vucu-prikolica-falcon\/","name":"Retrovizor dodatni za vu\u010du prikolica Falcon | Petroni - rent | sale | service | conversions","isPartOf":{"@id":"https:\/\/www.petroni.hr\/en\/#website"},"primaryImageOfPage":{"@id":"https:\/\/www.petroni.hr\/en\/proizvod\/retrovizor-dodatni-za-vucu-prikolica-falcon\/#primaryimage"},"image":{"@id":"https:\/\/www.petroni.hr\/en\/proizvod\/retrovizor-dodatni-za-vucu-prikolica-falcon\/#primaryimage"},"thumbnailUrl":"https:\/\/www.petroni.hr\/wp-content\/uploads\/2025\/08\/retrovizor-dodatni-falcon.jpg","datePublished":"2025-08-07T08:10:46+00:00","dateModified":"2025-08-07T08:10:48+00:00","breadcrumb":{"@id":"https:\/\/www.petroni.hr\/en\/proizvod\/retrovizor-dodatni-za-vucu-prikolica-falcon\/#breadcrumb"},"inLanguage":"en-US","potentialAction":[{"@type":"ReadAction","target":["https:\/\/www.petroni.hr\/en\/proizvod\/retrovizor-dodatni-za-vucu-prikolica-falcon\/"]}]},{"@type":"ImageObject","inLanguage":"en-US","@id":"https:\/\/www.petroni.hr\/en\/proizvod\/retrovizor-dodatni-za-vucu-prikolica-falcon\/#primaryimage","url":"https:\/\/www.petroni.hr\/wp-content\/uploads\/2025\/08\/retrovizor-dodatni-falcon.jpg","contentUrl":"https:\/\/www.petroni.hr\/wp-content\/uploads\/2025\/08\/retrovizor-dodatni-falcon.jpg","width":400,"height":304},{"@type":"BreadcrumbList","@id":"https:\/\/www.petroni.hr\/en\/proizvod\/retrovizor-dodatni-za-vucu-prikolica-falcon\/#breadcrumb","itemListElement":[{"@type":"ListItem","position":1,"name":"Po\u010detna stranica","item":"https:\/\/www.petroni.hr\/en\/"},{"@type":"ListItem","position":2,"name":"Shop","item":"https:\/\/www.petroni.hr\/en\/shop\/"},{"@type":"ListItem","position":3,"name":"Retrovizor dodatni za vu\u010du prikolica Falcon"}]},{"@type":"WebSite","@id":"https:\/\/www.petroni.hr\/en\/#website","url":"https:\/\/www.petroni.hr\/en\/","name":"Petroni.hr","description":"Experience the unprecedented freedom of travel","publisher":{"@id":"https:\/\/www.petroni.hr\/en\/#organization"},"alternateName":"Petroni","potentialAction":[{"@type":"SearchAction","target":{"@type":"EntryPoint","urlTemplate":"https:\/\/www.petroni.hr\/en\/?s={search_term_string}"},"query-input":{"@type":"PropertyValueSpecification","valueRequired":true,"valueName":"search_term_string"}}],"inLanguage":"en-US"},{"@type":"Organization","@id":"https:\/\/www.petroni.hr\/en\/#organization","name":"Petroni d.o.o.","alternateName":"Petroni","url":"https:\/\/www.petroni.hr\/en\/","logo":{"@type":"ImageObject","inLanguage":"en-US","@id":"https:\/\/www.petroni.hr\/en\/#\/schema\/logo\/image\/","url":"https:\/\/www.petroni.hr\/wp-content\/uploads\/2024\/03\/cropped-Group-3.jpg","contentUrl":"https:\/\/www.petroni.hr\/wp-content\/uploads\/2024\/03\/cropped-Group-3.jpg","width":512,"height":512,"caption":"Petroni d.o.o."},"image":{"@id":"https:\/\/www.petroni.hr\/en\/#\/schema\/logo\/image\/"},"sameAs":["https:\/\/www.facebook.com\/Kamperi.Petroni.Sesvete\/?locale=hr_HR"]}]}},"_links":{"self":[{"href":"https:\/\/www.petroni.hr\/en\/wp-json\/wp\/v2\/product\/24674","targetHints":{"allow":["GET"]}}],"collection":[{"href":"https:\/\/www.petroni.hr\/en\/wp-json\/wp\/v2\/product"}],"about":[{"href":"https:\/\/www.petroni.hr\/en\/wp-json\/wp\/v2\/types\/product"}],"replies":[{"embeddable":true,"href":"https:\/\/www.petroni.hr\/en\/wp-json\/wp\/v2\/comments?post=24674"}],"wp:featuredmedia":[{"embeddable":true,"href":"https:\/\/www.petroni.hr\/en\/wp-json\/wp\/v2\/media\/24675"}],"wp:attachment":[{"href":"https:\/\/www.petroni.hr\/en\/wp-json\/wp\/v2\/media?parent=24674"}],"wp:term":[{"taxonomy":"product_brand","embeddable":true,"href":"https:\/\/www.petroni.hr\/en\/wp-json\/wp\/v2\/product_brand?post=24674"},{"taxonomy":"product_cat","embeddable":true,"href":"https:\/\/www.petroni.hr\/en\/wp-json\/wp\/v2\/product_cat?post=24674"},{"taxonomy":"product_tag","embeddable":true,"href":"https:\/\/www.petroni.hr\/en\/wp-json\/wp\/v2\/product_tag?post=24674"}],"curies":[{"name":"wp","href":"https:\/\/api.w.org\/{rel}","templated":true}]}}