{"id":24374,"date":"2025-06-22T20:50:46","date_gmt":"2025-06-22T19:50:46","guid":{"rendered":"https:\/\/www.petroni.hr\/?post_type=product&#038;p=24374"},"modified":"2026-02-23T06:24:49","modified_gmt":"2026-02-23T05:24:49","slug":"kuhalo-ua-vodu-12v-150w","status":"publish","type":"product","link":"https:\/\/www.petroni.hr\/en\/proizvod\/kuhalo-ua-vodu-12v-150w\/","title":{"rendered":"Kuhalo za vodu 12V 150W"},"content":{"rendered":"<p>Caldera Electric Camping Kettle 12V nudi razne zna\u010dajke i prednosti:<\/p>\n<p>U\u010dinkovit \u2013 snaga od 150 W za brzo zagrijavanje<br \/>\nPrijenosni \u2013 Lagan od 542 gr za jednostavan transport<br \/>\nIzdr\u017eljiv \u2013 izra\u0111en od robusnog plasti\u010dnog materijala<br \/>\nKompaktan \u2013 mjeri 185 mm u duljinu, 144 mm u \u0161irinu i 183 mm u visinu<\/p>\n<p>Prakti\u010dno \u2013 kapacitet od 1 litre za vi\u0161e porcija<br \/>\nCaldera Electric Camping Kettle 12V neophodan je dodatak va\u0161em karavanu, kamperu ili \u010damcu. Uz potro\u0161nju energije od 150 W, brzo i u\u010dinkovito zagrijava vodu, \u0161to ga \u010dini savr\u0161enim za va\u0161e tople napitke ili kuhanje. Unato\u010d svojim sna\u017enim performansama, i dalje je lagan s 542 grama, \u0161to ga \u010dini lakim za no\u0161enje i spremanje. Izra\u0111en od izdr\u017eljive plastike, dizajniran je da izdr\u017ei te\u0161ke uvjete kampiranja i kori\u0161tenja na otvorenom. Njegove kompaktne dimenzije od 185 mm duljine, 144 mm \u0161irine i 183 mm visine \u010dine ga prikladnim za male prostore. Kuhalo za vodu ima veliki kapacitet od 1 litre, \u0161to vam omogu\u0107uje zagrijavanje dovoljno vode za vi\u0161e porcija. Bilo da kuhate \u0161alicu \u010daja, pripremate obrok ili jednostavno trebate toplu vodu, Caldera Electric Camping Kettle 12V va\u0161 je pouzdani suputnik.<\/p>\n<p>&nbsp;<\/p>\n<p>Boja bijela<\/p>\n<p>Neto te\u017eina 0,542 kg<\/p>\n<p>Materijal -plasti\u010dni<\/p>\n<p>Duljina 185 mm<\/p>\n<p>\u0160irina 144 mm<\/p>\n<p>Visina 183 mm<\/p>\n<p>Priklju\u010dni napon 12V DC<\/p>\n<p>Potro\u0161nja energije 150 W<\/p>\n","protected":false},"excerpt":{"rendered":"<p>Caldera Electric Camping Kettle 12V nudi razne zna\u010dajke i prednosti: U\u010dinkovit \u2013 snaga od 150 W za brzo zagrijavanje Prijenosni \u2013 Lagan od 542 gr za jednostavan transport Izdr\u017eljiv \u2013 izra\u0111en od robusnog plasti\u010dnog materijala Kompaktan \u2013 mjeri 185 mm u duljinu, 144 mm u \u0161irinu i 183 mm u visinu Prakti\u010dno \u2013 kapacitet od [&hellip;]<\/p>\n","protected":false},"featured_media":24375,"comment_status":"open","ping_status":"closed","template":"","meta":{"_acf_changed":false,"_themeisle_gutenberg_block_has_review":false},"product_brand":[],"product_cat":[213,206,365,246],"product_tag":[],"class_list":{"0":"post-24374","1":"product","2":"type-product","3":"status-publish","4":"has-post-thumbnail","6":"product_cat-electrical","7":"product_cat-household-kitchen","8":"product_cat-kupaona-kuhinja","9":"product_cat-posude-household-kitchen","11":"first","12":"instock","13":"shipping-taxable","14":"purchasable","15":"product-type-simple"},"acf":[],"yoast_head":"<!-- This site is optimized with the Yoast SEO plugin v27.4 - https:\/\/yoast.com\/product\/yoast-seo-wordpress\/ -->\n<title>Kuhalo za vodu 12V 150W | Petroni - rent | sale | service | conversions<\/title>\n<meta name=\"robots\" content=\"index, follow, max-snippet:-1, max-image-preview:large, max-video-preview:-1\" \/>\n<link rel=\"canonical\" href=\"https:\/\/www.petroni.hr\/en\/proizvod\/kuhalo-ua-vodu-12v-150w\/\" \/>\n<meta property=\"og:locale\" content=\"en_US\" \/>\n<meta property=\"og:type\" content=\"article\" \/>\n<meta property=\"og:title\" content=\"Kuhalo za vodu 12V 150W | Petroni - rent | sale | service | conversions\" \/>\n<meta property=\"og:description\" content=\"Caldera Electric Camping Kettle 12V nudi razne zna\u010dajke i prednosti: U\u010dinkovit \u2013 snaga od 150 W za brzo zagrijavanje Prijenosni \u2013 Lagan od 542 gr za jednostavan transport Izdr\u017eljiv \u2013 izra\u0111en od robusnog plasti\u010dnog materijala Kompaktan \u2013 mjeri 185 mm u duljinu, 144 mm u \u0161irinu i 183 mm u visinu Prakti\u010dno \u2013 kapacitet od [&hellip;]\" \/>\n<meta property=\"og:url\" content=\"https:\/\/www.petroni.hr\/en\/proizvod\/kuhalo-ua-vodu-12v-150w\/\" \/>\n<meta property=\"og:site_name\" content=\"Petroni - rent | sale | service | conversions\" \/>\n<meta property=\"article:publisher\" content=\"https:\/\/www.facebook.com\/Kamperi.Petroni.Sesvete\/?locale=hr_HR\" \/>\n<meta property=\"article:modified_time\" content=\"2026-02-23T05:24:49+00:00\" \/>\n<meta property=\"og:image\" content=\"https:\/\/www.petroni.hr\/wp-content\/uploads\/2025\/06\/kuhalo-12v-150w.jpg\" \/>\n\t<meta property=\"og:image:width\" content=\"550\" \/>\n\t<meta property=\"og:image:height\" content=\"550\" \/>\n\t<meta property=\"og:image:type\" content=\"image\/jpeg\" \/>\n<meta name=\"twitter:card\" content=\"summary_large_image\" \/>\n<meta name=\"twitter:label1\" content=\"Est. reading time\" \/>\n\t<meta name=\"twitter:data1\" content=\"1 minute\" \/>\n<script type=\"application\/ld+json\" class=\"yoast-schema-graph\">{\"@context\":\"https:\\\/\\\/schema.org\",\"@graph\":[{\"@type\":\"WebPage\",\"@id\":\"https:\\\/\\\/www.petroni.hr\\\/en\\\/proizvod\\\/kuhalo-ua-vodu-12v-150w\\\/\",\"url\":\"https:\\\/\\\/www.petroni.hr\\\/en\\\/proizvod\\\/kuhalo-ua-vodu-12v-150w\\\/\",\"name\":\"Kuhalo za vodu 12V 150W | Petroni - rent | sale | service | conversions\",\"isPartOf\":{\"@id\":\"https:\\\/\\\/www.petroni.hr\\\/en\\\/#website\"},\"primaryImageOfPage\":{\"@id\":\"https:\\\/\\\/www.petroni.hr\\\/en\\\/proizvod\\\/kuhalo-ua-vodu-12v-150w\\\/#primaryimage\"},\"image\":{\"@id\":\"https:\\\/\\\/www.petroni.hr\\\/en\\\/proizvod\\\/kuhalo-ua-vodu-12v-150w\\\/#primaryimage\"},\"thumbnailUrl\":\"https:\\\/\\\/www.petroni.hr\\\/wp-content\\\/uploads\\\/2025\\\/06\\\/kuhalo-12v-150w.jpg\",\"datePublished\":\"2025-06-22T19:50:46+00:00\",\"dateModified\":\"2026-02-23T05:24:49+00:00\",\"breadcrumb\":{\"@id\":\"https:\\\/\\\/www.petroni.hr\\\/en\\\/proizvod\\\/kuhalo-ua-vodu-12v-150w\\\/#breadcrumb\"},\"inLanguage\":\"en-US\",\"potentialAction\":[{\"@type\":\"ReadAction\",\"target\":[\"https:\\\/\\\/www.petroni.hr\\\/en\\\/proizvod\\\/kuhalo-ua-vodu-12v-150w\\\/\"]}]},{\"@type\":\"ImageObject\",\"inLanguage\":\"en-US\",\"@id\":\"https:\\\/\\\/www.petroni.hr\\\/en\\\/proizvod\\\/kuhalo-ua-vodu-12v-150w\\\/#primaryimage\",\"url\":\"https:\\\/\\\/www.petroni.hr\\\/wp-content\\\/uploads\\\/2025\\\/06\\\/kuhalo-12v-150w.jpg\",\"contentUrl\":\"https:\\\/\\\/www.petroni.hr\\\/wp-content\\\/uploads\\\/2025\\\/06\\\/kuhalo-12v-150w.jpg\",\"width\":550,\"height\":550},{\"@type\":\"BreadcrumbList\",\"@id\":\"https:\\\/\\\/www.petroni.hr\\\/en\\\/proizvod\\\/kuhalo-ua-vodu-12v-150w\\\/#breadcrumb\",\"itemListElement\":[{\"@type\":\"ListItem\",\"position\":1,\"name\":\"Po\u010detna stranica\",\"item\":\"https:\\\/\\\/www.petroni.hr\\\/en\\\/\"},{\"@type\":\"ListItem\",\"position\":2,\"name\":\"Shop\",\"item\":\"https:\\\/\\\/www.petroni.hr\\\/en\\\/shop\\\/\"},{\"@type\":\"ListItem\",\"position\":3,\"name\":\"Kuhalo za vodu 12V 150W\"}]},{\"@type\":\"WebSite\",\"@id\":\"https:\\\/\\\/www.petroni.hr\\\/en\\\/#website\",\"url\":\"https:\\\/\\\/www.petroni.hr\\\/en\\\/\",\"name\":\"Petroni.hr\",\"description\":\"Experience the unprecedented freedom of travel\",\"publisher\":{\"@id\":\"https:\\\/\\\/www.petroni.hr\\\/en\\\/#organization\"},\"alternateName\":\"Petroni\",\"potentialAction\":[{\"@type\":\"SearchAction\",\"target\":{\"@type\":\"EntryPoint\",\"urlTemplate\":\"https:\\\/\\\/www.petroni.hr\\\/en\\\/?s={search_term_string}\"},\"query-input\":{\"@type\":\"PropertyValueSpecification\",\"valueRequired\":true,\"valueName\":\"search_term_string\"}}],\"inLanguage\":\"en-US\"},{\"@type\":\"Organization\",\"@id\":\"https:\\\/\\\/www.petroni.hr\\\/en\\\/#organization\",\"name\":\"Petroni d.o.o.\",\"alternateName\":\"Petroni\",\"url\":\"https:\\\/\\\/www.petroni.hr\\\/en\\\/\",\"logo\":{\"@type\":\"ImageObject\",\"inLanguage\":\"en-US\",\"@id\":\"https:\\\/\\\/www.petroni.hr\\\/en\\\/#\\\/schema\\\/logo\\\/image\\\/\",\"url\":\"https:\\\/\\\/www.petroni.hr\\\/wp-content\\\/uploads\\\/2024\\\/03\\\/cropped-Group-3.jpg\",\"contentUrl\":\"https:\\\/\\\/www.petroni.hr\\\/wp-content\\\/uploads\\\/2024\\\/03\\\/cropped-Group-3.jpg\",\"width\":512,\"height\":512,\"caption\":\"Petroni d.o.o.\"},\"image\":{\"@id\":\"https:\\\/\\\/www.petroni.hr\\\/en\\\/#\\\/schema\\\/logo\\\/image\\\/\"},\"sameAs\":[\"https:\\\/\\\/www.facebook.com\\\/Kamperi.Petroni.Sesvete\\\/?locale=hr_HR\"]}]}<\/script>\n<!-- \/ Yoast SEO plugin. -->","yoast_head_json":{"title":"Kuhalo za vodu 12V 150W | Petroni - rent | sale | service | conversions","robots":{"index":"index","follow":"follow","max-snippet":"max-snippet:-1","max-image-preview":"max-image-preview:large","max-video-preview":"max-video-preview:-1"},"canonical":"https:\/\/www.petroni.hr\/en\/proizvod\/kuhalo-ua-vodu-12v-150w\/","og_locale":"en_US","og_type":"article","og_title":"Kuhalo za vodu 12V 150W | Petroni - rent | sale | service | conversions","og_description":"Caldera Electric Camping Kettle 12V nudi razne zna\u010dajke i prednosti: U\u010dinkovit \u2013 snaga od 150 W za brzo zagrijavanje Prijenosni \u2013 Lagan od 542 gr za jednostavan transport Izdr\u017eljiv \u2013 izra\u0111en od robusnog plasti\u010dnog materijala Kompaktan \u2013 mjeri 185 mm u duljinu, 144 mm u \u0161irinu i 183 mm u visinu Prakti\u010dno \u2013 kapacitet od [&hellip;]","og_url":"https:\/\/www.petroni.hr\/en\/proizvod\/kuhalo-ua-vodu-12v-150w\/","og_site_name":"Petroni - rent | sale | service | conversions","article_publisher":"https:\/\/www.facebook.com\/Kamperi.Petroni.Sesvete\/?locale=hr_HR","article_modified_time":"2026-02-23T05:24:49+00:00","og_image":[{"width":550,"height":550,"url":"https:\/\/www.petroni.hr\/wp-content\/uploads\/2025\/06\/kuhalo-12v-150w.jpg","type":"image\/jpeg"}],"twitter_card":"summary_large_image","twitter_misc":{"Est. reading time":"1 minute"},"schema":{"@context":"https:\/\/schema.org","@graph":[{"@type":"WebPage","@id":"https:\/\/www.petroni.hr\/en\/proizvod\/kuhalo-ua-vodu-12v-150w\/","url":"https:\/\/www.petroni.hr\/en\/proizvod\/kuhalo-ua-vodu-12v-150w\/","name":"Kuhalo za vodu 12V 150W | Petroni - rent | sale | service | conversions","isPartOf":{"@id":"https:\/\/www.petroni.hr\/en\/#website"},"primaryImageOfPage":{"@id":"https:\/\/www.petroni.hr\/en\/proizvod\/kuhalo-ua-vodu-12v-150w\/#primaryimage"},"image":{"@id":"https:\/\/www.petroni.hr\/en\/proizvod\/kuhalo-ua-vodu-12v-150w\/#primaryimage"},"thumbnailUrl":"https:\/\/www.petroni.hr\/wp-content\/uploads\/2025\/06\/kuhalo-12v-150w.jpg","datePublished":"2025-06-22T19:50:46+00:00","dateModified":"2026-02-23T05:24:49+00:00","breadcrumb":{"@id":"https:\/\/www.petroni.hr\/en\/proizvod\/kuhalo-ua-vodu-12v-150w\/#breadcrumb"},"inLanguage":"en-US","potentialAction":[{"@type":"ReadAction","target":["https:\/\/www.petroni.hr\/en\/proizvod\/kuhalo-ua-vodu-12v-150w\/"]}]},{"@type":"ImageObject","inLanguage":"en-US","@id":"https:\/\/www.petroni.hr\/en\/proizvod\/kuhalo-ua-vodu-12v-150w\/#primaryimage","url":"https:\/\/www.petroni.hr\/wp-content\/uploads\/2025\/06\/kuhalo-12v-150w.jpg","contentUrl":"https:\/\/www.petroni.hr\/wp-content\/uploads\/2025\/06\/kuhalo-12v-150w.jpg","width":550,"height":550},{"@type":"BreadcrumbList","@id":"https:\/\/www.petroni.hr\/en\/proizvod\/kuhalo-ua-vodu-12v-150w\/#breadcrumb","itemListElement":[{"@type":"ListItem","position":1,"name":"Po\u010detna stranica","item":"https:\/\/www.petroni.hr\/en\/"},{"@type":"ListItem","position":2,"name":"Shop","item":"https:\/\/www.petroni.hr\/en\/shop\/"},{"@type":"ListItem","position":3,"name":"Kuhalo za vodu 12V 150W"}]},{"@type":"WebSite","@id":"https:\/\/www.petroni.hr\/en\/#website","url":"https:\/\/www.petroni.hr\/en\/","name":"Petroni.hr","description":"Experience the unprecedented freedom of travel","publisher":{"@id":"https:\/\/www.petroni.hr\/en\/#organization"},"alternateName":"Petroni","potentialAction":[{"@type":"SearchAction","target":{"@type":"EntryPoint","urlTemplate":"https:\/\/www.petroni.hr\/en\/?s={search_term_string}"},"query-input":{"@type":"PropertyValueSpecification","valueRequired":true,"valueName":"search_term_string"}}],"inLanguage":"en-US"},{"@type":"Organization","@id":"https:\/\/www.petroni.hr\/en\/#organization","name":"Petroni d.o.o.","alternateName":"Petroni","url":"https:\/\/www.petroni.hr\/en\/","logo":{"@type":"ImageObject","inLanguage":"en-US","@id":"https:\/\/www.petroni.hr\/en\/#\/schema\/logo\/image\/","url":"https:\/\/www.petroni.hr\/wp-content\/uploads\/2024\/03\/cropped-Group-3.jpg","contentUrl":"https:\/\/www.petroni.hr\/wp-content\/uploads\/2024\/03\/cropped-Group-3.jpg","width":512,"height":512,"caption":"Petroni d.o.o."},"image":{"@id":"https:\/\/www.petroni.hr\/en\/#\/schema\/logo\/image\/"},"sameAs":["https:\/\/www.facebook.com\/Kamperi.Petroni.Sesvete\/?locale=hr_HR"]}]}},"_links":{"self":[{"href":"https:\/\/www.petroni.hr\/en\/wp-json\/wp\/v2\/product\/24374","targetHints":{"allow":["GET"]}}],"collection":[{"href":"https:\/\/www.petroni.hr\/en\/wp-json\/wp\/v2\/product"}],"about":[{"href":"https:\/\/www.petroni.hr\/en\/wp-json\/wp\/v2\/types\/product"}],"replies":[{"embeddable":true,"href":"https:\/\/www.petroni.hr\/en\/wp-json\/wp\/v2\/comments?post=24374"}],"wp:featuredmedia":[{"embeddable":true,"href":"https:\/\/www.petroni.hr\/en\/wp-json\/wp\/v2\/media\/24375"}],"wp:attachment":[{"href":"https:\/\/www.petroni.hr\/en\/wp-json\/wp\/v2\/media?parent=24374"}],"wp:term":[{"taxonomy":"product_brand","embeddable":true,"href":"https:\/\/www.petroni.hr\/en\/wp-json\/wp\/v2\/product_brand?post=24374"},{"taxonomy":"product_cat","embeddable":true,"href":"https:\/\/www.petroni.hr\/en\/wp-json\/wp\/v2\/product_cat?post=24374"},{"taxonomy":"product_tag","embeddable":true,"href":"https:\/\/www.petroni.hr\/en\/wp-json\/wp\/v2\/product_tag?post=24374"}],"curies":[{"name":"wp","href":"https:\/\/api.w.org\/{rel}","templated":true}]}}