{"id":24357,"date":"2025-06-22T16:12:53","date_gmt":"2025-06-22T15:12:53","guid":{"rendered":"https:\/\/www.petroni.hr\/?post_type=product&#038;p=24357"},"modified":"2025-06-22T16:13:19","modified_gmt":"2025-06-22T15:13:19","slug":"pipa-mjesalica-reich-style-3005-buerstner","status":"publish","type":"product","link":"https:\/\/www.petroni.hr\/en\/proizvod\/pipa-mjesalica-reich-style-3005-buerstner\/","title":{"rendered":"Pipa-mje\u0161alica REICH Style 3005 Buerstner"},"content":{"rendered":"<p>&nbsp;<\/p>\n<p>Jednoru\u010dna mije\u0161alica i slavina za toplu i\u00a0 hladnu vodu<\/p>\n<p>Op\u0107e informacije<br \/>\nProizvo\u0111a\u010dka boja krom<br \/>\nBoja siva<br \/>\nTe\u017eina 0,2 kg<\/p>\n<p>Ugradbena visina 40 mm<br \/>\nDuljina navoja 30 mm<br \/>\nMonta\u017eni otvor promjera 27 mm<br \/>\nDuljina izlaza 165 mm<br \/>\nStruktura Mikroprekida\u010d<\/p>\n<p>Proizvo\u0111a\u010dka boja za B\u00fcrstner &#8211; boja krom<\/p>\n","protected":false},"excerpt":{"rendered":"<p>&nbsp; Jednoru\u010dna mije\u0161alica i slavina za toplu i\u00a0 hladnu vodu Op\u0107e informacije Proizvo\u0111a\u010dka boja krom Boja siva Te\u017eina 0,2 kg Ugradbena visina 40 mm Duljina navoja 30 mm Monta\u017eni otvor promjera 27 mm Duljina izlaza 165 mm Struktura Mikroprekida\u010d Proizvo\u0111a\u010dka boja za B\u00fcrstner &#8211; boja krom<\/p>\n","protected":false},"featured_media":24351,"comment_status":"open","ping_status":"closed","template":"","meta":{"_acf_changed":false,"_themeisle_gutenberg_block_has_review":false},"product_brand":[],"product_cat":[248,203],"product_tag":[],"class_list":{"0":"post-24357","1":"product","2":"type-product","3":"status-publish","4":"has-post-thumbnail","6":"product_cat-pipe-mjesalice","7":"product_cat-water-sanitary","9":"first","10":"instock","11":"shipping-taxable","12":"purchasable","13":"product-type-simple"},"acf":[],"yoast_head":"<!-- This site is optimized with the Yoast SEO plugin v27.4 - https:\/\/yoast.com\/product\/yoast-seo-wordpress\/ -->\n<title>Pipa-mje\u0161alica REICH Style 3005 Buerstner | Petroni - rent | sale | service | conversions<\/title>\n<meta name=\"robots\" content=\"index, follow, max-snippet:-1, max-image-preview:large, max-video-preview:-1\" \/>\n<link rel=\"canonical\" href=\"https:\/\/www.petroni.hr\/en\/proizvod\/pipa-mjesalica-reich-style-3005-buerstner\/\" \/>\n<meta property=\"og:locale\" content=\"en_US\" \/>\n<meta property=\"og:type\" content=\"article\" \/>\n<meta property=\"og:title\" content=\"Pipa-mje\u0161alica REICH Style 3005 Buerstner | Petroni - rent | sale | service | conversions\" \/>\n<meta property=\"og:description\" content=\"&nbsp; Jednoru\u010dna mije\u0161alica i slavina za toplu i\u00a0 hladnu vodu Op\u0107e informacije Proizvo\u0111a\u010dka boja krom Boja siva Te\u017eina 0,2 kg Ugradbena visina 40 mm Duljina navoja 30 mm Monta\u017eni otvor promjera 27 mm Duljina izlaza 165 mm Struktura Mikroprekida\u010d Proizvo\u0111a\u010dka boja za B\u00fcrstner &#8211; boja krom\" \/>\n<meta property=\"og:url\" content=\"https:\/\/www.petroni.hr\/en\/proizvod\/pipa-mjesalica-reich-style-3005-buerstner\/\" \/>\n<meta property=\"og:site_name\" content=\"Petroni - rent | sale | service | conversions\" \/>\n<meta property=\"article:publisher\" content=\"https:\/\/www.facebook.com\/Kamperi.Petroni.Sesvete\/?locale=hr_HR\" \/>\n<meta property=\"article:modified_time\" content=\"2025-06-22T15:13:19+00:00\" \/>\n<meta property=\"og:image\" content=\"https:\/\/www.petroni.hr\/wp-content\/uploads\/2025\/06\/Pipa-style-3005-2.jpg\" \/>\n\t<meta property=\"og:image:width\" content=\"488\" \/>\n\t<meta property=\"og:image:height\" content=\"550\" \/>\n\t<meta property=\"og:image:type\" content=\"image\/jpeg\" \/>\n<meta name=\"twitter:card\" content=\"summary_large_image\" \/>\n<script type=\"application\/ld+json\" class=\"yoast-schema-graph\">{\"@context\":\"https:\\\/\\\/schema.org\",\"@graph\":[{\"@type\":\"WebPage\",\"@id\":\"https:\\\/\\\/www.petroni.hr\\\/en\\\/proizvod\\\/pipa-mjesalica-reich-style-3005-buerstner\\\/\",\"url\":\"https:\\\/\\\/www.petroni.hr\\\/en\\\/proizvod\\\/pipa-mjesalica-reich-style-3005-buerstner\\\/\",\"name\":\"Pipa-mje\u0161alica REICH Style 3005 Buerstner | Petroni - rent | sale | service | conversions\",\"isPartOf\":{\"@id\":\"https:\\\/\\\/www.petroni.hr\\\/en\\\/#website\"},\"primaryImageOfPage\":{\"@id\":\"https:\\\/\\\/www.petroni.hr\\\/en\\\/proizvod\\\/pipa-mjesalica-reich-style-3005-buerstner\\\/#primaryimage\"},\"image\":{\"@id\":\"https:\\\/\\\/www.petroni.hr\\\/en\\\/proizvod\\\/pipa-mjesalica-reich-style-3005-buerstner\\\/#primaryimage\"},\"thumbnailUrl\":\"https:\\\/\\\/www.petroni.hr\\\/wp-content\\\/uploads\\\/2025\\\/06\\\/Pipa-style-3005-2.jpg\",\"datePublished\":\"2025-06-22T15:12:53+00:00\",\"dateModified\":\"2025-06-22T15:13:19+00:00\",\"breadcrumb\":{\"@id\":\"https:\\\/\\\/www.petroni.hr\\\/en\\\/proizvod\\\/pipa-mjesalica-reich-style-3005-buerstner\\\/#breadcrumb\"},\"inLanguage\":\"en-US\",\"potentialAction\":[{\"@type\":\"ReadAction\",\"target\":[\"https:\\\/\\\/www.petroni.hr\\\/en\\\/proizvod\\\/pipa-mjesalica-reich-style-3005-buerstner\\\/\"]}]},{\"@type\":\"ImageObject\",\"inLanguage\":\"en-US\",\"@id\":\"https:\\\/\\\/www.petroni.hr\\\/en\\\/proizvod\\\/pipa-mjesalica-reich-style-3005-buerstner\\\/#primaryimage\",\"url\":\"https:\\\/\\\/www.petroni.hr\\\/wp-content\\\/uploads\\\/2025\\\/06\\\/Pipa-style-3005-2.jpg\",\"contentUrl\":\"https:\\\/\\\/www.petroni.hr\\\/wp-content\\\/uploads\\\/2025\\\/06\\\/Pipa-style-3005-2.jpg\",\"width\":488,\"height\":550},{\"@type\":\"BreadcrumbList\",\"@id\":\"https:\\\/\\\/www.petroni.hr\\\/en\\\/proizvod\\\/pipa-mjesalica-reich-style-3005-buerstner\\\/#breadcrumb\",\"itemListElement\":[{\"@type\":\"ListItem\",\"position\":1,\"name\":\"Po\u010detna stranica\",\"item\":\"https:\\\/\\\/www.petroni.hr\\\/en\\\/\"},{\"@type\":\"ListItem\",\"position\":2,\"name\":\"Shop\",\"item\":\"https:\\\/\\\/www.petroni.hr\\\/en\\\/shop\\\/\"},{\"@type\":\"ListItem\",\"position\":3,\"name\":\"Pipa-mje\u0161alica REICH Style 3005 Buerstner\"}]},{\"@type\":\"WebSite\",\"@id\":\"https:\\\/\\\/www.petroni.hr\\\/en\\\/#website\",\"url\":\"https:\\\/\\\/www.petroni.hr\\\/en\\\/\",\"name\":\"Petroni.hr\",\"description\":\"Experience the unprecedented freedom of travel\",\"publisher\":{\"@id\":\"https:\\\/\\\/www.petroni.hr\\\/en\\\/#organization\"},\"alternateName\":\"Petroni\",\"potentialAction\":[{\"@type\":\"SearchAction\",\"target\":{\"@type\":\"EntryPoint\",\"urlTemplate\":\"https:\\\/\\\/www.petroni.hr\\\/en\\\/?s={search_term_string}\"},\"query-input\":{\"@type\":\"PropertyValueSpecification\",\"valueRequired\":true,\"valueName\":\"search_term_string\"}}],\"inLanguage\":\"en-US\"},{\"@type\":\"Organization\",\"@id\":\"https:\\\/\\\/www.petroni.hr\\\/en\\\/#organization\",\"name\":\"Petroni d.o.o.\",\"alternateName\":\"Petroni\",\"url\":\"https:\\\/\\\/www.petroni.hr\\\/en\\\/\",\"logo\":{\"@type\":\"ImageObject\",\"inLanguage\":\"en-US\",\"@id\":\"https:\\\/\\\/www.petroni.hr\\\/en\\\/#\\\/schema\\\/logo\\\/image\\\/\",\"url\":\"https:\\\/\\\/www.petroni.hr\\\/wp-content\\\/uploads\\\/2024\\\/03\\\/cropped-Group-3.jpg\",\"contentUrl\":\"https:\\\/\\\/www.petroni.hr\\\/wp-content\\\/uploads\\\/2024\\\/03\\\/cropped-Group-3.jpg\",\"width\":512,\"height\":512,\"caption\":\"Petroni d.o.o.\"},\"image\":{\"@id\":\"https:\\\/\\\/www.petroni.hr\\\/en\\\/#\\\/schema\\\/logo\\\/image\\\/\"},\"sameAs\":[\"https:\\\/\\\/www.facebook.com\\\/Kamperi.Petroni.Sesvete\\\/?locale=hr_HR\"]}]}<\/script>\n<!-- \/ Yoast SEO plugin. -->","yoast_head_json":{"title":"Pipa-mje\u0161alica REICH Style 3005 Buerstner | Petroni - rent | sale | service | conversions","robots":{"index":"index","follow":"follow","max-snippet":"max-snippet:-1","max-image-preview":"max-image-preview:large","max-video-preview":"max-video-preview:-1"},"canonical":"https:\/\/www.petroni.hr\/en\/proizvod\/pipa-mjesalica-reich-style-3005-buerstner\/","og_locale":"en_US","og_type":"article","og_title":"Pipa-mje\u0161alica REICH Style 3005 Buerstner | Petroni - rent | sale | service | conversions","og_description":"&nbsp; Jednoru\u010dna mije\u0161alica i slavina za toplu i\u00a0 hladnu vodu Op\u0107e informacije Proizvo\u0111a\u010dka boja krom Boja siva Te\u017eina 0,2 kg Ugradbena visina 40 mm Duljina navoja 30 mm Monta\u017eni otvor promjera 27 mm Duljina izlaza 165 mm Struktura Mikroprekida\u010d Proizvo\u0111a\u010dka boja za B\u00fcrstner &#8211; boja krom","og_url":"https:\/\/www.petroni.hr\/en\/proizvod\/pipa-mjesalica-reich-style-3005-buerstner\/","og_site_name":"Petroni - rent | sale | service | conversions","article_publisher":"https:\/\/www.facebook.com\/Kamperi.Petroni.Sesvete\/?locale=hr_HR","article_modified_time":"2025-06-22T15:13:19+00:00","og_image":[{"width":488,"height":550,"url":"https:\/\/www.petroni.hr\/wp-content\/uploads\/2025\/06\/Pipa-style-3005-2.jpg","type":"image\/jpeg"}],"twitter_card":"summary_large_image","schema":{"@context":"https:\/\/schema.org","@graph":[{"@type":"WebPage","@id":"https:\/\/www.petroni.hr\/en\/proizvod\/pipa-mjesalica-reich-style-3005-buerstner\/","url":"https:\/\/www.petroni.hr\/en\/proizvod\/pipa-mjesalica-reich-style-3005-buerstner\/","name":"Pipa-mje\u0161alica REICH Style 3005 Buerstner | Petroni - rent | sale | service | conversions","isPartOf":{"@id":"https:\/\/www.petroni.hr\/en\/#website"},"primaryImageOfPage":{"@id":"https:\/\/www.petroni.hr\/en\/proizvod\/pipa-mjesalica-reich-style-3005-buerstner\/#primaryimage"},"image":{"@id":"https:\/\/www.petroni.hr\/en\/proizvod\/pipa-mjesalica-reich-style-3005-buerstner\/#primaryimage"},"thumbnailUrl":"https:\/\/www.petroni.hr\/wp-content\/uploads\/2025\/06\/Pipa-style-3005-2.jpg","datePublished":"2025-06-22T15:12:53+00:00","dateModified":"2025-06-22T15:13:19+00:00","breadcrumb":{"@id":"https:\/\/www.petroni.hr\/en\/proizvod\/pipa-mjesalica-reich-style-3005-buerstner\/#breadcrumb"},"inLanguage":"en-US","potentialAction":[{"@type":"ReadAction","target":["https:\/\/www.petroni.hr\/en\/proizvod\/pipa-mjesalica-reich-style-3005-buerstner\/"]}]},{"@type":"ImageObject","inLanguage":"en-US","@id":"https:\/\/www.petroni.hr\/en\/proizvod\/pipa-mjesalica-reich-style-3005-buerstner\/#primaryimage","url":"https:\/\/www.petroni.hr\/wp-content\/uploads\/2025\/06\/Pipa-style-3005-2.jpg","contentUrl":"https:\/\/www.petroni.hr\/wp-content\/uploads\/2025\/06\/Pipa-style-3005-2.jpg","width":488,"height":550},{"@type":"BreadcrumbList","@id":"https:\/\/www.petroni.hr\/en\/proizvod\/pipa-mjesalica-reich-style-3005-buerstner\/#breadcrumb","itemListElement":[{"@type":"ListItem","position":1,"name":"Po\u010detna stranica","item":"https:\/\/www.petroni.hr\/en\/"},{"@type":"ListItem","position":2,"name":"Shop","item":"https:\/\/www.petroni.hr\/en\/shop\/"},{"@type":"ListItem","position":3,"name":"Pipa-mje\u0161alica REICH Style 3005 Buerstner"}]},{"@type":"WebSite","@id":"https:\/\/www.petroni.hr\/en\/#website","url":"https:\/\/www.petroni.hr\/en\/","name":"Petroni.hr","description":"Experience the unprecedented freedom of travel","publisher":{"@id":"https:\/\/www.petroni.hr\/en\/#organization"},"alternateName":"Petroni","potentialAction":[{"@type":"SearchAction","target":{"@type":"EntryPoint","urlTemplate":"https:\/\/www.petroni.hr\/en\/?s={search_term_string}"},"query-input":{"@type":"PropertyValueSpecification","valueRequired":true,"valueName":"search_term_string"}}],"inLanguage":"en-US"},{"@type":"Organization","@id":"https:\/\/www.petroni.hr\/en\/#organization","name":"Petroni d.o.o.","alternateName":"Petroni","url":"https:\/\/www.petroni.hr\/en\/","logo":{"@type":"ImageObject","inLanguage":"en-US","@id":"https:\/\/www.petroni.hr\/en\/#\/schema\/logo\/image\/","url":"https:\/\/www.petroni.hr\/wp-content\/uploads\/2024\/03\/cropped-Group-3.jpg","contentUrl":"https:\/\/www.petroni.hr\/wp-content\/uploads\/2024\/03\/cropped-Group-3.jpg","width":512,"height":512,"caption":"Petroni d.o.o."},"image":{"@id":"https:\/\/www.petroni.hr\/en\/#\/schema\/logo\/image\/"},"sameAs":["https:\/\/www.facebook.com\/Kamperi.Petroni.Sesvete\/?locale=hr_HR"]}]}},"_links":{"self":[{"href":"https:\/\/www.petroni.hr\/en\/wp-json\/wp\/v2\/product\/24357","targetHints":{"allow":["GET"]}}],"collection":[{"href":"https:\/\/www.petroni.hr\/en\/wp-json\/wp\/v2\/product"}],"about":[{"href":"https:\/\/www.petroni.hr\/en\/wp-json\/wp\/v2\/types\/product"}],"replies":[{"embeddable":true,"href":"https:\/\/www.petroni.hr\/en\/wp-json\/wp\/v2\/comments?post=24357"}],"wp:featuredmedia":[{"embeddable":true,"href":"https:\/\/www.petroni.hr\/en\/wp-json\/wp\/v2\/media\/24351"}],"wp:attachment":[{"href":"https:\/\/www.petroni.hr\/en\/wp-json\/wp\/v2\/media?parent=24357"}],"wp:term":[{"taxonomy":"product_brand","embeddable":true,"href":"https:\/\/www.petroni.hr\/en\/wp-json\/wp\/v2\/product_brand?post=24357"},{"taxonomy":"product_cat","embeddable":true,"href":"https:\/\/www.petroni.hr\/en\/wp-json\/wp\/v2\/product_cat?post=24357"},{"taxonomy":"product_tag","embeddable":true,"href":"https:\/\/www.petroni.hr\/en\/wp-json\/wp\/v2\/product_tag?post=24357"}],"curies":[{"name":"wp","href":"https:\/\/api.w.org\/{rel}","templated":true}]}}